{"id":40110,"date":"2025-11-24T08:54:00","date_gmt":"2025-11-24T07:54:00","guid":{"rendered":"https:\/\/kschmied.ch\/?post_type=product&#038;p=40110"},"modified":"2025-11-24T13:20:41","modified_gmt":"2025-11-24T12:20:41","slug":"conteneur-maritime-20-box-doccasion-qualite-2","status":"publish","type":"product","link":"https:\/\/kschmied.ch\/fr\/container\/preisanfrage\/conteneur-maritime-20-box-doccasion-qualite-2\/","title":{"rendered":"Conteneur maritime 20&prime; Box, d&rsquo;occasion, qualit\u00e9-2 (Cargo Worthy \/ WWT)"},"content":{"rendered":"<p><strong>Le conteneur d&rsquo;occasion de 20 pieds de qualit\u00e9 2<\/strong> (ISO DV20) est le choix fonctionnel et \u00e9conomique si vous recherchez un conteneur maritime solide, r\u00e9sistant au vent et \u00e0 l&rsquo;eau, dont l&rsquo;apparence ext\u00e9rieure est secondaire. Tous les conteneurs de qualit\u00e9 2 ont une plaque CSC valide et sont techniquement test\u00e9s.<\/p>\n<h2>Domaines d&rsquo;application<\/h2>\n<ul>\n<li>Entrep\u00f4t de chantier, d\u00e9p\u00f4t d&rsquo;outils et de mat\u00e9riaux<\/li>\n<li>Entrep\u00f4t de pneus ou espace de stockage ext\u00e9rieur \u00e0 l&rsquo;abri des intemp\u00e9ries<\/li>\n<li>Stockage temporaire pour des projets de quelques mois \u00e0 plusieurs ann\u00e9es<br \/>\n<strong>(la dur\u00e9e d&rsquo;utilisation r\u00e9elle d\u00e9pend de l&#8217;emplacement, de l&rsquo;utilisation et de l&rsquo;entretien du conteneur)<\/strong><\/li>\n<li>Une solution \u00e9conomique pour un stockage fonctionnel<\/li>\n<\/ul>\n<hr \/>\n<h2>Qualit\u00e9 2 - Cargo Worthy \/ WWT<\/h2>\n<p><em>Visuellement beaucoup plus usag\u00e9 - techniquement totalement op\u00e9rationnel.<\/em><\/p>\n<ul>\n<li>R\u00e9par\u00e9 pour r\u00e9sister au vent et \u00e0 l&rsquo;eau, portes fonctionnelles, m\u00e9canisme de fermeture test\u00e9<br \/>\n<strong>(en g\u00e9n\u00e9ral, les conteneurs d&rsquo;occasion ne fonctionnent pas aussi facilement que les mod\u00e8les neufs)<\/strong><\/li>\n<li>Traces d&rsquo;utilisation \u00e9videntes : surfaces rouill\u00e9es, rayures, bosses, abrasion de la peinture<\/li>\n<li>Int\u00e9rieur souvent plus sombre et visiblement plus utilis\u00e9<\/li>\n<li>\u00c2ge : g\u00e9n\u00e9ralement entre 10 et 18 ans environ<\/li>\n<li>Plaquette CSC valide : environ 8-12 mois (parfois plus)<\/li>\n<li>Pas d&rsquo;am\u00e9lioration de l&rsquo;apparence - pas de nouvelle peinture, pas de traitement cosm\u00e9tique<\/li>\n<\/ul>\n<hr \/>\n<h2>Remarque sur les conteneurs usag\u00e9s<\/h2>\n<p>Les conteneurs maritimes d&rsquo;occasion pr\u00e9sentent des signes d&rsquo;usure variables en fonction de leur \u00e2ge. \u00c0 la livraison, tous les conteneurs de qualit\u00e9 2 sont r\u00e9sistants au vent et \u00e0 l&rsquo;eau et ont \u00e9t\u00e9 test\u00e9s techniquement. La dur\u00e9e de cet \u00e9tat d\u00e9pend de l&#8217;emplacement, des conditions m\u00e9t\u00e9orologiques et de l&rsquo;utilisation.<\/p>\n<p>La dur\u00e9e d&rsquo;utilisation pratique peut varier de quelques mois \u00e0 plusieurs ann\u00e9es, <strong>en fonction du lieu d&rsquo;installation, de l&rsquo;utilisation et de l&rsquo;entretien \u00e9ventuel du conteneur<\/strong>.<\/p>\n<hr \/>\n<h2>Alternative : qualit\u00e9 1<\/h2>\n<p>Si vous souhaitez une apparence plus soign\u00e9e, nous vous recommandons la <strong><a href=\"https:\/\/kschmied.ch\/fr\/container\/preisanfrage\/20-box-conteneur-maritime-occasion-qualite-1\/\">variante de qualit\u00e9 1<\/a>,<\/strong> voire un <strong>nouveau<\/strong> conteneur maritime.<\/p>\n<hr \/>\n<p>&gt; Nous livrons dans toute la Suisse et, si vous le souhaitez, nous nous chargeons du d\u00e9chargement par grue sur place.<\/p>\n","protected":false},"excerpt":{"rendered":"<p>Standard Box DV20 - 20\u2032 Conteneur maritime (ISO)<\/p>\n<p><span style=\"color: #000000;\"><strong>COULEURS: <\/strong><\/span><br \/>\n<span style=\"color: #000000;\">Selon disponibilit\u00e9<\/span><\/p>\n<p><span style=\"color: #00ff00;\">\u2714<\/span> ISO standardis\u00e9e<br \/>\n<span style=\"color: #00ff00;\">\u2714<\/span> coupe- vent et imperm\u00e9able<br \/>\n<span style=\"color: #00ff00;\">\u2714<\/span> Plaquette CSC valide (environ 8-12 mois)<br \/>\n<span style=\"color: #00ff00;\">\u2714<\/span> <strong>D\u00e9douan\u00e9<\/strong> en Suisse<br \/>\n<span style=\"color: #00ff00;\">\u2714<\/span> Empilable, incl. Poches pour chariots \u00e9l\u00e9vateurs (sur le c\u00f4t\u00e9)<br \/>\n<span style=\"color: #00ff00;\">\u2714<\/span> Parquet<\/p>\n<p><a class=\"btn-back\" href=\"https:\/\/kschmied.ch\/fr\/requete-de-prix\/\">Retour \u00e0 l&rsquo;aper\u00e7u<\/a><\/p>\n<p>&nbsp;<\/p>\n","protected":false},"featured_media":40124,"template":"","meta":{"_acf_changed":false},"product_brand":[],"product_cat":[707,706],"product_tag":[],"class_list":{"0":"post-40110","1":"product","2":"type-product","3":"status-publish","4":"has-post-thumbnail","6":"product_cat-conteneur-de-stockage","7":"product_cat-conteneur-maritime","8":"pa_ausfuehrung-standard-box","9":"pa_aussenmasse-6058-x-2438-x-2591-mm-norme-iso","10":"pa_boden-bois-bambou-plancher-acier-sur-demande","11":"pa_containertyp-conteneur-de-stockage","12":"pa_containertyp-conteneur-maritime","13":"pa_eigengewicht-2000-kg-2400-kg-selon-lannee-de-construction-et-la-serie-de-modeles","14":"pa_groesse-20-pieds-l-6m","15":"pa_haftungsausschluss-sous-reserve-derreurs-et-de-modifications-techniques","16":"pa_innenmasse-5898-x-2350-x-2390-mm-40-mm-selon-lannee-de-construction-et-le-type","17":"pa_option-acheter","18":"pa_tueroeffnung-2340-x-2280-mm-20-mm-selon-lannee-de-construction-et-le-type","19":"pa_volumen-environ-33-m3","20":"pa_zuladung-max-21-t-fr","21":"pa_zustand-doccasion","23":"first","24":"instock","25":"taxable","26":"shipping-taxable","27":"purchasable","28":"product-type-simple"},"acf":[],"yoast_head":"<!-- This site is optimized with the Yoast SEO Premium plugin v27.2 (Yoast SEO v27.2) - https:\/\/yoast.com\/product\/yoast-seo-premium-wordpress\/ -->\n<title>Conteneur maritime 20&#039; Box, d&#039;occasion, qualit\u00e9-2 (Cargo Worthy \/ WWT) - K. Schmied AG \u2013 Conteneurs &amp; Exp\u00e9dition Suisse<\/title>\n<meta name=\"description\" content=\"Acheter un conteneur ISO DV20 d&#039;occasion : r\u00e9sistant au vent &amp; \u00e0 l&#039;eau, d\u00e9part terminal CH (selon disponibilit\u00e9). Livraison dans toute la Suisse, d\u00e9chargement par grue possible - assurez-vous de recevoir une offre !\" \/>\n<meta name=\"robots\" content=\"index, follow, max-snippet:-1, max-image-preview:large, max-video-preview:-1\" \/>\n<link rel=\"canonical\" href=\"https:\/\/kschmied.ch\/fr\/container\/preisanfrage\/conteneur-maritime-20-box-doccasion-qualite-2\/\" \/>\n<meta property=\"og:locale\" content=\"fr_FR\" \/>\n<meta property=\"og:type\" content=\"article\" \/>\n<meta property=\"og:title\" content=\"Conteneur maritime 20&#039; Box, d&#039;occasion, qualit\u00e9-2 (Cargo Worthy \/ WWT)\" \/>\n<meta property=\"og:description\" content=\"Conteneur ISO DV20, r\u00e9sistant au vent &amp; \u00e0 l&#039;eau - livraison CH - d\u00e9chargement par grue possible - demandez une offre maintenant !\" \/>\n<meta property=\"og:url\" content=\"https:\/\/kschmied.ch\/fr\/container\/preisanfrage\/conteneur-maritime-20-box-doccasion-qualite-2\/\" \/>\n<meta property=\"og:site_name\" content=\"K. Schmied AG \u2013 Conteneurs &amp; Exp\u00e9dition Suisse\" \/>\n<meta property=\"article:modified_time\" content=\"2025-11-24T12:20:41+00:00\" \/>\n<meta property=\"og:image\" content=\"https:\/\/kschmied.ch\/wp-content\/uploads\/2025\/11\/20-Seecontainer-gebraucht-Quatiltaet-2.jpg\" \/>\n\t<meta property=\"og:image:width\" content=\"1931\" \/>\n\t<meta property=\"og:image:height\" content=\"1410\" \/>\n\t<meta property=\"og:image:type\" content=\"image\/jpeg\" \/>\n<meta name=\"twitter:card\" content=\"summary_large_image\" \/>\n<meta name=\"twitter:label1\" content=\"Prix\" \/>\n\t<meta name=\"twitter:data1\" content=\"&#067;&#072;&#070;&nbsp;2&#039;200.00 exkl. MwSt., Lieferung und Ablad\" \/>\n\t<meta name=\"twitter:label2\" content=\"Disponibilit\u00e9\" \/>\n\t<meta name=\"twitter:data2\" content=\"En stock\" \/>\n<meta property=\"product:price:amount\" content=\"2200.00\" \/>\n<meta property=\"product:price:currency\" content=\"CHF\" \/>\n<meta property=\"og:availability\" content=\"instock\" \/>\n<meta property=\"product:availability\" content=\"instock\" \/>\n<meta property=\"product:retailer_item_id\" content=\"DV20U-2\" \/>\n<meta property=\"product:condition\" content=\"new\" \/>\n<!-- \/ Yoast SEO Premium plugin. -->","yoast_head_json":{"title":"Conteneur maritime 20' Box, d'occasion, qualit\u00e9-2 (Cargo Worthy \/ WWT) - K. Schmied AG \u2013 Conteneurs &amp; Exp\u00e9dition Suisse","description":"Acheter un conteneur ISO DV20 d'occasion : r\u00e9sistant au vent & \u00e0 l'eau, d\u00e9part terminal CH (selon disponibilit\u00e9). Livraison dans toute la Suisse, d\u00e9chargement par grue possible - assurez-vous de recevoir une offre !","robots":{"index":"index","follow":"follow","max-snippet":"max-snippet:-1","max-image-preview":"max-image-preview:large","max-video-preview":"max-video-preview:-1"},"canonical":"https:\/\/kschmied.ch\/fr\/container\/preisanfrage\/conteneur-maritime-20-box-doccasion-qualite-2\/","og_locale":"fr_FR","og_type":"article","og_title":"Conteneur maritime 20' Box, d'occasion, qualit\u00e9-2 (Cargo Worthy \/ WWT)","og_description":"Conteneur ISO DV20, r\u00e9sistant au vent & \u00e0 l'eau - livraison CH - d\u00e9chargement par grue possible - demandez une offre maintenant !","og_url":"https:\/\/kschmied.ch\/fr\/container\/preisanfrage\/conteneur-maritime-20-box-doccasion-qualite-2\/","og_site_name":"K. Schmied AG \u2013 Conteneurs &amp; Exp\u00e9dition Suisse","article_modified_time":"2025-11-24T12:20:41+00:00","og_image":[{"width":1931,"height":1410,"url":"https:\/\/kschmied.ch\/wp-content\/uploads\/2025\/11\/20-Seecontainer-gebraucht-Quatiltaet-2.jpg","type":"image\/jpeg"}],"twitter_card":"summary_large_image","twitter_misc":{"Prix":"&#67;&#72;&#70;&nbsp;2'200.00 exkl. MwSt., Lieferung und Ablad","Disponibilit\u00e9":"En stock"},"schema":{"@context":"https:\/\/schema.org","@graph":[{"@type":"WebPage","@id":"https:\/\/kschmied.ch\/fr\/container\/preisanfrage\/conteneur-maritime-20-box-doccasion-qualite-2\/","url":"https:\/\/kschmied.ch\/fr\/container\/preisanfrage\/conteneur-maritime-20-box-doccasion-qualite-2\/","name":"Conteneur maritime 20' Box, d'occasion, qualit\u00e9-2 (Cargo Worthy \/ WWT) - K. Schmied AG \u2013 Conteneurs &amp; Exp\u00e9dition Suisse","isPartOf":{"@id":"https:\/\/kschmied.ch\/fr\/#website"},"primaryImageOfPage":{"@id":"https:\/\/kschmied.ch\/fr\/container\/preisanfrage\/conteneur-maritime-20-box-doccasion-qualite-2\/#primaryimage"},"image":{"@id":"https:\/\/kschmied.ch\/fr\/container\/preisanfrage\/conteneur-maritime-20-box-doccasion-qualite-2\/#primaryimage"},"thumbnailUrl":"https:\/\/kschmied.ch\/wp-content\/uploads\/2025\/11\/20-Seecontainer-gebraucht-Quatiltaet-2.jpg","datePublished":"2025-11-24T07:54:00+00:00","dateModified":"2025-11-24T12:20:41+00:00","description":"Acheter un conteneur ISO DV20 d'occasion : r\u00e9sistant au vent & \u00e0 l'eau, d\u00e9part terminal CH (selon disponibilit\u00e9). Livraison dans toute la Suisse, d\u00e9chargement par grue possible - assurez-vous de recevoir une offre !","breadcrumb":{"@id":"https:\/\/kschmied.ch\/fr\/container\/preisanfrage\/conteneur-maritime-20-box-doccasion-qualite-2\/#breadcrumb"},"inLanguage":"fr-FR","potentialAction":[{"@type":"ReadAction","target":["https:\/\/kschmied.ch\/fr\/container\/preisanfrage\/conteneur-maritime-20-box-doccasion-qualite-2\/"]}]},{"@type":"ImageObject","inLanguage":"fr-FR","@id":"https:\/\/kschmied.ch\/fr\/container\/preisanfrage\/conteneur-maritime-20-box-doccasion-qualite-2\/#primaryimage","url":"https:\/\/kschmied.ch\/wp-content\/uploads\/2025\/11\/20-Seecontainer-gebraucht-Quatiltaet-2.jpg","contentUrl":"https:\/\/kschmied.ch\/wp-content\/uploads\/2025\/11\/20-Seecontainer-gebraucht-Quatiltaet-2.jpg","width":1931,"height":1410,"caption":"Conteneur maritime 20' Box, d'occasion, qualit\u00e9-2"},{"@type":"BreadcrumbList","@id":"https:\/\/kschmied.ch\/fr\/container\/preisanfrage\/conteneur-maritime-20-box-doccasion-qualite-2\/#breadcrumb","itemListElement":[{"@type":"ListItem","position":1,"name":"Accueil","item":"https:\/\/kschmied.ch\/fr\/"},{"@type":"ListItem","position":2,"name":"Conteneur maritime 20&#8242; Box, d&#8217;occasion, qualit\u00e9-2 (Cargo Worthy \/ WWT)"}]},{"@type":"WebSite","@id":"https:\/\/kschmied.ch\/fr\/#website","url":"https:\/\/kschmied.ch\/fr\/","name":"K. SCHMIED AG","description":"Commerce suisse de conteneurs &amp; exp\u00e9dition depuis 1979","publisher":{"@id":"https:\/\/kschmied.ch\/fr\/#organization"},"alternateName":"K. SCHMIED AG","potentialAction":[{"@type":"SearchAction","target":{"@type":"EntryPoint","urlTemplate":"https:\/\/kschmied.ch\/fr\/?s={search_term_string}"},"query-input":{"@type":"PropertyValueSpecification","valueRequired":true,"valueName":"search_term_string"}}],"inLanguage":"fr-FR"},{"@type":"Organization","@id":"https:\/\/kschmied.ch\/fr\/#organization","name":"K. SCHMIED AG","alternateName":"K. SCHMIED AG","url":"https:\/\/kschmied.ch\/fr\/","logo":{"@type":"ImageObject","inLanguage":"fr-FR","@id":"https:\/\/kschmied.ch\/fr\/#\/schema\/logo\/image\/","url":"https:\/\/kschmied.ch\/wp-content\/uploads\/2020\/07\/LOGO-gross.jpg","contentUrl":"https:\/\/kschmied.ch\/wp-content\/uploads\/2020\/07\/LOGO-gross.jpg","width":770,"height":240,"caption":"K. SCHMIED AG"},"image":{"@id":"https:\/\/kschmied.ch\/fr\/#\/schema\/logo\/image\/"},"sameAs":["https:\/\/ch.linkedin.com\/company\/k-schmied-ag"],"description":"K. SCHMIED AG ist ein f\u00fchrendes Unternehmen im Bereich Containerverkauf und -vermietung in der Schweiz. Mit langj\u00e4hriger Erfahrung bieten wir unseren Kunden robuste, langlebige Seecontainer, Lagercontainer und Schnellbaucontainer in verschiedenen Gr\u00f6\u00dfen und Ausf\u00fchrungen. Unser Service umfasst auch Transportl\u00f6sungen, ma\u00dfgeschneiderte Containeranforderungen und weltweiten Versand. Qualit\u00e4t, Kundenzufriedenheit und Zuverl\u00e4ssigkeit stehen bei uns an erster Stelle.","email":"info@kschmied.ch","telephone":"041 811 30 03","legalName":"K. SCHMIED internat. Transporte & Handels AG","foundingDate":"1979-01-01","vatID":"CHE-107.962.018 MWST","taxID":"CHE-107.962.018 MWST","numberOfEmployees":{"@type":"QuantitativeValue","minValue":"1","maxValue":"10"}}]},"product_price_amount":"2200.00","product_price_currency":"CHF","og_availability":"instock","product_availability":"instock","product_retailer_item_id":"DV20U-2","product_condition":"new"},"_links":{"self":[{"href":"https:\/\/kschmied.ch\/fr\/wp-json\/wp\/v2\/product\/40110","targetHints":{"allow":["GET"]}}],"collection":[{"href":"https:\/\/kschmied.ch\/fr\/wp-json\/wp\/v2\/product"}],"about":[{"href":"https:\/\/kschmied.ch\/fr\/wp-json\/wp\/v2\/types\/product"}],"wp:featuredmedia":[{"embeddable":true,"href":"https:\/\/kschmied.ch\/fr\/wp-json\/wp\/v2\/media\/40124"}],"wp:attachment":[{"href":"https:\/\/kschmied.ch\/fr\/wp-json\/wp\/v2\/media?parent=40110"}],"wp:term":[{"taxonomy":"product_brand","embeddable":true,"href":"https:\/\/kschmied.ch\/fr\/wp-json\/wp\/v2\/product_brand?post=40110"},{"taxonomy":"product_cat","embeddable":true,"href":"https:\/\/kschmied.ch\/fr\/wp-json\/wp\/v2\/product_cat?post=40110"},{"taxonomy":"product_tag","embeddable":true,"href":"https:\/\/kschmied.ch\/fr\/wp-json\/wp\/v2\/product_tag?post=40110"}],"curies":[{"name":"wp","href":"https:\/\/api.w.org\/{rel}","templated":true}]}}