{"id":33873,"date":"2024-04-26T10:50:01","date_gmt":"2024-04-26T08:50:01","guid":{"rendered":"https:\/\/www.kschmied.ch\/?post_type=product&#038;p=33873"},"modified":"2025-11-02T12:26:18","modified_gmt":"2025-11-02T11:26:18","slug":"conteneur-10-double-porte-plancher-en-acier-neuf-comme-neuf-qualite-conteneur-maritime","status":"publish","type":"product","link":"https:\/\/kschmied.ch\/fr\/container\/preisanfrage\/conteneur-10-double-porte-plancher-en-acier-neuf-comme-neuf-qualite-conteneur-maritime\/","title":{"rendered":"Conteneur 10&prime; Double Door, PIED ACIER, NEUF\/nouveau, qualit\u00e9 conteneur maritime"},"content":{"rendered":"<p>Les <strong>conteneurs DOUBLE DOOR de 10 pieds de qualit\u00e9 conteneur maritime<\/strong> sont utilis\u00e9s pour le stockage d&rsquo;une grande vari\u00e9t\u00e9 de marchandises. Ce mod\u00e8le dispose de <strong>deux portes \u00e0 double battant<\/strong>, d&rsquo;<strong>un plancher en acier <\/strong>et de lock-boxes correspondants (sans serrure &gt; \u00e9galement disponible chez nous sur demande) pour une s\u00e9curit\u00e9 accrue. Bien que cette version soit \u00e9quip\u00e9e d&rsquo;un badge CSC, un tel conteneur de 10&prime; doit g\u00e9n\u00e9ralement \u00eatre connect\u00e9 \u00e0 un autre conteneur de 10 pieds afin de pouvoir \u00eatre exp\u00e9di\u00e9. Cela se produit g\u00e9n\u00e9ralement lors du transport de conteneurs vides apr\u00e8s la production en Asie lors de l&rsquo;exp\u00e9dition vers l&rsquo;Europe. La plus petite taille dans le domaine de l&rsquo;outre-mer est un conteneur de 20&prime; et c&rsquo;est pourquoi le conteneur de 10&prime; est principalement destin\u00e9\/adapt\u00e9 \u00e0 des fins de stockage et <strong>NON<\/strong> au transport vers l&rsquo;outre-mer. \u00a0<strong>DOMAINES D&rsquo;APPLICATION :<\/strong><\/p>\n<ul>\n<li>Transportbeh\u00e4lter (<strong>nicht<\/strong> jedoch f\u00fcr \u00dcbersee da kleinste Containergr\u00f6sse im \u00dcberseebereich 20&prime; Container sind)<\/li>\n<li>Entrep\u00f4t de mat\u00e9riaux, magazine sur les chantiers<\/li>\n<li>Ateliers mobiles<\/li>\n<\/ul>\n<p>&nbsp;<\/p>\n<p><strong>MODIFICATIONS :<\/strong> En fonction des exigences et du domaine d&rsquo;application, nous proposons \u00e9galement diverses options pour ce conteneur maritime. Modifications et transformations.<\/p>\n","protected":false},"excerpt":{"rendered":"<p>Conteneur de stockage - SQ10DDSF<\/p>\n<p><span style=\"color: #000000;\"><strong>COULEURS : <\/strong><\/span><br \/>\n<span style=\"color: #000000;\">RAL 5013 (bleu cobalt)<\/span><br \/>\n(autres couleurs sur demande) <\/p>\n<p><span style=\"color: #00ff00;\">\u2714<\/span> Structure de cadre normalis\u00e9e ISO<br \/>\n<span style=\"color: #00ff00;\">\u2714<\/span> Capot de protection\/Lock Box<br \/>\n<span style=\"color: #00ff00;\">\u2714<\/span> Poches pour chariot \u00e9l\u00e9vateur (sur le c\u00f4t\u00e9)<br \/>\n<span style=\"color: #00ff00;\">\u2714<\/span> <strong>Fond en acier<\/strong><\/p>\n[maxbutton id=\"12\"]\n<p>&nbsp;<\/p>\n","protected":false},"featured_media":33876,"template":"","meta":{"_acf_changed":false},"product_brand":[],"product_cat":[707,706],"product_tag":[],"class_list":{"0":"post-33873","1":"product","2":"type-product","3":"status-publish","4":"has-post-thumbnail","6":"product_cat-conteneur-de-stockage","7":"product_cat-conteneur-maritime","8":"pa_ausfuehrung-double-porte","9":"pa_ausfuehrung-multi-door","10":"pa_aussenmasse-2991-x-2438-x-2591-mm","11":"pa_boden-plancher-en-acier","12":"pa_containertyp-conteneur-de-stockage","13":"pa_containertyp-conteneur-maritime","14":"pa_eigengewicht-1400-kg-1600-kg-selon-lannee-de-construction-et-la-serie-de-modeles","15":"pa_groesse-10-pieds-l-3m","16":"pa_haftungsausschluss-sous-reserve-derreurs-et-de-modifications-techniques","17":"pa_innenmasse-2777-x-2350-x-2393-mm-20-mm-selon-lannee-de-construction-et-le-type","18":"pa_option-acheter","19":"pa_tueroeffnung-2340-x-2280-mm-20-mm-selon-lannee-de-construction-et-le-type","20":"pa_volumen-environ-15-m3","21":"pa_zuladung-max-8-t","22":"pa_zustand-nouveau","24":"first","25":"onbackorder","26":"taxable","27":"shipping-taxable","28":"product-type-simple"},"acf":[],"yoast_head":"<!-- This site is optimized with the Yoast SEO Premium plugin v27.4 (Yoast SEO v27.4) - https:\/\/yoast.com\/product\/yoast-seo-premium-wordpress\/ -->\n<title>Conteneur 10&#039; Double Door, PIED ACIER, NEUF\/nouveau, qualit\u00e9 conteneur maritime - K. Schmied AG \u2013 Conteneurs &amp; Exp\u00e9dition Suisse<\/title>\n<meta name=\"robots\" content=\"index, follow, max-snippet:-1, max-image-preview:large, max-video-preview:-1\" \/>\n<link rel=\"canonical\" href=\"https:\/\/kschmied.ch\/fr\/container\/preisanfrage\/conteneur-10-double-porte-plancher-en-acier-neuf-comme-neuf-qualite-conteneur-maritime\/\" \/>\n<meta property=\"og:locale\" content=\"fr_FR\" \/>\n<meta property=\"og:type\" content=\"article\" \/>\n<meta property=\"og:title\" content=\"Conteneur 10&#039; Double Door, PIED ACIER, NEUF\/nouveau, qualit\u00e9 conteneur maritime\" \/>\n<meta property=\"og:description\" content=\"Conteneur de stockage - SQ10DDSF  COULEURS :  RAL 5013 (bleu cobalt)  (autres couleurs sur demande)   \u2714 Structure de cadre normalis\u00e9e ISO  \u2714 Capot de protection\/Lock Box  \u2714 Poches pour chariot \u00e9l\u00e9vateur (sur le c\u00f4t\u00e9)  \u2714 Fond en acier    &nbsp;\" \/>\n<meta property=\"og:url\" content=\"https:\/\/kschmied.ch\/fr\/container\/preisanfrage\/conteneur-10-double-porte-plancher-en-acier-neuf-comme-neuf-qualite-conteneur-maritime\/\" \/>\n<meta property=\"og:site_name\" content=\"K. Schmied AG \u2013 Conteneurs &amp; Exp\u00e9dition Suisse\" \/>\n<meta property=\"article:modified_time\" content=\"2025-11-02T11:26:18+00:00\" \/>\n<meta property=\"og:image\" content=\"https:\/\/kschmied.ch\/wp-content\/uploads\/2024\/04\/10Fuss_DoubleDoor_Container_offen.webp\" \/>\n\t<meta property=\"og:image:width\" content=\"1535\" \/>\n\t<meta property=\"og:image:height\" content=\"1122\" \/>\n\t<meta property=\"og:image:type\" content=\"image\/webp\" \/>\n<meta name=\"twitter:card\" content=\"summary_large_image\" \/>\n<meta name=\"twitter:label1\" content=\"Prix\" \/>\n\t<meta name=\"twitter:data1\" content=\"\" \/>\n\t<meta name=\"twitter:label2\" content=\"Disponibilit\u00e9\" \/>\n\t<meta name=\"twitter:data2\" content=\"En r\u00e9assort\" \/>\n<meta property=\"product:price:currency\" content=\"CHF\" \/>\n<meta property=\"og:availability\" content=\"backorder\" \/>\n<meta property=\"product:availability\" content=\"available for order\" \/>\n<meta property=\"product:retailer_item_id\" content=\"SQ10DDSF\" \/>\n<meta property=\"product:condition\" content=\"new\" \/>\n<!-- \/ Yoast SEO Premium plugin. -->","yoast_head_json":{"title":"Conteneur 10' Double Door, PIED ACIER, NEUF\/nouveau, qualit\u00e9 conteneur maritime - K. Schmied AG \u2013 Conteneurs &amp; Exp\u00e9dition Suisse","robots":{"index":"index","follow":"follow","max-snippet":"max-snippet:-1","max-image-preview":"max-image-preview:large","max-video-preview":"max-video-preview:-1"},"canonical":"https:\/\/kschmied.ch\/fr\/container\/preisanfrage\/conteneur-10-double-porte-plancher-en-acier-neuf-comme-neuf-qualite-conteneur-maritime\/","og_locale":"fr_FR","og_type":"article","og_title":"Conteneur 10' Double Door, PIED ACIER, NEUF\/nouveau, qualit\u00e9 conteneur maritime","og_description":"Conteneur de stockage - SQ10DDSF  COULEURS :  RAL 5013 (bleu cobalt)  (autres couleurs sur demande)   \u2714 Structure de cadre normalis\u00e9e ISO  \u2714 Capot de protection\/Lock Box  \u2714 Poches pour chariot \u00e9l\u00e9vateur (sur le c\u00f4t\u00e9)  \u2714 Fond en acier    &nbsp;","og_url":"https:\/\/kschmied.ch\/fr\/container\/preisanfrage\/conteneur-10-double-porte-plancher-en-acier-neuf-comme-neuf-qualite-conteneur-maritime\/","og_site_name":"K. Schmied AG \u2013 Conteneurs &amp; Exp\u00e9dition Suisse","article_modified_time":"2025-11-02T11:26:18+00:00","og_image":[{"width":1535,"height":1122,"url":"https:\/\/kschmied.ch\/wp-content\/uploads\/2024\/04\/10Fuss_DoubleDoor_Container_offen.webp","type":"image\/webp"}],"twitter_card":"summary_large_image","twitter_misc":{"Prix":"","Disponibilit\u00e9":"En r\u00e9assort"},"schema":{"@context":"https:\/\/schema.org","@graph":[{"@type":"WebPage","@id":"https:\/\/kschmied.ch\/fr\/container\/preisanfrage\/conteneur-10-double-porte-plancher-en-acier-neuf-comme-neuf-qualite-conteneur-maritime\/","url":"https:\/\/kschmied.ch\/fr\/container\/preisanfrage\/conteneur-10-double-porte-plancher-en-acier-neuf-comme-neuf-qualite-conteneur-maritime\/","name":"Conteneur 10' Double Door, PIED ACIER, NEUF\/nouveau, qualit\u00e9 conteneur maritime - K. Schmied AG \u2013 Conteneurs &amp; Exp\u00e9dition Suisse","isPartOf":{"@id":"https:\/\/kschmied.ch\/fr\/#website"},"primaryImageOfPage":{"@id":"https:\/\/kschmied.ch\/fr\/container\/preisanfrage\/conteneur-10-double-porte-plancher-en-acier-neuf-comme-neuf-qualite-conteneur-maritime\/#primaryimage"},"image":{"@id":"https:\/\/kschmied.ch\/fr\/container\/preisanfrage\/conteneur-10-double-porte-plancher-en-acier-neuf-comme-neuf-qualite-conteneur-maritime\/#primaryimage"},"thumbnailUrl":"https:\/\/kschmied.ch\/wp-content\/uploads\/2024\/04\/10Fuss_DoubleDoor_Container_offen.webp","datePublished":"2024-04-26T08:50:01+00:00","dateModified":"2025-11-02T11:26:18+00:00","breadcrumb":{"@id":"https:\/\/kschmied.ch\/fr\/container\/preisanfrage\/conteneur-10-double-porte-plancher-en-acier-neuf-comme-neuf-qualite-conteneur-maritime\/#breadcrumb"},"inLanguage":"fr-FR","potentialAction":[{"@type":"ReadAction","target":["https:\/\/kschmied.ch\/fr\/container\/preisanfrage\/conteneur-10-double-porte-plancher-en-acier-neuf-comme-neuf-qualite-conteneur-maritime\/"]}]},{"@type":"ImageObject","inLanguage":"fr-FR","@id":"https:\/\/kschmied.ch\/fr\/container\/preisanfrage\/conteneur-10-double-porte-plancher-en-acier-neuf-comme-neuf-qualite-conteneur-maritime\/#primaryimage","url":"https:\/\/kschmied.ch\/wp-content\/uploads\/2024\/04\/10Fuss_DoubleDoor_Container_offen.webp","contentUrl":"https:\/\/kschmied.ch\/wp-content\/uploads\/2024\/04\/10Fuss_DoubleDoor_Container_offen.webp","width":1535,"height":1122,"caption":"10 pieds Double Door Container, plancher en acier"},{"@type":"BreadcrumbList","@id":"https:\/\/kschmied.ch\/fr\/container\/preisanfrage\/conteneur-10-double-porte-plancher-en-acier-neuf-comme-neuf-qualite-conteneur-maritime\/#breadcrumb","itemListElement":[{"@type":"ListItem","position":1,"name":"Accueil","item":"https:\/\/kschmied.ch\/fr\/"},{"@type":"ListItem","position":2,"name":"Conteneur 10&#8242; Double Door, PIED ACIER, NEUF\/nouveau, qualit\u00e9 conteneur maritime"}]},{"@type":"WebSite","@id":"https:\/\/kschmied.ch\/fr\/#website","url":"https:\/\/kschmied.ch\/fr\/","name":"K. SCHMIED AG","description":"Commerce suisse de conteneurs &amp; exp\u00e9dition depuis 1979","publisher":{"@id":"https:\/\/kschmied.ch\/fr\/#organization"},"alternateName":"K. SCHMIED AG","potentialAction":[{"@type":"SearchAction","target":{"@type":"EntryPoint","urlTemplate":"https:\/\/kschmied.ch\/fr\/?s={search_term_string}"},"query-input":{"@type":"PropertyValueSpecification","valueRequired":true,"valueName":"search_term_string"}}],"inLanguage":"fr-FR"},{"@type":"Organization","@id":"https:\/\/kschmied.ch\/fr\/#organization","name":"K. SCHMIED AG","alternateName":"K. SCHMIED AG","url":"https:\/\/kschmied.ch\/fr\/","logo":{"@type":"ImageObject","inLanguage":"fr-FR","@id":"https:\/\/kschmied.ch\/fr\/#\/schema\/logo\/image\/","url":"https:\/\/kschmied.ch\/wp-content\/uploads\/2020\/07\/LOGO-gross.jpg","contentUrl":"https:\/\/kschmied.ch\/wp-content\/uploads\/2020\/07\/LOGO-gross.jpg","width":770,"height":240,"caption":"K. SCHMIED AG"},"image":{"@id":"https:\/\/kschmied.ch\/fr\/#\/schema\/logo\/image\/"},"sameAs":["https:\/\/ch.linkedin.com\/company\/k-schmied-ag"],"description":"K. SCHMIED AG ist ein f\u00fchrendes Unternehmen im Bereich Containerverkauf und -vermietung in der Schweiz. Mit langj\u00e4hriger Erfahrung bieten wir unseren Kunden robuste, langlebige Seecontainer, Lagercontainer und Schnellbaucontainer in verschiedenen Gr\u00f6\u00dfen und Ausf\u00fchrungen. Unser Service umfasst auch Transportl\u00f6sungen, ma\u00dfgeschneiderte Containeranforderungen und weltweiten Versand. Qualit\u00e4t, Kundenzufriedenheit und Zuverl\u00e4ssigkeit stehen bei uns an erster Stelle.","email":"info@kschmied.ch","telephone":"041 811 30 03","legalName":"K. SCHMIED internat. Transporte & Handels AG","foundingDate":"1979-01-01","vatID":"CHE-107.962.018 MWST","taxID":"CHE-107.962.018 MWST","numberOfEmployees":{"@type":"QuantitativeValue","minValue":"1","maxValue":"10"}}]},"product_price_currency":"CHF","og_availability":"backorder","product_availability":"available for order","product_retailer_item_id":"SQ10DDSF","product_condition":"new"},"_links":{"self":[{"href":"https:\/\/kschmied.ch\/fr\/wp-json\/wp\/v2\/product\/33873","targetHints":{"allow":["GET"]}}],"collection":[{"href":"https:\/\/kschmied.ch\/fr\/wp-json\/wp\/v2\/product"}],"about":[{"href":"https:\/\/kschmied.ch\/fr\/wp-json\/wp\/v2\/types\/product"}],"wp:featuredmedia":[{"embeddable":true,"href":"https:\/\/kschmied.ch\/fr\/wp-json\/wp\/v2\/media\/33876"}],"wp:attachment":[{"href":"https:\/\/kschmied.ch\/fr\/wp-json\/wp\/v2\/media?parent=33873"}],"wp:term":[{"taxonomy":"product_brand","embeddable":true,"href":"https:\/\/kschmied.ch\/fr\/wp-json\/wp\/v2\/product_brand?post=33873"},{"taxonomy":"product_cat","embeddable":true,"href":"https:\/\/kschmied.ch\/fr\/wp-json\/wp\/v2\/product_cat?post=33873"},{"taxonomy":"product_tag","embeddable":true,"href":"https:\/\/kschmied.ch\/fr\/wp-json\/wp\/v2\/product_tag?post=33873"}],"curies":[{"name":"wp","href":"https:\/\/api.w.org\/{rel}","templated":true}]}}