{"id":33039,"date":"2023-11-27T11:29:23","date_gmt":"2023-11-27T10:29:23","guid":{"rendered":"https:\/\/www.kschmied.ch\/?post_type=product&#038;p=33039"},"modified":"2025-11-19T11:33:22","modified_gmt":"2025-11-19T10:33:22","slug":"conteneur-maritime-40-high-cube-neuf-conteneurs-de-location","status":"publish","type":"product","link":"https:\/\/kschmied.ch\/fr\/container\/preisanfrage\/conteneur-maritime-40-high-cube-neuf-conteneurs-de-location\/","title":{"rendered":"40&prime; HIGH CUBE Box Conteneur maritime, NEUVE\/nouvelle - CONTENEURS DE LOCATION"},"content":{"rendered":"<p><strong>40&prime; HIGH CUBE - conteneurs maritimes<\/strong> sont 30 cm plus hauts que les conteneurs maritimes standards de 40&prime; box. Il a une porte battante \u00e0 l&rsquo;arri\u00e8re qui peut \u00eatre ferm\u00e9e \u00e0 l&rsquo;aide de barres de verrouillage.<\/p>\n<p>Gr\u00e2ce aux propri\u00e9t\u00e9s robustes, durables et empilables des conteneurs maritimes, ces conteneurs populaires peuvent \u00eatre utilis\u00e9s de diff\u00e9rentes mani\u00e8res.<\/p>\n<p>&nbsp;<\/p>\n<p><strong>ZONE D&rsquo;APPLICATION:<\/strong><\/p>\n<ul>\n<li>Conteneur de transport<\/li>\n<li>Entrep\u00f4t de mat\u00e9riaux, entrep\u00f4t de pneus, magazine sur les chantiers de construction<\/li>\n<li>Ateliers mobiles<\/li>\n<li>Projets de construction<\/li>\n<li>Objets d&rsquo;art<\/li>\n<\/ul>\n<p>&nbsp;<\/p>\n<p><strong>NOUVEAUX\/nouvelles - CONTENEURS DE LOCATION :<\/strong><\/p>\n<p>Ces conteneurs de location ont g\u00e9n\u00e9ralement entre 1 et 3 ans et n&rsquo;ont pas encore \u00e9t\u00e9 lou\u00e9s ou n&rsquo;ont \u00e9t\u00e9 utilis\u00e9s que rarement. Cela signifie qu&rsquo;ils ont l&rsquo;air plus r\u00e9cents\/neufs en cons\u00e9quence.<\/p>\n<p>&nbsp;<\/p>\n<p><strong>PHOTOS :<\/strong><\/p>\n<p>Les images montrent des exemples de photos de nouveaux conteneurs. Veuillez noter que l&rsquo;\u00e9tat et la couleur des conteneurs de location peuvent varier.<\/p>\n","protected":false},"excerpt":{"rendered":"<div>HAUT CUBE Box\/HC - conteneur maritime<\/div>\n<p><span style=\"color: #000000;\"><strong>COULEURS: <\/strong><\/span><br \/>\n<span style=\"color: #000000;\">selon disponibilit\u00e9<\/span><\/p>\n<p><span style=\"color: #00ff00;\">\u2714<\/span> ISO standardis\u00e9e<br \/>\n<span style=\"color: #00ff00;\">\u2714<\/span> coupe- vent et imperm\u00e9able<br \/>\n<span style=\"color: #00ff00;\">\u2714<\/span> Acier Corten (acier tremp\u00e9 et r\u00e9sistant aux intemp\u00e9ries)<br \/>\n<span style=\"color: #00ff00;\">\u2714<\/span> Parquet<\/p>\n<p><a href=\"https:\/\/kschmied.ch\/fr\/requete-de-prix\/\" class=\"btn-back\">Retour \u00e0 l&rsquo;aper\u00e7u<\/a><\/p>\n<p>&nbsp;<\/p>\n","protected":false},"featured_media":27950,"template":"","meta":{"_acf_changed":false},"product_brand":[],"product_cat":[707,706],"product_tag":[],"class_list":{"0":"post-33039","1":"product","2":"type-product","3":"status-publish","4":"has-post-thumbnail","6":"product_cat-conteneur-de-stockage","7":"product_cat-conteneur-maritime","8":"pa_ausfuehrung-high-cube-fr","9":"pa_aussenmasse-12192-x-2438-x-2896-mm-norme-iso","10":"pa_boden-bois-bambou-plancher-acier-sur-demande","11":"pa_containertyp-conteneur-de-stockage","12":"pa_containertyp-conteneur-maritime","13":"pa_eigengewicht-3600-kg-4200-kg-selon-lannee-de-construction-et-la-serie-de-modeles","14":"pa_groesse-40-pieds-l-12m","15":"pa_haftungsausschluss-sous-reserve-derreurs-et-de-modifications-techniques","16":"pa_innenmasse-12032-x-2350-x-2690-mm-40-mm-selon-lannee-de-construction-et-le-type","17":"pa_option-louer","18":"pa_tueroeffnung-2340-x-2580-mm-20-mm-selon-lannee-de-construction-et-le-type","19":"pa_volumen-conteneur-maritime-40-high-cube","20":"pa_zuladung-max-24-t-fr","21":"pa_zustand-nouveau","23":"first","24":"instock","25":"taxable","26":"shipping-taxable","27":"product-type-simple"},"acf":[],"yoast_head":"<!-- This site is optimized with the Yoast SEO Premium plugin v27.4 (Yoast SEO v27.4) - https:\/\/yoast.com\/product\/yoast-seo-premium-wordpress\/ -->\n<title>40&#039; HIGH CUBE Box Conteneur maritime, NEUVE\/nouvelle - CONTENEURS DE LOCATION - K. Schmied AG \u2013 Conteneurs &amp; Exp\u00e9dition Suisse<\/title>\n<meta name=\"robots\" content=\"index, follow, max-snippet:-1, max-image-preview:large, max-video-preview:-1\" \/>\n<link rel=\"canonical\" href=\"https:\/\/kschmied.ch\/fr\/container\/preisanfrage\/conteneur-maritime-40-high-cube-neuf-conteneurs-de-location\/\" \/>\n<meta property=\"og:locale\" content=\"fr_FR\" \/>\n<meta property=\"og:type\" content=\"article\" \/>\n<meta property=\"og:title\" content=\"40&#039; HIGH CUBE Box Conteneur maritime, NEUVE\/nouvelle - CONTENEURS DE LOCATION\" \/>\n<meta property=\"og:description\" content=\"HAUT CUBE Box\/HC - conteneur maritime COULEURS: selon disponibilit\u00e9 \u2714 ISO standardis\u00e9e \u2714 coupe- vent et imperm\u00e9able \u2714 Acier Corten (acier tremp\u00e9 et r\u00e9sistant aux intemp\u00e9ries) \u2714 Parquet Retour \u00e0 l&#039;aper\u00e7u &nbsp;\" \/>\n<meta property=\"og:url\" content=\"https:\/\/kschmied.ch\/fr\/container\/preisanfrage\/conteneur-maritime-40-high-cube-neuf-conteneurs-de-location\/\" \/>\n<meta property=\"og:site_name\" content=\"K. Schmied AG \u2013 Conteneurs &amp; Exp\u00e9dition Suisse\" \/>\n<meta property=\"article:modified_time\" content=\"2025-11-19T10:33:22+00:00\" \/>\n<meta property=\"og:image\" content=\"https:\/\/kschmied.ch\/wp-content\/uploads\/2019\/07\/20HighCube_Seecontainer.jpg\" \/>\n\t<meta property=\"og:image:width\" content=\"740\" \/>\n\t<meta property=\"og:image:height\" content=\"540\" \/>\n\t<meta property=\"og:image:type\" content=\"image\/jpeg\" \/>\n<meta name=\"twitter:card\" content=\"summary_large_image\" \/>\n<meta name=\"twitter:label1\" content=\"Prix\" \/>\n\t<meta name=\"twitter:data1\" content=\"\" \/>\n\t<meta name=\"twitter:label2\" content=\"Disponibilit\u00e9\" \/>\n\t<meta name=\"twitter:data2\" content=\"En stock\" \/>\n<meta property=\"product:price:currency\" content=\"CHF\" \/>\n<meta property=\"og:availability\" content=\"instock\" \/>\n<meta property=\"product:availability\" content=\"instock\" \/>\n<meta property=\"product:retailer_item_id\" content=\"HCDV40N-M\" \/>\n<meta property=\"product:condition\" content=\"new\" \/>\n<!-- \/ Yoast SEO Premium plugin. -->","yoast_head_json":{"title":"40' HIGH CUBE Box Conteneur maritime, NEUVE\/nouvelle - CONTENEURS DE LOCATION - K. Schmied AG \u2013 Conteneurs &amp; Exp\u00e9dition Suisse","robots":{"index":"index","follow":"follow","max-snippet":"max-snippet:-1","max-image-preview":"max-image-preview:large","max-video-preview":"max-video-preview:-1"},"canonical":"https:\/\/kschmied.ch\/fr\/container\/preisanfrage\/conteneur-maritime-40-high-cube-neuf-conteneurs-de-location\/","og_locale":"fr_FR","og_type":"article","og_title":"40' HIGH CUBE Box Conteneur maritime, NEUVE\/nouvelle - CONTENEURS DE LOCATION","og_description":"HAUT CUBE Box\/HC - conteneur maritime COULEURS: selon disponibilit\u00e9 \u2714 ISO standardis\u00e9e \u2714 coupe- vent et imperm\u00e9able \u2714 Acier Corten (acier tremp\u00e9 et r\u00e9sistant aux intemp\u00e9ries) \u2714 Parquet Retour \u00e0 l'aper\u00e7u &nbsp;","og_url":"https:\/\/kschmied.ch\/fr\/container\/preisanfrage\/conteneur-maritime-40-high-cube-neuf-conteneurs-de-location\/","og_site_name":"K. Schmied AG \u2013 Conteneurs &amp; Exp\u00e9dition Suisse","article_modified_time":"2025-11-19T10:33:22+00:00","og_image":[{"width":740,"height":540,"url":"https:\/\/kschmied.ch\/wp-content\/uploads\/2019\/07\/20HighCube_Seecontainer.jpg","type":"image\/jpeg"}],"twitter_card":"summary_large_image","twitter_misc":{"Prix":"","Disponibilit\u00e9":"En stock"},"schema":{"@context":"https:\/\/schema.org","@graph":[{"@type":"WebPage","@id":"https:\/\/kschmied.ch\/fr\/container\/preisanfrage\/conteneur-maritime-40-high-cube-neuf-conteneurs-de-location\/","url":"https:\/\/kschmied.ch\/fr\/container\/preisanfrage\/conteneur-maritime-40-high-cube-neuf-conteneurs-de-location\/","name":"40' HIGH CUBE Box Conteneur maritime, NEUVE\/nouvelle - CONTENEURS DE LOCATION - K. Schmied AG \u2013 Conteneurs &amp; Exp\u00e9dition Suisse","isPartOf":{"@id":"https:\/\/kschmied.ch\/fr\/#website"},"primaryImageOfPage":{"@id":"https:\/\/kschmied.ch\/fr\/container\/preisanfrage\/conteneur-maritime-40-high-cube-neuf-conteneurs-de-location\/#primaryimage"},"image":{"@id":"https:\/\/kschmied.ch\/fr\/container\/preisanfrage\/conteneur-maritime-40-high-cube-neuf-conteneurs-de-location\/#primaryimage"},"thumbnailUrl":"https:\/\/kschmied.ch\/wp-content\/uploads\/2019\/07\/20HighCube_Seecontainer.jpg","datePublished":"2023-11-27T10:29:23+00:00","dateModified":"2025-11-19T10:33:22+00:00","breadcrumb":{"@id":"https:\/\/kschmied.ch\/fr\/container\/preisanfrage\/conteneur-maritime-40-high-cube-neuf-conteneurs-de-location\/#breadcrumb"},"inLanguage":"fr-FR","potentialAction":[{"@type":"ReadAction","target":["https:\/\/kschmied.ch\/fr\/container\/preisanfrage\/conteneur-maritime-40-high-cube-neuf-conteneurs-de-location\/"]}]},{"@type":"ImageObject","inLanguage":"fr-FR","@id":"https:\/\/kschmied.ch\/fr\/container\/preisanfrage\/conteneur-maritime-40-high-cube-neuf-conteneurs-de-location\/#primaryimage","url":"https:\/\/kschmied.ch\/wp-content\/uploads\/2019\/07\/20HighCube_Seecontainer.jpg","contentUrl":"https:\/\/kschmied.ch\/wp-content\/uploads\/2019\/07\/20HighCube_Seecontainer.jpg","width":740,"height":540,"caption":"40' High Cube Box conteneur maritime"},{"@type":"BreadcrumbList","@id":"https:\/\/kschmied.ch\/fr\/container\/preisanfrage\/conteneur-maritime-40-high-cube-neuf-conteneurs-de-location\/#breadcrumb","itemListElement":[{"@type":"ListItem","position":1,"name":"Accueil","item":"https:\/\/kschmied.ch\/fr\/"},{"@type":"ListItem","position":2,"name":"40&#8242; HIGH CUBE Box Conteneur maritime, NEUVE\/nouvelle - CONTENEURS DE LOCATION"}]},{"@type":"WebSite","@id":"https:\/\/kschmied.ch\/fr\/#website","url":"https:\/\/kschmied.ch\/fr\/","name":"K. SCHMIED AG","description":"Commerce suisse de conteneurs &amp; exp\u00e9dition depuis 1979","publisher":{"@id":"https:\/\/kschmied.ch\/fr\/#organization"},"alternateName":"K. SCHMIED AG","potentialAction":[{"@type":"SearchAction","target":{"@type":"EntryPoint","urlTemplate":"https:\/\/kschmied.ch\/fr\/?s={search_term_string}"},"query-input":{"@type":"PropertyValueSpecification","valueRequired":true,"valueName":"search_term_string"}}],"inLanguage":"fr-FR"},{"@type":"Organization","@id":"https:\/\/kschmied.ch\/fr\/#organization","name":"K. SCHMIED AG","alternateName":"K. SCHMIED AG","url":"https:\/\/kschmied.ch\/fr\/","logo":{"@type":"ImageObject","inLanguage":"fr-FR","@id":"https:\/\/kschmied.ch\/fr\/#\/schema\/logo\/image\/","url":"https:\/\/kschmied.ch\/wp-content\/uploads\/2020\/07\/LOGO-gross.jpg","contentUrl":"https:\/\/kschmied.ch\/wp-content\/uploads\/2020\/07\/LOGO-gross.jpg","width":770,"height":240,"caption":"K. SCHMIED AG"},"image":{"@id":"https:\/\/kschmied.ch\/fr\/#\/schema\/logo\/image\/"},"sameAs":["https:\/\/ch.linkedin.com\/company\/k-schmied-ag"],"description":"K. SCHMIED AG ist ein f\u00fchrendes Unternehmen im Bereich Containerverkauf und -vermietung in der Schweiz. Mit langj\u00e4hriger Erfahrung bieten wir unseren Kunden robuste, langlebige Seecontainer, Lagercontainer und Schnellbaucontainer in verschiedenen Gr\u00f6\u00dfen und Ausf\u00fchrungen. Unser Service umfasst auch Transportl\u00f6sungen, ma\u00dfgeschneiderte Containeranforderungen und weltweiten Versand. Qualit\u00e4t, Kundenzufriedenheit und Zuverl\u00e4ssigkeit stehen bei uns an erster Stelle.","email":"info@kschmied.ch","telephone":"041 811 30 03","legalName":"K. SCHMIED internat. Transporte & Handels AG","foundingDate":"1979-01-01","vatID":"CHE-107.962.018 MWST","taxID":"CHE-107.962.018 MWST","numberOfEmployees":{"@type":"QuantitativeValue","minValue":"1","maxValue":"10"}}]},"product_price_currency":"CHF","og_availability":"instock","product_availability":"instock","product_retailer_item_id":"HCDV40N-M","product_condition":"new"},"_links":{"self":[{"href":"https:\/\/kschmied.ch\/fr\/wp-json\/wp\/v2\/product\/33039","targetHints":{"allow":["GET"]}}],"collection":[{"href":"https:\/\/kschmied.ch\/fr\/wp-json\/wp\/v2\/product"}],"about":[{"href":"https:\/\/kschmied.ch\/fr\/wp-json\/wp\/v2\/types\/product"}],"wp:featuredmedia":[{"embeddable":true,"href":"https:\/\/kschmied.ch\/fr\/wp-json\/wp\/v2\/media\/27950"}],"wp:attachment":[{"href":"https:\/\/kschmied.ch\/fr\/wp-json\/wp\/v2\/media?parent=33039"}],"wp:term":[{"taxonomy":"product_brand","embeddable":true,"href":"https:\/\/kschmied.ch\/fr\/wp-json\/wp\/v2\/product_brand?post=33039"},{"taxonomy":"product_cat","embeddable":true,"href":"https:\/\/kschmied.ch\/fr\/wp-json\/wp\/v2\/product_cat?post=33039"},{"taxonomy":"product_tag","embeddable":true,"href":"https:\/\/kschmied.ch\/fr\/wp-json\/wp\/v2\/product_tag?post=33039"}],"curies":[{"name":"wp","href":"https:\/\/api.w.org\/{rel}","templated":true}]}}