{"id":32236,"date":"2019-07-23T17:19:02","date_gmt":"2019-07-23T15:19:02","guid":{"rendered":"https:\/\/www.kschmied.ch\/produkt\/conteneur-de-stockage-10-nouveau\/"},"modified":"2025-11-19T11:33:35","modified_gmt":"2025-11-19T10:33:35","slug":"10-conteneur-de-stockage-neuf","status":"publish","type":"product","link":"https:\/\/kschmied.ch\/fr\/container\/preisanfrage\/10-conteneur-de-stockage-neuf\/","title":{"rendered":"Conteneur de stockage 10&prime;, NOUVEAU"},"content":{"rendered":"<p>Les <strong>conteneurs de stockage de 10 pieds <\/strong>sont utilis\u00e9s pour le stockage de marchandises tr\u00e8s diverses. La construction du cadre en acier est normalis\u00e9e ISO. Les conteneurs de stockage ont une porte \u00e0 double battant avec des barres de verrouillage externes et un couvercle de protection pour une s\u00e9curit\u00e9 accrue.<\/p>\n<p>Les plus petites tailles \u00e0 l&rsquo;\u00e9tranger sont des conteneurs de 20 \u00ab\u00a0et donc le conteneur de 10\u00a0\u00bb est principalement destin\u00e9 \/ adapt\u00e9 \u00e0 des fins de stockage et <strong>NON<\/strong> pour les transports \u00e0 l&rsquo;\u00e9tranger.<\/p>\n<p>&nbsp;<\/p>\n<p><strong>ZONE D&rsquo;APPLICATION:<\/strong><\/p>\n<ul>\n<li>Conteneur de transport (mais <strong>pas<\/strong> pour l&rsquo;\u00e9tranger - car <strong>SANS<\/strong> vignette CSC)<\/li>\n<li>Entrep\u00f4t de mat\u00e9riaux, magazine sur les chantiers<\/li>\n<li>Ateliers mobiles<\/li>\n<\/ul>\n<p>&nbsp;<\/p>\n<p><strong>MODIFICATIONS:<\/strong><\/p>\n<p>Selon les exigences et le domaine d&rsquo;application, nous proposons \u00e9galement divers pour ce conteneur maritime. Modifications et transformations.<\/p>\n","protected":false},"excerpt":{"rendered":"<p>Conteneur de stockage - T10<\/p>\n<p><span style=\"color: #000000;\"><strong>COULEURS: <\/strong><\/span><br \/>\n<span style=\"color: #000000;\">RAL 7035 (gris clair)<br \/>\nRAL 9002 (blanc gris)<br \/>\n(autres couleurs sur demande)<\/span><\/p>\n<p><span style=\"color: #00ff00;\">\u2714<\/span> Construction de cadre normalis\u00e9e ISO<br \/>\n<span style=\"color: #00ff00;\">\u2714<\/span> Capuchon de protection<br \/>\n<span style=\"color: #00ff00;\">\u2714<\/span> Ventilation forc\u00e9e<br \/>\n<span style=\"color: #00ff00;\">\u2714<\/span> passages de fourches (sur le c\u00f4t\u00e9)<br \/>\n<span style=\"color: #00ff00;\">\u2714<\/span> Renforcement du toit<br \/>\n<span style=\"color: #00ff00;\">\u2714<\/span> Fond en t\u00f4le stri\u00e9e<\/p>\n<p><a href=\"https:\/\/kschmied.ch\/fr\/requete-de-prix\/\" class=\"btn-back\">Retour \u00e0 l&rsquo;aper\u00e7u<\/a><\/p>\n<p>&nbsp;<\/p>\n","protected":false},"featured_media":32237,"template":"","meta":{"_acf_changed":false},"product_brand":[],"product_cat":[707],"product_tag":[],"class_list":{"0":"post-32236","1":"product","2":"type-product","3":"status-publish","4":"has-post-thumbnail","6":"product_cat-conteneur-de-stockage","7":"pa_aussenmasse-2991-x-2438-x-2591-mm","8":"pa_containertyp-conteneur-de-stockage","9":"pa_eigengewicht-1000-kg","10":"pa_groesse-10-pieds-l-3m","11":"pa_haftungsausschluss-sous-reserve-derreurs-et-de-modifications-techniques","12":"pa_innenmasse-environ-2800-x-2320-x-2375-mm","13":"pa_option-acheter","14":"pa_tueroeffnung-ca-2320-x-2310-mm","15":"pa_volumen-environ-15-m3","16":"pa_zuladung-max-6-t","17":"pa_zustand-nouveau","19":"first","20":"instock","21":"taxable","22":"shipping-taxable","23":"product-type-simple"},"acf":[],"yoast_head":"<!-- This site is optimized with the Yoast SEO Premium plugin v27.4 (Yoast SEO v27.4) - https:\/\/yoast.com\/product\/yoast-seo-premium-wordpress\/ -->\n<title>Conteneur de stockage 10&#039;, NOUVEAU - K. Schmied AG \u2013 Conteneurs &amp; Exp\u00e9dition Suisse<\/title>\n<meta name=\"robots\" content=\"index, follow, max-snippet:-1, max-image-preview:large, max-video-preview:-1\" \/>\n<link rel=\"canonical\" href=\"https:\/\/kschmied.ch\/fr\/container\/preisanfrage\/10-conteneur-de-stockage-neuf\/\" \/>\n<meta property=\"og:locale\" content=\"fr_FR\" \/>\n<meta property=\"og:type\" content=\"article\" \/>\n<meta property=\"og:title\" content=\"Conteneur de stockage 10&#039;, NOUVEAU\" \/>\n<meta property=\"og:description\" content=\"Conteneur de stockage - T10 COULEURS: RAL 7035 (gris clair) RAL 9002 (blanc gris) (autres couleurs sur demande) \u2714 Construction de cadre normalis\u00e9e ISO \u2714 Capuchon de protection \u2714 Ventilation forc\u00e9e \u2714 passages de fourches (sur le c\u00f4t\u00e9) \u2714 Renforcement du toit \u2714 Fond en t\u00f4le stri\u00e9e Retour \u00e0 l&#039;aper\u00e7u &nbsp;\" \/>\n<meta property=\"og:url\" content=\"https:\/\/kschmied.ch\/fr\/container\/preisanfrage\/10-conteneur-de-stockage-neuf\/\" \/>\n<meta property=\"og:site_name\" content=\"K. Schmied AG \u2013 Conteneurs &amp; Exp\u00e9dition Suisse\" \/>\n<meta property=\"article:modified_time\" content=\"2025-11-19T10:33:35+00:00\" \/>\n<meta property=\"og:image\" content=\"https:\/\/kschmied.ch\/wp-content\/uploads\/2019\/07\/10Fuss_Lagercontainer_vorne.jpg\" \/>\n\t<meta property=\"og:image:width\" content=\"740\" \/>\n\t<meta property=\"og:image:height\" content=\"540\" \/>\n\t<meta property=\"og:image:type\" content=\"image\/jpeg\" \/>\n<meta name=\"twitter:card\" content=\"summary_large_image\" \/>\n<meta name=\"twitter:label1\" content=\"Prix\" \/>\n\t<meta name=\"twitter:data1\" content=\"\" \/>\n\t<meta name=\"twitter:label2\" content=\"Disponibilit\u00e9\" \/>\n\t<meta name=\"twitter:data2\" content=\"En stock\" \/>\n<meta property=\"product:price:currency\" content=\"CHF\" \/>\n<meta property=\"og:availability\" content=\"instock\" \/>\n<meta property=\"product:availability\" content=\"instock\" \/>\n<meta property=\"product:retailer_item_id\" content=\"T10\" \/>\n<meta property=\"product:condition\" content=\"new\" \/>\n<!-- \/ Yoast SEO Premium plugin. -->","yoast_head_json":{"title":"Conteneur de stockage 10', NOUVEAU - K. Schmied AG \u2013 Conteneurs &amp; Exp\u00e9dition Suisse","robots":{"index":"index","follow":"follow","max-snippet":"max-snippet:-1","max-image-preview":"max-image-preview:large","max-video-preview":"max-video-preview:-1"},"canonical":"https:\/\/kschmied.ch\/fr\/container\/preisanfrage\/10-conteneur-de-stockage-neuf\/","og_locale":"fr_FR","og_type":"article","og_title":"Conteneur de stockage 10', NOUVEAU","og_description":"Conteneur de stockage - T10 COULEURS: RAL 7035 (gris clair) RAL 9002 (blanc gris) (autres couleurs sur demande) \u2714 Construction de cadre normalis\u00e9e ISO \u2714 Capuchon de protection \u2714 Ventilation forc\u00e9e \u2714 passages de fourches (sur le c\u00f4t\u00e9) \u2714 Renforcement du toit \u2714 Fond en t\u00f4le stri\u00e9e Retour \u00e0 l'aper\u00e7u &nbsp;","og_url":"https:\/\/kschmied.ch\/fr\/container\/preisanfrage\/10-conteneur-de-stockage-neuf\/","og_site_name":"K. Schmied AG \u2013 Conteneurs &amp; Exp\u00e9dition Suisse","article_modified_time":"2025-11-19T10:33:35+00:00","og_image":[{"width":740,"height":540,"url":"https:\/\/kschmied.ch\/wp-content\/uploads\/2019\/07\/10Fuss_Lagercontainer_vorne.jpg","type":"image\/jpeg"}],"twitter_card":"summary_large_image","twitter_misc":{"Prix":"","Disponibilit\u00e9":"En stock"},"schema":{"@context":"https:\/\/schema.org","@graph":[{"@type":"WebPage","@id":"https:\/\/kschmied.ch\/fr\/container\/preisanfrage\/10-conteneur-de-stockage-neuf\/","url":"https:\/\/kschmied.ch\/fr\/container\/preisanfrage\/10-conteneur-de-stockage-neuf\/","name":"Conteneur de stockage 10', NOUVEAU - K. Schmied AG \u2013 Conteneurs &amp; Exp\u00e9dition Suisse","isPartOf":{"@id":"https:\/\/kschmied.ch\/fr\/#website"},"primaryImageOfPage":{"@id":"https:\/\/kschmied.ch\/fr\/container\/preisanfrage\/10-conteneur-de-stockage-neuf\/#primaryimage"},"image":{"@id":"https:\/\/kschmied.ch\/fr\/container\/preisanfrage\/10-conteneur-de-stockage-neuf\/#primaryimage"},"thumbnailUrl":"https:\/\/kschmied.ch\/wp-content\/uploads\/2019\/07\/10Fuss_Lagercontainer_vorne.jpg","datePublished":"2019-07-23T15:19:02+00:00","dateModified":"2025-11-19T10:33:35+00:00","breadcrumb":{"@id":"https:\/\/kschmied.ch\/fr\/container\/preisanfrage\/10-conteneur-de-stockage-neuf\/#breadcrumb"},"inLanguage":"fr-FR","potentialAction":[{"@type":"ReadAction","target":["https:\/\/kschmied.ch\/fr\/container\/preisanfrage\/10-conteneur-de-stockage-neuf\/"]}]},{"@type":"ImageObject","inLanguage":"fr-FR","@id":"https:\/\/kschmied.ch\/fr\/container\/preisanfrage\/10-conteneur-de-stockage-neuf\/#primaryimage","url":"https:\/\/kschmied.ch\/wp-content\/uploads\/2019\/07\/10Fuss_Lagercontainer_vorne.jpg","contentUrl":"https:\/\/kschmied.ch\/wp-content\/uploads\/2019\/07\/10Fuss_Lagercontainer_vorne.jpg","width":740,"height":540,"caption":"Conteneur de stockage 10' (#T10)"},{"@type":"BreadcrumbList","@id":"https:\/\/kschmied.ch\/fr\/container\/preisanfrage\/10-conteneur-de-stockage-neuf\/#breadcrumb","itemListElement":[{"@type":"ListItem","position":1,"name":"Accueil","item":"https:\/\/kschmied.ch\/fr\/"},{"@type":"ListItem","position":2,"name":"Conteneur de stockage 10&#8242;, NOUVEAU"}]},{"@type":"WebSite","@id":"https:\/\/kschmied.ch\/fr\/#website","url":"https:\/\/kschmied.ch\/fr\/","name":"K. SCHMIED AG","description":"Commerce suisse de conteneurs &amp; exp\u00e9dition depuis 1979","publisher":{"@id":"https:\/\/kschmied.ch\/fr\/#organization"},"alternateName":"K. SCHMIED AG","potentialAction":[{"@type":"SearchAction","target":{"@type":"EntryPoint","urlTemplate":"https:\/\/kschmied.ch\/fr\/?s={search_term_string}"},"query-input":{"@type":"PropertyValueSpecification","valueRequired":true,"valueName":"search_term_string"}}],"inLanguage":"fr-FR"},{"@type":"Organization","@id":"https:\/\/kschmied.ch\/fr\/#organization","name":"K. SCHMIED AG","alternateName":"K. SCHMIED AG","url":"https:\/\/kschmied.ch\/fr\/","logo":{"@type":"ImageObject","inLanguage":"fr-FR","@id":"https:\/\/kschmied.ch\/fr\/#\/schema\/logo\/image\/","url":"https:\/\/kschmied.ch\/wp-content\/uploads\/2020\/07\/LOGO-gross.jpg","contentUrl":"https:\/\/kschmied.ch\/wp-content\/uploads\/2020\/07\/LOGO-gross.jpg","width":770,"height":240,"caption":"K. SCHMIED AG"},"image":{"@id":"https:\/\/kschmied.ch\/fr\/#\/schema\/logo\/image\/"},"sameAs":["https:\/\/ch.linkedin.com\/company\/k-schmied-ag"],"description":"K. SCHMIED AG ist ein f\u00fchrendes Unternehmen im Bereich Containerverkauf und -vermietung in der Schweiz. Mit langj\u00e4hriger Erfahrung bieten wir unseren Kunden robuste, langlebige Seecontainer, Lagercontainer und Schnellbaucontainer in verschiedenen Gr\u00f6\u00dfen und Ausf\u00fchrungen. Unser Service umfasst auch Transportl\u00f6sungen, ma\u00dfgeschneiderte Containeranforderungen und weltweiten Versand. Qualit\u00e4t, Kundenzufriedenheit und Zuverl\u00e4ssigkeit stehen bei uns an erster Stelle.","email":"info@kschmied.ch","telephone":"041 811 30 03","legalName":"K. SCHMIED internat. Transporte & Handels AG","foundingDate":"1979-01-01","vatID":"CHE-107.962.018 MWST","taxID":"CHE-107.962.018 MWST","numberOfEmployees":{"@type":"QuantitativeValue","minValue":"1","maxValue":"10"}}]},"product_price_currency":"CHF","og_availability":"instock","product_availability":"instock","product_retailer_item_id":"T10","product_condition":"new"},"_links":{"self":[{"href":"https:\/\/kschmied.ch\/fr\/wp-json\/wp\/v2\/product\/32236","targetHints":{"allow":["GET"]}}],"collection":[{"href":"https:\/\/kschmied.ch\/fr\/wp-json\/wp\/v2\/product"}],"about":[{"href":"https:\/\/kschmied.ch\/fr\/wp-json\/wp\/v2\/types\/product"}],"wp:featuredmedia":[{"embeddable":true,"href":"https:\/\/kschmied.ch\/fr\/wp-json\/wp\/v2\/media\/32237"}],"wp:attachment":[{"href":"https:\/\/kschmied.ch\/fr\/wp-json\/wp\/v2\/media?parent=32236"}],"wp:term":[{"taxonomy":"product_brand","embeddable":true,"href":"https:\/\/kschmied.ch\/fr\/wp-json\/wp\/v2\/product_brand?post=32236"},{"taxonomy":"product_cat","embeddable":true,"href":"https:\/\/kschmied.ch\/fr\/wp-json\/wp\/v2\/product_cat?post=32236"},{"taxonomy":"product_tag","embeddable":true,"href":"https:\/\/kschmied.ch\/fr\/wp-json\/wp\/v2\/product_tag?post=32236"}],"curies":[{"name":"wp","href":"https:\/\/api.w.org\/{rel}","templated":true}]}}