{"id":32214,"date":"2020-02-10T09:04:44","date_gmt":"2020-02-10T08:04:44","guid":{"rendered":"https:\/\/www.kschmied.ch\/produkt\/conteneur-maritime-40-open-top-doccasion\/"},"modified":"2025-11-19T11:33:49","modified_gmt":"2025-11-19T10:33:49","slug":"40-open-top-seecontainer-utilise","status":"publish","type":"product","link":"https:\/\/kschmied.ch\/fr\/container\/preisanfrage\/40-open-top-seecontainer-utilise\/","title":{"rendered":"Conteneur maritime 40&prime; OPEN TOP, d&rsquo;occasion"},"content":{"rendered":"<p><strong>40 pieds OPEN TOP - Le conteneur maritime ISO<\/strong> est l&rsquo;un des conteneurs maritimes sp\u00e9ciaux dont le toit est constitu\u00e9 d&rsquo;une b\u00e2che qui peut \u00eatre retir\u00e9e pour le chargement. Il y a des croisillons amovibles sous la b\u00e2che. La b\u00e2che amovible permet un chargement facile par le haut avec une grue.<\/p>\n<p>Gr\u00e2ce aux propri\u00e9t\u00e9s robustes, durables et empilables des conteneurs maritimes, ces conteneurs populaires peuvent \u00eatre utilis\u00e9s de diff\u00e9rentes mani\u00e8res.<\/p>\n<p>&nbsp;<\/p>\n<p><strong>ZONE D&rsquo;APPLICATION:<\/strong><\/p>\n<ul>\n<li>Conteneur de transport<\/li>\n<li>Entrep\u00f4t de mat\u00e9riaux, entrep\u00f4t de pneus, magazine sur les chantiers de construction<\/li>\n<li>Ateliers mobiles<\/li>\n<li>Projets de construction<\/li>\n<li>Objets d&rsquo;art<\/li>\n<\/ul>\n<p>&nbsp;<\/p>\n<p><strong>\u00c9TAT: UTILIS\u00c9:<\/strong><\/p>\n<p>R\u00e9par\u00e9 au vent et \u00e0 l&rsquo;eau, soud\u00e9, non embelli visuellement - non repeint, rouille superficielle l\u00e9g\u00e8re \u00e0 moyenne, bosses et abrasions l\u00e9g\u00e8res \u00e0 moyennes \/ bonne impression optique globale<\/p>\n<p><strong>Remarque:<\/strong> Les conteneurs d&rsquo;occasion ont environ 9 \u00e0 14 ans et peuvent \u00eatre utilis\u00e9s pendant environ 3 \u00e0 5 ans ou plus \/ moins longtemps (par exemple, comme stockage ou pour le transport \u00e0 l&rsquo;\u00e9tranger dans un d\u00e9lai d&rsquo;environ 1 an &gt; selon validit\u00e9 du CSC). La dur\u00e9e d&rsquo;utilisation d\u00e9pend fortement des conditions m\u00e9t\u00e9orologiques, de l&#8217;emplacement, de la pr\u00e9paration\/l&rsquo;entretien des conteneurs (comme par exemple le renouvellement de la b\u00e2che du toit, une nouvelle peinture, etc.<\/p>\n<p>Nous recommandons de nouveaux conteneurs pour une p\u00e9riode d&rsquo;utilisation plus longue.<\/p>\n<p>&nbsp;<\/p>\n<p><strong>MODIFICATIONS:<\/strong><\/p>\n<p>Selon les exigences et le domaine d&rsquo;application, nous proposons \u00e9galement divers pour ce conteneur maritime. Modifications et transformations.<\/p>\n","protected":false},"excerpt":{"rendered":"<p>OPEN TOP\/OT - conteneur maritime<\/p>\n<p><span style=\"color: #000000;\"><strong>COULEURS: <\/strong><\/span><br \/>\n<span style=\"color: #000000;\">Rouge-marron<\/span><br \/>\n<span style=\"color: #000000;\">autres couleurs sur demande<\/span><\/p>\n<p><span style=\"color: #00ff00;\">\u2714<\/span> ISO standardis\u00e9e<br \/>\n<span style=\"color: #00ff00;\">\u2714<\/span> coupe- vent et imperm\u00e9able<br \/>\n<span style=\"color: #00ff00;\">\u2714<\/span> Badge CSC valide (environ 1 an)<br \/>\n<span style=\"color: #00ff00;\">\u2714<\/span> <strong>D\u00e9douan\u00e9<\/strong> en Suisse,<br \/>\n<span style=\"color: #00ff00;\">\u2714<\/span> empilable<br \/>\n<span style=\"color: #00ff00;\">\u2714<\/span> Parquet<\/p>\n<p><a href=\"https:\/\/kschmied.ch\/fr\/requete-de-prix\/\" class=\"btn-back\">Retour \u00e0 l&rsquo;aper\u00e7u<\/a><\/p>\n<p>&nbsp;<\/p>\n","protected":false},"featured_media":32215,"template":"","meta":{"_acf_changed":false},"product_brand":[],"product_cat":[707,706],"product_tag":[],"class_list":{"0":"post-32214","1":"product","2":"type-product","3":"status-publish","4":"has-post-thumbnail","6":"product_cat-conteneur-de-stockage","7":"product_cat-conteneur-maritime","8":"pa_ausfuehrung-open-top-fr","9":"pa_aussenmasse-12192-x-2438-x-2591-mm-conformite-iso","10":"pa_boden-bois-bambou-plancher-acier-sur-demande","11":"pa_containertyp-conteneur-de-stockage","12":"pa_containertyp-conteneur-maritime","13":"pa_containertyp-conteneur-maritime-special","14":"pa_dachoeffnung-b-h-11690-x-2200-mm-180-mm-selon-lannee-de-construction-et-le-type","15":"pa_eigengewicht-3700-kg-4300-kg-selon-lannee-de-construction-et-la-serie-de-modeles","16":"pa_groesse-40-pieds-l-12m","17":"pa_haftungsausschluss-sous-reserve-derreurs-et-de-modifications-techniques","18":"pa_innenmasse-12030-x-2345-x-2380-mm-30-mm-en-fonction-de-lannee-de-construction-du-type","19":"pa_option-acheter","20":"pa_tueroeffnung-2340-x-2280-mm-20-mm-selon-lannee-de-construction-et-le-type","21":"pa_volumen-40-open-top-container-fr","22":"pa_zuladung-max-26-t","23":"pa_zustand-doccasion","25":"first","26":"onbackorder","27":"taxable","28":"shipping-taxable","29":"product-type-simple"},"acf":[],"yoast_head":"<!-- This site is optimized with the Yoast SEO Premium plugin v27.4 (Yoast SEO v27.4) - https:\/\/yoast.com\/product\/yoast-seo-premium-wordpress\/ -->\n<title>Conteneur maritime 40&#039; OPEN TOP, d&#039;occasion - K. Schmied AG \u2013 Conteneurs &amp; Exp\u00e9dition Suisse<\/title>\n<meta name=\"robots\" content=\"index, follow, max-snippet:-1, max-image-preview:large, max-video-preview:-1\" \/>\n<link rel=\"canonical\" href=\"https:\/\/kschmied.ch\/fr\/container\/preisanfrage\/40-open-top-seecontainer-utilise\/\" \/>\n<meta property=\"og:locale\" content=\"fr_FR\" \/>\n<meta property=\"og:type\" content=\"article\" \/>\n<meta property=\"og:title\" content=\"Conteneur maritime 40&#039; OPEN TOP, d&#039;occasion\" \/>\n<meta property=\"og:description\" content=\"OPEN TOP\/OT - conteneur maritime COULEURS: Rouge-marron autres couleurs sur demande \u2714 ISO standardis\u00e9e \u2714 coupe- vent et imperm\u00e9able \u2714 Badge CSC valide (environ 1 an) \u2714 D\u00e9douan\u00e9 en Suisse, \u2714 empilable \u2714 Parquet Retour \u00e0 l&#039;aper\u00e7u &nbsp;\" \/>\n<meta property=\"og:url\" content=\"https:\/\/kschmied.ch\/fr\/container\/preisanfrage\/40-open-top-seecontainer-utilise\/\" \/>\n<meta property=\"og:site_name\" content=\"K. Schmied AG \u2013 Conteneurs &amp; Exp\u00e9dition Suisse\" \/>\n<meta property=\"article:modified_time\" content=\"2025-11-19T10:33:49+00:00\" \/>\n<meta property=\"og:image\" content=\"https:\/\/kschmied.ch\/wp-content\/uploads\/2020\/02\/40_opentop_container.jpg\" \/>\n\t<meta property=\"og:image:width\" content=\"740\" \/>\n\t<meta property=\"og:image:height\" content=\"540\" \/>\n\t<meta property=\"og:image:type\" content=\"image\/jpeg\" \/>\n<meta name=\"twitter:card\" content=\"summary_large_image\" \/>\n<meta name=\"twitter:label1\" content=\"Prix\" \/>\n\t<meta name=\"twitter:data1\" content=\"\" \/>\n\t<meta name=\"twitter:label2\" content=\"Disponibilit\u00e9\" \/>\n\t<meta name=\"twitter:data2\" content=\"En r\u00e9assort\" \/>\n<meta property=\"product:price:currency\" content=\"CHF\" \/>\n<meta property=\"og:availability\" content=\"backorder\" \/>\n<meta property=\"product:availability\" content=\"available for order\" \/>\n<meta property=\"product:retailer_item_id\" content=\"OT40U\" \/>\n<meta property=\"product:condition\" content=\"new\" \/>\n<!-- \/ Yoast SEO Premium plugin. -->","yoast_head_json":{"title":"Conteneur maritime 40' OPEN TOP, d'occasion - K. Schmied AG \u2013 Conteneurs &amp; Exp\u00e9dition Suisse","robots":{"index":"index","follow":"follow","max-snippet":"max-snippet:-1","max-image-preview":"max-image-preview:large","max-video-preview":"max-video-preview:-1"},"canonical":"https:\/\/kschmied.ch\/fr\/container\/preisanfrage\/40-open-top-seecontainer-utilise\/","og_locale":"fr_FR","og_type":"article","og_title":"Conteneur maritime 40' OPEN TOP, d'occasion","og_description":"OPEN TOP\/OT - conteneur maritime COULEURS: Rouge-marron autres couleurs sur demande \u2714 ISO standardis\u00e9e \u2714 coupe- vent et imperm\u00e9able \u2714 Badge CSC valide (environ 1 an) \u2714 D\u00e9douan\u00e9 en Suisse, \u2714 empilable \u2714 Parquet Retour \u00e0 l'aper\u00e7u &nbsp;","og_url":"https:\/\/kschmied.ch\/fr\/container\/preisanfrage\/40-open-top-seecontainer-utilise\/","og_site_name":"K. Schmied AG \u2013 Conteneurs &amp; Exp\u00e9dition Suisse","article_modified_time":"2025-11-19T10:33:49+00:00","og_image":[{"width":740,"height":540,"url":"https:\/\/kschmied.ch\/wp-content\/uploads\/2020\/02\/40_opentop_container.jpg","type":"image\/jpeg"}],"twitter_card":"summary_large_image","twitter_misc":{"Prix":"","Disponibilit\u00e9":"En r\u00e9assort"},"schema":{"@context":"https:\/\/schema.org","@graph":[{"@type":"WebPage","@id":"https:\/\/kschmied.ch\/fr\/container\/preisanfrage\/40-open-top-seecontainer-utilise\/","url":"https:\/\/kschmied.ch\/fr\/container\/preisanfrage\/40-open-top-seecontainer-utilise\/","name":"Conteneur maritime 40' OPEN TOP, d'occasion - K. Schmied AG \u2013 Conteneurs &amp; Exp\u00e9dition Suisse","isPartOf":{"@id":"https:\/\/kschmied.ch\/fr\/#website"},"primaryImageOfPage":{"@id":"https:\/\/kschmied.ch\/fr\/container\/preisanfrage\/40-open-top-seecontainer-utilise\/#primaryimage"},"image":{"@id":"https:\/\/kschmied.ch\/fr\/container\/preisanfrage\/40-open-top-seecontainer-utilise\/#primaryimage"},"thumbnailUrl":"https:\/\/kschmied.ch\/wp-content\/uploads\/2020\/02\/40_opentop_container.jpg","datePublished":"2020-02-10T08:04:44+00:00","dateModified":"2025-11-19T10:33:49+00:00","breadcrumb":{"@id":"https:\/\/kschmied.ch\/fr\/container\/preisanfrage\/40-open-top-seecontainer-utilise\/#breadcrumb"},"inLanguage":"fr-FR","potentialAction":[{"@type":"ReadAction","target":["https:\/\/kschmied.ch\/fr\/container\/preisanfrage\/40-open-top-seecontainer-utilise\/"]}]},{"@type":"ImageObject","inLanguage":"fr-FR","@id":"https:\/\/kschmied.ch\/fr\/container\/preisanfrage\/40-open-top-seecontainer-utilise\/#primaryimage","url":"https:\/\/kschmied.ch\/wp-content\/uploads\/2020\/02\/40_opentop_container.jpg","contentUrl":"https:\/\/kschmied.ch\/wp-content\/uploads\/2020\/02\/40_opentop_container.jpg","width":740,"height":540,"caption":"Conteneur maritime 40' Open Top, d'occasion"},{"@type":"BreadcrumbList","@id":"https:\/\/kschmied.ch\/fr\/container\/preisanfrage\/40-open-top-seecontainer-utilise\/#breadcrumb","itemListElement":[{"@type":"ListItem","position":1,"name":"Accueil","item":"https:\/\/kschmied.ch\/fr\/"},{"@type":"ListItem","position":2,"name":"Conteneur maritime 40&#8242; OPEN TOP, d&#8217;occasion"}]},{"@type":"WebSite","@id":"https:\/\/kschmied.ch\/fr\/#website","url":"https:\/\/kschmied.ch\/fr\/","name":"K. SCHMIED AG","description":"Commerce suisse de conteneurs &amp; exp\u00e9dition depuis 1979","publisher":{"@id":"https:\/\/kschmied.ch\/fr\/#organization"},"alternateName":"K. SCHMIED AG","potentialAction":[{"@type":"SearchAction","target":{"@type":"EntryPoint","urlTemplate":"https:\/\/kschmied.ch\/fr\/?s={search_term_string}"},"query-input":{"@type":"PropertyValueSpecification","valueRequired":true,"valueName":"search_term_string"}}],"inLanguage":"fr-FR"},{"@type":"Organization","@id":"https:\/\/kschmied.ch\/fr\/#organization","name":"K. SCHMIED AG","alternateName":"K. SCHMIED AG","url":"https:\/\/kschmied.ch\/fr\/","logo":{"@type":"ImageObject","inLanguage":"fr-FR","@id":"https:\/\/kschmied.ch\/fr\/#\/schema\/logo\/image\/","url":"https:\/\/kschmied.ch\/wp-content\/uploads\/2020\/07\/LOGO-gross.jpg","contentUrl":"https:\/\/kschmied.ch\/wp-content\/uploads\/2020\/07\/LOGO-gross.jpg","width":770,"height":240,"caption":"K. SCHMIED AG"},"image":{"@id":"https:\/\/kschmied.ch\/fr\/#\/schema\/logo\/image\/"},"sameAs":["https:\/\/ch.linkedin.com\/company\/k-schmied-ag"],"description":"K. SCHMIED AG ist ein f\u00fchrendes Unternehmen im Bereich Containerverkauf und -vermietung in der Schweiz. Mit langj\u00e4hriger Erfahrung bieten wir unseren Kunden robuste, langlebige Seecontainer, Lagercontainer und Schnellbaucontainer in verschiedenen Gr\u00f6\u00dfen und Ausf\u00fchrungen. Unser Service umfasst auch Transportl\u00f6sungen, ma\u00dfgeschneiderte Containeranforderungen und weltweiten Versand. Qualit\u00e4t, Kundenzufriedenheit und Zuverl\u00e4ssigkeit stehen bei uns an erster Stelle.","email":"info@kschmied.ch","telephone":"041 811 30 03","legalName":"K. SCHMIED internat. Transporte & Handels AG","foundingDate":"1979-01-01","vatID":"CHE-107.962.018 MWST","taxID":"CHE-107.962.018 MWST","numberOfEmployees":{"@type":"QuantitativeValue","minValue":"1","maxValue":"10"}}]},"product_price_currency":"CHF","og_availability":"backorder","product_availability":"available for order","product_retailer_item_id":"OT40U","product_condition":"new"},"_links":{"self":[{"href":"https:\/\/kschmied.ch\/fr\/wp-json\/wp\/v2\/product\/32214","targetHints":{"allow":["GET"]}}],"collection":[{"href":"https:\/\/kschmied.ch\/fr\/wp-json\/wp\/v2\/product"}],"about":[{"href":"https:\/\/kschmied.ch\/fr\/wp-json\/wp\/v2\/types\/product"}],"wp:featuredmedia":[{"embeddable":true,"href":"https:\/\/kschmied.ch\/fr\/wp-json\/wp\/v2\/media\/32215"}],"wp:attachment":[{"href":"https:\/\/kschmied.ch\/fr\/wp-json\/wp\/v2\/media?parent=32214"}],"wp:term":[{"taxonomy":"product_brand","embeddable":true,"href":"https:\/\/kschmied.ch\/fr\/wp-json\/wp\/v2\/product_brand?post=32214"},{"taxonomy":"product_cat","embeddable":true,"href":"https:\/\/kschmied.ch\/fr\/wp-json\/wp\/v2\/product_cat?post=32214"},{"taxonomy":"product_tag","embeddable":true,"href":"https:\/\/kschmied.ch\/fr\/wp-json\/wp\/v2\/product_tag?post=32214"}],"curies":[{"name":"wp","href":"https:\/\/api.w.org\/{rel}","templated":true}]}}