{"id":32205,"date":"2020-09-02T14:52:13","date_gmt":"2020-09-02T12:52:13","guid":{"rendered":"https:\/\/www.kschmied.ch\/produkt\/conteneur-10-high-cube-qualite-conteneur-maritime-quick-access-neuf-nouveau\/"},"modified":"2025-11-19T11:33:49","modified_gmt":"2025-11-19T10:33:49","slug":"10-high-cube-container-mer-conteneur-qualite-nouveau-neuf","status":"publish","type":"product","link":"https:\/\/kschmied.ch\/fr\/container\/preisanfrage\/10-high-cube-container-mer-conteneur-qualite-nouveau-neuf\/","title":{"rendered":"Conteneur 10&prime; HIGH CUBE, qualit\u00e9 conteneur maritime, Quick Access, NEUF\/nouveau"},"content":{"rendered":"<p>Les <strong>conteneurs HIGH CUBE de 10 pieds, dans la qualit\u00e9 plus durable des conteneurs maritimes, <\/strong>sont utilis\u00e9s pour le stockage de marchandises tr\u00e8s diverses. Ce conteneur robuste et r\u00e9sistant aux intemp\u00e9ries a une porte \u00e0 double battant avec des poteaux de verrouillage externes et un couvercle de protection ou une bo\u00eete de verrouillage (sans serrure &gt;  \u00e9galement disponible chez nous sur demande) pour une s\u00e9curit\u00e9 accrue.<\/p>\n<p>Bien que cette version soit \u00e9quip\u00e9e d&rsquo;un badge CSC, un tel conteneur de 10&prime; doit g\u00e9n\u00e9ralement \u00eatre connect\u00e9 \u00e0 un autre conteneur de 10 pieds afin de pouvoir \u00eatre exp\u00e9di\u00e9. Cela se produit g\u00e9n\u00e9ralement lors du transport de conteneurs vides apr\u00e8s la production en Asie lors de l&rsquo;exp\u00e9dition vers l&rsquo;Europe.<\/p>\n<p>Les plus petites tailles \u00e0 l&rsquo;\u00e9tranger sont des conteneurs de 20 \u00ab\u00a0et donc le conteneur de 10\u00a0\u00bb est principalement destin\u00e9 \/ adapt\u00e9 \u00e0 des fins de stockage et <strong>NON<\/strong> pour les transports \u00e0 l&rsquo;\u00e9tranger.<\/p>\n<p>La <strong>version QUICK ACCESS<\/strong> mentionn\u00e9e ici dispose de <strong>2 barres de fermeture<\/strong> au total, au lieu de 4 (standard) - ce qui permet une <strong>ouverture plus rapide\/facile<\/strong> des portes battantes du conteneur.<\/p>\n<p>&nbsp;<\/p>\n<p><strong>ZONE D&rsquo;APPLICATION:<\/strong><\/p>\n<ul>\n<li>Transportbeh\u00e4lter (<strong>nicht<\/strong> jedoch f\u00fcr \u00dcbersee da kleinste Containergr\u00f6sse im \u00dcberseebereich 20&prime; Container sind)<\/li>\n<li>Entrep\u00f4t de mat\u00e9riaux, magazine sur les chantiers<\/li>\n<li>Ateliers mobiles<\/li>\n<\/ul>\n<p>&nbsp;<\/p>\n<p><strong>MODIFICATIONS:<\/strong><\/p>\n<p>Selon les exigences et le domaine d&rsquo;application, nous proposons \u00e9galement divers pour ce conteneur maritime. Modifications et transformations.<\/p>\n","protected":false},"excerpt":{"rendered":"<p>Conteneur de stockage - SQHC10<\/p>\n<p><span style=\"color: #000000;\"><strong>COULEURS: <\/strong><\/span><br \/>\n<span style=\"color: #000000;\">RAL 9010 (blanc pur)<\/span><br \/>\n(autres couleurs sur demande)<\/p>\n<p><span style=\"color: #00ff00;\">\u2714<\/span> Construction de cadre normalis\u00e9e ISO<br \/>\n<span style=\"color: #00ff00;\">\u2714<\/span> Capuchon de protection\/bo\u00eetier de verrouillage<br \/>\n<span style=\"color: #00ff00;\">\u2714<\/span> passages de fourches (sur le c\u00f4t\u00e9)<br \/>\n<span style=\"color: #00ff00;\">\u2714<\/span> plancher en bois \/ bambou (plancher en acier sur demande)<\/p>\n<p><a href=\"https:\/\/kschmied.ch\/fr\/requete-de-prix\/\" class=\"btn-back\">Retour \u00e0 l&rsquo;aper\u00e7u<\/a><\/p>\n<p>&nbsp;<\/p>\n","protected":false},"featured_media":32206,"template":"","meta":{"_acf_changed":false},"product_brand":[],"product_cat":[707,706],"product_tag":[],"class_list":{"0":"post-32205","1":"product","2":"type-product","3":"status-publish","4":"has-post-thumbnail","6":"product_cat-conteneur-de-stockage","7":"product_cat-conteneur-maritime","8":"pa_ausfuehrung-high-cube-fr","9":"pa_aussenmasse-2991-x-2438-x-2896-mm-normalise-iso","10":"pa_boden-bois-bambou-plancher-acier-sur-demande","11":"pa_containertyp-conteneur-de-stockage","12":"pa_eigengewicht-1300-kg-1400-kg-selon-lannee-de-construction-et-la-serie-de-modeles","13":"pa_groesse-10-pieds-l-3m","14":"pa_haftungsausschluss-sous-reserve-derreurs-et-de-modifications-techniques","15":"pa_innenmasse-2840-x-2350-x-2690-mm-20-mm-en-fonction-de-lannee-de-construction-du-type","16":"pa_option-acheter","17":"pa_tueroeffnung-2340-x-2585-mm-10-mm-en-fonction-de-lannee-de-construction-du-type","18":"pa_volumen-env-18-m3","19":"pa_zuladung-max-8-t","20":"pa_zustand-nouveau","22":"first","23":"onbackorder","24":"taxable","25":"shipping-taxable","26":"product-type-simple"},"acf":[],"yoast_head":"<!-- This site is optimized with the Yoast SEO Premium plugin v27.4 (Yoast SEO v27.4) - https:\/\/yoast.com\/product\/yoast-seo-premium-wordpress\/ -->\n<title>Conteneur 10&#039; HIGH CUBE, qualit\u00e9 conteneur maritime, Quick Access, NEUF\/nouveau - K. Schmied AG \u2013 Conteneurs &amp; Exp\u00e9dition Suisse<\/title>\n<meta name=\"robots\" content=\"index, follow, max-snippet:-1, max-image-preview:large, max-video-preview:-1\" \/>\n<link rel=\"canonical\" href=\"https:\/\/kschmied.ch\/fr\/container\/preisanfrage\/10-high-cube-container-mer-conteneur-qualite-nouveau-neuf\/\" \/>\n<meta property=\"og:locale\" content=\"fr_FR\" \/>\n<meta property=\"og:type\" content=\"article\" \/>\n<meta property=\"og:title\" content=\"Conteneur 10&#039; HIGH CUBE, qualit\u00e9 conteneur maritime, Quick Access, NEUF\/nouveau\" \/>\n<meta property=\"og:description\" content=\"Conteneur de stockage - SQHC10 COULEURS: RAL 9010 (blanc pur) (autres couleurs sur demande) \u2714 Construction de cadre normalis\u00e9e ISO \u2714 Capuchon de protection\/bo\u00eetier de verrouillage \u2714 passages de fourches (sur le c\u00f4t\u00e9) \u2714 plancher en bois \/ bambou (plancher en acier sur demande) Retour \u00e0 l&#039;aper\u00e7u &nbsp;\" \/>\n<meta property=\"og:url\" content=\"https:\/\/kschmied.ch\/fr\/container\/preisanfrage\/10-high-cube-container-mer-conteneur-qualite-nouveau-neuf\/\" \/>\n<meta property=\"og:site_name\" content=\"K. Schmied AG \u2013 Conteneurs &amp; Exp\u00e9dition Suisse\" \/>\n<meta property=\"article:modified_time\" content=\"2025-11-19T10:33:49+00:00\" \/>\n<meta property=\"og:image\" content=\"https:\/\/kschmied.ch\/wp-content\/uploads\/2020\/09\/10Fuss_HighCube_Container.jpg\" \/>\n\t<meta property=\"og:image:width\" content=\"740\" \/>\n\t<meta property=\"og:image:height\" content=\"540\" \/>\n\t<meta property=\"og:image:type\" content=\"image\/jpeg\" \/>\n<meta name=\"twitter:card\" content=\"summary_large_image\" \/>\n<meta name=\"twitter:label1\" content=\"Prix\" \/>\n\t<meta name=\"twitter:data1\" content=\"\" \/>\n\t<meta name=\"twitter:label2\" content=\"Disponibilit\u00e9\" \/>\n\t<meta name=\"twitter:data2\" content=\"En r\u00e9assort\" \/>\n<meta property=\"product:price:currency\" content=\"CHF\" \/>\n<meta property=\"og:availability\" content=\"backorder\" \/>\n<meta property=\"product:availability\" content=\"available for order\" \/>\n<meta property=\"product:retailer_item_id\" content=\"QSQHC10\" \/>\n<meta property=\"product:condition\" content=\"new\" \/>\n<!-- \/ Yoast SEO Premium plugin. -->","yoast_head_json":{"title":"Conteneur 10' HIGH CUBE, qualit\u00e9 conteneur maritime, Quick Access, NEUF\/nouveau - K. Schmied AG \u2013 Conteneurs &amp; Exp\u00e9dition Suisse","robots":{"index":"index","follow":"follow","max-snippet":"max-snippet:-1","max-image-preview":"max-image-preview:large","max-video-preview":"max-video-preview:-1"},"canonical":"https:\/\/kschmied.ch\/fr\/container\/preisanfrage\/10-high-cube-container-mer-conteneur-qualite-nouveau-neuf\/","og_locale":"fr_FR","og_type":"article","og_title":"Conteneur 10' HIGH CUBE, qualit\u00e9 conteneur maritime, Quick Access, NEUF\/nouveau","og_description":"Conteneur de stockage - SQHC10 COULEURS: RAL 9010 (blanc pur) (autres couleurs sur demande) \u2714 Construction de cadre normalis\u00e9e ISO \u2714 Capuchon de protection\/bo\u00eetier de verrouillage \u2714 passages de fourches (sur le c\u00f4t\u00e9) \u2714 plancher en bois \/ bambou (plancher en acier sur demande) Retour \u00e0 l'aper\u00e7u &nbsp;","og_url":"https:\/\/kschmied.ch\/fr\/container\/preisanfrage\/10-high-cube-container-mer-conteneur-qualite-nouveau-neuf\/","og_site_name":"K. Schmied AG \u2013 Conteneurs &amp; Exp\u00e9dition Suisse","article_modified_time":"2025-11-19T10:33:49+00:00","og_image":[{"width":740,"height":540,"url":"https:\/\/kschmied.ch\/wp-content\/uploads\/2020\/09\/10Fuss_HighCube_Container.jpg","type":"image\/jpeg"}],"twitter_card":"summary_large_image","twitter_misc":{"Prix":"","Disponibilit\u00e9":"En r\u00e9assort"},"schema":{"@context":"https:\/\/schema.org","@graph":[{"@type":"WebPage","@id":"https:\/\/kschmied.ch\/fr\/container\/preisanfrage\/10-high-cube-container-mer-conteneur-qualite-nouveau-neuf\/","url":"https:\/\/kschmied.ch\/fr\/container\/preisanfrage\/10-high-cube-container-mer-conteneur-qualite-nouveau-neuf\/","name":"Conteneur 10' HIGH CUBE, qualit\u00e9 conteneur maritime, Quick Access, NEUF\/nouveau - K. Schmied AG \u2013 Conteneurs &amp; Exp\u00e9dition Suisse","isPartOf":{"@id":"https:\/\/kschmied.ch\/fr\/#website"},"primaryImageOfPage":{"@id":"https:\/\/kschmied.ch\/fr\/container\/preisanfrage\/10-high-cube-container-mer-conteneur-qualite-nouveau-neuf\/#primaryimage"},"image":{"@id":"https:\/\/kschmied.ch\/fr\/container\/preisanfrage\/10-high-cube-container-mer-conteneur-qualite-nouveau-neuf\/#primaryimage"},"thumbnailUrl":"https:\/\/kschmied.ch\/wp-content\/uploads\/2020\/09\/10Fuss_HighCube_Container.jpg","datePublished":"2020-09-02T12:52:13+00:00","dateModified":"2025-11-19T10:33:49+00:00","breadcrumb":{"@id":"https:\/\/kschmied.ch\/fr\/container\/preisanfrage\/10-high-cube-container-mer-conteneur-qualite-nouveau-neuf\/#breadcrumb"},"inLanguage":"fr-FR","potentialAction":[{"@type":"ReadAction","target":["https:\/\/kschmied.ch\/fr\/container\/preisanfrage\/10-high-cube-container-mer-conteneur-qualite-nouveau-neuf\/"]}]},{"@type":"ImageObject","inLanguage":"fr-FR","@id":"https:\/\/kschmied.ch\/fr\/container\/preisanfrage\/10-high-cube-container-mer-conteneur-qualite-nouveau-neuf\/#primaryimage","url":"https:\/\/kschmied.ch\/wp-content\/uploads\/2020\/09\/10Fuss_HighCube_Container.jpg","contentUrl":"https:\/\/kschmied.ch\/wp-content\/uploads\/2020\/09\/10Fuss_HighCube_Container.jpg","width":740,"height":540,"caption":"Conteneur de stockage 10' High Cube, qualit\u00e9 conteneur maritime, Quick Access, NEUF\/nouveau, RAL 9010 (blanc pur)"},{"@type":"BreadcrumbList","@id":"https:\/\/kschmied.ch\/fr\/container\/preisanfrage\/10-high-cube-container-mer-conteneur-qualite-nouveau-neuf\/#breadcrumb","itemListElement":[{"@type":"ListItem","position":1,"name":"Accueil","item":"https:\/\/kschmied.ch\/fr\/"},{"@type":"ListItem","position":2,"name":"Conteneur 10&#8242; HIGH CUBE, qualit\u00e9 conteneur maritime, Quick Access, NEUF\/nouveau"}]},{"@type":"WebSite","@id":"https:\/\/kschmied.ch\/fr\/#website","url":"https:\/\/kschmied.ch\/fr\/","name":"K. SCHMIED AG","description":"Commerce suisse de conteneurs &amp; exp\u00e9dition depuis 1979","publisher":{"@id":"https:\/\/kschmied.ch\/fr\/#organization"},"alternateName":"K. SCHMIED AG","potentialAction":[{"@type":"SearchAction","target":{"@type":"EntryPoint","urlTemplate":"https:\/\/kschmied.ch\/fr\/?s={search_term_string}"},"query-input":{"@type":"PropertyValueSpecification","valueRequired":true,"valueName":"search_term_string"}}],"inLanguage":"fr-FR"},{"@type":"Organization","@id":"https:\/\/kschmied.ch\/fr\/#organization","name":"K. SCHMIED AG","alternateName":"K. SCHMIED AG","url":"https:\/\/kschmied.ch\/fr\/","logo":{"@type":"ImageObject","inLanguage":"fr-FR","@id":"https:\/\/kschmied.ch\/fr\/#\/schema\/logo\/image\/","url":"https:\/\/kschmied.ch\/wp-content\/uploads\/2020\/07\/LOGO-gross.jpg","contentUrl":"https:\/\/kschmied.ch\/wp-content\/uploads\/2020\/07\/LOGO-gross.jpg","width":770,"height":240,"caption":"K. SCHMIED AG"},"image":{"@id":"https:\/\/kschmied.ch\/fr\/#\/schema\/logo\/image\/"},"sameAs":["https:\/\/ch.linkedin.com\/company\/k-schmied-ag"],"description":"K. SCHMIED AG ist ein f\u00fchrendes Unternehmen im Bereich Containerverkauf und -vermietung in der Schweiz. Mit langj\u00e4hriger Erfahrung bieten wir unseren Kunden robuste, langlebige Seecontainer, Lagercontainer und Schnellbaucontainer in verschiedenen Gr\u00f6\u00dfen und Ausf\u00fchrungen. Unser Service umfasst auch Transportl\u00f6sungen, ma\u00dfgeschneiderte Containeranforderungen und weltweiten Versand. Qualit\u00e4t, Kundenzufriedenheit und Zuverl\u00e4ssigkeit stehen bei uns an erster Stelle.","email":"info@kschmied.ch","telephone":"041 811 30 03","legalName":"K. SCHMIED internat. Transporte & Handels AG","foundingDate":"1979-01-01","vatID":"CHE-107.962.018 MWST","taxID":"CHE-107.962.018 MWST","numberOfEmployees":{"@type":"QuantitativeValue","minValue":"1","maxValue":"10"}}]},"product_price_currency":"CHF","og_availability":"backorder","product_availability":"available for order","product_retailer_item_id":"QSQHC10","product_condition":"new"},"_links":{"self":[{"href":"https:\/\/kschmied.ch\/fr\/wp-json\/wp\/v2\/product\/32205","targetHints":{"allow":["GET"]}}],"collection":[{"href":"https:\/\/kschmied.ch\/fr\/wp-json\/wp\/v2\/product"}],"about":[{"href":"https:\/\/kschmied.ch\/fr\/wp-json\/wp\/v2\/types\/product"}],"wp:featuredmedia":[{"embeddable":true,"href":"https:\/\/kschmied.ch\/fr\/wp-json\/wp\/v2\/media\/32206"}],"wp:attachment":[{"href":"https:\/\/kschmied.ch\/fr\/wp-json\/wp\/v2\/media?parent=32205"}],"wp:term":[{"taxonomy":"product_brand","embeddable":true,"href":"https:\/\/kschmied.ch\/fr\/wp-json\/wp\/v2\/product_brand?post=32205"},{"taxonomy":"product_cat","embeddable":true,"href":"https:\/\/kschmied.ch\/fr\/wp-json\/wp\/v2\/product_cat?post=32205"},{"taxonomy":"product_tag","embeddable":true,"href":"https:\/\/kschmied.ch\/fr\/wp-json\/wp\/v2\/product_tag?post=32205"}],"curies":[{"name":"wp","href":"https:\/\/api.w.org\/{rel}","templated":true}]}}