{"id":32201,"date":"2020-11-18T14:09:45","date_gmt":"2020-11-18T13:09:45","guid":{"rendered":"https:\/\/www.kschmied.ch\/produkt\/conteneur-8-qualite-conteneur-maritime-sol-en-acier-neuf-nouveau\/"},"modified":"2025-11-19T11:33:49","modified_gmt":"2025-11-19T10:33:49","slug":"8-conteneur-conteneur-maritime-qualite-sol-acier-nouveau-neuf","status":"publish","type":"product","link":"https:\/\/kschmied.ch\/fr\/container\/preisanfrage\/8-conteneur-conteneur-maritime-qualite-sol-acier-nouveau-neuf\/","title":{"rendered":"Conteneur 8&prime;, qualit\u00e9 conteneur maritime, SOL EN ACIER, NEUF\/nouveau"},"content":{"rendered":"<p>Les <strong>conteneurs de 8 pieds, de qualit\u00e9 maritime plus durable <\/strong><strong>, avec un plancher en acier, <\/strong>sont utilis\u00e9s pour le stockage de marchandises tr\u00e8s diverses. Ce conteneur robuste et r\u00e9sistant aux intemp\u00e9ries a une porte \u00e0 double battant avec des poteaux de verrouillage externes et un couvercle de protection ou une bo\u00eete de verrouillage (sans serrure &gt;  \u00e9galement disponible chez nous sur demande) pour une s\u00e9curit\u00e9 accrue.<\/p>\n<p>Les plus petites tailles \u00e0 l&rsquo;\u00e9tranger sont des conteneurs de 20 \u00ab\u00a0et donc le conteneur de 8\u00a0\u00bb est principalement destin\u00e9 \/ adapt\u00e9 \u00e0 des fins de stockage et <strong>NON<\/strong> pour les transports \u00e0 l&rsquo;\u00e9tranger.<\/p>\n<div>Ce mod\u00e8le a un plancher en <strong>ACIER <\/strong>(t\u00f4le stri\u00e9e).<\/div>\n<p>&nbsp;<\/p>\n<p><strong>ZONE D&rsquo;APPLICATION:<\/strong><\/p>\n<ul>\n<li>Transportbeh\u00e4lter (<strong>nicht<\/strong> jedoch f\u00fcr \u00dcbersee da kleinste Containergr\u00f6sse im \u00dcberseebereich 20&prime; Container sind)<\/li>\n<li>Entrep\u00f4t de mat\u00e9riaux, magazine sur les chantiers<\/li>\n<\/ul>\n<p>&nbsp;<\/p>\n<p><strong>MODIFICATIONS:<\/strong><\/p>\n<p>Selon les exigences et le domaine d&rsquo;application, nous proposons \u00e9galement divers pour ce conteneur maritime. Modifications et transformations.<\/p>\n","protected":false},"excerpt":{"rendered":"<p>Conteneur de stockage - SQ8SF<\/p>\n<p><span style=\"color: #000000;\"><strong>COULEURS: <\/strong><\/span><br \/>\n<span style=\"color: #000000;\">RAL 5010 (bleu gentiane)<\/span><br \/>\n(autres couleurs sur demande)<\/p>\n<p><span style=\"color: #00ff00;\">\u2714<\/span> Capuchon de protection\/bo\u00eetier de verrouillage<br \/>\n<span style=\"color: #00ff00;\">\u2714<\/span> passages de fourches (sur le c\u00f4t\u00e9)<br \/>\n\u2714 <span style=\"color: #00ff00;\">SO<\/span> L DE PIERRE<\/p>\n<p><a href=\"https:\/\/kschmied.ch\/fr\/requete-de-prix\/\" class=\"btn-back\">Retour \u00e0 l&rsquo;aper\u00e7u<\/a><\/p>\n<p>&nbsp;<\/p>\n","protected":false},"featured_media":32202,"template":"","meta":{"_acf_changed":false},"product_brand":[],"product_cat":[707],"product_tag":[],"class_list":{"0":"post-32201","1":"product","2":"type-product","3":"status-publish","4":"has-post-thumbnail","6":"product_cat-conteneur-de-stockage","7":"pa_ausfuehrung-plancher-en-acier","8":"pa_aussenmasse-2438-x-2200-x-2260-mm-fr","9":"pa_boden-plancher-en-acier","10":"pa_containertyp-conteneur-de-stockage","11":"pa_eigengewicht-900-kg-1000-kg-selon-lannee-de-construction-et-la-serie-de-modeles","12":"pa_groesse-8-pieds-l-2-4m","13":"pa_haftungsausschluss-sous-reserve-derreurs-et-de-modifications-techniques","14":"pa_innenmasse-2287-x-2112-x-2059-mm-20-mm-en-fonction-de-lannee-de-construction-du-type","15":"pa_option-acheter","16":"pa_tueroeffnung-2106-x-1949-mm-20-mm-en-fonction-de-lannee-de-construction-du-type","17":"pa_volumen-9-9-m3-fr","18":"pa_zuladung-max-5-t","19":"pa_zustand-nouveau","21":"first","22":"onbackorder","23":"taxable","24":"shipping-taxable","25":"product-type-simple"},"acf":[],"yoast_head":"<!-- This site is optimized with the Yoast SEO Premium plugin v27.4 (Yoast SEO v27.4) - https:\/\/yoast.com\/product\/yoast-seo-premium-wordpress\/ -->\n<title>Conteneur 8&#039;, qualit\u00e9 conteneur maritime, SOL EN ACIER, NEUF\/nouveau - K. Schmied AG \u2013 Conteneurs &amp; Exp\u00e9dition Suisse<\/title>\n<meta name=\"robots\" content=\"index, follow, max-snippet:-1, max-image-preview:large, max-video-preview:-1\" \/>\n<link rel=\"canonical\" href=\"https:\/\/kschmied.ch\/fr\/container\/preisanfrage\/8-conteneur-conteneur-maritime-qualite-sol-acier-nouveau-neuf\/\" \/>\n<meta property=\"og:locale\" content=\"fr_FR\" \/>\n<meta property=\"og:type\" content=\"article\" \/>\n<meta property=\"og:title\" content=\"Conteneur 8&#039;, qualit\u00e9 conteneur maritime, SOL EN ACIER, NEUF\/nouveau\" \/>\n<meta property=\"og:description\" content=\"Conteneur de stockage - SQ8SF COULEURS: RAL 5010 (bleu gentiane) (autres couleurs sur demande) \u2714 Capuchon de protection\/bo\u00eetier de verrouillage \u2714 passages de fourches (sur le c\u00f4t\u00e9) \u2714 SO L DE PIERRE Retour \u00e0 l&#039;aper\u00e7u &nbsp;\" \/>\n<meta property=\"og:url\" content=\"https:\/\/kschmied.ch\/fr\/container\/preisanfrage\/8-conteneur-conteneur-maritime-qualite-sol-acier-nouveau-neuf\/\" \/>\n<meta property=\"og:site_name\" content=\"K. Schmied AG \u2013 Conteneurs &amp; Exp\u00e9dition Suisse\" \/>\n<meta property=\"article:modified_time\" content=\"2025-11-19T10:33:49+00:00\" \/>\n<meta property=\"og:image\" content=\"https:\/\/kschmied.ch\/wp-content\/uploads\/2020\/11\/8-Container-Stahlboden-s.jpg\" \/>\n\t<meta property=\"og:image:width\" content=\"740\" \/>\n\t<meta property=\"og:image:height\" content=\"540\" \/>\n\t<meta property=\"og:image:type\" content=\"image\/jpeg\" \/>\n<meta name=\"twitter:card\" content=\"summary_large_image\" \/>\n<meta name=\"twitter:label1\" content=\"Prix\" \/>\n\t<meta name=\"twitter:data1\" content=\"\" \/>\n\t<meta name=\"twitter:label2\" content=\"Disponibilit\u00e9\" \/>\n\t<meta name=\"twitter:data2\" content=\"En r\u00e9assort\" \/>\n<meta property=\"product:price:currency\" content=\"CHF\" \/>\n<meta property=\"og:availability\" content=\"backorder\" \/>\n<meta property=\"product:availability\" content=\"available for order\" \/>\n<meta property=\"product:retailer_item_id\" content=\"SQ8S\" \/>\n<meta property=\"product:condition\" content=\"new\" \/>\n<!-- \/ Yoast SEO Premium plugin. -->","yoast_head_json":{"title":"Conteneur 8', qualit\u00e9 conteneur maritime, SOL EN ACIER, NEUF\/nouveau - K. Schmied AG \u2013 Conteneurs &amp; Exp\u00e9dition Suisse","robots":{"index":"index","follow":"follow","max-snippet":"max-snippet:-1","max-image-preview":"max-image-preview:large","max-video-preview":"max-video-preview:-1"},"canonical":"https:\/\/kschmied.ch\/fr\/container\/preisanfrage\/8-conteneur-conteneur-maritime-qualite-sol-acier-nouveau-neuf\/","og_locale":"fr_FR","og_type":"article","og_title":"Conteneur 8', qualit\u00e9 conteneur maritime, SOL EN ACIER, NEUF\/nouveau","og_description":"Conteneur de stockage - SQ8SF COULEURS: RAL 5010 (bleu gentiane) (autres couleurs sur demande) \u2714 Capuchon de protection\/bo\u00eetier de verrouillage \u2714 passages de fourches (sur le c\u00f4t\u00e9) \u2714 SO L DE PIERRE Retour \u00e0 l'aper\u00e7u &nbsp;","og_url":"https:\/\/kschmied.ch\/fr\/container\/preisanfrage\/8-conteneur-conteneur-maritime-qualite-sol-acier-nouveau-neuf\/","og_site_name":"K. Schmied AG \u2013 Conteneurs &amp; Exp\u00e9dition Suisse","article_modified_time":"2025-11-19T10:33:49+00:00","og_image":[{"width":740,"height":540,"url":"https:\/\/kschmied.ch\/wp-content\/uploads\/2020\/11\/8-Container-Stahlboden-s.jpg","type":"image\/jpeg"}],"twitter_card":"summary_large_image","twitter_misc":{"Prix":"","Disponibilit\u00e9":"En r\u00e9assort"},"schema":{"@context":"https:\/\/schema.org","@graph":[{"@type":"WebPage","@id":"https:\/\/kschmied.ch\/fr\/container\/preisanfrage\/8-conteneur-conteneur-maritime-qualite-sol-acier-nouveau-neuf\/","url":"https:\/\/kschmied.ch\/fr\/container\/preisanfrage\/8-conteneur-conteneur-maritime-qualite-sol-acier-nouveau-neuf\/","name":"Conteneur 8', qualit\u00e9 conteneur maritime, SOL EN ACIER, NEUF\/nouveau - K. Schmied AG \u2013 Conteneurs &amp; Exp\u00e9dition Suisse","isPartOf":{"@id":"https:\/\/kschmied.ch\/fr\/#website"},"primaryImageOfPage":{"@id":"https:\/\/kschmied.ch\/fr\/container\/preisanfrage\/8-conteneur-conteneur-maritime-qualite-sol-acier-nouveau-neuf\/#primaryimage"},"image":{"@id":"https:\/\/kschmied.ch\/fr\/container\/preisanfrage\/8-conteneur-conteneur-maritime-qualite-sol-acier-nouveau-neuf\/#primaryimage"},"thumbnailUrl":"https:\/\/kschmied.ch\/wp-content\/uploads\/2020\/11\/8-Container-Stahlboden-s.jpg","datePublished":"2020-11-18T13:09:45+00:00","dateModified":"2025-11-19T10:33:49+00:00","breadcrumb":{"@id":"https:\/\/kschmied.ch\/fr\/container\/preisanfrage\/8-conteneur-conteneur-maritime-qualite-sol-acier-nouveau-neuf\/#breadcrumb"},"inLanguage":"fr-FR","potentialAction":[{"@type":"ReadAction","target":["https:\/\/kschmied.ch\/fr\/container\/preisanfrage\/8-conteneur-conteneur-maritime-qualite-sol-acier-nouveau-neuf\/"]}]},{"@type":"ImageObject","inLanguage":"fr-FR","@id":"https:\/\/kschmied.ch\/fr\/container\/preisanfrage\/8-conteneur-conteneur-maritime-qualite-sol-acier-nouveau-neuf\/#primaryimage","url":"https:\/\/kschmied.ch\/wp-content\/uploads\/2020\/11\/8-Container-Stahlboden-s.jpg","contentUrl":"https:\/\/kschmied.ch\/wp-content\/uploads\/2020\/11\/8-Container-Stahlboden-s.jpg","width":740,"height":540,"caption":"Conteneur de stockage 8', qualit\u00e9 conteneur maritime, SOL EN ACIER, NEUF\/nouveau"},{"@type":"BreadcrumbList","@id":"https:\/\/kschmied.ch\/fr\/container\/preisanfrage\/8-conteneur-conteneur-maritime-qualite-sol-acier-nouveau-neuf\/#breadcrumb","itemListElement":[{"@type":"ListItem","position":1,"name":"Accueil","item":"https:\/\/kschmied.ch\/fr\/"},{"@type":"ListItem","position":2,"name":"Conteneur 8&#8242;, qualit\u00e9 conteneur maritime, SOL EN ACIER, NEUF\/nouveau"}]},{"@type":"WebSite","@id":"https:\/\/kschmied.ch\/fr\/#website","url":"https:\/\/kschmied.ch\/fr\/","name":"K. SCHMIED AG","description":"Commerce suisse de conteneurs &amp; exp\u00e9dition depuis 1979","publisher":{"@id":"https:\/\/kschmied.ch\/fr\/#organization"},"alternateName":"K. SCHMIED AG","potentialAction":[{"@type":"SearchAction","target":{"@type":"EntryPoint","urlTemplate":"https:\/\/kschmied.ch\/fr\/?s={search_term_string}"},"query-input":{"@type":"PropertyValueSpecification","valueRequired":true,"valueName":"search_term_string"}}],"inLanguage":"fr-FR"},{"@type":"Organization","@id":"https:\/\/kschmied.ch\/fr\/#organization","name":"K. SCHMIED AG","alternateName":"K. SCHMIED AG","url":"https:\/\/kschmied.ch\/fr\/","logo":{"@type":"ImageObject","inLanguage":"fr-FR","@id":"https:\/\/kschmied.ch\/fr\/#\/schema\/logo\/image\/","url":"https:\/\/kschmied.ch\/wp-content\/uploads\/2020\/07\/LOGO-gross.jpg","contentUrl":"https:\/\/kschmied.ch\/wp-content\/uploads\/2020\/07\/LOGO-gross.jpg","width":770,"height":240,"caption":"K. SCHMIED AG"},"image":{"@id":"https:\/\/kschmied.ch\/fr\/#\/schema\/logo\/image\/"},"sameAs":["https:\/\/ch.linkedin.com\/company\/k-schmied-ag"],"description":"K. SCHMIED AG ist ein f\u00fchrendes Unternehmen im Bereich Containerverkauf und -vermietung in der Schweiz. Mit langj\u00e4hriger Erfahrung bieten wir unseren Kunden robuste, langlebige Seecontainer, Lagercontainer und Schnellbaucontainer in verschiedenen Gr\u00f6\u00dfen und Ausf\u00fchrungen. Unser Service umfasst auch Transportl\u00f6sungen, ma\u00dfgeschneiderte Containeranforderungen und weltweiten Versand. Qualit\u00e4t, Kundenzufriedenheit und Zuverl\u00e4ssigkeit stehen bei uns an erster Stelle.","email":"info@kschmied.ch","telephone":"041 811 30 03","legalName":"K. SCHMIED internat. Transporte & Handels AG","foundingDate":"1979-01-01","vatID":"CHE-107.962.018 MWST","taxID":"CHE-107.962.018 MWST","numberOfEmployees":{"@type":"QuantitativeValue","minValue":"1","maxValue":"10"}}]},"product_price_currency":"CHF","og_availability":"backorder","product_availability":"available for order","product_retailer_item_id":"SQ8S","product_condition":"new"},"_links":{"self":[{"href":"https:\/\/kschmied.ch\/fr\/wp-json\/wp\/v2\/product\/32201","targetHints":{"allow":["GET"]}}],"collection":[{"href":"https:\/\/kschmied.ch\/fr\/wp-json\/wp\/v2\/product"}],"about":[{"href":"https:\/\/kschmied.ch\/fr\/wp-json\/wp\/v2\/types\/product"}],"wp:featuredmedia":[{"embeddable":true,"href":"https:\/\/kschmied.ch\/fr\/wp-json\/wp\/v2\/media\/32202"}],"wp:attachment":[{"href":"https:\/\/kschmied.ch\/fr\/wp-json\/wp\/v2\/media?parent=32201"}],"wp:term":[{"taxonomy":"product_brand","embeddable":true,"href":"https:\/\/kschmied.ch\/fr\/wp-json\/wp\/v2\/product_brand?post=32201"},{"taxonomy":"product_cat","embeddable":true,"href":"https:\/\/kschmied.ch\/fr\/wp-json\/wp\/v2\/product_cat?post=32201"},{"taxonomy":"product_tag","embeddable":true,"href":"https:\/\/kschmied.ch\/fr\/wp-json\/wp\/v2\/product_tag?post=32201"}],"curies":[{"name":"wp","href":"https:\/\/api.w.org\/{rel}","templated":true}]}}