{"id":27949,"date":"2019-07-19T15:55:32","date_gmt":"2019-07-19T13:55:32","guid":{"rendered":"https:\/\/www.kschmied.ch\/produkt\/conteneur-maritime-40-high-cube-neuf-comme-neuf\/"},"modified":"2025-11-19T11:34:10","modified_gmt":"2025-11-19T10:34:10","slug":"40-highcube-conteneur-maritime-neuf","status":"publish","type":"product","link":"https:\/\/kschmied.ch\/fr\/container\/preisanfrage\/40-highcube-conteneur-maritime-neuf\/","title":{"rendered":"Conteneur maritime 40&prime; HIGH CUBE, NEUF\/comme neuf"},"content":{"rendered":"<p><strong>40&prime; HIGH CUBE - conteneurs maritimes<\/strong> sont 30 cm plus hauts que les conteneurs maritimes standards de 40&prime; box. Il a une porte battante \u00e0 l&rsquo;arri\u00e8re qui peut \u00eatre ferm\u00e9e \u00e0 l&rsquo;aide de barres de verrouillage. Pour plus de s\u00e9curit\u00e9, ces conteneurs disposent d&rsquo;un coffre-fort qui peut \u00eatre verrouill\u00e9 avec une serrure sp\u00e9ciale (non incluse, mais disponible chez nous).<\/p>\n<p>Gr\u00e2ce aux propri\u00e9t\u00e9s robustes, durables et empilables des conteneurs maritimes, ces conteneurs populaires peuvent \u00eatre utilis\u00e9s de diff\u00e9rentes mani\u00e8res.<\/p>\n<p>&nbsp;<\/p>\n<p><strong>ZONE D&rsquo;APPLICATION:<\/strong><\/p>\n<ul>\n<li>Conteneur de transport<\/li>\n<li>Entrep\u00f4t de mat\u00e9riaux, entrep\u00f4t de pneus, magazine sur les chantiers de construction<\/li>\n<li>Ateliers mobiles<\/li>\n<li>Projets de construction<\/li>\n<li>Objets d&rsquo;art<\/li>\n<\/ul>\n<p>&nbsp;<\/p>\n<p><strong>\u00c9TAT - NEUF \/ COMME NEUF :<\/strong><\/p>\n<p>Les conteneurs maritimes \u00ab NEUF \/ comme neuf \u00bb sont des conteneurs <strong>NEUF<\/strong> qui sont principalement fabriqu\u00e9s en Asie et sont g\u00e9n\u00e9ralement exp\u00e9di\u00e9s avec un seul chargement vers l&rsquo;Europe. Pour cette raison, le terme \u00ab comme neuf \u00bb est souvent utilis\u00e9.<\/p>\n<p>Le chargement et le d\u00e9chargement des conteneurs, ainsi que la manutention et le transport, peuvent entra\u00eener de l\u00e9g\u00e8res abrasions et des bosses mineures \u00e0 l&rsquo;int\u00e9rieur et \u00e0 l&rsquo;ext\u00e9rieur.<\/p>\n<p>&nbsp;<\/p>\n<p><strong>MODIFICATIONS:<\/strong><\/p>\n<p>Selon les exigences et le domaine d&rsquo;application, nous proposons \u00e9galement divers pour ce conteneur maritime. Modifications et transformations.<\/p>\n","protected":false},"excerpt":{"rendered":"<div>HAUT CUBE Box\/HC - conteneur maritime<\/div>\n<p><span style=\"color: #000000;\"><strong>COULEURS: <\/strong><\/span><br \/>\n<span style=\"color: #000000;\">RAL 5010 (bleu gentiane)<\/span><br \/>\n<span style=\"color: #000000;\">RAL 5013 (bleu cobalt)<\/span><br \/>\n<span style=\"color: #000000;\">RAL 7035 (gris clair)<\/span><\/p>\n<p><span style=\"color: #00ff00;\">\u2714<\/span> ISO standardis\u00e9e<br \/>\n<span style=\"color: #00ff00;\">\u2714<\/span> coupe- vent et imperm\u00e9able<br \/>\n<span style=\"color: #00ff00;\">\u2714<\/span> Acier Corten (acier tremp\u00e9 et r\u00e9sistant aux intemp\u00e9ries)<br \/>\n<span style=\"color: #00ff00;\">\u2714<\/span> valide CSC Badge (environ 4-5 ans)<br \/>\n<span style=\"color: #00ff00;\">\u2714<\/span> <strong>D\u00e9douan\u00e9<\/strong> en Suisse<br \/>\n<span style=\"color: #00ff00;\">\u2714<\/span> empilable<br \/>\n<span style=\"color: #00ff00;\">\u2714<\/span> Parquet<br \/>\n<span style=\"color: #00ff00;\">\u2714<\/span> Bo\u00eete de verrouillage (hors serrure)<\/p>\n<p><a href=\"https:\/\/kschmied.ch\/fr\/requete-de-prix\/\" class=\"btn-back\">Retour \u00e0 l&rsquo;aper\u00e7u<\/a><\/p>\n<p>&nbsp;<\/p>\n","protected":false},"featured_media":27950,"template":"","meta":{"_acf_changed":false},"product_brand":[],"product_cat":[707,706],"product_tag":[],"class_list":{"0":"post-27949","1":"product","2":"type-product","3":"status-publish","4":"has-post-thumbnail","6":"product_cat-conteneur-de-stockage","7":"product_cat-conteneur-maritime","8":"pa_ausfuehrung-high-cube-fr","9":"pa_aussenmasse-12192-x-2438-x-2896-mm-norme-iso","10":"pa_boden-bois-bambou-plancher-acier-sur-demande","11":"pa_containertyp-conteneur-de-stockage","12":"pa_containertyp-conteneur-maritime","13":"pa_eigengewicht-3600-kg-4200-kg-selon-lannee-de-construction-et-la-serie-de-modeles","14":"pa_groesse-40-pieds-l-12m","15":"pa_haftungsausschluss-sous-reserve-derreurs-et-de-modifications-techniques","16":"pa_innenmasse-12032-x-2350-x-2690-mm-40-mm-selon-lannee-de-construction-et-le-type","17":"pa_option-acheter","18":"pa_tueroeffnung-2340-x-2580-mm-20-mm-selon-lannee-de-construction-et-le-type","19":"pa_volumen-conteneur-maritime-40-high-cube","20":"pa_zuladung-max-26-t","21":"pa_zustand-nouveau","23":"first","24":"instock","25":"taxable","26":"shipping-taxable","27":"purchasable","28":"product-type-simple"},"acf":[],"yoast_head":"<!-- This site is optimized with the Yoast SEO Premium plugin v27.4 (Yoast SEO v27.4) - https:\/\/yoast.com\/product\/yoast-seo-premium-wordpress\/ -->\n<title>Conteneur maritime 40&#039; HIGH CUBE, NEUF\/comme neuf - K. Schmied AG \u2013 Conteneurs &amp; Exp\u00e9dition Suisse<\/title>\n<meta name=\"robots\" content=\"index, follow, max-snippet:-1, max-image-preview:large, max-video-preview:-1\" \/>\n<link rel=\"canonical\" href=\"https:\/\/kschmied.ch\/fr\/container\/preisanfrage\/40-highcube-conteneur-maritime-neuf\/\" \/>\n<meta property=\"og:locale\" content=\"fr_FR\" \/>\n<meta property=\"og:type\" content=\"article\" \/>\n<meta property=\"og:title\" content=\"Conteneur maritime 40&#039; HIGH CUBE, NEUF\/comme neuf\" \/>\n<meta property=\"og:description\" content=\"HAUT CUBE Box\/HC - conteneur maritime COULEURS: RAL 5010 (bleu gentiane) RAL 5013 (bleu cobalt) RAL 7035 (gris clair) \u2714 ISO standardis\u00e9e \u2714 coupe- vent et imperm\u00e9able \u2714 Acier Corten (acier tremp\u00e9 et r\u00e9sistant aux intemp\u00e9ries) \u2714 valide CSC Badge (environ 4-5 ans) \u2714 D\u00e9douan\u00e9 en Suisse \u2714 empilable \u2714 Parquet \u2714 Bo\u00eete de verrouillage (hors serrure) Retour \u00e0 l&#039;aper\u00e7u &nbsp;\" \/>\n<meta property=\"og:url\" content=\"https:\/\/kschmied.ch\/fr\/container\/preisanfrage\/40-highcube-conteneur-maritime-neuf\/\" \/>\n<meta property=\"og:site_name\" content=\"K. Schmied AG \u2013 Conteneurs &amp; Exp\u00e9dition Suisse\" \/>\n<meta property=\"article:modified_time\" content=\"2025-11-19T10:34:10+00:00\" \/>\n<meta property=\"og:image\" content=\"https:\/\/kschmied.ch\/wp-content\/uploads\/2019\/07\/20HighCube_Seecontainer.jpg\" \/>\n\t<meta property=\"og:image:width\" content=\"740\" \/>\n\t<meta property=\"og:image:height\" content=\"540\" \/>\n\t<meta property=\"og:image:type\" content=\"image\/jpeg\" \/>\n<meta name=\"twitter:card\" content=\"summary_large_image\" \/>\n<meta name=\"twitter:label1\" content=\"Prix\" \/>\n\t<meta name=\"twitter:data1\" content=\"&#067;&#072;&#070;&nbsp;4&#039;600.00 exkl. MwSt., Lieferung und Ablad\" \/>\n\t<meta name=\"twitter:label2\" content=\"Disponibilit\u00e9\" \/>\n\t<meta name=\"twitter:data2\" content=\"En stock\" \/>\n<meta property=\"product:price:amount\" content=\"4600.00\" \/>\n<meta property=\"product:price:currency\" content=\"CHF\" \/>\n<meta property=\"og:availability\" content=\"instock\" \/>\n<meta property=\"product:availability\" content=\"instock\" \/>\n<meta property=\"product:retailer_item_id\" content=\"HCDV40N\" \/>\n<meta property=\"product:condition\" content=\"new\" \/>\n<!-- \/ Yoast SEO Premium plugin. -->","yoast_head_json":{"title":"Conteneur maritime 40' HIGH CUBE, NEUF\/comme neuf - K. Schmied AG \u2013 Conteneurs &amp; Exp\u00e9dition Suisse","robots":{"index":"index","follow":"follow","max-snippet":"max-snippet:-1","max-image-preview":"max-image-preview:large","max-video-preview":"max-video-preview:-1"},"canonical":"https:\/\/kschmied.ch\/fr\/container\/preisanfrage\/40-highcube-conteneur-maritime-neuf\/","og_locale":"fr_FR","og_type":"article","og_title":"Conteneur maritime 40' HIGH CUBE, NEUF\/comme neuf","og_description":"HAUT CUBE Box\/HC - conteneur maritime COULEURS: RAL 5010 (bleu gentiane) RAL 5013 (bleu cobalt) RAL 7035 (gris clair) \u2714 ISO standardis\u00e9e \u2714 coupe- vent et imperm\u00e9able \u2714 Acier Corten (acier tremp\u00e9 et r\u00e9sistant aux intemp\u00e9ries) \u2714 valide CSC Badge (environ 4-5 ans) \u2714 D\u00e9douan\u00e9 en Suisse \u2714 empilable \u2714 Parquet \u2714 Bo\u00eete de verrouillage (hors serrure) Retour \u00e0 l'aper\u00e7u &nbsp;","og_url":"https:\/\/kschmied.ch\/fr\/container\/preisanfrage\/40-highcube-conteneur-maritime-neuf\/","og_site_name":"K. Schmied AG \u2013 Conteneurs &amp; Exp\u00e9dition Suisse","article_modified_time":"2025-11-19T10:34:10+00:00","og_image":[{"width":740,"height":540,"url":"https:\/\/kschmied.ch\/wp-content\/uploads\/2019\/07\/20HighCube_Seecontainer.jpg","type":"image\/jpeg"}],"twitter_card":"summary_large_image","twitter_misc":{"Prix":"&#67;&#72;&#70;&nbsp;4'600.00 exkl. MwSt., Lieferung und Ablad","Disponibilit\u00e9":"En stock"},"schema":{"@context":"https:\/\/schema.org","@graph":[{"@type":"WebPage","@id":"https:\/\/kschmied.ch\/fr\/container\/preisanfrage\/40-highcube-conteneur-maritime-neuf\/","url":"https:\/\/kschmied.ch\/fr\/container\/preisanfrage\/40-highcube-conteneur-maritime-neuf\/","name":"Conteneur maritime 40' HIGH CUBE, NEUF\/comme neuf - K. Schmied AG \u2013 Conteneurs &amp; Exp\u00e9dition Suisse","isPartOf":{"@id":"https:\/\/kschmied.ch\/fr\/#website"},"primaryImageOfPage":{"@id":"https:\/\/kschmied.ch\/fr\/container\/preisanfrage\/40-highcube-conteneur-maritime-neuf\/#primaryimage"},"image":{"@id":"https:\/\/kschmied.ch\/fr\/container\/preisanfrage\/40-highcube-conteneur-maritime-neuf\/#primaryimage"},"thumbnailUrl":"https:\/\/kschmied.ch\/wp-content\/uploads\/2019\/07\/20HighCube_Seecontainer.jpg","datePublished":"2019-07-19T13:55:32+00:00","dateModified":"2025-11-19T10:34:10+00:00","breadcrumb":{"@id":"https:\/\/kschmied.ch\/fr\/container\/preisanfrage\/40-highcube-conteneur-maritime-neuf\/#breadcrumb"},"inLanguage":"fr-FR","potentialAction":[{"@type":"ReadAction","target":["https:\/\/kschmied.ch\/fr\/container\/preisanfrage\/40-highcube-conteneur-maritime-neuf\/"]}]},{"@type":"ImageObject","inLanguage":"fr-FR","@id":"https:\/\/kschmied.ch\/fr\/container\/preisanfrage\/40-highcube-conteneur-maritime-neuf\/#primaryimage","url":"https:\/\/kschmied.ch\/wp-content\/uploads\/2019\/07\/20HighCube_Seecontainer.jpg","contentUrl":"https:\/\/kschmied.ch\/wp-content\/uploads\/2019\/07\/20HighCube_Seecontainer.jpg","width":740,"height":540,"caption":"40' High Cube Box conteneur maritime"},{"@type":"BreadcrumbList","@id":"https:\/\/kschmied.ch\/fr\/container\/preisanfrage\/40-highcube-conteneur-maritime-neuf\/#breadcrumb","itemListElement":[{"@type":"ListItem","position":1,"name":"Accueil","item":"https:\/\/kschmied.ch\/fr\/"},{"@type":"ListItem","position":2,"name":"Conteneur maritime 40&#8242; HIGH CUBE, NEUF\/comme neuf"}]},{"@type":"WebSite","@id":"https:\/\/kschmied.ch\/fr\/#website","url":"https:\/\/kschmied.ch\/fr\/","name":"K. SCHMIED AG","description":"Commerce suisse de conteneurs &amp; exp\u00e9dition depuis 1979","publisher":{"@id":"https:\/\/kschmied.ch\/fr\/#organization"},"alternateName":"K. SCHMIED AG","potentialAction":[{"@type":"SearchAction","target":{"@type":"EntryPoint","urlTemplate":"https:\/\/kschmied.ch\/fr\/?s={search_term_string}"},"query-input":{"@type":"PropertyValueSpecification","valueRequired":true,"valueName":"search_term_string"}}],"inLanguage":"fr-FR"},{"@type":"Organization","@id":"https:\/\/kschmied.ch\/fr\/#organization","name":"K. SCHMIED AG","alternateName":"K. SCHMIED AG","url":"https:\/\/kschmied.ch\/fr\/","logo":{"@type":"ImageObject","inLanguage":"fr-FR","@id":"https:\/\/kschmied.ch\/fr\/#\/schema\/logo\/image\/","url":"https:\/\/kschmied.ch\/wp-content\/uploads\/2020\/07\/LOGO-gross.jpg","contentUrl":"https:\/\/kschmied.ch\/wp-content\/uploads\/2020\/07\/LOGO-gross.jpg","width":770,"height":240,"caption":"K. SCHMIED AG"},"image":{"@id":"https:\/\/kschmied.ch\/fr\/#\/schema\/logo\/image\/"},"sameAs":["https:\/\/ch.linkedin.com\/company\/k-schmied-ag"],"description":"K. SCHMIED AG ist ein f\u00fchrendes Unternehmen im Bereich Containerverkauf und -vermietung in der Schweiz. Mit langj\u00e4hriger Erfahrung bieten wir unseren Kunden robuste, langlebige Seecontainer, Lagercontainer und Schnellbaucontainer in verschiedenen Gr\u00f6\u00dfen und Ausf\u00fchrungen. Unser Service umfasst auch Transportl\u00f6sungen, ma\u00dfgeschneiderte Containeranforderungen und weltweiten Versand. Qualit\u00e4t, Kundenzufriedenheit und Zuverl\u00e4ssigkeit stehen bei uns an erster Stelle.","email":"info@kschmied.ch","telephone":"041 811 30 03","legalName":"K. SCHMIED internat. Transporte & Handels AG","foundingDate":"1979-01-01","vatID":"CHE-107.962.018 MWST","taxID":"CHE-107.962.018 MWST","numberOfEmployees":{"@type":"QuantitativeValue","minValue":"1","maxValue":"10"}}]},"product_price_amount":"4600.00","product_price_currency":"CHF","og_availability":"instock","product_availability":"instock","product_retailer_item_id":"HCDV40N","product_condition":"new"},"_links":{"self":[{"href":"https:\/\/kschmied.ch\/fr\/wp-json\/wp\/v2\/product\/27949","targetHints":{"allow":["GET"]}}],"collection":[{"href":"https:\/\/kschmied.ch\/fr\/wp-json\/wp\/v2\/product"}],"about":[{"href":"https:\/\/kschmied.ch\/fr\/wp-json\/wp\/v2\/types\/product"}],"wp:featuredmedia":[{"embeddable":true,"href":"https:\/\/kschmied.ch\/fr\/wp-json\/wp\/v2\/media\/27950"}],"wp:attachment":[{"href":"https:\/\/kschmied.ch\/fr\/wp-json\/wp\/v2\/media?parent=27949"}],"wp:term":[{"taxonomy":"product_brand","embeddable":true,"href":"https:\/\/kschmied.ch\/fr\/wp-json\/wp\/v2\/product_brand?post=27949"},{"taxonomy":"product_cat","embeddable":true,"href":"https:\/\/kschmied.ch\/fr\/wp-json\/wp\/v2\/product_cat?post=27949"},{"taxonomy":"product_tag","embeddable":true,"href":"https:\/\/kschmied.ch\/fr\/wp-json\/wp\/v2\/product_tag?post=27949"}],"curies":[{"name":"wp","href":"https:\/\/api.w.org\/{rel}","templated":true}]}}