{"id":27259,"date":"2019-12-11T17:44:47","date_gmt":"2019-12-11T16:44:47","guid":{"rendered":"https:\/\/www.kschmied.ch\/produkt\/conteneur-a-montage-rapide-4x2m-porte-1-vantail\/"},"modified":"2025-11-19T11:34:47","modified_gmt":"2025-11-19T10:34:47","slug":"quick-build-container-4x2m-1-wing-door-copy","status":"publish","type":"product","link":"https:\/\/kschmied.ch\/fr\/container\/preisanfrage\/quick-build-container-4x2m-1-wing-door-copy\/","title":{"rendered":"Conteneur \u00e0 montage rapide 4x2m, porte 1 vantail"},"content":{"rendered":"<p>Les <strong>conteneurs \u00e0 construction rapide<\/strong> sont polyvalents. Que ce soit sur les chantiers de construction comme pour l&rsquo;industrie, le commerce ou le secteur priv\u00e9 &gt;   <strong>flexible, mobile<\/strong> et pourtant stable et rapide \u00e0 monter (montage sans outil).<\/p>\n<p>Ce conteneur \u00e0 montage rapide est \u00e9quip\u00e9 d&rsquo;une entretoise pour le transport avec un chariot \u00e9l\u00e9vateur et pour la ventilation au sol.<\/p>\n<p>Sur demande, ce conteneur \u00e0 montage rapide peut \u00e9galement \u00eatre livr\u00e9 sans plancher. Cela permet un acc\u00e8s sans seuil.<\/p>\n<p>&nbsp;<\/p>\n<p><strong>ZONE D&rsquo;APPLICATION:<\/strong><\/p>\n<ul>\n<li>Entrep\u00f4t de mat\u00e9riaux, magazine sur les chantiers<\/li>\n<li>Stockage libre-service<\/li>\n<\/ul>\n<p>&nbsp;<\/p>\n<p><strong>LIVRAISON:<\/strong><\/p>\n<ul>\n<li>Livraison d\u00e9mont\u00e9e (les instructions de montage illustr\u00e9es sont incluses)<\/li>\n<li>Livraison sans d\u00e9chargement (= par le client) &gt;  D\u00e9chargement avec grue (sur demande)<\/li>\n<\/ul>\n","protected":false},"excerpt":{"rendered":"<p>Conteneur \u00e0 montage rapide - SC3000<\/p>\n<p><span style=\"color: #00ff00;\">\u2714<\/span> Configuration sans outils (facile &amp; rapide)<br \/>\n<span style=\"color: #00ff00;\">\u2714<\/span> T\u00f4le d&rsquo;acier galvanis\u00e9e<br \/>\n<span style=\"color: #00ff00;\">\u2714<\/span> 4 anneaux de levage pour le transport (jusqu&rsquo;\u00e0 3 t peuvent \u00eatre lev\u00e9s)<br \/>\n<span style=\"color: #00ff00;\">\u2714<\/span> Entretoises pour le transport par chariot \u00e9l\u00e9vateur et pour la ventilation au sol<br \/>\n<span style=\"color: #00ff00;\">\u2714<\/span> S\u00e9curit\u00e9 charge de neige 210 kg\/m2<br \/>\n<span style=\"color: #00ff00;\">\u2714<\/span> Plancher en bois OSB stable<br \/>\n<span style=\"color: #00ff00;\">\u2714<\/span> Capacit\u00e9 de charge au sol 500 kg\/m2<br \/>\n<span style=\"color: #00ff00;\">\u2714<\/span> Test\u00e9 par le T\u00dcV<\/p>\n<p><a href=\"https:\/\/kschmied.ch\/fr\/requete-de-prix\/\" class=\"btn-back\">Retour \u00e0 l&rsquo;aper\u00e7u<\/a><\/p>\n<p>&nbsp;<\/p>\n","protected":false},"featured_media":27260,"template":"","meta":{"_acf_changed":false},"product_brand":[],"product_cat":[795,707],"product_tag":[],"class_list":{"0":"post-27259","1":"product","2":"type-product","3":"status-publish","4":"has-post-thumbnail","6":"product_cat-conteneur-de-construction-rapide","7":"product_cat-conteneur-de-stockage","8":"pa_aussenmasse-4100-x-2100-x-2100-mm","9":"pa_boden-parquet-osb","10":"pa_containertyp-conteneur-de-construction-rapide","11":"pa_containertyp-conteneur-de-stockage","12":"pa_eigengewicht-450-kg","13":"pa_groesse-13-pieds-l-4m","14":"pa_haftungsausschluss-sous-reserve-derreurs-et-de-modifications-techniques","15":"pa_innenmasse-3975-x-1975-x-1935-mm","16":"pa_option-acheter","17":"pa_tueroeffnung-1150-x-1890-mm-face-avant-1-vantail","18":"pa_volumen-environ-15-m3","19":"pa_zuladung-max-3925-kg-500-kg-m2","20":"pa_zustand-nouveau","22":"first","23":"onbackorder","24":"taxable","25":"shipping-taxable","26":"product-type-simple"},"acf":[],"yoast_head":"<!-- This site is optimized with the Yoast SEO Premium plugin v27.4 (Yoast SEO v27.4) - https:\/\/yoast.com\/product\/yoast-seo-premium-wordpress\/ -->\n<title>Conteneur \u00e0 montage rapide 4x2m, porte 1 vantail - K. Schmied AG \u2013 Conteneurs &amp; Exp\u00e9dition Suisse<\/title>\n<meta name=\"robots\" content=\"index, follow, max-snippet:-1, max-image-preview:large, max-video-preview:-1\" \/>\n<link rel=\"canonical\" href=\"https:\/\/kschmied.ch\/fr\/container\/preisanfrage\/quick-build-container-4x2m-1-wing-door-copy\/\" \/>\n<meta property=\"og:locale\" content=\"fr_FR\" \/>\n<meta property=\"og:type\" content=\"article\" \/>\n<meta property=\"og:title\" content=\"Conteneur \u00e0 montage rapide 4x2m, porte 1 vantail\" \/>\n<meta property=\"og:description\" content=\"Conteneur \u00e0 montage rapide - SC3000 \u2714 Configuration sans outils (facile &amp; rapide) \u2714 T\u00f4le d&#039;acier galvanis\u00e9e \u2714 4 anneaux de levage pour le transport (jusqu&#039;\u00e0 3 t peuvent \u00eatre lev\u00e9s) \u2714 Entretoises pour le transport par chariot \u00e9l\u00e9vateur et pour la ventilation au sol \u2714 S\u00e9curit\u00e9 charge de neige 210 kg\/m2 \u2714 Plancher en bois OSB stable \u2714 Capacit\u00e9 de charge au sol 500 kg\/m2 \u2714 Test\u00e9 par le T\u00dcV Retour \u00e0 l&#039;aper\u00e7u &nbsp;\" \/>\n<meta property=\"og:url\" content=\"https:\/\/kschmied.ch\/fr\/container\/preisanfrage\/quick-build-container-4x2m-1-wing-door-copy\/\" \/>\n<meta property=\"og:site_name\" content=\"K. Schmied AG \u2013 Conteneurs &amp; Exp\u00e9dition Suisse\" \/>\n<meta property=\"article:modified_time\" content=\"2025-11-19T10:34:47+00:00\" \/>\n<meta property=\"og:image\" content=\"https:\/\/kschmied.ch\/wp-content\/uploads\/2019\/12\/Schnellbaucontainer4x2.jpg\" \/>\n\t<meta property=\"og:image:width\" content=\"740\" \/>\n\t<meta property=\"og:image:height\" content=\"540\" \/>\n\t<meta property=\"og:image:type\" content=\"image\/jpeg\" \/>\n<meta name=\"twitter:card\" content=\"summary_large_image\" \/>\n<meta name=\"twitter:label1\" content=\"Prix\" \/>\n\t<meta name=\"twitter:data1\" content=\"\" \/>\n\t<meta name=\"twitter:label2\" content=\"Disponibilit\u00e9\" \/>\n\t<meta name=\"twitter:data2\" content=\"En r\u00e9assort\" \/>\n<meta property=\"product:price:currency\" content=\"CHF\" \/>\n<meta property=\"og:availability\" content=\"backorder\" \/>\n<meta property=\"product:availability\" content=\"available for order\" \/>\n<meta property=\"product:retailer_item_id\" content=\"S4X2-1F\" \/>\n<meta property=\"product:condition\" content=\"new\" \/>\n<!-- \/ Yoast SEO Premium plugin. -->","yoast_head_json":{"title":"Conteneur \u00e0 montage rapide 4x2m, porte 1 vantail - K. Schmied AG \u2013 Conteneurs &amp; Exp\u00e9dition Suisse","robots":{"index":"index","follow":"follow","max-snippet":"max-snippet:-1","max-image-preview":"max-image-preview:large","max-video-preview":"max-video-preview:-1"},"canonical":"https:\/\/kschmied.ch\/fr\/container\/preisanfrage\/quick-build-container-4x2m-1-wing-door-copy\/","og_locale":"fr_FR","og_type":"article","og_title":"Conteneur \u00e0 montage rapide 4x2m, porte 1 vantail","og_description":"Conteneur \u00e0 montage rapide - SC3000 \u2714 Configuration sans outils (facile &amp; rapide) \u2714 T\u00f4le d'acier galvanis\u00e9e \u2714 4 anneaux de levage pour le transport (jusqu'\u00e0 3 t peuvent \u00eatre lev\u00e9s) \u2714 Entretoises pour le transport par chariot \u00e9l\u00e9vateur et pour la ventilation au sol \u2714 S\u00e9curit\u00e9 charge de neige 210 kg\/m2 \u2714 Plancher en bois OSB stable \u2714 Capacit\u00e9 de charge au sol 500 kg\/m2 \u2714 Test\u00e9 par le T\u00dcV Retour \u00e0 l'aper\u00e7u &nbsp;","og_url":"https:\/\/kschmied.ch\/fr\/container\/preisanfrage\/quick-build-container-4x2m-1-wing-door-copy\/","og_site_name":"K. Schmied AG \u2013 Conteneurs &amp; Exp\u00e9dition Suisse","article_modified_time":"2025-11-19T10:34:47+00:00","og_image":[{"width":740,"height":540,"url":"https:\/\/kschmied.ch\/wp-content\/uploads\/2019\/12\/Schnellbaucontainer4x2.jpg","type":"image\/jpeg"}],"twitter_card":"summary_large_image","twitter_misc":{"Prix":"","Disponibilit\u00e9":"En r\u00e9assort"},"schema":{"@context":"https:\/\/schema.org","@graph":[{"@type":"WebPage","@id":"https:\/\/kschmied.ch\/fr\/container\/preisanfrage\/quick-build-container-4x2m-1-wing-door-copy\/","url":"https:\/\/kschmied.ch\/fr\/container\/preisanfrage\/quick-build-container-4x2m-1-wing-door-copy\/","name":"Conteneur \u00e0 montage rapide 4x2m, porte 1 vantail - K. Schmied AG \u2013 Conteneurs &amp; Exp\u00e9dition Suisse","isPartOf":{"@id":"https:\/\/kschmied.ch\/fr\/#website"},"primaryImageOfPage":{"@id":"https:\/\/kschmied.ch\/fr\/container\/preisanfrage\/quick-build-container-4x2m-1-wing-door-copy\/#primaryimage"},"image":{"@id":"https:\/\/kschmied.ch\/fr\/container\/preisanfrage\/quick-build-container-4x2m-1-wing-door-copy\/#primaryimage"},"thumbnailUrl":"https:\/\/kschmied.ch\/wp-content\/uploads\/2019\/12\/Schnellbaucontainer4x2.jpg","datePublished":"2019-12-11T16:44:47+00:00","dateModified":"2025-11-19T10:34:47+00:00","breadcrumb":{"@id":"https:\/\/kschmied.ch\/fr\/container\/preisanfrage\/quick-build-container-4x2m-1-wing-door-copy\/#breadcrumb"},"inLanguage":"fr-FR","potentialAction":[{"@type":"ReadAction","target":["https:\/\/kschmied.ch\/fr\/container\/preisanfrage\/quick-build-container-4x2m-1-wing-door-copy\/"]}]},{"@type":"ImageObject","inLanguage":"fr-FR","@id":"https:\/\/kschmied.ch\/fr\/container\/preisanfrage\/quick-build-container-4x2m-1-wing-door-copy\/#primaryimage","url":"https:\/\/kschmied.ch\/wp-content\/uploads\/2019\/12\/Schnellbaucontainer4x2.jpg","contentUrl":"https:\/\/kschmied.ch\/wp-content\/uploads\/2019\/12\/Schnellbaucontainer4x2.jpg","width":740,"height":540,"caption":"Conteneur \u00e0 montage rapide, 3x2m, 1 vantail"},{"@type":"BreadcrumbList","@id":"https:\/\/kschmied.ch\/fr\/container\/preisanfrage\/quick-build-container-4x2m-1-wing-door-copy\/#breadcrumb","itemListElement":[{"@type":"ListItem","position":1,"name":"Accueil","item":"https:\/\/kschmied.ch\/fr\/"},{"@type":"ListItem","position":2,"name":"Conteneur \u00e0 montage rapide 4x2m, porte 1 vantail"}]},{"@type":"WebSite","@id":"https:\/\/kschmied.ch\/fr\/#website","url":"https:\/\/kschmied.ch\/fr\/","name":"K. SCHMIED AG","description":"Commerce suisse de conteneurs &amp; exp\u00e9dition depuis 1979","publisher":{"@id":"https:\/\/kschmied.ch\/fr\/#organization"},"alternateName":"K. SCHMIED AG","potentialAction":[{"@type":"SearchAction","target":{"@type":"EntryPoint","urlTemplate":"https:\/\/kschmied.ch\/fr\/?s={search_term_string}"},"query-input":{"@type":"PropertyValueSpecification","valueRequired":true,"valueName":"search_term_string"}}],"inLanguage":"fr-FR"},{"@type":"Organization","@id":"https:\/\/kschmied.ch\/fr\/#organization","name":"K. SCHMIED AG","alternateName":"K. SCHMIED AG","url":"https:\/\/kschmied.ch\/fr\/","logo":{"@type":"ImageObject","inLanguage":"fr-FR","@id":"https:\/\/kschmied.ch\/fr\/#\/schema\/logo\/image\/","url":"https:\/\/kschmied.ch\/wp-content\/uploads\/2020\/07\/LOGO-gross.jpg","contentUrl":"https:\/\/kschmied.ch\/wp-content\/uploads\/2020\/07\/LOGO-gross.jpg","width":770,"height":240,"caption":"K. SCHMIED AG"},"image":{"@id":"https:\/\/kschmied.ch\/fr\/#\/schema\/logo\/image\/"},"sameAs":["https:\/\/ch.linkedin.com\/company\/k-schmied-ag"],"description":"K. SCHMIED AG ist ein f\u00fchrendes Unternehmen im Bereich Containerverkauf und -vermietung in der Schweiz. Mit langj\u00e4hriger Erfahrung bieten wir unseren Kunden robuste, langlebige Seecontainer, Lagercontainer und Schnellbaucontainer in verschiedenen Gr\u00f6\u00dfen und Ausf\u00fchrungen. Unser Service umfasst auch Transportl\u00f6sungen, ma\u00dfgeschneiderte Containeranforderungen und weltweiten Versand. Qualit\u00e4t, Kundenzufriedenheit und Zuverl\u00e4ssigkeit stehen bei uns an erster Stelle.","email":"info@kschmied.ch","telephone":"041 811 30 03","legalName":"K. SCHMIED internat. Transporte & Handels AG","foundingDate":"1979-01-01","vatID":"CHE-107.962.018 MWST","taxID":"CHE-107.962.018 MWST","numberOfEmployees":{"@type":"QuantitativeValue","minValue":"1","maxValue":"10"}}]},"product_price_currency":"CHF","og_availability":"backorder","product_availability":"available for order","product_retailer_item_id":"S4X2-1F","product_condition":"new"},"_links":{"self":[{"href":"https:\/\/kschmied.ch\/fr\/wp-json\/wp\/v2\/product\/27259","targetHints":{"allow":["GET"]}}],"collection":[{"href":"https:\/\/kschmied.ch\/fr\/wp-json\/wp\/v2\/product"}],"about":[{"href":"https:\/\/kschmied.ch\/fr\/wp-json\/wp\/v2\/types\/product"}],"wp:featuredmedia":[{"embeddable":true,"href":"https:\/\/kschmied.ch\/fr\/wp-json\/wp\/v2\/media\/27260"}],"wp:attachment":[{"href":"https:\/\/kschmied.ch\/fr\/wp-json\/wp\/v2\/media?parent=27259"}],"wp:term":[{"taxonomy":"product_brand","embeddable":true,"href":"https:\/\/kschmied.ch\/fr\/wp-json\/wp\/v2\/product_brand?post=27259"},{"taxonomy":"product_cat","embeddable":true,"href":"https:\/\/kschmied.ch\/fr\/wp-json\/wp\/v2\/product_cat?post=27259"},{"taxonomy":"product_tag","embeddable":true,"href":"https:\/\/kschmied.ch\/fr\/wp-json\/wp\/v2\/product_tag?post=27259"}],"curies":[{"name":"wp","href":"https:\/\/api.w.org\/{rel}","templated":true}]}}