{"id":27009,"date":"2020-04-22T10:14:19","date_gmt":"2020-04-22T08:14:19","guid":{"rendered":"https:\/\/www.kschmied.ch\/produkt\/conteneur-maritime-20-isole-neuf-comme-neuf\/"},"modified":"2026-03-09T17:22:03","modified_gmt":"2026-03-09T16:22:03","slug":"20-box-conteneuer-maritime-neuf-comme-neuf-isole","status":"publish","type":"product","link":"https:\/\/kschmied.ch\/fr\/container\/preisanfrage\/20-box-conteneuer-maritime-neuf-comme-neuf-isole\/","title":{"rendered":"Conteneur maritime 20&prime; ISOL\u00c9, NEUF \/ comme neuf"},"content":{"rendered":"<p><strong>Les conteneurs maritimes de 20 pieds, ISOL\u00c9S<\/strong> <strong>,<\/strong> sont des conteneurs en acier normalis\u00e9s qui ne sont pas seulement utilis\u00e9s pour les transports outre-mer. Il a une porte \u00e0 double battant qui peut \u00eatre ferm\u00e9e \u00e0 l&rsquo;aide de barres de verrouillage.<\/p>\n<p>Dans cette conception, les parois lat\u00e9rales, le toit et le sol sont <strong>isol\u00e9s<\/strong> thermiquement de sorte que le conteneur est moins sensible aux fluctuations de temp\u00e9rature externes. Gr\u00e2ce \u00e0 l&rsquo;isolation, le froid et la chaleur ont moins d&rsquo;impact sur les temp\u00e9ratures internes.<\/p>\n<p>&nbsp;<\/p>\n<p><strong>ISOLATION:<\/strong><\/p>\n<p><strong>Parois lat\u00e9rales et toit :<\/strong> laine min\u00e9rale 60 mm - densit\u00e9 70 kg\/m3<br \/>\n<strong>Porte :<\/strong> 50mm de laine min\u00e9rale - densit\u00e9 70 kg\/m3<br \/>\n(sous r\u00e9serve d&rsquo;erreurs et de modifications techniques)<\/p>\n<p>&nbsp;<\/p>\n<p><strong>ZONE D&rsquo;APPLICATION:<\/strong><\/p>\n<ul>\n<li>Conteneur de transport<\/li>\n<li>Stockage pour produits exigeants<\/li>\n<\/ul>\n<p>&nbsp;<\/p>\n<p>Si les conteneurs sont en outre refroidis ou chauff\u00e9s, vous trouverez sous la rubrique \u00ab<a href=\"https:\/\/www.kschmied.ch\/container\/shop\/?swoof=1&amp;product_cat=kuehlcontainer\"> conteneurs r\u00e9frig\u00e9r\u00e9s<\/a> \u00bb des conteneurs maritimes r\u00e9frig\u00e9r\u00e9s qui sont \u00e9quip\u00e9s d&rsquo;un groupe frigorifique correspondant.<\/p>\n<p>____________________________________________________________________________________<\/p>\n<p><strong>\u00c9TAT - NEUF \/ COMME NEUF :<\/strong><\/p>\n<p>Les conteneurs maritimes \u00ab NEUF \/ comme neuf \u00bb sont des conteneurs <strong>NEUF<\/strong> qui sont principalement fabriqu\u00e9s en Asie et sont g\u00e9n\u00e9ralement exp\u00e9di\u00e9s avec un seul chargement vers l&rsquo;Europe. Pour cette raison, le terme \u00ab comme neuf \u00bb est souvent utilis\u00e9.<\/p>\n<p>Le chargement et le d\u00e9chargement des conteneurs, ainsi que la manutention et le transport, peuvent entra\u00eener de l\u00e9g\u00e8res abrasions et des bosses mineures \u00e0 l&rsquo;int\u00e9rieur et \u00e0 l&rsquo;ext\u00e9rieur.<\/p>\n<p>&nbsp;<\/p>\n<p><strong>MODIFICATIONS:<\/strong><\/p>\n<p>Selon les exigences et le domaine d&rsquo;application, nous proposons \u00e9galement divers pour ce conteneur maritime. Modifications et transformations.<\/p>\n","protected":false},"excerpt":{"rendered":"<p>Box \/ DV \/ TEU - conteneur d&rsquo;exp\u00e9dition, <strong>ISOL\u00c9<\/strong><\/p>\n<p><span style=\"color: #000000;\"><strong>COULEURS:<\/strong> <\/span><br \/>\n<span style=\"color: #000000;\">RAL 9010 (blanc pur)<br \/>\n(autres couleurs sur demande)<\/span><\/p>\n<p><span style=\"color: #00ff00;\">\u2714<\/span> ISO standardis\u00e9e<br \/>\n<span style=\"color: #00ff00;\">ISOLE<\/span> <strong>\/ ISOLE !<\/strong><br \/>\n<span style=\"color: #00ff00;\">\u2714<\/span> coupe- vent et imperm\u00e9able<br \/>\n<span style=\"color: #00ff00;\">\u2714<\/span> Acier Corten (acier tremp\u00e9 et r\u00e9sistant aux intemp\u00e9ries)<br \/>\n<span style=\"color: #00ff00;\">\u2714<\/span> valide CSC Badge (environ 4-5 ans)<br \/>\n<strong><span style=\"color: #ff0000;\">-<\/span> <span style=\"color: #ff0000;\">Sa<\/span><span style=\"color: #ff0000;\">ns<\/span> Poches de chariot \u00e9l\u00e9vateur<\/strong><\/p>\n<p><a class=\"btn-back\" href=\"https:\/\/kschmied.ch\/fr\/requete-de-prix\/\">Retour \u00e0 l&rsquo;aper\u00e7u<\/a><\/p>\n<p>&nbsp;<\/p>\n","protected":false},"featured_media":27010,"template":"","meta":{"_acf_changed":false},"product_brand":[],"product_cat":[707,706],"product_tag":[],"class_list":{"0":"post-27009","1":"product","2":"type-product","3":"status-publish","4":"has-post-thumbnail","6":"product_cat-conteneur-de-stockage","7":"product_cat-conteneur-maritime","8":"pa_ausfuehrung-isole","9":"pa_aussenmasse-6058-x-2438-x-2591-mm-norme-iso","10":"pa_boden-bois-bambou-plancher-acier-sur-demande","11":"pa_containertyp-conteneur-de-stockage","12":"pa_containertyp-conteneur-maritime","13":"pa_eigengewicht-3300-kg-3800-kg-selon-lannee-de-construction-et-la-serie-de-modeles","14":"pa_groesse-20-pieds-l-6m","15":"pa_haftungsausschluss-sous-reserve-derreurs-et-de-modifications-techniques","16":"pa_innenmasse-5840-x-2220-x-2329-mm-30-mm-selon-lannee-de-construction-et-le-type","17":"pa_option-acheter","18":"pa_tueroeffnung-2340-x-2280-mm-20-mm-selon-lannee-de-construction-et-le-type","19":"pa_volumen-ca-30-m3","20":"pa_zuladung-max-26-t","21":"pa_zustand-nouveau","23":"first","24":"onbackorder","25":"taxable","26":"shipping-taxable","27":"product-type-simple"},"acf":[],"yoast_head":"<!-- This site is optimized with the Yoast SEO Premium plugin v27.4 (Yoast SEO v27.4) - https:\/\/yoast.com\/product\/yoast-seo-premium-wordpress\/ -->\n<title>Conteneur maritime 20&#039; ISOL\u00c9, NEUF \/ comme neuf - K. Schmied AG \u2013 Conteneurs &amp; Exp\u00e9dition Suisse<\/title>\n<meta name=\"robots\" content=\"index, follow, max-snippet:-1, max-image-preview:large, max-video-preview:-1\" \/>\n<link rel=\"canonical\" href=\"https:\/\/kschmied.ch\/fr\/container\/preisanfrage\/20-box-conteneuer-maritime-neuf-comme-neuf-isole\/\" \/>\n<meta property=\"og:locale\" content=\"fr_FR\" \/>\n<meta property=\"og:type\" content=\"article\" \/>\n<meta property=\"og:title\" content=\"Conteneur maritime 20&#039; ISOL\u00c9, NEUF \/ comme neuf\" \/>\n<meta property=\"og:description\" content=\"Box \/ DV \/ TEU - conteneur d&#039;exp\u00e9dition, ISOL\u00c9  COULEURS:  RAL 9010 (blanc pur) (autres couleurs sur demande)  \u2714 ISO standardis\u00e9e ISOLE \/ ISOLE ! \u2714 coupe- vent et imperm\u00e9able \u2714 Acier Corten (acier tremp\u00e9 et r\u00e9sistant aux intemp\u00e9ries) \u2714 valide CSC Badge (environ 4-5 ans) - Sans Poches de chariot \u00e9l\u00e9vateur  Retour \u00e0 l&#039;aper\u00e7u  &nbsp;\" \/>\n<meta property=\"og:url\" content=\"https:\/\/kschmied.ch\/fr\/container\/preisanfrage\/20-box-conteneuer-maritime-neuf-comme-neuf-isole\/\" \/>\n<meta property=\"og:site_name\" content=\"K. Schmied AG \u2013 Conteneurs &amp; Exp\u00e9dition Suisse\" \/>\n<meta property=\"article:modified_time\" content=\"2026-03-09T16:22:03+00:00\" \/>\n<meta property=\"og:image\" content=\"https:\/\/kschmied.ch\/wp-content\/uploads\/2020\/04\/20Fuss_isolierte_Container..jpg\" \/>\n\t<meta property=\"og:image:width\" content=\"740\" \/>\n\t<meta property=\"og:image:height\" content=\"540\" \/>\n\t<meta property=\"og:image:type\" content=\"image\/jpeg\" \/>\n<meta name=\"twitter:card\" content=\"summary_large_image\" \/>\n<meta name=\"twitter:label1\" content=\"Prix\" \/>\n\t<meta name=\"twitter:data1\" content=\"\" \/>\n\t<meta name=\"twitter:label2\" content=\"Disponibilit\u00e9\" \/>\n\t<meta name=\"twitter:data2\" content=\"En r\u00e9assort\" \/>\n<meta property=\"product:price:currency\" content=\"CHF\" \/>\n<meta property=\"og:availability\" content=\"backorder\" \/>\n<meta property=\"product:availability\" content=\"available for order\" \/>\n<meta property=\"product:retailer_item_id\" content=\"IDV20N\" \/>\n<meta property=\"product:condition\" content=\"new\" \/>\n<!-- \/ Yoast SEO Premium plugin. -->","yoast_head_json":{"title":"Conteneur maritime 20' ISOL\u00c9, NEUF \/ comme neuf - K. Schmied AG \u2013 Conteneurs &amp; Exp\u00e9dition Suisse","robots":{"index":"index","follow":"follow","max-snippet":"max-snippet:-1","max-image-preview":"max-image-preview:large","max-video-preview":"max-video-preview:-1"},"canonical":"https:\/\/kschmied.ch\/fr\/container\/preisanfrage\/20-box-conteneuer-maritime-neuf-comme-neuf-isole\/","og_locale":"fr_FR","og_type":"article","og_title":"Conteneur maritime 20' ISOL\u00c9, NEUF \/ comme neuf","og_description":"Box \/ DV \/ TEU - conteneur d'exp\u00e9dition, ISOL\u00c9  COULEURS:  RAL 9010 (blanc pur) (autres couleurs sur demande)  \u2714 ISO standardis\u00e9e ISOLE \/ ISOLE ! \u2714 coupe- vent et imperm\u00e9able \u2714 Acier Corten (acier tremp\u00e9 et r\u00e9sistant aux intemp\u00e9ries) \u2714 valide CSC Badge (environ 4-5 ans) - Sans Poches de chariot \u00e9l\u00e9vateur  Retour \u00e0 l'aper\u00e7u  &nbsp;","og_url":"https:\/\/kschmied.ch\/fr\/container\/preisanfrage\/20-box-conteneuer-maritime-neuf-comme-neuf-isole\/","og_site_name":"K. Schmied AG \u2013 Conteneurs &amp; Exp\u00e9dition Suisse","article_modified_time":"2026-03-09T16:22:03+00:00","og_image":[{"width":740,"height":540,"url":"https:\/\/kschmied.ch\/wp-content\/uploads\/2020\/04\/20Fuss_isolierte_Container..jpg","type":"image\/jpeg"}],"twitter_card":"summary_large_image","twitter_misc":{"Prix":"","Disponibilit\u00e9":"En r\u00e9assort"},"schema":{"@context":"https:\/\/schema.org","@graph":[{"@type":"WebPage","@id":"https:\/\/kschmied.ch\/fr\/container\/preisanfrage\/20-box-conteneuer-maritime-neuf-comme-neuf-isole\/","url":"https:\/\/kschmied.ch\/fr\/container\/preisanfrage\/20-box-conteneuer-maritime-neuf-comme-neuf-isole\/","name":"Conteneur maritime 20' ISOL\u00c9, NEUF \/ comme neuf - K. Schmied AG \u2013 Conteneurs &amp; Exp\u00e9dition Suisse","isPartOf":{"@id":"https:\/\/kschmied.ch\/fr\/#website"},"primaryImageOfPage":{"@id":"https:\/\/kschmied.ch\/fr\/container\/preisanfrage\/20-box-conteneuer-maritime-neuf-comme-neuf-isole\/#primaryimage"},"image":{"@id":"https:\/\/kschmied.ch\/fr\/container\/preisanfrage\/20-box-conteneuer-maritime-neuf-comme-neuf-isole\/#primaryimage"},"thumbnailUrl":"https:\/\/kschmied.ch\/wp-content\/uploads\/2020\/04\/20Fuss_isolierte_Container..jpg","datePublished":"2020-04-22T08:14:19+00:00","dateModified":"2026-03-09T16:22:03+00:00","breadcrumb":{"@id":"https:\/\/kschmied.ch\/fr\/container\/preisanfrage\/20-box-conteneuer-maritime-neuf-comme-neuf-isole\/#breadcrumb"},"inLanguage":"fr-FR","potentialAction":[{"@type":"ReadAction","target":["https:\/\/kschmied.ch\/fr\/container\/preisanfrage\/20-box-conteneuer-maritime-neuf-comme-neuf-isole\/"]}]},{"@type":"ImageObject","inLanguage":"fr-FR","@id":"https:\/\/kschmied.ch\/fr\/container\/preisanfrage\/20-box-conteneuer-maritime-neuf-comme-neuf-isole\/#primaryimage","url":"https:\/\/kschmied.ch\/wp-content\/uploads\/2020\/04\/20Fuss_isolierte_Container..jpg","contentUrl":"https:\/\/kschmied.ch\/wp-content\/uploads\/2020\/04\/20Fuss_isolierte_Container..jpg","width":740,"height":540,"caption":"Conteneur maritime box 20 pieds, neuf, ISOL\u00c9"},{"@type":"BreadcrumbList","@id":"https:\/\/kschmied.ch\/fr\/container\/preisanfrage\/20-box-conteneuer-maritime-neuf-comme-neuf-isole\/#breadcrumb","itemListElement":[{"@type":"ListItem","position":1,"name":"Accueil","item":"https:\/\/kschmied.ch\/fr\/"},{"@type":"ListItem","position":2,"name":"Conteneur maritime 20&#8242; ISOL\u00c9, NEUF \/ comme neuf"}]},{"@type":"WebSite","@id":"https:\/\/kschmied.ch\/fr\/#website","url":"https:\/\/kschmied.ch\/fr\/","name":"K. SCHMIED AG","description":"Commerce suisse de conteneurs &amp; exp\u00e9dition depuis 1979","publisher":{"@id":"https:\/\/kschmied.ch\/fr\/#organization"},"alternateName":"K. SCHMIED AG","potentialAction":[{"@type":"SearchAction","target":{"@type":"EntryPoint","urlTemplate":"https:\/\/kschmied.ch\/fr\/?s={search_term_string}"},"query-input":{"@type":"PropertyValueSpecification","valueRequired":true,"valueName":"search_term_string"}}],"inLanguage":"fr-FR"},{"@type":"Organization","@id":"https:\/\/kschmied.ch\/fr\/#organization","name":"K. SCHMIED AG","alternateName":"K. SCHMIED AG","url":"https:\/\/kschmied.ch\/fr\/","logo":{"@type":"ImageObject","inLanguage":"fr-FR","@id":"https:\/\/kschmied.ch\/fr\/#\/schema\/logo\/image\/","url":"https:\/\/kschmied.ch\/wp-content\/uploads\/2020\/07\/LOGO-gross.jpg","contentUrl":"https:\/\/kschmied.ch\/wp-content\/uploads\/2020\/07\/LOGO-gross.jpg","width":770,"height":240,"caption":"K. SCHMIED AG"},"image":{"@id":"https:\/\/kschmied.ch\/fr\/#\/schema\/logo\/image\/"},"sameAs":["https:\/\/ch.linkedin.com\/company\/k-schmied-ag"],"description":"K. SCHMIED AG ist ein f\u00fchrendes Unternehmen im Bereich Containerverkauf und -vermietung in der Schweiz. Mit langj\u00e4hriger Erfahrung bieten wir unseren Kunden robuste, langlebige Seecontainer, Lagercontainer und Schnellbaucontainer in verschiedenen Gr\u00f6\u00dfen und Ausf\u00fchrungen. Unser Service umfasst auch Transportl\u00f6sungen, ma\u00dfgeschneiderte Containeranforderungen und weltweiten Versand. Qualit\u00e4t, Kundenzufriedenheit und Zuverl\u00e4ssigkeit stehen bei uns an erster Stelle.","email":"info@kschmied.ch","telephone":"041 811 30 03","legalName":"K. SCHMIED internat. Transporte & Handels AG","foundingDate":"1979-01-01","vatID":"CHE-107.962.018 MWST","taxID":"CHE-107.962.018 MWST","numberOfEmployees":{"@type":"QuantitativeValue","minValue":"1","maxValue":"10"}}]},"product_price_currency":"CHF","og_availability":"backorder","product_availability":"available for order","product_retailer_item_id":"IDV20N","product_condition":"new"},"_links":{"self":[{"href":"https:\/\/kschmied.ch\/fr\/wp-json\/wp\/v2\/product\/27009","targetHints":{"allow":["GET"]}}],"collection":[{"href":"https:\/\/kschmied.ch\/fr\/wp-json\/wp\/v2\/product"}],"about":[{"href":"https:\/\/kschmied.ch\/fr\/wp-json\/wp\/v2\/types\/product"}],"wp:featuredmedia":[{"embeddable":true,"href":"https:\/\/kschmied.ch\/fr\/wp-json\/wp\/v2\/media\/27010"}],"wp:attachment":[{"href":"https:\/\/kschmied.ch\/fr\/wp-json\/wp\/v2\/media?parent=27009"}],"wp:term":[{"taxonomy":"product_brand","embeddable":true,"href":"https:\/\/kschmied.ch\/fr\/wp-json\/wp\/v2\/product_brand?post=27009"},{"taxonomy":"product_cat","embeddable":true,"href":"https:\/\/kschmied.ch\/fr\/wp-json\/wp\/v2\/product_cat?post=27009"},{"taxonomy":"product_tag","embeddable":true,"href":"https:\/\/kschmied.ch\/fr\/wp-json\/wp\/v2\/product_tag?post=27009"}],"curies":[{"name":"wp","href":"https:\/\/api.w.org\/{rel}","templated":true}]}}