{"id":26721,"date":"2020-07-01T16:23:06","date_gmt":"2020-07-01T14:23:06","guid":{"rendered":"https:\/\/www.kschmied.ch\/produkt\/20-double-door-side-door-conteneur-neuf-come-neuf\/"},"modified":"2025-11-19T11:35:17","modified_gmt":"2025-11-19T10:35:17","slug":"20-double-door-side-door-seecontainer-neu-neuwertig-2","status":"publish","type":"product","link":"https:\/\/kschmied.ch\/fr\/container\/preisanfrage\/20-double-door-side-door-seecontainer-neu-neuwertig-2\/","title":{"rendered":"20&prime; DOUBLE DOOR SIDE DOOR conteneur, NEUF\/come neuf"},"content":{"rendered":"<p><strong>Le conteneur maritime de 20 pieds - PORTE LAT\u00c9RALE \u00c0 DOUBLE PORTE<\/strong> est l&rsquo;un des conteneurs maritimes sp\u00e9ciaux dans lesquels deux c\u00f4t\u00e9s courts et un c\u00f4t\u00e9 long peuvent \u00eatre ouverts.<\/p>\n<p>Nos nouveaux conteneurs maritimes disposent \u00e9galement d&rsquo;un bo\u00eetier de verrouillage auquel un verrou sp\u00e9cial (non inclus, mais disponible chez nous) peut \u00eatre fix\u00e9 pour une s\u00e9curit\u00e9 accrue.<\/p>\n<p>Gr\u00e2ce aux propri\u00e9t\u00e9s robustes, durables et empilables des conteneurs maritimes, ces conteneurs populaires peuvent \u00eatre utilis\u00e9s de diff\u00e9rentes mani\u00e8res.<\/p>\n<p>&nbsp;<\/p>\n<p><strong>ZONE D&rsquo;APPLICATION:<\/strong><\/p>\n<ul>\n<li>Conteneur de transport<\/li>\n<li>Entrep\u00f4t de mat\u00e9riaux, entrep\u00f4t de pneus, magazine sur les chantiers de construction<\/li>\n<li>Ateliers mobiles<\/li>\n<li>Projets de construction<\/li>\n<li>Objets d&rsquo;art<\/li>\n<\/ul>\n<p>&nbsp;<\/p>\n<p><strong>\u00c9TAT - NEUF \/ COMME NEUF :<\/strong><\/p>\n<p>Les conteneurs maritimes \u00ab NEUF \/ comme neuf \u00bb sont des conteneurs <strong>NEUF<\/strong> qui sont principalement fabriqu\u00e9s en Asie et sont g\u00e9n\u00e9ralement exp\u00e9di\u00e9s avec un seul chargement vers l&rsquo;Europe. Pour cette raison, le terme \u00ab comme neuf \u00bb est souvent utilis\u00e9.<\/p>\n<p>Le chargement et le d\u00e9chargement des conteneurs, ainsi que la manutention et le transport, peuvent entra\u00eener de l\u00e9g\u00e8res abrasions et des bosses mineures \u00e0 l&rsquo;int\u00e9rieur et \u00e0 l&rsquo;ext\u00e9rieur.<\/p>\n<p>&nbsp;<\/p>\n<p><strong>MODIFICATIONS:<\/strong><\/p>\n<p>Selon les exigences et le domaine d&rsquo;application, nous proposons \u00e9galement divers pour ce conteneur maritime. Modifications et transformations.<\/p>\n","protected":false},"excerpt":{"rendered":"<p>Double Door Side Door\/DDSD - conteneuer maritime<\/p>\n<p><span style=\"color: #000000;\"><strong>COULEURS: <\/strong><\/span><br \/>\n<span style=\"color: #000000;\">RAL 5010 (bleu gentiane)<br \/>\n(autres couleurs sur demande)<\/span><\/p>\n<p><span style=\"color: #00ff00;\">\u2714<\/span> ISO standardis\u00e9e<br \/>\n<span style=\"color: #00ff00;\">\u2714<\/span> coupe- vent et imperm\u00e9able<br \/>\n<span style=\"color: #00ff00;\">\u2714<\/span> Acier Corten (acier tremp\u00e9 et r\u00e9sistant aux intemp\u00e9ries)<br \/>\n<span style=\"color: #00ff00;\">\u2714<\/span> valide CSC Badge (environ 4-5 ans)<br \/>\n<span style=\"color: #00ff00;\">\u2714<\/span> <strong>D\u00e9douan\u00e9<\/strong> en Suisse<br \/>\n<span style=\"color: #00ff00;\">Empilable<\/span> , incl. Poches pour chariots \u00e9l\u00e9vateurs (sur le c\u00f4t\u00e9)<br \/>\n<span style=\"color: #00ff00;\">\u2714<\/span> Parquet<br \/>\n<span style=\"color: #00ff00;\">\u2714<\/span> Bo\u00eete de verrouillage (hors serrure)<\/p>\n<p><a href=\"https:\/\/kschmied.ch\/fr\/requete-de-prix\/\" class=\"btn-back\">Retour \u00e0 l&rsquo;aper\u00e7u<\/a><\/p>\n<p>&nbsp;<\/p>\n","protected":false},"featured_media":26722,"template":"","meta":{"_acf_changed":false},"product_brand":[],"product_cat":[707,706],"product_tag":[],"class_list":{"0":"post-26721","1":"product","2":"type-product","3":"status-publish","4":"has-post-thumbnail","6":"product_cat-conteneur-de-stockage","7":"product_cat-conteneur-maritime","8":"pa_ausfuehrung-double-porte","9":"pa_ausfuehrung-multi-door","10":"pa_aussenmasse-6058-x-2438-x-2591-mm-norme-iso","11":"pa_boden-bois-bambou-plancher-acier-sur-demande","12":"pa_containertyp-conteneur-de-stockage","13":"pa_containertyp-conteneur-maritime","14":"pa_eigengewicht-3100-kg-4000-kg-selon-lannee-de-construction-et-la-serie-de-modeles","15":"pa_groesse-20-pieds-l-6m","16":"pa_haftungsausschluss-sous-reserve-derreurs-et-de-modifications-techniques","17":"pa_innenmasse-5844-x-2287-x-2300-mm-30-mm-selon-lannee-de-construction-et-le-type","18":"pa_option-acheter","19":"pa_tueroeffnung-b-h-kurze-s-2226-x-2189-mm-20-mm-selon-lannee-de-construction-et-le-type","20":"pa_tueroeffnung-b-h-lange-s-5700-x-2190-mm-30-mm-selon-lannee-de-construction-et-le-type","21":"pa_volumen-ca-30-m3","22":"pa_zuladung-max-26-t","23":"pa_zustand-nouveau","25":"first","26":"onbackorder","27":"taxable","28":"shipping-taxable","29":"product-type-simple"},"acf":[],"yoast_head":"<!-- This site is optimized with the Yoast SEO Premium plugin v27.4 (Yoast SEO v27.4) - https:\/\/yoast.com\/product\/yoast-seo-premium-wordpress\/ -->\n<title>20&#039; DOUBLE DOOR SIDE DOOR conteneur, NEUF\/come neuf - K. Schmied AG \u2013 Conteneurs &amp; Exp\u00e9dition Suisse<\/title>\n<meta name=\"robots\" content=\"index, follow, max-snippet:-1, max-image-preview:large, max-video-preview:-1\" \/>\n<link rel=\"canonical\" href=\"https:\/\/kschmied.ch\/fr\/container\/preisanfrage\/20-double-door-side-door-seecontainer-neu-neuwertig-2\/\" \/>\n<meta property=\"og:locale\" content=\"fr_FR\" \/>\n<meta property=\"og:type\" content=\"article\" \/>\n<meta property=\"og:title\" content=\"20&#039; DOUBLE DOOR SIDE DOOR conteneur, NEUF\/come neuf\" \/>\n<meta property=\"og:description\" content=\"Double Door Side Door\/DDSD - conteneuer maritime COULEURS: RAL 5010 (bleu gentiane) (autres couleurs sur demande) \u2714 ISO standardis\u00e9e \u2714 coupe- vent et imperm\u00e9able \u2714 Acier Corten (acier tremp\u00e9 et r\u00e9sistant aux intemp\u00e9ries) \u2714 valide CSC Badge (environ 4-5 ans) \u2714 D\u00e9douan\u00e9 en Suisse Empilable , incl. Poches pour chariots \u00e9l\u00e9vateurs (sur le c\u00f4t\u00e9) \u2714 Parquet \u2714 Bo\u00eete de verrouillage (hors serrure) Retour \u00e0 l&#039;aper\u00e7u &nbsp;\" \/>\n<meta property=\"og:url\" content=\"https:\/\/kschmied.ch\/fr\/container\/preisanfrage\/20-double-door-side-door-seecontainer-neu-neuwertig-2\/\" \/>\n<meta property=\"og:site_name\" content=\"K. Schmied AG \u2013 Conteneurs &amp; Exp\u00e9dition Suisse\" \/>\n<meta property=\"article:modified_time\" content=\"2025-11-19T10:35:17+00:00\" \/>\n<meta property=\"og:image\" content=\"https:\/\/kschmied.ch\/wp-content\/uploads\/2020\/07\/20-Double-Door-Side-Door.jpg\" \/>\n\t<meta property=\"og:image:width\" content=\"740\" \/>\n\t<meta property=\"og:image:height\" content=\"540\" \/>\n\t<meta property=\"og:image:type\" content=\"image\/jpeg\" \/>\n<meta name=\"twitter:card\" content=\"summary_large_image\" \/>\n<meta name=\"twitter:label1\" content=\"Prix\" \/>\n\t<meta name=\"twitter:data1\" content=\"\" \/>\n\t<meta name=\"twitter:label2\" content=\"Disponibilit\u00e9\" \/>\n\t<meta name=\"twitter:data2\" content=\"En r\u00e9assort\" \/>\n<meta property=\"product:price:currency\" content=\"CHF\" \/>\n<meta property=\"og:availability\" content=\"backorder\" \/>\n<meta property=\"product:availability\" content=\"available for order\" \/>\n<meta property=\"product:retailer_item_id\" content=\"DDSD20N\" \/>\n<meta property=\"product:condition\" content=\"new\" \/>\n<!-- \/ Yoast SEO Premium plugin. -->","yoast_head_json":{"title":"20' DOUBLE DOOR SIDE DOOR conteneur, NEUF\/come neuf - K. Schmied AG \u2013 Conteneurs &amp; Exp\u00e9dition Suisse","robots":{"index":"index","follow":"follow","max-snippet":"max-snippet:-1","max-image-preview":"max-image-preview:large","max-video-preview":"max-video-preview:-1"},"canonical":"https:\/\/kschmied.ch\/fr\/container\/preisanfrage\/20-double-door-side-door-seecontainer-neu-neuwertig-2\/","og_locale":"fr_FR","og_type":"article","og_title":"20' DOUBLE DOOR SIDE DOOR conteneur, NEUF\/come neuf","og_description":"Double Door Side Door\/DDSD - conteneuer maritime COULEURS: RAL 5010 (bleu gentiane) (autres couleurs sur demande) \u2714 ISO standardis\u00e9e \u2714 coupe- vent et imperm\u00e9able \u2714 Acier Corten (acier tremp\u00e9 et r\u00e9sistant aux intemp\u00e9ries) \u2714 valide CSC Badge (environ 4-5 ans) \u2714 D\u00e9douan\u00e9 en Suisse Empilable , incl. Poches pour chariots \u00e9l\u00e9vateurs (sur le c\u00f4t\u00e9) \u2714 Parquet \u2714 Bo\u00eete de verrouillage (hors serrure) Retour \u00e0 l'aper\u00e7u &nbsp;","og_url":"https:\/\/kschmied.ch\/fr\/container\/preisanfrage\/20-double-door-side-door-seecontainer-neu-neuwertig-2\/","og_site_name":"K. Schmied AG \u2013 Conteneurs &amp; Exp\u00e9dition Suisse","article_modified_time":"2025-11-19T10:35:17+00:00","og_image":[{"width":740,"height":540,"url":"https:\/\/kschmied.ch\/wp-content\/uploads\/2020\/07\/20-Double-Door-Side-Door.jpg","type":"image\/jpeg"}],"twitter_card":"summary_large_image","twitter_misc":{"Prix":"","Disponibilit\u00e9":"En r\u00e9assort"},"schema":{"@context":"https:\/\/schema.org","@graph":[{"@type":"WebPage","@id":"https:\/\/kschmied.ch\/fr\/container\/preisanfrage\/20-double-door-side-door-seecontainer-neu-neuwertig-2\/","url":"https:\/\/kschmied.ch\/fr\/container\/preisanfrage\/20-double-door-side-door-seecontainer-neu-neuwertig-2\/","name":"20' DOUBLE DOOR SIDE DOOR conteneur, NEUF\/come neuf - K. Schmied AG \u2013 Conteneurs &amp; Exp\u00e9dition Suisse","isPartOf":{"@id":"https:\/\/kschmied.ch\/fr\/#website"},"primaryImageOfPage":{"@id":"https:\/\/kschmied.ch\/fr\/container\/preisanfrage\/20-double-door-side-door-seecontainer-neu-neuwertig-2\/#primaryimage"},"image":{"@id":"https:\/\/kschmied.ch\/fr\/container\/preisanfrage\/20-double-door-side-door-seecontainer-neu-neuwertig-2\/#primaryimage"},"thumbnailUrl":"https:\/\/kschmied.ch\/wp-content\/uploads\/2020\/07\/20-Double-Door-Side-Door.jpg","datePublished":"2020-07-01T14:23:06+00:00","dateModified":"2025-11-19T10:35:17+00:00","breadcrumb":{"@id":"https:\/\/kschmied.ch\/fr\/container\/preisanfrage\/20-double-door-side-door-seecontainer-neu-neuwertig-2\/#breadcrumb"},"inLanguage":"fr-FR","potentialAction":[{"@type":"ReadAction","target":["https:\/\/kschmied.ch\/fr\/container\/preisanfrage\/20-double-door-side-door-seecontainer-neu-neuwertig-2\/"]}]},{"@type":"ImageObject","inLanguage":"fr-FR","@id":"https:\/\/kschmied.ch\/fr\/container\/preisanfrage\/20-double-door-side-door-seecontainer-neu-neuwertig-2\/#primaryimage","url":"https:\/\/kschmied.ch\/wp-content\/uploads\/2020\/07\/20-Double-Door-Side-Door.jpg","contentUrl":"https:\/\/kschmied.ch\/wp-content\/uploads\/2020\/07\/20-Double-Door-Side-Door.jpg","width":740,"height":540,"caption":"Conteneur maritime 20' \u00e0 double porte lat\u00e9rale, NEUF \/ comme neuf"},{"@type":"BreadcrumbList","@id":"https:\/\/kschmied.ch\/fr\/container\/preisanfrage\/20-double-door-side-door-seecontainer-neu-neuwertig-2\/#breadcrumb","itemListElement":[{"@type":"ListItem","position":1,"name":"Accueil","item":"https:\/\/kschmied.ch\/fr\/"},{"@type":"ListItem","position":2,"name":"20&#8242; DOUBLE DOOR SIDE DOOR conteneur, NEUF\/come neuf"}]},{"@type":"WebSite","@id":"https:\/\/kschmied.ch\/fr\/#website","url":"https:\/\/kschmied.ch\/fr\/","name":"K. SCHMIED AG","description":"Commerce suisse de conteneurs &amp; exp\u00e9dition depuis 1979","publisher":{"@id":"https:\/\/kschmied.ch\/fr\/#organization"},"alternateName":"K. SCHMIED AG","potentialAction":[{"@type":"SearchAction","target":{"@type":"EntryPoint","urlTemplate":"https:\/\/kschmied.ch\/fr\/?s={search_term_string}"},"query-input":{"@type":"PropertyValueSpecification","valueRequired":true,"valueName":"search_term_string"}}],"inLanguage":"fr-FR"},{"@type":"Organization","@id":"https:\/\/kschmied.ch\/fr\/#organization","name":"K. SCHMIED AG","alternateName":"K. SCHMIED AG","url":"https:\/\/kschmied.ch\/fr\/","logo":{"@type":"ImageObject","inLanguage":"fr-FR","@id":"https:\/\/kschmied.ch\/fr\/#\/schema\/logo\/image\/","url":"https:\/\/kschmied.ch\/wp-content\/uploads\/2020\/07\/LOGO-gross.jpg","contentUrl":"https:\/\/kschmied.ch\/wp-content\/uploads\/2020\/07\/LOGO-gross.jpg","width":770,"height":240,"caption":"K. SCHMIED AG"},"image":{"@id":"https:\/\/kschmied.ch\/fr\/#\/schema\/logo\/image\/"},"sameAs":["https:\/\/ch.linkedin.com\/company\/k-schmied-ag"],"description":"K. SCHMIED AG ist ein f\u00fchrendes Unternehmen im Bereich Containerverkauf und -vermietung in der Schweiz. Mit langj\u00e4hriger Erfahrung bieten wir unseren Kunden robuste, langlebige Seecontainer, Lagercontainer und Schnellbaucontainer in verschiedenen Gr\u00f6\u00dfen und Ausf\u00fchrungen. Unser Service umfasst auch Transportl\u00f6sungen, ma\u00dfgeschneiderte Containeranforderungen und weltweiten Versand. Qualit\u00e4t, Kundenzufriedenheit und Zuverl\u00e4ssigkeit stehen bei uns an erster Stelle.","email":"info@kschmied.ch","telephone":"041 811 30 03","legalName":"K. SCHMIED internat. Transporte & Handels AG","foundingDate":"1979-01-01","vatID":"CHE-107.962.018 MWST","taxID":"CHE-107.962.018 MWST","numberOfEmployees":{"@type":"QuantitativeValue","minValue":"1","maxValue":"10"}}]},"product_price_currency":"CHF","og_availability":"backorder","product_availability":"available for order","product_retailer_item_id":"DDSD20N","product_condition":"new"},"_links":{"self":[{"href":"https:\/\/kschmied.ch\/fr\/wp-json\/wp\/v2\/product\/26721","targetHints":{"allow":["GET"]}}],"collection":[{"href":"https:\/\/kschmied.ch\/fr\/wp-json\/wp\/v2\/product"}],"about":[{"href":"https:\/\/kschmied.ch\/fr\/wp-json\/wp\/v2\/types\/product"}],"wp:featuredmedia":[{"embeddable":true,"href":"https:\/\/kschmied.ch\/fr\/wp-json\/wp\/v2\/media\/26722"}],"wp:attachment":[{"href":"https:\/\/kschmied.ch\/fr\/wp-json\/wp\/v2\/media?parent=26721"}],"wp:term":[{"taxonomy":"product_brand","embeddable":true,"href":"https:\/\/kschmied.ch\/fr\/wp-json\/wp\/v2\/product_brand?post=26721"},{"taxonomy":"product_cat","embeddable":true,"href":"https:\/\/kschmied.ch\/fr\/wp-json\/wp\/v2\/product_cat?post=26721"},{"taxonomy":"product_tag","embeddable":true,"href":"https:\/\/kschmied.ch\/fr\/wp-json\/wp\/v2\/product_tag?post=26721"}],"curies":[{"name":"wp","href":"https:\/\/api.w.org\/{rel}","templated":true}]}}