{"id":26708,"date":"2020-10-08T14:53:54","date_gmt":"2020-10-08T12:53:54","guid":{"rendered":"https:\/\/www.kschmied.ch\/produkt\/conteneur-flat-rack-40pieds-doccasion\/"},"modified":"2025-11-19T11:35:31","modified_gmt":"2025-11-19T10:35:31","slug":"40-flat-rack-conteneuer-occasion","status":"publish","type":"product","link":"https:\/\/kschmied.ch\/fr\/container\/preisanfrage\/40-flat-rack-conteneuer-occasion\/","title":{"rendered":"Conteneur flat rack 40pieds, d&rsquo;occasion"},"content":{"rendered":"<p>Les <strong>conteneurs 40 pieds flat rack<\/strong> sont principalement destin\u00e9s aux charges surdimensionn\u00e9es qui ne rentrent plus dans un conteneur box standard. Les deux c\u00f4t\u00e9s longs sont ouverts et les deux c\u00f4t\u00e9s avant sont \u00e9quip\u00e9s de parois articul\u00e9es. Une fois pli\u00e9s, ces conteneurs peuvent \u00e9galement \u00eatre utilis\u00e9s comme plate-forme \u00e0 diverses fins.<\/p>\n<p>&nbsp;<\/p>\n<p><strong>ZONE D&rsquo;APPLICATION:<\/strong><\/p>\n<ul>\n<li>Transport de charges hors gabarit et\/ou de marchandises lourdes<\/li>\n<li>comme plate-forme (parois d&rsquo;extr\u00e9mit\u00e9 rabattables)<\/li>\n<\/ul>\n<p>&nbsp;<\/p>\n<p><strong>\u00c9TAT: UTILIS\u00c9:<\/strong><\/p>\n<p>R\u00e9par\u00e9 au vent et \u00e0 l&rsquo;eau, soud\u00e9, non embelli visuellement - non repeint, rouille superficielle l\u00e9g\u00e8re \u00e0 moyenne, bosses et abrasions l\u00e9g\u00e8res \u00e0 moyennes \/ bonne impression optique globale<\/p>\n<p><strong>Remarque:<\/strong> Les conteneurs d&rsquo;occasion ont environ 9 \u00e0 14 ans et peuvent \u00eatre utilis\u00e9s pendant environ 3 \u00e0 5 ans ou plus \/ moins longtemps (par exemple, comme stockage ou pour le transport \u00e0 l&rsquo;\u00e9tranger dans un d\u00e9lai d&rsquo;environ 1 an &gt; selon validit\u00e9 du CSC). La dur\u00e9e d&rsquo;utilisation d\u00e9pend fortement de la m\u00e9t\u00e9o, de l&#8217;emplacement, de la pr\u00e9paration\/entretien des conteneurs (comme le renouvellement de la couleur du toit, etc.), ainsi que d&rsquo;autres facteurs.<\/p>\n<p>Nous recommandons de nouveaux conteneurs pour une p\u00e9riode d&rsquo;utilisation plus longue.<\/p>\n","protected":false},"excerpt":{"rendered":"<p>FlatRack - Conteneur maritime<\/p>\n<p><span style=\"color: #000000;\"><strong>COULEURS: <\/strong><\/span><br \/>\n<span style=\"color: #000000;\">Rouge-brun<br \/>\n(autres couleurs sur demande)<\/span><\/p>\n<p><span style=\"color: #00ff00;\">\u2714<\/span> ISO standardis\u00e9e<br \/>\n<span style=\"color: #00ff00;\">\u2714<\/span> Badge CSC valide (environ 1 an)<br \/>\n<span style=\"color: #00ff00;\">\u2714<\/span> <strong>D\u00e9douan\u00e9<\/strong> en Suisse<br \/>\n<span style=\"color: #00ff00;\">\u2714<\/span> empilable<\/p>\n<p><a href=\"https:\/\/kschmied.ch\/fr\/requete-de-prix\/\" class=\"btn-back\">Retour \u00e0 l&rsquo;aper\u00e7u<\/a><\/p>\n<p>&nbsp;<\/p>\n","protected":false},"featured_media":25324,"template":"","meta":{"_acf_changed":false},"product_brand":[],"product_cat":[706],"product_tag":[],"class_list":{"0":"post-26708","1":"product","2":"type-product","3":"status-publish","4":"has-post-thumbnail","6":"product_cat-conteneur-maritime","7":"pa_ausfuehrung-flat-rack-fr","8":"pa_aussenmasse-12192-x-2438-x-2591-mm-norme-iso-cotes-deplies","9":"pa_containertyp-conteneur-de-stockage","10":"pa_containertyp-conteneur-maritime","11":"pa_eigengewicht-4700-kg-5000-kg-selon-lannee-de-construction-et-la-serie-de-modeles","12":"pa_groesse-40-pieds-l-12m","13":"pa_haftungsausschluss-sous-reserve-derreurs-et-de-modifications-techniques","14":"pa_innenmasse-12030-x-2155-x-2000-mm-150-mm-selon-lannee-de-construction-et-le-type","15":"pa_option-acheter","16":"pa_zuladung-max-40-t-fr","17":"pa_zustand-doccasion","19":"first","20":"onbackorder","21":"taxable","22":"shipping-taxable","23":"product-type-simple"},"acf":[],"yoast_head":"<!-- This site is optimized with the Yoast SEO Premium plugin v27.2 (Yoast SEO v27.2) - https:\/\/yoast.com\/product\/yoast-seo-premium-wordpress\/ -->\n<title>Conteneur flat rack 40pieds, d&#039;occasion - K. Schmied AG \u2013 Conteneurs &amp; Exp\u00e9dition Suisse<\/title>\n<meta name=\"robots\" content=\"index, follow, max-snippet:-1, max-image-preview:large, max-video-preview:-1\" \/>\n<link rel=\"canonical\" href=\"https:\/\/kschmied.ch\/fr\/container\/preisanfrage\/40-flat-rack-conteneuer-occasion\/\" \/>\n<meta property=\"og:locale\" content=\"fr_FR\" \/>\n<meta property=\"og:type\" content=\"article\" \/>\n<meta property=\"og:title\" content=\"Conteneur flat rack 40pieds, d&#039;occasion\" \/>\n<meta property=\"og:description\" content=\"FlatRack - Conteneur maritime COULEURS: Rouge-brun (autres couleurs sur demande) \u2714 ISO standardis\u00e9e \u2714 Badge CSC valide (environ 1 an) \u2714 D\u00e9douan\u00e9 en Suisse \u2714 empilable Retour \u00e0 l&#039;aper\u00e7u &nbsp;\" \/>\n<meta property=\"og:url\" content=\"https:\/\/kschmied.ch\/fr\/container\/preisanfrage\/40-flat-rack-conteneuer-occasion\/\" \/>\n<meta property=\"og:site_name\" content=\"K. Schmied AG \u2013 Conteneurs &amp; Exp\u00e9dition Suisse\" \/>\n<meta property=\"article:modified_time\" content=\"2025-11-19T10:35:31+00:00\" \/>\n<meta property=\"og:image\" content=\"https:\/\/kschmied.ch\/wp-content\/uploads\/2020\/10\/40fuss_flatrack.jpg\" \/>\n\t<meta property=\"og:image:width\" content=\"740\" \/>\n\t<meta property=\"og:image:height\" content=\"540\" \/>\n\t<meta property=\"og:image:type\" content=\"image\/jpeg\" \/>\n<meta name=\"twitter:card\" content=\"summary_large_image\" \/>\n<meta name=\"twitter:label1\" content=\"Prix\" \/>\n\t<meta name=\"twitter:data1\" content=\"\" \/>\n\t<meta name=\"twitter:label2\" content=\"Disponibilit\u00e9\" \/>\n\t<meta name=\"twitter:data2\" content=\"En r\u00e9assort\" \/>\n<meta property=\"product:price:currency\" content=\"CHF\" \/>\n<meta property=\"og:availability\" content=\"backorder\" \/>\n<meta property=\"product:availability\" content=\"available for order\" \/>\n<meta property=\"product:retailer_item_id\" content=\"FR40CU\" \/>\n<meta property=\"product:condition\" content=\"new\" \/>\n<!-- \/ Yoast SEO Premium plugin. -->","yoast_head_json":{"title":"Conteneur flat rack 40pieds, d'occasion - K. Schmied AG \u2013 Conteneurs &amp; Exp\u00e9dition Suisse","robots":{"index":"index","follow":"follow","max-snippet":"max-snippet:-1","max-image-preview":"max-image-preview:large","max-video-preview":"max-video-preview:-1"},"canonical":"https:\/\/kschmied.ch\/fr\/container\/preisanfrage\/40-flat-rack-conteneuer-occasion\/","og_locale":"fr_FR","og_type":"article","og_title":"Conteneur flat rack 40pieds, d'occasion","og_description":"FlatRack - Conteneur maritime COULEURS: Rouge-brun (autres couleurs sur demande) \u2714 ISO standardis\u00e9e \u2714 Badge CSC valide (environ 1 an) \u2714 D\u00e9douan\u00e9 en Suisse \u2714 empilable Retour \u00e0 l'aper\u00e7u &nbsp;","og_url":"https:\/\/kschmied.ch\/fr\/container\/preisanfrage\/40-flat-rack-conteneuer-occasion\/","og_site_name":"K. Schmied AG \u2013 Conteneurs &amp; Exp\u00e9dition Suisse","article_modified_time":"2025-11-19T10:35:31+00:00","og_image":[{"width":740,"height":540,"url":"https:\/\/kschmied.ch\/wp-content\/uploads\/2020\/10\/40fuss_flatrack.jpg","type":"image\/jpeg"}],"twitter_card":"summary_large_image","twitter_misc":{"Prix":"","Disponibilit\u00e9":"En r\u00e9assort"},"schema":{"@context":"https:\/\/schema.org","@graph":[{"@type":"WebPage","@id":"https:\/\/kschmied.ch\/fr\/container\/preisanfrage\/40-flat-rack-conteneuer-occasion\/","url":"https:\/\/kschmied.ch\/fr\/container\/preisanfrage\/40-flat-rack-conteneuer-occasion\/","name":"Conteneur flat rack 40pieds, d'occasion - K. Schmied AG \u2013 Conteneurs &amp; Exp\u00e9dition Suisse","isPartOf":{"@id":"https:\/\/kschmied.ch\/fr\/#website"},"primaryImageOfPage":{"@id":"https:\/\/kschmied.ch\/fr\/container\/preisanfrage\/40-flat-rack-conteneuer-occasion\/#primaryimage"},"image":{"@id":"https:\/\/kschmied.ch\/fr\/container\/preisanfrage\/40-flat-rack-conteneuer-occasion\/#primaryimage"},"thumbnailUrl":"https:\/\/kschmied.ch\/wp-content\/uploads\/2020\/10\/40fuss_flatrack.jpg","datePublished":"2020-10-08T12:53:54+00:00","dateModified":"2025-11-19T10:35:31+00:00","breadcrumb":{"@id":"https:\/\/kschmied.ch\/fr\/container\/preisanfrage\/40-flat-rack-conteneuer-occasion\/#breadcrumb"},"inLanguage":"fr-FR","potentialAction":[{"@type":"ReadAction","target":["https:\/\/kschmied.ch\/fr\/container\/preisanfrage\/40-flat-rack-conteneuer-occasion\/"]}]},{"@type":"ImageObject","inLanguage":"fr-FR","@id":"https:\/\/kschmied.ch\/fr\/container\/preisanfrage\/40-flat-rack-conteneuer-occasion\/#primaryimage","url":"https:\/\/kschmied.ch\/wp-content\/uploads\/2020\/10\/40fuss_flatrack.jpg","contentUrl":"https:\/\/kschmied.ch\/wp-content\/uploads\/2020\/10\/40fuss_flatrack.jpg","width":740,"height":540,"caption":"40 Pied Flat Rack Conteneur maritime"},{"@type":"BreadcrumbList","@id":"https:\/\/kschmied.ch\/fr\/container\/preisanfrage\/40-flat-rack-conteneuer-occasion\/#breadcrumb","itemListElement":[{"@type":"ListItem","position":1,"name":"Accueil","item":"https:\/\/kschmied.ch\/fr\/"},{"@type":"ListItem","position":2,"name":"Conteneur flat rack 40pieds, d&#8217;occasion"}]},{"@type":"WebSite","@id":"https:\/\/kschmied.ch\/fr\/#website","url":"https:\/\/kschmied.ch\/fr\/","name":"K. SCHMIED AG","description":"Commerce suisse de conteneurs &amp; exp\u00e9dition depuis 1979","publisher":{"@id":"https:\/\/kschmied.ch\/fr\/#organization"},"alternateName":"K. SCHMIED AG","potentialAction":[{"@type":"SearchAction","target":{"@type":"EntryPoint","urlTemplate":"https:\/\/kschmied.ch\/fr\/?s={search_term_string}"},"query-input":{"@type":"PropertyValueSpecification","valueRequired":true,"valueName":"search_term_string"}}],"inLanguage":"fr-FR"},{"@type":"Organization","@id":"https:\/\/kschmied.ch\/fr\/#organization","name":"K. SCHMIED AG","alternateName":"K. SCHMIED AG","url":"https:\/\/kschmied.ch\/fr\/","logo":{"@type":"ImageObject","inLanguage":"fr-FR","@id":"https:\/\/kschmied.ch\/fr\/#\/schema\/logo\/image\/","url":"https:\/\/kschmied.ch\/wp-content\/uploads\/2020\/07\/LOGO-gross.jpg","contentUrl":"https:\/\/kschmied.ch\/wp-content\/uploads\/2020\/07\/LOGO-gross.jpg","width":770,"height":240,"caption":"K. SCHMIED AG"},"image":{"@id":"https:\/\/kschmied.ch\/fr\/#\/schema\/logo\/image\/"},"sameAs":["https:\/\/ch.linkedin.com\/company\/k-schmied-ag"],"description":"K. SCHMIED AG ist ein f\u00fchrendes Unternehmen im Bereich Containerverkauf und -vermietung in der Schweiz. Mit langj\u00e4hriger Erfahrung bieten wir unseren Kunden robuste, langlebige Seecontainer, Lagercontainer und Schnellbaucontainer in verschiedenen Gr\u00f6\u00dfen und Ausf\u00fchrungen. Unser Service umfasst auch Transportl\u00f6sungen, ma\u00dfgeschneiderte Containeranforderungen und weltweiten Versand. Qualit\u00e4t, Kundenzufriedenheit und Zuverl\u00e4ssigkeit stehen bei uns an erster Stelle.","email":"info@kschmied.ch","telephone":"041 811 30 03","legalName":"K. SCHMIED internat. Transporte & Handels AG","foundingDate":"1979-01-01","vatID":"CHE-107.962.018 MWST","taxID":"CHE-107.962.018 MWST","numberOfEmployees":{"@type":"QuantitativeValue","minValue":"1","maxValue":"10"}}]},"product_price_currency":"CHF","og_availability":"backorder","product_availability":"available for order","product_retailer_item_id":"FR40CU","product_condition":"new"},"_links":{"self":[{"href":"https:\/\/kschmied.ch\/fr\/wp-json\/wp\/v2\/product\/26708","targetHints":{"allow":["GET"]}}],"collection":[{"href":"https:\/\/kschmied.ch\/fr\/wp-json\/wp\/v2\/product"}],"about":[{"href":"https:\/\/kschmied.ch\/fr\/wp-json\/wp\/v2\/types\/product"}],"wp:featuredmedia":[{"embeddable":true,"href":"https:\/\/kschmied.ch\/fr\/wp-json\/wp\/v2\/media\/25324"}],"wp:attachment":[{"href":"https:\/\/kschmied.ch\/fr\/wp-json\/wp\/v2\/media?parent=26708"}],"wp:term":[{"taxonomy":"product_brand","embeddable":true,"href":"https:\/\/kschmied.ch\/fr\/wp-json\/wp\/v2\/product_brand?post=26708"},{"taxonomy":"product_cat","embeddable":true,"href":"https:\/\/kschmied.ch\/fr\/wp-json\/wp\/v2\/product_cat?post=26708"},{"taxonomy":"product_tag","embeddable":true,"href":"https:\/\/kschmied.ch\/fr\/wp-json\/wp\/v2\/product_tag?post=26708"}],"curies":[{"name":"wp","href":"https:\/\/api.w.org\/{rel}","templated":true}]}}