{"id":26700,"date":"2021-01-05T08:53:30","date_gmt":"2021-01-05T07:53:30","guid":{"rendered":"https:\/\/www.kschmied.ch\/produkt\/conteneur-vrac-20-neuf-comme-neuf\/"},"modified":"2025-11-19T11:35:31","modified_gmt":"2025-11-19T10:35:31","slug":"20-vrac-conteneur-neuf","status":"publish","type":"product","link":"https:\/\/kschmied.ch\/fr\/container\/preisanfrage\/20-vrac-conteneur-neuf\/","title":{"rendered":"Conteneur vrac 20&prime;, NEUF \/ comme neuf"},"content":{"rendered":"<p><strong>Les conteneurs VRAC de 20 pieds<\/strong> pour gravier, sable et d\u00e9blais sont \u00e9quip\u00e9s <strong>des caract\u00e9ristiques suivantes<\/strong> :<\/p>\n<p>- B\u00e2che de couverture coulissante avec plusieurs traverses de toit standard amovibles<br \/>\n- Parois renforc\u00e9es avec t\u00f4le lisse de 4 mm \u00e0 l&rsquo;int\u00e9rieur et profil\u00e9s ext\u00e9rieurs<br \/>\n- Plancher en t\u00f4le d&rsquo;acier lisse renforc\u00e9e avec 6 mm<br \/>\n- 1 volet (goulotte) sur toute la hauteur\/largeur c\u00f4t\u00e9 frontal avec joint p\u00e9riph\u00e9rique ainsi qu&rsquo;un m\u00e9canisme d&rsquo;ouverture\/fermeture m\u00e9canique simple<br \/>\n- 8 coins ISO<br \/>\n- Plaquette CSC valable pour l&rsquo;utilisation sur bateau, train et camion<\/p>\n<p>&nbsp;<\/p>\n<p><span style=\"color: #ff0000;\"><strong>AVERTIR!<\/strong> Ce conteneur n&rsquo;est <strong>PAS<\/strong> un bac roulant. Ce conteneur n&rsquo;a <strong>AUCUN<\/strong> rouleau et <strong>AUCUN<\/strong> support de crochet ! <\/span>Cependant, ce conteneur a des <strong>poches pour chariots \u00e9l\u00e9vateurs sur le c\u00f4t\u00e9<\/strong> .<\/p>\n<p>&nbsp;<\/p>\n<p><strong>\u00c9TAT - NEUF \/ COMME NEUF :<\/strong><\/p>\n<p>Les conteneurs maritimes \u00ab NEUF \/ comme neuf \u00bb sont des conteneurs <strong>NEUF<\/strong> qui sont principalement fabriqu\u00e9s en Asie et sont g\u00e9n\u00e9ralement exp\u00e9di\u00e9s avec un seul chargement vers l&rsquo;Europe. Pour cette raison, le terme \u00ab comme neuf \u00bb est souvent utilis\u00e9.<\/p>\n<p>Le chargement et le d\u00e9chargement des conteneurs, ainsi que la manutention et le transport, peuvent entra\u00eener de l\u00e9g\u00e8res abrasions et des bosses mineures \u00e0 l&rsquo;int\u00e9rieur et \u00e0 l&rsquo;ext\u00e9rieur.<\/p>\n","protected":false},"excerpt":{"rendered":"<p><span style=\"color: #000000;\"><strong>COULEUR (ext\u00e9rieur): <\/strong><\/span><br \/>\n<span style=\"color: #000000;\">RAL 7035 (gris clair)<br \/>\n(autres couleurs sur demande)<\/span><\/p>\n<p><span style=\"color: #00ff00;\">\u2714<\/span> <strong>B\u00e2che<\/strong> coulissante incluse<br \/>\n<span style=\"color: #00ff00;\">\u2714<\/span> 8 x coins ISO<br \/>\n<span style=\"color: #00ff00;\">\u2714<\/span> Badge CSC valide (environ 3-5 ans)<br \/>\n<span style=\"color: #00ff00;\">\u2714<\/span> <strong>D\u00e9douan\u00e9<\/strong> en Suisse<br \/>\n<span style=\"color: #00ff00;\">Empilable<\/span> , incl. Poches pour chariots \u00e9l\u00e9vateurs (sur le c\u00f4t\u00e9)<br \/>\n<span style=\"color: #00ff00;\">\u2714<\/span> Base en t\u00f4le d&rsquo; <strong>acier<\/strong> renforc\u00e9e (6mm)<br \/>\n<span style=\"color: #00ff00;\">\u2714<\/span> 1 <strong>rabat<\/strong> (goulotte) en fa\u00e7ade<\/p>\n<p><a href=\"https:\/\/kschmied.ch\/fr\/requete-de-prix\/\" class=\"btn-back\">Retour \u00e0 l&rsquo;aper\u00e7u<\/a><\/p>\n<p>&nbsp;<\/p>\n","protected":false},"featured_media":26701,"template":"","meta":{"_acf_changed":false},"product_brand":[],"product_cat":[731],"product_tag":[],"class_list":{"0":"post-26700","1":"product","2":"type-product","3":"status-publish","4":"has-post-thumbnail","6":"product_cat-conteneurs-en-vrac","7":"pa_ausfuehrung-plancher-en-acier","8":"pa_aussenmasse-6058-x-2438-x-2000-mm","9":"pa_boden-plancher-en-acier","10":"pa_containertyp-conteneurs-en-vrac","11":"pa_eigengewicht-3000-kg-3400-kg-selon-lannee-de-construction-et-la-serie-de-modeles","12":"pa_groesse-20-pieds-l-6m","13":"pa_haftungsausschluss-sous-reserve-derreurs-et-de-modifications-techniques","14":"pa_option-acheter","15":"pa_zuladung-max-29-t","16":"pa_zustand-nouveau","18":"first","19":"onbackorder","20":"taxable","21":"shipping-taxable","22":"product-type-simple"},"acf":[],"yoast_head":"<!-- This site is optimized with the Yoast SEO Premium plugin v27.4 (Yoast SEO v27.4) - https:\/\/yoast.com\/product\/yoast-seo-premium-wordpress\/ -->\n<title>Conteneur vrac 20&#039;, NEUF \/ comme neuf - K. Schmied AG \u2013 Conteneurs &amp; Exp\u00e9dition Suisse<\/title>\n<meta name=\"robots\" content=\"index, follow, max-snippet:-1, max-image-preview:large, max-video-preview:-1\" \/>\n<link rel=\"canonical\" href=\"https:\/\/kschmied.ch\/fr\/container\/preisanfrage\/20-vrac-conteneur-neuf\/\" \/>\n<meta property=\"og:locale\" content=\"fr_FR\" \/>\n<meta property=\"og:type\" content=\"article\" \/>\n<meta property=\"og:title\" content=\"Conteneur vrac 20&#039;, NEUF \/ comme neuf\" \/>\n<meta property=\"og:description\" content=\"COULEUR (ext\u00e9rieur): RAL 7035 (gris clair) (autres couleurs sur demande) \u2714 B\u00e2che coulissante incluse \u2714 8 x coins ISO \u2714 Badge CSC valide (environ 3-5 ans) \u2714 D\u00e9douan\u00e9 en Suisse Empilable , incl. Poches pour chariots \u00e9l\u00e9vateurs (sur le c\u00f4t\u00e9) \u2714 Base en t\u00f4le d&#039; acier renforc\u00e9e (6mm) \u2714 1 rabat (goulotte) en fa\u00e7ade Retour \u00e0 l&#039;aper\u00e7u &nbsp;\" \/>\n<meta property=\"og:url\" content=\"https:\/\/kschmied.ch\/fr\/container\/preisanfrage\/20-vrac-conteneur-neuf\/\" \/>\n<meta property=\"og:site_name\" content=\"K. Schmied AG \u2013 Conteneurs &amp; Exp\u00e9dition Suisse\" \/>\n<meta property=\"article:modified_time\" content=\"2025-11-19T10:35:31+00:00\" \/>\n<meta property=\"og:image\" content=\"https:\/\/kschmied.ch\/wp-content\/uploads\/2021\/01\/20-Bulk-Schuettgut-Contain.jpg\" \/>\n\t<meta property=\"og:image:width\" content=\"740\" \/>\n\t<meta property=\"og:image:height\" content=\"540\" \/>\n\t<meta property=\"og:image:type\" content=\"image\/jpeg\" \/>\n<meta name=\"twitter:card\" content=\"summary_large_image\" \/>\n<meta name=\"twitter:label1\" content=\"Prix\" \/>\n\t<meta name=\"twitter:data1\" content=\"\" \/>\n\t<meta name=\"twitter:label2\" content=\"Disponibilit\u00e9\" \/>\n\t<meta name=\"twitter:data2\" content=\"En r\u00e9assort\" \/>\n<meta property=\"product:price:currency\" content=\"CHF\" \/>\n<meta property=\"og:availability\" content=\"backorder\" \/>\n<meta property=\"product:availability\" content=\"available for order\" \/>\n<meta property=\"product:retailer_item_id\" content=\"SB20N\" \/>\n<meta property=\"product:condition\" content=\"new\" \/>\n<!-- \/ Yoast SEO Premium plugin. -->","yoast_head_json":{"title":"Conteneur vrac 20', NEUF \/ comme neuf - K. Schmied AG \u2013 Conteneurs &amp; Exp\u00e9dition Suisse","robots":{"index":"index","follow":"follow","max-snippet":"max-snippet:-1","max-image-preview":"max-image-preview:large","max-video-preview":"max-video-preview:-1"},"canonical":"https:\/\/kschmied.ch\/fr\/container\/preisanfrage\/20-vrac-conteneur-neuf\/","og_locale":"fr_FR","og_type":"article","og_title":"Conteneur vrac 20', NEUF \/ comme neuf","og_description":"COULEUR (ext\u00e9rieur): RAL 7035 (gris clair) (autres couleurs sur demande) \u2714 B\u00e2che coulissante incluse \u2714 8 x coins ISO \u2714 Badge CSC valide (environ 3-5 ans) \u2714 D\u00e9douan\u00e9 en Suisse Empilable , incl. Poches pour chariots \u00e9l\u00e9vateurs (sur le c\u00f4t\u00e9) \u2714 Base en t\u00f4le d' acier renforc\u00e9e (6mm) \u2714 1 rabat (goulotte) en fa\u00e7ade Retour \u00e0 l'aper\u00e7u &nbsp;","og_url":"https:\/\/kschmied.ch\/fr\/container\/preisanfrage\/20-vrac-conteneur-neuf\/","og_site_name":"K. Schmied AG \u2013 Conteneurs &amp; Exp\u00e9dition Suisse","article_modified_time":"2025-11-19T10:35:31+00:00","og_image":[{"width":740,"height":540,"url":"https:\/\/kschmied.ch\/wp-content\/uploads\/2021\/01\/20-Bulk-Schuettgut-Contain.jpg","type":"image\/jpeg"}],"twitter_card":"summary_large_image","twitter_misc":{"Prix":"","Disponibilit\u00e9":"En r\u00e9assort"},"schema":{"@context":"https:\/\/schema.org","@graph":[{"@type":"WebPage","@id":"https:\/\/kschmied.ch\/fr\/container\/preisanfrage\/20-vrac-conteneur-neuf\/","url":"https:\/\/kschmied.ch\/fr\/container\/preisanfrage\/20-vrac-conteneur-neuf\/","name":"Conteneur vrac 20', NEUF \/ comme neuf - K. Schmied AG \u2013 Conteneurs &amp; Exp\u00e9dition Suisse","isPartOf":{"@id":"https:\/\/kschmied.ch\/fr\/#website"},"primaryImageOfPage":{"@id":"https:\/\/kschmied.ch\/fr\/container\/preisanfrage\/20-vrac-conteneur-neuf\/#primaryimage"},"image":{"@id":"https:\/\/kschmied.ch\/fr\/container\/preisanfrage\/20-vrac-conteneur-neuf\/#primaryimage"},"thumbnailUrl":"https:\/\/kschmied.ch\/wp-content\/uploads\/2021\/01\/20-Bulk-Schuettgut-Contain.jpg","datePublished":"2021-01-05T07:53:30+00:00","dateModified":"2025-11-19T10:35:31+00:00","breadcrumb":{"@id":"https:\/\/kschmied.ch\/fr\/container\/preisanfrage\/20-vrac-conteneur-neuf\/#breadcrumb"},"inLanguage":"fr-FR","potentialAction":[{"@type":"ReadAction","target":["https:\/\/kschmied.ch\/fr\/container\/preisanfrage\/20-vrac-conteneur-neuf\/"]}]},{"@type":"ImageObject","inLanguage":"fr-FR","@id":"https:\/\/kschmied.ch\/fr\/container\/preisanfrage\/20-vrac-conteneur-neuf\/#primaryimage","url":"https:\/\/kschmied.ch\/wp-content\/uploads\/2021\/01\/20-Bulk-Schuettgut-Contain.jpg","contentUrl":"https:\/\/kschmied.ch\/wp-content\/uploads\/2021\/01\/20-Bulk-Schuettgut-Contain.jpg","width":740,"height":540,"caption":"Conteneur vrac 20', NEUF \/ comme neuf"},{"@type":"BreadcrumbList","@id":"https:\/\/kschmied.ch\/fr\/container\/preisanfrage\/20-vrac-conteneur-neuf\/#breadcrumb","itemListElement":[{"@type":"ListItem","position":1,"name":"Accueil","item":"https:\/\/kschmied.ch\/fr\/"},{"@type":"ListItem","position":2,"name":"Conteneur vrac 20&#8242;, NEUF \/ comme neuf"}]},{"@type":"WebSite","@id":"https:\/\/kschmied.ch\/fr\/#website","url":"https:\/\/kschmied.ch\/fr\/","name":"K. SCHMIED AG","description":"Commerce suisse de conteneurs &amp; exp\u00e9dition depuis 1979","publisher":{"@id":"https:\/\/kschmied.ch\/fr\/#organization"},"alternateName":"K. SCHMIED AG","potentialAction":[{"@type":"SearchAction","target":{"@type":"EntryPoint","urlTemplate":"https:\/\/kschmied.ch\/fr\/?s={search_term_string}"},"query-input":{"@type":"PropertyValueSpecification","valueRequired":true,"valueName":"search_term_string"}}],"inLanguage":"fr-FR"},{"@type":"Organization","@id":"https:\/\/kschmied.ch\/fr\/#organization","name":"K. SCHMIED AG","alternateName":"K. SCHMIED AG","url":"https:\/\/kschmied.ch\/fr\/","logo":{"@type":"ImageObject","inLanguage":"fr-FR","@id":"https:\/\/kschmied.ch\/fr\/#\/schema\/logo\/image\/","url":"https:\/\/kschmied.ch\/wp-content\/uploads\/2020\/07\/LOGO-gross.jpg","contentUrl":"https:\/\/kschmied.ch\/wp-content\/uploads\/2020\/07\/LOGO-gross.jpg","width":770,"height":240,"caption":"K. SCHMIED AG"},"image":{"@id":"https:\/\/kschmied.ch\/fr\/#\/schema\/logo\/image\/"},"sameAs":["https:\/\/ch.linkedin.com\/company\/k-schmied-ag"],"description":"K. SCHMIED AG ist ein f\u00fchrendes Unternehmen im Bereich Containerverkauf und -vermietung in der Schweiz. Mit langj\u00e4hriger Erfahrung bieten wir unseren Kunden robuste, langlebige Seecontainer, Lagercontainer und Schnellbaucontainer in verschiedenen Gr\u00f6\u00dfen und Ausf\u00fchrungen. Unser Service umfasst auch Transportl\u00f6sungen, ma\u00dfgeschneiderte Containeranforderungen und weltweiten Versand. Qualit\u00e4t, Kundenzufriedenheit und Zuverl\u00e4ssigkeit stehen bei uns an erster Stelle.","email":"info@kschmied.ch","telephone":"041 811 30 03","legalName":"K. SCHMIED internat. Transporte & Handels AG","foundingDate":"1979-01-01","vatID":"CHE-107.962.018 MWST","taxID":"CHE-107.962.018 MWST","numberOfEmployees":{"@type":"QuantitativeValue","minValue":"1","maxValue":"10"}}]},"product_price_currency":"CHF","og_availability":"backorder","product_availability":"available for order","product_retailer_item_id":"SB20N","product_condition":"new"},"_links":{"self":[{"href":"https:\/\/kschmied.ch\/fr\/wp-json\/wp\/v2\/product\/26700","targetHints":{"allow":["GET"]}}],"collection":[{"href":"https:\/\/kschmied.ch\/fr\/wp-json\/wp\/v2\/product"}],"about":[{"href":"https:\/\/kschmied.ch\/fr\/wp-json\/wp\/v2\/types\/product"}],"wp:featuredmedia":[{"embeddable":true,"href":"https:\/\/kschmied.ch\/fr\/wp-json\/wp\/v2\/media\/26701"}],"wp:attachment":[{"href":"https:\/\/kschmied.ch\/fr\/wp-json\/wp\/v2\/media?parent=26700"}],"wp:term":[{"taxonomy":"product_brand","embeddable":true,"href":"https:\/\/kschmied.ch\/fr\/wp-json\/wp\/v2\/product_brand?post=26700"},{"taxonomy":"product_cat","embeddable":true,"href":"https:\/\/kschmied.ch\/fr\/wp-json\/wp\/v2\/product_cat?post=26700"},{"taxonomy":"product_tag","embeddable":true,"href":"https:\/\/kschmied.ch\/fr\/wp-json\/wp\/v2\/product_tag?post=26700"}],"curies":[{"name":"wp","href":"https:\/\/api.w.org\/{rel}","templated":true}]}}