{"id":39202,"date":"2025-10-31T13:38:00","date_gmt":"2025-10-31T12:38:00","guid":{"rendered":"https:\/\/kschmied.ch\/staging-k-s\/conteneurs-expedition-depuis-1979\/"},"modified":"2025-10-31T13:43:25","modified_gmt":"2025-10-31T12:43:25","slug":"conteneurs-expedition-depuis-1979","status":"publish","type":"page","link":"https:\/\/kschmied.ch\/fr\/conteneurs-expedition-depuis-1979\/","title":{"rendered":"CONTENEURS &amp; EXP\u00c9DITION - DEPUIS 1979"},"content":{"rendered":"<div id=\"pl-39202\"  class=\"panel-layout\" ><div id=\"pg-39202-0\"  class=\"panel-grid panel-no-style\" ><div id=\"pgc-39202-0-0\"  class=\"panel-grid-cell\" ><div id=\"panel-39202-0-0-0\" class=\"so-panel widget widget_black-studio-tinymce widget_black_studio_tinymce panel-first-child panel-last-child widgetopts-SO\" data-index=\"0\" ><h3 class=\"widget-title\"><span class=\"widget-title__inline\">Notre histoire<\/span><\/h3><div class=\"textwidget\"><p data-start=\"242\" data-end=\"743\">Depuis sa cr\u00e9ation en <strong>1979<\/strong>, la <strong>K.&nbsp;SCHMIED&nbsp;AG<\/strong> est pass\u00e9e d\u2019une soci\u00e9t\u00e9 de transport classique \u00e0 une <strong>entreprise familiale suisse<\/strong> solidement \u00e9tablie dans le commerce de conteneurs. D\u00e8s les premi\u00e8res ann\u00e9es, quelques conteneurs \u00e9taient d\u00e9j\u00e0 vendus en lien avec les transports. Depuis plus de dix ans, toutefois, ce domaine s\u2019est continuellement d\u00e9velopp\u00e9 et constitue aujourd\u2019hui le c\u0153ur de notre activit\u00e9.<\/p>\n<p data-start=\"745\" data-end=\"1086\">Avec beaucoup de passion et d\u2019engagement, nous avons continuellement fait \u00e9voluer notre entreprise, sans jamais perdre de vue nos racines dans la logistique et la sp\u00e9dition. Kurt Schmied a marqu\u00e9 l\u2019entreprise jusqu\u2019\u00e0 un \u00e2ge avanc\u00e9 de 80 ans. Son h\u00e9ritage et ses valeurs vivent encore aujourd\u2019hui dans notre activit\u00e9 quotidienne.<\/p>\n<\/div><\/div><\/div><div id=\"pgc-39202-0-1\"  class=\"panel-grid-cell\" ><div id=\"panel-39202-0-1-0\" class=\"so-panel widget widget_black-studio-tinymce widget_black_studio_tinymce panel-first-child panel-last-child\" data-index=\"1\" ><div class=\"textwidget\"><p><img loading=\"lazy\" decoding=\"async\" class=\"aligncenter size-medium wp-image-3656\" src=\"https:\/\/www.kschmied.ch\/wp-content\/uploads\/2019\/08\/Kurt-300x202.jpg\" alt=\"\" width=\"300\" height=\"202\" srcset=\"https:\/\/kschmied.ch\/wp-content\/uploads\/2019\/08\/Kurt-300x202.jpg 300w, https:\/\/kschmied.ch\/wp-content\/uploads\/2019\/08\/Kurt-768x517.jpg 768w, https:\/\/kschmied.ch\/wp-content\/uploads\/2019\/08\/Kurt-500x337.jpg 500w, https:\/\/kschmied.ch\/wp-content\/uploads\/2019\/08\/Kurt-272x182.jpg 272w, https:\/\/kschmied.ch\/wp-content\/uploads\/2019\/08\/Kurt-400x269.jpg 400w, https:\/\/kschmied.ch\/wp-content\/uploads\/2019\/08\/Kurt.jpg 993w\" sizes=\"auto, (max-width: 300px) 100vw, 300px\" \/><\/p>\n<p><img loading=\"lazy\" decoding=\"async\" class=\"aligncenter size-medium wp-image-3666\" src=\"https:\/\/www.kschmied.ch\/wp-content\/uploads\/2019\/08\/KSchmiedAG_1982-300x175.jpg\" alt=\"\" width=\"300\" height=\"175\" srcset=\"https:\/\/kschmied.ch\/wp-content\/uploads\/2019\/08\/KSchmiedAG_1982-300x175.jpg 300w, https:\/\/kschmied.ch\/wp-content\/uploads\/2019\/08\/KSchmiedAG_1982-768x448.jpg 768w, https:\/\/kschmied.ch\/wp-content\/uploads\/2019\/08\/KSchmiedAG_1982-500x292.jpg 500w, https:\/\/kschmied.ch\/wp-content\/uploads\/2019\/08\/KSchmiedAG_1982-400x233.jpg 400w, https:\/\/kschmied.ch\/wp-content\/uploads\/2019\/08\/KSchmiedAG_1982.jpg 1011w\" sizes=\"auto, (max-width: 300px) 100vw, 300px\" \/><\/p>\n<p>&nbsp;<\/p>\n<\/div><\/div><\/div><\/div><div id=\"pg-39202-1\"  class=\"panel-grid panel-has-style\" ><div class=\"panel-row-style panel-row-style-for-39202-1\" ><div id=\"pgc-39202-1-0\"  class=\"panel-grid-cell\" ><div id=\"panel-39202-1-0-0\" class=\"so-panel widget widget_black-studio-tinymce widget_black_studio_tinymce panel-first-child panel-last-child widgetopts-SO\" data-index=\"2\" ><h3 class=\"widget-title\"><span class=\"widget-title__inline\">Notre direction d&rsquo;entreprise<\/span><\/h3><div class=\"textwidget\"><p data-start=\"1490\" data-end=\"1833\">Depuis 2018, <strong data-start=\"1506\" data-end=\"1523\">Peter Schmied<\/strong> dirige l\u2019entreprise. Fort de plus de 30 ans d\u2019exp\u00e9rience en sp\u00e9dition et en logistique, il a initi\u00e9 et d\u00e9velopp\u00e9 avec succ\u00e8s l\u2019orientation vers le commerce de conteneurs. Il est \u00e9paul\u00e9 par <strong data-start=\"1699\" data-end=\"1714\">Urs Schmied<\/strong>, membre de la direction, responsable des domaines commerce de conteneurs, gestion de la cha\u00eene d\u2019approvisionnement (SCM) et finances.<\/p>\n<p data-start=\"1835\" data-end=\"1991\">L\u2019association de notre <strong data-start=\"1855\" data-end=\"1897\">activit\u00e9 de commerce de conteneurs et de notre comp\u00e9tence en transport<\/strong> fait de nous un partenaire fiable pour les entreprises comme pour les clients priv\u00e9s dans toute la Suisse.<\/p>\n<hr data-start=\"1993\" data-end=\"1996\" \/>\n<\/div><\/div><\/div><\/div><\/div><div id=\"pg-39202-2\"  class=\"panel-grid panel-no-style\" ><div id=\"pgc-39202-2-0\"  class=\"panel-grid-cell\" ><div id=\"panel-39202-2-0-0\" class=\"so-panel widget widget_black-studio-tinymce widget_black_studio_tinymce panel-first-child panel-last-child widgetopts-SO\" data-index=\"3\" ><div class=\"textwidget\"><p><span style=\"color: #333333;\"><strong><span style=\"font-size: 14pt; font-family: 'times new roman', times, serif;\"><em>\"La famille Schmied \u2013 \u00e0 votre service depuis plus de 45 ans.\"<\/em><\/span><\/strong><\/span><\/p>\n<\/div><\/div><\/div><\/div><div id=\"pg-39202-3\"  class=\"panel-grid panel-no-style\" ><div id=\"pgc-39202-3-0\"  class=\"panel-grid-cell\" ><div id=\"panel-39202-3-0-0\" class=\"so-panel widget widget_media_image panel-first-child panel-last-child widgetopts-SO\" data-index=\"4\" ><img loading=\"lazy\" decoding=\"async\" width=\"250\" height=\"250\" src=\"https:\/\/kschmied.ch\/wp-content\/uploads\/2024\/10\/Peter.jpg\" class=\"image wp-image-34765  attachment-full size-full\" alt=\"\" style=\"max-width: 100%; height: auto;\" srcset=\"https:\/\/kschmied.ch\/wp-content\/uploads\/2024\/10\/Peter.jpg 250w, https:\/\/kschmied.ch\/wp-content\/uploads\/2024\/10\/Peter-150x150.jpg 150w, https:\/\/kschmied.ch\/wp-content\/uploads\/2024\/10\/Peter-100x100.jpg 100w\" sizes=\"auto, (max-width: 250px) 100vw, 250px\" \/><\/div><\/div><div id=\"pgc-39202-3-1\"  class=\"panel-grid-cell\" ><div id=\"panel-39202-3-1-0\" class=\"so-panel widget widget_text panel-first-child panel-last-child widgetopts-SO\" data-index=\"5\" ><h3 class=\"widget-title\"><span class=\"widget-title__inline\">Peter Schmied<\/span><\/h3>\t\t\t<div class=\"textwidget\"><p>Directeur g\u00e9n\u00e9ral<\/p>\n<p>Commerce de conteneurs, exp\u00e9dition, logistique<\/p>\n<\/div>\n\t\t<\/div><\/div><div id=\"pgc-39202-3-2\"  class=\"panel-grid-cell panel-grid-cell-empty\" ><\/div><div id=\"pgc-39202-3-3\"  class=\"panel-grid-cell\" ><div id=\"panel-39202-3-3-0\" class=\"so-panel widget widget_media_image panel-first-child panel-last-child widgetopts-SO\" data-index=\"6\" ><img loading=\"lazy\" decoding=\"async\" width=\"250\" height=\"245\" src=\"https:\/\/kschmied.ch\/wp-content\/uploads\/2024\/10\/Urs.jpg\" class=\"image wp-image-34777  attachment-full size-full\" alt=\"\" style=\"max-width: 100%; height: auto;\" \/><\/div><\/div><div id=\"pgc-39202-3-4\"  class=\"panel-grid-cell\" ><div id=\"panel-39202-3-4-0\" class=\"so-panel widget widget_text panel-first-child panel-last-child widgetopts-SO\" data-index=\"7\" ><h3 class=\"widget-title\"><span class=\"widget-title__inline\">Urs Schmied<\/span><\/h3>\t\t\t<div class=\"textwidget\"><p>Membre du comit\u00e9 de direction<\/p>\n<p>Commerce de conteneurs, SCM, Finance<\/p>\n<\/div>\n\t\t<\/div><\/div><\/div><div id=\"pg-39202-4\"  class=\"panel-grid panel-no-style\" ><div id=\"pgc-39202-4-0\"  class=\"panel-grid-cell\" ><div id=\"panel-39202-4-0-0\" class=\"so-panel widget widget_black-studio-tinymce widget_black_studio_tinymce panel-first-child panel-last-child widgetopts-SO\" data-index=\"8\" ><div class=\"textwidget\"><hr data-start=\"1993\" data-end=\"1996\" \/>\n<\/div><\/div><\/div><\/div><div id=\"pg-39202-5\"  class=\"panel-grid panel-no-style\" ><div id=\"pgc-39202-5-0\"  class=\"panel-grid-cell\" ><div id=\"panel-39202-5-0-0\" class=\"so-panel widget widget_text panel-first-child panel-last-child widgetopts-SO\" data-index=\"9\" ><h3 class=\"widget-title\"><span class=\"widget-title__inline\">Notre philosophie<\/span><\/h3>\t\t\t<div class=\"textwidget\"><p data-start=\"2023\" data-end=\"2217\">Notre ambition est de proposer <strong data-start=\"2046\" data-end=\"2080\">des solutions de conteneurs fiables<\/strong> avec un service complet - du conseil \u00e0 la livraison et au d\u00e9chargement en option, en passant par la vente ou la location.<\/p>\n<p data-start=\"2219\" data-end=\"2540\">Gr\u00e2ce \u00e0 des partenariats de longue date, nous pouvons fournir presque tous les types de conteneurs, des conteneurs maritimes standard aux conteneurs sp\u00e9ciaux modifi\u00e9s individuellement, en passant par les conteneurs de stockage. Nous restons \u00e9galement actifs dans le domaine de la logistique et proposons en compl\u00e9ment des services de transport international, de d\u00e9douanement, d&rsquo;assurance et d&#8217;emballage. <\/p>\n<p data-start=\"2542\" data-end=\"2786\">Ce qui nous distingue, c&rsquo;est la combinaison de la <strong data-start=\"2587\" data-end=\"2629\">tradition, de l&rsquo;expertise et de la flexibilit\u00e9<\/strong>. Nous adaptons syst\u00e9matiquement nos services aux besoins de nos clients, qu&rsquo;il s&rsquo;agisse de l&rsquo;achat d&rsquo;un seul conteneur ou de projets complexes. <\/p>\n<hr data-start=\"1993\" data-end=\"1996\">\n<\/div>\n\t\t<\/div><\/div><\/div><div id=\"pg-39202-6\"  class=\"panel-grid panel-no-style\" ><div id=\"pgc-39202-6-0\"  class=\"panel-grid-cell\" ><div id=\"panel-39202-6-0-0\" class=\"so-panel widget widget_text panel-first-child panel-last-child widgetopts-SO\" data-index=\"10\" ><h3 class=\"widget-title\"><span class=\"widget-title__inline\">Nos comp\u00e9tences cl\u00e9s<\/span><\/h3>\t\t\t<div class=\"textwidget\"><\/div>\n\t\t<\/div><\/div><\/div><div id=\"pg-39202-7\"  class=\"panel-grid panel-has-style\" ><div class=\"panel-row-style panel-row-style-for-39202-7\" ><div id=\"pgc-39202-7-0\"  class=\"panel-grid-cell\" ><div id=\"panel-39202-7-0-0\" class=\"so-panel widget widget_black-studio-tinymce widget_black_studio_tinymce panel-first-child panel-last-child widgetopts-SO\" data-index=\"11\" ><div class=\"textwidget\"><p><strong>CONTENEURS :<\/strong><\/p>\n<p>Nous vous proposons un large assortiment de conteneurs maritimes \u00e0 l\u2019achat ou \u00e0 la location \u2013 fiables, transparents et livrables dans toute la Suisse :<\/p>\n<ul>\n<li data-start=\"458\" data-end=\"578\">\n<p data-start=\"460\" data-end=\"578\">\n      <strong data-start=\"460\" data-end=\"495\">Conteneurs neufs dans toutes les tailles<\/strong><br \/>\n      (10\u2019, 20\u2019, 40\u2019, 45\u2019) \u2013 directement depuis un terminal en Suisse ou import\u00e9s sur demande.\n    <\/p>\n<\/li>\n<li data-start=\"579\" data-end=\"703\">\n<p data-start=\"581\" data-end=\"703\">\n      <strong data-start=\"581\" data-end=\"629\">Conteneurs d\u2019occasion dans les tailles courantes<\/strong><br \/>\n      20\u2019 et 40\u2019 \u2013 contr\u00f4l\u00e9s, disponibles au choix en deux cat\u00e9gories d\u2019\u00e9tat.\n    <\/p>\n<\/li>\n<li data-start=\"704\" data-end=\"817\">\n<p data-start=\"706\" data-end=\"817\">\n      <strong data-start=\"706\" data-end=\"736\">Large choix de types de conteneurs<\/strong> :<br \/>\n      standard, high cube, double door, open top, side door, flat rack et autres.\n    <\/p>\n<\/li>\n<li data-start=\"818\" data-end=\"913\">\n<p data-start=\"820\" data-end=\"913\">\n      <strong data-start=\"820\" data-end=\"856\">Conteneurs de stockage &amp; solutions sp\u00e9ciales<\/strong> :<br \/>\n      disponibles rapidement, \u00e9galement adapt\u00e9s \u00e0 un usage priv\u00e9.\n    <\/p>\n<\/li>\n<li data-start=\"914\" data-end=\"1032\">\n<p data-start=\"916\" data-end=\"1032\">\n      <strong data-start=\"916\" data-end=\"947\">Modifications sur mesure<\/strong> :<br \/>\n      nouvelle peinture, marquage, d\u00e9coupes, rampes, portes ou transformations sp\u00e9ciales.\n    <\/p>\n<\/li>\n<li data-start=\"1033\" data-end=\"1173\">\n<p data-start=\"1035\" data-end=\"1173\">\n      <strong data-start=\"1035\" data-end=\"1057\">Livraison flexible<\/strong><br \/>\n      dans toute la Suisse et au Liechtenstein \u2013 sur demande avec d\u00e9chargement par grue<br \/>\n      (petite ou grande grue selon le lieu de pose).\n    <\/p>\n<\/li>\n<\/ul>\n<\/div><\/div><\/div><div id=\"pgc-39202-7-1\"  class=\"panel-grid-cell\" ><div id=\"panel-39202-7-1-0\" class=\"so-panel widget widget_black-studio-tinymce widget_black_studio_tinymce panel-first-child panel-last-child widgetopts-SO\" data-index=\"12\" ><div class=\"textwidget\"><p><strong>TRANSPORT &amp; LOGISTIQUE :<\/strong><\/p>\n<p>En compl\u00e9ment de notre activit\u00e9 principale de commerce de conteneurs, nous proposons \u00e0 nos clients professionnels des solutions de transport et de logistique \u00e9prouv\u00e9es. Gr\u00e2ce \u00e0 plusieurs d\u00e9cennies d\u2019exp\u00e9rience en exp\u00e9dition, nous organisons des transports internationaux de marchandises \u2013 fiables, efficaces et orient\u00e9s clients.<\/p>\n<ul>\n<li data-start=\"3220\" data-end=\"3293\">\n<p data-start=\"3222\" data-end=\"3293\">Transports internationaux de marchandises (B2B) par voie maritime, a\u00e9rienne et terrestre<\/p>\n<\/li>\n<li data-start=\"3294\" data-end=\"3354\">\n<p data-start=\"3296\" data-end=\"3354\">LCL (partiel), FCL (complet), projets sp\u00e9ciaux (hors gabarit)<\/p>\n<\/li>\n<li data-start=\"3355\" data-end=\"3391\">\n<p data-start=\"3357\" data-end=\"3391\">Gestion de la cha\u00eene d\u2019approvisionnement (SCM) pour PME<\/p>\n<\/li>\n<li data-start=\"3392\" data-end=\"3454\">\n<p data-start=\"3394\" data-end=\"3454\">Prestations compl\u00e9mentaires : d\u00e9douanement, assurance, emballage<\/p>\n<\/li>\n<\/ul>\n<p>&nbsp;<\/p>\n<p><a href=\"https:\/\/kschmied.ch\/wp-content\/uploads\/2020\/07\/Kreis-Handschlag-english.jpg\"><img loading=\"lazy\" decoding=\"async\" class=\"wp-image-26308  aligncenter\" src=\"https:\/\/kschmied.ch\/wp-content\/uploads\/2020\/07\/Kreis-Handschlag-english-296x300.jpg\" alt=\"\" width=\"171\" height=\"174\" srcset=\"https:\/\/kschmied.ch\/wp-content\/uploads\/2020\/07\/Kreis-Handschlag-english-296x300.jpg 296w, https:\/\/kschmied.ch\/wp-content\/uploads\/2020\/07\/Kreis-Handschlag-english.jpg 400w\" sizes=\"auto, (max-width: 171px) 100vw, 171px\" \/><\/a><\/p>\n<\/div><\/div><\/div><\/div><\/div><\/div>","protected":false},"excerpt":{"rendered":"<p>Depuis plus de 45 ans, K. Schmied AG est une entreprise familiale suisse sp\u00e9cialis\u00e9e dans le commerce de conteneurs et l&rsquo;exp\u00e9dition internationale B2B. Gr\u00e2ce \u00e0 notre exp\u00e9rience, nos prix \u00e9quitables et notre comp\u00e9tence logistique mondiale, nous proposons des solutions fiables en mati\u00e8re de conteneurs et de transport. <\/p>\n","protected":false},"author":1,"featured_media":26371,"parent":0,"menu_order":10,"comment_status":"closed","ping_status":"closed","template":"","meta":{"_acf_changed":false,"footnotes":""},"class_list":["post-39202","page","type-page","status-publish","has-post-thumbnail","hentry"],"acf":[],"yoast_head":"<!-- This site is optimized with the Yoast SEO Premium plugin v27.4 (Yoast SEO v27.4) - https:\/\/yoast.com\/product\/yoast-seo-premium-wordpress\/ -->\n<title>CONTENEURS &amp; EXP\u00c9DITION - DEPUIS 1979 - K. Schmied AG \u2013 Conteneurs &amp; Exp\u00e9dition Suisse<\/title>\n<meta name=\"description\" content=\"K. SCHMIED AG - Commerce de conteneurs et exp\u00e9dition en Suisse depuis 1979. Votre entreprise familiale pour les conteneurs neufs et d&#039;occasion, les modifications et le transport international de marchandises commerciales (B2B).\" \/>\n<meta name=\"robots\" content=\"index, follow, max-snippet:-1, max-image-preview:large, max-video-preview:-1\" \/>\n<link rel=\"canonical\" href=\"https:\/\/kschmied.ch\/fr\/conteneurs-expedition-depuis-1979\/\" \/>\n<meta property=\"og:locale\" content=\"fr_FR\" \/>\n<meta property=\"og:type\" content=\"article\" \/>\n<meta property=\"og:title\" content=\"K. SCHMIED AG \u2013 Containerverkauf Schweiz\" \/>\n<meta property=\"og:description\" content=\"Ihr Partner f\u00fcr Seecontainer und Lagercontainer in der Schweiz \u2013 zum Kauf oder zur Miete, mit optionalem Kranablade-Service.\" \/>\n<meta property=\"og:url\" content=\"https:\/\/kschmied.ch\/fr\/conteneurs-expedition-depuis-1979\/\" \/>\n<meta property=\"og:site_name\" content=\"K. Schmied AG \u2013 Conteneurs &amp; Exp\u00e9dition Suisse\" \/>\n<meta property=\"article:modified_time\" content=\"2025-10-31T12:43:25+00:00\" \/>\n<meta property=\"og:image\" content=\"https:\/\/kschmied.ch\/wp-content\/uploads\/2015\/05\/Depositphotos_8135928_m.jpg\" \/>\n\t<meta property=\"og:image:width\" content=\"1210\" \/>\n\t<meta property=\"og:image:height\" content=\"1653\" \/>\n\t<meta property=\"og:image:type\" content=\"image\/jpeg\" \/>\n<meta name=\"twitter:card\" content=\"summary_large_image\" \/>\n<meta name=\"twitter:label1\" content=\"Dur\u00e9e de lecture estim\u00e9e\" \/>\n\t<meta name=\"twitter:data1\" content=\"5 minutes\" \/>\n<!-- \/ Yoast SEO Premium plugin. -->","yoast_head_json":{"title":"CONTENEURS &amp; EXP\u00c9DITION - DEPUIS 1979 - K. Schmied AG \u2013 Conteneurs &amp; Exp\u00e9dition Suisse","description":"K. SCHMIED AG - Commerce de conteneurs et exp\u00e9dition en Suisse depuis 1979. Votre entreprise familiale pour les conteneurs neufs et d'occasion, les modifications et le transport international de marchandises commerciales (B2B).","robots":{"index":"index","follow":"follow","max-snippet":"max-snippet:-1","max-image-preview":"max-image-preview:large","max-video-preview":"max-video-preview:-1"},"canonical":"https:\/\/kschmied.ch\/fr\/conteneurs-expedition-depuis-1979\/","og_locale":"fr_FR","og_type":"article","og_title":"K. SCHMIED AG \u2013 Containerverkauf Schweiz","og_description":"Ihr Partner f\u00fcr Seecontainer und Lagercontainer in der Schweiz \u2013 zum Kauf oder zur Miete, mit optionalem Kranablade-Service.","og_url":"https:\/\/kschmied.ch\/fr\/conteneurs-expedition-depuis-1979\/","og_site_name":"K. Schmied AG \u2013 Conteneurs &amp; Exp\u00e9dition Suisse","article_modified_time":"2025-10-31T12:43:25+00:00","og_image":[{"width":1210,"height":1653,"url":"https:\/\/kschmied.ch\/wp-content\/uploads\/2015\/05\/Depositphotos_8135928_m.jpg","type":"image\/jpeg"}],"twitter_card":"summary_large_image","twitter_misc":{"Dur\u00e9e de lecture estim\u00e9e":"5 minutes"},"schema":{"@context":"https:\/\/schema.org","@graph":[{"@type":"WebPage","@id":"https:\/\/kschmied.ch\/fr\/conteneurs-expedition-depuis-1979\/","url":"https:\/\/kschmied.ch\/fr\/conteneurs-expedition-depuis-1979\/","name":"CONTENEURS &amp; EXP\u00c9DITION - DEPUIS 1979 - K. Schmied AG \u2013 Conteneurs &amp; Exp\u00e9dition Suisse","isPartOf":{"@id":"https:\/\/kschmied.ch\/fr\/#website"},"primaryImageOfPage":{"@id":"https:\/\/kschmied.ch\/fr\/conteneurs-expedition-depuis-1979\/#primaryimage"},"image":{"@id":"https:\/\/kschmied.ch\/fr\/conteneurs-expedition-depuis-1979\/#primaryimage"},"thumbnailUrl":"https:\/\/kschmied.ch\/wp-content\/uploads\/2015\/05\/Depositphotos_8135928_m.jpg","datePublished":"2025-10-31T12:38:00+00:00","dateModified":"2025-10-31T12:43:25+00:00","description":"K. SCHMIED AG - Commerce de conteneurs et exp\u00e9dition en Suisse depuis 1979. Votre entreprise familiale pour les conteneurs neufs et d'occasion, les modifications et le transport international de marchandises commerciales (B2B).","breadcrumb":{"@id":"https:\/\/kschmied.ch\/fr\/conteneurs-expedition-depuis-1979\/#breadcrumb"},"inLanguage":"fr-FR","potentialAction":[{"@type":"ReadAction","target":["https:\/\/kschmied.ch\/fr\/conteneurs-expedition-depuis-1979\/"]}]},{"@type":"ImageObject","inLanguage":"fr-FR","@id":"https:\/\/kschmied.ch\/fr\/conteneurs-expedition-depuis-1979\/#primaryimage","url":"https:\/\/kschmied.ch\/wp-content\/uploads\/2015\/05\/Depositphotos_8135928_m.jpg","contentUrl":"https:\/\/kschmied.ch\/wp-content\/uploads\/2015\/05\/Depositphotos_8135928_m.jpg","width":1210,"height":1653},{"@type":"BreadcrumbList","@id":"https:\/\/kschmied.ch\/fr\/conteneurs-expedition-depuis-1979\/#breadcrumb","itemListElement":[{"@type":"ListItem","position":1,"name":"Accueil","item":"https:\/\/kschmied.ch\/fr\/"},{"@type":"ListItem","position":2,"name":"CONTENEURS &amp; EXP\u00c9DITION &#8211; DEPUIS 1979"}]},{"@type":"WebSite","@id":"https:\/\/kschmied.ch\/fr\/#website","url":"https:\/\/kschmied.ch\/fr\/","name":"K. SCHMIED AG","description":"Commerce suisse de conteneurs &amp; exp\u00e9dition depuis 1979","publisher":{"@id":"https:\/\/kschmied.ch\/fr\/#organization"},"alternateName":"K. SCHMIED AG","potentialAction":[{"@type":"SearchAction","target":{"@type":"EntryPoint","urlTemplate":"https:\/\/kschmied.ch\/fr\/?s={search_term_string}"},"query-input":{"@type":"PropertyValueSpecification","valueRequired":true,"valueName":"search_term_string"}}],"inLanguage":"fr-FR"},{"@type":"Organization","@id":"https:\/\/kschmied.ch\/fr\/#organization","name":"K. SCHMIED AG","alternateName":"K. SCHMIED AG","url":"https:\/\/kschmied.ch\/fr\/","logo":{"@type":"ImageObject","inLanguage":"fr-FR","@id":"https:\/\/kschmied.ch\/fr\/#\/schema\/logo\/image\/","url":"https:\/\/kschmied.ch\/wp-content\/uploads\/2020\/07\/LOGO-gross.jpg","contentUrl":"https:\/\/kschmied.ch\/wp-content\/uploads\/2020\/07\/LOGO-gross.jpg","width":770,"height":240,"caption":"K. SCHMIED AG"},"image":{"@id":"https:\/\/kschmied.ch\/fr\/#\/schema\/logo\/image\/"},"sameAs":["https:\/\/ch.linkedin.com\/company\/k-schmied-ag"],"description":"K. SCHMIED AG ist ein f\u00fchrendes Unternehmen im Bereich Containerverkauf und -vermietung in der Schweiz. Mit langj\u00e4hriger Erfahrung bieten wir unseren Kunden robuste, langlebige Seecontainer, Lagercontainer und Schnellbaucontainer in verschiedenen Gr\u00f6\u00dfen und Ausf\u00fchrungen. Unser Service umfasst auch Transportl\u00f6sungen, ma\u00dfgeschneiderte Containeranforderungen und weltweiten Versand. Qualit\u00e4t, Kundenzufriedenheit und Zuverl\u00e4ssigkeit stehen bei uns an erster Stelle.","email":"info@kschmied.ch","telephone":"041 811 30 03","legalName":"K. SCHMIED internat. Transporte & Handels AG","foundingDate":"1979-01-01","vatID":"CHE-107.962.018 MWST","taxID":"CHE-107.962.018 MWST","numberOfEmployees":{"@type":"QuantitativeValue","minValue":"1","maxValue":"10"}}]}},"_links":{"self":[{"href":"https:\/\/kschmied.ch\/fr\/wp-json\/wp\/v2\/pages\/39202","targetHints":{"allow":["GET"]}}],"collection":[{"href":"https:\/\/kschmied.ch\/fr\/wp-json\/wp\/v2\/pages"}],"about":[{"href":"https:\/\/kschmied.ch\/fr\/wp-json\/wp\/v2\/types\/page"}],"author":[{"embeddable":true,"href":"https:\/\/kschmied.ch\/fr\/wp-json\/wp\/v2\/users\/1"}],"replies":[{"embeddable":true,"href":"https:\/\/kschmied.ch\/fr\/wp-json\/wp\/v2\/comments?post=39202"}],"version-history":[{"count":0,"href":"https:\/\/kschmied.ch\/fr\/wp-json\/wp\/v2\/pages\/39202\/revisions"}],"wp:featuredmedia":[{"embeddable":true,"href":"https:\/\/kschmied.ch\/fr\/wp-json\/wp\/v2\/media\/26371"}],"wp:attachment":[{"href":"https:\/\/kschmied.ch\/fr\/wp-json\/wp\/v2\/media?parent=39202"}],"curies":[{"name":"wp","href":"https:\/\/api.w.org\/{rel}","templated":true}]}}