{"id":38881,"date":"2025-10-14T20:43:16","date_gmt":"2025-10-14T18:43:16","guid":{"rendered":"https:\/\/kschmied.ch\/staging-k-s\/gestion-de-la-chaine-dapprovisionnement\/assurance-transport\/"},"modified":"2025-10-14T20:43:17","modified_gmt":"2025-10-14T18:43:17","slug":"assurance-transport","status":"publish","type":"page","link":"https:\/\/kschmied.ch\/fr\/gestion-de-la-chaine-dapprovisionnement\/assurance-transport\/","title":{"rendered":"ASSURANCE TRANSPORT"},"content":{"rendered":"<div id=\"pl-38881\"  class=\"panel-layout\" ><div id=\"pg-38881-0\"  class=\"panel-grid panel-no-style\" ><div id=\"pgc-38881-0-0\"  class=\"panel-grid-cell\" ><div id=\"panel-38881-0-0-0\" class=\"so-panel widget widget_black-studio-tinymce widget_black_studio_tinymce panel-first-child panel-last-child\" data-index=\"0\" ><h3 class=\"widget-title\"><span class=\"widget-title__inline\">WARENTRANSPORTVERSICHERUNG WESHALB?<\/span><\/h3><div class=\"textwidget\"><p>Trotz gr\u00f6sster Sorgfalt beim Transport Ihrer G\u00fcter sind bei den teils komplexen Warenfl\u00fcssen und globalisierten Arbeitsteilungen Sch\u00e4den oder Diebst\u00e4hle nicht auszuschliessen.<\/p>\n<p>Auch wenn die Logistikdienstleister eine gesetzliche Haftung daf\u00fcr tragen, so ist es in der Transportindustrie allgemein \u00fcblich, dass diese ihre Haftung bei Verlust oder Sch\u00e4den beschr\u00e4nken oder unter bestimmten Umst\u00e4nden sogar vollst\u00e4ndig ausschlie\u00dfen. Normalerweise legen die Frachtf\u00fchrer und Spediteure bei ihrer Haftung das Sendungsgewicht beziehungsweise die Packst\u00fcckzahl zugrunde.<\/p>\n<p>Die Haftungsgrenze der Spedition unterliegt dabei den AGB\u2019s der Spedlogwiss (neuste Fassung) welche man unter folgendem Link einsehen kann &gt; <a href=\"https:\/\/www.spedlogswiss.com\/deCH\/verband\/ab-spedlogswiss.htm\" target=\"_blank\" rel=\"noopener\">ABG\u2019s Spedlogwiss<\/a>.<\/p>\n<p>Eine Warentransportversicherung sch\u00fctzt Ihr Kapital in dem Sinne, dass im Falle von Verlust oder Schaden der Wiederbeschaffungswert Ihrer Ware verg\u00fctet wird. Gleichzeitig bestimmen Sie die Kosten, die Deckung und den gew\u00fcnschten Service.<\/p>\n<p>Gerne beraten wir Sie umfassend \u00fcber das Thema Transportversicherung.<\/p>\n<\/div><\/div><\/div><div id=\"pgc-38881-0-1\"  class=\"panel-grid-cell\" ><div id=\"panel-38881-0-1-0\" class=\"so-panel widget widget_black-studio-tinymce widget_black_studio_tinymce panel-first-child panel-last-child\" data-index=\"1\" ><div class=\"textwidget\"><p><img loading=\"lazy\" decoding=\"async\" class=\"aligncenter size-medium wp-image-4924\" src=\"https:\/\/www.kschmied.ch\/wp-content\/uploads\/2019\/09\/transportversicherung_f-300x200.jpg\" alt=\"Transportversicherung\" width=\"300\" height=\"200\" srcset=\"https:\/\/kschmied.ch\/wp-content\/uploads\/2019\/09\/transportversicherung_f.jpg 300w, https:\/\/kschmied.ch\/wp-content\/uploads\/2019\/09\/transportversicherung_f-272x182.jpg 272w\" sizes=\"auto, (max-width: 300px) 100vw, 300px\" \/><\/p>\n<\/div><\/div><\/div><\/div><div id=\"pg-38881-1\"  class=\"panel-grid panel-no-style\" ><div id=\"pgc-38881-1-0\"  class=\"panel-grid-cell\" ><div id=\"panel-38881-1-0-0\" class=\"so-panel widget widget_black-studio-tinymce widget_black_studio_tinymce panel-first-child panel-last-child\" data-index=\"2\" ><div class=\"textwidget\"><h4>SERVICE<\/h4>\n<p>- Transportversicherung <\/p>\n<\/div><\/div><\/div><div id=\"pgc-38881-1-1\"  class=\"panel-grid-cell panel-grid-cell-empty panel-grid-cell-mobile-last\" ><\/div><div id=\"pgc-38881-1-2\"  class=\"panel-grid-cell panel-grid-cell-empty\" ><\/div><\/div><\/div>","protected":false},"excerpt":{"rendered":"<p>Assurance transport pour la protection de vos biens de valeur. Selon vos besoins, nous proposons une couverture tous risques ou limit\u00e9e. <\/p>\n","protected":false},"author":1,"featured_media":28824,"parent":28821,"menu_order":2,"comment_status":"closed","ping_status":"closed","template":"","meta":{"_acf_changed":false,"footnotes":""},"class_list":["post-38881","page","type-page","status-publish","has-post-thumbnail","hentry"],"acf":[],"yoast_head":"<!-- This site is optimized with the Yoast SEO Premium plugin v27.2 (Yoast SEO v27.2) - https:\/\/yoast.com\/product\/yoast-seo-premium-wordpress\/ -->\n<title>ASSURANCE TRANSPORT - K. Schmied AG \u2013 Conteneurs &amp; Exp\u00e9dition Suisse<\/title>\n<meta name=\"description\" content=\"Entdecken Sie hochwertige Seecontainer, Lagercontainer und Schnellbaucontainer zum Kauf oder zur Miete in der Schweiz. Erfahren Sie mehr \u00fcber die verf\u00fcgbaren Gr\u00f6\u00dfen, Ausf\u00fchrungen und Preise. Kontaktieren Sie uns f\u00fcr eine kostenlose Anfrage!\" \/>\n<meta name=\"robots\" content=\"index, follow, max-snippet:-1, max-image-preview:large, max-video-preview:-1\" \/>\n<link rel=\"canonical\" href=\"https:\/\/kschmied.ch\/fr\/gestion-de-la-chaine-dapprovisionnement\/assurance-transport\/\" \/>\n<meta property=\"og:locale\" content=\"fr_FR\" \/>\n<meta property=\"og:type\" content=\"article\" \/>\n<meta property=\"og:title\" content=\"K. SCHMIED AG \u2013 Containerverkauf Schweiz\" \/>\n<meta property=\"og:description\" content=\"Ihr Partner f\u00fcr Seecontainer und Lagercontainer in der Schweiz \u2013 zum Kauf oder zur Miete, mit optionalem Kranablade-Service.\" \/>\n<meta property=\"og:url\" content=\"https:\/\/kschmied.ch\/fr\/gestion-de-la-chaine-dapprovisionnement\/assurance-transport\/\" \/>\n<meta property=\"og:site_name\" content=\"K. Schmied AG \u2013 Conteneurs &amp; Exp\u00e9dition Suisse\" \/>\n<meta property=\"article:modified_time\" content=\"2025-10-14T18:43:17+00:00\" \/>\n<meta property=\"og:image\" content=\"https:\/\/kschmied.ch\/wp-content\/uploads\/2019\/09\/transportversicherung_f.jpg\" \/>\n\t<meta property=\"og:image:width\" content=\"300\" \/>\n\t<meta property=\"og:image:height\" content=\"200\" \/>\n\t<meta property=\"og:image:type\" content=\"image\/jpeg\" \/>\n<meta name=\"twitter:card\" content=\"summary_large_image\" \/>\n<meta name=\"twitter:label1\" content=\"Dur\u00e9e de lecture estim\u00e9e\" \/>\n\t<meta name=\"twitter:data1\" content=\"1 minute\" \/>\n<!-- \/ Yoast SEO Premium plugin. -->","yoast_head_json":{"title":"ASSURANCE TRANSPORT - K. Schmied AG \u2013 Conteneurs &amp; Exp\u00e9dition Suisse","description":"Entdecken Sie hochwertige Seecontainer, Lagercontainer und Schnellbaucontainer zum Kauf oder zur Miete in der Schweiz. Erfahren Sie mehr \u00fcber die verf\u00fcgbaren Gr\u00f6\u00dfen, Ausf\u00fchrungen und Preise. Kontaktieren Sie uns f\u00fcr eine kostenlose Anfrage!","robots":{"index":"index","follow":"follow","max-snippet":"max-snippet:-1","max-image-preview":"max-image-preview:large","max-video-preview":"max-video-preview:-1"},"canonical":"https:\/\/kschmied.ch\/fr\/gestion-de-la-chaine-dapprovisionnement\/assurance-transport\/","og_locale":"fr_FR","og_type":"article","og_title":"K. SCHMIED AG \u2013 Containerverkauf Schweiz","og_description":"Ihr Partner f\u00fcr Seecontainer und Lagercontainer in der Schweiz \u2013 zum Kauf oder zur Miete, mit optionalem Kranablade-Service.","og_url":"https:\/\/kschmied.ch\/fr\/gestion-de-la-chaine-dapprovisionnement\/assurance-transport\/","og_site_name":"K. Schmied AG \u2013 Conteneurs &amp; Exp\u00e9dition Suisse","article_modified_time":"2025-10-14T18:43:17+00:00","og_image":[{"width":300,"height":200,"url":"https:\/\/kschmied.ch\/wp-content\/uploads\/2019\/09\/transportversicherung_f.jpg","type":"image\/jpeg"}],"twitter_card":"summary_large_image","twitter_misc":{"Dur\u00e9e de lecture estim\u00e9e":"1 minute"},"schema":{"@context":"https:\/\/schema.org","@graph":[{"@type":"WebPage","@id":"https:\/\/kschmied.ch\/fr\/gestion-de-la-chaine-dapprovisionnement\/assurance-transport\/","url":"https:\/\/kschmied.ch\/fr\/gestion-de-la-chaine-dapprovisionnement\/assurance-transport\/","name":"ASSURANCE TRANSPORT - K. Schmied AG \u2013 Conteneurs &amp; Exp\u00e9dition Suisse","isPartOf":{"@id":"https:\/\/kschmied.ch\/fr\/#website"},"primaryImageOfPage":{"@id":"https:\/\/kschmied.ch\/fr\/gestion-de-la-chaine-dapprovisionnement\/assurance-transport\/#primaryimage"},"image":{"@id":"https:\/\/kschmied.ch\/fr\/gestion-de-la-chaine-dapprovisionnement\/assurance-transport\/#primaryimage"},"thumbnailUrl":"https:\/\/kschmied.ch\/wp-content\/uploads\/2019\/09\/transportversicherung_f.jpg","datePublished":"2025-10-14T18:43:16+00:00","dateModified":"2025-10-14T18:43:17+00:00","description":"Entdecken Sie hochwertige Seecontainer, Lagercontainer und Schnellbaucontainer zum Kauf oder zur Miete in der Schweiz. Erfahren Sie mehr \u00fcber die verf\u00fcgbaren Gr\u00f6\u00dfen, Ausf\u00fchrungen und Preise. Kontaktieren Sie uns f\u00fcr eine kostenlose Anfrage!","breadcrumb":{"@id":"https:\/\/kschmied.ch\/fr\/gestion-de-la-chaine-dapprovisionnement\/assurance-transport\/#breadcrumb"},"inLanguage":"fr-FR","potentialAction":[{"@type":"ReadAction","target":["https:\/\/kschmied.ch\/fr\/gestion-de-la-chaine-dapprovisionnement\/assurance-transport\/"]}]},{"@type":"ImageObject","inLanguage":"fr-FR","@id":"https:\/\/kschmied.ch\/fr\/gestion-de-la-chaine-dapprovisionnement\/assurance-transport\/#primaryimage","url":"https:\/\/kschmied.ch\/wp-content\/uploads\/2019\/09\/transportversicherung_f.jpg","contentUrl":"https:\/\/kschmied.ch\/wp-content\/uploads\/2019\/09\/transportversicherung_f.jpg","width":300,"height":200,"caption":"Assurance transport"},{"@type":"BreadcrumbList","@id":"https:\/\/kschmied.ch\/fr\/gestion-de-la-chaine-dapprovisionnement\/assurance-transport\/#breadcrumb","itemListElement":[{"@type":"ListItem","position":1,"name":"Accueil","item":"https:\/\/kschmied.ch\/fr\/"},{"@type":"ListItem","position":2,"name":"GESTION DE LA CHA\u00ceNE D&#8217;APPROVISIONNEMENT","item":"https:\/\/kschmied.ch\/fr\/gestion-de-la-chaine-dapprovisionnement\/"},{"@type":"ListItem","position":3,"name":"ASSURANCE TRANSPORT"}]},{"@type":"WebSite","@id":"https:\/\/kschmied.ch\/fr\/#website","url":"https:\/\/kschmied.ch\/fr\/","name":"K. SCHMIED AG","description":"Commerce suisse de conteneurs &amp; exp\u00e9dition depuis 1979","publisher":{"@id":"https:\/\/kschmied.ch\/fr\/#organization"},"alternateName":"K. SCHMIED AG","potentialAction":[{"@type":"SearchAction","target":{"@type":"EntryPoint","urlTemplate":"https:\/\/kschmied.ch\/fr\/?s={search_term_string}"},"query-input":{"@type":"PropertyValueSpecification","valueRequired":true,"valueName":"search_term_string"}}],"inLanguage":"fr-FR"},{"@type":"Organization","@id":"https:\/\/kschmied.ch\/fr\/#organization","name":"K. SCHMIED AG","alternateName":"K. SCHMIED AG","url":"https:\/\/kschmied.ch\/fr\/","logo":{"@type":"ImageObject","inLanguage":"fr-FR","@id":"https:\/\/kschmied.ch\/fr\/#\/schema\/logo\/image\/","url":"https:\/\/kschmied.ch\/wp-content\/uploads\/2020\/07\/LOGO-gross.jpg","contentUrl":"https:\/\/kschmied.ch\/wp-content\/uploads\/2020\/07\/LOGO-gross.jpg","width":770,"height":240,"caption":"K. SCHMIED AG"},"image":{"@id":"https:\/\/kschmied.ch\/fr\/#\/schema\/logo\/image\/"},"sameAs":["https:\/\/ch.linkedin.com\/company\/k-schmied-ag"],"description":"K. SCHMIED AG ist ein f\u00fchrendes Unternehmen im Bereich Containerverkauf und -vermietung in der Schweiz. Mit langj\u00e4hriger Erfahrung bieten wir unseren Kunden robuste, langlebige Seecontainer, Lagercontainer und Schnellbaucontainer in verschiedenen Gr\u00f6\u00dfen und Ausf\u00fchrungen. Unser Service umfasst auch Transportl\u00f6sungen, ma\u00dfgeschneiderte Containeranforderungen und weltweiten Versand. Qualit\u00e4t, Kundenzufriedenheit und Zuverl\u00e4ssigkeit stehen bei uns an erster Stelle.","email":"info@kschmied.ch","telephone":"041 811 30 03","legalName":"K. SCHMIED internat. Transporte & Handels AG","foundingDate":"1979-01-01","vatID":"CHE-107.962.018 MWST","taxID":"CHE-107.962.018 MWST","numberOfEmployees":{"@type":"QuantitativeValue","minValue":"1","maxValue":"10"}}]}},"_links":{"self":[{"href":"https:\/\/kschmied.ch\/fr\/wp-json\/wp\/v2\/pages\/38881","targetHints":{"allow":["GET"]}}],"collection":[{"href":"https:\/\/kschmied.ch\/fr\/wp-json\/wp\/v2\/pages"}],"about":[{"href":"https:\/\/kschmied.ch\/fr\/wp-json\/wp\/v2\/types\/page"}],"author":[{"embeddable":true,"href":"https:\/\/kschmied.ch\/fr\/wp-json\/wp\/v2\/users\/1"}],"replies":[{"embeddable":true,"href":"https:\/\/kschmied.ch\/fr\/wp-json\/wp\/v2\/comments?post=38881"}],"version-history":[{"count":0,"href":"https:\/\/kschmied.ch\/fr\/wp-json\/wp\/v2\/pages\/38881\/revisions"}],"up":[{"embeddable":true,"href":"https:\/\/kschmied.ch\/fr\/wp-json\/wp\/v2\/pages\/28821"}],"wp:featuredmedia":[{"embeddable":true,"href":"https:\/\/kschmied.ch\/fr\/wp-json\/wp\/v2\/media\/28824"}],"wp:attachment":[{"href":"https:\/\/kschmied.ch\/fr\/wp-json\/wp\/v2\/media?parent=38881"}],"curies":[{"name":"wp","href":"https:\/\/api.w.org\/{rel}","templated":true}]}}