{"id":38871,"date":"2025-10-14T20:43:11","date_gmt":"2025-10-14T18:43:11","guid":{"rendered":"https:\/\/kschmied.ch\/staging-k-s\/gestion-de-la-chaine-dapprovisionnement\/logistique-de-stockage\/"},"modified":"2025-10-14T20:43:12","modified_gmt":"2025-10-14T18:43:12","slug":"logistique-de-stockage","status":"publish","type":"page","link":"https:\/\/kschmied.ch\/fr\/gestion-de-la-chaine-dapprovisionnement\/logistique-de-stockage\/","title":{"rendered":"LOGISTIQUE DE STOCKAGE"},"content":{"rendered":"<div id=\"pl-38871\"  class=\"panel-layout\" ><div id=\"pg-38871-0\"  class=\"panel-grid panel-no-style\" ><div id=\"pgc-38871-0-0\"  class=\"panel-grid-cell\" ><div id=\"panel-38871-0-0-0\" class=\"so-panel widget widget_black-studio-tinymce widget_black_studio_tinymce panel-first-child panel-last-child\" data-index=\"0\" ><h3 class=\"widget-title\"><span class=\"widget-title__inline\">LAGERLOGISTIK \u2013 ALL IN ONE<\/span><\/h3><div class=\"textwidget\"><p>Manchmal muss die Ware \u00fcber l\u00e4ngere Zeit gelagert, umgepackt, kommissioniert, gesplittet oder umetikettiert werden. Ein eigenes Lager macht jedoch je nach Gr\u00f6sse aus kosten- oder standorttechnischen Gr\u00fcnden nicht immer Sinn.<\/p>\n<p>Zusammen mit unseren Partnern im Raum Basel und der Zentralschweiz k\u00f6nnen wir Ihnen folgende Logistikdienstleistungen anbieten:<\/p>\n<\/div><\/div><\/div><div id=\"pgc-38871-0-1\"  class=\"panel-grid-cell\" ><div id=\"panel-38871-0-1-0\" class=\"so-panel widget widget_black-studio-tinymce widget_black_studio_tinymce panel-first-child panel-last-child\" data-index=\"1\" ><div class=\"textwidget\"><p><a href=\"https:\/\/www.kschmied.ch\/wp-content\/uploads\/2019\/09\/logistikleistungen_f-1.jpg\"><img loading=\"lazy\" decoding=\"async\" class=\"aligncenter size-full wp-image-4875\" src=\"https:\/\/www.kschmied.ch\/wp-content\/uploads\/2019\/09\/logistikleistungen_f-1.jpg\" alt=\"Logistikleistungen\" width=\"300\" height=\"200\" srcset=\"https:\/\/kschmied.ch\/wp-content\/uploads\/2019\/09\/logistikleistungen_f-1.jpg 300w, https:\/\/kschmied.ch\/wp-content\/uploads\/2019\/09\/logistikleistungen_f-1-272x182.jpg 272w\" sizes=\"auto, (max-width: 300px) 100vw, 300px\" \/><\/a><\/p>\n<\/div><\/div><\/div><\/div><div id=\"pg-38871-1\"  class=\"panel-grid panel-no-style\" ><div id=\"pgc-38871-1-0\"  class=\"panel-grid-cell\" ><div id=\"panel-38871-1-0-0\" class=\"so-panel widget widget_black-studio-tinymce widget_black_studio_tinymce panel-first-child panel-last-child\" data-index=\"2\" ><div class=\"textwidget\"><h4>LAGERDIENSTLEISTUNGEN<\/h4>\n<p>- Lagerverwaltung<br \/>\n- Temperaturgef\u00fchrte Lagerung<br \/>\n- Hochregallager, Blocklager<br \/>\n- Kommissionierung<br \/>\n- Konfektionierung<br \/>\n- Versand\/Zustellung<\/p>\n<\/div><\/div><\/div><div id=\"pgc-38871-1-1\"  class=\"panel-grid-cell\" ><div id=\"panel-38871-1-1-0\" class=\"so-panel widget widget_black-studio-tinymce widget_black_studio_tinymce panel-first-child panel-last-child\" data-index=\"3\" ><div class=\"textwidget\"><h4>VERPACKUNGSL\u00d6SUNGEN<\/h4>\n<p>- Neutralisation<br \/>\n- Etikettierung<br \/>\n- Umverpackung<br \/>\n- Exportverpackungen (nach ISPM-15 Standard)<\/p>\n<\/div><\/div><\/div><div id=\"pgc-38871-1-2\"  class=\"panel-grid-cell\" ><div id=\"panel-38871-1-2-0\" class=\"so-panel widget widget_black-studio-tinymce widget_black_studio_tinymce panel-first-child panel-last-child\" data-index=\"4\" ><div class=\"textwidget\"><h4>EINKAUF und DISTRIBUTION (Versand- &amp; Verteill\u00f6sungen)<\/h4>\n<p>- Weltweite Transport- &amp; Logistikl\u00f6sungen f\u00fcr den Versand ihrer G\u00fcter\/Produkte<br \/>\n- Dokumenteerstellung (EUR1, B\/L, T1\/2, Carnet ATA, etc.)<br \/>\n- Paketservice<br \/>\n- St\u00fcckgut<br \/>\n- Komplettgut<br \/>\n- Express<br \/>\n- Schwer- &amp; \u00dcbermasstransporte<br \/>\n- Kranablad<br \/>\n- Spezialtransporte (z.B. per Helikopter, ...)<\/p>\n<p>...auf Wunsch \u00fcbernehmen wir auch den Import und Einkauf ihrer Produkte.<\/p>\n<\/div><\/div><\/div><\/div><\/div>","protected":false},"excerpt":{"rendered":"<p>Services d&rsquo;entreposage, solutions d&#8217;emballage, solutions d&rsquo;exp\u00e9dition &amp; de distribution - un seul fournisseur.<\/p>\n","protected":false},"author":1,"featured_media":35258,"parent":28821,"menu_order":2,"comment_status":"closed","ping_status":"closed","template":"","meta":{"_acf_changed":false,"footnotes":""},"class_list":["post-38871","page","type-page","status-publish","has-post-thumbnail","hentry"],"acf":[],"yoast_head":"<!-- This site is optimized with the Yoast SEO Premium plugin v27.2 (Yoast SEO v27.2) - https:\/\/yoast.com\/product\/yoast-seo-premium-wordpress\/ -->\n<title>LOGISTIQUE DE STOCKAGE - K. Schmied AG \u2013 Conteneurs &amp; Exp\u00e9dition Suisse<\/title>\n<meta name=\"description\" content=\"Entdecken Sie hochwertige Seecontainer, Lagercontainer und Schnellbaucontainer zum Kauf oder zur Miete in der Schweiz. Erfahren Sie mehr \u00fcber die verf\u00fcgbaren Gr\u00f6\u00dfen, Ausf\u00fchrungen und Preise. Kontaktieren Sie uns f\u00fcr eine kostenlose Anfrage!\" \/>\n<meta name=\"robots\" content=\"index, follow, max-snippet:-1, max-image-preview:large, max-video-preview:-1\" \/>\n<link rel=\"canonical\" href=\"https:\/\/kschmied.ch\/fr\/gestion-de-la-chaine-dapprovisionnement\/logistique-de-stockage\/\" \/>\n<meta property=\"og:locale\" content=\"fr_FR\" \/>\n<meta property=\"og:type\" content=\"article\" \/>\n<meta property=\"og:title\" content=\"K. SCHMIED AG \u2013 Containerverkauf Schweiz\" \/>\n<meta property=\"og:description\" content=\"Ihr Partner f\u00fcr Seecontainer und Lagercontainer in der Schweiz \u2013 zum Kauf oder zur Miete, mit optionalem Kranablade-Service.\" \/>\n<meta property=\"og:url\" content=\"https:\/\/kschmied.ch\/fr\/gestion-de-la-chaine-dapprovisionnement\/logistique-de-stockage\/\" \/>\n<meta property=\"og:site_name\" content=\"K. Schmied AG \u2013 Conteneurs &amp; Exp\u00e9dition Suisse\" \/>\n<meta property=\"article:modified_time\" content=\"2025-10-14T18:43:12+00:00\" \/>\n<meta property=\"og:image\" content=\"https:\/\/kschmied.ch\/wp-content\/uploads\/2019\/09\/logistikleistungen_f-1.jpg\" \/>\n\t<meta property=\"og:image:width\" content=\"300\" \/>\n\t<meta property=\"og:image:height\" content=\"200\" \/>\n\t<meta property=\"og:image:type\" content=\"image\/jpeg\" \/>\n<meta name=\"twitter:card\" content=\"summary_large_image\" \/>\n<meta name=\"twitter:label1\" content=\"Dur\u00e9e de lecture estim\u00e9e\" \/>\n\t<meta name=\"twitter:data1\" content=\"1 minute\" \/>\n<!-- \/ Yoast SEO Premium plugin. -->","yoast_head_json":{"title":"LOGISTIQUE DE STOCKAGE - K. Schmied AG \u2013 Conteneurs &amp; Exp\u00e9dition Suisse","description":"Entdecken Sie hochwertige Seecontainer, Lagercontainer und Schnellbaucontainer zum Kauf oder zur Miete in der Schweiz. Erfahren Sie mehr \u00fcber die verf\u00fcgbaren Gr\u00f6\u00dfen, Ausf\u00fchrungen und Preise. Kontaktieren Sie uns f\u00fcr eine kostenlose Anfrage!","robots":{"index":"index","follow":"follow","max-snippet":"max-snippet:-1","max-image-preview":"max-image-preview:large","max-video-preview":"max-video-preview:-1"},"canonical":"https:\/\/kschmied.ch\/fr\/gestion-de-la-chaine-dapprovisionnement\/logistique-de-stockage\/","og_locale":"fr_FR","og_type":"article","og_title":"K. SCHMIED AG \u2013 Containerverkauf Schweiz","og_description":"Ihr Partner f\u00fcr Seecontainer und Lagercontainer in der Schweiz \u2013 zum Kauf oder zur Miete, mit optionalem Kranablade-Service.","og_url":"https:\/\/kschmied.ch\/fr\/gestion-de-la-chaine-dapprovisionnement\/logistique-de-stockage\/","og_site_name":"K. Schmied AG \u2013 Conteneurs &amp; Exp\u00e9dition Suisse","article_modified_time":"2025-10-14T18:43:12+00:00","og_image":[{"width":300,"height":200,"url":"https:\/\/kschmied.ch\/wp-content\/uploads\/2019\/09\/logistikleistungen_f-1.jpg","type":"image\/jpeg"}],"twitter_card":"summary_large_image","twitter_misc":{"Dur\u00e9e de lecture estim\u00e9e":"1 minute"},"schema":{"@context":"https:\/\/schema.org","@graph":[{"@type":"WebPage","@id":"https:\/\/kschmied.ch\/fr\/gestion-de-la-chaine-dapprovisionnement\/logistique-de-stockage\/","url":"https:\/\/kschmied.ch\/fr\/gestion-de-la-chaine-dapprovisionnement\/logistique-de-stockage\/","name":"LOGISTIQUE DE STOCKAGE - K. Schmied AG \u2013 Conteneurs &amp; Exp\u00e9dition Suisse","isPartOf":{"@id":"https:\/\/kschmied.ch\/fr\/#website"},"primaryImageOfPage":{"@id":"https:\/\/kschmied.ch\/fr\/gestion-de-la-chaine-dapprovisionnement\/logistique-de-stockage\/#primaryimage"},"image":{"@id":"https:\/\/kschmied.ch\/fr\/gestion-de-la-chaine-dapprovisionnement\/logistique-de-stockage\/#primaryimage"},"thumbnailUrl":"https:\/\/kschmied.ch\/wp-content\/uploads\/2019\/09\/logistikleistungen_f-1.jpg","datePublished":"2025-10-14T18:43:11+00:00","dateModified":"2025-10-14T18:43:12+00:00","description":"Entdecken Sie hochwertige Seecontainer, Lagercontainer und Schnellbaucontainer zum Kauf oder zur Miete in der Schweiz. Erfahren Sie mehr \u00fcber die verf\u00fcgbaren Gr\u00f6\u00dfen, Ausf\u00fchrungen und Preise. Kontaktieren Sie uns f\u00fcr eine kostenlose Anfrage!","breadcrumb":{"@id":"https:\/\/kschmied.ch\/fr\/gestion-de-la-chaine-dapprovisionnement\/logistique-de-stockage\/#breadcrumb"},"inLanguage":"fr-FR","potentialAction":[{"@type":"ReadAction","target":["https:\/\/kschmied.ch\/fr\/gestion-de-la-chaine-dapprovisionnement\/logistique-de-stockage\/"]}]},{"@type":"ImageObject","inLanguage":"fr-FR","@id":"https:\/\/kschmied.ch\/fr\/gestion-de-la-chaine-dapprovisionnement\/logistique-de-stockage\/#primaryimage","url":"https:\/\/kschmied.ch\/wp-content\/uploads\/2019\/09\/logistikleistungen_f-1.jpg","contentUrl":"https:\/\/kschmied.ch\/wp-content\/uploads\/2019\/09\/logistikleistungen_f-1.jpg","width":300,"height":200,"caption":"Services logistiques"},{"@type":"BreadcrumbList","@id":"https:\/\/kschmied.ch\/fr\/gestion-de-la-chaine-dapprovisionnement\/logistique-de-stockage\/#breadcrumb","itemListElement":[{"@type":"ListItem","position":1,"name":"Accueil","item":"https:\/\/kschmied.ch\/fr\/"},{"@type":"ListItem","position":2,"name":"GESTION DE LA CHA\u00ceNE D&#8217;APPROVISIONNEMENT","item":"https:\/\/kschmied.ch\/fr\/gestion-de-la-chaine-dapprovisionnement\/"},{"@type":"ListItem","position":3,"name":"LOGISTIQUE DE STOCKAGE"}]},{"@type":"WebSite","@id":"https:\/\/kschmied.ch\/fr\/#website","url":"https:\/\/kschmied.ch\/fr\/","name":"K. SCHMIED AG","description":"Commerce suisse de conteneurs &amp; exp\u00e9dition depuis 1979","publisher":{"@id":"https:\/\/kschmied.ch\/fr\/#organization"},"alternateName":"K. SCHMIED AG","potentialAction":[{"@type":"SearchAction","target":{"@type":"EntryPoint","urlTemplate":"https:\/\/kschmied.ch\/fr\/?s={search_term_string}"},"query-input":{"@type":"PropertyValueSpecification","valueRequired":true,"valueName":"search_term_string"}}],"inLanguage":"fr-FR"},{"@type":"Organization","@id":"https:\/\/kschmied.ch\/fr\/#organization","name":"K. SCHMIED AG","alternateName":"K. SCHMIED AG","url":"https:\/\/kschmied.ch\/fr\/","logo":{"@type":"ImageObject","inLanguage":"fr-FR","@id":"https:\/\/kschmied.ch\/fr\/#\/schema\/logo\/image\/","url":"https:\/\/kschmied.ch\/wp-content\/uploads\/2020\/07\/LOGO-gross.jpg","contentUrl":"https:\/\/kschmied.ch\/wp-content\/uploads\/2020\/07\/LOGO-gross.jpg","width":770,"height":240,"caption":"K. SCHMIED AG"},"image":{"@id":"https:\/\/kschmied.ch\/fr\/#\/schema\/logo\/image\/"},"sameAs":["https:\/\/ch.linkedin.com\/company\/k-schmied-ag"],"description":"K. SCHMIED AG ist ein f\u00fchrendes Unternehmen im Bereich Containerverkauf und -vermietung in der Schweiz. Mit langj\u00e4hriger Erfahrung bieten wir unseren Kunden robuste, langlebige Seecontainer, Lagercontainer und Schnellbaucontainer in verschiedenen Gr\u00f6\u00dfen und Ausf\u00fchrungen. Unser Service umfasst auch Transportl\u00f6sungen, ma\u00dfgeschneiderte Containeranforderungen und weltweiten Versand. Qualit\u00e4t, Kundenzufriedenheit und Zuverl\u00e4ssigkeit stehen bei uns an erster Stelle.","email":"info@kschmied.ch","telephone":"041 811 30 03","legalName":"K. SCHMIED internat. Transporte & Handels AG","foundingDate":"1979-01-01","vatID":"CHE-107.962.018 MWST","taxID":"CHE-107.962.018 MWST","numberOfEmployees":{"@type":"QuantitativeValue","minValue":"1","maxValue":"10"}}]}},"_links":{"self":[{"href":"https:\/\/kschmied.ch\/fr\/wp-json\/wp\/v2\/pages\/38871","targetHints":{"allow":["GET"]}}],"collection":[{"href":"https:\/\/kschmied.ch\/fr\/wp-json\/wp\/v2\/pages"}],"about":[{"href":"https:\/\/kschmied.ch\/fr\/wp-json\/wp\/v2\/types\/page"}],"author":[{"embeddable":true,"href":"https:\/\/kschmied.ch\/fr\/wp-json\/wp\/v2\/users\/1"}],"replies":[{"embeddable":true,"href":"https:\/\/kschmied.ch\/fr\/wp-json\/wp\/v2\/comments?post=38871"}],"version-history":[{"count":0,"href":"https:\/\/kschmied.ch\/fr\/wp-json\/wp\/v2\/pages\/38871\/revisions"}],"up":[{"embeddable":true,"href":"https:\/\/kschmied.ch\/fr\/wp-json\/wp\/v2\/pages\/28821"}],"wp:featuredmedia":[{"embeddable":true,"href":"https:\/\/kschmied.ch\/fr\/wp-json\/wp\/v2\/media\/35258"}],"wp:attachment":[{"href":"https:\/\/kschmied.ch\/fr\/wp-json\/wp\/v2\/media?parent=38871"}],"curies":[{"name":"wp","href":"https:\/\/api.w.org\/{rel}","templated":true}]}}