{"id":38822,"date":"2025-10-14T20:42:18","date_gmt":"2025-10-14T18:42:18","guid":{"rendered":"https:\/\/kschmied.ch\/staging-k-s\/les-transports\/transport-terrestre\/"},"modified":"2025-10-14T20:42:33","modified_gmt":"2025-10-14T18:42:33","slug":"transport-terrestre","status":"publish","type":"page","link":"https:\/\/kschmied.ch\/fr\/les-transports\/transport-terrestre\/","title":{"rendered":"Transport terrestre"},"content":{"rendered":"<div id=\"pl-38822\"  class=\"panel-layout\" ><div id=\"pg-38822-0\"  class=\"panel-grid panel-no-style\" ><div id=\"pgc-38822-0-0\"  class=\"panel-grid-cell\" ><div id=\"panel-38822-0-0-0\" class=\"so-panel widget widget_black-studio-tinymce widget_black_studio_tinymce panel-first-child panel-last-child\" data-index=\"0\" ><h3 class=\"widget-title\"><span class=\"widget-title__inline\">SCHWEIZ - EU - OSTEUROPA - ZENTRALASIEN - NAHER OSTEN<\/span><\/h3><div class=\"textwidget\"><p>Ob Schnelligkeit, Frachtkostensenkung oder eine auf Ihre Anforderungen abgestimmte Kombination das Beste f\u00fcr Sie ist - wir finden bestimmt die richtige L\u00f6sung.<\/p>\n<p>Dank unserem europaweiten Netzwerk und starken Partnern im Bereich Russlandverkehr, haben wir die M\u00f6glichkeit Sammel-, Einzel- oder Projektsendungen schnell und zuverl\u00e4ssig an Ihre Bed\u00fcrfnisse anzupassen.<\/p>\n<p>Der Sendungsgr\u00f6sse bzw. dem Sendungsvolumen sind kaum Grenzen gesetzt. Lieferengp\u00e4sse gleichen wir durch Direktfahrten und grosse Laderaumkapazit\u00e4ten wieder aus.<\/p>\n<p>Mit Kosten- und Lieferzeitoptimierung von Sammel- oder Einzelsendungen kennen wir uns bestens aus und den scheinbar unm\u00f6glichen Anforderungen nehmen wir uns gerne an.<\/p>\n<p>Projektl\u00f6sungen geh\u00f6ren zu unserem t\u00e4glichen Gesch\u00e4ft.<\/p>\n<\/div><\/div><\/div><div id=\"pgc-38822-0-1\"  class=\"panel-grid-cell\" ><div id=\"panel-38822-0-1-0\" class=\"so-panel widget widget_black-studio-tinymce widget_black_studio_tinymce panel-first-child panel-last-child\" data-index=\"1\" ><div class=\"textwidget\"><p><img loading=\"lazy\" decoding=\"async\" class=\"aligncenter wp-image-688 size-medium\" src=\"https:\/\/www.kschmied.ch\/wp-content\/uploads\/2016\/03\/Depositphotos_8135928_m-220x300.jpg\" alt=\"\" width=\"220\" height=\"300\" srcset=\"https:\/\/kschmied.ch\/wp-content\/uploads\/2016\/03\/Depositphotos_8135928_m-220x300.jpg 220w, https:\/\/kschmied.ch\/wp-content\/uploads\/2016\/03\/Depositphotos_8135928_m-750x1024.jpg 750w, https:\/\/kschmied.ch\/wp-content\/uploads\/2016\/03\/Depositphotos_8135928_m-768x1049.jpg 768w, https:\/\/kschmied.ch\/wp-content\/uploads\/2016\/03\/Depositphotos_8135928_m-1124x1536.jpg 1124w, https:\/\/kschmied.ch\/wp-content\/uploads\/2016\/03\/Depositphotos_8135928_m-500x683.jpg 500w, https:\/\/kschmied.ch\/wp-content\/uploads\/2016\/03\/Depositphotos_8135928_m.jpg 1210w\" sizes=\"auto, (max-width: 220px) 100vw, 220px\" \/><\/p>\n<p style=\"text-align: center;\"><span class='maxbutton-6-container mb-container'><a class=\"maxbutton-6 maxbutton maxbutton-anfrage-transport\" href=\"https:\/\/www.kschmied.ch\/kontakt\/transportanfrage\/\"><span class='mb-text'>TRANSPORTKOSTEN ANFRAGEN<\/span><\/a><\/span><\/p>\n<\/div><\/div><\/div><\/div><div id=\"pg-38822-1\"  class=\"panel-grid panel-no-style\" ><div id=\"pgc-38822-1-0\"  class=\"panel-grid-cell\" ><div id=\"panel-38822-1-0-0\" class=\"so-panel widget widget_black-studio-tinymce widget_black_studio_tinymce panel-first-child panel-last-child\" data-index=\"2\" ><div class=\"textwidget\"><p><span style=\"color: #000000;\"><strong>TRANSPORTG\u00dcTER<\/strong><\/span><\/p>\n<p>- Normalgut<br \/> - Gefahrengut ADR<br \/> - K\u00fchlgut<br \/> - Schwer-\/\u00dcbermassgut<\/p>\n<p>\u00a0<\/p>\n<p><span style=\"color: #000000;\"><strong>VOLUMEN<\/strong><\/span><\/p>\n<p>- St\u00fcck-\/Sammelgut<br \/> - Komplettladungen<br \/> - Projektgut<\/p>\n<\/div><\/div><\/div><div id=\"pgc-38822-1-1\"  class=\"panel-grid-cell\" ><div id=\"panel-38822-1-1-0\" class=\"so-panel widget widget_black-studio-tinymce widget_black_studio_tinymce panel-first-child panel-last-child\" data-index=\"3\" ><div class=\"textwidget\"><p><span style=\"color: #000000;\"><strong>SERVICE<\/strong><\/span><\/p>\n<p>- Door-to-Door<br \/>\n- Zollabwicklung<br \/>\n- Versicherung<br \/>\n- Verpackung<br \/>\n- 24 Std. Service ganze Schweiz<br \/>\n- Kombinierter Verkehr<br \/>\n- Express Service<\/p>\n<p>&nbsp;<\/p>\n<\/div><\/div><\/div><div id=\"pgc-38822-1-2\"  class=\"panel-grid-cell\" ><div id=\"panel-38822-1-2-0\" class=\"so-panel widget widget_black-studio-tinymce widget_black_studio_tinymce panel-first-child panel-last-child\" data-index=\"4\" ><div class=\"textwidget\"><p><a href=\"https:\/\/www.kschmied.ch\/wp-content\/uploads\/2019\/07\/STRASSENTRANSPORT.pdf\" target=\"_blank\" rel=\"noopener\"><img loading=\"lazy\" decoding=\"async\" class=\"aligncenter wp-image-737 size-full\" src=\"https:\/\/www.kschmied.ch\/wp-content\/uploads\/2015\/04\/pdf-icon.png\" alt=\"Strassentransport.PDF\" width=\"96\" height=\"96\" \/><\/a><\/p>\n<p style=\"text-align: left;\">\n<\/div><\/div><\/div><\/div><\/div>","protected":false},"excerpt":{"rendered":"<p>Zone de transport : Suisse, UE, CEI &amp; Russie<\/p>\n<p>Le transport routier et ferroviaire est la colonne vert\u00e9brale du transport en Europe.<\/p>\n<p>Du train-bloc au groupage par camion, conteneur ou livraison de colis, chaque commande est int\u00e9gr\u00e9e par nos soins dans son propre r\u00e9seau d&rsquo;exp\u00e9dition et surveill\u00e9e jusqu&rsquo;\u00e0 son arriv\u00e9e\/livraison.  <\/p>\n","protected":false},"author":1,"featured_media":35302,"parent":28817,"menu_order":7,"comment_status":"closed","ping_status":"closed","template":"","meta":{"_acf_changed":false,"footnotes":""},"class_list":["post-38822","page","type-page","status-publish","has-post-thumbnail","hentry"],"acf":[],"yoast_head":"<!-- This site is optimized with the Yoast SEO Premium plugin v27.2 (Yoast SEO v27.2) - https:\/\/yoast.com\/product\/yoast-seo-premium-wordpress\/ -->\n<title>Transport terrestre - K. Schmied AG \u2013 Conteneurs &amp; Exp\u00e9dition Suisse<\/title>\n<meta name=\"description\" content=\"Entdecken Sie hochwertige Seecontainer, Lagercontainer und Schnellbaucontainer zum Kauf oder zur Miete in der Schweiz. Erfahren Sie mehr \u00fcber die verf\u00fcgbaren Gr\u00f6\u00dfen, Ausf\u00fchrungen und Preise. Kontaktieren Sie uns f\u00fcr eine kostenlose Anfrage!\" \/>\n<meta name=\"robots\" content=\"index, follow, max-snippet:-1, max-image-preview:large, max-video-preview:-1\" \/>\n<link rel=\"canonical\" href=\"https:\/\/kschmied.ch\/fr\/les-transports\/transport-terrestre\/\" \/>\n<meta property=\"og:locale\" content=\"fr_FR\" \/>\n<meta property=\"og:type\" content=\"article\" \/>\n<meta property=\"og:title\" content=\"K. SCHMIED AG \u2013 Containerverkauf Schweiz\" \/>\n<meta property=\"og:description\" content=\"Ihr Partner f\u00fcr Seecontainer und Lagercontainer in der Schweiz \u2013 zum Kauf oder zur Miete, mit optionalem Kranablade-Service.\" \/>\n<meta property=\"og:url\" content=\"https:\/\/kschmied.ch\/fr\/les-transports\/transport-terrestre\/\" \/>\n<meta property=\"og:site_name\" content=\"K. Schmied AG \u2013 Conteneurs &amp; Exp\u00e9dition Suisse\" \/>\n<meta property=\"article:modified_time\" content=\"2025-10-14T18:42:33+00:00\" \/>\n<meta property=\"og:image\" content=\"https:\/\/kschmied.ch\/wp-content\/uploads\/2019\/11\/landtransport_f.jpg\" \/>\n\t<meta property=\"og:image:width\" content=\"300\" \/>\n\t<meta property=\"og:image:height\" content=\"200\" \/>\n\t<meta property=\"og:image:type\" content=\"image\/jpeg\" \/>\n<meta name=\"twitter:card\" content=\"summary_large_image\" \/>\n<meta name=\"twitter:label1\" content=\"Dur\u00e9e de lecture estim\u00e9e\" \/>\n\t<meta name=\"twitter:data1\" content=\"1 minute\" \/>\n<!-- \/ Yoast SEO Premium plugin. -->","yoast_head_json":{"title":"Transport terrestre - K. Schmied AG \u2013 Conteneurs &amp; Exp\u00e9dition Suisse","description":"Entdecken Sie hochwertige Seecontainer, Lagercontainer und Schnellbaucontainer zum Kauf oder zur Miete in der Schweiz. Erfahren Sie mehr \u00fcber die verf\u00fcgbaren Gr\u00f6\u00dfen, Ausf\u00fchrungen und Preise. Kontaktieren Sie uns f\u00fcr eine kostenlose Anfrage!","robots":{"index":"index","follow":"follow","max-snippet":"max-snippet:-1","max-image-preview":"max-image-preview:large","max-video-preview":"max-video-preview:-1"},"canonical":"https:\/\/kschmied.ch\/fr\/les-transports\/transport-terrestre\/","og_locale":"fr_FR","og_type":"article","og_title":"K. SCHMIED AG \u2013 Containerverkauf Schweiz","og_description":"Ihr Partner f\u00fcr Seecontainer und Lagercontainer in der Schweiz \u2013 zum Kauf oder zur Miete, mit optionalem Kranablade-Service.","og_url":"https:\/\/kschmied.ch\/fr\/les-transports\/transport-terrestre\/","og_site_name":"K. Schmied AG \u2013 Conteneurs &amp; Exp\u00e9dition Suisse","article_modified_time":"2025-10-14T18:42:33+00:00","og_image":[{"width":300,"height":200,"url":"https:\/\/kschmied.ch\/wp-content\/uploads\/2019\/11\/landtransport_f.jpg","type":"image\/jpeg"}],"twitter_card":"summary_large_image","twitter_misc":{"Dur\u00e9e de lecture estim\u00e9e":"1 minute"},"schema":{"@context":"https:\/\/schema.org","@graph":[{"@type":"WebPage","@id":"https:\/\/kschmied.ch\/fr\/les-transports\/transport-terrestre\/","url":"https:\/\/kschmied.ch\/fr\/les-transports\/transport-terrestre\/","name":"Transport terrestre - K. Schmied AG \u2013 Conteneurs &amp; Exp\u00e9dition Suisse","isPartOf":{"@id":"https:\/\/kschmied.ch\/fr\/#website"},"primaryImageOfPage":{"@id":"https:\/\/kschmied.ch\/fr\/les-transports\/transport-terrestre\/#primaryimage"},"image":{"@id":"https:\/\/kschmied.ch\/fr\/les-transports\/transport-terrestre\/#primaryimage"},"thumbnailUrl":"https:\/\/kschmied.ch\/wp-content\/uploads\/2019\/11\/landtransport_f.jpg","datePublished":"2025-10-14T18:42:18+00:00","dateModified":"2025-10-14T18:42:33+00:00","description":"Entdecken Sie hochwertige Seecontainer, Lagercontainer und Schnellbaucontainer zum Kauf oder zur Miete in der Schweiz. Erfahren Sie mehr \u00fcber die verf\u00fcgbaren Gr\u00f6\u00dfen, Ausf\u00fchrungen und Preise. Kontaktieren Sie uns f\u00fcr eine kostenlose Anfrage!","breadcrumb":{"@id":"https:\/\/kschmied.ch\/fr\/les-transports\/transport-terrestre\/#breadcrumb"},"inLanguage":"fr-FR","potentialAction":[{"@type":"ReadAction","target":["https:\/\/kschmied.ch\/fr\/les-transports\/transport-terrestre\/"]}]},{"@type":"ImageObject","inLanguage":"fr-FR","@id":"https:\/\/kschmied.ch\/fr\/les-transports\/transport-terrestre\/#primaryimage","url":"https:\/\/kschmied.ch\/wp-content\/uploads\/2019\/11\/landtransport_f.jpg","contentUrl":"https:\/\/kschmied.ch\/wp-content\/uploads\/2019\/11\/landtransport_f.jpg","width":300,"height":200,"caption":"Transports par camion, UE &amp; CEI"},{"@type":"BreadcrumbList","@id":"https:\/\/kschmied.ch\/fr\/les-transports\/transport-terrestre\/#breadcrumb","itemListElement":[{"@type":"ListItem","position":1,"name":"Accueil","item":"https:\/\/kschmied.ch\/fr\/"},{"@type":"ListItem","position":2,"name":"les transports","item":"https:\/\/kschmied.ch\/fr\/les-transports\/"},{"@type":"ListItem","position":3,"name":"Transport terrestre"}]},{"@type":"WebSite","@id":"https:\/\/kschmied.ch\/fr\/#website","url":"https:\/\/kschmied.ch\/fr\/","name":"K. SCHMIED AG","description":"Commerce suisse de conteneurs &amp; exp\u00e9dition depuis 1979","publisher":{"@id":"https:\/\/kschmied.ch\/fr\/#organization"},"alternateName":"K. SCHMIED AG","potentialAction":[{"@type":"SearchAction","target":{"@type":"EntryPoint","urlTemplate":"https:\/\/kschmied.ch\/fr\/?s={search_term_string}"},"query-input":{"@type":"PropertyValueSpecification","valueRequired":true,"valueName":"search_term_string"}}],"inLanguage":"fr-FR"},{"@type":"Organization","@id":"https:\/\/kschmied.ch\/fr\/#organization","name":"K. SCHMIED AG","alternateName":"K. SCHMIED AG","url":"https:\/\/kschmied.ch\/fr\/","logo":{"@type":"ImageObject","inLanguage":"fr-FR","@id":"https:\/\/kschmied.ch\/fr\/#\/schema\/logo\/image\/","url":"https:\/\/kschmied.ch\/wp-content\/uploads\/2020\/07\/LOGO-gross.jpg","contentUrl":"https:\/\/kschmied.ch\/wp-content\/uploads\/2020\/07\/LOGO-gross.jpg","width":770,"height":240,"caption":"K. SCHMIED AG"},"image":{"@id":"https:\/\/kschmied.ch\/fr\/#\/schema\/logo\/image\/"},"sameAs":["https:\/\/ch.linkedin.com\/company\/k-schmied-ag"],"description":"K. SCHMIED AG ist ein f\u00fchrendes Unternehmen im Bereich Containerverkauf und -vermietung in der Schweiz. Mit langj\u00e4hriger Erfahrung bieten wir unseren Kunden robuste, langlebige Seecontainer, Lagercontainer und Schnellbaucontainer in verschiedenen Gr\u00f6\u00dfen und Ausf\u00fchrungen. Unser Service umfasst auch Transportl\u00f6sungen, ma\u00dfgeschneiderte Containeranforderungen und weltweiten Versand. Qualit\u00e4t, Kundenzufriedenheit und Zuverl\u00e4ssigkeit stehen bei uns an erster Stelle.","email":"info@kschmied.ch","telephone":"041 811 30 03","legalName":"K. SCHMIED internat. Transporte & Handels AG","foundingDate":"1979-01-01","vatID":"CHE-107.962.018 MWST","taxID":"CHE-107.962.018 MWST","numberOfEmployees":{"@type":"QuantitativeValue","minValue":"1","maxValue":"10"}}]}},"_links":{"self":[{"href":"https:\/\/kschmied.ch\/fr\/wp-json\/wp\/v2\/pages\/38822","targetHints":{"allow":["GET"]}}],"collection":[{"href":"https:\/\/kschmied.ch\/fr\/wp-json\/wp\/v2\/pages"}],"about":[{"href":"https:\/\/kschmied.ch\/fr\/wp-json\/wp\/v2\/types\/page"}],"author":[{"embeddable":true,"href":"https:\/\/kschmied.ch\/fr\/wp-json\/wp\/v2\/users\/1"}],"replies":[{"embeddable":true,"href":"https:\/\/kschmied.ch\/fr\/wp-json\/wp\/v2\/comments?post=38822"}],"version-history":[{"count":0,"href":"https:\/\/kschmied.ch\/fr\/wp-json\/wp\/v2\/pages\/38822\/revisions"}],"up":[{"embeddable":true,"href":"https:\/\/kschmied.ch\/fr\/wp-json\/wp\/v2\/pages\/28817"}],"wp:featuredmedia":[{"embeddable":true,"href":"https:\/\/kschmied.ch\/fr\/wp-json\/wp\/v2\/media\/35302"}],"wp:attachment":[{"href":"https:\/\/kschmied.ch\/fr\/wp-json\/wp\/v2\/media?parent=38822"}],"curies":[{"name":"wp","href":"https:\/\/api.w.org\/{rel}","templated":true}]}}