{"id":38809,"date":"2025-10-14T20:42:10","date_gmt":"2025-10-14T18:42:10","guid":{"rendered":"https:\/\/kschmied.ch\/staging-k-s\/allemagne-transports\/"},"modified":"2025-10-14T20:42:18","modified_gmt":"2025-10-14T18:42:18","slug":"allemagne-transports","status":"publish","type":"page","link":"https:\/\/kschmied.ch\/fr\/les-transports\/transport-terrestre\/allemagne-transports\/","title":{"rendered":"Allemagne Transports"},"content":{"rendered":"<div id=\"pl-38809\"  class=\"panel-layout\" ><div id=\"pg-38809-0\"  class=\"panel-grid panel-no-style\" ><div id=\"pgc-38809-0-0\"  class=\"panel-grid-cell\" ><div id=\"panel-38809-0-0-0\" class=\"so-panel widget widget_black-studio-tinymce widget_black_studio_tinymce panel-first-child panel-last-child\" data-index=\"0\" ><h3 class=\"widget-title\"><span class=\"widget-title__inline\">DEUTSCHLAND \u2013 SCHWEIZ<\/span><\/h3><div class=\"textwidget\"><p>Bei LKW-Transporten von oder nach Deutschland verf\u00fcgen wir \u00fcber ein leistungsstarkes und konkurrenzf\u00e4higes Netzwerk. Die Schweizer Ausfuhr- oder Deutsche Einfuhrverzollung \u00fcbernehmen unsere Zollspezialisten gerne f\u00fcr Sie.<\/p>\n<p>Wir bieten t\u00e4gliche Abfahrten f\u00fcr Einzelsendungen, Sonderfahrten (Express) oder regelm\u00e4ssige Sendungen an.<\/p>\n<p>Gerne unterbreiten wir Ihnen ein f\u00fcr Sie bestimmt interessantes Angebot.<\/p>\n<\/div><\/div><\/div><div id=\"pgc-38809-0-1\"  class=\"panel-grid-cell\" ><div id=\"panel-38809-0-1-0\" class=\"so-panel widget widget_black-studio-tinymce widget_black_studio_tinymce panel-first-child panel-last-child\" data-index=\"1\" ><div class=\"textwidget\"><p><img loading=\"lazy\" decoding=\"async\" class=\"aligncenter size-medium wp-image-4773\" src=\"https:\/\/www.kschmied.ch\/wp-content\/uploads\/2019\/09\/Deutschland_Verkehr_h-300x200.jpg\" alt=\"Deutschland Transporte\" width=\"300\" height=\"200\" srcset=\"https:\/\/kschmied.ch\/wp-content\/uploads\/2019\/09\/Deutschland_Verkehr_h.jpg 300w, https:\/\/kschmied.ch\/wp-content\/uploads\/2019\/09\/Deutschland_Verkehr_h-272x182.jpg 272w\" sizes=\"auto, (max-width: 300px) 100vw, 300px\" \/><\/p>\n<p style=\"text-align: center;\"><span class='maxbutton-6-container mb-container'><a class=\"maxbutton-6 maxbutton maxbutton-anfrage-transport\" href=\"https:\/\/www.kschmied.ch\/kontakt\/transportanfrage\/\"><span class='mb-text'>TRANSPORTKOSTEN ANFRAGEN<\/span><\/a><\/span><\/p>\n<\/div><\/div><\/div><\/div><div id=\"pg-38809-1\"  class=\"panel-grid panel-no-style\" ><div id=\"pgc-38809-1-0\"  class=\"panel-grid-cell\" ><div id=\"panel-38809-1-0-0\" class=\"so-panel widget widget_black-studio-tinymce widget_black_studio_tinymce panel-first-child panel-last-child\" data-index=\"2\" ><div class=\"textwidget\"><p><span style=\"color: #000000;\"><strong>TRANSPORTG\u00dcTER<\/strong><\/span><\/p>\n<p>- Normalgut\/Handelsgut<br \/>\n- Gefahrengut (ADR)<br \/>\n- K\u00fchlgut<\/p>\n<p>&nbsp;<\/p>\n<p><span style=\"color: #000000;\"><strong>VOLUMEN<\/strong><\/span><\/p>\n<p>- St\u00fcckgut\/Sammelgut<br \/>\n- Komplettgut<br \/>\n- \u00dcbermass- & Schwergut<\/p>\n<\/div><\/div><\/div><div id=\"pgc-38809-1-1\"  class=\"panel-grid-cell\" ><div id=\"panel-38809-1-1-0\" class=\"so-panel widget widget_black-studio-tinymce widget_black_studio_tinymce panel-first-child panel-last-child\" data-index=\"3\" ><div class=\"textwidget\"><p><span style=\"color: #000000;\"><strong>SERVICE<\/strong><\/span><\/p>\n<p>- Door-to-Door<br \/>\n- T\u00e4gliche Abfahrten<br \/>\n- Direktfahrten, EXPRESS<br \/>\n- Zollabwicklung<br \/>\n- Versicherung<br \/>\n- Verpackung<br \/>\n- Neutralisation<br \/>\n- Etikettierung<br \/>\n- Lagerung<\/p>\n<\/div><\/div><\/div><div id=\"pgc-38809-1-2\"  class=\"panel-grid-cell\" ><div id=\"panel-38809-1-2-0\" class=\"so-panel widget widget_black-studio-tinymce widget_black_studio_tinymce panel-first-child panel-last-child\" data-index=\"4\" ><div class=\"textwidget\"><p><img loading=\"lazy\" decoding=\"async\" class=\"aligncenter size-medium wp-image-5961\" src=\"https:\/\/www.kschmied.ch\/wp-content\/uploads\/2019\/10\/Deutschland_Schweiz-281x300.jpg\" alt=\"Deutschland - Schweiz Transporte\" width=\"281\" height=\"300\" srcset=\"https:\/\/kschmied.ch\/wp-content\/uploads\/2019\/10\/Deutschland_Schweiz-281x300.jpg 281w, https:\/\/kschmied.ch\/wp-content\/uploads\/2019\/10\/Deutschland_Schweiz.jpg 300w\" sizes=\"auto, (max-width: 281px) 100vw, 281px\" \/><\/p>\n<\/div><\/div><\/div><\/div><\/div>","protected":false},"excerpt":{"rendered":"<p>D\u00e9parts quotidiens pour des envois individuels, des trajets sp\u00e9ciaux (express) ou des envois r\u00e9guliers \u00e0 des conditions int\u00e9ressantes.<\/p>\n<p>Nous nous ferons un plaisir de vous soumettre une offre qui vous int\u00e9ressera certainement.<\/p>\n","protected":false},"author":1,"featured_media":35104,"parent":38822,"menu_order":2,"comment_status":"closed","ping_status":"closed","template":"","meta":{"_acf_changed":false,"footnotes":""},"class_list":["post-38809","page","type-page","status-publish","has-post-thumbnail","hentry"],"acf":[],"yoast_head":"<!-- This site is optimized with the Yoast SEO Premium plugin v27.4 (Yoast SEO v27.4) - https:\/\/yoast.com\/product\/yoast-seo-premium-wordpress\/ -->\n<title>Allemagne Transports - K. Schmied AG \u2013 Conteneurs &amp; Exp\u00e9dition Suisse<\/title>\n<meta name=\"description\" content=\"Entdecken Sie hochwertige Seecontainer, Lagercontainer und Schnellbaucontainer zum Kauf oder zur Miete in der Schweiz. Erfahren Sie mehr \u00fcber die verf\u00fcgbaren Gr\u00f6\u00dfen, Ausf\u00fchrungen und Preise. Kontaktieren Sie uns f\u00fcr eine kostenlose Anfrage!\" \/>\n<meta name=\"robots\" content=\"index, follow, max-snippet:-1, max-image-preview:large, max-video-preview:-1\" \/>\n<link rel=\"canonical\" href=\"https:\/\/kschmied.ch\/fr\/les-transports\/transport-terrestre\/allemagne-transports\/\" \/>\n<meta property=\"og:locale\" content=\"fr_FR\" \/>\n<meta property=\"og:type\" content=\"article\" \/>\n<meta property=\"og:title\" content=\"K. SCHMIED AG \u2013 Containerverkauf Schweiz\" \/>\n<meta property=\"og:description\" content=\"Ihr Partner f\u00fcr Seecontainer und Lagercontainer in der Schweiz \u2013 zum Kauf oder zur Miete, mit optionalem Kranablade-Service.\" \/>\n<meta property=\"og:url\" content=\"https:\/\/kschmied.ch\/fr\/les-transports\/transport-terrestre\/allemagne-transports\/\" \/>\n<meta property=\"og:site_name\" content=\"K. Schmied AG \u2013 Conteneurs &amp; Exp\u00e9dition Suisse\" \/>\n<meta property=\"article:modified_time\" content=\"2025-10-14T18:42:18+00:00\" \/>\n<meta property=\"og:image\" content=\"https:\/\/kschmied.ch\/wp-content\/uploads\/2016\/03\/Depositphotos_39307789_m.jpg\" \/>\n\t<meta property=\"og:image:width\" content=\"1732\" \/>\n\t<meta property=\"og:image:height\" content=\"1155\" \/>\n\t<meta property=\"og:image:type\" content=\"image\/jpeg\" \/>\n<meta name=\"twitter:card\" content=\"summary_large_image\" \/>\n<meta name=\"twitter:label1\" content=\"Dur\u00e9e de lecture estim\u00e9e\" \/>\n\t<meta name=\"twitter:data1\" content=\"1 minute\" \/>\n<!-- \/ Yoast SEO Premium plugin. -->","yoast_head_json":{"title":"Allemagne Transports - K. Schmied AG \u2013 Conteneurs &amp; Exp\u00e9dition Suisse","description":"Entdecken Sie hochwertige Seecontainer, Lagercontainer und Schnellbaucontainer zum Kauf oder zur Miete in der Schweiz. Erfahren Sie mehr \u00fcber die verf\u00fcgbaren Gr\u00f6\u00dfen, Ausf\u00fchrungen und Preise. Kontaktieren Sie uns f\u00fcr eine kostenlose Anfrage!","robots":{"index":"index","follow":"follow","max-snippet":"max-snippet:-1","max-image-preview":"max-image-preview:large","max-video-preview":"max-video-preview:-1"},"canonical":"https:\/\/kschmied.ch\/fr\/les-transports\/transport-terrestre\/allemagne-transports\/","og_locale":"fr_FR","og_type":"article","og_title":"K. SCHMIED AG \u2013 Containerverkauf Schweiz","og_description":"Ihr Partner f\u00fcr Seecontainer und Lagercontainer in der Schweiz \u2013 zum Kauf oder zur Miete, mit optionalem Kranablade-Service.","og_url":"https:\/\/kschmied.ch\/fr\/les-transports\/transport-terrestre\/allemagne-transports\/","og_site_name":"K. Schmied AG \u2013 Conteneurs &amp; Exp\u00e9dition Suisse","article_modified_time":"2025-10-14T18:42:18+00:00","og_image":[{"width":1732,"height":1155,"url":"https:\/\/kschmied.ch\/wp-content\/uploads\/2016\/03\/Depositphotos_39307789_m.jpg","type":"image\/jpeg"}],"twitter_card":"summary_large_image","twitter_misc":{"Dur\u00e9e de lecture estim\u00e9e":"1 minute"},"schema":{"@context":"https:\/\/schema.org","@graph":[{"@type":"WebPage","@id":"https:\/\/kschmied.ch\/fr\/les-transports\/transport-terrestre\/allemagne-transports\/","url":"https:\/\/kschmied.ch\/fr\/les-transports\/transport-terrestre\/allemagne-transports\/","name":"Allemagne Transports - K. Schmied AG \u2013 Conteneurs &amp; Exp\u00e9dition Suisse","isPartOf":{"@id":"https:\/\/kschmied.ch\/fr\/#website"},"primaryImageOfPage":{"@id":"https:\/\/kschmied.ch\/fr\/les-transports\/transport-terrestre\/allemagne-transports\/#primaryimage"},"image":{"@id":"https:\/\/kschmied.ch\/fr\/les-transports\/transport-terrestre\/allemagne-transports\/#primaryimage"},"thumbnailUrl":"https:\/\/kschmied.ch\/wp-content\/uploads\/2016\/03\/Depositphotos_39307789_m.jpg","datePublished":"2025-10-14T18:42:10+00:00","dateModified":"2025-10-14T18:42:18+00:00","description":"Entdecken Sie hochwertige Seecontainer, Lagercontainer und Schnellbaucontainer zum Kauf oder zur Miete in der Schweiz. Erfahren Sie mehr \u00fcber die verf\u00fcgbaren Gr\u00f6\u00dfen, Ausf\u00fchrungen und Preise. Kontaktieren Sie uns f\u00fcr eine kostenlose Anfrage!","breadcrumb":{"@id":"https:\/\/kschmied.ch\/fr\/les-transports\/transport-terrestre\/allemagne-transports\/#breadcrumb"},"inLanguage":"fr-FR","potentialAction":[{"@type":"ReadAction","target":["https:\/\/kschmied.ch\/fr\/les-transports\/transport-terrestre\/allemagne-transports\/"]}]},{"@type":"ImageObject","inLanguage":"fr-FR","@id":"https:\/\/kschmied.ch\/fr\/les-transports\/transport-terrestre\/allemagne-transports\/#primaryimage","url":"https:\/\/kschmied.ch\/wp-content\/uploads\/2016\/03\/Depositphotos_39307789_m.jpg","contentUrl":"https:\/\/kschmied.ch\/wp-content\/uploads\/2016\/03\/Depositphotos_39307789_m.jpg","width":1732,"height":1155},{"@type":"BreadcrumbList","@id":"https:\/\/kschmied.ch\/fr\/les-transports\/transport-terrestre\/allemagne-transports\/#breadcrumb","itemListElement":[{"@type":"ListItem","position":1,"name":"Accueil","item":"https:\/\/kschmied.ch\/fr\/"},{"@type":"ListItem","position":2,"name":"les transports","item":"https:\/\/kschmied.ch\/fr\/les-transports\/"},{"@type":"ListItem","position":3,"name":"Transport terrestre","item":"https:\/\/kschmied.ch\/fr\/les-transports\/transport-terrestre\/"},{"@type":"ListItem","position":4,"name":"Allemagne Transports"}]},{"@type":"WebSite","@id":"https:\/\/kschmied.ch\/fr\/#website","url":"https:\/\/kschmied.ch\/fr\/","name":"K. SCHMIED AG","description":"Commerce suisse de conteneurs &amp; exp\u00e9dition depuis 1979","publisher":{"@id":"https:\/\/kschmied.ch\/fr\/#organization"},"alternateName":"K. SCHMIED AG","potentialAction":[{"@type":"SearchAction","target":{"@type":"EntryPoint","urlTemplate":"https:\/\/kschmied.ch\/fr\/?s={search_term_string}"},"query-input":{"@type":"PropertyValueSpecification","valueRequired":true,"valueName":"search_term_string"}}],"inLanguage":"fr-FR"},{"@type":"Organization","@id":"https:\/\/kschmied.ch\/fr\/#organization","name":"K. SCHMIED AG","alternateName":"K. SCHMIED AG","url":"https:\/\/kschmied.ch\/fr\/","logo":{"@type":"ImageObject","inLanguage":"fr-FR","@id":"https:\/\/kschmied.ch\/fr\/#\/schema\/logo\/image\/","url":"https:\/\/kschmied.ch\/wp-content\/uploads\/2020\/07\/LOGO-gross.jpg","contentUrl":"https:\/\/kschmied.ch\/wp-content\/uploads\/2020\/07\/LOGO-gross.jpg","width":770,"height":240,"caption":"K. SCHMIED AG"},"image":{"@id":"https:\/\/kschmied.ch\/fr\/#\/schema\/logo\/image\/"},"sameAs":["https:\/\/ch.linkedin.com\/company\/k-schmied-ag"],"description":"K. SCHMIED AG ist ein f\u00fchrendes Unternehmen im Bereich Containerverkauf und -vermietung in der Schweiz. Mit langj\u00e4hriger Erfahrung bieten wir unseren Kunden robuste, langlebige Seecontainer, Lagercontainer und Schnellbaucontainer in verschiedenen Gr\u00f6\u00dfen und Ausf\u00fchrungen. Unser Service umfasst auch Transportl\u00f6sungen, ma\u00dfgeschneiderte Containeranforderungen und weltweiten Versand. Qualit\u00e4t, Kundenzufriedenheit und Zuverl\u00e4ssigkeit stehen bei uns an erster Stelle.","email":"info@kschmied.ch","telephone":"041 811 30 03","legalName":"K. SCHMIED internat. Transporte & Handels AG","foundingDate":"1979-01-01","vatID":"CHE-107.962.018 MWST","taxID":"CHE-107.962.018 MWST","numberOfEmployees":{"@type":"QuantitativeValue","minValue":"1","maxValue":"10"}}]}},"_links":{"self":[{"href":"https:\/\/kschmied.ch\/fr\/wp-json\/wp\/v2\/pages\/38809","targetHints":{"allow":["GET"]}}],"collection":[{"href":"https:\/\/kschmied.ch\/fr\/wp-json\/wp\/v2\/pages"}],"about":[{"href":"https:\/\/kschmied.ch\/fr\/wp-json\/wp\/v2\/types\/page"}],"author":[{"embeddable":true,"href":"https:\/\/kschmied.ch\/fr\/wp-json\/wp\/v2\/users\/1"}],"replies":[{"embeddable":true,"href":"https:\/\/kschmied.ch\/fr\/wp-json\/wp\/v2\/comments?post=38809"}],"version-history":[{"count":0,"href":"https:\/\/kschmied.ch\/fr\/wp-json\/wp\/v2\/pages\/38809\/revisions"}],"up":[{"embeddable":true,"href":"https:\/\/kschmied.ch\/fr\/wp-json\/wp\/v2\/pages\/38822"}],"wp:featuredmedia":[{"embeddable":true,"href":"https:\/\/kschmied.ch\/fr\/wp-json\/wp\/v2\/media\/35104"}],"wp:attachment":[{"href":"https:\/\/kschmied.ch\/fr\/wp-json\/wp\/v2\/media?parent=38809"}],"curies":[{"name":"wp","href":"https:\/\/api.w.org\/{rel}","templated":true}]}}