{"id":38807,"date":"2025-10-14T20:42:09","date_gmt":"2025-10-14T18:42:09","guid":{"rendered":"https:\/\/kschmied.ch\/staging-k-s\/horaires-europe-gus\/"},"modified":"2025-10-14T20:42:18","modified_gmt":"2025-10-14T18:42:18","slug":"horaires-europe-gus","status":"publish","type":"page","link":"https:\/\/kschmied.ch\/fr\/les-transports\/transport-terrestre\/horaires-europe-gus\/","title":{"rendered":"HORAIRES EUROPE &amp; GUS"},"content":{"rendered":"<div id=\"pl-38807\"  class=\"panel-layout\" ><div id=\"pg-38807-0\"  class=\"panel-grid panel-no-style\" ><div id=\"pgc-38807-0-0\"  class=\"panel-grid-cell\" ><div id=\"panel-38807-0-0-0\" class=\"so-panel widget widget_black-studio-tinymce widget_black_studio_tinymce panel-first-child panel-last-child\" data-index=\"0\" ><h3 class=\"widget-title\"><span class=\"widget-title__inline\">FAHRPLAN - ST\u00dcCKGUT \/ EXPORT<\/span><\/h3><div class=\"textwidget\"><p>Wir bieten Ihnen optimierte Transportl\u00f6sungen f\u00fcr St\u00fcckgut\/Sammelgut und Komplettgut, im direkten und kombinierten Verkehr in der <strong>Schweiz, Europa sowie von und nach den GUS Staaten<\/strong>.<\/p>\n<\/div><\/div><\/div><div id=\"pgc-38807-0-1\"  class=\"panel-grid-cell\" ><div id=\"panel-38807-0-1-0\" class=\"so-panel widget widget_black-studio-tinymce widget_black_studio_tinymce panel-first-child panel-last-child\" data-index=\"1\" ><div class=\"textwidget\"><p><a href=\"https:\/\/www.kschmied.ch\/wp-content\/uploads\/2019\/09\/FAHRPLAN_Sammelgut.pdf\" target=\"_blank\" rel=\"noopener\"><img loading=\"lazy\" decoding=\"async\" class=\"aligncenter wp-image-737 size-full\" src=\"https:\/\/www.kschmied.ch\/wp-content\/uploads\/2015\/04\/pdf-icon.png\" alt=\"Fahrplan.PDF\" width=\"96\" height=\"96\" \/><\/a><\/p>\n<\/div><\/div><\/div><\/div><div id=\"pg-38807-1\"  class=\"panel-grid panel-no-style\" ><div id=\"pgc-38807-1-0\"  class=\"panel-grid-cell\" ><div id=\"panel-38807-1-0-0\" class=\"so-panel widget widget_black-studio-tinymce widget_black_studio_tinymce panel-first-child panel-last-child\" data-index=\"2\" ><h3 class=\"widget-title\"><span class=\"widget-title__inline\">Europa &#038; GUS<\/span><\/h3><div class=\"textwidget\"><p><\/p>\n<p>* Die angegebenen Laufzeiten richten sich nach <strong>Arbeitstagen <\/strong>und dienen als Richtangaben ab Exportterminal bis Terminal Zielregion.<\/p>\n<p>F\u00fcr den Vorlauf von Ihrem Domizil bis Abfahrtsterminal ist mit +1 Tag zu rechnen und f\u00fcr die Auslieferung im Zielland bis Bestimmungsdomizil +ca.1-2 Tag(e). Bei unvorhergesehenen Verz\u00f6gerungen wie z.B. Zollrevision usw. auch l\u00e4nger.<\/p>\n<p>\u00c4nderungen in Bezug auf Abfahrtsfrequenzen sind je nach Transportaufkommen und den unterschiedlichen Verkehrstr\u00e4gern vorbehalten.<\/p>\n<p>Komplettladungen sind nach Absprache auch in andere Regionen sowie t\u00e4glich m\u00f6glich.<\/p>\n<p>Gerne beraten wir Sie bei einem pers\u00f6nlichen Gespr\u00e4ch und optimieren Ihre Lieferzeiten und Kosten.<\/p>\n<\/div><\/div><\/div><div id=\"pgc-38807-1-1\"  class=\"panel-grid-cell\" ><div id=\"panel-38807-1-1-0\" class=\"so-panel widget widget_black-studio-tinymce widget_black_studio_tinymce panel-first-child panel-last-child\" data-index=\"3\" ><div class=\"textwidget\"><p style=\"text-align: center;\"><span class='maxbutton-6-container mb-container'><a class=\"maxbutton-6 maxbutton maxbutton-anfrage-transport\" href=\"https:\/\/www.kschmied.ch\/kontakt\/transportanfrage\/\"><span class='mb-text'>TRANSPORTKOSTEN ANFRAGEN<\/span><\/a><\/span><\/p>\n<\/div><\/div><\/div><\/div><div id=\"pg-38807-2\"  class=\"panel-grid panel-no-style\" ><div id=\"pgc-38807-2-0\"  class=\"panel-grid-cell\" ><div id=\"panel-38807-2-0-0\" class=\"so-panel widget widget_black-studio-tinymce widget_black_studio_tinymce panel-first-child panel-last-child\" data-index=\"4\" ><div class=\"textwidget\"><p><span style=\"color: #000000;\"><strong>TRANSPORTG\u00dcTER<\/strong><\/span><\/p>\n<p>- Normalgut\/Handelsgut<br \/>\n- Gefahrengut (ADR)<\/p>\n<p>&nbsp;<\/p>\n<p><span style=\"color: #000000;\"><strong>VOLUMEN<\/strong><\/span><\/p>\n<p>- St\u00fcckgut\/Sammelgut<br \/>\n- Komplettgut<\/p>\n<\/div><\/div><\/div><div id=\"pgc-38807-2-1\"  class=\"panel-grid-cell\" ><div id=\"panel-38807-2-1-0\" class=\"so-panel widget widget_black-studio-tinymce widget_black_studio_tinymce panel-first-child panel-last-child\" data-index=\"5\" ><div class=\"textwidget\"><p><span style=\"color: #000000;\"><strong>SERVICE<\/strong><\/span><\/p>\n<p>- Door-to-Door<br \/>\n- Direktfahrten, EXPRESS<br \/>\n- Zollabwicklung<br \/>\n- Transportversicherung<br \/>\n- Verpackung<br \/>\n- Neutralisation<br \/>\n- Etikettierung<br \/>\n- Lagerung<\/p>\n<\/div><\/div><\/div><div id=\"pgc-38807-2-2\"  class=\"panel-grid-cell\" ><div id=\"panel-38807-2-2-0\" class=\"so-panel widget widget_black-studio-tinymce widget_black_studio_tinymce panel-first-child panel-last-child\" data-index=\"6\" ><div class=\"textwidget\"><\/div><\/div><\/div><\/div><\/div>","protected":false},"excerpt":{"rendered":"<p>D\u00e9parts quotidiens Groupage en Suisse, de et vers l&rsquo;Europe et la CEI.  <\/p>\n","protected":false},"author":1,"featured_media":35247,"parent":38822,"menu_order":2,"comment_status":"closed","ping_status":"closed","template":"","meta":{"_acf_changed":false,"footnotes":""},"class_list":["post-38807","page","type-page","status-publish","has-post-thumbnail","hentry"],"acf":[],"yoast_head":"<!-- This site is optimized with the Yoast SEO Premium plugin v27.2 (Yoast SEO v27.2) - https:\/\/yoast.com\/product\/yoast-seo-premium-wordpress\/ -->\n<title>HORAIRES EUROPE &amp; GUS - K. Schmied AG \u2013 Conteneurs &amp; Exp\u00e9dition Suisse<\/title>\n<meta name=\"description\" content=\"Entdecken Sie hochwertige Seecontainer, Lagercontainer und Schnellbaucontainer zum Kauf oder zur Miete in der Schweiz. Erfahren Sie mehr \u00fcber die verf\u00fcgbaren Gr\u00f6\u00dfen, Ausf\u00fchrungen und Preise. Kontaktieren Sie uns f\u00fcr eine kostenlose Anfrage!\" \/>\n<meta name=\"robots\" content=\"index, follow, max-snippet:-1, max-image-preview:large, max-video-preview:-1\" \/>\n<link rel=\"canonical\" href=\"https:\/\/kschmied.ch\/fr\/les-transports\/transport-terrestre\/horaires-europe-gus\/\" \/>\n<meta property=\"og:locale\" content=\"fr_FR\" \/>\n<meta property=\"og:type\" content=\"article\" \/>\n<meta property=\"og:title\" content=\"K. SCHMIED AG \u2013 Containerverkauf Schweiz\" \/>\n<meta property=\"og:description\" content=\"Ihr Partner f\u00fcr Seecontainer und Lagercontainer in der Schweiz \u2013 zum Kauf oder zur Miete, mit optionalem Kranablade-Service.\" \/>\n<meta property=\"og:url\" content=\"https:\/\/kschmied.ch\/fr\/les-transports\/transport-terrestre\/horaires-europe-gus\/\" \/>\n<meta property=\"og:site_name\" content=\"K. Schmied AG \u2013 Conteneurs &amp; Exp\u00e9dition Suisse\" \/>\n<meta property=\"article:modified_time\" content=\"2025-10-14T18:42:18+00:00\" \/>\n<meta property=\"og:image\" content=\"https:\/\/kschmied.ch\/wp-content\/uploads\/2019\/09\/Fahrplan_f.jpg\" \/>\n\t<meta property=\"og:image:width\" content=\"300\" \/>\n\t<meta property=\"og:image:height\" content=\"200\" \/>\n\t<meta property=\"og:image:type\" content=\"image\/jpeg\" \/>\n<meta name=\"twitter:card\" content=\"summary_large_image\" \/>\n<meta name=\"twitter:label1\" content=\"Dur\u00e9e de lecture estim\u00e9e\" \/>\n\t<meta name=\"twitter:data1\" content=\"1 minute\" \/>\n<!-- \/ Yoast SEO Premium plugin. -->","yoast_head_json":{"title":"HORAIRES EUROPE &amp; GUS - K. Schmied AG \u2013 Conteneurs &amp; Exp\u00e9dition Suisse","description":"Entdecken Sie hochwertige Seecontainer, Lagercontainer und Schnellbaucontainer zum Kauf oder zur Miete in der Schweiz. Erfahren Sie mehr \u00fcber die verf\u00fcgbaren Gr\u00f6\u00dfen, Ausf\u00fchrungen und Preise. Kontaktieren Sie uns f\u00fcr eine kostenlose Anfrage!","robots":{"index":"index","follow":"follow","max-snippet":"max-snippet:-1","max-image-preview":"max-image-preview:large","max-video-preview":"max-video-preview:-1"},"canonical":"https:\/\/kschmied.ch\/fr\/les-transports\/transport-terrestre\/horaires-europe-gus\/","og_locale":"fr_FR","og_type":"article","og_title":"K. SCHMIED AG \u2013 Containerverkauf Schweiz","og_description":"Ihr Partner f\u00fcr Seecontainer und Lagercontainer in der Schweiz \u2013 zum Kauf oder zur Miete, mit optionalem Kranablade-Service.","og_url":"https:\/\/kschmied.ch\/fr\/les-transports\/transport-terrestre\/horaires-europe-gus\/","og_site_name":"K. Schmied AG \u2013 Conteneurs &amp; Exp\u00e9dition Suisse","article_modified_time":"2025-10-14T18:42:18+00:00","og_image":[{"width":300,"height":200,"url":"https:\/\/kschmied.ch\/wp-content\/uploads\/2019\/09\/Fahrplan_f.jpg","type":"image\/jpeg"}],"twitter_card":"summary_large_image","twitter_misc":{"Dur\u00e9e de lecture estim\u00e9e":"1 minute"},"schema":{"@context":"https:\/\/schema.org","@graph":[{"@type":"WebPage","@id":"https:\/\/kschmied.ch\/fr\/les-transports\/transport-terrestre\/horaires-europe-gus\/","url":"https:\/\/kschmied.ch\/fr\/les-transports\/transport-terrestre\/horaires-europe-gus\/","name":"HORAIRES EUROPE &amp; GUS - K. Schmied AG \u2013 Conteneurs &amp; Exp\u00e9dition Suisse","isPartOf":{"@id":"https:\/\/kschmied.ch\/fr\/#website"},"primaryImageOfPage":{"@id":"https:\/\/kschmied.ch\/fr\/les-transports\/transport-terrestre\/horaires-europe-gus\/#primaryimage"},"image":{"@id":"https:\/\/kschmied.ch\/fr\/les-transports\/transport-terrestre\/horaires-europe-gus\/#primaryimage"},"thumbnailUrl":"https:\/\/kschmied.ch\/wp-content\/uploads\/2019\/09\/Fahrplan_f.jpg","datePublished":"2025-10-14T18:42:09+00:00","dateModified":"2025-10-14T18:42:18+00:00","description":"Entdecken Sie hochwertige Seecontainer, Lagercontainer und Schnellbaucontainer zum Kauf oder zur Miete in der Schweiz. Erfahren Sie mehr \u00fcber die verf\u00fcgbaren Gr\u00f6\u00dfen, Ausf\u00fchrungen und Preise. Kontaktieren Sie uns f\u00fcr eine kostenlose Anfrage!","breadcrumb":{"@id":"https:\/\/kschmied.ch\/fr\/les-transports\/transport-terrestre\/horaires-europe-gus\/#breadcrumb"},"inLanguage":"fr-FR","potentialAction":[{"@type":"ReadAction","target":["https:\/\/kschmied.ch\/fr\/les-transports\/transport-terrestre\/horaires-europe-gus\/"]}]},{"@type":"ImageObject","inLanguage":"fr-FR","@id":"https:\/\/kschmied.ch\/fr\/les-transports\/transport-terrestre\/horaires-europe-gus\/#primaryimage","url":"https:\/\/kschmied.ch\/wp-content\/uploads\/2019\/09\/Fahrplan_f.jpg","contentUrl":"https:\/\/kschmied.ch\/wp-content\/uploads\/2019\/09\/Fahrplan_f.jpg","width":300,"height":200,"caption":"Horaire du groupage"},{"@type":"BreadcrumbList","@id":"https:\/\/kschmied.ch\/fr\/les-transports\/transport-terrestre\/horaires-europe-gus\/#breadcrumb","itemListElement":[{"@type":"ListItem","position":1,"name":"Accueil","item":"https:\/\/kschmied.ch\/fr\/"},{"@type":"ListItem","position":2,"name":"les transports","item":"https:\/\/kschmied.ch\/fr\/les-transports\/"},{"@type":"ListItem","position":3,"name":"Transport terrestre","item":"https:\/\/kschmied.ch\/fr\/les-transports\/transport-terrestre\/"},{"@type":"ListItem","position":4,"name":"HORAIRES EUROPE &amp; GUS"}]},{"@type":"WebSite","@id":"https:\/\/kschmied.ch\/fr\/#website","url":"https:\/\/kschmied.ch\/fr\/","name":"K. SCHMIED AG","description":"Commerce suisse de conteneurs &amp; exp\u00e9dition depuis 1979","publisher":{"@id":"https:\/\/kschmied.ch\/fr\/#organization"},"alternateName":"K. SCHMIED AG","potentialAction":[{"@type":"SearchAction","target":{"@type":"EntryPoint","urlTemplate":"https:\/\/kschmied.ch\/fr\/?s={search_term_string}"},"query-input":{"@type":"PropertyValueSpecification","valueRequired":true,"valueName":"search_term_string"}}],"inLanguage":"fr-FR"},{"@type":"Organization","@id":"https:\/\/kschmied.ch\/fr\/#organization","name":"K. SCHMIED AG","alternateName":"K. SCHMIED AG","url":"https:\/\/kschmied.ch\/fr\/","logo":{"@type":"ImageObject","inLanguage":"fr-FR","@id":"https:\/\/kschmied.ch\/fr\/#\/schema\/logo\/image\/","url":"https:\/\/kschmied.ch\/wp-content\/uploads\/2020\/07\/LOGO-gross.jpg","contentUrl":"https:\/\/kschmied.ch\/wp-content\/uploads\/2020\/07\/LOGO-gross.jpg","width":770,"height":240,"caption":"K. SCHMIED AG"},"image":{"@id":"https:\/\/kschmied.ch\/fr\/#\/schema\/logo\/image\/"},"sameAs":["https:\/\/ch.linkedin.com\/company\/k-schmied-ag"],"description":"K. SCHMIED AG ist ein f\u00fchrendes Unternehmen im Bereich Containerverkauf und -vermietung in der Schweiz. Mit langj\u00e4hriger Erfahrung bieten wir unseren Kunden robuste, langlebige Seecontainer, Lagercontainer und Schnellbaucontainer in verschiedenen Gr\u00f6\u00dfen und Ausf\u00fchrungen. Unser Service umfasst auch Transportl\u00f6sungen, ma\u00dfgeschneiderte Containeranforderungen und weltweiten Versand. Qualit\u00e4t, Kundenzufriedenheit und Zuverl\u00e4ssigkeit stehen bei uns an erster Stelle.","email":"info@kschmied.ch","telephone":"041 811 30 03","legalName":"K. SCHMIED internat. Transporte & Handels AG","foundingDate":"1979-01-01","vatID":"CHE-107.962.018 MWST","taxID":"CHE-107.962.018 MWST","numberOfEmployees":{"@type":"QuantitativeValue","minValue":"1","maxValue":"10"}}]}},"_links":{"self":[{"href":"https:\/\/kschmied.ch\/fr\/wp-json\/wp\/v2\/pages\/38807","targetHints":{"allow":["GET"]}}],"collection":[{"href":"https:\/\/kschmied.ch\/fr\/wp-json\/wp\/v2\/pages"}],"about":[{"href":"https:\/\/kschmied.ch\/fr\/wp-json\/wp\/v2\/types\/page"}],"author":[{"embeddable":true,"href":"https:\/\/kschmied.ch\/fr\/wp-json\/wp\/v2\/users\/1"}],"replies":[{"embeddable":true,"href":"https:\/\/kschmied.ch\/fr\/wp-json\/wp\/v2\/comments?post=38807"}],"version-history":[{"count":0,"href":"https:\/\/kschmied.ch\/fr\/wp-json\/wp\/v2\/pages\/38807\/revisions"}],"up":[{"embeddable":true,"href":"https:\/\/kschmied.ch\/fr\/wp-json\/wp\/v2\/pages\/38822"}],"wp:featuredmedia":[{"embeddable":true,"href":"https:\/\/kschmied.ch\/fr\/wp-json\/wp\/v2\/media\/35247"}],"wp:attachment":[{"href":"https:\/\/kschmied.ch\/fr\/wp-json\/wp\/v2\/media?parent=38807"}],"curies":[{"name":"wp","href":"https:\/\/api.w.org\/{rel}","templated":true}]}}