{"id":28938,"date":"2022-05-19T10:19:44","date_gmt":"2022-05-19T08:19:44","guid":{"rendered":"https:\/\/www.kschmied.ch\/les-transports\/fret-maritime\/"},"modified":"2025-10-14T20:42:30","modified_gmt":"2025-10-14T18:42:30","slug":"fret-maritime","status":"publish","type":"page","link":"https:\/\/kschmied.ch\/fr\/les-transports\/fret-maritime\/","title":{"rendered":"fret maritime"},"content":{"rendered":"<div id=\"pl-28938\"  class=\"panel-layout\" ><div id=\"pg-28938-0\"  class=\"panel-grid panel-no-style\" ><div id=\"pgc-28938-0-0\"  class=\"panel-grid-cell\" ><div id=\"panel-28938-0-0-0\" class=\"so-panel widget widget_black-studio-tinymce widget_black_studio_tinymce panel-first-child panel-last-child\" data-index=\"0\" ><h3 class=\"widget-title\"><span class=\"widget-title__inline\">SEEFRACHT - FLEXIBEL &#038; PREISWERT<\/span><\/h3><div class=\"textwidget\"><p>Mit Sammel (LCL)- oder kompletten (FCL) Container\u00a0 \u2013 <strong>Seefracht<\/strong> werden Ihre Transportkosten auf ein Minimum reduziert.<\/p>\n<p>Durch die Wahl von direkten Seefrachtrouten oder durch Kombination von See- und Luftfracht k\u00f6nnen Laufzeiten verk\u00fcrzt und Transportkosten niedrig gehalten werden.<\/p>\n<p>Die Zusammenarbeit mit unabh\u00e4ngigen Seefrachtagenten erm\u00f6glicht uns ein hohes Mass an Flexibilit\u00e4t, Kontinuit\u00e4t und Zuverl\u00e4ssigkeit.<\/p>\n<p>Dadurch k\u00f6nnen wir auch Engp\u00e4sse selbst bei grossen Transportvolumen minimieren oder auch ganz vermeiden.<\/p>\n<\/div><\/div><\/div><div id=\"pgc-28938-0-1\"  class=\"panel-grid-cell\" ><div id=\"panel-28938-0-1-0\" class=\"so-panel widget widget_black-studio-tinymce widget_black_studio_tinymce panel-first-child panel-last-child\" data-index=\"1\" ><div class=\"textwidget\"><p><img loading=\"lazy\" decoding=\"async\" class=\"aligncenter wp-image-686 size-medium\" title=\"Seefracht\" src=\"https:\/\/www.kschmied.ch\/wp-content\/uploads\/2016\/03\/Depositphotos_3885778_m-200x300.jpg\" alt=\"Seefracht\" width=\"200\" height=\"300\" srcset=\"https:\/\/kschmied.ch\/wp-content\/uploads\/2016\/03\/Depositphotos_3885778_m-200x300.jpg 200w, https:\/\/kschmied.ch\/wp-content\/uploads\/2016\/03\/Depositphotos_3885778_m-683x1024.jpg 683w, https:\/\/kschmied.ch\/wp-content\/uploads\/2016\/03\/Depositphotos_3885778_m-768x1152.jpg 768w, https:\/\/kschmied.ch\/wp-content\/uploads\/2016\/03\/Depositphotos_3885778_m-1024x1536.jpg 1024w, https:\/\/kschmied.ch\/wp-content\/uploads\/2016\/03\/Depositphotos_3885778_m-500x750.jpg 500w, https:\/\/kschmied.ch\/wp-content\/uploads\/2016\/03\/Depositphotos_3885778_m.jpg 1155w\" sizes=\"auto, (max-width: 200px) 100vw, 200px\" \/><\/p>\n<\/div><\/div><\/div><\/div><div id=\"pg-28938-1\"  class=\"panel-grid panel-no-style\" ><div id=\"pgc-28938-1-0\"  class=\"panel-grid-cell\" ><div id=\"panel-28938-1-0-0\" class=\"widget_text so-panel widget widget_custom_html panel-first-child panel-last-child\" data-index=\"2\" ><div class=\"widget_text panel-widget-style panel-widget-style-for-28938-1-0-0\" ><div class=\"textwidget custom-html-widget\"><\/div><\/div><\/div><\/div><\/div><div id=\"pg-28938-2\"  class=\"panel-grid panel-no-style\" ><div id=\"pgc-28938-2-0\"  class=\"panel-grid-cell\" ><div id=\"panel-28938-2-0-0\" class=\"so-panel widget widget_black-studio-tinymce widget_black_studio_tinymce panel-first-child panel-last-child widgetopts-SO\" data-index=\"3\" ><div class=\"textwidget\"><h3>FCL - komplette Container<\/h3>\n<p>Der Begriff <strong>'FCL'<\/strong> steht f\u00fcr <strong>'Full Container Load'<\/strong> und wird f\u00fcr Vollcontainer-Ladungen verwendet. Bei den FCL Verladungen wird der Container zum Belad zum Kunden gebracht und je nach Transportauftrag bis zum Empf\u00e4nger oder Bestimmungshafen weiter geleitet.<\/p>\n<p><strong>Vorteile:\u00a0\u00a0\u00a0\u00a0\u00a0\u00a0\u00a0\u00a0\u00a0\u00a0\u00a0\u00a0\u00a0\u00a0\u00a0\u00a0 <\/strong>schneller als LCL\/Teilladungen<\/p>\n<p><strong>Nachteile:\u00a0 \u00a0\u00a0\u00a0\u00a0\u00a0\u00a0\u00a0\u00a0\u00a0\u00a0\u00a0 <\/strong>je nach Volumen teurer als Teilverladungen<\/p>\n<p><strong>Transportg\u00fcter:\u00a0 <\/strong>Handelsgut (Unternehmen &gt; Unternehmen)<\/p>\n<\/div><\/div><\/div><div id=\"pgc-28938-2-1\"  class=\"panel-grid-cell\" ><div id=\"panel-28938-2-1-0\" class=\"so-panel widget widget_black-studio-tinymce widget_black_studio_tinymce panel-first-child panel-last-child\" data-index=\"4\" ><div class=\"textwidget\"><p><img loading=\"lazy\" decoding=\"async\" class=\"aligncenter wp-image-4954 size-medium\" title=\"FCL - Komplettgut (Seefracht)\" src=\"https:\/\/www.kschmied.ch\/wp-content\/uploads\/2019\/09\/fcl_komplette_container-300x200.jpg\" alt=\"FCL - Komplettgut (Seefracht)\" width=\"300\" height=\"200\" srcset=\"https:\/\/kschmied.ch\/wp-content\/uploads\/2019\/09\/fcl_komplette_container.jpg 300w, https:\/\/kschmied.ch\/wp-content\/uploads\/2019\/09\/fcl_komplette_container-272x182.jpg 272w\" sizes=\"auto, (max-width: 300px) 100vw, 300px\" \/><\/p>\n<p>&nbsp;<\/p>\n<p style=\"text-align: center;\"><span class='maxbutton-6-container mb-container'><a class=\"maxbutton-6 maxbutton maxbutton-anfrage-transport\" href=\"https:\/\/www.kschmied.ch\/kontakt\/transportanfrage\/\"><span class='mb-text'>TRANSPORTKOSTEN ANFRAGEN<\/span><\/a><\/span><\/p>\n<\/div><\/div><\/div><\/div><div id=\"pg-28938-3\"  class=\"panel-grid panel-no-style\" ><div id=\"pgc-28938-3-0\"  class=\"panel-grid-cell\" ><div id=\"panel-28938-3-0-0\" class=\"widget_text so-panel widget widget_custom_html panel-first-child panel-last-child\" data-index=\"5\" ><div class=\"widget_text panel-widget-style panel-widget-style-for-28938-3-0-0\" ><div class=\"textwidget custom-html-widget\"><\/div><\/div><\/div><\/div><\/div><div id=\"pg-28938-4\"  class=\"panel-grid panel-no-style\" ><div id=\"pgc-28938-4-0\"  class=\"panel-grid-cell\" ><div id=\"panel-28938-4-0-0\" class=\"so-panel widget widget_black-studio-tinymce widget_black_studio_tinymce panel-first-child panel-last-child\" data-index=\"6\" ><div class=\"textwidget\"><h3>LCL \u2013 Sammelcontainer<\/h3>\n<p>Die Abk\u00fcrzung <strong>'LCL'<\/strong> steht f\u00fcr <strong>'Less than Container Load'<\/strong>. Sendungen die keinen ganzen Container f\u00fcllen werden mit anderem St\u00fcckgut in einem Sammelcontainer zusammengefasst. Dadurch k\u00f6nnen in den meisten F\u00e4llen Kosten eingespart werden. Die Zusammenfassung der unterschiedlichen Sendungen ben\u00f6tigt aber mehr Zeit.<\/p>\n<p>F\u00fcr zeitlich kritische Sendungen ist eine LCL Sendung daher weniger zu empfehlen.<\/p>\n<p>Im <strong><u>St\u00fcckgutbereich per Seefracht (LCL) kann ausschliesslich<\/u><\/strong> Handelsgut von Firma zu Firma bef\u00f6rdert werden.<\/p>\n<p><strong>Vorteile:\u00a0\u00a0\u00a0\u00a0\u00a0\u00a0\u00a0\u00a0\u00a0\u00a0\u00a0\u00a0\u00a0\u00a0\u00a0\u00a0 <\/strong>kosteng\u00fcnstiger als FCL<\/p>\n<p><strong>Nachteile:\u00a0\u00a0\u00a0\u00a0\u00a0\u00a0\u00a0\u00a0\u00a0 \u00a0\u00a0\u00a0 <\/strong>l\u00e4ngere Transportdauer<\/p>\n<p><strong>Transportg\u00fcter:\u00a0 <\/strong>Handelsgut (Unternehmen &gt; Unternehmen)<\/p>\n<\/div><\/div><\/div><div id=\"pgc-28938-4-1\"  class=\"panel-grid-cell\" ><div id=\"panel-28938-4-1-0\" class=\"so-panel widget widget_black-studio-tinymce widget_black_studio_tinymce panel-first-child panel-last-child\" data-index=\"7\" ><div class=\"textwidget\"><p><img loading=\"lazy\" decoding=\"async\" class=\"aligncenter wp-image-4956 size-medium\" title=\"LCL - St\u00fcckgut (Seefracht)\" src=\"https:\/\/www.kschmied.ch\/wp-content\/uploads\/2019\/09\/lcl_stueckgut-300x200.jpg\" alt=\"LCL - St\u00fcckgut (Seefracht)\" width=\"300\" height=\"200\" srcset=\"https:\/\/kschmied.ch\/wp-content\/uploads\/2019\/09\/lcl_stueckgut.jpg 300w, https:\/\/kschmied.ch\/wp-content\/uploads\/2019\/09\/lcl_stueckgut-272x182.jpg 272w\" sizes=\"auto, (max-width: 300px) 100vw, 300px\" \/><\/p>\n<p>&nbsp;<\/p>\n<p style=\"text-align: center;\"><span class='maxbutton-6-container mb-container'><a class=\"maxbutton-6 maxbutton maxbutton-anfrage-transport\" href=\"https:\/\/www.kschmied.ch\/kontakt\/transportanfrage\/\"><span class='mb-text'>TRANSPORTKOSTEN ANFRAGEN<\/span><\/a><\/span><\/p>\n<\/div><\/div><\/div><\/div><div id=\"pg-28938-5\"  class=\"panel-grid panel-no-style\" ><div id=\"pgc-28938-5-0\"  class=\"panel-grid-cell\" ><div id=\"panel-28938-5-0-0\" class=\"widget_text so-panel widget widget_custom_html panel-first-child panel-last-child\" data-index=\"8\" ><div class=\"widget_text panel-widget-style panel-widget-style-for-28938-5-0-0\" ><div class=\"textwidget custom-html-widget\"><\/div><\/div><\/div><\/div><\/div><div id=\"pg-28938-6\"  class=\"panel-grid panel-no-style\" ><div id=\"pgc-28938-6-0\"  class=\"panel-grid-cell\" ><div id=\"panel-28938-6-0-0\" class=\"so-panel widget widget_black-studio-tinymce widget_black_studio_tinymce panel-first-child panel-last-child\" data-index=\"9\" ><div class=\"textwidget\"><p><span style=\"color: #000000;\"><strong>TRANSPORTG\u00dcTER<\/strong><\/span><\/p>\n<p>- Normalgut<br \/> - Gefahrengut ADR<br \/> - K\u00fchlgut<br \/> - Schwer-\/\u00dcbermassgut<\/p>\n<p>\u00a0<\/p>\n<p><span style=\"color: #000000;\"><strong>VOLUMEN<\/strong><\/span><\/p>\n<p>- St\u00fcck-\/Sammelgut<br \/> - Komplettladungen<br \/> - Projektgut<\/p>\n<\/div><\/div><\/div><div id=\"pgc-28938-6-1\"  class=\"panel-grid-cell\" ><div id=\"panel-28938-6-1-0\" class=\"so-panel widget widget_black-studio-tinymce widget_black_studio_tinymce panel-first-child panel-last-child\" data-index=\"10\" ><div class=\"textwidget\"><p><span style=\"color: #000000;\"><strong>SERVICE<\/strong><\/span><\/p>\n<p>- Door-to-Door<br \/>\n- Zollabwicklung<br \/>\n- Versicherung<br \/>\n- Verpackung<br \/>\n- Stauung im Container<br \/>\n- Direct Lines (falls gew\u00fcnscht)<br \/>\n- Special Equipment (High Cube, Open Top, ...)<br \/>\n- Container Verkauf<\/p>\n<\/div><\/div><\/div><div id=\"pgc-28938-6-2\"  class=\"panel-grid-cell\" ><div id=\"panel-28938-6-2-0\" class=\"so-panel widget widget_black-studio-tinymce widget_black_studio_tinymce panel-first-child panel-last-child\" data-index=\"11\" ><div class=\"textwidget\"><p>&nbsp;<\/p>\n<p><a href=\"http:\/\/www.kschmied.ch\/wp-content\/uploads\/2015\/04\/SEEFRACHT.pdf\" target=\"_blank\" rel=\"noopener\"><img loading=\"lazy\" decoding=\"async\" class=\"aligncenter wp-image-737 size-full\" src=\"https:\/\/www.kschmied.ch\/wp-content\/uploads\/2015\/04\/pdf-icon.png\" alt=\"Strassentransporte.PDF\" width=\"96\" height=\"96\" \/><\/a><\/p>\n<p style=\"text-align: left;\">\n<\/div><\/div><\/div><\/div><\/div>","protected":false},"excerpt":{"rendered":"<p>Nous exp\u00e9dions FCL - conteneurs complets (marchandises commerciales et marchandises de d\u00e9m\u00e9nagement) ou LCL - marchandises g\u00e9n\u00e9rales (marchandises commerciales) par fret maritime sur les 5 oc\u00e9ans. <\/p>\n","protected":false},"author":1,"featured_media":28941,"parent":28817,"menu_order":9,"comment_status":"closed","ping_status":"closed","template":"","meta":{"_acf_changed":false,"footnotes":""},"class_list":["post-28938","page","type-page","status-publish","has-post-thumbnail","hentry"],"acf":[],"yoast_head":"<!-- This site is optimized with the Yoast SEO Premium plugin v27.2 (Yoast SEO v27.2) - https:\/\/yoast.com\/product\/yoast-seo-premium-wordpress\/ -->\n<title>FRET MARITIME - General cargo (LCL) &amp; conteneurs complets - K. SCHMIED AG<\/title>\n<meta name=\"description\" content=\"Exp\u00e9dition par fret maritime en tant que FCL - conteneurs complets (marchandises commerciales et marchandises de d\u00e9m\u00e9nagement) ou LCL - marchandises g\u00e9n\u00e9rales (marchandises commerciales) sur les 5 oc\u00e9ans.\" \/>\n<meta name=\"robots\" content=\"index, follow, max-snippet:-1, max-image-preview:large, max-video-preview:-1\" \/>\n<link rel=\"canonical\" href=\"https:\/\/kschmied.ch\/fr\/les-transports\/fret-maritime\/\" \/>\n<meta property=\"og:locale\" content=\"fr_FR\" \/>\n<meta property=\"og:type\" content=\"article\" \/>\n<meta property=\"og:title\" content=\"K. SCHMIED AG \u2013 Containerverkauf Schweiz\" \/>\n<meta property=\"og:description\" content=\"Ihr Partner f\u00fcr Seecontainer und Lagercontainer in der Schweiz \u2013 zum Kauf oder zur Miete, mit optionalem Kranablade-Service.\" \/>\n<meta property=\"og:url\" content=\"https:\/\/kschmied.ch\/fr\/les-transports\/fret-maritime\/\" \/>\n<meta property=\"og:site_name\" content=\"K. Schmied AG \u2013 Conteneurs &amp; Exp\u00e9dition Suisse\" \/>\n<meta property=\"article:modified_time\" content=\"2025-10-14T18:42:30+00:00\" \/>\n<meta property=\"og:image\" content=\"https:\/\/kschmied.ch\/wp-content\/uploads\/2019\/09\/Seefracht_f.jpg\" \/>\n\t<meta property=\"og:image:width\" content=\"300\" \/>\n\t<meta property=\"og:image:height\" content=\"200\" \/>\n\t<meta property=\"og:image:type\" content=\"image\/jpeg\" \/>\n<meta name=\"twitter:card\" content=\"summary_large_image\" \/>\n<meta name=\"twitter:label1\" content=\"Dur\u00e9e de lecture estim\u00e9e\" \/>\n\t<meta name=\"twitter:data1\" content=\"2 minutes\" \/>\n<!-- \/ Yoast SEO Premium plugin. -->","yoast_head_json":{"title":"FRET MARITIME - General cargo (LCL) & conteneurs complets - K. SCHMIED AG","description":"Exp\u00e9dition par fret maritime en tant que FCL - conteneurs complets (marchandises commerciales et marchandises de d\u00e9m\u00e9nagement) ou LCL - marchandises g\u00e9n\u00e9rales (marchandises commerciales) sur les 5 oc\u00e9ans.","robots":{"index":"index","follow":"follow","max-snippet":"max-snippet:-1","max-image-preview":"max-image-preview:large","max-video-preview":"max-video-preview:-1"},"canonical":"https:\/\/kschmied.ch\/fr\/les-transports\/fret-maritime\/","og_locale":"fr_FR","og_type":"article","og_title":"K. SCHMIED AG \u2013 Containerverkauf Schweiz","og_description":"Ihr Partner f\u00fcr Seecontainer und Lagercontainer in der Schweiz \u2013 zum Kauf oder zur Miete, mit optionalem Kranablade-Service.","og_url":"https:\/\/kschmied.ch\/fr\/les-transports\/fret-maritime\/","og_site_name":"K. Schmied AG \u2013 Conteneurs &amp; Exp\u00e9dition Suisse","article_modified_time":"2025-10-14T18:42:30+00:00","og_image":[{"width":300,"height":200,"url":"https:\/\/kschmied.ch\/wp-content\/uploads\/2019\/09\/Seefracht_f.jpg","type":"image\/jpeg"}],"twitter_card":"summary_large_image","twitter_misc":{"Dur\u00e9e de lecture estim\u00e9e":"2 minutes"},"schema":{"@context":"https:\/\/schema.org","@graph":[{"@type":"WebPage","@id":"https:\/\/kschmied.ch\/fr\/les-transports\/fret-maritime\/","url":"https:\/\/kschmied.ch\/fr\/les-transports\/fret-maritime\/","name":"FRET MARITIME - General cargo (LCL) & conteneurs complets - K. SCHMIED AG","isPartOf":{"@id":"https:\/\/kschmied.ch\/fr\/#website"},"primaryImageOfPage":{"@id":"https:\/\/kschmied.ch\/fr\/les-transports\/fret-maritime\/#primaryimage"},"image":{"@id":"https:\/\/kschmied.ch\/fr\/les-transports\/fret-maritime\/#primaryimage"},"thumbnailUrl":"https:\/\/kschmied.ch\/wp-content\/uploads\/2019\/09\/Seefracht_f.jpg","datePublished":"2022-05-19T08:19:44+00:00","dateModified":"2025-10-14T18:42:30+00:00","description":"Exp\u00e9dition par fret maritime en tant que FCL - conteneurs complets (marchandises commerciales et marchandises de d\u00e9m\u00e9nagement) ou LCL - marchandises g\u00e9n\u00e9rales (marchandises commerciales) sur les 5 oc\u00e9ans.","breadcrumb":{"@id":"https:\/\/kschmied.ch\/fr\/les-transports\/fret-maritime\/#breadcrumb"},"inLanguage":"fr-FR","potentialAction":[{"@type":"ReadAction","target":["https:\/\/kschmied.ch\/fr\/les-transports\/fret-maritime\/"]}]},{"@type":"ImageObject","inLanguage":"fr-FR","@id":"https:\/\/kschmied.ch\/fr\/les-transports\/fret-maritime\/#primaryimage","url":"https:\/\/kschmied.ch\/wp-content\/uploads\/2019\/09\/Seefracht_f.jpg","contentUrl":"https:\/\/kschmied.ch\/wp-content\/uploads\/2019\/09\/Seefracht_f.jpg","width":300,"height":200,"caption":"Seefracht"},{"@type":"BreadcrumbList","@id":"https:\/\/kschmied.ch\/fr\/les-transports\/fret-maritime\/#breadcrumb","itemListElement":[{"@type":"ListItem","position":1,"name":"Accueil","item":"https:\/\/kschmied.ch\/fr\/"},{"@type":"ListItem","position":2,"name":"les transports","item":"https:\/\/kschmied.ch\/fr\/les-transports\/"},{"@type":"ListItem","position":3,"name":"fret maritime"}]},{"@type":"WebSite","@id":"https:\/\/kschmied.ch\/fr\/#website","url":"https:\/\/kschmied.ch\/fr\/","name":"K. SCHMIED AG","description":"Commerce suisse de conteneurs &amp; exp\u00e9dition depuis 1979","publisher":{"@id":"https:\/\/kschmied.ch\/fr\/#organization"},"alternateName":"K. SCHMIED AG","potentialAction":[{"@type":"SearchAction","target":{"@type":"EntryPoint","urlTemplate":"https:\/\/kschmied.ch\/fr\/?s={search_term_string}"},"query-input":{"@type":"PropertyValueSpecification","valueRequired":true,"valueName":"search_term_string"}}],"inLanguage":"fr-FR"},{"@type":"Organization","@id":"https:\/\/kschmied.ch\/fr\/#organization","name":"K. SCHMIED AG","alternateName":"K. SCHMIED AG","url":"https:\/\/kschmied.ch\/fr\/","logo":{"@type":"ImageObject","inLanguage":"fr-FR","@id":"https:\/\/kschmied.ch\/fr\/#\/schema\/logo\/image\/","url":"https:\/\/kschmied.ch\/wp-content\/uploads\/2020\/07\/LOGO-gross.jpg","contentUrl":"https:\/\/kschmied.ch\/wp-content\/uploads\/2020\/07\/LOGO-gross.jpg","width":770,"height":240,"caption":"K. SCHMIED AG"},"image":{"@id":"https:\/\/kschmied.ch\/fr\/#\/schema\/logo\/image\/"},"sameAs":["https:\/\/ch.linkedin.com\/company\/k-schmied-ag"],"description":"K. SCHMIED AG ist ein f\u00fchrendes Unternehmen im Bereich Containerverkauf und -vermietung in der Schweiz. Mit langj\u00e4hriger Erfahrung bieten wir unseren Kunden robuste, langlebige Seecontainer, Lagercontainer und Schnellbaucontainer in verschiedenen Gr\u00f6\u00dfen und Ausf\u00fchrungen. Unser Service umfasst auch Transportl\u00f6sungen, ma\u00dfgeschneiderte Containeranforderungen und weltweiten Versand. Qualit\u00e4t, Kundenzufriedenheit und Zuverl\u00e4ssigkeit stehen bei uns an erster Stelle.","email":"info@kschmied.ch","telephone":"041 811 30 03","legalName":"K. SCHMIED internat. Transporte & Handels AG","foundingDate":"1979-01-01","vatID":"CHE-107.962.018 MWST","taxID":"CHE-107.962.018 MWST","numberOfEmployees":{"@type":"QuantitativeValue","minValue":"1","maxValue":"10"}}]}},"_links":{"self":[{"href":"https:\/\/kschmied.ch\/fr\/wp-json\/wp\/v2\/pages\/28938","targetHints":{"allow":["GET"]}}],"collection":[{"href":"https:\/\/kschmied.ch\/fr\/wp-json\/wp\/v2\/pages"}],"about":[{"href":"https:\/\/kschmied.ch\/fr\/wp-json\/wp\/v2\/types\/page"}],"author":[{"embeddable":true,"href":"https:\/\/kschmied.ch\/fr\/wp-json\/wp\/v2\/users\/1"}],"replies":[{"embeddable":true,"href":"https:\/\/kschmied.ch\/fr\/wp-json\/wp\/v2\/comments?post=28938"}],"version-history":[{"count":0,"href":"https:\/\/kschmied.ch\/fr\/wp-json\/wp\/v2\/pages\/28938\/revisions"}],"up":[{"embeddable":true,"href":"https:\/\/kschmied.ch\/fr\/wp-json\/wp\/v2\/pages\/28817"}],"wp:featuredmedia":[{"embeddable":true,"href":"https:\/\/kschmied.ch\/fr\/wp-json\/wp\/v2\/media\/28941"}],"wp:attachment":[{"href":"https:\/\/kschmied.ch\/fr\/wp-json\/wp\/v2\/media?parent=28938"}],"curies":[{"name":"wp","href":"https:\/\/api.w.org\/{rel}","templated":true}]}}