{"id":28817,"date":"2022-05-18T11:05:09","date_gmt":"2022-05-18T09:05:09","guid":{"rendered":"https:\/\/www.kschmied.ch\/les-transports\/"},"modified":"2025-08-04T09:45:00","modified_gmt":"2025-08-04T07:45:00","slug":"les-transports","status":"publish","type":"page","link":"https:\/\/kschmied.ch\/fr\/les-transports\/","title":{"rendered":"les transports"},"content":{"rendered":"<div id=\"pl-28817\"  class=\"panel-layout\" ><div id=\"pg-28817-0\"  class=\"panel-grid panel-has-style\" ><div class=\"jumbotron-overlap panel-row-style panel-row-style-for-28817-0\" ><div id=\"pgc-28817-0-0\"  class=\"panel-grid-cell\" ><div id=\"panel-28817-0-0-0\" class=\"so-panel widget widget_black-studio-tinymce widget_black_studio_tinymce panel-first-child panel-last-child\" data-index=\"0\" ><div class=\"featured-widget panel-widget-style panel-widget-style-for-28817-0-0-0\" ><h3 class=\"widget-title\"><span class=\"widget-title__inline\">Flexible - fiable - soucieux des prix - ponctuel<\/span><\/h3><div class=\"textwidget\"><p align=\"left\">K. Schmied AG est dans le commerce de transport depuis plus de 40 ans. Gr\u00e2ce \u00e0 l'esprit d'\u00e9quipe, \u00e0 l'expansion des services sp\u00e9cifiques aux clients, aux prix du march\u00e9 \u00e9quitables et \u00e0 leur savoir-faire dans le <strong><span style=\"color: #000000;\">transport mondial de <\/span><span style=\"color: # 000000 ;\" > Biens industriels et commerciaux, <\/span><\/strong> elle s'est fait un nom.<\/p>\n<p><a class=\"read-more\" href=\"https:\/\/www.kschmied.ch\/unternehmen\/\">PLUS SUR NOUS<\/a><\/p>\n<\/div><\/div><\/div><\/div><div id=\"pgc-28817-0-1\"  class=\"panel-grid-cell\" ><div id=\"panel-28817-0-1-0\" class=\"so-panel widget widget_pw_featured_page widget-featured-page panel-first-child panel-last-child\" data-index=\"1\" >\n\t<div class=\"page-box  page-box--block\">\n\t\t\t\t\t\t\t\t\t<a class=\"page-box__picture\" href=\"https:\/\/kschmied.ch\/transporte\/landtransport\/\">\n\t\t\t\t\t<img loading=\"lazy\" decoding=\"async\" src=\"https:\/\/kschmied.ch\/wp-content\/uploads\/2019\/11\/landtransport_f.jpg\" width=\"300\" height=\"200\" srcset=\"https:\/\/kschmied.ch\/wp-content\/uploads\/2019\/11\/landtransport_f.jpg 300w, https:\/\/kschmied.ch\/wp-content\/uploads\/2019\/11\/landtransport_f.jpg 300w\" sizes=\"auto, (min-width: 992px) 360px, calc(100vw - 30px)\" class=\"wp-post-image\" alt=\"Landtransport\">\n\t\t\t\t<\/a>\n\t\t\t\t\t\t\t<div class=\"page-box__content\">\n\t\t\t<h5 class=\"page-box__title text-uppercase\"><a href=\"https:\/\/kschmied.ch\/transporte\/landtransport\/\">Landtransport<\/a><\/h5>\n\t\t\t<p>Fahrgebiet: Schweiz, EU, GUS & Russland\r\n\r\nDer Strassen- und Schienentransport ist das R\u00fcckgrad des Transportwesens in Europa.\r\n\r\nVom Blockzug bis zum Sammelverkehr per LKW, Container oder St\u00fcckgutlieferungen, jeder Auftrag wird von uns in &hellip;<\/p>\n\t\t\t\t\t\t\t<p><a href=\"https:\/\/kschmied.ch\/transporte\/landtransport\/\" class=\"read-more  read-more--page-box\">mehr erfahren<\/a><\/p>\n\t\t\t\t\t<\/div>\n\t<\/div>\n\n<\/div><\/div><div id=\"pgc-28817-0-2\"  class=\"panel-grid-cell\" ><div id=\"panel-28817-0-2-0\" class=\"so-panel widget widget_pw_featured_page widget-featured-page panel-first-child panel-last-child\" data-index=\"2\" >\n\t<div class=\"page-box  page-box--block\">\n\t\t\t\t\t\t\t\t\t<a class=\"page-box__picture\" href=\"https:\/\/kschmied.ch\/transporte\/luftfracht\/\">\n\t\t\t\t\t<img loading=\"lazy\" decoding=\"async\" src=\"https:\/\/kschmied.ch\/wp-content\/uploads\/2019\/11\/Luftfracht_f.jpg\" width=\"300\" height=\"200\" srcset=\"https:\/\/kschmied.ch\/wp-content\/uploads\/2019\/11\/Luftfracht_f.jpg 300w, https:\/\/kschmied.ch\/wp-content\/uploads\/2019\/11\/Luftfracht_f.jpg 300w\" sizes=\"auto, (min-width: 992px) 360px, calc(100vw - 30px)\" class=\"wp-post-image\" alt=\"Luftfracht\">\n\t\t\t\t<\/a>\n\t\t\t\t\t\t\t<div class=\"page-box__content\">\n\t\t\t<h5 class=\"page-box__title text-uppercase\"><a href=\"https:\/\/kschmied.ch\/transporte\/luftfracht\/\">Luftfracht<\/a><\/h5>\n\t\t\t<p>Schnell & zuverl\u00e4ssig: Das Luftfrachtnetz geh\u00f6rt zu einer der zuverl\u00e4ssigsten und schnellsten Transportm\u00f6glichkeiten \u00fcberhaupt. Direktverbindungen und eine Vielzahl von Anschlussfl\u00fcgen erm\u00f6glichen Lieferungen in die wichtigsten Metropolen &hellip;<\/p>\n\t\t\t\t\t\t\t<p><a href=\"https:\/\/kschmied.ch\/transporte\/luftfracht\/\" class=\"read-more  read-more--page-box\">mehr erfahren<\/a><\/p>\n\t\t\t\t\t<\/div>\n\t<\/div>\n\n<\/div><\/div><div id=\"pgc-28817-0-3\"  class=\"panel-grid-cell\" ><div id=\"panel-28817-0-3-0\" class=\"so-panel widget widget_pw_featured_page widget-featured-page panel-first-child panel-last-child\" data-index=\"3\" >\n\t<div class=\"page-box  page-box--block\">\n\t\t\t\t\t\t\t\t\t<a class=\"page-box__picture\" href=\"https:\/\/kschmied.ch\/?page_id=2662\">\n\t\t\t\t\t<img loading=\"lazy\" decoding=\"async\" src=\"https:\/\/kschmied.ch\/wp-content\/uploads\/2016\/03\/Depositphotos_15712375_m-e1574147514540.jpg\" width=\"300\" height=\"196\" srcset=\"https:\/\/kschmied.ch\/wp-content\/uploads\/2016\/03\/Depositphotos_15712375_m-e1574147514540.jpg 300w, https:\/\/kschmied.ch\/wp-content\/uploads\/2016\/03\/Depositphotos_15712375_m-e1574147514540.jpg 300w\" sizes=\"auto, (min-width: 992px) 360px, calc(100vw - 30px)\" class=\"wp-post-image\" alt=\"Ost-Transporte\">\n\t\t\t\t<\/a>\n\t\t\t\t\t\t\t<div class=\"page-box__content\">\n\t\t\t<h5 class=\"page-box__title text-uppercase\"><a href=\"https:\/\/kschmied.ch\/?page_id=2662\">Ost-Transporte<\/a><\/h5>\n\t\t\t<p>Regelm\u00e4\u00dfige Sammelverkehre, mit Abholung in der gesamten Schweiz, Deutschland und \u00d6sterreich, nach Albanien, Bosnien-Herzegowina, Bulgarien, Estland, Iran, Jordanien, Kasachstan, Kosovo, Kroatien, Lettland, Litauen, Mazedonien, Moldawien, &hellip;<\/p>\n\t\t\t\t\t\t\t<p><a href=\"https:\/\/kschmied.ch\/?page_id=2662\" class=\"read-more  read-more--page-box\">mehr erfahren<\/a><\/p>\n\t\t\t\t\t<\/div>\n\t<\/div>\n\n<\/div><\/div><\/div><\/div><div id=\"pg-28817-1\"  class=\"panel-grid panel-no-style\" ><div id=\"pgc-28817-1-0\"  class=\"panel-grid-cell\" ><div id=\"panel-28817-1-0-0\" class=\"so-panel widget widget_black-studio-tinymce widget_black_studio_tinymce panel-first-child panel-last-child\" data-index=\"4\" ><div class=\"widget-title--big panel-widget-style panel-widget-style-for-28817-1-0-0\" ><h3 class=\"widget-title\"><span class=\"widget-title__inline\">NOTRE GAMME<\/span><\/h3><div class=\"textwidget\"><\/div><\/div><\/div><\/div><\/div><div id=\"pg-28817-2\"  class=\"panel-grid panel-no-style\" ><div id=\"pgc-28817-2-0\"  class=\"panel-grid-cell\" ><div id=\"panel-28817-2-0-0\" class=\"so-panel widget widget_pw_icon_box widget-icon-box panel-first-child\" data-index=\"5\" >\n\t\t\t<a class=\"icon-box\" href=\"https:\/\/www.kschmied.ch\/transporte\/landtransport\/\" target=\"_blank\">\n\t\n\t\t<i class=\"fa  fa-truck  fa-3x\"><\/i>\n\t\t<div class=\"icon-box__text\">\n\t\t\t<h4 class=\"icon-box__title\">TRANSPORT TERRESTRE<\/h4>\n\t\t\t<span class=\"icon-box__subtitle\">Suisse - UE - Europe de l'Est - Asie centrale - Moyen-Orient<\/span>\n\t\t<\/div>\n\n\t\t\t<\/a>\n\t\n<\/div><div id=\"panel-28817-2-0-1\" class=\"so-panel widget widget_pw_icon_box widget-icon-box panel-last-child\" data-index=\"6\" >\n\t\t\t<a class=\"icon-box\" href=\"https:\/\/www.kschmied.ch\/supply-chain-management\/\" target=\"_blank\">\n\t\n\t\t<i class=\"fa  fa-cogs  fa-3x\"><\/i>\n\t\t<div class=\"icon-box__text\">\n\t\t\t<h4 class=\"icon-box__title\">GESTION DE LA CHA\u00ceNE D'APPROVISIONNEMENT<\/h4>\n\t\t\t<span class=\"icon-box__subtitle\">entreposage, approvisionnement, transport, distribution et flux de donn\u00e9es<\/span>\n\t\t<\/div>\n\n\t\t\t<\/a>\n\t\n<\/div><\/div><div id=\"pgc-28817-2-1\"  class=\"panel-grid-cell\" ><div id=\"panel-28817-2-1-0\" class=\"so-panel widget widget_pw_icon_box widget-icon-box panel-first-child\" data-index=\"7\" >\n\t\t\t<a class=\"icon-box\" href=\"https:\/\/www.kschmied.ch\/transporte\/seefracht\/\" target=\"_blank\">\n\t\n\t\t<i class=\"fa  fa-ship  fa-3x\"><\/i>\n\t\t<div class=\"icon-box__text\">\n\t\t\t<h4 class=\"icon-box__title\">FRET MARITIME<\/h4>\n\t\t\t<span class=\"icon-box__subtitle\">Groupage, conteneurs complets, hors gabarit - dans les 5 oc\u00e9ans<\/span>\n\t\t<\/div>\n\n\t\t\t<\/a>\n\t\n<\/div><div id=\"panel-28817-2-1-1\" class=\"so-panel widget widget_pw_icon_box widget-icon-box panel-last-child\" data-index=\"8\" >\n\t\t\t<a class=\"icon-box\" href=\"https:\/\/www.kschmied.ch\/transporte\/messetransporte\/\" target=\"_blank\">\n\t\n\t\t<i class=\"fa  fa-globe  fa-3x\"><\/i>\n\t\t<div class=\"icon-box__text\">\n\t\t\t<h4 class=\"icon-box__title\">LOGISTIQUE DE L'EXPOSITION<\/h4>\n\t\t\t<span class=\"icon-box__subtitle\">Transport de salons, stockage interm\u00e9diaire, manutention de vides - dans le monde entier<\/span>\n\t\t<\/div>\n\n\t\t\t<\/a>\n\t\n<\/div><\/div><div id=\"pgc-28817-2-2\"  class=\"panel-grid-cell\" ><div id=\"panel-28817-2-2-0\" class=\"so-panel widget widget_pw_icon_box widget-icon-box panel-first-child\" data-index=\"9\" >\n\t\t\t<a class=\"icon-box\" href=\"https:\/\/www.kschmied.ch\/transporte\/luftfracht\/\" target=\"_blank\">\n\t\n\t\t<i class=\"fa  fa-plane  fa-3x\"><\/i>\n\t\t<div class=\"icon-box__text\">\n\t\t\t<h4 class=\"icon-box__title\">FRET A\u00c9RIEN<\/h4>\n\t\t\t<span class=\"icon-box__subtitle\">Fret a\u00e9rien individuel et group\u00e9, affr\u00e8tement complet et partiel - dans le monde entier<\/span>\n\t\t<\/div>\n\n\t\t\t<\/a>\n\t\n<\/div><div id=\"panel-28817-2-2-1\" class=\"so-panel widget widget_pw_icon_box widget-icon-box panel-last-child\" data-index=\"10\" >\n\t\t\t<a class=\"icon-box\" href=\"https:\/\/www.kschmied.ch\/transporte\/express-verkehr\/\" target=\"_blank\">\n\t\n\t\t<i class=\"fa  fa-tachometer  fa-3x\"><\/i>\n\t\t<div class=\"icon-box__text\">\n\t\t\t<h4 class=\"icon-box__title\">TRANSPORTS EXPRESS<\/h4>\n\t\t\t<span class=\"icon-box__subtitle\">Marchandises g\u00e9n\u00e9rales \u00e0 partir de 30 kg ou camions complets<\/span>\n\t\t<\/div>\n\n\t\t\t<\/a>\n\t\n<\/div><\/div><\/div><div id=\"pg-28817-3\"  class=\"panel-grid panel-has-style\" ><div class=\"siteorigin-panels-stretch panel-row-style panel-row-style-for-28817-3\" data-stretch-type=\"full\" ><div id=\"pgc-28817-3-0\"  class=\"panel-grid-cell\" ><div id=\"panel-28817-3-0-0\" class=\"so-panel widget widget_pw_call_to_action widget-call-to-action panel-first-child panel-last-child\" data-index=\"11\" >\t\t\t\t<div class=\"call-to-action\">\n\t\t\t\t\t<div class=\"call-to-action__text\">\n\t\t\t\t\t\tNous nous ferons un plaisir de vous conseiller sur nos solutions de transport et de logistique lors d'un entretien personnel.\t\t\t\t\t<\/div>\n\t\t\t\t\t<div class=\"call-to-action__button\">\n\t\t\t\t\t\t<a class=\"btn    btn-primary\" href=\"https:\/\/www.kschmied.ch\/kontakt\/transportanfrage\/\" target=\"_blank\">KONTAKT AUFNEHMEN<\/a>\t\t\t\t\t<\/div>\n\t\t\t\t<\/div>\n\t\t\t<\/div><\/div><\/div><\/div><\/div>","protected":false},"excerpt":{"rendered":"<p>Transport et logistique dans le monde entier - A\u00c9RIEN, TERRE, MER - marchandises g\u00e9n\u00e9rales et marchandises compl\u00e8tes<\/p>\n","protected":false},"author":1,"featured_media":26273,"parent":0,"menu_order":12,"comment_status":"closed","ping_status":"closed","template":"template-front-page-slider.php","meta":{"_acf_changed":false,"footnotes":""},"class_list":["post-28817","page","type-page","status-publish","has-post-thumbnail","hentry"],"acf":[],"yoast_head":"<!-- This site is optimized with the Yoast SEO Premium plugin v27.2 (Yoast SEO v27.2) - https:\/\/yoast.com\/product\/yoast-seo-premium-wordpress\/ -->\n<title>les transports - K. Schmied AG \u2013 Conteneurs &amp; Exp\u00e9dition Suisse<\/title>\n<meta name=\"description\" content=\"Entdecken Sie hochwertige Seecontainer, Lagercontainer und Schnellbaucontainer zum Kauf oder zur Miete in der Schweiz. Erfahren Sie mehr \u00fcber die verf\u00fcgbaren Gr\u00f6\u00dfen, Ausf\u00fchrungen und Preise. Kontaktieren Sie uns f\u00fcr eine kostenlose Anfrage!\" \/>\n<meta name=\"robots\" content=\"index, follow, max-snippet:-1, max-image-preview:large, max-video-preview:-1\" \/>\n<link rel=\"canonical\" href=\"https:\/\/kschmied.ch\/fr\/les-transports\/\" \/>\n<meta property=\"og:locale\" content=\"fr_FR\" \/>\n<meta property=\"og:type\" content=\"article\" \/>\n<meta property=\"og:title\" content=\"K. SCHMIED AG \u2013 Containerverkauf Schweiz\" \/>\n<meta property=\"og:description\" content=\"Ihr Partner f\u00fcr Seecontainer und Lagercontainer in der Schweiz \u2013 zum Kauf oder zur Miete, mit optionalem Kranablade-Service.\" \/>\n<meta property=\"og:url\" content=\"https:\/\/kschmied.ch\/fr\/les-transports\/\" \/>\n<meta property=\"og:site_name\" content=\"K. Schmied AG \u2013 Conteneurs &amp; Exp\u00e9dition Suisse\" \/>\n<meta property=\"article:modified_time\" content=\"2025-08-04T07:45:00+00:00\" \/>\n<meta property=\"og:image\" content=\"https:\/\/kschmied.ch\/wp-content\/uploads\/2019\/11\/Logistics_f.jpg\" \/>\n\t<meta property=\"og:image:width\" content=\"300\" \/>\n\t<meta property=\"og:image:height\" content=\"200\" \/>\n\t<meta property=\"og:image:type\" content=\"image\/jpeg\" \/>\n<meta name=\"twitter:card\" content=\"summary_large_image\" \/>\n<meta name=\"twitter:label1\" content=\"Dur\u00e9e de lecture estim\u00e9e\" \/>\n\t<meta name=\"twitter:data1\" content=\"1 minute\" \/>\n<!-- \/ Yoast SEO Premium plugin. -->","yoast_head_json":{"title":"les transports - K. Schmied AG \u2013 Conteneurs &amp; Exp\u00e9dition Suisse","description":"Entdecken Sie hochwertige Seecontainer, Lagercontainer und Schnellbaucontainer zum Kauf oder zur Miete in der Schweiz. Erfahren Sie mehr \u00fcber die verf\u00fcgbaren Gr\u00f6\u00dfen, Ausf\u00fchrungen und Preise. Kontaktieren Sie uns f\u00fcr eine kostenlose Anfrage!","robots":{"index":"index","follow":"follow","max-snippet":"max-snippet:-1","max-image-preview":"max-image-preview:large","max-video-preview":"max-video-preview:-1"},"canonical":"https:\/\/kschmied.ch\/fr\/les-transports\/","og_locale":"fr_FR","og_type":"article","og_title":"K. SCHMIED AG \u2013 Containerverkauf Schweiz","og_description":"Ihr Partner f\u00fcr Seecontainer und Lagercontainer in der Schweiz \u2013 zum Kauf oder zur Miete, mit optionalem Kranablade-Service.","og_url":"https:\/\/kschmied.ch\/fr\/les-transports\/","og_site_name":"K. Schmied AG \u2013 Conteneurs &amp; Exp\u00e9dition Suisse","article_modified_time":"2025-08-04T07:45:00+00:00","og_image":[{"width":300,"height":200,"url":"https:\/\/kschmied.ch\/wp-content\/uploads\/2019\/11\/Logistics_f.jpg","type":"image\/jpeg"}],"twitter_card":"summary_large_image","twitter_misc":{"Dur\u00e9e de lecture estim\u00e9e":"1 minute"},"schema":{"@context":"https:\/\/schema.org","@graph":[{"@type":"WebPage","@id":"https:\/\/kschmied.ch\/fr\/les-transports\/","url":"https:\/\/kschmied.ch\/fr\/les-transports\/","name":"les transports - K. Schmied AG \u2013 Conteneurs &amp; Exp\u00e9dition Suisse","isPartOf":{"@id":"https:\/\/kschmied.ch\/fr\/#website"},"primaryImageOfPage":{"@id":"https:\/\/kschmied.ch\/fr\/les-transports\/#primaryimage"},"image":{"@id":"https:\/\/kschmied.ch\/fr\/les-transports\/#primaryimage"},"thumbnailUrl":"https:\/\/kschmied.ch\/wp-content\/uploads\/2019\/11\/Logistics_f.jpg","datePublished":"2022-05-18T09:05:09+00:00","dateModified":"2025-08-04T07:45:00+00:00","description":"Entdecken Sie hochwertige Seecontainer, Lagercontainer und Schnellbaucontainer zum Kauf oder zur Miete in der Schweiz. Erfahren Sie mehr \u00fcber die verf\u00fcgbaren Gr\u00f6\u00dfen, Ausf\u00fchrungen und Preise. Kontaktieren Sie uns f\u00fcr eine kostenlose Anfrage!","breadcrumb":{"@id":"https:\/\/kschmied.ch\/fr\/les-transports\/#breadcrumb"},"inLanguage":"fr-FR","potentialAction":[{"@type":"ReadAction","target":["https:\/\/kschmied.ch\/fr\/les-transports\/"]}]},{"@type":"ImageObject","inLanguage":"fr-FR","@id":"https:\/\/kschmied.ch\/fr\/les-transports\/#primaryimage","url":"https:\/\/kschmied.ch\/wp-content\/uploads\/2019\/11\/Logistics_f.jpg","contentUrl":"https:\/\/kschmied.ch\/wp-content\/uploads\/2019\/11\/Logistics_f.jpg","width":300,"height":200,"caption":"K. SCHMIED SA"},{"@type":"BreadcrumbList","@id":"https:\/\/kschmied.ch\/fr\/les-transports\/#breadcrumb","itemListElement":[{"@type":"ListItem","position":1,"name":"Accueil","item":"https:\/\/kschmied.ch\/fr\/"},{"@type":"ListItem","position":2,"name":"les transports"}]},{"@type":"WebSite","@id":"https:\/\/kschmied.ch\/fr\/#website","url":"https:\/\/kschmied.ch\/fr\/","name":"K. SCHMIED AG","description":"Commerce suisse de conteneurs &amp; exp\u00e9dition depuis 1979","publisher":{"@id":"https:\/\/kschmied.ch\/fr\/#organization"},"alternateName":"K. SCHMIED AG","potentialAction":[{"@type":"SearchAction","target":{"@type":"EntryPoint","urlTemplate":"https:\/\/kschmied.ch\/fr\/?s={search_term_string}"},"query-input":{"@type":"PropertyValueSpecification","valueRequired":true,"valueName":"search_term_string"}}],"inLanguage":"fr-FR"},{"@type":"Organization","@id":"https:\/\/kschmied.ch\/fr\/#organization","name":"K. SCHMIED AG","alternateName":"K. SCHMIED AG","url":"https:\/\/kschmied.ch\/fr\/","logo":{"@type":"ImageObject","inLanguage":"fr-FR","@id":"https:\/\/kschmied.ch\/fr\/#\/schema\/logo\/image\/","url":"https:\/\/kschmied.ch\/wp-content\/uploads\/2020\/07\/LOGO-gross.jpg","contentUrl":"https:\/\/kschmied.ch\/wp-content\/uploads\/2020\/07\/LOGO-gross.jpg","width":770,"height":240,"caption":"K. SCHMIED AG"},"image":{"@id":"https:\/\/kschmied.ch\/fr\/#\/schema\/logo\/image\/"},"sameAs":["https:\/\/ch.linkedin.com\/company\/k-schmied-ag"],"description":"K. SCHMIED AG ist ein f\u00fchrendes Unternehmen im Bereich Containerverkauf und -vermietung in der Schweiz. Mit langj\u00e4hriger Erfahrung bieten wir unseren Kunden robuste, langlebige Seecontainer, Lagercontainer und Schnellbaucontainer in verschiedenen Gr\u00f6\u00dfen und Ausf\u00fchrungen. Unser Service umfasst auch Transportl\u00f6sungen, ma\u00dfgeschneiderte Containeranforderungen und weltweiten Versand. Qualit\u00e4t, Kundenzufriedenheit und Zuverl\u00e4ssigkeit stehen bei uns an erster Stelle.","email":"info@kschmied.ch","telephone":"041 811 30 03","legalName":"K. SCHMIED internat. Transporte & Handels AG","foundingDate":"1979-01-01","vatID":"CHE-107.962.018 MWST","taxID":"CHE-107.962.018 MWST","numberOfEmployees":{"@type":"QuantitativeValue","minValue":"1","maxValue":"10"}}]}},"_links":{"self":[{"href":"https:\/\/kschmied.ch\/fr\/wp-json\/wp\/v2\/pages\/28817","targetHints":{"allow":["GET"]}}],"collection":[{"href":"https:\/\/kschmied.ch\/fr\/wp-json\/wp\/v2\/pages"}],"about":[{"href":"https:\/\/kschmied.ch\/fr\/wp-json\/wp\/v2\/types\/page"}],"author":[{"embeddable":true,"href":"https:\/\/kschmied.ch\/fr\/wp-json\/wp\/v2\/users\/1"}],"replies":[{"embeddable":true,"href":"https:\/\/kschmied.ch\/fr\/wp-json\/wp\/v2\/comments?post=28817"}],"version-history":[{"count":0,"href":"https:\/\/kschmied.ch\/fr\/wp-json\/wp\/v2\/pages\/28817\/revisions"}],"wp:featuredmedia":[{"embeddable":true,"href":"https:\/\/kschmied.ch\/fr\/wp-json\/wp\/v2\/media\/26273"}],"wp:attachment":[{"href":"https:\/\/kschmied.ch\/fr\/wp-json\/wp\/v2\/media?parent=28817"}],"curies":[{"name":"wp","href":"https:\/\/api.w.org\/{rel}","templated":true}]}}