{"id":26688,"date":"2021-11-08T11:15:02","date_gmt":"2021-11-08T10:15:02","guid":{"rendered":"https:\/\/www.kschmied.ch\/conteneurs\/services-de-conteneurs\/la-plaque-csc-dun-conteneur-maritime\/"},"modified":"2025-11-10T11:35:56","modified_gmt":"2025-11-10T10:35:56","slug":"la-plaque-csc-dun-conteneur-maritime","status":"publish","type":"page","link":"https:\/\/kschmied.ch\/fr\/conteneur\/services-de-conteneurs\/la-plaque-csc-dun-conteneur-maritime\/","title":{"rendered":"La Plaque CSC d&rsquo;un Conteneur maritime"},"content":{"rendered":"<div id=\"pl-26688\"  class=\"panel-layout\" ><div id=\"pg-26688-0\"  class=\"panel-grid panel-no-style\" ><div id=\"pgc-26688-0-0\"  class=\"panel-grid-cell\" ><div id=\"panel-26688-0-0-0\" class=\"so-panel widget widget_black-studio-tinymce widget_black_studio_tinymce panel-first-child panel-last-child\" data-index=\"0\" ><h3 class=\"widget-title\"><span class=\"widget-title__inline\">CSC Plakette - Seecontainer<\/span><\/h3><div class=\"textwidget\"><p>Die Verladef\u00e4higkeit des Seecontainer wird \u00fcber die sogenannte CSC-Abnahme, beziehungsweise dessen Plakette am Container dokumentiert. Die G\u00fcltigkeit der Plakette ist zeitlich befristet. Sie kann aber je nach Zustand des Containers und allf\u00e4lligen Reparaturen verl\u00e4ngert werden.<\/p>\n<p>Ein neuer Seecontainer wird nach Fabrikation mit einer 5 Jahre g\u00fcltigen CSC Plakette versehen. D.h. je nachdem wie lange die Container bis zum Verkauf oder Lieferung in den Depots lagern, ist sie bei Auslieferung noch ca. 4-5 Jahre g\u00fcltig. Sollten die Container vor Ablauf der G\u00fcltigkeit Sch\u00e4den erleiden, diese \u00e4usserlich oder in derem Struktur modifiziert werden, verlieren sie wom\u00f6glich die CSC G\u00fcltigkeit.<\/p>\n<\/div><\/div><\/div><div id=\"pgc-26688-0-1\"  class=\"panel-grid-cell\" ><div id=\"panel-26688-0-1-0\" class=\"so-panel widget widget_black-studio-tinymce widget_black_studio_tinymce panel-first-child panel-last-child\" data-index=\"1\" ><div class=\"textwidget\"><p>&nbsp;<\/p>\n<p><img loading=\"lazy\" decoding=\"async\" class=\"aligncenter wp-image-5303 size-medium\" src=\"https:\/\/www.kschmied.ch\/wp-content\/uploads\/2019\/09\/CSC_plakette-1-300x200.jpg\" alt=\"CSC Plakette\" width=\"300\" height=\"200\" srcset=\"https:\/\/kschmied.ch\/wp-content\/uploads\/2019\/09\/CSC_plakette-1-300x200.jpg 300w, https:\/\/kschmied.ch\/wp-content\/uploads\/2019\/09\/CSC_plakette-1-360x240.jpg 360w, https:\/\/kschmied.ch\/wp-content\/uploads\/2019\/09\/CSC_plakette-1-500x333.jpg 500w, https:\/\/kschmied.ch\/wp-content\/uploads\/2019\/09\/CSC_plakette-1-272x182.jpg 272w, https:\/\/kschmied.ch\/wp-content\/uploads\/2019\/09\/CSC_plakette-1-400x267.jpg 400w, https:\/\/kschmied.ch\/wp-content\/uploads\/2019\/09\/CSC_plakette-1.jpg 600w\" sizes=\"auto, (max-width: 300px) 100vw, 300px\" \/><\/p>\n<\/div><\/div><\/div><\/div><div id=\"pg-26688-1\"  class=\"panel-grid panel-no-style\" ><div id=\"pgc-26688-1-0\"  class=\"panel-grid-cell\" ><div id=\"panel-26688-1-0-0\" class=\"so-panel widget widget_black-studio-tinymce widget_black_studio_tinymce panel-first-child panel-last-child\" data-index=\"2\" ><div class=\"textwidget\"><h4>CSC - Inspektion<\/h4>\n<p>Um eine CSC Plakette verl\u00e4ngern zu k\u00f6nnen, bedarf es einer Inspektion von zugelassenen Pr\u00fcfstellen\/Pr\u00fcfern. Eine Inspektion kann vor Ort vorgenommen werden. Daf\u00fcr muss der Inspektor freien Zugang in den Container (= leerer Container), sowie die M\u00f6glichkeit haben, ihn von unten anzuschauen (= Anhebung des Containers durch den Kunden mit geeigneten Mitteln). Sollte eine CSC-Verl\u00e4ngerung jedoch nicht mehr ohne Reparatur m\u00f6glich sein, muss dieser im Containerterminal BASEL repariert und neu gepr\u00fcft werden.<\/p>\n<p>Bei einer erfolgreichen Pr\u00fcfung wird die CSC Plakette je nach Alter und Zustand des Containers in der Regel f\u00fcr 1-2 Jahre verl\u00e4ngert.<\/p>\n<\/div><\/div><\/div><div id=\"pgc-26688-1-1\"  class=\"panel-grid-cell\" ><div id=\"panel-26688-1-1-0\" class=\"so-panel widget widget_black-studio-tinymce widget_black_studio_tinymce panel-first-child panel-last-child\" data-index=\"3\" ><div class=\"textwidget\"><p>&nbsp;<\/p>\n<p><img loading=\"lazy\" decoding=\"async\" class=\"aligncenter wp-image-5299 size-medium\" src=\"https:\/\/www.kschmied.ch\/wp-content\/uploads\/2019\/09\/CSC_inspection-300x200.jpg\" alt=\"CSC Inspektion\" width=\"300\" height=\"200\" srcset=\"https:\/\/kschmied.ch\/wp-content\/uploads\/2019\/09\/CSC_inspection-300x200.jpg 300w, https:\/\/kschmied.ch\/wp-content\/uploads\/2019\/09\/CSC_inspection-360x240.jpg 360w, https:\/\/kschmied.ch\/wp-content\/uploads\/2019\/09\/CSC_inspection-500x333.jpg 500w, https:\/\/kschmied.ch\/wp-content\/uploads\/2019\/09\/CSC_inspection-272x182.jpg 272w, https:\/\/kschmied.ch\/wp-content\/uploads\/2019\/09\/CSC_inspection-400x267.jpg 400w, https:\/\/kschmied.ch\/wp-content\/uploads\/2019\/09\/CSC_inspection.jpg 600w\" sizes=\"auto, (max-width: 300px) 100vw, 300px\" \/><\/p>\n<\/div><\/div><\/div><\/div><div id=\"pg-26688-2\"  class=\"panel-grid panel-no-style\" ><div id=\"pgc-26688-2-0\"  class=\"panel-grid-cell\" ><div id=\"panel-26688-2-0-0\" class=\"so-panel widget widget_text panel-first-child panel-last-child\" data-index=\"4\" >\t\t\t<div class=\"textwidget\"><p>Dans les d\u00e9p\u00f4ts de conteneurs, nous pouvons volontiers faire contr\u00f4ler l&rsquo;\u00e9tat de votre conteneur, effectuer d&rsquo;\u00e9ventuelles r\u00e9parations et, selon l&rsquo;\u00e9tat du conteneur, faire prolonger la plaque CSC.<\/p>\n<\/div>\n\t\t<\/div><\/div><\/div><div id=\"pg-26688-3\"  class=\"panel-grid panel-no-style\" ><div id=\"pgc-26688-3-0\"  class=\"panel-grid-cell\" ><div id=\"panel-26688-3-0-0\" class=\"widget_text so-panel widget widget_custom_html panel-first-child panel-last-child\" data-index=\"5\" ><div class=\"widget_text panel-widget-style panel-widget-style-for-26688-3-0-0\" ><div class=\"textwidget custom-html-widget\"><\/div><\/div><\/div><\/div><\/div><div id=\"pg-26688-4\"  class=\"panel-grid panel-no-style\" ><div id=\"pgc-26688-4-0\"  class=\"panel-grid-cell\" ><div id=\"panel-26688-4-0-0\" class=\"so-panel widget widget_black-studio-tinymce widget_black_studio_tinymce panel-first-child panel-last-child\" data-index=\"6\" ><div class=\"textwidget\"><p><span style=\"color: #000000;\"><strong>CONTAINERTYPEN<br \/>\n<\/strong><\/span><\/p>\n<p>- Seecontainer<\/p>\n<p><span style=\"color: #000000;\"><strong>VOLUMEN<\/strong><\/span><\/p>\n<p>- 20' Container<br \/>\n- 40' Container<br \/>\n- 45' Container<\/p>\n<\/div><\/div><\/div><div id=\"pgc-26688-4-1\"  class=\"panel-grid-cell\" ><div id=\"panel-26688-4-1-0\" class=\"so-panel widget widget_black-studio-tinymce widget_black_studio_tinymce panel-first-child panel-last-child\" data-index=\"7\" ><div class=\"textwidget\"><p><span style=\"color: #000000;\"><strong>SERVICE<\/strong><\/span><\/p>\n<p>- Abholung vor Ort<br \/>\n- Kranauflad<br \/>\n- Transport zum Inspektions Depot\/Terminal<br \/>\n- Reparaturvorschlag<br \/>\n- CSC Pr\u00fcfung\/Verl\u00e4ngerung (falls noch m\u00f6glich)<\/p>\n<\/div><\/div><\/div><div id=\"pgc-26688-4-2\"  class=\"panel-grid-cell\" ><div id=\"panel-26688-4-2-0\" class=\"so-panel widget widget_black-studio-tinymce widget_black_studio_tinymce panel-first-child panel-last-child\" data-index=\"8\" ><div class=\"textwidget\"><p><strong>N\u00dcTZLICHE LINKS:\u00a0<\/strong><\/p>\n<p><a href=\"https:\/\/www.tis-gdv.de\/tis\/containe\/kontroll\/kontroll.htm\" target=\"_blank\" rel=\"noopener\">Kontrolle der Container (CSC)<\/a><\/p>\n<p><a href=\"https:\/\/www.imo.org\/en\/About\/Conventions\/Pages\/International-Convention-for-Safe-Containers-(CSC).aspx\" target=\"_blank\" rel=\"noopener\">Den internationalen Vorschriften der Container Safety Convention (CSC)<\/a><\/p>\n<\/div><\/div><\/div><\/div><\/div>","protected":false},"excerpt":{"rendered":"<p>Inspections CSC et extensions (si possible) dans le terminal \u00e0 conteneurs de B\u00e2le par des centres d&rsquo;essais \/ inspecteurs agr\u00e9\u00e9s. <\/p>\n","protected":false},"author":1,"featured_media":26690,"parent":26110,"menu_order":2,"comment_status":"closed","ping_status":"closed","template":"","meta":{"_acf_changed":false,"footnotes":""},"class_list":["post-26688","page","type-page","status-publish","has-post-thumbnail","hentry"],"acf":[],"yoast_head":"<!-- This site is optimized with the Yoast SEO Premium plugin v27.5 (Yoast SEO v27.5) - https:\/\/yoast.com\/product\/yoast-seo-premium-wordpress\/ -->\n<title>La Plaque CSC d&#039;un Conteneur maritime - K. Schmied AG \u2013 Conteneurs &amp; Exp\u00e9dition Suisse<\/title>\n<meta name=\"description\" content=\"Entdecken Sie hochwertige Seecontainer, Lagercontainer und Schnellbaucontainer zum Kauf oder zur Miete in der Schweiz. Erfahren Sie mehr \u00fcber die verf\u00fcgbaren Gr\u00f6\u00dfen, Ausf\u00fchrungen und Preise. Kontaktieren Sie uns f\u00fcr eine kostenlose Anfrage!\" \/>\n<meta name=\"robots\" content=\"index, follow, max-snippet:-1, max-image-preview:large, max-video-preview:-1\" \/>\n<link rel=\"canonical\" href=\"https:\/\/kschmied.ch\/fr\/conteneur\/services-de-conteneurs\/la-plaque-csc-dun-conteneur-maritime\/\" \/>\n<meta property=\"og:locale\" content=\"fr_FR\" \/>\n<meta property=\"og:type\" content=\"article\" \/>\n<meta property=\"og:title\" content=\"K. SCHMIED AG \u2013 Containerverkauf Schweiz\" \/>\n<meta property=\"og:description\" content=\"Ihr Partner f\u00fcr Seecontainer und Lagercontainer in der Schweiz \u2013 zum Kauf oder zur Miete, mit optionalem Kranablade-Service.\" \/>\n<meta property=\"og:url\" content=\"https:\/\/kschmied.ch\/fr\/conteneur\/services-de-conteneurs\/la-plaque-csc-dun-conteneur-maritime\/\" \/>\n<meta property=\"og:site_name\" content=\"K. Schmied AG \u2013 Conteneurs &amp; Exp\u00e9dition Suisse\" \/>\n<meta property=\"article:modified_time\" content=\"2025-11-10T10:35:56+00:00\" \/>\n<meta property=\"og:image\" content=\"https:\/\/kschmied.ch\/wp-content\/uploads\/2019\/09\/CSC_inspection.jpg\" \/>\n\t<meta property=\"og:image:width\" content=\"600\" \/>\n\t<meta property=\"og:image:height\" content=\"400\" \/>\n\t<meta property=\"og:image:type\" content=\"image\/jpeg\" \/>\n<meta name=\"twitter:card\" content=\"summary_large_image\" \/>\n<meta name=\"twitter:label1\" content=\"Dur\u00e9e de lecture estim\u00e9e\" \/>\n\t<meta name=\"twitter:data1\" content=\"2 minutes\" \/>\n<!-- \/ Yoast SEO Premium plugin. -->","yoast_head_json":{"title":"La Plaque CSC d'un Conteneur maritime - K. Schmied AG \u2013 Conteneurs &amp; Exp\u00e9dition Suisse","description":"Entdecken Sie hochwertige Seecontainer, Lagercontainer und Schnellbaucontainer zum Kauf oder zur Miete in der Schweiz. Erfahren Sie mehr \u00fcber die verf\u00fcgbaren Gr\u00f6\u00dfen, Ausf\u00fchrungen und Preise. Kontaktieren Sie uns f\u00fcr eine kostenlose Anfrage!","robots":{"index":"index","follow":"follow","max-snippet":"max-snippet:-1","max-image-preview":"max-image-preview:large","max-video-preview":"max-video-preview:-1"},"canonical":"https:\/\/kschmied.ch\/fr\/conteneur\/services-de-conteneurs\/la-plaque-csc-dun-conteneur-maritime\/","og_locale":"fr_FR","og_type":"article","og_title":"K. SCHMIED AG \u2013 Containerverkauf Schweiz","og_description":"Ihr Partner f\u00fcr Seecontainer und Lagercontainer in der Schweiz \u2013 zum Kauf oder zur Miete, mit optionalem Kranablade-Service.","og_url":"https:\/\/kschmied.ch\/fr\/conteneur\/services-de-conteneurs\/la-plaque-csc-dun-conteneur-maritime\/","og_site_name":"K. Schmied AG \u2013 Conteneurs &amp; Exp\u00e9dition Suisse","article_modified_time":"2025-11-10T10:35:56+00:00","og_image":[{"width":600,"height":400,"url":"https:\/\/kschmied.ch\/wp-content\/uploads\/2019\/09\/CSC_inspection.jpg","type":"image\/jpeg"}],"twitter_card":"summary_large_image","twitter_misc":{"Dur\u00e9e de lecture estim\u00e9e":"2 minutes"},"schema":{"@context":"https:\/\/schema.org","@graph":[{"@type":"WebPage","@id":"https:\/\/kschmied.ch\/fr\/conteneur\/services-de-conteneurs\/la-plaque-csc-dun-conteneur-maritime\/","url":"https:\/\/kschmied.ch\/fr\/conteneur\/services-de-conteneurs\/la-plaque-csc-dun-conteneur-maritime\/","name":"La Plaque CSC d'un Conteneur maritime - K. Schmied AG \u2013 Conteneurs &amp; Exp\u00e9dition Suisse","isPartOf":{"@id":"https:\/\/kschmied.ch\/fr\/#website"},"primaryImageOfPage":{"@id":"https:\/\/kschmied.ch\/fr\/conteneur\/services-de-conteneurs\/la-plaque-csc-dun-conteneur-maritime\/#primaryimage"},"image":{"@id":"https:\/\/kschmied.ch\/fr\/conteneur\/services-de-conteneurs\/la-plaque-csc-dun-conteneur-maritime\/#primaryimage"},"thumbnailUrl":"https:\/\/kschmied.ch\/wp-content\/uploads\/2019\/09\/CSC_inspection.jpg","datePublished":"2021-11-08T10:15:02+00:00","dateModified":"2025-11-10T10:35:56+00:00","description":"Entdecken Sie hochwertige Seecontainer, Lagercontainer und Schnellbaucontainer zum Kauf oder zur Miete in der Schweiz. Erfahren Sie mehr \u00fcber die verf\u00fcgbaren Gr\u00f6\u00dfen, Ausf\u00fchrungen und Preise. Kontaktieren Sie uns f\u00fcr eine kostenlose Anfrage!","breadcrumb":{"@id":"https:\/\/kschmied.ch\/fr\/conteneur\/services-de-conteneurs\/la-plaque-csc-dun-conteneur-maritime\/#breadcrumb"},"inLanguage":"fr-FR","potentialAction":[{"@type":"ReadAction","target":["https:\/\/kschmied.ch\/fr\/conteneur\/services-de-conteneurs\/la-plaque-csc-dun-conteneur-maritime\/"]}]},{"@type":"ImageObject","inLanguage":"fr-FR","@id":"https:\/\/kschmied.ch\/fr\/conteneur\/services-de-conteneurs\/la-plaque-csc-dun-conteneur-maritime\/#primaryimage","url":"https:\/\/kschmied.ch\/wp-content\/uploads\/2019\/09\/CSC_inspection.jpg","contentUrl":"https:\/\/kschmied.ch\/wp-content\/uploads\/2019\/09\/CSC_inspection.jpg","width":600,"height":400,"caption":"Inspection CSC"},{"@type":"BreadcrumbList","@id":"https:\/\/kschmied.ch\/fr\/conteneur\/services-de-conteneurs\/la-plaque-csc-dun-conteneur-maritime\/#breadcrumb","itemListElement":[{"@type":"ListItem","position":1,"name":"Accueil","item":"https:\/\/kschmied.ch\/fr\/"},{"@type":"ListItem","position":2,"name":"Conteneur","item":"https:\/\/kschmied.ch\/fr\/conteneur\/"},{"@type":"ListItem","position":3,"name":"Services de conteneurs","item":"https:\/\/kschmied.ch\/fr\/conteneur\/services-de-conteneurs\/"},{"@type":"ListItem","position":4,"name":"La Plaque CSC d&#8217;un Conteneur maritime"}]},{"@type":"WebSite","@id":"https:\/\/kschmied.ch\/fr\/#website","url":"https:\/\/kschmied.ch\/fr\/","name":"K. SCHMIED AG","description":"Commerce suisse de conteneurs &amp; exp\u00e9dition depuis 1979","publisher":{"@id":"https:\/\/kschmied.ch\/fr\/#organization"},"alternateName":"K. SCHMIED AG","potentialAction":[{"@type":"SearchAction","target":{"@type":"EntryPoint","urlTemplate":"https:\/\/kschmied.ch\/fr\/?s={search_term_string}"},"query-input":{"@type":"PropertyValueSpecification","valueRequired":true,"valueName":"search_term_string"}}],"inLanguage":"fr-FR"},{"@type":"Organization","@id":"https:\/\/kschmied.ch\/fr\/#organization","name":"K. SCHMIED AG","alternateName":"K. SCHMIED AG","url":"https:\/\/kschmied.ch\/fr\/","logo":{"@type":"ImageObject","inLanguage":"fr-FR","@id":"https:\/\/kschmied.ch\/fr\/#\/schema\/logo\/image\/","url":"https:\/\/kschmied.ch\/wp-content\/uploads\/2020\/07\/LOGO-gross.jpg","contentUrl":"https:\/\/kschmied.ch\/wp-content\/uploads\/2020\/07\/LOGO-gross.jpg","width":770,"height":240,"caption":"K. SCHMIED AG"},"image":{"@id":"https:\/\/kschmied.ch\/fr\/#\/schema\/logo\/image\/"},"sameAs":["https:\/\/ch.linkedin.com\/company\/k-schmied-ag"],"description":"K. SCHMIED AG ist ein f\u00fchrendes Unternehmen im Bereich Containerverkauf und -vermietung in der Schweiz. Mit langj\u00e4hriger Erfahrung bieten wir unseren Kunden robuste, langlebige Seecontainer, Lagercontainer und Schnellbaucontainer in verschiedenen Gr\u00f6\u00dfen und Ausf\u00fchrungen. Unser Service umfasst auch Transportl\u00f6sungen, ma\u00dfgeschneiderte Containeranforderungen und weltweiten Versand. Qualit\u00e4t, Kundenzufriedenheit und Zuverl\u00e4ssigkeit stehen bei uns an erster Stelle.","email":"info@kschmied.ch","telephone":"041 811 30 03","legalName":"K. SCHMIED internat. Transporte & Handels AG","foundingDate":"1979-01-01","vatID":"CHE-107.962.018 MWST","taxID":"CHE-107.962.018 MWST","numberOfEmployees":{"@type":"QuantitativeValue","minValue":"1","maxValue":"10"}}]}},"_links":{"self":[{"href":"https:\/\/kschmied.ch\/fr\/wp-json\/wp\/v2\/pages\/26688","targetHints":{"allow":["GET"]}}],"collection":[{"href":"https:\/\/kschmied.ch\/fr\/wp-json\/wp\/v2\/pages"}],"about":[{"href":"https:\/\/kschmied.ch\/fr\/wp-json\/wp\/v2\/types\/page"}],"author":[{"embeddable":true,"href":"https:\/\/kschmied.ch\/fr\/wp-json\/wp\/v2\/users\/1"}],"replies":[{"embeddable":true,"href":"https:\/\/kschmied.ch\/fr\/wp-json\/wp\/v2\/comments?post=26688"}],"version-history":[{"count":0,"href":"https:\/\/kschmied.ch\/fr\/wp-json\/wp\/v2\/pages\/26688\/revisions"}],"up":[{"embeddable":true,"href":"https:\/\/kschmied.ch\/fr\/wp-json\/wp\/v2\/pages\/26110"}],"wp:featuredmedia":[{"embeddable":true,"href":"https:\/\/kschmied.ch\/fr\/wp-json\/wp\/v2\/media\/26690"}],"wp:attachment":[{"href":"https:\/\/kschmied.ch\/fr\/wp-json\/wp\/v2\/media?parent=26688"}],"curies":[{"name":"wp","href":"https:\/\/api.w.org\/{rel}","templated":true}]}}