{"id":26380,"date":"2021-10-11T14:04:03","date_gmt":"2021-10-11T12:04:03","guid":{"rendered":"https:\/\/www.kschmied.ch\/conteneurs\/services-de-conteneurs\/couleurs-souhaitees-ral\/"},"modified":"2025-10-14T20:42:27","modified_gmt":"2025-10-14T18:42:27","slug":"couleurs-souhaitees-ral","status":"publish","type":"page","link":"https:\/\/kschmied.ch\/fr\/conteneur\/services-de-conteneurs\/couleurs-souhaitees-ral\/","title":{"rendered":"COULEURS SOUHAIT\u00c9ES (RAL)"},"content":{"rendered":"<div id=\"pl-26380\"  class=\"panel-layout\" ><div id=\"pg-26380-0\"  class=\"panel-grid panel-no-style\" ><div id=\"pgc-26380-0-0\"  class=\"panel-grid-cell\" ><div id=\"panel-26380-0-0-0\" class=\"so-panel widget widget_black-studio-tinymce widget_black_studio_tinymce panel-first-child panel-last-child widgetopts-SO\" data-index=\"0\" ><div class=\"textwidget\"><h4><strong>FARBEN \/ Lager- &amp; Wunschfarben<br \/>\n<\/strong><\/h4>\n<p>Damit die Preise von See- und Lagercontainer wirtschaftlich bleiben, werden diese in der Regel in einheitlichen RAL Farben und grossen St\u00fcckzahlen hergestellt.<\/p>\n<p>Durch unser grosses Lieferantennetzwerk k\u00f6nnen wir Ihnen aber die Standard Container (20' und 40') in vielen verschiedenen Farben ab Lager anbieten (s. <a href=\"https:\/\/www.kschmied.ch\/container\/preisanfrage\/\"><strong>Anfrage-Auswahl-Modul<\/strong><\/a>)<\/p>\n<p>&nbsp;<\/p>\n<p>&nbsp;<\/p>\n<\/div><\/div><\/div><\/div><div id=\"pg-26380-1\"  class=\"panel-grid panel-has-style\" ><div class=\"panel-row-style panel-row-style-for-26380-1\" ><div id=\"pgc-26380-1-0\"  class=\"panel-grid-cell\" ><div id=\"panel-26380-1-0-0\" class=\"widget_text so-panel widget widget_custom_html panel-first-child panel-last-child\" data-index=\"1\" ><div class=\"widget_text panel-widget-style panel-widget-style-for-26380-1-0-0\" ><div class=\"textwidget custom-html-widget\"><\/div><\/div><\/div><\/div><\/div><\/div><div id=\"pg-26380-2\"  class=\"panel-grid panel-no-style\" ><div id=\"pgc-26380-2-0\"  class=\"panel-grid-cell\" ><div id=\"panel-26380-2-0-0\" class=\"so-panel widget widget_black-studio-tinymce widget_black_studio_tinymce panel-first-child panel-last-child\" data-index=\"2\" ><div class=\"textwidget\"><h4><strong>Wunschfarbe nach RAL<\/strong><\/h4>\n<p>Je nach Containertyp und Menge (oft ab ca. 10 Stk.) k\u00f6nnen neue Container ab Herstellerwerk auch in Ihrer Wunschfarbe (nach RAL) und ohne Aufpreis bestellt werden.<\/p>\n<p>Abh\u00e4nging vom Containertyp und Herstellungswerk muss dabei aber mit einer Lieferzeit von ca. 2-6 Monaten gerechnet werden.<\/p>\n<\/div><\/div><\/div><div id=\"pgc-26380-2-1\"  class=\"panel-grid-cell\" ><div id=\"panel-26380-2-1-0\" class=\"so-panel widget widget_black-studio-tinymce widget_black_studio_tinymce panel-first-child panel-last-child\" data-index=\"3\" ><div class=\"textwidget\"><p><img loading=\"lazy\" decoding=\"async\" class=\"aligncenter wp-image-5205 size-medium\" src=\"https:\/\/www.kschmied.ch\/wp-content\/uploads\/2019\/09\/Wunschfarbe_ral-300x200.jpg\" alt=\"Wunschfarbe (nach RAL)\" width=\"300\" height=\"200\" srcset=\"https:\/\/kschmied.ch\/wp-content\/uploads\/2019\/09\/Wunschfarbe_ral-300x200.jpg 300w, https:\/\/kschmied.ch\/wp-content\/uploads\/2019\/09\/Wunschfarbe_ral-360x240.jpg 360w, https:\/\/kschmied.ch\/wp-content\/uploads\/2019\/09\/Wunschfarbe_ral-500x333.jpg 500w, https:\/\/kschmied.ch\/wp-content\/uploads\/2019\/09\/Wunschfarbe_ral-272x182.jpg 272w, https:\/\/kschmied.ch\/wp-content\/uploads\/2019\/09\/Wunschfarbe_ral-400x267.jpg 400w, https:\/\/kschmied.ch\/wp-content\/uploads\/2019\/09\/Wunschfarbe_ral.jpg 600w\" sizes=\"auto, (max-width: 300px) 100vw, 300px\" \/><\/p>\n<\/div><\/div><\/div><\/div><div id=\"pg-26380-3\"  class=\"panel-grid panel-has-style\" ><div class=\"panel-row-style panel-row-style-for-26380-3\" ><div id=\"pgc-26380-3-0\"  class=\"panel-grid-cell\" ><div id=\"panel-26380-3-0-0\" class=\"widget_text so-panel widget widget_custom_html panel-first-child panel-last-child\" data-index=\"4\" ><div class=\"widget_text panel-widget-style panel-widget-style-for-26380-3-0-0\" ><div class=\"textwidget custom-html-widget\"><\/div><\/div><\/div><\/div><\/div><\/div><div id=\"pg-26380-4\"  class=\"panel-grid panel-no-style\" ><div id=\"pgc-26380-4-0\"  class=\"panel-grid-cell\" ><div id=\"panel-26380-4-0-0\" class=\"so-panel widget widget_black-studio-tinymce widget_black_studio_tinymce panel-first-child panel-last-child\" data-index=\"5\" ><div class=\"textwidget\"><h4><strong>Neu Einf\u00e4rben<\/strong><\/h4>\n<p>Wir haben auch die M\u00f6glichkeit, Seecontainer \u00fcbermalen bzw. neu einf\u00e4rben zu lassen (je nach Anforderung mit 1-Komponenten oder 2-Komponenten-Farbe).<\/p>\n<p>&nbsp;<\/p>\n<\/div><\/div><\/div><div id=\"pgc-26380-4-1\"  class=\"panel-grid-cell\" ><div id=\"panel-26380-4-1-0\" class=\"so-panel widget widget_black-studio-tinymce widget_black_studio_tinymce panel-first-child panel-last-child\" data-index=\"6\" ><div class=\"textwidget\"><p><img loading=\"lazy\" decoding=\"async\" class=\"aligncenter wp-image-5236 size-medium\" src=\"https:\/\/www.kschmied.ch\/wp-content\/uploads\/2019\/09\/Einfaerben-300x200.jpg\" alt=\"\" width=\"300\" height=\"200\" srcset=\"https:\/\/kschmied.ch\/wp-content\/uploads\/2019\/09\/Einfaerben-300x200.jpg 300w, https:\/\/kschmied.ch\/wp-content\/uploads\/2019\/09\/Einfaerben-360x240.jpg 360w, https:\/\/kschmied.ch\/wp-content\/uploads\/2019\/09\/Einfaerben-500x333.jpg 500w, https:\/\/kschmied.ch\/wp-content\/uploads\/2019\/09\/Einfaerben-272x182.jpg 272w, https:\/\/kschmied.ch\/wp-content\/uploads\/2019\/09\/Einfaerben-400x267.jpg 400w, https:\/\/kschmied.ch\/wp-content\/uploads\/2019\/09\/Einfaerben.jpg 600w\" sizes=\"auto, (max-width: 300px) 100vw, 300px\" \/><\/p>\n<\/div><\/div><\/div><\/div><div id=\"pg-26380-5\"  class=\"panel-grid panel-has-style\" ><div class=\"panel-row-style panel-row-style-for-26380-5\" ><div id=\"pgc-26380-5-0\"  class=\"panel-grid-cell\" ><div id=\"panel-26380-5-0-0\" class=\"widget_text so-panel widget widget_custom_html panel-first-child panel-last-child\" data-index=\"7\" ><div class=\"widget_text panel-widget-style panel-widget-style-for-26380-5-0-0\" ><div class=\"textwidget custom-html-widget\"><\/div><\/div><\/div><\/div><\/div><\/div><div id=\"pg-26380-6\"  class=\"panel-grid panel-no-style\" ><div id=\"pgc-26380-6-0\"  class=\"panel-grid-cell\" ><div id=\"panel-26380-6-0-0\" class=\"so-panel widget widget_black-studio-tinymce widget_black_studio_tinymce panel-first-child panel-last-child widgetopts-SO\" data-index=\"8\" ><div class=\"textwidget\"><h4><strong>Grosse Auswahl an Standardfarben<\/strong><\/h4>\n<p>Dank unserem grossen Lieferantennetzwerk verf\u00fcgen wir bereits \u00fcber verschiedene Standardfarben, welche Sie in unserem <a href=\"https:\/\/www.kschmied.ch\/container\/preisanfrage\/\"><strong>Anfrage-Auswahl-Modul<\/strong><\/a> bei den einzelnen Containern finden werden.<\/p>\n<\/div><\/div><\/div><div id=\"pgc-26380-6-1\"  class=\"panel-grid-cell\" ><div id=\"panel-26380-6-1-0\" class=\"so-panel widget widget_black-studio-tinymce widget_black_studio_tinymce panel-first-child panel-last-child\" data-index=\"9\" ><div class=\"textwidget\"><p><a href=\"https:\/\/www.kschmied.ch\/wp-content\/uploads\/2019\/09\/Farbauswahl-20-CTR..jpg\" target=\"_blank\" rel=\"noopener\"><img loading=\"lazy\" decoding=\"async\" class=\"aligncenter wp-image-5234 size-medium\" src=\"https:\/\/www.kschmied.ch\/wp-content\/uploads\/2019\/09\/Farbauswahl-20-CTR.-300x219.jpg\" alt=\"\" width=\"300\" height=\"219\" srcset=\"https:\/\/kschmied.ch\/wp-content\/uploads\/2019\/09\/Farbauswahl-20-CTR.-300x219.jpg 300w, https:\/\/kschmied.ch\/wp-content\/uploads\/2019\/09\/Farbauswahl-20-CTR.-500x365.jpg 500w, https:\/\/kschmied.ch\/wp-content\/uploads\/2019\/09\/Farbauswahl-20-CTR.-400x292.jpg 400w, https:\/\/kschmied.ch\/wp-content\/uploads\/2019\/09\/Farbauswahl-20-CTR..jpg 740w\" sizes=\"auto, (max-width: 300px) 100vw, 300px\" \/><\/a><\/p>\n<\/div><\/div><\/div><\/div><div id=\"pg-26380-7\"  class=\"panel-grid panel-has-style\" ><div class=\"panel-row-style panel-row-style-for-26380-7\" ><div id=\"pgc-26380-7-0\"  class=\"panel-grid-cell\" ><div id=\"panel-26380-7-0-0\" class=\"widget_text so-panel widget widget_custom_html panel-first-child panel-last-child\" data-index=\"10\" ><div class=\"widget_text panel-widget-style panel-widget-style-for-26380-7-0-0\" ><div class=\"textwidget custom-html-widget\"><\/div><\/div><\/div><\/div><\/div><\/div><div id=\"pg-26380-8\"  class=\"panel-grid panel-no-style\" ><div id=\"pgc-26380-8-0\"  class=\"panel-grid-cell\" ><div id=\"panel-26380-8-0-0\" class=\"so-panel widget widget_black-studio-tinymce widget_black_studio_tinymce panel-first-child panel-last-child\" data-index=\"11\" ><div class=\"textwidget\"><p><span style=\"color: #000000;\"><strong>CONTAINERTYPEN<br \/>\n<\/strong><\/span><\/p>\n<p>- Seecontainer<\/p>\n<p><span style=\"color: #000000;\"><strong>VOLUMEN<\/strong><\/span><\/p>\n<p>- 10' Container<br \/>\n- 20' Container<br \/>\n- 40' Container<br \/>\n- 45' Container<\/p>\n<\/div><\/div><\/div><div id=\"pgc-26380-8-1\"  class=\"panel-grid-cell\" ><div id=\"panel-26380-8-1-0\" class=\"so-panel widget widget_black-studio-tinymce widget_black_studio_tinymce panel-first-child panel-last-child\" data-index=\"12\" ><div class=\"textwidget\"><p><span style=\"color: #000000;\"><strong>SERVICE<\/strong><\/span><\/p>\n<p>- Grosse Auswahl an Standard Farben<br \/>\n- Neu Einf\u00e4rben (Wunsch RAL Farbe)<br \/>\n- Logo Platzierungen<br \/>\n- Schriftz\u00fcge nach Wunsch<\/p>\n<\/div><\/div><\/div><div id=\"pgc-26380-8-2\"  class=\"panel-grid-cell\" ><div id=\"panel-26380-8-2-0\" class=\"so-panel widget widget_black-studio-tinymce widget_black_studio_tinymce panel-first-child panel-last-child\" data-index=\"13\" ><div class=\"textwidget\"><p><strong>N\u00fctzliche Links:<\/strong><\/p>\n<p><span style=\"color: #000000;\"><a style=\"color: #000000;\" href=\"https:\/\/www.tis-gdv.de\/tis\/containe\/kontroll\/kontroll.htm\">Kontrolle der Container (CSC)<\/a><\/span><\/p>\n<p><a href=\"https:\/\/www.imo.org\/en\/About\/Conventions\/Pages\/International-Convention-for-Safe-Containers-(CSC).aspx\"><span style=\"color: #000000;\">Internationalen Vorschriften der Container Safety Convention (CSC)<\/span><\/a><\/p>\n<p>&nbsp;<\/p>\n<p>&nbsp;<\/p>\n<p>&nbsp;<\/p>\n<\/div><\/div><\/div><\/div><\/div>","protected":false},"excerpt":{"rendered":"<p>Grand choix de couleurs standards, ainsi que la possibilit\u00e9 de faire recolorer les contenants ou de les doter de logos et lettrages.<\/p>\n","protected":false},"author":1,"featured_media":26384,"parent":26110,"menu_order":2,"comment_status":"closed","ping_status":"closed","template":"","meta":{"_acf_changed":false,"footnotes":""},"class_list":["post-26380","page","type-page","status-publish","has-post-thumbnail","hentry"],"acf":[],"yoast_head":"<!-- This site is optimized with the Yoast SEO Premium plugin v27.4 (Yoast SEO v27.4) - https:\/\/yoast.com\/product\/yoast-seo-premium-wordpress\/ -->\n<title>COULEURS SOUHAIT\u00c9ES (RAL) - K. Schmied AG \u2013 Conteneurs &amp; Exp\u00e9dition Suisse<\/title>\n<meta name=\"description\" content=\"Entdecken Sie hochwertige Seecontainer, Lagercontainer und Schnellbaucontainer zum Kauf oder zur Miete in der Schweiz. Erfahren Sie mehr \u00fcber die verf\u00fcgbaren Gr\u00f6\u00dfen, Ausf\u00fchrungen und Preise. Kontaktieren Sie uns f\u00fcr eine kostenlose Anfrage!\" \/>\n<meta name=\"robots\" content=\"index, follow, max-snippet:-1, max-image-preview:large, max-video-preview:-1\" \/>\n<link rel=\"canonical\" href=\"https:\/\/kschmied.ch\/fr\/conteneur\/services-de-conteneurs\/couleurs-souhaitees-ral\/\" \/>\n<meta property=\"og:locale\" content=\"fr_FR\" \/>\n<meta property=\"og:type\" content=\"article\" \/>\n<meta property=\"og:title\" content=\"K. SCHMIED AG \u2013 Containerverkauf Schweiz\" \/>\n<meta property=\"og:description\" content=\"Ihr Partner f\u00fcr Seecontainer und Lagercontainer in der Schweiz \u2013 zum Kauf oder zur Miete, mit optionalem Kranablade-Service.\" \/>\n<meta property=\"og:url\" content=\"https:\/\/kschmied.ch\/fr\/conteneur\/services-de-conteneurs\/couleurs-souhaitees-ral\/\" \/>\n<meta property=\"og:site_name\" content=\"K. Schmied AG \u2013 Conteneurs &amp; Exp\u00e9dition Suisse\" \/>\n<meta property=\"article:modified_time\" content=\"2025-10-14T18:42:27+00:00\" \/>\n<meta property=\"og:image\" content=\"https:\/\/kschmied.ch\/wp-content\/uploads\/2019\/09\/Container_Farben.jpg\" \/>\n\t<meta property=\"og:image:width\" content=\"600\" \/>\n\t<meta property=\"og:image:height\" content=\"400\" \/>\n\t<meta property=\"og:image:type\" content=\"image\/jpeg\" \/>\n<meta name=\"twitter:card\" content=\"summary_large_image\" \/>\n<meta name=\"twitter:label1\" content=\"Dur\u00e9e de lecture estim\u00e9e\" \/>\n\t<meta name=\"twitter:data1\" content=\"2 minutes\" \/>\n<!-- \/ Yoast SEO Premium plugin. -->","yoast_head_json":{"title":"COULEURS SOUHAIT\u00c9ES (RAL) - K. Schmied AG \u2013 Conteneurs &amp; Exp\u00e9dition Suisse","description":"Entdecken Sie hochwertige Seecontainer, Lagercontainer und Schnellbaucontainer zum Kauf oder zur Miete in der Schweiz. Erfahren Sie mehr \u00fcber die verf\u00fcgbaren Gr\u00f6\u00dfen, Ausf\u00fchrungen und Preise. Kontaktieren Sie uns f\u00fcr eine kostenlose Anfrage!","robots":{"index":"index","follow":"follow","max-snippet":"max-snippet:-1","max-image-preview":"max-image-preview:large","max-video-preview":"max-video-preview:-1"},"canonical":"https:\/\/kschmied.ch\/fr\/conteneur\/services-de-conteneurs\/couleurs-souhaitees-ral\/","og_locale":"fr_FR","og_type":"article","og_title":"K. SCHMIED AG \u2013 Containerverkauf Schweiz","og_description":"Ihr Partner f\u00fcr Seecontainer und Lagercontainer in der Schweiz \u2013 zum Kauf oder zur Miete, mit optionalem Kranablade-Service.","og_url":"https:\/\/kschmied.ch\/fr\/conteneur\/services-de-conteneurs\/couleurs-souhaitees-ral\/","og_site_name":"K. Schmied AG \u2013 Conteneurs &amp; Exp\u00e9dition Suisse","article_modified_time":"2025-10-14T18:42:27+00:00","og_image":[{"width":600,"height":400,"url":"https:\/\/kschmied.ch\/wp-content\/uploads\/2019\/09\/Container_Farben.jpg","type":"image\/jpeg"}],"twitter_card":"summary_large_image","twitter_misc":{"Dur\u00e9e de lecture estim\u00e9e":"2 minutes"},"schema":{"@context":"https:\/\/schema.org","@graph":[{"@type":"WebPage","@id":"https:\/\/kschmied.ch\/fr\/conteneur\/services-de-conteneurs\/couleurs-souhaitees-ral\/","url":"https:\/\/kschmied.ch\/fr\/conteneur\/services-de-conteneurs\/couleurs-souhaitees-ral\/","name":"COULEURS SOUHAIT\u00c9ES (RAL) - K. Schmied AG \u2013 Conteneurs &amp; Exp\u00e9dition Suisse","isPartOf":{"@id":"https:\/\/kschmied.ch\/fr\/#website"},"primaryImageOfPage":{"@id":"https:\/\/kschmied.ch\/fr\/conteneur\/services-de-conteneurs\/couleurs-souhaitees-ral\/#primaryimage"},"image":{"@id":"https:\/\/kschmied.ch\/fr\/conteneur\/services-de-conteneurs\/couleurs-souhaitees-ral\/#primaryimage"},"thumbnailUrl":"https:\/\/kschmied.ch\/wp-content\/uploads\/2019\/09\/Container_Farben.jpg","datePublished":"2021-10-11T12:04:03+00:00","dateModified":"2025-10-14T18:42:27+00:00","description":"Entdecken Sie hochwertige Seecontainer, Lagercontainer und Schnellbaucontainer zum Kauf oder zur Miete in der Schweiz. Erfahren Sie mehr \u00fcber die verf\u00fcgbaren Gr\u00f6\u00dfen, Ausf\u00fchrungen und Preise. Kontaktieren Sie uns f\u00fcr eine kostenlose Anfrage!","breadcrumb":{"@id":"https:\/\/kschmied.ch\/fr\/conteneur\/services-de-conteneurs\/couleurs-souhaitees-ral\/#breadcrumb"},"inLanguage":"fr-FR","potentialAction":[{"@type":"ReadAction","target":["https:\/\/kschmied.ch\/fr\/conteneur\/services-de-conteneurs\/couleurs-souhaitees-ral\/"]}]},{"@type":"ImageObject","inLanguage":"fr-FR","@id":"https:\/\/kschmied.ch\/fr\/conteneur\/services-de-conteneurs\/couleurs-souhaitees-ral\/#primaryimage","url":"https:\/\/kschmied.ch\/wp-content\/uploads\/2019\/09\/Container_Farben.jpg","contentUrl":"https:\/\/kschmied.ch\/wp-content\/uploads\/2019\/09\/Container_Farben.jpg","width":600,"height":400,"caption":"Couleurs des conteneurs"},{"@type":"BreadcrumbList","@id":"https:\/\/kschmied.ch\/fr\/conteneur\/services-de-conteneurs\/couleurs-souhaitees-ral\/#breadcrumb","itemListElement":[{"@type":"ListItem","position":1,"name":"Accueil","item":"https:\/\/kschmied.ch\/fr\/"},{"@type":"ListItem","position":2,"name":"Conteneur","item":"https:\/\/kschmied.ch\/fr\/conteneur\/"},{"@type":"ListItem","position":3,"name":"Services de conteneurs","item":"https:\/\/kschmied.ch\/fr\/conteneur\/services-de-conteneurs\/"},{"@type":"ListItem","position":4,"name":"COULEURS SOUHAIT\u00c9ES (RAL)"}]},{"@type":"WebSite","@id":"https:\/\/kschmied.ch\/fr\/#website","url":"https:\/\/kschmied.ch\/fr\/","name":"K. SCHMIED AG","description":"Commerce suisse de conteneurs &amp; exp\u00e9dition depuis 1979","publisher":{"@id":"https:\/\/kschmied.ch\/fr\/#organization"},"alternateName":"K. SCHMIED AG","potentialAction":[{"@type":"SearchAction","target":{"@type":"EntryPoint","urlTemplate":"https:\/\/kschmied.ch\/fr\/?s={search_term_string}"},"query-input":{"@type":"PropertyValueSpecification","valueRequired":true,"valueName":"search_term_string"}}],"inLanguage":"fr-FR"},{"@type":"Organization","@id":"https:\/\/kschmied.ch\/fr\/#organization","name":"K. SCHMIED AG","alternateName":"K. SCHMIED AG","url":"https:\/\/kschmied.ch\/fr\/","logo":{"@type":"ImageObject","inLanguage":"fr-FR","@id":"https:\/\/kschmied.ch\/fr\/#\/schema\/logo\/image\/","url":"https:\/\/kschmied.ch\/wp-content\/uploads\/2020\/07\/LOGO-gross.jpg","contentUrl":"https:\/\/kschmied.ch\/wp-content\/uploads\/2020\/07\/LOGO-gross.jpg","width":770,"height":240,"caption":"K. SCHMIED AG"},"image":{"@id":"https:\/\/kschmied.ch\/fr\/#\/schema\/logo\/image\/"},"sameAs":["https:\/\/ch.linkedin.com\/company\/k-schmied-ag"],"description":"K. SCHMIED AG ist ein f\u00fchrendes Unternehmen im Bereich Containerverkauf und -vermietung in der Schweiz. Mit langj\u00e4hriger Erfahrung bieten wir unseren Kunden robuste, langlebige Seecontainer, Lagercontainer und Schnellbaucontainer in verschiedenen Gr\u00f6\u00dfen und Ausf\u00fchrungen. Unser Service umfasst auch Transportl\u00f6sungen, ma\u00dfgeschneiderte Containeranforderungen und weltweiten Versand. Qualit\u00e4t, Kundenzufriedenheit und Zuverl\u00e4ssigkeit stehen bei uns an erster Stelle.","email":"info@kschmied.ch","telephone":"041 811 30 03","legalName":"K. SCHMIED internat. Transporte & Handels AG","foundingDate":"1979-01-01","vatID":"CHE-107.962.018 MWST","taxID":"CHE-107.962.018 MWST","numberOfEmployees":{"@type":"QuantitativeValue","minValue":"1","maxValue":"10"}}]}},"_links":{"self":[{"href":"https:\/\/kschmied.ch\/fr\/wp-json\/wp\/v2\/pages\/26380","targetHints":{"allow":["GET"]}}],"collection":[{"href":"https:\/\/kschmied.ch\/fr\/wp-json\/wp\/v2\/pages"}],"about":[{"href":"https:\/\/kschmied.ch\/fr\/wp-json\/wp\/v2\/types\/page"}],"author":[{"embeddable":true,"href":"https:\/\/kschmied.ch\/fr\/wp-json\/wp\/v2\/users\/1"}],"replies":[{"embeddable":true,"href":"https:\/\/kschmied.ch\/fr\/wp-json\/wp\/v2\/comments?post=26380"}],"version-history":[{"count":0,"href":"https:\/\/kschmied.ch\/fr\/wp-json\/wp\/v2\/pages\/26380\/revisions"}],"up":[{"embeddable":true,"href":"https:\/\/kschmied.ch\/fr\/wp-json\/wp\/v2\/pages\/26110"}],"wp:featuredmedia":[{"embeddable":true,"href":"https:\/\/kschmied.ch\/fr\/wp-json\/wp\/v2\/media\/26384"}],"wp:attachment":[{"href":"https:\/\/kschmied.ch\/fr\/wp-json\/wp\/v2\/media?parent=26380"}],"curies":[{"name":"wp","href":"https:\/\/api.w.org\/{rel}","templated":true}]}}