{"id":26355,"date":"2021-10-11T13:53:08","date_gmt":"2021-10-11T11:53:08","guid":{"rendered":"https:\/\/www.kschmied.ch\/conteneurs\/services-de-conteneurs\/logos-etiquettes\/"},"modified":"2025-11-17T21:26:35","modified_gmt":"2025-11-17T20:26:35","slug":"logos-etiquettes","status":"publish","type":"page","link":"https:\/\/kschmied.ch\/fr\/conteneur\/services-de-conteneurs\/logos-etiquettes\/","title":{"rendered":"LOGOS &amp; \u00c9TIQUETTES"},"content":{"rendered":"<div id=\"pl-5257\"  class=\"panel-layout\" >\n<div id=\"pg-5257-0\"  class=\"panel-grid panel-no-style\"  data-style=\"{&quot;background_image_attachment&quot;:false,&quot;background_display&quot;:&quot;tile&quot;,&quot;cell_alignment&quot;:&quot;flex-start&quot;}\"  data-ratio=\"1\"  data-ratio-direction=\"right\" >\n<div id=\"pgc-5257-0-0\"  class=\"panel-grid-cell\"  data-weight=\"1\" >\n<div id=\"panel-5257-0-0-0\" class=\"so-panel widget widget_black-studio-tinymce widget_black_studio_tinymce panel-first-child panel-last-child\" data-index=\"0\" data-style=\"{&quot;background_image_attachment&quot;:false,&quot;background_display&quot;:&quot;tile&quot;,&quot;featured_widgets&quot;:&quot;&quot;,&quot;bigger_title&quot;:&quot;&quot;}\" >\n<h3 class=\"widget-title\"><span class=\"widget-title__inline\">LOGOS &#038; BESCHRIFTUNGEN<\/span><\/h3>\n<div class=\"textwidget\">Auf Wunsch k\u00f6nnen wir die Container mit ihrem Firmenlogo und\/oder Schriftz\u00fcgen versehen. Diese werden fachm\u00e4nnisch nach Ihren Vorgaben auf die Container geklebt (Standardprozess f\u00fcr Seecontainer) .<\/p>\n<p>Kosten f\u00fcr Logos und Beschriftung je nach Gr\u00f6sse und Platzierung. Gerne unterbreiten wir Ihnen ein Angebot nach erhalt Ihrer Vorgaben\/Spezifikation.<\/p>\n<p>&nbsp;<\/p>\n<p><span style=\"color: #000000;\">\u00a0<\/span><\/div>\n<\/div>\n<\/div>\n<\/div>\n<div id=\"pg-5257-1\"  class=\"panel-grid panel-no-style\"  data-style=\"{&quot;background_image_attachment&quot;:false,&quot;background_display&quot;:&quot;tile&quot;,&quot;cell_alignment&quot;:&quot;flex-start&quot;}\" >\n<div id=\"pgc-5257-1-0\"  class=\"panel-grid-cell\"  data-weight=\"0.6272091763895\" >\n<div id=\"panel-5257-1-0-0\" class=\"so-panel widget widget_black-studio-tinymce widget_black_studio_tinymce panel-first-child panel-last-child\" data-index=\"1\" data-style=\"{&quot;background_image_attachment&quot;:false,&quot;background_display&quot;:&quot;tile&quot;,&quot;featured_widgets&quot;:&quot;&quot;,&quot;bigger_title&quot;:&quot;&quot;}\" >\n<div class=\"textwidget\">\n<h4>Um Ihnen hierf\u00fcr eine Angebot senden zu k\u00f6nnen, bitten wir Sie um folgende Angaben:<\/h4>\n<ol>\n<li>Welcher Containertyp soll beschriftet oder mit einem Logo versehen werden.<\/li>\n<li>Anzahl Container<\/li>\n<li>Gew\u00fcnschte Beschriftung (Schriftart, Farbe \u2013 RAL, Gr\u00f6sse, Platzierungsw\u00fcnsche -&gt; auf welcher\/n Seite\/n des Container)<\/li>\n<\/ol>\n<\/div>\n<\/div>\n<\/div>\n<div id=\"pgc-5257-1-1\"  class=\"panel-grid-cell\"  data-weight=\"0.3727908236105\" >\n<div id=\"panel-5257-1-1-0\" class=\"so-panel widget widget_black-studio-tinymce widget_black_studio_tinymce panel-first-child panel-last-child\" data-index=\"2\" data-style=\"{&quot;background_image_attachment&quot;:false,&quot;background_display&quot;:&quot;tile&quot;,&quot;margin&quot;:&quot;50px 50px 50px 50px&quot;,&quot;featured_widgets&quot;:&quot;&quot;,&quot;bigger_title&quot;:&quot;&quot;}\" >\n<div class=\"textwidget\"><img loading=\"lazy\" decoding=\"async\" class=\"aligncenter size-medium wp-image-19706\" src=\"https:\/\/www.kschmied.ch\/wp-content\/uploads\/2020\/06\/Schriftzuege_logos-300x200.jpg\" alt=\"Logos &amp; Schriftz\u00fcge\" width=\"300\" height=\"200\" srcset=\"https:\/\/kschmied.ch\/wp-content\/uploads\/2020\/06\/Schriftzuege_logos-300x200.jpg 300w, https:\/\/kschmied.ch\/wp-content\/uploads\/2020\/06\/Schriftzuege_logos-360x240.jpg 360w, https:\/\/kschmied.ch\/wp-content\/uploads\/2020\/06\/Schriftzuege_logos-500x333.jpg 500w, https:\/\/kschmied.ch\/wp-content\/uploads\/2020\/06\/Schriftzuege_logos-272x182.jpg 272w, https:\/\/kschmied.ch\/wp-content\/uploads\/2020\/06\/Schriftzuege_logos-400x267.jpg 400w, https:\/\/kschmied.ch\/wp-content\/uploads\/2020\/06\/Schriftzuege_logos.jpg 600w\" sizes=\"auto, (max-width: 300px) 100vw, 300px\" \/><\/div>\n<\/div>\n<\/div>\n<\/div>\n<div id=\"pg-5257-2\"  class=\"panel-grid panel-has-style\"  data-style=\"{&quot;background_image_attachment&quot;:false,&quot;background_display&quot;:&quot;tile&quot;,&quot;border_color&quot;:&quot;#636363&quot;,&quot;cell_alignment&quot;:&quot;flex-start&quot;}\"  data-ratio=\"1\"  data-ratio-direction=\"right\" >\n<div class=\"panel-row-style panel-row-style-for-5257-2\" >\n<div id=\"pgc-5257-2-0\"  class=\"panel-grid-cell\"  data-weight=\"1\" >\n<div id=\"panel-5257-2-0-0\" class=\"so-panel widget widget_custom_html panel-first-child panel-last-child\" data-index=\"3\" data-style=\"{&quot;background_image_attachment&quot;:false,&quot;background_display&quot;:&quot;tile&quot;,&quot;border_color&quot;:&quot;#636363&quot;,&quot;featured_widgets&quot;:&quot;&quot;,&quot;bigger_title&quot;:&quot;&quot;}\" >\n<div class=\"panel-widget-style panel-widget-style-for-5257-2-0-0\" ><div class=\"textwidget custom-html-widget\"><\/div><\/div>\n<\/div>\n<\/div>\n<\/div>\n<\/div>\n<div id=\"pg-5257-3\"  class=\"panel-grid panel-no-style\"  data-style=\"{&quot;background_display&quot;:&quot;tile&quot;}\" >\n<div id=\"pgc-5257-3-0\"  class=\"panel-grid-cell\"  data-weight=\"0.23984071700567\" >\n<div id=\"panel-5257-3-0-0\" class=\"so-panel widget widget_black-studio-tinymce widget_black_studio_tinymce panel-first-child panel-last-child\" data-index=\"4\" data-style=\"{&quot;background_image_attachment&quot;:false,&quot;background_display&quot;:&quot;tile&quot;,&quot;featured_widgets&quot;:&quot;&quot;,&quot;bigger_title&quot;:&quot;&quot;}\" >\n<div class=\"textwidget\"><span style=\"color: #000000;\"><strong>CONTAINERTYPEN<br \/>\n<\/strong><\/span><\/p>\n<p>- Seecontainer<\/p>\n<p><span style=\"color: #000000;\"><strong>VOLUMEN<\/strong><\/span><\/p>\n<p>- 10&prime; Container<br \/>\n- 20&prime; Container<br \/>\n- 40&prime; Container<br \/>\n- 45&prime; Container<\/p><\/div>\n<\/div>\n<\/div>\n<div id=\"pgc-5257-3-1\"  class=\"panel-grid-cell\"  data-weight=\"0.3875120739296\" >\n<div id=\"panel-5257-3-1-0\" class=\"so-panel widget widget_black-studio-tinymce widget_black_studio_tinymce panel-first-child panel-last-child\" data-index=\"5\" data-style=\"{&quot;background_image_attachment&quot;:false,&quot;background_display&quot;:&quot;tile&quot;,&quot;featured_widgets&quot;:&quot;&quot;,&quot;bigger_title&quot;:&quot;&quot;}\" >\n<div class=\"textwidget\"><span style=\"color: #000000;\"><strong>SERVICE<\/strong><\/span><\/p>\n<p>- Grosse Auswahl an Standard Farben<br \/>\n- Wunschfarben nach RAL (neu Einf\u00e4rben)<br \/>\n- Logo Platzierungen<br \/>\n- Schriftz\u00fcge nach Wunsch\n<\/p><\/div>\n<\/div>\n<\/div>\n<div id=\"pgc-5257-3-2\"  class=\"panel-grid-cell\"  data-weight=\"0.37264720906473\" >\n<div id=\"panel-5257-3-2-0\" class=\"so-panel widget widget_black-studio-tinymce widget_black_studio_tinymce panel-first-child panel-last-child\" data-index=\"6\" data-style=\"{&quot;background_image_attachment&quot;:false,&quot;background_display&quot;:&quot;tile&quot;,&quot;featured_widgets&quot;:&quot;&quot;,&quot;bigger_title&quot;:&quot;&quot;}\" >\n<div class=\"textwidget\">&nbsp;<\/p>\n<p>&nbsp;<\/p><\/div>\n<\/div>\n<\/div>\n<\/div>\n<\/div>\n","protected":false},"excerpt":{"rendered":"<p>Conteneurs maritimes aux couleurs de votre entreprise, ainsi qu&rsquo;avec lettrage et logo sur demande.<\/p>\n","protected":false},"author":1,"featured_media":26357,"parent":26110,"menu_order":2,"comment_status":"closed","ping_status":"closed","template":"","meta":{"_acf_changed":false,"footnotes":""},"class_list":["post-26355","page","type-page","status-publish","has-post-thumbnail","hentry"],"acf":[],"yoast_head":"<!-- This site is optimized with the Yoast SEO Premium plugin v27.4 (Yoast SEO v27.4) - https:\/\/yoast.com\/product\/yoast-seo-premium-wordpress\/ -->\n<title>LOGOS &amp; \u00c9TIQUETTES - K. Schmied AG \u2013 Conteneurs &amp; Exp\u00e9dition Suisse<\/title>\n<meta name=\"description\" content=\"Entdecken Sie hochwertige Seecontainer, Lagercontainer und Schnellbaucontainer zum Kauf oder zur Miete in der Schweiz. Erfahren Sie mehr \u00fcber die verf\u00fcgbaren Gr\u00f6\u00dfen, Ausf\u00fchrungen und Preise. Kontaktieren Sie uns f\u00fcr eine kostenlose Anfrage!\" \/>\n<meta name=\"robots\" content=\"index, follow, max-snippet:-1, max-image-preview:large, max-video-preview:-1\" \/>\n<link rel=\"canonical\" href=\"https:\/\/kschmied.ch\/fr\/conteneur\/services-de-conteneurs\/logos-etiquettes\/\" \/>\n<meta property=\"og:locale\" content=\"fr_FR\" \/>\n<meta property=\"og:type\" content=\"article\" \/>\n<meta property=\"og:title\" content=\"K. SCHMIED AG \u2013 Containerverkauf Schweiz\" \/>\n<meta property=\"og:description\" content=\"Ihr Partner f\u00fcr Seecontainer und Lagercontainer in der Schweiz \u2013 zum Kauf oder zur Miete, mit optionalem Kranablade-Service.\" \/>\n<meta property=\"og:url\" content=\"https:\/\/kschmied.ch\/fr\/conteneur\/services-de-conteneurs\/logos-etiquettes\/\" \/>\n<meta property=\"og:site_name\" content=\"K. Schmied AG \u2013 Conteneurs &amp; Exp\u00e9dition Suisse\" \/>\n<meta property=\"article:modified_time\" content=\"2025-11-17T20:26:35+00:00\" \/>\n<meta property=\"og:image\" content=\"https:\/\/kschmied.ch\/wp-content\/uploads\/2019\/09\/logos_beschriftungen.jpg\" \/>\n\t<meta property=\"og:image:width\" content=\"600\" \/>\n\t<meta property=\"og:image:height\" content=\"400\" \/>\n\t<meta property=\"og:image:type\" content=\"image\/jpeg\" \/>\n<meta name=\"twitter:card\" content=\"summary_large_image\" \/>\n<meta name=\"twitter:label1\" content=\"Dur\u00e9e de lecture estim\u00e9e\" \/>\n\t<meta name=\"twitter:data1\" content=\"1 minute\" \/>\n<!-- \/ Yoast SEO Premium plugin. -->","yoast_head_json":{"title":"LOGOS &amp; \u00c9TIQUETTES - K. Schmied AG \u2013 Conteneurs &amp; Exp\u00e9dition Suisse","description":"Entdecken Sie hochwertige Seecontainer, Lagercontainer und Schnellbaucontainer zum Kauf oder zur Miete in der Schweiz. Erfahren Sie mehr \u00fcber die verf\u00fcgbaren Gr\u00f6\u00dfen, Ausf\u00fchrungen und Preise. Kontaktieren Sie uns f\u00fcr eine kostenlose Anfrage!","robots":{"index":"index","follow":"follow","max-snippet":"max-snippet:-1","max-image-preview":"max-image-preview:large","max-video-preview":"max-video-preview:-1"},"canonical":"https:\/\/kschmied.ch\/fr\/conteneur\/services-de-conteneurs\/logos-etiquettes\/","og_locale":"fr_FR","og_type":"article","og_title":"K. SCHMIED AG \u2013 Containerverkauf Schweiz","og_description":"Ihr Partner f\u00fcr Seecontainer und Lagercontainer in der Schweiz \u2013 zum Kauf oder zur Miete, mit optionalem Kranablade-Service.","og_url":"https:\/\/kschmied.ch\/fr\/conteneur\/services-de-conteneurs\/logos-etiquettes\/","og_site_name":"K. Schmied AG \u2013 Conteneurs &amp; Exp\u00e9dition Suisse","article_modified_time":"2025-11-17T20:26:35+00:00","og_image":[{"width":600,"height":400,"url":"https:\/\/kschmied.ch\/wp-content\/uploads\/2019\/09\/logos_beschriftungen.jpg","type":"image\/jpeg"}],"twitter_card":"summary_large_image","twitter_misc":{"Dur\u00e9e de lecture estim\u00e9e":"1 minute"},"schema":{"@context":"https:\/\/schema.org","@graph":[{"@type":"WebPage","@id":"https:\/\/kschmied.ch\/fr\/conteneur\/services-de-conteneurs\/logos-etiquettes\/","url":"https:\/\/kschmied.ch\/fr\/conteneur\/services-de-conteneurs\/logos-etiquettes\/","name":"LOGOS &amp; \u00c9TIQUETTES - K. Schmied AG \u2013 Conteneurs &amp; Exp\u00e9dition Suisse","isPartOf":{"@id":"https:\/\/kschmied.ch\/fr\/#website"},"primaryImageOfPage":{"@id":"https:\/\/kschmied.ch\/fr\/conteneur\/services-de-conteneurs\/logos-etiquettes\/#primaryimage"},"image":{"@id":"https:\/\/kschmied.ch\/fr\/conteneur\/services-de-conteneurs\/logos-etiquettes\/#primaryimage"},"thumbnailUrl":"https:\/\/kschmied.ch\/wp-content\/uploads\/2019\/09\/logos_beschriftungen.jpg","datePublished":"2021-10-11T11:53:08+00:00","dateModified":"2025-11-17T20:26:35+00:00","description":"Entdecken Sie hochwertige Seecontainer, Lagercontainer und Schnellbaucontainer zum Kauf oder zur Miete in der Schweiz. Erfahren Sie mehr \u00fcber die verf\u00fcgbaren Gr\u00f6\u00dfen, Ausf\u00fchrungen und Preise. Kontaktieren Sie uns f\u00fcr eine kostenlose Anfrage!","breadcrumb":{"@id":"https:\/\/kschmied.ch\/fr\/conteneur\/services-de-conteneurs\/logos-etiquettes\/#breadcrumb"},"inLanguage":"fr-FR","potentialAction":[{"@type":"ReadAction","target":["https:\/\/kschmied.ch\/fr\/conteneur\/services-de-conteneurs\/logos-etiquettes\/"]}]},{"@type":"ImageObject","inLanguage":"fr-FR","@id":"https:\/\/kschmied.ch\/fr\/conteneur\/services-de-conteneurs\/logos-etiquettes\/#primaryimage","url":"https:\/\/kschmied.ch\/wp-content\/uploads\/2019\/09\/logos_beschriftungen.jpg","contentUrl":"https:\/\/kschmied.ch\/wp-content\/uploads\/2019\/09\/logos_beschriftungen.jpg","width":600,"height":400},{"@type":"BreadcrumbList","@id":"https:\/\/kschmied.ch\/fr\/conteneur\/services-de-conteneurs\/logos-etiquettes\/#breadcrumb","itemListElement":[{"@type":"ListItem","position":1,"name":"Accueil","item":"https:\/\/kschmied.ch\/fr\/"},{"@type":"ListItem","position":2,"name":"Conteneur","item":"https:\/\/kschmied.ch\/fr\/conteneur\/"},{"@type":"ListItem","position":3,"name":"Services de conteneurs","item":"https:\/\/kschmied.ch\/fr\/conteneur\/services-de-conteneurs\/"},{"@type":"ListItem","position":4,"name":"LOGOS &amp; \u00c9TIQUETTES"}]},{"@type":"WebSite","@id":"https:\/\/kschmied.ch\/fr\/#website","url":"https:\/\/kschmied.ch\/fr\/","name":"K. SCHMIED AG","description":"Commerce suisse de conteneurs &amp; exp\u00e9dition depuis 1979","publisher":{"@id":"https:\/\/kschmied.ch\/fr\/#organization"},"alternateName":"K. SCHMIED AG","potentialAction":[{"@type":"SearchAction","target":{"@type":"EntryPoint","urlTemplate":"https:\/\/kschmied.ch\/fr\/?s={search_term_string}"},"query-input":{"@type":"PropertyValueSpecification","valueRequired":true,"valueName":"search_term_string"}}],"inLanguage":"fr-FR"},{"@type":"Organization","@id":"https:\/\/kschmied.ch\/fr\/#organization","name":"K. SCHMIED AG","alternateName":"K. SCHMIED AG","url":"https:\/\/kschmied.ch\/fr\/","logo":{"@type":"ImageObject","inLanguage":"fr-FR","@id":"https:\/\/kschmied.ch\/fr\/#\/schema\/logo\/image\/","url":"https:\/\/kschmied.ch\/wp-content\/uploads\/2020\/07\/LOGO-gross.jpg","contentUrl":"https:\/\/kschmied.ch\/wp-content\/uploads\/2020\/07\/LOGO-gross.jpg","width":770,"height":240,"caption":"K. SCHMIED AG"},"image":{"@id":"https:\/\/kschmied.ch\/fr\/#\/schema\/logo\/image\/"},"sameAs":["https:\/\/ch.linkedin.com\/company\/k-schmied-ag"],"description":"K. SCHMIED AG ist ein f\u00fchrendes Unternehmen im Bereich Containerverkauf und -vermietung in der Schweiz. Mit langj\u00e4hriger Erfahrung bieten wir unseren Kunden robuste, langlebige Seecontainer, Lagercontainer und Schnellbaucontainer in verschiedenen Gr\u00f6\u00dfen und Ausf\u00fchrungen. Unser Service umfasst auch Transportl\u00f6sungen, ma\u00dfgeschneiderte Containeranforderungen und weltweiten Versand. Qualit\u00e4t, Kundenzufriedenheit und Zuverl\u00e4ssigkeit stehen bei uns an erster Stelle.","email":"info@kschmied.ch","telephone":"041 811 30 03","legalName":"K. SCHMIED internat. Transporte & Handels AG","foundingDate":"1979-01-01","vatID":"CHE-107.962.018 MWST","taxID":"CHE-107.962.018 MWST","numberOfEmployees":{"@type":"QuantitativeValue","minValue":"1","maxValue":"10"}}]}},"_links":{"self":[{"href":"https:\/\/kschmied.ch\/fr\/wp-json\/wp\/v2\/pages\/26355","targetHints":{"allow":["GET"]}}],"collection":[{"href":"https:\/\/kschmied.ch\/fr\/wp-json\/wp\/v2\/pages"}],"about":[{"href":"https:\/\/kschmied.ch\/fr\/wp-json\/wp\/v2\/types\/page"}],"author":[{"embeddable":true,"href":"https:\/\/kschmied.ch\/fr\/wp-json\/wp\/v2\/users\/1"}],"replies":[{"embeddable":true,"href":"https:\/\/kschmied.ch\/fr\/wp-json\/wp\/v2\/comments?post=26355"}],"version-history":[{"count":0,"href":"https:\/\/kschmied.ch\/fr\/wp-json\/wp\/v2\/pages\/26355\/revisions"}],"up":[{"embeddable":true,"href":"https:\/\/kschmied.ch\/fr\/wp-json\/wp\/v2\/pages\/26110"}],"wp:featuredmedia":[{"embeddable":true,"href":"https:\/\/kschmied.ch\/fr\/wp-json\/wp\/v2\/media\/26357"}],"wp:attachment":[{"href":"https:\/\/kschmied.ch\/fr\/wp-json\/wp\/v2\/media?parent=26355"}],"curies":[{"name":"wp","href":"https:\/\/api.w.org\/{rel}","templated":true}]}}