{"id":26310,"date":"2021-10-11T11:54:02","date_gmt":"2021-10-11T09:54:02","guid":{"rendered":"https:\/\/www.kschmied.ch\/imprimer\/"},"modified":"2021-10-11T11:57:04","modified_gmt":"2021-10-11T09:57:04","slug":"imprimer","status":"publish","type":"page","link":"https:\/\/kschmied.ch\/fr\/imprimer\/","title":{"rendered":"imprimer"},"content":{"rendered":"<div class=\"wpb-content-wrapper\"><p>[vc_row][vc_column width=\u00a0\u00bb1\/2&Prime;][vc_column_text]<strong>Adresse de contact<\/strong><\/p>\n<p>K. SCHMIED SA<br \/>\nRickenbachstrasse 45<br \/>\n6430 Schwyz<br \/>\nla Suisse<\/p>\n<p>T\u00e9l. : +41 \/ (0) 41 - 811 30 03<br \/>\nCourriel : &#x69;&#110;f&#x6f;&#64;k&#x73;&#99;h&#x6d;&#105;e&#x64;&#46;c&#x68;<\/p>\n<p><strong>Repr\u00e9sentants autoris\u00e9s<\/strong><br \/>\nPeter Schmied, directeur g\u00e9n\u00e9ral[\/vc_column_text][\/vc_column][vc_column width=\u00a0\u00bb1\/2&Prime;][vc_column_text]<strong>D\u00e9nomination sociale inscrite au registre du commerce :<\/strong><\/p>\n<p>K. Schmied internat. Transporte &amp; Handels SA<\/p>\n<p>Num\u00e9ro : CH-130.0.000.605-2<br \/>\nRegistre du commerce : Schwyz<\/p>\n<p><strong>Num\u00e9ro de TVA:<\/strong> CHE-107.962.018 TVA[\/vc_column_text][\/vc_column][\/vc_row][vc_row][vc_column][vc_column_text]<strong>Clause de non-responsabilit\u00e9<\/strong><br \/>\nL&rsquo;auteur d\u00e9cline toute responsabilit\u00e9 quant \u00e0 l&rsquo;exactitude, l&rsquo;exactitude, l&rsquo;actualit\u00e9, la fiabilit\u00e9 et l&rsquo;exhaustivit\u00e9 des informations.<\/p>\n<p>Les r\u00e9clamations en responsabilit\u00e9 contre l&rsquo;auteur pour des dommages mat\u00e9riels ou immat\u00e9riels r\u00e9sultant de l&rsquo;acc\u00e8s, de l&rsquo;utilisation ou de la non-utilisation des informations publi\u00e9es, d&rsquo;une mauvaise utilisation de la connexion ou de dysfonctionnements techniques sont exclues.<\/p>\n<p>Toutes les offres sont sans engagement. L&rsquo;auteur se r\u00e9serve express\u00e9ment le droit de modifier, compl\u00e9ter ou supprimer des parties des pages ou l&rsquo;ensemble de l&rsquo;offre ou de cesser la publication temporairement ou d\u00e9finitivement sans pr\u00e9avis.<\/p>\n<p><strong>Responsabilit\u00e9 pour les liens<\/strong><br \/>\nLes r\u00e9f\u00e9rences et les liens vers des sites Web de tiers ne rel\u00e8vent pas de notre domaine de responsabilit\u00e9.Nous d\u00e9clinons toute responsabilit\u00e9 pour de tels sites Web. L&rsquo;acc\u00e8s et l&rsquo;utilisation de ces sites Web se font aux risques et p\u00e9rils de l&rsquo;utilisateur.<\/p>\n<p><strong>Droits d&rsquo;auteur<\/strong><br \/>\nLes droits d&rsquo;auteur et tous les autres droits sur le contenu, les images, les photos ou d&rsquo;autres fichiers sur le site Web appartiennent exclusivement \u00e0 K. SCHMIED AG ou aux titulaires de droits sp\u00e9cifiquement nomm\u00e9s. Le consentement \u00e9crit du titulaire des droits d&rsquo;auteur doit \u00eatre obtenu au pr\u00e9alable pour la reproduction de tout \u00e9l\u00e9ment.<\/p>\n<p><strong>intimit\u00e9<\/strong><br \/>\nSur la base de l&rsquo;article 13 de la Constitution f\u00e9d\u00e9rale suisse et des dispositions de protection des donn\u00e9es du gouvernement f\u00e9d\u00e9ral (Loi sur la protection des donn\u00e9es, DSG), toute personne a droit \u00e0 la protection de sa vie priv\u00e9e et \u00e0 la protection contre l&rsquo;utilisation abusive de ses donn\u00e9es personnelles. Nous respectons ces r\u00e9glementations. Les donn\u00e9es personnelles sont trait\u00e9es de mani\u00e8re strictement confidentielle et ne sont ni vendues ni transmises \u00e0 des tiers.<\/p>\n<p>En \u00e9troite collaboration avec nos h\u00e9bergeurs, nous nous effor\u00e7ons de prot\u00e9ger au mieux les bases de donn\u00e9es contre les acc\u00e8s non autoris\u00e9s, la perte, l&rsquo;utilisation abusive ou la falsification.<\/p>\n<p>Lorsque vous acc\u00e9dez \u00e0 notre site Web, les donn\u00e9es suivantes sont stock\u00e9es dans des fichiers journaux : adresse IP, date, heure, requ\u00eate du navigateur et informations g\u00e9n\u00e9rales. transf\u00e9r\u00e9 des informations sur le syst\u00e8me d&rsquo;exploitation resp. Navigateur. Ces donn\u00e9es d&rsquo;utilisation constituent la base d&rsquo;\u00e9valuations statistiques et anonymes permettant d&rsquo;identifier les tendances, que nous pouvons utiliser pour am\u00e9liorer nos offres en cons\u00e9quence.<\/p>\n<p><strong>D\u00e9claration de protection des donn\u00e9es pour l&rsquo;utilisation de Google Analytics<\/strong><br \/>\nCe site Web utilise Google Analytics, un service d&rsquo;analyse Web de Google Inc. (\u00ab\u00a0Google\u00a0\u00bb). Google Analytics utilise des \u00ab cookies \u00bb, des fichiers texte qui sont stock\u00e9s sur votre ordinateur et qui permettent d&rsquo;analyser votre utilisation du site Internet. Les informations g\u00e9n\u00e9r\u00e9es par le cookie concernant votre utilisation de ce site Web sont g\u00e9n\u00e9ralement transmises \u00e0 un serveur de Google aux \u00c9tats-Unis et y sont stock\u00e9es. Si l&rsquo;anonymisation IP est activ\u00e9e sur ce site Web, votre adresse IP sera pr\u00e9alablement raccourcie par Google dans les \u00c9tats membres de l&rsquo;Union europ\u00e9enne ou dans d&rsquo;autres \u00c9tats contractants de l&rsquo;Accord sur l&rsquo;Espace \u00e9conomique europ\u00e9en.<\/p>\n<p>L&rsquo;adresse IP compl\u00e8te ne sera envoy\u00e9e \u00e0 un serveur de Google aux \u00c9tats-Unis et y sera raccourcie que dans des cas exceptionnels. Google utilisera ces informations pour \u00e9valuer votre utilisation du site Web, pour compiler des rapports sur l&rsquo;activit\u00e9 du site Web pour l&rsquo;exploitant du site Web et pour fournir d&rsquo;autres services li\u00e9s \u00e0 l&rsquo;activit\u00e9 du site Web et \u00e0 l&rsquo;utilisation d&rsquo;Internet. Google peut \u00e9galement transf\u00e9rer ces informations \u00e0 des tiers si la loi l&rsquo;exige ou si des tiers traitent ces donn\u00e9es pour le compte de Google. L&rsquo;adresse IP transmise par votre navigateur dans le cadre de Google Analytics ne sera pas fusionn\u00e9e avec d&rsquo;autres donn\u00e9es de Google.<\/p>\n<p>Vous pouvez emp\u00eacher l&rsquo;installation de cookies en param\u00e9trant votre logiciel de navigation en cons\u00e9quence ; Cependant, nous attirons votre attention sur le fait que dans ce cas, vous ne pourrez peut-\u00eatre pas utiliser toutes les fonctions de ce site Web dans leur int\u00e9gralit\u00e9. En utilisant ce site Internet, vous consentez au traitement des donn\u00e9es collect\u00e9es \u00e0 votre sujet par Google de la mani\u00e8re d\u00e9crite ci-dessus et aux fins \u00e9nonc\u00e9es ci-dessus.<\/p>\n<p>&nbsp;<\/p>\n<h6><span style=\"color: #999999;\">la source<\/span><br \/>\n<span style=\"color: #999999;\">Cette empreinte a \u00e9t\u00e9 cr\u00e9\u00e9e le 2 ao\u00fbt 2012 avec le g\u00e9n\u00e9rateur d&#8217;empreintes http:\/\/www.bag.ch\/impressum-generator de Brunner AG, Druck und Medien, \u00e0 Kriens. Brunner AG, Druck und Medien, \u00e0 Kriens d\u00e9cline toute responsabilit\u00e9.<\/span><\/h6>\n<p>[\/vc_column_text][\/vc_column][\/vc_row]<\/p>\n<\/div>","protected":false},"excerpt":{"rendered":"<p>[vc_row][vc_column width=\u00a0\u00bb1\/2&Prime;][vc_column_text]Adresse de contact K. SCHMIED SA Rickenbachstrasse 45 6430 Schwyz la Suisse T\u00e9l. : +41 \/ (0) 41 - 811 30 03 Courriel : &#x69;&#110;&#x66;&#x6f;&#64;&#x6b;&#115;c&#x68;&#109;i&#x65;&#100;&#x2e;&#x63;h Repr\u00e9sentants autoris\u00e9s Peter Schmied, directeur g\u00e9n\u00e9ral[\/vc_column_text][\/vc_column][vc_column width=\u00a0\u00bb1\/2&Prime;][vc_column_text]D\u00e9nomination sociale inscrite au registre du commerce : K. Schmied internat. Transporte &amp; Handels SA Num\u00e9ro : CH-130.0.000.605-2 Registre du commerce : Schwyz &hellip;<\/p>\n","protected":false},"author":1,"featured_media":0,"parent":0,"menu_order":12,"comment_status":"closed","ping_status":"closed","template":"","meta":{"_acf_changed":false,"footnotes":""},"class_list":["post-26310","page","type-page","status-publish","hentry"],"acf":[],"yoast_head":"<!-- This site is optimized with the Yoast SEO Premium plugin v27.4 (Yoast SEO v27.4) - https:\/\/yoast.com\/product\/yoast-seo-premium-wordpress\/ -->\n<title>imprimer - K. Schmied AG \u2013 Conteneurs &amp; Exp\u00e9dition Suisse<\/title>\n<meta name=\"description\" content=\"Entdecken Sie hochwertige Seecontainer, Lagercontainer und Schnellbaucontainer zum Kauf oder zur Miete in der Schweiz. Erfahren Sie mehr \u00fcber die verf\u00fcgbaren Gr\u00f6\u00dfen, Ausf\u00fchrungen und Preise. Kontaktieren Sie uns f\u00fcr eine kostenlose Anfrage!\" \/>\n<meta name=\"robots\" content=\"noindex, nofollow\" \/>\n<meta property=\"og:locale\" content=\"fr_FR\" \/>\n<meta property=\"og:type\" content=\"article\" \/>\n<meta property=\"og:title\" content=\"K. SCHMIED AG \u2013 Containerverkauf Schweiz\" \/>\n<meta property=\"og:description\" content=\"Ihr Partner f\u00fcr Seecontainer und Lagercontainer in der Schweiz \u2013 zum Kauf oder zur Miete, mit optionalem Kranablade-Service.\" \/>\n<meta property=\"og:url\" content=\"https:\/\/kschmied.ch\/fr\/imprimer\/\" \/>\n<meta property=\"og:site_name\" content=\"K. Schmied AG \u2013 Conteneurs &amp; Exp\u00e9dition Suisse\" \/>\n<meta property=\"article:modified_time\" content=\"2021-10-11T09:57:04+00:00\" \/>\n<meta property=\"og:image\" content=\"https:\/\/kschmied.ch\/wp-content\/uploads\/2020\/07\/LOGO-gross.jpg\" \/>\n\t<meta property=\"og:image:width\" content=\"770\" \/>\n\t<meta property=\"og:image:height\" content=\"240\" \/>\n\t<meta property=\"og:image:type\" content=\"image\/jpeg\" \/>\n<meta name=\"twitter:card\" content=\"summary_large_image\" \/>\n<meta name=\"twitter:label1\" content=\"Dur\u00e9e de lecture estim\u00e9e\" \/>\n\t<meta name=\"twitter:data1\" content=\"4 minutes\" \/>\n<!-- \/ Yoast SEO Premium plugin. -->","yoast_head_json":{"title":"imprimer - K. Schmied AG \u2013 Conteneurs &amp; Exp\u00e9dition Suisse","description":"Entdecken Sie hochwertige Seecontainer, Lagercontainer und Schnellbaucontainer zum Kauf oder zur Miete in der Schweiz. Erfahren Sie mehr \u00fcber die verf\u00fcgbaren Gr\u00f6\u00dfen, Ausf\u00fchrungen und Preise. Kontaktieren Sie uns f\u00fcr eine kostenlose Anfrage!","robots":{"index":"noindex","follow":"nofollow"},"og_locale":"fr_FR","og_type":"article","og_title":"K. SCHMIED AG \u2013 Containerverkauf Schweiz","og_description":"Ihr Partner f\u00fcr Seecontainer und Lagercontainer in der Schweiz \u2013 zum Kauf oder zur Miete, mit optionalem Kranablade-Service.","og_url":"https:\/\/kschmied.ch\/fr\/imprimer\/","og_site_name":"K. Schmied AG \u2013 Conteneurs &amp; Exp\u00e9dition Suisse","article_modified_time":"2021-10-11T09:57:04+00:00","og_image":[{"width":770,"height":240,"url":"https:\/\/kschmied.ch\/wp-content\/uploads\/2020\/07\/LOGO-gross.jpg","type":"image\/jpeg"}],"twitter_card":"summary_large_image","twitter_misc":{"Dur\u00e9e de lecture estim\u00e9e":"4 minutes"},"schema":{"@context":"https:\/\/schema.org","@graph":[{"@type":"WebPage","@id":"https:\/\/kschmied.ch\/fr\/imprimer\/","url":"https:\/\/kschmied.ch\/fr\/imprimer\/","name":"imprimer - K. Schmied AG \u2013 Conteneurs &amp; Exp\u00e9dition Suisse","isPartOf":{"@id":"https:\/\/kschmied.ch\/fr\/#website"},"datePublished":"2021-10-11T09:54:02+00:00","dateModified":"2021-10-11T09:57:04+00:00","description":"Entdecken Sie hochwertige Seecontainer, Lagercontainer und Schnellbaucontainer zum Kauf oder zur Miete in der Schweiz. Erfahren Sie mehr \u00fcber die verf\u00fcgbaren Gr\u00f6\u00dfen, Ausf\u00fchrungen und Preise. Kontaktieren Sie uns f\u00fcr eine kostenlose Anfrage!","breadcrumb":{"@id":"https:\/\/kschmied.ch\/fr\/imprimer\/#breadcrumb"},"inLanguage":"fr-FR","potentialAction":[{"@type":"ReadAction","target":["https:\/\/kschmied.ch\/fr\/imprimer\/"]}]},{"@type":"BreadcrumbList","@id":"https:\/\/kschmied.ch\/fr\/imprimer\/#breadcrumb","itemListElement":[{"@type":"ListItem","position":1,"name":"Accueil","item":"https:\/\/kschmied.ch\/fr\/"},{"@type":"ListItem","position":2,"name":"imprimer"}]},{"@type":"WebSite","@id":"https:\/\/kschmied.ch\/fr\/#website","url":"https:\/\/kschmied.ch\/fr\/","name":"K. SCHMIED AG","description":"Commerce suisse de conteneurs &amp; exp\u00e9dition depuis 1979","publisher":{"@id":"https:\/\/kschmied.ch\/fr\/#organization"},"alternateName":"K. SCHMIED AG","potentialAction":[{"@type":"SearchAction","target":{"@type":"EntryPoint","urlTemplate":"https:\/\/kschmied.ch\/fr\/?s={search_term_string}"},"query-input":{"@type":"PropertyValueSpecification","valueRequired":true,"valueName":"search_term_string"}}],"inLanguage":"fr-FR"},{"@type":"Organization","@id":"https:\/\/kschmied.ch\/fr\/#organization","name":"K. SCHMIED AG","alternateName":"K. SCHMIED AG","url":"https:\/\/kschmied.ch\/fr\/","logo":{"@type":"ImageObject","inLanguage":"fr-FR","@id":"https:\/\/kschmied.ch\/fr\/#\/schema\/logo\/image\/","url":"https:\/\/kschmied.ch\/wp-content\/uploads\/2020\/07\/LOGO-gross.jpg","contentUrl":"https:\/\/kschmied.ch\/wp-content\/uploads\/2020\/07\/LOGO-gross.jpg","width":770,"height":240,"caption":"K. SCHMIED AG"},"image":{"@id":"https:\/\/kschmied.ch\/fr\/#\/schema\/logo\/image\/"},"sameAs":["https:\/\/ch.linkedin.com\/company\/k-schmied-ag"],"description":"K. SCHMIED AG ist ein f\u00fchrendes Unternehmen im Bereich Containerverkauf und -vermietung in der Schweiz. Mit langj\u00e4hriger Erfahrung bieten wir unseren Kunden robuste, langlebige Seecontainer, Lagercontainer und Schnellbaucontainer in verschiedenen Gr\u00f6\u00dfen und Ausf\u00fchrungen. Unser Service umfasst auch Transportl\u00f6sungen, ma\u00dfgeschneiderte Containeranforderungen und weltweiten Versand. Qualit\u00e4t, Kundenzufriedenheit und Zuverl\u00e4ssigkeit stehen bei uns an erster Stelle.","email":"info@kschmied.ch","telephone":"041 811 30 03","legalName":"K. SCHMIED internat. Transporte & Handels AG","foundingDate":"1979-01-01","vatID":"CHE-107.962.018 MWST","taxID":"CHE-107.962.018 MWST","numberOfEmployees":{"@type":"QuantitativeValue","minValue":"1","maxValue":"10"}}]}},"_links":{"self":[{"href":"https:\/\/kschmied.ch\/fr\/wp-json\/wp\/v2\/pages\/26310","targetHints":{"allow":["GET"]}}],"collection":[{"href":"https:\/\/kschmied.ch\/fr\/wp-json\/wp\/v2\/pages"}],"about":[{"href":"https:\/\/kschmied.ch\/fr\/wp-json\/wp\/v2\/types\/page"}],"author":[{"embeddable":true,"href":"https:\/\/kschmied.ch\/fr\/wp-json\/wp\/v2\/users\/1"}],"replies":[{"embeddable":true,"href":"https:\/\/kschmied.ch\/fr\/wp-json\/wp\/v2\/comments?post=26310"}],"version-history":[{"count":0,"href":"https:\/\/kschmied.ch\/fr\/wp-json\/wp\/v2\/pages\/26310\/revisions"}],"wp:attachment":[{"href":"https:\/\/kschmied.ch\/fr\/wp-json\/wp\/v2\/media?parent=26310"}],"curies":[{"name":"wp","href":"https:\/\/api.w.org\/{rel}","templated":true}]}}