{"id":26289,"date":"2021-10-11T11:52:58","date_gmt":"2021-10-11T09:52:58","guid":{"rendered":"https:\/\/www.kschmied.ch\/accueil\/"},"modified":"2025-11-24T17:22:17","modified_gmt":"2025-11-24T16:22:17","slug":"accueil","status":"publish","type":"page","link":"https:\/\/kschmied.ch\/fr\/","title":{"rendered":"Accueil"},"content":{"rendered":"<div id=\"pl-26289\"  class=\"panel-layout\" ><div id=\"pg-26289-0\"  class=\"panel-grid panel-has-style\" ><div class=\"jumbotron-overlap panel-row-style panel-row-style-for-26289-0\" ><div id=\"pgc-26289-0-0\"  class=\"panel-grid-cell\" ><div id=\"panel-26289-0-0-0\" class=\"so-panel widget widget_black-studio-tinymce widget_black_studio_tinymce panel-first-child panel-last-child widgetopts-SO\" data-index=\"0\" ><div class=\"featured-widget panel-widget-style panel-widget-style-for-26289-0-0-0\" ><h3 class=\"widget-title\"><span class=\"widget-title__inline\">SEIT 1979<\/span><\/h3><div class=\"textwidget\"><p>Seit \u00fcber 45 Jahren organisiert die K. SCHMIED AG Transporte aller Art, in die ganze Welt.<\/p>\n<p>Wenn es darauf ankommt Ihre Sendung termingerecht, sicher und preisbewusst von A nach B zu bringen - sei es zu Lande, zu Wasser oder in der Luft - dann sind wir die Richtigen f\u00fcr Sie.<\/p>\n<p><a class=\"read-more\" href=\"https:\/\/www.kschmied.ch\/unternehmen\/\">MEHR \u00dcBER UNS<\/a><\/p>\n<\/div><\/div><\/div><\/div><div id=\"pgc-26289-0-1\"  class=\"panel-grid-cell\" ><div id=\"panel-26289-0-1-0\" class=\"so-panel widget widget_pw_featured_page widget-featured-page panel-first-child panel-last-child\" data-index=\"1\" >\n\t<div class=\"page-box  page-box--block\">\n\t\t\t\t\t\t\t\t\t<a class=\"page-box__picture\" href=\"https:\/\/kschmied.ch\/transporte\/seefracht\/\">\n\t\t\t\t\t<img loading=\"lazy\" decoding=\"async\" src=\"https:\/\/kschmied.ch\/wp-content\/uploads\/2019\/09\/Seefracht_f.jpg\" width=\"300\" height=\"200\" srcset=\"https:\/\/kschmied.ch\/wp-content\/uploads\/2019\/09\/Seefracht_f.jpg 300w, https:\/\/kschmied.ch\/wp-content\/uploads\/2019\/09\/Seefracht_f.jpg 300w\" sizes=\"auto, (min-width: 992px) 360px, calc(100vw - 30px)\" class=\"wp-post-image\" alt=\"Seefracht\">\n\t\t\t\t<\/a>\n\t\t\t\t\t\t\t<div class=\"page-box__content\">\n\t\t\t<h5 class=\"page-box__title text-uppercase\"><a href=\"https:\/\/kschmied.ch\/transporte\/seefracht\/\">Seefracht<\/a><\/h5>\n\t\t\t<p>FCL - komplette Container (Handelsgut & Umzugsgut) oder auch LCL - St\u00fcckgut (Handelsgut) versenden wir per Seefracht auf allen 5 Ozeane.<\/p>\n\t\t\t\t\t\t\t<p><a href=\"https:\/\/kschmied.ch\/transporte\/seefracht\/\" class=\"read-more  read-more--page-box\">Mehr erfahren<\/a><\/p>\n\t\t\t\t\t<\/div>\n\t<\/div>\n\n<\/div><\/div><div id=\"pgc-26289-0-2\"  class=\"panel-grid-cell\" ><div id=\"panel-26289-0-2-0\" class=\"so-panel widget widget_pw_featured_page widget-featured-page panel-first-child panel-last-child\" data-index=\"2\" >\n\t<div class=\"page-box  page-box--block\">\n\t\t\t\t\t\t\t\t\t<a class=\"page-box__picture\" href=\"https:\/\/kschmied.ch\/transporte\/luftfracht\/\">\n\t\t\t\t\t<img loading=\"lazy\" decoding=\"async\" src=\"https:\/\/kschmied.ch\/wp-content\/uploads\/2019\/11\/Luftfracht_f.jpg\" width=\"300\" height=\"200\" srcset=\"https:\/\/kschmied.ch\/wp-content\/uploads\/2019\/11\/Luftfracht_f.jpg 300w, https:\/\/kschmied.ch\/wp-content\/uploads\/2019\/11\/Luftfracht_f.jpg 300w\" sizes=\"auto, (min-width: 992px) 360px, calc(100vw - 30px)\" class=\"wp-post-image\" alt=\"Luftfracht\">\n\t\t\t\t<\/a>\n\t\t\t\t\t\t\t<div class=\"page-box__content\">\n\t\t\t<h5 class=\"page-box__title text-uppercase\"><a href=\"https:\/\/kschmied.ch\/transporte\/luftfracht\/\">Luftfracht<\/a><\/h5>\n\t\t\t<p>Schnell & zuverl\u00e4ssig: Das Luftfrachtnetz geh\u00f6rt zu einer der zuverl\u00e4ssigsten und schnellsten Transportm\u00f6glichkeiten \u00fcberhaupt. Direktverbindungen und eine Vielzahl von Anschlussfl\u00fcgen erm\u00f6glichen Lieferungen in die wichtigsten Metropolen &hellip;<\/p>\n\t\t\t\t\t\t\t<p><a href=\"https:\/\/kschmied.ch\/transporte\/luftfracht\/\" class=\"read-more  read-more--page-box\">Mehr erfahren<\/a><\/p>\n\t\t\t\t\t<\/div>\n\t<\/div>\n\n<\/div><\/div><div id=\"pgc-26289-0-3\"  class=\"panel-grid-cell\" ><div id=\"panel-26289-0-3-0\" class=\"so-panel widget widget_pw_featured_page widget-featured-page panel-first-child panel-last-child widgetopts-SO\" data-index=\"3\" >\n\t<div class=\"page-box  page-box--block\">\n\t\t\t\t\t\t\t\t\t<a class=\"page-box__picture\" href=\"https:\/\/kschmied.ch\/fr\/conteneur\/requete-de-prix\/\">\n\t\t\t\t\t<img loading=\"lazy\" decoding=\"async\" src=\"https:\/\/kschmied.ch\/wp-content\/uploads\/2026\/02\/container-kaufen-lieferung-schweiz.jpg\" width=\"360\" height=\"240\" srcset=\"https:\/\/kschmied.ch\/wp-content\/uploads\/2026\/02\/container-kaufen-lieferung-schweiz.jpg 360w, https:\/\/kschmied.ch\/wp-content\/uploads\/2026\/02\/container-kaufen-lieferung-schweiz.jpg 360w\" sizes=\"auto, (min-width: 992px) 360px, calc(100vw - 30px)\" class=\"wp-post-image\" alt=\"PRIX &amp; COMMANDE\">\n\t\t\t\t<\/a>\n\t\t\t\t\t\t\t<div class=\"page-box__content\">\n\t\t\t<h5 class=\"page-box__title text-uppercase\"><a href=\"https:\/\/kschmied.ch\/fr\/conteneur\/requete-de-prix\/\">PRIX &amp; COMMANDE<\/a><\/h5>\n\t\t\t<p>Acheter ou louer des conteneurs - neufs ou d'occasion, de diff\u00e9rentes tailles, couleurs et mod\u00e8les.\r\nLivraison dans toute la Suisse. Standard dans un d\u00e9lai d'environ 2-3 semaines, express possible plus rapidement selon le mod\u00e8le.<\/p>\n\t\t\t\t\t\t\t<p><a href=\"https:\/\/kschmied.ch\/fr\/conteneur\/requete-de-prix\/\" class=\"read-more  read-more--page-box\">En savoir plus<\/a><\/p>\n\t\t\t\t\t<\/div>\n\t<\/div>\n\n<\/div><\/div><\/div><\/div><div id=\"pg-26289-1\"  class=\"panel-grid panel-no-style\" ><div id=\"pgc-26289-1-0\"  class=\"panel-grid-cell\" ><div id=\"panel-26289-1-0-0\" class=\"so-panel widget widget_black-studio-tinymce widget_black_studio_tinymce panel-first-child panel-last-child\" data-index=\"4\" ><div class=\"widget-title--big panel-widget-style panel-widget-style-for-26289-1-0-0\" ><h3 class=\"widget-title\"><span class=\"widget-title__inline\">UNSERE DIENSTLEISTUNGEN<\/span><\/h3><div class=\"textwidget\"><\/div><\/div><\/div><\/div><\/div><div id=\"pg-26289-2\"  class=\"panel-grid panel-no-style\" ><div id=\"pgc-26289-2-0\"  class=\"panel-grid-cell\" ><div id=\"panel-26289-2-0-0\" class=\"so-panel widget widget_pw_icon_box widget-icon-box panel-first-child\" data-index=\"5\" >\n\t\t\t<a class=\"icon-box\" href=\"https:\/\/www.kschmied.ch\/transporte\/\" target=\"_self\">\n\t\n\t\t<i class=\"fa  fa-globe  fa-3x\"><\/i>\n\t\t<div class=\"icon-box__text\">\n\t\t\t<h4 class=\"icon-box__title\">TRANSPORTE WELTWEIT<\/h4>\n\t\t\t<span class=\"icon-box__subtitle\">St\u00fcckgut, Komplettgut, Projektgut - AIR\/LAND\/SEA<\/span>\n\t\t<\/div>\n\n\t\t\t<\/a>\n\t\n<\/div><div id=\"panel-26289-2-0-1\" class=\"so-panel widget widget_pw_icon_box widget-icon-box panel-last-child widgetopts-SO\" data-index=\"6\" >\n\t\t\t<a class=\"icon-box\" href=\"https:\/\/www.kschmied.ch\/container\" target=\"_self\">\n\t\n\t\t<i class=\"fa  fa-cube  fa-3x\"><\/i>\n\t\t<div class=\"icon-box__text\">\n\t\t\t<h4 class=\"icon-box__title\">CONTAINER - KAUF<\/h4>\n\t\t\t<span class=\"icon-box__subtitle\">Container kaufen \u2013 neue &amp; gebrauchte Seecontainer mit Lieferung<\/span>\n\t\t<\/div>\n\n\t\t\t<\/a>\n\t\n<\/div><\/div><div id=\"pgc-26289-2-1\"  class=\"panel-grid-cell\" ><div id=\"panel-26289-2-1-0\" class=\"so-panel widget widget_pw_icon_box widget-icon-box panel-first-child\" data-index=\"7\" >\n\t\t\t<a class=\"icon-box\" href=\"https:\/\/www.kschmied.ch\/supply-chain-management\/\" target=\"_self\">\n\t\n\t\t<i class=\"fa  fa-cogs  fa-3x\"><\/i>\n\t\t<div class=\"icon-box__text\">\n\t\t\t<h4 class=\"icon-box__title\">SUPPLY CHAIN MANAGEMENT<\/h4>\n\t\t\t<span class=\"icon-box__subtitle\">Lagerhaltung, Beschaffung, Transport, Distribution und Datenfluss<\/span>\n\t\t<\/div>\n\n\t\t\t<\/a>\n\t\n<\/div><div id=\"panel-26289-2-1-1\" class=\"so-panel widget widget_pw_icon_box widget-icon-box panel-last-child widgetopts-SO\" data-index=\"8\" >\n\t\t\t<a class=\"icon-box\" href=\"https:\/\/www.kschmied.ch\/container\/container-mieten-schweiz\/\" target=\"_self\">\n\t\n\t\t<i class=\"fa  fa-clock  fa-3x\"><\/i>\n\t\t<div class=\"icon-box__text\">\n\t\t\t<h4 class=\"icon-box__title\">CONTAINER - MIETE<\/h4>\n\t\t\t<span class=\"icon-box__subtitle\">20 Fuss oder 40 Fuss See-\/Lagercontainer zur Tages-, Monats- oder Jahresmiete<\/span>\n\t\t<\/div>\n\n\t\t\t<\/a>\n\t\n<\/div><\/div><div id=\"pgc-26289-2-2\"  class=\"panel-grid-cell\" ><div id=\"panel-26289-2-2-0\" class=\"so-panel widget widget_pw_icon_box widget-icon-box panel-first-child\" data-index=\"9\" >\n\t\t\t<a class=\"icon-box\" href=\"https:\/\/www.kschmied.ch\/transporte\/messetransporte\/\" target=\"_self\">\n\t\n\t\t<i class=\"fa  fa-globe  fa-3x\"><\/i>\n\t\t<div class=\"icon-box__text\">\n\t\t\t<h4 class=\"icon-box__title\">MESSELOGISTIK - WELTWEIT<\/h4>\n\t\t\t<span class=\"icon-box__subtitle\">Messetransporte, Zwischenlagerungen, Leerguthandling, ...<\/span>\n\t\t<\/div>\n\n\t\t\t<\/a>\n\t\n<\/div><div id=\"panel-26289-2-2-1\" class=\"so-panel widget widget_pw_icon_box widget-icon-box panel-last-child widgetopts-SO\" data-index=\"10\" >\n\t\t\t<a class=\"icon-box\" href=\"https:\/\/www.kschmied.ch\/container\/seecontainer-modifikationen\/\" target=\"_self\">\n\t\n\t\t<i class=\"fa  fa-wrench  fa-3x\"><\/i>\n\t\t<div class=\"icon-box__text\">\n\t\t\t<h4 class=\"icon-box__title\">CONTAINER - MODIFIKATIONEN<\/h4>\n\t\t\t<span class=\"icon-box__subtitle\">Div. Umbauten und Installationen, Wunschfarben (nach RAL), Logos und Schiftz\u00fcge<\/span>\n\t\t<\/div>\n\n\t\t\t<\/a>\n\t\n<\/div><\/div><\/div><div id=\"pg-26289-3\"  class=\"panel-grid panel-has-style\" ><div class=\"siteorigin-panels-stretch panel-row-style panel-row-style-for-26289-3\" data-stretch-type=\"full\" ><div id=\"pgc-26289-3-0\"  class=\"panel-grid-cell\" ><div id=\"panel-26289-3-0-0\" class=\"so-panel widget widget_pw_call_to_action widget-call-to-action panel-first-child panel-last-child\" data-index=\"11\" ><div class=\"panel-widget-style panel-widget-style-for-26289-3-0-0\" >\t\t\t\t<div class=\"call-to-action\">\n\t\t\t\t\t<div class=\"call-to-action__text\">\n\t\t\t\t\t\tNicht sicher, welche L\u00f6sung Ihrer Anforderung entspricht?\t\t\t\t\t<\/div>\n\t\t\t\t\t<div class=\"call-to-action__button\">\n\t\t\t\t\t\t<a class=\"btn    btn-primary\" href=\"https:\/\/www.kschmied.ch\/kontakt\/\" target=\"_blank\">KONTAKTIEREN SIE UNSER TEAM<\/a>\t\t\t\t\t<\/div>\n\t\t\t\t<\/div>\n\t\t\t<\/div><\/div><\/div><\/div><\/div><div id=\"pg-26289-4\"  class=\"panel-grid panel-has-style\" ><div class=\"siteorigin-panels-stretch panel-row-style panel-row-style-for-26289-4\" data-stretch-type=\"full\" ><div id=\"pgc-26289-4-0\"  class=\"panel-grid-cell panel-grid-cell-empty\" ><\/div><div id=\"pgc-26289-4-1\"  class=\"panel-grid-cell panel-grid-cell-mobile-last\" ><div id=\"panel-26289-4-1-0\" class=\"so-panel widget widget_black-studio-tinymce widget_black_studio_tinymce panel-first-child panel-last-child\" data-index=\"12\" ><div class=\"textwidget\"><h3 style=\"text-align: center; font-size: 44px;\">UNSERE WERTE<\/h3>\n<p style=\"text-align: center;\"><span style=\"color: #4ab9cf;\"><strong>ZITAT VON K. SCHMIED AG - CEO<\/strong><\/span><\/p>\n<hr class=\"hr-quote\" \/>\n<p style=\"text-align: center;\">Stets einen zuverl\u00e4ssigen Service zu fairen Preisen anbieten ist unsere Aufgabe. Kunden zufrieden zu stellen und dadurch langfristig zu binden ist unser Ziel!<\/p>\n<p style=\"text-align: center;\">Unser Leistungsprofil w\u00e4chst mit den sich stetig \u00e4ndernden Anforderungen mit. So haben wir auch f\u00fcr den Logistikmarkt von Morgen die beste L\u00f6sung zur Hand.<\/p>\n<\/div><\/div><\/div><div id=\"pgc-26289-4-2\"  class=\"panel-grid-cell panel-grid-cell-empty\" ><\/div><\/div><\/div><div id=\"pg-26289-5\"  class=\"panel-grid panel-no-style\" ><div id=\"pgc-26289-5-0\"  class=\"panel-grid-cell\" ><div id=\"panel-26289-5-0-0\" class=\"so-panel widget widget_black-studio-tinymce widget_black_studio_tinymce panel-first-child panel-last-child widgetopts-SO\" data-index=\"13\" ><div class=\"widget-title--big panel-widget-style panel-widget-style-for-26289-5-0-0\" ><h3 class=\"widget-title\"><span class=\"widget-title__inline\">\u00dcBER UNS<\/span><\/h3><div class=\"textwidget\"><h4>Flexibel -\u00a0zuverl\u00e4ssig -\u00a0preisbewusst -\u00a0termingerecht<\/h4>\n<p align=\"left\">Die K. SCHMIED AG ist seit mehr als 40 Jahren im Speditionsgewerbe t\u00e4tig. Durch Teamgeist, Erweitern von kunden-spezifischen Dienstleistungen, marktgerechten Preisen und ihr Know How bei <span style=\"color: #000000;\"><a href=\"https:\/\/www.kschmied.ch\/transporte\/\"><strong>weltweiten TRANSPORTEN von Industrie- und Handelsg\u00fcter<\/strong><\/a><\/span>, hat sie sich einen Namen geschaffen.<\/p>\n<p align=\"left\">Um den Marktbed\u00fcrfnissen gerecht zu werden und Ihnen <strong><span style=\"color: #000000;\">zuverl\u00e4ssige und preiswerte Dienstleistungen<\/span><\/strong> anbieten zu k\u00f6nnen, arbeiten wir mit nationalen und internationalen Frachtf\u00fchrern, Luftfrachtagenten und Reedereien zusammen. So vereinen wir die St\u00e4rken jedes Einzelnen und sorgen f\u00fcr einen reibungslosen Ablauf.<\/p>\n\n<a class=\"read-more\" href=\"https:\/\/www.kschmied.ch\/unternehmen\/\">MEHR ERFAHREN<\/a>\n<div>\n<p align=\"left\">___________________________________________________<\/p>\n<p align=\"left\">Zu unseren erweiterten Dienstleistungen geh\u00f6rt auch der <span style=\"color: #000000;\"><strong><a href=\"https:\/\/kschmied.ch\/container\/preisanfrage\/?swoof=1&amp;pa_option=kauf\">VERKAUF<\/a><\/strong><\/span>, die <span style=\"color: #000000;\"><a href=\"https:\/\/kschmied.ch\/container-mieten\/\"><strong>VERMIETUNG<\/strong><\/a><\/span>, <span style=\"color: #000000;\"><a href=\"https:\/\/kschmied.ch\/container\/seecontainer-modifikationen\/\"><strong>MODIFIKATIONEN<\/strong><\/a><\/span>, das neu Einf\u00e4rben nach Ihrer Wunschfarbe (RAL), Div. Beschriftungen (Logos &amp; Schriftz\u00fcge)\u00a0<span style=\"color: #000000;\"><strong>von See-, Lager- und Schnellbau-CONTAINER<\/strong><\/span> in unterschiedlichsten Gr\u00f6ssen und Farben.<\/p>\n\n<a class=\"read-more\" href=\"https:\/\/kschmied.ch\/container\/\">MEHR ERFAHREN<\/a><\/div><\/div><\/div><\/div><\/div><div id=\"pgc-26289-5-1\"  class=\"panel-grid-cell\" ><div id=\"panel-26289-5-1-0\" class=\"so-panel widget widget_media_image panel-first-child panel-last-child widgetopts-SO\" data-index=\"14\" ><a href=\"https:\/\/kschmied.ch\/fr\/charte\/\" rel=\"httpskschmiedchleitbild\"><img loading=\"lazy\" decoding=\"async\" width=\"400\" height=\"406\" src=\"https:\/\/kschmied.ch\/wp-content\/uploads\/2019\/11\/Kreis.jpg\" class=\"image wp-image-8564  attachment-full size-full\" alt=\"\" style=\"max-width: 100%; height: auto;\" srcset=\"https:\/\/kschmied.ch\/wp-content\/uploads\/2019\/11\/Kreis.jpg 400w, https:\/\/kschmied.ch\/wp-content\/uploads\/2019\/11\/Kreis-296x300.jpg 296w\" sizes=\"auto, (max-width: 400px) 100vw, 400px\" \/><\/a><\/div><\/div><\/div><div id=\"pg-26289-6\"  class=\"panel-grid panel-no-style\" ><div id=\"pgc-26289-6-0\"  class=\"panel-grid-cell\" ><div id=\"panel-26289-6-0-0\" class=\"so-panel widget widget_text panel-first-child panel-last-child widgetopts-SO\" data-index=\"15\" ><div class=\"widget-title--big panel-widget-style panel-widget-style-for-26289-6-0-0\" ><h3 class=\"widget-title\"><span class=\"widget-title__inline\">R\u00c9F\u00c9RENCES<\/span><\/h3>\t\t\t<div class=\"textwidget\"><div class=\"logo-panel\">\n  <div class=\"row\">\n    <div class=\"col-xs-12 col-sm-2\">\n      <img decoding=\"async\" src=\"http:\/\/www.kschmied.ch\/wp-content\/uploads\/2016\/03\/IML_Robotix.png\" alt=\"Client\">\n    <\/div>\n    <div class=\"col-xs-12 col-sm-2\">\n      <img decoding=\"async\" src=\"http:\/\/www.kschmied.ch\/wp-content\/uploads\/2016\/03\/Tecno_Zug.png\" alt=\"Client\">\n    <\/div>\n    <div class=\"col-xs-12 col-sm-2\">\n      <img decoding=\"async\" src=\"http:\/\/www.kschmied.ch\/wp-content\/uploads\/2016\/03\/ICON_Industries.png\" alt=\"Client\">\n    <\/div>\n    <div class=\"col-xs-12 col-sm-2\">\n      <img decoding=\"async\" src=\"http:\/\/www.kschmied.ch\/wp-content\/uploads\/2016\/03\/CMTec.png\" alt=\"Client\">\n    <\/div>\n  <\/div>\n<\/div><\/div>\n\t\t<\/div><\/div><\/div><\/div><div id=\"pg-26289-7\"  class=\"panel-grid panel-has-style\" ><div class=\"siteorigin-panels-stretch panel-row-style panel-row-style-for-26289-7\" data-stretch-type=\"full\" ><div id=\"pgc-26289-7-0\"  class=\"panel-grid-cell\" ><div id=\"panel-26289-7-0-0\" class=\"so-panel widget widget_pw_number-counter widget-number-counter panel-first-child panel-last-child\" data-index=\"16\" >\n\t<div class=\"number-counters\" data-speed=\"1000\">\n\t\t\t<div class=\"number-counter\">\n\t\t\t\t\t\t\t<i class=\"number-counter__icon  fa  fa-globe\"><\/i>\n\t\t\t\t\t\t<div class=\"number-counter__number  js-number\" data-to=\"180\">000<\/div>\n\t\t\t<div class=\"number-counter__title\">L\u00e4nder<\/div>\n\t\t<\/div>\n\t\t\t<div class=\"number-counter\">\n\t\t\t\t\t\t\t<i class=\"number-counter__icon  fa  fa-users\"><\/i>\n\t\t\t\t\t\t<div class=\"number-counter__number  js-number\" data-to=\"40\">00<\/div>\n\t\t\t<div class=\"number-counter__title\">Jahre Erfahrung<\/div>\n\t\t<\/div>\n\t\t\t<div class=\"number-counter\">\n\t\t\t\t\t\t\t<i class=\"number-counter__icon  fa  fa-globe\"><\/i>\n\t\t\t\t\t\t<div class=\"number-counter__number  js-number\" data-to=\"6\">0<\/div>\n\t\t\t<div class=\"number-counter__title\">Kontinente<\/div>\n\t\t<\/div>\n\t\t<\/div>\n\n<\/div><\/div><\/div><\/div><\/div>","protected":false},"excerpt":{"rendered":"<p>Seit \u00fcber 45 Jahren organisiert die K. SCHMIED AG Transporte aller Art, in die ganze Welt. Wenn es darauf ankommt Ihre Sendung termingerecht, sicher und preisbewusst von A nach B zu bringen - sei es zu Lande, zu Wasser oder in der Luft - dann sind wir die Richtigen f\u00fcr Sie. MEHR \u00dcBER UNS<\/p>\n","protected":false},"author":1,"featured_media":26273,"parent":0,"menu_order":12,"comment_status":"closed","ping_status":"closed","template":"template-front-page-slider.php","meta":{"_acf_changed":false,"footnotes":""},"class_list":["post-26289","page","type-page","status-publish","has-post-thumbnail","hentry"],"acf":[],"yoast_head":"<!-- This site is optimized with the Yoast SEO Premium plugin v27.2 (Yoast SEO v27.2) - https:\/\/yoast.com\/product\/yoast-seo-premium-wordpress\/ -->\n<title>Acheter des conteneurs Suisse &amp; exp\u00e9dition mondiale | K. SCHMIED AG<\/title>\n<meta name=\"description\" content=\"Acheter un conteneur en Suisse - neuf ou d&#039;occasion. Exp\u00e9dition dans le monde entier &amp; solutions logistiques fiables avec K. SCHMIED AG.\" \/>\n<meta name=\"robots\" content=\"index, follow, max-snippet:-1, max-image-preview:large, max-video-preview:-1\" \/>\n<link rel=\"canonical\" href=\"https:\/\/kschmied.ch\/fr\/\" \/>\n<meta property=\"og:locale\" content=\"fr_FR\" \/>\n<meta property=\"og:type\" content=\"article\" \/>\n<meta property=\"og:title\" content=\"K. SCHMIED AG \u2013 Containerverkauf Schweiz\" \/>\n<meta property=\"og:description\" content=\"Ihr Partner f\u00fcr Seecontainer und Lagercontainer in der Schweiz \u2013 zum Kauf oder zur Miete, mit optionalem Kranablade-Service.\" \/>\n<meta property=\"og:url\" content=\"https:\/\/kschmied.ch\/fr\/\" \/>\n<meta property=\"og:site_name\" content=\"K. Schmied AG \u2013 Conteneurs &amp; Exp\u00e9dition Suisse\" \/>\n<meta property=\"article:modified_time\" content=\"2025-11-24T16:22:17+00:00\" \/>\n<meta property=\"og:image\" content=\"https:\/\/kschmied.ch\/wp-content\/uploads\/2019\/11\/Logistics_f.jpg\" \/>\n\t<meta property=\"og:image:width\" content=\"300\" \/>\n\t<meta property=\"og:image:height\" content=\"200\" \/>\n\t<meta property=\"og:image:type\" content=\"image\/jpeg\" \/>\n<meta name=\"twitter:card\" content=\"summary_large_image\" \/>\n<meta name=\"twitter:label1\" content=\"Dur\u00e9e de lecture estim\u00e9e\" \/>\n\t<meta name=\"twitter:data1\" content=\"4 minutes\" \/>\n<!-- \/ Yoast SEO Premium plugin. -->","yoast_head_json":{"title":"Acheter des conteneurs Suisse & exp\u00e9dition mondiale | K. SCHMIED AG","description":"Acheter un conteneur en Suisse - neuf ou d'occasion. Exp\u00e9dition dans le monde entier & solutions logistiques fiables avec K. SCHMIED AG.","robots":{"index":"index","follow":"follow","max-snippet":"max-snippet:-1","max-image-preview":"max-image-preview:large","max-video-preview":"max-video-preview:-1"},"canonical":"https:\/\/kschmied.ch\/fr\/","og_locale":"fr_FR","og_type":"article","og_title":"K. SCHMIED AG \u2013 Containerverkauf Schweiz","og_description":"Ihr Partner f\u00fcr Seecontainer und Lagercontainer in der Schweiz \u2013 zum Kauf oder zur Miete, mit optionalem Kranablade-Service.","og_url":"https:\/\/kschmied.ch\/fr\/","og_site_name":"K. Schmied AG \u2013 Conteneurs &amp; Exp\u00e9dition Suisse","article_modified_time":"2025-11-24T16:22:17+00:00","og_image":[{"width":300,"height":200,"url":"https:\/\/kschmied.ch\/wp-content\/uploads\/2019\/11\/Logistics_f.jpg","type":"image\/jpeg"}],"twitter_card":"summary_large_image","twitter_misc":{"Dur\u00e9e de lecture estim\u00e9e":"4 minutes"},"schema":{"@context":"https:\/\/schema.org","@graph":[{"@type":"WebPage","@id":"https:\/\/kschmied.ch\/fr\/","url":"https:\/\/kschmied.ch\/fr\/","name":"Acheter des conteneurs Suisse & exp\u00e9dition mondiale | K. SCHMIED AG","isPartOf":{"@id":"https:\/\/kschmied.ch\/fr\/#website"},"primaryImageOfPage":{"@id":"https:\/\/kschmied.ch\/fr\/#primaryimage"},"image":{"@id":"https:\/\/kschmied.ch\/fr\/#primaryimage"},"thumbnailUrl":"https:\/\/kschmied.ch\/wp-content\/uploads\/2019\/11\/Logistics_f.jpg","datePublished":"2021-10-11T09:52:58+00:00","dateModified":"2025-11-24T16:22:17+00:00","description":"Acheter un conteneur en Suisse - neuf ou d'occasion. Exp\u00e9dition dans le monde entier & solutions logistiques fiables avec K. SCHMIED AG.","breadcrumb":{"@id":"https:\/\/kschmied.ch\/fr\/#breadcrumb"},"inLanguage":"fr-FR","potentialAction":[{"@type":"ReadAction","target":["https:\/\/kschmied.ch\/fr\/"]}]},{"@type":"ImageObject","inLanguage":"fr-FR","@id":"https:\/\/kschmied.ch\/fr\/#primaryimage","url":"https:\/\/kschmied.ch\/wp-content\/uploads\/2019\/11\/Logistics_f.jpg","contentUrl":"https:\/\/kschmied.ch\/wp-content\/uploads\/2019\/11\/Logistics_f.jpg","width":300,"height":200,"caption":"K. SCHMIED SA"},{"@type":"BreadcrumbList","@id":"https:\/\/kschmied.ch\/fr\/#breadcrumb","itemListElement":[{"@type":"ListItem","position":1,"name":"Accueil","item":"https:\/\/kschmied.ch\/fr\/"},{"@type":"ListItem","position":2,"name":"Accueil"}]},{"@type":"WebSite","@id":"https:\/\/kschmied.ch\/fr\/#website","url":"https:\/\/kschmied.ch\/fr\/","name":"K. SCHMIED AG","description":"Commerce suisse de conteneurs &amp; exp\u00e9dition depuis 1979","publisher":{"@id":"https:\/\/kschmied.ch\/fr\/#organization"},"alternateName":"K. SCHMIED AG","potentialAction":[{"@type":"SearchAction","target":{"@type":"EntryPoint","urlTemplate":"https:\/\/kschmied.ch\/fr\/?s={search_term_string}"},"query-input":{"@type":"PropertyValueSpecification","valueRequired":true,"valueName":"search_term_string"}}],"inLanguage":"fr-FR"},{"@type":"Organization","@id":"https:\/\/kschmied.ch\/fr\/#organization","name":"K. SCHMIED AG","alternateName":"K. SCHMIED AG","url":"https:\/\/kschmied.ch\/fr\/","logo":{"@type":"ImageObject","inLanguage":"fr-FR","@id":"https:\/\/kschmied.ch\/fr\/#\/schema\/logo\/image\/","url":"https:\/\/kschmied.ch\/wp-content\/uploads\/2020\/07\/LOGO-gross.jpg","contentUrl":"https:\/\/kschmied.ch\/wp-content\/uploads\/2020\/07\/LOGO-gross.jpg","width":770,"height":240,"caption":"K. SCHMIED AG"},"image":{"@id":"https:\/\/kschmied.ch\/fr\/#\/schema\/logo\/image\/"},"sameAs":["https:\/\/ch.linkedin.com\/company\/k-schmied-ag"],"description":"K. SCHMIED AG ist ein f\u00fchrendes Unternehmen im Bereich Containerverkauf und -vermietung in der Schweiz. Mit langj\u00e4hriger Erfahrung bieten wir unseren Kunden robuste, langlebige Seecontainer, Lagercontainer und Schnellbaucontainer in verschiedenen Gr\u00f6\u00dfen und Ausf\u00fchrungen. Unser Service umfasst auch Transportl\u00f6sungen, ma\u00dfgeschneiderte Containeranforderungen und weltweiten Versand. Qualit\u00e4t, Kundenzufriedenheit und Zuverl\u00e4ssigkeit stehen bei uns an erster Stelle.","email":"info@kschmied.ch","telephone":"041 811 30 03","legalName":"K. SCHMIED internat. Transporte & Handels AG","foundingDate":"1979-01-01","vatID":"CHE-107.962.018 MWST","taxID":"CHE-107.962.018 MWST","numberOfEmployees":{"@type":"QuantitativeValue","minValue":"1","maxValue":"10"}}]}},"_links":{"self":[{"href":"https:\/\/kschmied.ch\/fr\/wp-json\/wp\/v2\/pages\/26289","targetHints":{"allow":["GET"]}}],"collection":[{"href":"https:\/\/kschmied.ch\/fr\/wp-json\/wp\/v2\/pages"}],"about":[{"href":"https:\/\/kschmied.ch\/fr\/wp-json\/wp\/v2\/types\/page"}],"author":[{"embeddable":true,"href":"https:\/\/kschmied.ch\/fr\/wp-json\/wp\/v2\/users\/1"}],"replies":[{"embeddable":true,"href":"https:\/\/kschmied.ch\/fr\/wp-json\/wp\/v2\/comments?post=26289"}],"version-history":[{"count":0,"href":"https:\/\/kschmied.ch\/fr\/wp-json\/wp\/v2\/pages\/26289\/revisions"}],"wp:featuredmedia":[{"embeddable":true,"href":"https:\/\/kschmied.ch\/fr\/wp-json\/wp\/v2\/media\/26273"}],"wp:attachment":[{"href":"https:\/\/kschmied.ch\/fr\/wp-json\/wp\/v2\/media?parent=26289"}],"curies":[{"name":"wp","href":"https:\/\/api.w.org\/{rel}","templated":true}]}}