{"id":26224,"date":"2021-10-11T11:32:35","date_gmt":"2021-10-11T09:32:35","guid":{"rendered":"https:\/\/www.kschmied.ch\/conteneurs\/modifications-conversions\/"},"modified":"2025-11-17T22:29:19","modified_gmt":"2025-11-17T21:29:19","slug":"modifications-conversions","status":"publish","type":"page","link":"https:\/\/kschmied.ch\/fr\/conteneur\/modifications-conversions\/","title":{"rendered":"Modifications de conteneurs maritimes"},"content":{"rendered":"<div id=\"pl-26224\"  class=\"panel-layout\" ><div id=\"pg-26224-0\"  class=\"panel-grid panel-no-style\" ><div id=\"pgc-26224-0-0\"  class=\"panel-grid-cell\" ><div id=\"panel-26224-0-0-0\" class=\"so-panel widget widget_black-studio-tinymce widget_black_studio_tinymce panel-first-child panel-last-child widgetopts-SO\" data-index=\"0\" ><h3 class=\"widget-title\"><span class=\"widget-title__inline\">Modifications de conteneurs maritimes<\/span><\/h3><div class=\"textwidget\"><p>Nous proposons des <strong>modifications et transformations personnalis\u00e9es<\/strong> pour les <strong>conteneurs maritimes<\/strong>, comprenant principalement des <strong>repeintures<\/strong>, l\u2019<strong>apposition de logos<\/strong> et de <strong>lettrages<\/strong>. Ces adaptations constituent une solution <strong>\u00e9conomique<\/strong> pour adapter vos <strong>conteneurs achet\u00e9s<\/strong> aux <strong>besoins de votre entreprise<\/strong> ou \u00e0 vos <strong>pr\u00e9f\u00e9rences de design<\/strong>.<\/p>\n<p>Nos <strong>repeintures<\/strong> peuvent \u00eatre r\u00e9alis\u00e9es <strong>dans toutes les couleurs souhait\u00e9es<\/strong>, et nous pouvons apposer votre <strong>logo d\u2019entreprise<\/strong> ou vos <strong>lettrages<\/strong> \u2014 id\u00e9al pour utiliser votre conteneur comme <strong>outil de marketing<\/strong>.<\/p>\n<p>Nous proposons \u00e9galement des <strong>transformations simples<\/strong>, telles que l\u2019ajout de <strong>portes ou fen\u00eatres<\/strong>, afin d\u2019am\u00e9liorer la fonctionnalit\u00e9 du conteneur.<\/p>\n<p>Veuillez noter que les transformations complexes, impliquant plusieurs entreprises et n\u00e9cessitant beaucoup de temps, sont <strong>plus co\u00fbteuses et plus exigeantes<\/strong>. Cela concerne notamment les <strong>am\u00e9nagements int\u00e9rieurs sur mesure<\/strong>, qui peuvent n\u00e9cessiter des calculs suppl\u00e9mentaires et la coordination de plusieurs partenaires. Ceux-ci peuvent entra\u00eener des co\u00fbts plus \u00e9lev\u00e9s <strong>d\u00e8s l\u2019\u00e9laboration de l\u2019offre<\/strong>.<\/p>\n<p><strong>Nous nous concentrerons principalement sur des modifications efficaces et rapides<\/strong>, telles que les <strong>repeintures<\/strong> et l\u2019<strong>apposition de logos<\/strong>, afin d\u2019adapter vos conteneurs <strong>rapidement<\/strong> et <strong>\u00e0 moindre co\u00fbt<\/strong> \u00e0 vos besoins.<\/p>\n<\/div><\/div><\/div><\/div><div id=\"pg-26224-1\"  class=\"panel-grid panel-no-style\" ><div id=\"pgc-26224-1-0\"  class=\"panel-grid-cell\" ><div id=\"panel-26224-1-0-0\" class=\"widget_text so-panel widget widget_custom_html panel-first-child panel-last-child\" data-index=\"1\" ><div class=\"widget_text panel-widget-style panel-widget-style-for-26224-1-0-0\" ><div class=\"textwidget custom-html-widget\"><\/div><\/div><\/div><\/div><\/div><div id=\"pg-26224-2\"  class=\"panel-grid panel-no-style\" ><div id=\"pgc-26224-2-0\"  class=\"panel-grid-cell\" ><div id=\"panel-26224-2-0-0\" class=\"so-panel widget widget_black-studio-tinymce widget_black_studio_tinymce panel-first-child panel-last-child widgetopts-SO\" data-index=\"2\" ><div class=\"textwidget\"><h4><strong>REPEINTURE<\/strong><\/h4>\n<ul>\n<li>Selon la couleur RAL de votre choix<\/li>\n<li>Peinture monocouche ou bicomposant<\/li>\n<li>Sur demande, pr\u00e9alable sablage<\/li>\n<\/ul>\n<\/div><\/div><\/div><div id=\"pgc-26224-2-1\"  class=\"panel-grid-cell\" ><div id=\"panel-26224-2-1-0\" class=\"so-panel widget widget_black-studio-tinymce widget_black_studio_tinymce panel-first-child panel-last-child\" data-index=\"3\" ><div class=\"textwidget\"><p><img loading=\"lazy\" decoding=\"async\" class=\"aligncenter wp-image-5205 size-medium\" src=\"https:\/\/www.kschmied.ch\/wp-content\/uploads\/2019\/09\/Wunschfarbe_ral-300x200.jpg\" alt=\"Wunschfarbe (nach RAL)\" width=\"300\" height=\"200\" srcset=\"https:\/\/kschmied.ch\/wp-content\/uploads\/2019\/09\/Wunschfarbe_ral-300x200.jpg 300w, https:\/\/kschmied.ch\/wp-content\/uploads\/2019\/09\/Wunschfarbe_ral-360x240.jpg 360w, https:\/\/kschmied.ch\/wp-content\/uploads\/2019\/09\/Wunschfarbe_ral-500x333.jpg 500w, https:\/\/kschmied.ch\/wp-content\/uploads\/2019\/09\/Wunschfarbe_ral-272x182.jpg 272w, https:\/\/kschmied.ch\/wp-content\/uploads\/2019\/09\/Wunschfarbe_ral-400x267.jpg 400w, https:\/\/kschmied.ch\/wp-content\/uploads\/2019\/09\/Wunschfarbe_ral.jpg 600w\" sizes=\"auto, (max-width: 300px) 100vw, 300px\" \/><\/p>\n<\/div><\/div><\/div><\/div><div id=\"pg-26224-3\"  class=\"panel-grid panel-no-style\" ><div id=\"pgc-26224-3-0\"  class=\"panel-grid-cell\" ><div id=\"panel-26224-3-0-0\" class=\"widget_text so-panel widget widget_custom_html panel-first-child panel-last-child\" data-index=\"4\" ><div class=\"widget_text panel-widget-style panel-widget-style-for-26224-3-0-0\" ><div class=\"textwidget custom-html-widget\"><\/div><\/div><\/div><\/div><\/div><div id=\"pg-26224-4\"  class=\"panel-grid panel-no-style\" ><div id=\"pgc-26224-4-0\"  class=\"panel-grid-cell\" ><div id=\"panel-26224-4-0-0\" class=\"so-panel widget widget_black-studio-tinymce widget_black_studio_tinymce panel-first-child panel-last-child widgetopts-SO\" data-index=\"5\" ><div class=\"textwidget\"><h4><strong>LETTRAGES &amp; LOGOS<\/strong><\/h4>\n<p>Sur demande, nous pouvons apposer votre logo d\u2019entreprise et\/ou des lettrages sur les conteneurs. Ceux-ci sont appliqu\u00e9s de mani\u00e8re professionnelle selon vos sp\u00e9cifications (processus standard pour les conteneurs maritimes).<\/p>\n<p>Les co\u00fbts des logos et des lettrages sont calcul\u00e9s en fonction de leur taille et de leur emplacement. Nous serons heureux de vous soumettre une offre d\u00e8s r\u00e9ception de vos indications\/sp\u00e9cifications.<\/p>\n<p>&nbsp;<\/p>\n<\/div><\/div><\/div><div id=\"pgc-26224-4-1\"  class=\"panel-grid-cell\" ><div id=\"panel-26224-4-1-0\" class=\"so-panel widget widget_black-studio-tinymce widget_black_studio_tinymce panel-first-child panel-last-child\" data-index=\"6\" ><div class=\"textwidget\"><p><a href=\"https:\/\/www.kschmied.ch\/wp-content\/uploads\/2020\/06\/Schriftzuege_logos.jpg\"><img loading=\"lazy\" decoding=\"async\" class=\"aligncenter wp-image-19706 size-medium\" src=\"https:\/\/www.kschmied.ch\/wp-content\/uploads\/2020\/06\/Schriftzuege_logos-300x200.jpg\" alt=\"Logos &amp; Schriftz\u00fcge\" width=\"300\" height=\"200\" srcset=\"https:\/\/kschmied.ch\/wp-content\/uploads\/2020\/06\/Schriftzuege_logos-300x200.jpg 300w, https:\/\/kschmied.ch\/wp-content\/uploads\/2020\/06\/Schriftzuege_logos-360x240.jpg 360w, https:\/\/kschmied.ch\/wp-content\/uploads\/2020\/06\/Schriftzuege_logos-500x333.jpg 500w, https:\/\/kschmied.ch\/wp-content\/uploads\/2020\/06\/Schriftzuege_logos-272x182.jpg 272w, https:\/\/kschmied.ch\/wp-content\/uploads\/2020\/06\/Schriftzuege_logos-400x267.jpg 400w, https:\/\/kschmied.ch\/wp-content\/uploads\/2020\/06\/Schriftzuege_logos.jpg 600w\" sizes=\"auto, (max-width: 300px) 100vw, 300px\" \/><\/a><\/p>\n<\/div><\/div><\/div><\/div><div id=\"pg-26224-5\"  class=\"panel-grid panel-no-style\" ><div id=\"pgc-26224-5-0\"  class=\"panel-grid-cell\" ><div id=\"panel-26224-5-0-0\" class=\"widget_text so-panel widget widget_custom_html panel-first-child panel-last-child\" data-index=\"7\" ><div class=\"widget_text panel-widget-style panel-widget-style-for-26224-5-0-0\" ><div class=\"textwidget custom-html-widget\"><\/div><\/div><\/div><\/div><\/div><div id=\"pg-26224-6\"  class=\"panel-grid panel-no-style\" ><div id=\"pgc-26224-6-0\"  class=\"panel-grid-cell\" ><div id=\"panel-26224-6-0-0\" class=\"so-panel widget widget_black-studio-tinymce widget_black_studio_tinymce panel-first-child panel-last-child widgetopts-SO\" data-index=\"8\" ><div class=\"textwidget\"><h4><strong>\u00c9QUIPEMENTS DIVERS<\/strong><\/h4>\n<ul>\n<li>\u00c9tag\u00e8res, fen\u00eatres, portes, raccordements \u00e9lectriques, lampes<\/li>\n<\/ul>\n<\/div><\/div><\/div><div id=\"pgc-26224-6-1\"  class=\"panel-grid-cell\" ><div id=\"panel-26224-6-1-0\" class=\"so-panel widget widget_black-studio-tinymce widget_black_studio_tinymce panel-first-child panel-last-child\" data-index=\"9\" ><div class=\"textwidget\"><p><img loading=\"lazy\" decoding=\"async\" class=\"aligncenter wp-image-5209 size-medium\" src=\"https:\/\/www.kschmied.ch\/wp-content\/uploads\/2019\/09\/Einbauten-300x200.jpg\" alt=\"Einbauten\" width=\"300\" height=\"200\" srcset=\"https:\/\/kschmied.ch\/wp-content\/uploads\/2019\/09\/Einbauten-300x200.jpg 300w, https:\/\/kschmied.ch\/wp-content\/uploads\/2019\/09\/Einbauten-360x240.jpg 360w, https:\/\/kschmied.ch\/wp-content\/uploads\/2019\/09\/Einbauten-500x333.jpg 500w, https:\/\/kschmied.ch\/wp-content\/uploads\/2019\/09\/Einbauten-272x182.jpg 272w, https:\/\/kschmied.ch\/wp-content\/uploads\/2019\/09\/Einbauten-400x267.jpg 400w, https:\/\/kschmied.ch\/wp-content\/uploads\/2019\/09\/Einbauten.jpg 600w\" sizes=\"auto, (max-width: 300px) 100vw, 300px\" \/><\/p>\n<\/div><\/div><\/div><\/div><div id=\"pg-26224-7\"  class=\"panel-grid panel-no-style\" ><div id=\"pgc-26224-7-0\"  class=\"panel-grid-cell\" ><div id=\"panel-26224-7-0-0\" class=\"widget_text so-panel widget widget_custom_html panel-first-child panel-last-child\" data-index=\"10\" ><div class=\"widget_text panel-widget-style panel-widget-style-for-26224-7-0-0\" ><div class=\"textwidget custom-html-widget\"><\/div><\/div><\/div><\/div><\/div><div id=\"pg-26224-8\"  class=\"panel-grid panel-no-style\" ><div id=\"pgc-26224-8-0\"  class=\"panel-grid-cell\" ><div id=\"panel-26224-8-0-0\" class=\"so-panel widget widget_black-studio-tinymce widget_black_studio_tinymce panel-first-child panel-last-child widgetopts-SO\" data-index=\"11\" ><div class=\"textwidget\"><p><span style=\"color: #000000;\"><strong>TYPES DE CONTENEURS<\/strong><\/span><\/p>\n<p>- Conteneurs maritimes<br \/>\n- Conteneurs de stockage<\/p>\n<p><span style=\"color: #000000;\"><strong>VOLUME<\/strong><\/span><\/p>\n<p>- Conteneurs 10'<br \/>\n- Conteneurs 20'<br \/>\n- Conteneurs 40'<br \/>\n- Conteneurs 45'  <\/p>\n<\/div><\/div><\/div><div id=\"pgc-26224-8-1\"  class=\"panel-grid-cell\" ><div id=\"panel-26224-8-1-0\" class=\"so-panel widget widget_black-studio-tinymce widget_black_studio_tinymce panel-first-child panel-last-child widgetopts-SO\" data-index=\"12\" ><div class=\"textwidget\"><p><span style=\"color: #000000;\"><strong>SERVICE<\/strong><\/span><\/p>\n<p>- Fen\u00eatres, portes, comptoirs, etc.<br \/>\n- Installations \u00e9lectriques<br \/>\n- \u00c9tag\u00e8res<br \/>\n- Logos & lettrages<br \/>\n- Couleur au choix<br \/>\n- Livraison dans toute la Suisse<br \/>\n- Chargement & d\u00e9chargement par grue<\/p>\n<\/div><\/div><\/div><div id=\"pgc-26224-8-2\"  class=\"panel-grid-cell\" ><div id=\"panel-26224-8-2-0\" class=\"so-panel widget widget_black-studio-tinymce widget_black_studio_tinymce panel-first-child panel-last-child widgetopts-SO\" data-index=\"13\" ><div class=\"textwidget\"><p><a href=\"https:\/\/kschmied.ch\/wp-content\/uploads\/2020\/07\/sale_rentin_modification.jpg\"><img loading=\"lazy\" decoding=\"async\" class=\" wp-image-26233 aligncenter\" src=\"https:\/\/kschmied.ch\/wp-content\/uploads\/2020\/07\/sale_rentin_modification-300x300.jpg\" alt=\"\" width=\"178\" height=\"178\" srcset=\"https:\/\/kschmied.ch\/wp-content\/uploads\/2020\/07\/sale_rentin_modification-300x300.jpg 300w, https:\/\/kschmied.ch\/wp-content\/uploads\/2020\/07\/sale_rentin_modification-150x150.jpg 150w, https:\/\/kschmied.ch\/wp-content\/uploads\/2020\/07\/sale_rentin_modification-100x100.jpg 100w, https:\/\/kschmied.ch\/wp-content\/uploads\/2020\/07\/sale_rentin_modification-200x200.jpg 200w, https:\/\/kschmied.ch\/wp-content\/uploads\/2020\/07\/sale_rentin_modification.jpg 350w\" sizes=\"auto, (max-width: 178px) 100vw, 178px\" \/><\/a><\/p>\n<\/div><\/div><\/div><\/div><\/div>","protected":false},"excerpt":{"rendered":"<p>Modifications pour les conteneurs maritimes et de stockage : par exemple, installation de portes, de fen\u00eatres, d&rsquo;une nouvelle peinture ou d&rsquo;un logo\/d&rsquo;une inscription. Sur demande, nous pouvons \u00e9galement \u00e9tudier d&rsquo;autres modifications possibles - en collaboration avec nos partenaires nationaux et internationaux.<\/p>\n","protected":false},"author":1,"featured_media":26231,"parent":39927,"menu_order":2,"comment_status":"closed","ping_status":"closed","template":"","meta":{"_acf_changed":false,"footnotes":""},"class_list":["post-26224","page","type-page","status-publish","has-post-thumbnail","hentry"],"acf":[],"yoast_head":"<!-- This site is optimized with the Yoast SEO Premium plugin v27.6 (Yoast SEO v27.6) - https:\/\/yoast.com\/product\/yoast-seo-premium-wordpress\/ -->\n<title>Modifications de conteneurs maritimes - K. Schmied AG \u2013 Conteneurs &amp; Exp\u00e9dition Suisse<\/title>\n<meta name=\"description\" content=\"Modifications de conteneurs maritimes : Nouvelle peinture, apposition de logos et simples transformations - personnalis\u00e9es avec K. Schmied AG.\" \/>\n<meta name=\"robots\" content=\"index, follow, max-snippet:-1, max-image-preview:large, max-video-preview:-1\" \/>\n<link rel=\"canonical\" href=\"https:\/\/kschmied.ch\/fr\/conteneur\/modifications-conversions\/\" \/>\n<meta property=\"og:locale\" content=\"fr_FR\" \/>\n<meta property=\"og:type\" content=\"article\" \/>\n<meta property=\"og:title\" content=\"K. SCHMIED AG \u2013 Containerverkauf Schweiz\" \/>\n<meta property=\"og:description\" content=\"Ihr Partner f\u00fcr Seecontainer und Lagercontainer in der Schweiz \u2013 zum Kauf oder zur Miete, mit optionalem Kranablade-Service.\" \/>\n<meta property=\"og:url\" content=\"https:\/\/kschmied.ch\/fr\/conteneur\/modifications-conversions\/\" \/>\n<meta property=\"og:site_name\" content=\"K. Schmied AG \u2013 Conteneurs &amp; Exp\u00e9dition Suisse\" \/>\n<meta property=\"article:modified_time\" content=\"2025-11-17T21:29:19+00:00\" \/>\n<meta property=\"og:image\" content=\"https:\/\/kschmied.ch\/wp-content\/uploads\/2019\/09\/modifikationen.jpg\" \/>\n\t<meta property=\"og:image:width\" content=\"600\" \/>\n\t<meta property=\"og:image:height\" content=\"400\" \/>\n\t<meta property=\"og:image:type\" content=\"image\/jpeg\" \/>\n<meta name=\"twitter:card\" content=\"summary_large_image\" \/>\n<meta name=\"twitter:label1\" content=\"Dur\u00e9e de lecture estim\u00e9e\" \/>\n\t<meta name=\"twitter:data1\" content=\"3 minutes\" \/>\n<!-- \/ Yoast SEO Premium plugin. -->","yoast_head_json":{"title":"Modifications de conteneurs maritimes - K. Schmied AG \u2013 Conteneurs &amp; Exp\u00e9dition Suisse","description":"Modifications de conteneurs maritimes : Nouvelle peinture, apposition de logos et simples transformations - personnalis\u00e9es avec K. Schmied AG.","robots":{"index":"index","follow":"follow","max-snippet":"max-snippet:-1","max-image-preview":"max-image-preview:large","max-video-preview":"max-video-preview:-1"},"canonical":"https:\/\/kschmied.ch\/fr\/conteneur\/modifications-conversions\/","og_locale":"fr_FR","og_type":"article","og_title":"K. SCHMIED AG \u2013 Containerverkauf Schweiz","og_description":"Ihr Partner f\u00fcr Seecontainer und Lagercontainer in der Schweiz \u2013 zum Kauf oder zur Miete, mit optionalem Kranablade-Service.","og_url":"https:\/\/kschmied.ch\/fr\/conteneur\/modifications-conversions\/","og_site_name":"K. Schmied AG \u2013 Conteneurs &amp; Exp\u00e9dition Suisse","article_modified_time":"2025-11-17T21:29:19+00:00","og_image":[{"width":600,"height":400,"url":"https:\/\/kschmied.ch\/wp-content\/uploads\/2019\/09\/modifikationen.jpg","type":"image\/jpeg"}],"twitter_card":"summary_large_image","twitter_misc":{"Dur\u00e9e de lecture estim\u00e9e":"3 minutes"},"schema":{"@context":"https:\/\/schema.org","@graph":[{"@type":"WebPage","@id":"https:\/\/kschmied.ch\/fr\/conteneur\/modifications-conversions\/","url":"https:\/\/kschmied.ch\/fr\/conteneur\/modifications-conversions\/","name":"Modifications de conteneurs maritimes - K. Schmied AG \u2013 Conteneurs &amp; Exp\u00e9dition Suisse","isPartOf":{"@id":"https:\/\/kschmied.ch\/fr\/#website"},"primaryImageOfPage":{"@id":"https:\/\/kschmied.ch\/fr\/conteneur\/modifications-conversions\/#primaryimage"},"image":{"@id":"https:\/\/kschmied.ch\/fr\/conteneur\/modifications-conversions\/#primaryimage"},"thumbnailUrl":"https:\/\/kschmied.ch\/wp-content\/uploads\/2019\/09\/modifikationen.jpg","datePublished":"2021-10-11T09:32:35+00:00","dateModified":"2025-11-17T21:29:19+00:00","description":"Modifications de conteneurs maritimes : Nouvelle peinture, apposition de logos et simples transformations - personnalis\u00e9es avec K. Schmied AG.","breadcrumb":{"@id":"https:\/\/kschmied.ch\/fr\/conteneur\/modifications-conversions\/#breadcrumb"},"inLanguage":"fr-FR","potentialAction":[{"@type":"ReadAction","target":["https:\/\/kschmied.ch\/fr\/conteneur\/modifications-conversions\/"]}]},{"@type":"ImageObject","inLanguage":"fr-FR","@id":"https:\/\/kschmied.ch\/fr\/conteneur\/modifications-conversions\/#primaryimage","url":"https:\/\/kschmied.ch\/wp-content\/uploads\/2019\/09\/modifikationen.jpg","contentUrl":"https:\/\/kschmied.ch\/wp-content\/uploads\/2019\/09\/modifikationen.jpg","width":600,"height":400,"caption":"Modifications de conteneurs"},{"@type":"BreadcrumbList","@id":"https:\/\/kschmied.ch\/fr\/conteneur\/modifications-conversions\/#breadcrumb","itemListElement":[{"@type":"ListItem","position":1,"name":"Accueil","item":"https:\/\/kschmied.ch\/fr\/"},{"@type":"ListItem","position":2,"name":"Modifications de conteneurs maritimes"}]},{"@type":"WebSite","@id":"https:\/\/kschmied.ch\/fr\/#website","url":"https:\/\/kschmied.ch\/fr\/","name":"K. SCHMIED AG","description":"Commerce suisse de conteneurs &amp; exp\u00e9dition depuis 1979","publisher":{"@id":"https:\/\/kschmied.ch\/fr\/#organization"},"alternateName":"K. SCHMIED AG","potentialAction":[{"@type":"SearchAction","target":{"@type":"EntryPoint","urlTemplate":"https:\/\/kschmied.ch\/fr\/?s={search_term_string}"},"query-input":{"@type":"PropertyValueSpecification","valueRequired":true,"valueName":"search_term_string"}}],"inLanguage":"fr-FR"},{"@type":"Organization","@id":"https:\/\/kschmied.ch\/fr\/#organization","name":"K. SCHMIED AG","alternateName":"K. SCHMIED AG","url":"https:\/\/kschmied.ch\/fr\/","logo":{"@type":"ImageObject","inLanguage":"fr-FR","@id":"https:\/\/kschmied.ch\/fr\/#\/schema\/logo\/image\/","url":"https:\/\/kschmied.ch\/wp-content\/uploads\/2020\/07\/LOGO-gross.jpg","contentUrl":"https:\/\/kschmied.ch\/wp-content\/uploads\/2020\/07\/LOGO-gross.jpg","width":770,"height":240,"caption":"K. SCHMIED AG"},"image":{"@id":"https:\/\/kschmied.ch\/fr\/#\/schema\/logo\/image\/"},"sameAs":["https:\/\/ch.linkedin.com\/company\/k-schmied-ag"],"description":"K. SCHMIED AG ist ein f\u00fchrendes Unternehmen im Bereich Containerverkauf und -vermietung in der Schweiz. Mit langj\u00e4hriger Erfahrung bieten wir unseren Kunden robuste, langlebige Seecontainer, Lagercontainer und Schnellbaucontainer in verschiedenen Gr\u00f6\u00dfen und Ausf\u00fchrungen. Unser Service umfasst auch Transportl\u00f6sungen, ma\u00dfgeschneiderte Containeranforderungen und weltweiten Versand. Qualit\u00e4t, Kundenzufriedenheit und Zuverl\u00e4ssigkeit stehen bei uns an erster Stelle.","email":"info@kschmied.ch","telephone":"041 811 30 03","legalName":"K. SCHMIED internat. Transporte & Handels AG","foundingDate":"1979-01-01","vatID":"CHE-107.962.018 MWST","taxID":"CHE-107.962.018 MWST","numberOfEmployees":{"@type":"QuantitativeValue","minValue":"1","maxValue":"10"}}]}},"_links":{"self":[{"href":"https:\/\/kschmied.ch\/fr\/wp-json\/wp\/v2\/pages\/26224","targetHints":{"allow":["GET"]}}],"collection":[{"href":"https:\/\/kschmied.ch\/fr\/wp-json\/wp\/v2\/pages"}],"about":[{"href":"https:\/\/kschmied.ch\/fr\/wp-json\/wp\/v2\/types\/page"}],"author":[{"embeddable":true,"href":"https:\/\/kschmied.ch\/fr\/wp-json\/wp\/v2\/users\/1"}],"replies":[{"embeddable":true,"href":"https:\/\/kschmied.ch\/fr\/wp-json\/wp\/v2\/comments?post=26224"}],"version-history":[{"count":0,"href":"https:\/\/kschmied.ch\/fr\/wp-json\/wp\/v2\/pages\/26224\/revisions"}],"up":[{"embeddable":true,"href":"https:\/\/kschmied.ch\/fr\/wp-json\/wp\/v2\/pages\/39927"}],"wp:featuredmedia":[{"embeddable":true,"href":"https:\/\/kschmied.ch\/fr\/wp-json\/wp\/v2\/media\/26231"}],"wp:attachment":[{"href":"https:\/\/kschmied.ch\/fr\/wp-json\/wp\/v2\/media?parent=26224"}],"curies":[{"name":"wp","href":"https:\/\/api.w.org\/{rel}","templated":true}]}}