{"id":26207,"date":"2021-10-11T10:02:03","date_gmt":"2021-10-11T08:02:03","guid":{"rendered":"https:\/\/www.kschmied.ch\/conteneurs\/acheter-un-conteneur\/"},"modified":"2025-10-14T20:43:28","modified_gmt":"2025-10-14T18:43:28","slug":"acheter-un-conteneur","status":"publish","type":"page","link":"https:\/\/kschmied.ch\/fr\/acheter-un-conteneur\/","title":{"rendered":"ACHETER UN CONTENEUR"},"content":{"rendered":"<div id=\"pl-26207\"  class=\"panel-layout\" ><div id=\"pg-26207-0\"  class=\"panel-grid panel-no-style\" ><div id=\"pgc-26207-0-0\"  class=\"panel-grid-cell\" ><div id=\"panel-26207-0-0-0\" class=\"so-panel widget widget_sow-editor panel-first-child panel-last-child\" data-index=\"0\" ><div\n\t\t\t\n\t\t\tclass=\"so-widget-sow-editor so-widget-sow-editor-base\"\n\t\t\t\n\t\t>\n<div class=\"siteorigin-widget-tinymce textwidget\">\n\t<p>Nous proposons des <strong>conteneurs<\/strong> (conteneurs d'exp\u00e9dition, conteneurs de stockage et conteneurs \u00e0 construction rapide) \u00e0 <strong>ACHETER<\/strong> ou <strong>LOUER<\/strong> dans une large gamme de tailles, de types et de couleurs . Notre gamme principale comprend une large gamme de conteneurs maritimes, car ces conteneurs sont avant tout robustes et durables, et peuvent \u00e9galement \u00eatre exp\u00e9di\u00e9s dans le monde entier par notre propre transitaire (\u00e0 condition qu'ils aient une vignette CSC valide).<\/p>\n<p>C'est probablement l'une des raisons pour lesquelles les conteneurs maritimes sont utilis\u00e9s aujourd'hui pour une grande vari\u00e9t\u00e9 d'objectifs et de projets.<\/p>\n<p>Pour le d\u00e9chargement en Suisse, nous offrons une grande vari\u00e9t\u00e9 d'options de d\u00e9chargement, une grue sur camion \u00e9tant le plus souvent utilis\u00e9e lors du d\u00e9chargement de conteneurs maritimes VIDE.<\/p>\n<\/div>\n<\/div><\/div><\/div><\/div><div id=\"pg-26207-1\"  class=\"panel-grid panel-has-style\" ><div class=\"panel-row-style panel-row-style-for-26207-1\" ><div id=\"pgc-26207-1-0\"  class=\"panel-grid-cell\" ><div id=\"panel-26207-1-0-0\" class=\"so-panel widget widget_sow-editor panel-first-child panel-last-child\" data-index=\"1\" ><div class=\"panel-widget-style panel-widget-style-for-26207-1-0-0\" ><div\n\t\t\t\n\t\t\tclass=\"so-widget-sow-editor so-widget-sow-editor-base\"\n\t\t\t\n\t\t>\n<div class=\"siteorigin-widget-tinymce textwidget\">\n\t<\/div>\n<\/div><\/div><\/div><\/div><\/div><\/div><div id=\"pg-26207-2\"  class=\"panel-grid panel-no-style\" ><div id=\"pgc-26207-2-0\"  class=\"panel-grid-cell\" ><div id=\"panel-26207-2-0-0\" class=\"so-panel widget widget_sow-editor panel-first-child panel-last-child\" data-index=\"2\" ><div\n\t\t\t\n\t\t\tclass=\"so-widget-sow-editor so-widget-sow-editor-base\"\n\t\t\t\n\t\t>\n<div class=\"siteorigin-widget-tinymce textwidget\">\n\t<p>Cliquez ici pour enqu\u00eate gratuite pour l'achat d'un conteneur des types suivants:<\/p>\n<ul>\n<li>Conteneur d'exp\u00e9dition<\/li>\n<li>conteneur de stockage<\/li>\n<li>Conteneur de cr\u00e9ation rapide<\/li>\n<\/ul>\n<\/div>\n<\/div><\/div><\/div><div id=\"pgc-26207-2-1\"  class=\"panel-grid-cell\" ><div id=\"panel-26207-2-1-0\" class=\"so-panel widget widget_media_image panel-first-child panel-last-child\" data-index=\"3\" ><a href=\"https:\/\/www.kschmied.ch\/fr\/conteneurs\/requete-de-prix\/\"><img loading=\"lazy\" decoding=\"async\" width=\"300\" height=\"200\" src=\"https:\/\/kschmied.ch\/wp-content\/uploads\/2022\/05\/vente-de-conteneurs-300x200.jpg\" class=\"image wp-image-28951  attachment-medium size-medium\" alt=\"\" style=\"max-width: 100%; height: auto;\" srcset=\"https:\/\/kschmied.ch\/wp-content\/uploads\/2022\/05\/vente-de-conteneurs-300x200.jpg 300w, https:\/\/kschmied.ch\/wp-content\/uploads\/2022\/05\/vente-de-conteneurs-360x240.jpg 360w, https:\/\/kschmied.ch\/wp-content\/uploads\/2022\/05\/vente-de-conteneurs-500x333.jpg 500w, https:\/\/kschmied.ch\/wp-content\/uploads\/2022\/05\/vente-de-conteneurs-272x182.jpg 272w, https:\/\/kschmied.ch\/wp-content\/uploads\/2022\/05\/vente-de-conteneurs-400x267.jpg 400w, https:\/\/kschmied.ch\/wp-content\/uploads\/2022\/05\/vente-de-conteneurs.jpg 600w\" sizes=\"auto, (max-width: 300px) 100vw, 300px\" \/><\/a><\/div><\/div><\/div><div id=\"pg-26207-3\"  class=\"panel-grid panel-has-style\" ><div class=\"panel-row-style panel-row-style-for-26207-3\" ><div id=\"pgc-26207-3-0\"  class=\"panel-grid-cell\" ><div id=\"panel-26207-3-0-0\" class=\"so-panel widget widget_sow-editor panel-first-child panel-last-child\" data-index=\"4\" ><div class=\"panel-widget-style panel-widget-style-for-26207-3-0-0\" ><div\n\t\t\t\n\t\t\tclass=\"so-widget-sow-editor so-widget-sow-editor-base\"\n\t\t\t\n\t\t>\n<div class=\"siteorigin-widget-tinymce textwidget\">\n\t<\/div>\n<\/div><\/div><\/div><\/div><\/div><\/div><div id=\"pg-26207-4\"  class=\"panel-grid panel-no-style\" ><div id=\"pgc-26207-4-0\"  class=\"panel-grid-cell\" ><div id=\"panel-26207-4-0-0\" class=\"so-panel widget widget_sow-editor panel-first-child panel-last-child\" data-index=\"5\" ><div\n\t\t\t\n\t\t\tclass=\"so-widget-sow-editor so-widget-sow-editor-base\"\n\t\t\t\n\t\t>\n<div class=\"siteorigin-widget-tinymce textwidget\">\n\t<p>Si, par contre, vous \u00eates int\u00e9ress\u00e9 par la location de conteneurs, vous trouverez des d\u00e9tails sur nos <strong>CONTENEURS DE LOCATION<\/strong> sur <a href=\"\/?page_id=26264\">https:\/\/www.kschmied.ch\/fr\/contact\/demande-de-location-conteneur\/<\/a>.<\/p>\n<p>Vous pouvez \u00e9galement envoyer votre demande de location directement sur <a href=\"\/?page_id=26333\">https:\/\/www.kschmied.ch\/kontakt\/mietfrage\/<\/a> ou par t\u00e9l\u00e9phone (041 811 30 03) au nous.<\/p>\n<ul>\n<li>Conteneur de stockage de 10'<\/li>\n<li>Conteneur d'exp\u00e9dition \/ conteneur de stockage de 20'<\/li>\n<li>Conteneur d'exp\u00e9dition de 40'<\/li>\n<\/ul>\n<\/div>\n<\/div><\/div><\/div><div id=\"pgc-26207-4-1\"  class=\"panel-grid-cell\" ><div id=\"panel-26207-4-1-0\" class=\"so-panel widget widget_media_image panel-first-child panel-last-child\" data-index=\"6\" ><a href=\"https:\/\/www.kschmied.ch\/fr\/conteneurs\/conteneur-a-louer\/\"><img loading=\"lazy\" decoding=\"async\" width=\"300\" height=\"200\" src=\"https:\/\/kschmied.ch\/wp-content\/uploads\/2022\/05\/Miete_Container_FR-300x200.jpg\" class=\"image wp-image-28997  attachment-medium size-medium\" alt=\"\" style=\"max-width: 100%; height: auto;\" srcset=\"https:\/\/kschmied.ch\/wp-content\/uploads\/2022\/05\/Miete_Container_FR-300x200.jpg 300w, https:\/\/kschmied.ch\/wp-content\/uploads\/2022\/05\/Miete_Container_FR-360x240.jpg 360w, https:\/\/kschmied.ch\/wp-content\/uploads\/2022\/05\/Miete_Container_FR-500x333.jpg 500w, https:\/\/kschmied.ch\/wp-content\/uploads\/2022\/05\/Miete_Container_FR-272x182.jpg 272w, https:\/\/kschmied.ch\/wp-content\/uploads\/2022\/05\/Miete_Container_FR-400x267.jpg 400w, https:\/\/kschmied.ch\/wp-content\/uploads\/2022\/05\/Miete_Container_FR.jpg 600w\" sizes=\"auto, (max-width: 300px) 100vw, 300px\" \/><\/a><\/div><\/div><\/div><div id=\"pg-26207-5\"  class=\"panel-grid panel-has-style\" ><div class=\"panel-row-style panel-row-style-for-26207-5\" ><div id=\"pgc-26207-5-0\"  class=\"panel-grid-cell\" ><div id=\"panel-26207-5-0-0\" class=\"so-panel widget widget_sow-editor panel-first-child panel-last-child\" data-index=\"7\" ><div class=\"panel-widget-style panel-widget-style-for-26207-5-0-0\" ><div\n\t\t\t\n\t\t\tclass=\"so-widget-sow-editor so-widget-sow-editor-base\"\n\t\t\t\n\t\t>\n<div class=\"siteorigin-widget-tinymce textwidget\">\n\t<\/div>\n<\/div><\/div><\/div><\/div><\/div><\/div><div id=\"pg-26207-6\"  class=\"panel-grid panel-no-style\" ><div id=\"pgc-26207-6-0\"  class=\"panel-grid-cell\" ><div id=\"panel-26207-6-0-0\" class=\"so-panel widget widget_sow-editor panel-first-child panel-last-child\" data-index=\"8\" ><div\n\t\t\t\n\t\t\tclass=\"so-widget-sow-editor so-widget-sow-editor-base\"\n\t\t\t\n\t\t>\n<div class=\"siteorigin-widget-tinymce textwidget\">\n\t<p>Nous serions ravis de recevoir votre demande.<\/p>\n<\/div>\n<\/div><\/div><\/div><div id=\"pgc-26207-6-1\"  class=\"panel-grid-cell\" ><div id=\"panel-26207-6-1-0\" class=\"so-panel widget widget_sow-editor panel-first-child panel-last-child\" data-index=\"9\" ><div\n\t\t\t\n\t\t\tclass=\"so-widget-sow-editor so-widget-sow-editor-base\"\n\t\t\t\n\t\t>\n<div class=\"siteorigin-widget-tinymce textwidget\">\n\t<p><strong>Liens utiles :<\/strong><\/p>\n<p><a href=\"http:\/\/www.tis-gdv.de\/tis\/containe\/kontroll\/kontroll.htm\" target=\"_blank\" rel=\"noopener\">Kontrolle der Container (CSC)<\/a><\/p>\n<p><a href=\"https:\/\/www.imo.org\/en\/About\/Conventions\/Pages\/International-Convention-for-Safe-Containers-(CSC).aspx\" target=\"_blank\" rel=\"noopener\">Internationalen Vorschriften der Container Safety Convention (CSC)<\/a><\/p>\n<p>&nbsp;<\/p>\n<\/div>\n<\/div><\/div><\/div><\/div><\/div>","protected":false},"excerpt":{"rendered":"<p>Conteneurs de stockage dans les tailles 10&prime;, 20&prime; et 40&prime; \u00e0 louer en Suisse.<\/p>\n","protected":false},"author":1,"featured_media":28997,"parent":0,"menu_order":17,"comment_status":"closed","ping_status":"closed","template":"","meta":{"_acf_changed":false,"footnotes":""},"class_list":["post-26207","page","type-page","status-publish","has-post-thumbnail","hentry"],"acf":[],"yoast_head":"<!-- This site is optimized with the Yoast SEO Premium plugin v27.4 (Yoast SEO v27.4) - https:\/\/yoast.com\/product\/yoast-seo-premium-wordpress\/ -->\n<title>ACHETER UN CONTENEUR - K. Schmied AG \u2013 Conteneurs &amp; Exp\u00e9dition Suisse<\/title>\n<meta name=\"description\" content=\"Acheter un conteneur - conteneur de stockage, conteneur maritime, Double Door ou Side Door, neuf ou d&#039;occasion. Conteneurs de diff\u00e9rentes tailles.\" \/>\n<meta name=\"robots\" content=\"index, follow, max-snippet:-1, max-image-preview:large, max-video-preview:-1\" \/>\n<link rel=\"canonical\" href=\"https:\/\/kschmied.ch\/fr\/acheter-un-conteneur\/\" \/>\n<meta property=\"og:locale\" content=\"fr_FR\" \/>\n<meta property=\"og:type\" content=\"article\" \/>\n<meta property=\"og:title\" content=\"K. SCHMIED AG \u2013 Containerverkauf Schweiz\" \/>\n<meta property=\"og:description\" content=\"Ihr Partner f\u00fcr Seecontainer und Lagercontainer in der Schweiz \u2013 zum Kauf oder zur Miete, mit optionalem Kranablade-Service.\" \/>\n<meta property=\"og:url\" content=\"https:\/\/kschmied.ch\/fr\/acheter-un-conteneur\/\" \/>\n<meta property=\"og:site_name\" content=\"K. Schmied AG \u2013 Conteneurs &amp; Exp\u00e9dition Suisse\" \/>\n<meta property=\"article:modified_time\" content=\"2025-10-14T18:43:28+00:00\" \/>\n<meta property=\"og:image\" content=\"https:\/\/kschmied.ch\/wp-content\/uploads\/2022\/05\/Miete_Container_FR.jpg\" \/>\n\t<meta property=\"og:image:width\" content=\"600\" \/>\n\t<meta property=\"og:image:height\" content=\"400\" \/>\n\t<meta property=\"og:image:type\" content=\"image\/jpeg\" \/>\n<meta name=\"twitter:card\" content=\"summary_large_image\" \/>\n<meta name=\"twitter:label1\" content=\"Dur\u00e9e de lecture estim\u00e9e\" \/>\n\t<meta name=\"twitter:data1\" content=\"1 minute\" \/>\n<!-- \/ Yoast SEO Premium plugin. -->","yoast_head_json":{"title":"ACHETER UN CONTENEUR - K. Schmied AG \u2013 Conteneurs &amp; Exp\u00e9dition Suisse","description":"Acheter un conteneur - conteneur de stockage, conteneur maritime, Double Door ou Side Door, neuf ou d'occasion. Conteneurs de diff\u00e9rentes tailles.","robots":{"index":"index","follow":"follow","max-snippet":"max-snippet:-1","max-image-preview":"max-image-preview:large","max-video-preview":"max-video-preview:-1"},"canonical":"https:\/\/kschmied.ch\/fr\/acheter-un-conteneur\/","og_locale":"fr_FR","og_type":"article","og_title":"K. SCHMIED AG \u2013 Containerverkauf Schweiz","og_description":"Ihr Partner f\u00fcr Seecontainer und Lagercontainer in der Schweiz \u2013 zum Kauf oder zur Miete, mit optionalem Kranablade-Service.","og_url":"https:\/\/kschmied.ch\/fr\/acheter-un-conteneur\/","og_site_name":"K. Schmied AG \u2013 Conteneurs &amp; Exp\u00e9dition Suisse","article_modified_time":"2025-10-14T18:43:28+00:00","og_image":[{"width":600,"height":400,"url":"https:\/\/kschmied.ch\/wp-content\/uploads\/2022\/05\/Miete_Container_FR.jpg","type":"image\/jpeg"}],"twitter_card":"summary_large_image","twitter_misc":{"Dur\u00e9e de lecture estim\u00e9e":"1 minute"},"schema":{"@context":"https:\/\/schema.org","@graph":[{"@type":"WebPage","@id":"https:\/\/kschmied.ch\/fr\/acheter-un-conteneur\/","url":"https:\/\/kschmied.ch\/fr\/acheter-un-conteneur\/","name":"ACHETER UN CONTENEUR - K. Schmied AG \u2013 Conteneurs &amp; Exp\u00e9dition Suisse","isPartOf":{"@id":"https:\/\/kschmied.ch\/fr\/#website"},"primaryImageOfPage":{"@id":"https:\/\/kschmied.ch\/fr\/acheter-un-conteneur\/#primaryimage"},"image":{"@id":"https:\/\/kschmied.ch\/fr\/acheter-un-conteneur\/#primaryimage"},"thumbnailUrl":"https:\/\/kschmied.ch\/wp-content\/uploads\/2022\/05\/Miete_Container_FR.jpg","datePublished":"2021-10-11T08:02:03+00:00","dateModified":"2025-10-14T18:43:28+00:00","description":"Acheter un conteneur - conteneur de stockage, conteneur maritime, Double Door ou Side Door, neuf ou d'occasion. Conteneurs de diff\u00e9rentes tailles.","breadcrumb":{"@id":"https:\/\/kschmied.ch\/fr\/acheter-un-conteneur\/#breadcrumb"},"inLanguage":"fr-FR","potentialAction":[{"@type":"ReadAction","target":["https:\/\/kschmied.ch\/fr\/acheter-un-conteneur\/"]}]},{"@type":"ImageObject","inLanguage":"fr-FR","@id":"https:\/\/kschmied.ch\/fr\/acheter-un-conteneur\/#primaryimage","url":"https:\/\/kschmied.ch\/wp-content\/uploads\/2022\/05\/Miete_Container_FR.jpg","contentUrl":"https:\/\/kschmied.ch\/wp-content\/uploads\/2022\/05\/Miete_Container_FR.jpg","width":600,"height":400},{"@type":"BreadcrumbList","@id":"https:\/\/kschmied.ch\/fr\/acheter-un-conteneur\/#breadcrumb","itemListElement":[{"@type":"ListItem","position":1,"name":"Accueil","item":"https:\/\/kschmied.ch\/fr\/"},{"@type":"ListItem","position":2,"name":"ACHETER UN CONTENEUR"}]},{"@type":"WebSite","@id":"https:\/\/kschmied.ch\/fr\/#website","url":"https:\/\/kschmied.ch\/fr\/","name":"K. SCHMIED AG","description":"Commerce suisse de conteneurs &amp; exp\u00e9dition depuis 1979","publisher":{"@id":"https:\/\/kschmied.ch\/fr\/#organization"},"alternateName":"K. SCHMIED AG","potentialAction":[{"@type":"SearchAction","target":{"@type":"EntryPoint","urlTemplate":"https:\/\/kschmied.ch\/fr\/?s={search_term_string}"},"query-input":{"@type":"PropertyValueSpecification","valueRequired":true,"valueName":"search_term_string"}}],"inLanguage":"fr-FR"},{"@type":"Organization","@id":"https:\/\/kschmied.ch\/fr\/#organization","name":"K. SCHMIED AG","alternateName":"K. SCHMIED AG","url":"https:\/\/kschmied.ch\/fr\/","logo":{"@type":"ImageObject","inLanguage":"fr-FR","@id":"https:\/\/kschmied.ch\/fr\/#\/schema\/logo\/image\/","url":"https:\/\/kschmied.ch\/wp-content\/uploads\/2020\/07\/LOGO-gross.jpg","contentUrl":"https:\/\/kschmied.ch\/wp-content\/uploads\/2020\/07\/LOGO-gross.jpg","width":770,"height":240,"caption":"K. SCHMIED AG"},"image":{"@id":"https:\/\/kschmied.ch\/fr\/#\/schema\/logo\/image\/"},"sameAs":["https:\/\/ch.linkedin.com\/company\/k-schmied-ag"],"description":"K. SCHMIED AG ist ein f\u00fchrendes Unternehmen im Bereich Containerverkauf und -vermietung in der Schweiz. Mit langj\u00e4hriger Erfahrung bieten wir unseren Kunden robuste, langlebige Seecontainer, Lagercontainer und Schnellbaucontainer in verschiedenen Gr\u00f6\u00dfen und Ausf\u00fchrungen. Unser Service umfasst auch Transportl\u00f6sungen, ma\u00dfgeschneiderte Containeranforderungen und weltweiten Versand. Qualit\u00e4t, Kundenzufriedenheit und Zuverl\u00e4ssigkeit stehen bei uns an erster Stelle.","email":"info@kschmied.ch","telephone":"041 811 30 03","legalName":"K. SCHMIED internat. Transporte & Handels AG","foundingDate":"1979-01-01","vatID":"CHE-107.962.018 MWST","taxID":"CHE-107.962.018 MWST","numberOfEmployees":{"@type":"QuantitativeValue","minValue":"1","maxValue":"10"}}]}},"_links":{"self":[{"href":"https:\/\/kschmied.ch\/fr\/wp-json\/wp\/v2\/pages\/26207","targetHints":{"allow":["GET"]}}],"collection":[{"href":"https:\/\/kschmied.ch\/fr\/wp-json\/wp\/v2\/pages"}],"about":[{"href":"https:\/\/kschmied.ch\/fr\/wp-json\/wp\/v2\/types\/page"}],"author":[{"embeddable":true,"href":"https:\/\/kschmied.ch\/fr\/wp-json\/wp\/v2\/users\/1"}],"replies":[{"embeddable":true,"href":"https:\/\/kschmied.ch\/fr\/wp-json\/wp\/v2\/comments?post=26207"}],"version-history":[{"count":0,"href":"https:\/\/kschmied.ch\/fr\/wp-json\/wp\/v2\/pages\/26207\/revisions"}],"wp:featuredmedia":[{"embeddable":true,"href":"https:\/\/kschmied.ch\/fr\/wp-json\/wp\/v2\/media\/28997"}],"wp:attachment":[{"href":"https:\/\/kschmied.ch\/fr\/wp-json\/wp\/v2\/media?parent=26207"}],"curies":[{"name":"wp","href":"https:\/\/api.w.org\/{rel}","templated":true}]}}