{"id":33872,"date":"2024-04-26T10:50:01","date_gmt":"2024-04-26T08:50:01","guid":{"rendered":"https:\/\/www.kschmied.ch\/?post_type=product&#038;p=33872"},"modified":"2026-03-09T17:08:54","modified_gmt":"2026-03-09T16:08:54","slug":"10-double-door-container-steel-floor-new-one-way-sea-container-quality","status":"publish","type":"product","link":"https:\/\/kschmied.ch\/en\/container\/preisanfrage\/10-double-door-container-steel-floor-new-one-way-sea-container-quality\/","title":{"rendered":"10&#8242; Double Door Container, STEEL FLOOR, NEW\/new, sea container quality"},"content":{"rendered":"<p><strong>10 feet DOUBLE DOOR containers in sea container quality<\/strong> are used for the storage of various goods. This version has <strong>two double doors<\/strong>, a <strong>STEEL FLOOR <\/strong>and corresponding lock boxes (without lock &gt; also available from us on request) for increased security. Although this version is equipped with a CSC plate, such a 10&#8242; container usually has to be connected to another 10 foot container in order to be shipped. This is usually done when transporting empty containers after production in Asia when shipping to Europe. The smallest size in the overseas sector are 20&#8242; containers and therefore the 10&#8242; container is mainly intended\/suitable for storage purposes and <strong>NOT<\/strong> for overseas transportation. \u00a0<strong>AREAS OF APPLICATION:<\/strong><\/p>\n<ul>\n<li>Transport container (but <strong>not<\/strong>for overseas as the smallest container size in the overseas area is 20&#8242; container)<\/li>\n<li>Material warehouse, magazine on construction sites<\/li>\n<li>Mobile workshops<\/li>\n<\/ul>\n<p>&nbsp;<\/p>\n<p><strong>MODIFICATIONS:<\/strong> Depending on the requirements and area of application, we also offer various options for this sea container. Modifications.<\/p>\n","protected":false},"excerpt":{"rendered":"<p>Storage container &#8211; SQ10DDSF<\/p>\n<p><span style=\"color: #000000;\"><strong>COLORS: <\/strong><\/span><br \/>\n<span style=\"color: #000000;\">RAL 5013 (cobalt blue)<\/span><br \/>\n(other colors on request)<\/p>\n<p><span style=\"color: #00ff00;\">\u2714<\/span> ISO standardized frame construction<br \/>\n<span style=\"color: #00ff00;\">\u2714<\/span> Protective cap\/lock box<br \/>\n<span style=\"color: #00ff00;\">\u2714<\/span> Forklift pockets (side)<br \/>\n<span style=\"color: #00ff00;\">\u2714<\/span> <strong>Steel floor<\/strong><\/p>\n[maxbutton id=\"14\"]\n<p>&nbsp;<\/p>\n","protected":false},"featured_media":33875,"template":"","meta":{"_acf_changed":false},"product_brand":[],"product_cat":[350,348],"product_tag":[],"class_list":{"0":"post-33872","1":"product","2":"type-product","3":"status-publish","4":"has-post-thumbnail","6":"product_cat-seacontainer","7":"product_cat-storage-container-en","8":"pa_ausfuehrung-double-door-en","9":"pa_ausfuehrung-multi-door-en","10":"pa_aussenmasse-10-storage-container","11":"pa_boden-steel-floor","12":"pa_containertyp-sea-container","13":"pa_containertyp-storage-container","14":"pa_eigengewicht-1400-kg-1600-kg-depending-on-year-of-manufacture-and-model-series","15":"pa_groesse-10-foot-l-3m","16":"pa_haftungsausschluss-subject-to-errors-and-technical-changes","17":"pa_innenmasse-10-double-door-ctr-sea-container-quality","18":"pa_option-buy","19":"pa_tueroeffnung-40-box-sea-container","20":"pa_volumen-10-storage-container-en","21":"pa_zuladung-10-container-seacontainer-quality","22":"pa_zustand-neu-en","24":"first","25":"onbackorder","26":"taxable","27":"shipping-taxable","28":"product-type-simple"},"acf":[],"yoast_head":"<!-- This site is optimized with the Yoast SEO Premium plugin v27.4 (Yoast SEO v27.4) - https:\/\/yoast.com\/product\/yoast-seo-premium-wordpress\/ -->\n<title>10&#039; Double Door Container, STEEL FLOOR, NEW\/new, sea container quality - K. Schmied AG \u2013 Containers &amp; Shipping Switzerland<\/title>\n<meta name=\"robots\" content=\"index, follow, max-snippet:-1, max-image-preview:large, max-video-preview:-1\" \/>\n<link rel=\"canonical\" href=\"https:\/\/kschmied.ch\/en\/container\/preisanfrage\/10-double-door-container-steel-floor-new-one-way-sea-container-quality\/\" \/>\n<meta property=\"og:locale\" content=\"en_US\" \/>\n<meta property=\"og:type\" content=\"article\" \/>\n<meta property=\"og:title\" content=\"10&#039; Double Door Container, STEEL FLOOR, NEW\/new, sea container quality\" \/>\n<meta property=\"og:description\" content=\"Storage container - SQ10DDSF  COLORS:  RAL 5013 (cobalt blue) (other colors on request)  \u2714 ISO standardized frame construction \u2714 Protective cap\/lock box \u2714 Forklift pockets (side) \u2714 Steel floor    &nbsp;\" \/>\n<meta property=\"og:url\" content=\"https:\/\/kschmied.ch\/en\/container\/preisanfrage\/10-double-door-container-steel-floor-new-one-way-sea-container-quality\/\" \/>\n<meta property=\"og:site_name\" content=\"K. Schmied AG \u2013 Containers &amp; Shipping Switzerland\" \/>\n<meta property=\"article:modified_time\" content=\"2026-03-09T16:08:54+00:00\" \/>\n<meta property=\"og:image\" content=\"https:\/\/kschmied.ch\/wp-content\/uploads\/2024\/04\/10Fuss_DoubleDoor_Container_offen.webp\" \/>\n\t<meta property=\"og:image:width\" content=\"1535\" \/>\n\t<meta property=\"og:image:height\" content=\"1122\" \/>\n\t<meta property=\"og:image:type\" content=\"image\/webp\" \/>\n<meta name=\"twitter:card\" content=\"summary_large_image\" \/>\n<meta name=\"twitter:label1\" content=\"Price\" \/>\n\t<meta name=\"twitter:data1\" content=\"\" \/>\n\t<meta name=\"twitter:label2\" content=\"Availability\" \/>\n\t<meta name=\"twitter:data2\" content=\"On backorder\" \/>\n<meta property=\"product:price:currency\" content=\"CHF\" \/>\n<meta property=\"og:availability\" content=\"backorder\" \/>\n<meta property=\"product:availability\" content=\"available for order\" \/>\n<meta property=\"product:retailer_item_id\" content=\"SQ10DDSF\" \/>\n<meta property=\"product:condition\" content=\"new\" \/>\n<!-- \/ Yoast SEO Premium plugin. -->","yoast_head_json":{"title":"10' Double Door Container, STEEL FLOOR, NEW\/new, sea container quality - K. Schmied AG \u2013 Containers &amp; Shipping Switzerland","robots":{"index":"index","follow":"follow","max-snippet":"max-snippet:-1","max-image-preview":"max-image-preview:large","max-video-preview":"max-video-preview:-1"},"canonical":"https:\/\/kschmied.ch\/en\/container\/preisanfrage\/10-double-door-container-steel-floor-new-one-way-sea-container-quality\/","og_locale":"en_US","og_type":"article","og_title":"10' Double Door Container, STEEL FLOOR, NEW\/new, sea container quality","og_description":"Storage container - SQ10DDSF  COLORS:  RAL 5013 (cobalt blue) (other colors on request)  \u2714 ISO standardized frame construction \u2714 Protective cap\/lock box \u2714 Forklift pockets (side) \u2714 Steel floor    &nbsp;","og_url":"https:\/\/kschmied.ch\/en\/container\/preisanfrage\/10-double-door-container-steel-floor-new-one-way-sea-container-quality\/","og_site_name":"K. Schmied AG \u2013 Containers &amp; Shipping Switzerland","article_modified_time":"2026-03-09T16:08:54+00:00","og_image":[{"width":1535,"height":1122,"url":"https:\/\/kschmied.ch\/wp-content\/uploads\/2024\/04\/10Fuss_DoubleDoor_Container_offen.webp","type":"image\/webp"}],"twitter_card":"summary_large_image","twitter_misc":{"Price":"","Availability":"On backorder"},"schema":{"@context":"https:\/\/schema.org","@graph":[{"@type":"WebPage","@id":"https:\/\/kschmied.ch\/en\/container\/preisanfrage\/10-double-door-container-steel-floor-new-one-way-sea-container-quality\/","url":"https:\/\/kschmied.ch\/en\/container\/preisanfrage\/10-double-door-container-steel-floor-new-one-way-sea-container-quality\/","name":"10' Double Door Container, STEEL FLOOR, NEW\/new, sea container quality - K. Schmied AG \u2013 Containers &amp; Shipping Switzerland","isPartOf":{"@id":"https:\/\/kschmied.ch\/en\/#website"},"primaryImageOfPage":{"@id":"https:\/\/kschmied.ch\/en\/container\/preisanfrage\/10-double-door-container-steel-floor-new-one-way-sea-container-quality\/#primaryimage"},"image":{"@id":"https:\/\/kschmied.ch\/en\/container\/preisanfrage\/10-double-door-container-steel-floor-new-one-way-sea-container-quality\/#primaryimage"},"thumbnailUrl":"https:\/\/kschmied.ch\/wp-content\/uploads\/2024\/04\/10Fuss_DoubleDoor_Container_offen.webp","datePublished":"2024-04-26T08:50:01+00:00","dateModified":"2026-03-09T16:08:54+00:00","breadcrumb":{"@id":"https:\/\/kschmied.ch\/en\/container\/preisanfrage\/10-double-door-container-steel-floor-new-one-way-sea-container-quality\/#breadcrumb"},"inLanguage":"en-US","potentialAction":[{"@type":"ReadAction","target":["https:\/\/kschmied.ch\/en\/container\/preisanfrage\/10-double-door-container-steel-floor-new-one-way-sea-container-quality\/"]}]},{"@type":"ImageObject","inLanguage":"en-US","@id":"https:\/\/kschmied.ch\/en\/container\/preisanfrage\/10-double-door-container-steel-floor-new-one-way-sea-container-quality\/#primaryimage","url":"https:\/\/kschmied.ch\/wp-content\/uploads\/2024\/04\/10Fuss_DoubleDoor_Container_offen.webp","contentUrl":"https:\/\/kschmied.ch\/wp-content\/uploads\/2024\/04\/10Fuss_DoubleDoor_Container_offen.webp","width":1535,"height":1122,"caption":"10 foot double door container, steel floor"},{"@type":"BreadcrumbList","@id":"https:\/\/kschmied.ch\/en\/container\/preisanfrage\/10-double-door-container-steel-floor-new-one-way-sea-container-quality\/#breadcrumb","itemListElement":[{"@type":"ListItem","position":1,"name":"Accueil","item":"https:\/\/kschmied.ch\/en\/"},{"@type":"ListItem","position":2,"name":"10&#8242; Double Door Container, STEEL FLOOR, NEW\/new, sea container quality"}]},{"@type":"WebSite","@id":"https:\/\/kschmied.ch\/en\/#website","url":"https:\/\/kschmied.ch\/en\/","name":"K. SCHMIED AG","description":"Swiss container trading &amp; shipping since 1979","publisher":{"@id":"https:\/\/kschmied.ch\/en\/#organization"},"alternateName":"K. SCHMIED AG","potentialAction":[{"@type":"SearchAction","target":{"@type":"EntryPoint","urlTemplate":"https:\/\/kschmied.ch\/en\/?s={search_term_string}"},"query-input":{"@type":"PropertyValueSpecification","valueRequired":true,"valueName":"search_term_string"}}],"inLanguage":"en-US"},{"@type":"Organization","@id":"https:\/\/kschmied.ch\/en\/#organization","name":"K. SCHMIED AG","alternateName":"K. SCHMIED AG","url":"https:\/\/kschmied.ch\/en\/","logo":{"@type":"ImageObject","inLanguage":"en-US","@id":"https:\/\/kschmied.ch\/en\/#\/schema\/logo\/image\/","url":"https:\/\/kschmied.ch\/wp-content\/uploads\/2020\/07\/LOGO-gross.jpg","contentUrl":"https:\/\/kschmied.ch\/wp-content\/uploads\/2020\/07\/LOGO-gross.jpg","width":770,"height":240,"caption":"K. SCHMIED AG"},"image":{"@id":"https:\/\/kschmied.ch\/en\/#\/schema\/logo\/image\/"},"sameAs":["https:\/\/ch.linkedin.com\/company\/k-schmied-ag"],"description":"K. SCHMIED AG ist ein f\u00fchrendes Unternehmen im Bereich Containerverkauf und -vermietung in der Schweiz. Mit langj\u00e4hriger Erfahrung bieten wir unseren Kunden robuste, langlebige Seecontainer, Lagercontainer und Schnellbaucontainer in verschiedenen Gr\u00f6\u00dfen und Ausf\u00fchrungen. Unser Service umfasst auch Transportl\u00f6sungen, ma\u00dfgeschneiderte Containeranforderungen und weltweiten Versand. Qualit\u00e4t, Kundenzufriedenheit und Zuverl\u00e4ssigkeit stehen bei uns an erster Stelle.","email":"info@kschmied.ch","telephone":"041 811 30 03","legalName":"K. SCHMIED internat. Transporte & Handels AG","foundingDate":"1979-01-01","vatID":"CHE-107.962.018 MWST","taxID":"CHE-107.962.018 MWST","numberOfEmployees":{"@type":"QuantitativeValue","minValue":"1","maxValue":"10"}}]},"product_price_currency":"CHF","og_availability":"backorder","product_availability":"available for order","product_retailer_item_id":"SQ10DDSF","product_condition":"new"},"_links":{"self":[{"href":"https:\/\/kschmied.ch\/en\/wp-json\/wp\/v2\/product\/33872","targetHints":{"allow":["GET"]}}],"collection":[{"href":"https:\/\/kschmied.ch\/en\/wp-json\/wp\/v2\/product"}],"about":[{"href":"https:\/\/kschmied.ch\/en\/wp-json\/wp\/v2\/types\/product"}],"wp:featuredmedia":[{"embeddable":true,"href":"https:\/\/kschmied.ch\/en\/wp-json\/wp\/v2\/media\/33875"}],"wp:attachment":[{"href":"https:\/\/kschmied.ch\/en\/wp-json\/wp\/v2\/media?parent=33872"}],"wp:term":[{"taxonomy":"product_brand","embeddable":true,"href":"https:\/\/kschmied.ch\/en\/wp-json\/wp\/v2\/product_brand?post=33872"},{"taxonomy":"product_cat","embeddable":true,"href":"https:\/\/kschmied.ch\/en\/wp-json\/wp\/v2\/product_cat?post=33872"},{"taxonomy":"product_tag","embeddable":true,"href":"https:\/\/kschmied.ch\/en\/wp-json\/wp\/v2\/product_tag?post=33872"}],"curies":[{"name":"wp","href":"https:\/\/api.w.org\/{rel}","templated":true}]}}