{"id":33038,"date":"2023-11-27T11:29:23","date_gmt":"2023-11-27T10:29:23","guid":{"rendered":"https:\/\/www.kschmied.ch\/?post_type=product&#038;p=33038"},"modified":"2026-03-09T17:08:54","modified_gmt":"2026-03-09T16:08:54","slug":"40-high-cube-shipping-container-new-one-way-for-rental","status":"publish","type":"product","link":"https:\/\/kschmied.ch\/en\/container\/preisanfrage\/40-high-cube-shipping-container-new-one-way-for-rental\/","title":{"rendered":"40&#8242; HIGH CUBE Box sea container, NEW\/new &#8211; RENTAL CONTAINER"},"content":{"rendered":"<p><strong>40 Foot HIGH CUBE Box &#8211; Seacontainer<\/strong> are 30 cm \/ 1 feet higher than the standard 40 &#8216;box shipping container. It has a double door at the back which is closed with locking bars.<\/p>\n<p>Thanks to the robust, durable and stackable properties of shipping containers, these popular containers can be used in a wide variety of ways.<\/p>\n<p>&nbsp;<\/p>\n<p><strong>AREAS OF APPLICATION:<\/strong><\/p>\n<ul>\n<li>Transport containers<\/li>\n<li>Material storage, tire storage, magazine on construction sites<\/li>\n<li>Mobile workshops<\/li>\n<li>Construction projects<\/li>\n<li>Art objects<\/li>\n<\/ul>\n<p>&nbsp;<\/p>\n<p><strong>NEW\/new value &#8211; RENTAL CONTAINER:<\/strong><\/p>\n<p>These rental containers are usually 1-3 years old and have either not yet been rented out or have only been used rarely. This means that they look correspondingly newer\/newer.<\/p>\n<p>&nbsp;<\/p>\n<p><strong>PHOTOS:<\/strong><\/p>\n<p>The pictures show sample photos of new containers. Please note that the condition and color of rental containers may vary.<\/p>\n","protected":false},"excerpt":{"rendered":"<div>HIGH CUBE Box\/HC &#8211; Seacontainer<\/div>\n<p><span style=\"color: #000000;\"><strong>COLOR(S): <\/strong><\/span><br \/>\n<span style=\"color: #000000;\">according to availability<\/span><\/p>\n<p><span style=\"color: #00ff00;\">\u2714<\/span> ISO standardized<br \/>\n<span style=\"color: #00ff00;\">\u2714<\/span> Wind- and watertight (WWT)<br \/>\n<span style=\"color: #00ff00;\">\u2714<\/span> Corten steel (hardened, weatherproof steel)<br \/>\n<span style=\"color: #00ff00;\">\u2714<\/span> Plywood floor<\/p>\n<p><a href=\"\/en\/enquiry\/\" class=\"btn-back\">Back to overview<\/a><\/p>\n<p>&nbsp;<\/p>\n","protected":false},"featured_media":4066,"template":"","meta":{"_acf_changed":false},"product_brand":[],"product_cat":[350,348],"product_tag":[],"class_list":{"0":"post-33038","1":"product","2":"type-product","3":"status-publish","4":"has-post-thumbnail","6":"product_cat-seacontainer","7":"product_cat-storage-container-en","8":"pa_ausfuehrung-high-cube-en","9":"pa_aussenmasse-40-high-cube-sea-container","10":"pa_boden-plywood-bamboo-steel-floor-on-request","11":"pa_containertyp-sea-container","12":"pa_containertyp-storage-container","13":"pa_eigengewicht-40-high-cube-sea-container","14":"pa_groesse-40-foot-l-12m","15":"pa_haftungsausschluss-subject-to-errors-and-technical-changes","16":"pa_innenmasse-40-high-cube-seecontainer-en","17":"pa_option-rent","18":"pa_tueroeffnung-20-high-cube-sea-container","19":"pa_volumen-40-high-cube-sea-container","20":"pa_zuladung-max-24-t-en","21":"pa_zustand-neu-en","23":"first","24":"instock","25":"taxable","26":"shipping-taxable","27":"product-type-simple"},"acf":[],"yoast_head":"<!-- This site is optimized with the Yoast SEO Premium plugin v27.4 (Yoast SEO v27.4) - https:\/\/yoast.com\/product\/yoast-seo-premium-wordpress\/ -->\n<title>40&#039; HIGH CUBE Box sea container, NEW\/new - RENTAL CONTAINER - K. Schmied AG \u2013 Containers &amp; Shipping Switzerland<\/title>\n<meta name=\"robots\" content=\"index, follow, max-snippet:-1, max-image-preview:large, max-video-preview:-1\" \/>\n<link rel=\"canonical\" href=\"https:\/\/kschmied.ch\/en\/container\/preisanfrage\/40-high-cube-shipping-container-new-one-way-for-rental\/\" \/>\n<meta property=\"og:locale\" content=\"en_US\" \/>\n<meta property=\"og:type\" content=\"article\" \/>\n<meta property=\"og:title\" content=\"40&#039; HIGH CUBE Box sea container, NEW\/new - RENTAL CONTAINER\" \/>\n<meta property=\"og:description\" content=\"HIGH CUBE Box\/HC - Seacontainer COLOR(S): according to availability \u2714 ISO standardized \u2714 Wind- and watertight (WWT) \u2714 Corten steel (hardened, weatherproof steel) \u2714 Plywood floor Back to overview &nbsp;\" \/>\n<meta property=\"og:url\" content=\"https:\/\/kschmied.ch\/en\/container\/preisanfrage\/40-high-cube-shipping-container-new-one-way-for-rental\/\" \/>\n<meta property=\"og:site_name\" content=\"K. Schmied AG \u2013 Containers &amp; Shipping Switzerland\" \/>\n<meta property=\"article:modified_time\" content=\"2026-03-09T16:08:54+00:00\" \/>\n<meta property=\"og:image\" content=\"https:\/\/kschmied.ch\/wp-content\/uploads\/2019\/07\/20HighCube_Seecontainer.jpg\" \/>\n\t<meta property=\"og:image:width\" content=\"740\" \/>\n\t<meta property=\"og:image:height\" content=\"540\" \/>\n\t<meta property=\"og:image:type\" content=\"image\/jpeg\" \/>\n<meta name=\"twitter:card\" content=\"summary_large_image\" \/>\n<meta name=\"twitter:label1\" content=\"Price\" \/>\n\t<meta name=\"twitter:data1\" content=\"\" \/>\n\t<meta name=\"twitter:label2\" content=\"Availability\" \/>\n\t<meta name=\"twitter:data2\" content=\"In stock\" \/>\n<meta property=\"product:price:currency\" content=\"CHF\" \/>\n<meta property=\"og:availability\" content=\"instock\" \/>\n<meta property=\"product:availability\" content=\"instock\" \/>\n<meta property=\"product:retailer_item_id\" content=\"HCDV40N-M\" \/>\n<meta property=\"product:condition\" content=\"new\" \/>\n<!-- \/ Yoast SEO Premium plugin. -->","yoast_head_json":{"title":"40' HIGH CUBE Box sea container, NEW\/new - RENTAL CONTAINER - K. Schmied AG \u2013 Containers &amp; Shipping Switzerland","robots":{"index":"index","follow":"follow","max-snippet":"max-snippet:-1","max-image-preview":"max-image-preview:large","max-video-preview":"max-video-preview:-1"},"canonical":"https:\/\/kschmied.ch\/en\/container\/preisanfrage\/40-high-cube-shipping-container-new-one-way-for-rental\/","og_locale":"en_US","og_type":"article","og_title":"40' HIGH CUBE Box sea container, NEW\/new - RENTAL CONTAINER","og_description":"HIGH CUBE Box\/HC - Seacontainer COLOR(S): according to availability \u2714 ISO standardized \u2714 Wind- and watertight (WWT) \u2714 Corten steel (hardened, weatherproof steel) \u2714 Plywood floor Back to overview &nbsp;","og_url":"https:\/\/kschmied.ch\/en\/container\/preisanfrage\/40-high-cube-shipping-container-new-one-way-for-rental\/","og_site_name":"K. Schmied AG \u2013 Containers &amp; Shipping Switzerland","article_modified_time":"2026-03-09T16:08:54+00:00","og_image":[{"width":740,"height":540,"url":"https:\/\/kschmied.ch\/wp-content\/uploads\/2019\/07\/20HighCube_Seecontainer.jpg","type":"image\/jpeg"}],"twitter_card":"summary_large_image","twitter_misc":{"Price":"","Availability":"In stock"},"schema":{"@context":"https:\/\/schema.org","@graph":[{"@type":"WebPage","@id":"https:\/\/kschmied.ch\/en\/container\/preisanfrage\/40-high-cube-shipping-container-new-one-way-for-rental\/","url":"https:\/\/kschmied.ch\/en\/container\/preisanfrage\/40-high-cube-shipping-container-new-one-way-for-rental\/","name":"40' HIGH CUBE Box sea container, NEW\/new - RENTAL CONTAINER - K. Schmied AG \u2013 Containers &amp; Shipping Switzerland","isPartOf":{"@id":"https:\/\/kschmied.ch\/en\/#website"},"primaryImageOfPage":{"@id":"https:\/\/kschmied.ch\/en\/container\/preisanfrage\/40-high-cube-shipping-container-new-one-way-for-rental\/#primaryimage"},"image":{"@id":"https:\/\/kschmied.ch\/en\/container\/preisanfrage\/40-high-cube-shipping-container-new-one-way-for-rental\/#primaryimage"},"thumbnailUrl":"https:\/\/kschmied.ch\/wp-content\/uploads\/2019\/07\/20HighCube_Seecontainer.jpg","datePublished":"2023-11-27T10:29:23+00:00","dateModified":"2026-03-09T16:08:54+00:00","breadcrumb":{"@id":"https:\/\/kschmied.ch\/en\/container\/preisanfrage\/40-high-cube-shipping-container-new-one-way-for-rental\/#breadcrumb"},"inLanguage":"en-US","potentialAction":[{"@type":"ReadAction","target":["https:\/\/kschmied.ch\/en\/container\/preisanfrage\/40-high-cube-shipping-container-new-one-way-for-rental\/"]}]},{"@type":"ImageObject","inLanguage":"en-US","@id":"https:\/\/kschmied.ch\/en\/container\/preisanfrage\/40-high-cube-shipping-container-new-one-way-for-rental\/#primaryimage","url":"https:\/\/kschmied.ch\/wp-content\/uploads\/2019\/07\/20HighCube_Seecontainer.jpg","contentUrl":"https:\/\/kschmied.ch\/wp-content\/uploads\/2019\/07\/20HighCube_Seecontainer.jpg","width":740,"height":540,"caption":"40' High Cube Box Shipping Container"},{"@type":"BreadcrumbList","@id":"https:\/\/kschmied.ch\/en\/container\/preisanfrage\/40-high-cube-shipping-container-new-one-way-for-rental\/#breadcrumb","itemListElement":[{"@type":"ListItem","position":1,"name":"Accueil","item":"https:\/\/kschmied.ch\/en\/"},{"@type":"ListItem","position":2,"name":"40&#8242; HIGH CUBE Box sea container, NEW\/new &#8211; RENTAL CONTAINER"}]},{"@type":"WebSite","@id":"https:\/\/kschmied.ch\/en\/#website","url":"https:\/\/kschmied.ch\/en\/","name":"K. SCHMIED AG","description":"Swiss container trading &amp; shipping since 1979","publisher":{"@id":"https:\/\/kschmied.ch\/en\/#organization"},"alternateName":"K. SCHMIED AG","potentialAction":[{"@type":"SearchAction","target":{"@type":"EntryPoint","urlTemplate":"https:\/\/kschmied.ch\/en\/?s={search_term_string}"},"query-input":{"@type":"PropertyValueSpecification","valueRequired":true,"valueName":"search_term_string"}}],"inLanguage":"en-US"},{"@type":"Organization","@id":"https:\/\/kschmied.ch\/en\/#organization","name":"K. SCHMIED AG","alternateName":"K. SCHMIED AG","url":"https:\/\/kschmied.ch\/en\/","logo":{"@type":"ImageObject","inLanguage":"en-US","@id":"https:\/\/kschmied.ch\/en\/#\/schema\/logo\/image\/","url":"https:\/\/kschmied.ch\/wp-content\/uploads\/2020\/07\/LOGO-gross.jpg","contentUrl":"https:\/\/kschmied.ch\/wp-content\/uploads\/2020\/07\/LOGO-gross.jpg","width":770,"height":240,"caption":"K. SCHMIED AG"},"image":{"@id":"https:\/\/kschmied.ch\/en\/#\/schema\/logo\/image\/"},"sameAs":["https:\/\/ch.linkedin.com\/company\/k-schmied-ag"],"description":"K. SCHMIED AG ist ein f\u00fchrendes Unternehmen im Bereich Containerverkauf und -vermietung in der Schweiz. Mit langj\u00e4hriger Erfahrung bieten wir unseren Kunden robuste, langlebige Seecontainer, Lagercontainer und Schnellbaucontainer in verschiedenen Gr\u00f6\u00dfen und Ausf\u00fchrungen. Unser Service umfasst auch Transportl\u00f6sungen, ma\u00dfgeschneiderte Containeranforderungen und weltweiten Versand. Qualit\u00e4t, Kundenzufriedenheit und Zuverl\u00e4ssigkeit stehen bei uns an erster Stelle.","email":"info@kschmied.ch","telephone":"041 811 30 03","legalName":"K. SCHMIED internat. Transporte & Handels AG","foundingDate":"1979-01-01","vatID":"CHE-107.962.018 MWST","taxID":"CHE-107.962.018 MWST","numberOfEmployees":{"@type":"QuantitativeValue","minValue":"1","maxValue":"10"}}]},"product_price_currency":"CHF","og_availability":"instock","product_availability":"instock","product_retailer_item_id":"HCDV40N-M","product_condition":"new"},"_links":{"self":[{"href":"https:\/\/kschmied.ch\/en\/wp-json\/wp\/v2\/product\/33038","targetHints":{"allow":["GET"]}}],"collection":[{"href":"https:\/\/kschmied.ch\/en\/wp-json\/wp\/v2\/product"}],"about":[{"href":"https:\/\/kschmied.ch\/en\/wp-json\/wp\/v2\/types\/product"}],"wp:featuredmedia":[{"embeddable":true,"href":"https:\/\/kschmied.ch\/en\/wp-json\/wp\/v2\/media\/4066"}],"wp:attachment":[{"href":"https:\/\/kschmied.ch\/en\/wp-json\/wp\/v2\/media?parent=33038"}],"wp:term":[{"taxonomy":"product_brand","embeddable":true,"href":"https:\/\/kschmied.ch\/en\/wp-json\/wp\/v2\/product_brand?post=33038"},{"taxonomy":"product_cat","embeddable":true,"href":"https:\/\/kschmied.ch\/en\/wp-json\/wp\/v2\/product_cat?post=33038"},{"taxonomy":"product_tag","embeddable":true,"href":"https:\/\/kschmied.ch\/en\/wp-json\/wp\/v2\/product_tag?post=33038"}],"curies":[{"name":"wp","href":"https:\/\/api.w.org\/{rel}","templated":true}]}}