{"id":31594,"date":"2023-04-06T15:34:43","date_gmt":"2023-04-06T13:34:43","guid":{"rendered":"https:\/\/www.kschmied.ch\/?post_type=product&#038;p=31594"},"modified":"2026-03-09T17:08:47","modified_gmt":"2026-03-09T16:08:47","slug":"40-pallet-wide-sea-container-used","status":"publish","type":"product","link":"https:\/\/kschmied.ch\/en\/container\/preisanfrage\/40-pallet-wide-sea-container-used\/","title":{"rendered":"40&#8242; PALLET WIDE sea container, used"},"content":{"rendered":"<p><strong>40 feet PALLET WIDE &#8211; sea container<\/strong> with an internal width of approx. 2400 mm offers space for two Euro pallets side by side and thus not stacked for 30 EUR pallets (1200mm x 800mm). It was specially designed for optimal use of space with Euro pallets.<\/p>\n<p>Thanks to the robust, durable and stackable properties of shipping containers, these popular containers can be used in a wide variety of ways.<\/p>\n<p>&nbsp;<\/p>\n<p><strong>AREAS OF APPLICATION:<\/strong><\/p>\n<ul>\n<li>Transport containers<\/li>\n<li>Material storage, tire storage, magazine on construction sites<\/li>\n<li>Construction projects<\/li>\n<li>Art objects<\/li>\n<\/ul>\n<p>&nbsp;<\/p>\n<p><strong>CONDITION &#8211; USED:<\/strong><\/p>\n<p>Wind- and watertight repaired, welded, not visually embellished &#8211; not repainted, light to medium surface rust, slight to medium dents and abrasions \/ overall good visual impression.<\/p>\n<p><strong>Note:<\/strong> Occasions containers are approx. 9-14 years old and for further use of approx. 3-5 years or longer\/shorter (e.g. as storage or for overseas transportation within approx. 1 year  acc. &gt; CSC validity). The duration of use is strongly dependent on the weather, the location, the preparation \/ maintenance of the containers (such as renewing the roof paint, etc.), as well as other factors.<\/p>\n<p>We recommend new containers for longer use.<\/p>\n<p>&nbsp;<\/p>\n<p><strong>MODIFICATIONS:<\/strong><\/p>\n<p>Depending on the requirements and area of application, we also offer various Modifications.<\/p>\n","protected":false},"excerpt":{"rendered":"<p>HC PW &#8211; Shipping container<\/p>\n<p><span style=\"color: #000000;\"><strong>COLOR(S): <\/strong><\/span><br \/>\n<span style=\"color: #000000;\">(on request)<\/span><\/p>\n<p><span style=\"color: #00ff00;\">\u2714<\/span> ISO standardized<br \/>\n<span style=\"color: #00ff00;\">\u2714<\/span> Wind- and watertight (WWT)<br \/>\n<span style=\"color: #00ff00;\">\u2714<\/span> Valid CSC plate (approx. 1 year)<br \/>\n<span style=\"color: #00ff00;\">\u2714<\/span> <strong>Duty paid<\/strong> in Switzerland<br \/>\n<span style=\"color: #00ff00;\">\u2714<\/span> Stackable<br \/>\n<span style=\"color: #00ff00;\">\u2714<\/span> Plywood floor<\/p>\n<p><a href=\"\/en\/enquiry\/\" class=\"btn-back\">Back to overview<\/a><\/p>\n<p>&nbsp;<\/p>\n","protected":false},"featured_media":31599,"template":"","meta":{"_acf_changed":false},"product_brand":[],"product_cat":[350,348],"product_tag":[],"class_list":{"0":"post-31594","1":"product","2":"type-product","3":"status-publish","4":"has-post-thumbnail","6":"product_cat-seacontainer","7":"product_cat-storage-container-en","8":"pa_ausfuehrung-pallet-wide-en","9":"pa_aussenmasse-12192-x-2462-x-2591-mm-iso-standardized","10":"pa_boden-plywood-bamboo-steel-floor-on-request","11":"pa_containertyp-sea-container","12":"pa_eigengewicht-3800-kg-4300-kg-depending-on-year-of-manufacture-and-model-series","13":"pa_groesse-40-foot-l-12m","14":"pa_haftungsausschluss-subject-to-errors-and-technical-changes","15":"pa_innenmasse-12050-x-2420-x-2370-mm-20-mm-depending-on-year-type","16":"pa_option-buy","17":"pa_tueroeffnung-2400-x-2280-mm-40-mm-depending-on-year-type","18":"pa_volumen-approx-69-m3","19":"pa_zuladung-40-box-sea-container","20":"pa_zustand-used","22":"first","23":"onbackorder","24":"taxable","25":"shipping-taxable","26":"product-type-simple"},"acf":[],"yoast_head":"<!-- This site is optimized with the Yoast SEO Premium plugin v27.4 (Yoast SEO v27.4) - https:\/\/yoast.com\/product\/yoast-seo-premium-wordpress\/ -->\n<title>40&#039; PALLET WIDE sea container, used - K. Schmied AG \u2013 Containers &amp; Shipping Switzerland<\/title>\n<meta name=\"robots\" content=\"index, follow, max-snippet:-1, max-image-preview:large, max-video-preview:-1\" \/>\n<link rel=\"canonical\" href=\"https:\/\/kschmied.ch\/en\/container\/preisanfrage\/40-pallet-wide-sea-container-used\/\" \/>\n<meta property=\"og:locale\" content=\"en_US\" \/>\n<meta property=\"og:type\" content=\"article\" \/>\n<meta property=\"og:title\" content=\"40&#039; PALLET WIDE sea container, used\" \/>\n<meta property=\"og:description\" content=\"HC PW - Shipping container COLOR(S): (on request) \u2714 ISO standardized \u2714 Wind- and watertight (WWT) \u2714 Valid CSC plate (approx. 1 year) \u2714 Duty paid in Switzerland \u2714 Stackable \u2714 Plywood floor Back to overview &nbsp;\" \/>\n<meta property=\"og:url\" content=\"https:\/\/kschmied.ch\/en\/container\/preisanfrage\/40-pallet-wide-sea-container-used\/\" \/>\n<meta property=\"og:site_name\" content=\"K. Schmied AG \u2013 Containers &amp; Shipping Switzerland\" \/>\n<meta property=\"article:modified_time\" content=\"2026-03-09T16:08:47+00:00\" \/>\n<meta property=\"og:image\" content=\"https:\/\/kschmied.ch\/wp-content\/uploads\/2023\/04\/40-PalletWide-Container.jpg\" \/>\n\t<meta property=\"og:image:width\" content=\"740\" \/>\n\t<meta property=\"og:image:height\" content=\"540\" \/>\n\t<meta property=\"og:image:type\" content=\"image\/jpeg\" \/>\n<meta name=\"twitter:card\" content=\"summary_large_image\" \/>\n<meta name=\"twitter:label1\" content=\"Price\" \/>\n\t<meta name=\"twitter:data1\" content=\"\" \/>\n\t<meta name=\"twitter:label2\" content=\"Availability\" \/>\n\t<meta name=\"twitter:data2\" content=\"On backorder\" \/>\n<meta property=\"product:price:currency\" content=\"CHF\" \/>\n<meta property=\"og:availability\" content=\"backorder\" \/>\n<meta property=\"product:availability\" content=\"available for order\" \/>\n<meta property=\"product:retailer_item_id\" content=\"PW40U\" \/>\n<meta property=\"product:condition\" content=\"new\" \/>\n<!-- \/ Yoast SEO Premium plugin. -->","yoast_head_json":{"title":"40' PALLET WIDE sea container, used - K. Schmied AG \u2013 Containers &amp; Shipping Switzerland","robots":{"index":"index","follow":"follow","max-snippet":"max-snippet:-1","max-image-preview":"max-image-preview:large","max-video-preview":"max-video-preview:-1"},"canonical":"https:\/\/kschmied.ch\/en\/container\/preisanfrage\/40-pallet-wide-sea-container-used\/","og_locale":"en_US","og_type":"article","og_title":"40' PALLET WIDE sea container, used","og_description":"HC PW - Shipping container COLOR(S): (on request) \u2714 ISO standardized \u2714 Wind- and watertight (WWT) \u2714 Valid CSC plate (approx. 1 year) \u2714 Duty paid in Switzerland \u2714 Stackable \u2714 Plywood floor Back to overview &nbsp;","og_url":"https:\/\/kschmied.ch\/en\/container\/preisanfrage\/40-pallet-wide-sea-container-used\/","og_site_name":"K. Schmied AG \u2013 Containers &amp; Shipping Switzerland","article_modified_time":"2026-03-09T16:08:47+00:00","og_image":[{"width":740,"height":540,"url":"https:\/\/kschmied.ch\/wp-content\/uploads\/2023\/04\/40-PalletWide-Container.jpg","type":"image\/jpeg"}],"twitter_card":"summary_large_image","twitter_misc":{"Price":"","Availability":"On backorder"},"schema":{"@context":"https:\/\/schema.org","@graph":[{"@type":"WebPage","@id":"https:\/\/kschmied.ch\/en\/container\/preisanfrage\/40-pallet-wide-sea-container-used\/","url":"https:\/\/kschmied.ch\/en\/container\/preisanfrage\/40-pallet-wide-sea-container-used\/","name":"40' PALLET WIDE sea container, used - K. Schmied AG \u2013 Containers &amp; Shipping Switzerland","isPartOf":{"@id":"https:\/\/kschmied.ch\/en\/#website"},"primaryImageOfPage":{"@id":"https:\/\/kschmied.ch\/en\/container\/preisanfrage\/40-pallet-wide-sea-container-used\/#primaryimage"},"image":{"@id":"https:\/\/kschmied.ch\/en\/container\/preisanfrage\/40-pallet-wide-sea-container-used\/#primaryimage"},"thumbnailUrl":"https:\/\/kschmied.ch\/wp-content\/uploads\/2023\/04\/40-PalletWide-Container.jpg","datePublished":"2023-04-06T13:34:43+00:00","dateModified":"2026-03-09T16:08:47+00:00","breadcrumb":{"@id":"https:\/\/kschmied.ch\/en\/container\/preisanfrage\/40-pallet-wide-sea-container-used\/#breadcrumb"},"inLanguage":"en-US","potentialAction":[{"@type":"ReadAction","target":["https:\/\/kschmied.ch\/en\/container\/preisanfrage\/40-pallet-wide-sea-container-used\/"]}]},{"@type":"ImageObject","inLanguage":"en-US","@id":"https:\/\/kschmied.ch\/en\/container\/preisanfrage\/40-pallet-wide-sea-container-used\/#primaryimage","url":"https:\/\/kschmied.ch\/wp-content\/uploads\/2023\/04\/40-PalletWide-Container.jpg","contentUrl":"https:\/\/kschmied.ch\/wp-content\/uploads\/2023\/04\/40-PalletWide-Container.jpg","width":740,"height":540,"caption":"40' Pallet Wide sea container, used"},{"@type":"BreadcrumbList","@id":"https:\/\/kschmied.ch\/en\/container\/preisanfrage\/40-pallet-wide-sea-container-used\/#breadcrumb","itemListElement":[{"@type":"ListItem","position":1,"name":"Accueil","item":"https:\/\/kschmied.ch\/en\/"},{"@type":"ListItem","position":2,"name":"40&#8242; PALLET WIDE sea container, used"}]},{"@type":"WebSite","@id":"https:\/\/kschmied.ch\/en\/#website","url":"https:\/\/kschmied.ch\/en\/","name":"K. SCHMIED AG","description":"Swiss container trading &amp; shipping since 1979","publisher":{"@id":"https:\/\/kschmied.ch\/en\/#organization"},"alternateName":"K. SCHMIED AG","potentialAction":[{"@type":"SearchAction","target":{"@type":"EntryPoint","urlTemplate":"https:\/\/kschmied.ch\/en\/?s={search_term_string}"},"query-input":{"@type":"PropertyValueSpecification","valueRequired":true,"valueName":"search_term_string"}}],"inLanguage":"en-US"},{"@type":"Organization","@id":"https:\/\/kschmied.ch\/en\/#organization","name":"K. SCHMIED AG","alternateName":"K. SCHMIED AG","url":"https:\/\/kschmied.ch\/en\/","logo":{"@type":"ImageObject","inLanguage":"en-US","@id":"https:\/\/kschmied.ch\/en\/#\/schema\/logo\/image\/","url":"https:\/\/kschmied.ch\/wp-content\/uploads\/2020\/07\/LOGO-gross.jpg","contentUrl":"https:\/\/kschmied.ch\/wp-content\/uploads\/2020\/07\/LOGO-gross.jpg","width":770,"height":240,"caption":"K. SCHMIED AG"},"image":{"@id":"https:\/\/kschmied.ch\/en\/#\/schema\/logo\/image\/"},"sameAs":["https:\/\/ch.linkedin.com\/company\/k-schmied-ag"],"description":"K. SCHMIED AG ist ein f\u00fchrendes Unternehmen im Bereich Containerverkauf und -vermietung in der Schweiz. Mit langj\u00e4hriger Erfahrung bieten wir unseren Kunden robuste, langlebige Seecontainer, Lagercontainer und Schnellbaucontainer in verschiedenen Gr\u00f6\u00dfen und Ausf\u00fchrungen. Unser Service umfasst auch Transportl\u00f6sungen, ma\u00dfgeschneiderte Containeranforderungen und weltweiten Versand. Qualit\u00e4t, Kundenzufriedenheit und Zuverl\u00e4ssigkeit stehen bei uns an erster Stelle.","email":"info@kschmied.ch","telephone":"041 811 30 03","legalName":"K. SCHMIED internat. Transporte & Handels AG","foundingDate":"1979-01-01","vatID":"CHE-107.962.018 MWST","taxID":"CHE-107.962.018 MWST","numberOfEmployees":{"@type":"QuantitativeValue","minValue":"1","maxValue":"10"}}]},"product_price_currency":"CHF","og_availability":"backorder","product_availability":"available for order","product_retailer_item_id":"PW40U","product_condition":"new"},"_links":{"self":[{"href":"https:\/\/kschmied.ch\/en\/wp-json\/wp\/v2\/product\/31594","targetHints":{"allow":["GET"]}}],"collection":[{"href":"https:\/\/kschmied.ch\/en\/wp-json\/wp\/v2\/product"}],"about":[{"href":"https:\/\/kschmied.ch\/en\/wp-json\/wp\/v2\/types\/product"}],"wp:featuredmedia":[{"embeddable":true,"href":"https:\/\/kschmied.ch\/en\/wp-json\/wp\/v2\/media\/31599"}],"wp:attachment":[{"href":"https:\/\/kschmied.ch\/en\/wp-json\/wp\/v2\/media?parent=31594"}],"wp:term":[{"taxonomy":"product_brand","embeddable":true,"href":"https:\/\/kschmied.ch\/en\/wp-json\/wp\/v2\/product_brand?post=31594"},{"taxonomy":"product_cat","embeddable":true,"href":"https:\/\/kschmied.ch\/en\/wp-json\/wp\/v2\/product_cat?post=31594"},{"taxonomy":"product_tag","embeddable":true,"href":"https:\/\/kschmied.ch\/en\/wp-json\/wp\/v2\/product_tag?post=31594"}],"curies":[{"name":"wp","href":"https:\/\/api.w.org\/{rel}","templated":true}]}}