{"id":22399,"date":"2020-11-18T14:09:45","date_gmt":"2020-11-18T13:09:45","guid":{"rendered":"https:\/\/www.kschmied.ch\/?post_type=product&#038;p=22399"},"modified":"2026-03-09T17:08:40","modified_gmt":"2026-03-09T16:08:40","slug":"8-container-sea-container-quality-steel-flooring-new-new","status":"publish","type":"product","link":"https:\/\/kschmied.ch\/en\/container\/preisanfrage\/8-container-sea-container-quality-steel-flooring-new-new\/","title":{"rendered":"8&#8242; container, sea container quality, STEEL FOOTBODY, NEW\/one-way"},"content":{"rendered":"<p><strong>8 feet containers in the more durable sea container quality <\/strong><strong>with STEEL FLOOR <\/strong>are used for storage of various goods. This robust and weatherproof container has a double wing door with external locking stands and a protective cover or lock box (without lock &gt; also available from us on request) for increased security.<\/p>\n<p>The smallest size in the overseas shipping are 20 &#8216;containers and therefore the 8&#8217; container is primarily intended \/ suitable for storage purposes and <strong>NOT<\/strong>for overseas transport.<\/p>\n<div>This version has a floor made of <strong>STEEL <\/strong>(checker plate).<\/div>\n<p>&nbsp;<\/p>\n<p><strong>AREAS OF APPLICATION:<\/strong><\/p>\n<ul>\n<li>Transport container (but <strong>not<\/strong>for overseas as the smallest container size in the overseas area is 20&#8242; container)<\/li>\n<li>Material warehouse, magazine on construction sites<\/li>\n<\/ul>\n<p>&nbsp;<\/p>\n<p><strong>MODIFICATIONS:<\/strong><\/p>\n<p>Depending on the requirements and area of application, we also offer various Modifications.<\/p>\n","protected":false},"excerpt":{"rendered":"<p>Storage container &#8211; SQ8SF<\/p>\n<p><span style=\"color: #000000;\"><strong>COLOR(S): <\/strong><\/span><br \/>\n<span style=\"color: #000000;\">RAL 5010 (gentian blue)<\/span><br \/>\n(other colors on request)<\/p>\n<p><span style=\"color: #00ff00;\">\u2714<\/span> Protective cap\/lock box<br \/>\n<span style=\"color: #00ff00;\">\u2714<\/span> Forklift pockets (side)<br \/>\n<span style=\"color: #00ff00;\">\u2714<\/span> STEEL FLOOR<\/p>\n<p><a href=\"\/en\/enquiry\/\" class=\"btn-back\">Back to overview<\/a><\/p>\n<p>&nbsp;<\/p>\n","protected":false},"featured_media":22401,"template":"","meta":{"_acf_changed":false},"product_brand":[],"product_cat":[348],"product_tag":[],"class_list":{"0":"post-22399","1":"product","2":"type-product","3":"status-publish","4":"has-post-thumbnail","6":"product_cat-storage-container-en","7":"pa_ausfuehrung-steel-floor","8":"pa_aussenmasse-2438-x-2200-x-2260-mm","9":"pa_boden-steel-floor","10":"pa_containertyp-storage-container","11":"pa_eigengewicht-900-kg-1000-kg-depending-on-year-of-manufacture-and-model-series","12":"pa_groesse-8-foot-l-2-4m","13":"pa_haftungsausschluss-subject-to-errors-and-technical-changes","14":"pa_innenmasse-2287-x-2112-x-2059-mm-20-mm-depending-on-year-of-construction-type","15":"pa_option-buy","16":"pa_tueroeffnung-2106-x-1949-mm-20-mm-depending-on-year-type","17":"pa_volumen-9-9-m3","18":"pa_zuladung-10-box-storage-container","19":"pa_zustand-neu-en","21":"first","22":"onbackorder","23":"taxable","24":"shipping-taxable","25":"product-type-simple"},"acf":[],"yoast_head":"<!-- This site is optimized with the Yoast SEO Premium plugin v27.4 (Yoast SEO v27.4) - https:\/\/yoast.com\/product\/yoast-seo-premium-wordpress\/ -->\n<title>8&#039; container, sea container quality, STEEL FOOTBODY, NEW\/one-way - K. Schmied AG \u2013 Containers &amp; Shipping Switzerland<\/title>\n<meta name=\"robots\" content=\"index, follow, max-snippet:-1, max-image-preview:large, max-video-preview:-1\" \/>\n<link rel=\"canonical\" href=\"https:\/\/kschmied.ch\/en\/container\/preisanfrage\/8-container-sea-container-quality-steel-flooring-new-new\/\" \/>\n<meta property=\"og:locale\" content=\"en_US\" \/>\n<meta property=\"og:type\" content=\"article\" \/>\n<meta property=\"og:title\" content=\"8&#039; container, sea container quality, STEEL FOOTBODY, NEW\/one-way\" \/>\n<meta property=\"og:description\" content=\"Storage container - SQ8SF COLOR(S): RAL 5010 (gentian blue) (other colors on request) \u2714 Protective cap\/lock box \u2714 Forklift pockets (side) \u2714 STEEL FLOOR Back to overview &nbsp;\" \/>\n<meta property=\"og:url\" content=\"https:\/\/kschmied.ch\/en\/container\/preisanfrage\/8-container-sea-container-quality-steel-flooring-new-new\/\" \/>\n<meta property=\"og:site_name\" content=\"K. Schmied AG \u2013 Containers &amp; Shipping Switzerland\" \/>\n<meta property=\"article:modified_time\" content=\"2026-03-09T16:08:40+00:00\" \/>\n<meta property=\"og:image\" content=\"https:\/\/kschmied.ch\/wp-content\/uploads\/2020\/11\/8-Container-Stahlboden-s.jpg\" \/>\n\t<meta property=\"og:image:width\" content=\"740\" \/>\n\t<meta property=\"og:image:height\" content=\"540\" \/>\n\t<meta property=\"og:image:type\" content=\"image\/jpeg\" \/>\n<meta name=\"twitter:card\" content=\"summary_large_image\" \/>\n<meta name=\"twitter:label1\" content=\"Price\" \/>\n\t<meta name=\"twitter:data1\" content=\"\" \/>\n\t<meta name=\"twitter:label2\" content=\"Availability\" \/>\n\t<meta name=\"twitter:data2\" content=\"On backorder\" \/>\n<meta property=\"product:price:currency\" content=\"CHF\" \/>\n<meta property=\"og:availability\" content=\"backorder\" \/>\n<meta property=\"product:availability\" content=\"available for order\" \/>\n<meta property=\"product:retailer_item_id\" content=\"SQ8S\" \/>\n<meta property=\"product:condition\" content=\"new\" \/>\n<!-- \/ Yoast SEO Premium plugin. -->","yoast_head_json":{"title":"8' container, sea container quality, STEEL FOOTBODY, NEW\/one-way - K. Schmied AG \u2013 Containers &amp; Shipping Switzerland","robots":{"index":"index","follow":"follow","max-snippet":"max-snippet:-1","max-image-preview":"max-image-preview:large","max-video-preview":"max-video-preview:-1"},"canonical":"https:\/\/kschmied.ch\/en\/container\/preisanfrage\/8-container-sea-container-quality-steel-flooring-new-new\/","og_locale":"en_US","og_type":"article","og_title":"8' container, sea container quality, STEEL FOOTBODY, NEW\/one-way","og_description":"Storage container - SQ8SF COLOR(S): RAL 5010 (gentian blue) (other colors on request) \u2714 Protective cap\/lock box \u2714 Forklift pockets (side) \u2714 STEEL FLOOR Back to overview &nbsp;","og_url":"https:\/\/kschmied.ch\/en\/container\/preisanfrage\/8-container-sea-container-quality-steel-flooring-new-new\/","og_site_name":"K. Schmied AG \u2013 Containers &amp; Shipping Switzerland","article_modified_time":"2026-03-09T16:08:40+00:00","og_image":[{"width":740,"height":540,"url":"https:\/\/kschmied.ch\/wp-content\/uploads\/2020\/11\/8-Container-Stahlboden-s.jpg","type":"image\/jpeg"}],"twitter_card":"summary_large_image","twitter_misc":{"Price":"","Availability":"On backorder"},"schema":{"@context":"https:\/\/schema.org","@graph":[{"@type":"WebPage","@id":"https:\/\/kschmied.ch\/en\/container\/preisanfrage\/8-container-sea-container-quality-steel-flooring-new-new\/","url":"https:\/\/kschmied.ch\/en\/container\/preisanfrage\/8-container-sea-container-quality-steel-flooring-new-new\/","name":"8' container, sea container quality, STEEL FOOTBODY, NEW\/one-way - K. Schmied AG \u2013 Containers &amp; Shipping Switzerland","isPartOf":{"@id":"https:\/\/kschmied.ch\/en\/#website"},"primaryImageOfPage":{"@id":"https:\/\/kschmied.ch\/en\/container\/preisanfrage\/8-container-sea-container-quality-steel-flooring-new-new\/#primaryimage"},"image":{"@id":"https:\/\/kschmied.ch\/en\/container\/preisanfrage\/8-container-sea-container-quality-steel-flooring-new-new\/#primaryimage"},"thumbnailUrl":"https:\/\/kschmied.ch\/wp-content\/uploads\/2020\/11\/8-Container-Stahlboden-s.jpg","datePublished":"2020-11-18T13:09:45+00:00","dateModified":"2026-03-09T16:08:40+00:00","breadcrumb":{"@id":"https:\/\/kschmied.ch\/en\/container\/preisanfrage\/8-container-sea-container-quality-steel-flooring-new-new\/#breadcrumb"},"inLanguage":"en-US","potentialAction":[{"@type":"ReadAction","target":["https:\/\/kschmied.ch\/en\/container\/preisanfrage\/8-container-sea-container-quality-steel-flooring-new-new\/"]}]},{"@type":"ImageObject","inLanguage":"en-US","@id":"https:\/\/kschmied.ch\/en\/container\/preisanfrage\/8-container-sea-container-quality-steel-flooring-new-new\/#primaryimage","url":"https:\/\/kschmied.ch\/wp-content\/uploads\/2020\/11\/8-Container-Stahlboden-s.jpg","contentUrl":"https:\/\/kschmied.ch\/wp-content\/uploads\/2020\/11\/8-Container-Stahlboden-s.jpg","width":740,"height":540,"caption":"8' storage container, sea container quality, STEEL FLOOR, NEW\/NEW"},{"@type":"BreadcrumbList","@id":"https:\/\/kschmied.ch\/en\/container\/preisanfrage\/8-container-sea-container-quality-steel-flooring-new-new\/#breadcrumb","itemListElement":[{"@type":"ListItem","position":1,"name":"Accueil","item":"https:\/\/kschmied.ch\/en\/"},{"@type":"ListItem","position":2,"name":"8&#8242; container, sea container quality, STEEL FOOTBODY, NEW\/one-way"}]},{"@type":"WebSite","@id":"https:\/\/kschmied.ch\/en\/#website","url":"https:\/\/kschmied.ch\/en\/","name":"K. SCHMIED AG","description":"Swiss container trading &amp; shipping since 1979","publisher":{"@id":"https:\/\/kschmied.ch\/en\/#organization"},"alternateName":"K. SCHMIED AG","potentialAction":[{"@type":"SearchAction","target":{"@type":"EntryPoint","urlTemplate":"https:\/\/kschmied.ch\/en\/?s={search_term_string}"},"query-input":{"@type":"PropertyValueSpecification","valueRequired":true,"valueName":"search_term_string"}}],"inLanguage":"en-US"},{"@type":"Organization","@id":"https:\/\/kschmied.ch\/en\/#organization","name":"K. SCHMIED AG","alternateName":"K. SCHMIED AG","url":"https:\/\/kschmied.ch\/en\/","logo":{"@type":"ImageObject","inLanguage":"en-US","@id":"https:\/\/kschmied.ch\/en\/#\/schema\/logo\/image\/","url":"https:\/\/kschmied.ch\/wp-content\/uploads\/2020\/07\/LOGO-gross.jpg","contentUrl":"https:\/\/kschmied.ch\/wp-content\/uploads\/2020\/07\/LOGO-gross.jpg","width":770,"height":240,"caption":"K. SCHMIED AG"},"image":{"@id":"https:\/\/kschmied.ch\/en\/#\/schema\/logo\/image\/"},"sameAs":["https:\/\/ch.linkedin.com\/company\/k-schmied-ag"],"description":"K. SCHMIED AG ist ein f\u00fchrendes Unternehmen im Bereich Containerverkauf und -vermietung in der Schweiz. Mit langj\u00e4hriger Erfahrung bieten wir unseren Kunden robuste, langlebige Seecontainer, Lagercontainer und Schnellbaucontainer in verschiedenen Gr\u00f6\u00dfen und Ausf\u00fchrungen. Unser Service umfasst auch Transportl\u00f6sungen, ma\u00dfgeschneiderte Containeranforderungen und weltweiten Versand. Qualit\u00e4t, Kundenzufriedenheit und Zuverl\u00e4ssigkeit stehen bei uns an erster Stelle.","email":"info@kschmied.ch","telephone":"041 811 30 03","legalName":"K. SCHMIED internat. Transporte & Handels AG","foundingDate":"1979-01-01","vatID":"CHE-107.962.018 MWST","taxID":"CHE-107.962.018 MWST","numberOfEmployees":{"@type":"QuantitativeValue","minValue":"1","maxValue":"10"}}]},"product_price_currency":"CHF","og_availability":"backorder","product_availability":"available for order","product_retailer_item_id":"SQ8S","product_condition":"new"},"_links":{"self":[{"href":"https:\/\/kschmied.ch\/en\/wp-json\/wp\/v2\/product\/22399","targetHints":{"allow":["GET"]}}],"collection":[{"href":"https:\/\/kschmied.ch\/en\/wp-json\/wp\/v2\/product"}],"about":[{"href":"https:\/\/kschmied.ch\/en\/wp-json\/wp\/v2\/types\/product"}],"wp:featuredmedia":[{"embeddable":true,"href":"https:\/\/kschmied.ch\/en\/wp-json\/wp\/v2\/media\/22401"}],"wp:attachment":[{"href":"https:\/\/kschmied.ch\/en\/wp-json\/wp\/v2\/media?parent=22399"}],"wp:term":[{"taxonomy":"product_brand","embeddable":true,"href":"https:\/\/kschmied.ch\/en\/wp-json\/wp\/v2\/product_brand?post=22399"},{"taxonomy":"product_cat","embeddable":true,"href":"https:\/\/kschmied.ch\/en\/wp-json\/wp\/v2\/product_cat?post=22399"},{"taxonomy":"product_tag","embeddable":true,"href":"https:\/\/kschmied.ch\/en\/wp-json\/wp\/v2\/product_tag?post=22399"}],"curies":[{"name":"wp","href":"https:\/\/api.w.org\/{rel}","templated":true}]}}