{"id":21480,"date":"2020-09-02T14:52:13","date_gmt":"2020-09-02T12:52:13","guid":{"rendered":"https:\/\/www.kschmied.ch\/?post_type=product&#038;p=21480"},"modified":"2026-03-09T17:08:40","modified_gmt":"2026-03-09T16:08:40","slug":"10-high-cube-container-seacontainer-quality-new-one-trip","status":"publish","type":"product","link":"https:\/\/kschmied.ch\/en\/container\/preisanfrage\/10-high-cube-container-seacontainer-quality-new-one-trip\/","title":{"rendered":"10&#8242; HIGH CUBE Container, Sea container quality, Quick Access, NEW\/one-trip"},"content":{"rendered":"<p><strong>10 feet HIGH CUBE containers in the more durable sea container quality<\/strong> are used for the storage of various goods. This robust and weatherproof container has a double wing door with external locking stands and a protective cover or lock box (without lock &gt; also available from us on request) for increased security.<\/p>\n<p>Although this version is equipped with a CSC plate, such a 10&#8242; container usually has to be connected to another 10 foot container in order to be shipped. This is usually done when transporting empty containers after production in Asia when shipping to Europe.<\/p>\n<p>The smallest size in the overseas area are 20&#8242; containers and therefore the 10&#8242; container is mainly intended \/ suitable for storage purposes and <strong>NOT<\/strong>for overseas transport.<\/p>\n<p>The <strong>QUICK ACCESS version<\/strong> listed here has a total of <strong>2 locking bars<\/strong> instead of 4 (standard) &#8211; which allows <strong>faster\/easier opening<\/strong> of the container wing doors.<\/p>\n<p>&nbsp;<\/p>\n<p><strong>AREAS OF APPLICATION:<\/strong><\/p>\n<ul>\n<li>Transport container (but <strong>not<\/strong>for overseas as the smallest container size in the overseas area is 20&#8242; container)<\/li>\n<li>Material warehouse, magazine on construction sites<\/li>\n<li>Mobile workshops<\/li>\n<\/ul>\n<p>&nbsp;<\/p>\n<p><strong>MODIFICATIONS:<\/strong><\/p>\n<p>Depending on the requirements and area of application, we also offer various Modifications.<\/p>\n","protected":false},"excerpt":{"rendered":"<p>Storage Container &#8211; SQHC10<\/p>\n<p><span style=\"color: #000000;\"><strong>COLOR(S): <\/strong><\/span><br \/>\n<span style=\"color: #000000;\">RAL 9010 (pure white)<\/span><br \/>\n(other colors on request)<\/p>\n<p><span style=\"color: #00ff00;\">\u2714<\/span> ISO standardized frame construction<br \/>\n<span style=\"color: #00ff00;\">\u2714<\/span> Protective cap\/lock box<br \/>\n<span style=\"color: #00ff00;\">\u2714<\/span> Forklift pockets (side)<br \/>\n<span style=\"color: #00ff00;\">\u2714<\/span> Plywood \/ bamboo<\/p>\n<p><a href=\"\/en\/enquiry\/\" class=\"btn-back\">Back to overview<\/a><\/p>\n<p>&nbsp;<\/p>\n","protected":false},"featured_media":21485,"template":"","meta":{"_acf_changed":false},"product_brand":[],"product_cat":[350,348],"product_tag":[],"class_list":{"0":"post-21480","1":"product","2":"type-product","3":"status-publish","4":"has-post-thumbnail","6":"product_cat-seacontainer","7":"product_cat-storage-container-en","8":"pa_ausfuehrung-high-cube-en","9":"pa_aussenmasse-2991-x-2438-x-2896-mm-iso-standardized","10":"pa_boden-plywood-bamboo-steel-floor-on-request","11":"pa_containertyp-storage-container","12":"pa_eigengewicht-1300-kg-1400-kg-depending-on-year-of-construction-and-model-range","13":"pa_groesse-10-foot-l-3m","14":"pa_haftungsausschluss-subject-to-errors-and-technical-changes","15":"pa_innenmasse-2840-x-2350-x-2690-mm-20-mm-depending-on-year-of-construction-type","16":"pa_option-buy","17":"pa_tueroeffnung-2340-x-2585-mm-10-mm-depending-on-year-of-construction-type","18":"pa_volumen-approx-18-m3","19":"pa_zuladung-10-container-seacontainer-quality","20":"pa_zustand-neu-en","22":"first","23":"onbackorder","24":"taxable","25":"shipping-taxable","26":"product-type-simple"},"acf":[],"yoast_head":"<!-- This site is optimized with the Yoast SEO Premium plugin v27.4 (Yoast SEO v27.4) - https:\/\/yoast.com\/product\/yoast-seo-premium-wordpress\/ -->\n<title>10&#039; HIGH CUBE Container, Sea container quality, Quick Access, NEW\/one-trip - K. Schmied AG \u2013 Containers &amp; Shipping Switzerland<\/title>\n<meta name=\"robots\" content=\"index, follow, max-snippet:-1, max-image-preview:large, max-video-preview:-1\" \/>\n<link rel=\"canonical\" href=\"https:\/\/kschmied.ch\/en\/container\/preisanfrage\/10-high-cube-container-seacontainer-quality-new-one-trip\/\" \/>\n<meta property=\"og:locale\" content=\"en_US\" \/>\n<meta property=\"og:type\" content=\"article\" \/>\n<meta property=\"og:title\" content=\"10&#039; HIGH CUBE Container, Sea container quality, Quick Access, NEW\/one-trip\" \/>\n<meta property=\"og:description\" content=\"Storage Container - SQHC10 COLOR(S): RAL 9010 (pure white) (other colors on request) \u2714 ISO standardized frame construction \u2714 Protective cap\/lock box \u2714 Forklift pockets (side) \u2714 Plywood \/ bamboo Back to overview &nbsp;\" \/>\n<meta property=\"og:url\" content=\"https:\/\/kschmied.ch\/en\/container\/preisanfrage\/10-high-cube-container-seacontainer-quality-new-one-trip\/\" \/>\n<meta property=\"og:site_name\" content=\"K. Schmied AG \u2013 Containers &amp; Shipping Switzerland\" \/>\n<meta property=\"article:modified_time\" content=\"2026-03-09T16:08:40+00:00\" \/>\n<meta property=\"og:image\" content=\"https:\/\/kschmied.ch\/wp-content\/uploads\/2020\/09\/10Fuss_HighCube_Container.jpg\" \/>\n\t<meta property=\"og:image:width\" content=\"740\" \/>\n\t<meta property=\"og:image:height\" content=\"540\" \/>\n\t<meta property=\"og:image:type\" content=\"image\/jpeg\" \/>\n<meta name=\"twitter:card\" content=\"summary_large_image\" \/>\n<meta name=\"twitter:label1\" content=\"Price\" \/>\n\t<meta name=\"twitter:data1\" content=\"\" \/>\n\t<meta name=\"twitter:label2\" content=\"Availability\" \/>\n\t<meta name=\"twitter:data2\" content=\"On backorder\" \/>\n<meta property=\"product:price:currency\" content=\"CHF\" \/>\n<meta property=\"og:availability\" content=\"backorder\" \/>\n<meta property=\"product:availability\" content=\"available for order\" \/>\n<meta property=\"product:retailer_item_id\" content=\"QSQHC10\" \/>\n<meta property=\"product:condition\" content=\"new\" \/>\n<!-- \/ Yoast SEO Premium plugin. -->","yoast_head_json":{"title":"10' HIGH CUBE Container, Sea container quality, Quick Access, NEW\/one-trip - K. Schmied AG \u2013 Containers &amp; Shipping Switzerland","robots":{"index":"index","follow":"follow","max-snippet":"max-snippet:-1","max-image-preview":"max-image-preview:large","max-video-preview":"max-video-preview:-1"},"canonical":"https:\/\/kschmied.ch\/en\/container\/preisanfrage\/10-high-cube-container-seacontainer-quality-new-one-trip\/","og_locale":"en_US","og_type":"article","og_title":"10' HIGH CUBE Container, Sea container quality, Quick Access, NEW\/one-trip","og_description":"Storage Container - SQHC10 COLOR(S): RAL 9010 (pure white) (other colors on request) \u2714 ISO standardized frame construction \u2714 Protective cap\/lock box \u2714 Forklift pockets (side) \u2714 Plywood \/ bamboo Back to overview &nbsp;","og_url":"https:\/\/kschmied.ch\/en\/container\/preisanfrage\/10-high-cube-container-seacontainer-quality-new-one-trip\/","og_site_name":"K. Schmied AG \u2013 Containers &amp; Shipping Switzerland","article_modified_time":"2026-03-09T16:08:40+00:00","og_image":[{"width":740,"height":540,"url":"https:\/\/kschmied.ch\/wp-content\/uploads\/2020\/09\/10Fuss_HighCube_Container.jpg","type":"image\/jpeg"}],"twitter_card":"summary_large_image","twitter_misc":{"Price":"","Availability":"On backorder"},"schema":{"@context":"https:\/\/schema.org","@graph":[{"@type":"WebPage","@id":"https:\/\/kschmied.ch\/en\/container\/preisanfrage\/10-high-cube-container-seacontainer-quality-new-one-trip\/","url":"https:\/\/kschmied.ch\/en\/container\/preisanfrage\/10-high-cube-container-seacontainer-quality-new-one-trip\/","name":"10' HIGH CUBE Container, Sea container quality, Quick Access, NEW\/one-trip - K. Schmied AG \u2013 Containers &amp; Shipping Switzerland","isPartOf":{"@id":"https:\/\/kschmied.ch\/en\/#website"},"primaryImageOfPage":{"@id":"https:\/\/kschmied.ch\/en\/container\/preisanfrage\/10-high-cube-container-seacontainer-quality-new-one-trip\/#primaryimage"},"image":{"@id":"https:\/\/kschmied.ch\/en\/container\/preisanfrage\/10-high-cube-container-seacontainer-quality-new-one-trip\/#primaryimage"},"thumbnailUrl":"https:\/\/kschmied.ch\/wp-content\/uploads\/2020\/09\/10Fuss_HighCube_Container.jpg","datePublished":"2020-09-02T12:52:13+00:00","dateModified":"2026-03-09T16:08:40+00:00","breadcrumb":{"@id":"https:\/\/kschmied.ch\/en\/container\/preisanfrage\/10-high-cube-container-seacontainer-quality-new-one-trip\/#breadcrumb"},"inLanguage":"en-US","potentialAction":[{"@type":"ReadAction","target":["https:\/\/kschmied.ch\/en\/container\/preisanfrage\/10-high-cube-container-seacontainer-quality-new-one-trip\/"]}]},{"@type":"ImageObject","inLanguage":"en-US","@id":"https:\/\/kschmied.ch\/en\/container\/preisanfrage\/10-high-cube-container-seacontainer-quality-new-one-trip\/#primaryimage","url":"https:\/\/kschmied.ch\/wp-content\/uploads\/2020\/09\/10Fuss_HighCube_Container.jpg","contentUrl":"https:\/\/kschmied.ch\/wp-content\/uploads\/2020\/09\/10Fuss_HighCube_Container.jpg","width":740,"height":540,"caption":"10' High Cube Storage Container, Shipping Container quality, Quick Access, NEW\/one-trip, RAL 9010 (pure white)"},{"@type":"BreadcrumbList","@id":"https:\/\/kschmied.ch\/en\/container\/preisanfrage\/10-high-cube-container-seacontainer-quality-new-one-trip\/#breadcrumb","itemListElement":[{"@type":"ListItem","position":1,"name":"Accueil","item":"https:\/\/kschmied.ch\/en\/"},{"@type":"ListItem","position":2,"name":"10&#8242; HIGH CUBE Container, Sea container quality, Quick Access, NEW\/one-trip"}]},{"@type":"WebSite","@id":"https:\/\/kschmied.ch\/en\/#website","url":"https:\/\/kschmied.ch\/en\/","name":"K. SCHMIED AG","description":"Swiss container trading &amp; shipping since 1979","publisher":{"@id":"https:\/\/kschmied.ch\/en\/#organization"},"alternateName":"K. SCHMIED AG","potentialAction":[{"@type":"SearchAction","target":{"@type":"EntryPoint","urlTemplate":"https:\/\/kschmied.ch\/en\/?s={search_term_string}"},"query-input":{"@type":"PropertyValueSpecification","valueRequired":true,"valueName":"search_term_string"}}],"inLanguage":"en-US"},{"@type":"Organization","@id":"https:\/\/kschmied.ch\/en\/#organization","name":"K. SCHMIED AG","alternateName":"K. SCHMIED AG","url":"https:\/\/kschmied.ch\/en\/","logo":{"@type":"ImageObject","inLanguage":"en-US","@id":"https:\/\/kschmied.ch\/en\/#\/schema\/logo\/image\/","url":"https:\/\/kschmied.ch\/wp-content\/uploads\/2020\/07\/LOGO-gross.jpg","contentUrl":"https:\/\/kschmied.ch\/wp-content\/uploads\/2020\/07\/LOGO-gross.jpg","width":770,"height":240,"caption":"K. SCHMIED AG"},"image":{"@id":"https:\/\/kschmied.ch\/en\/#\/schema\/logo\/image\/"},"sameAs":["https:\/\/ch.linkedin.com\/company\/k-schmied-ag"],"description":"K. SCHMIED AG ist ein f\u00fchrendes Unternehmen im Bereich Containerverkauf und -vermietung in der Schweiz. Mit langj\u00e4hriger Erfahrung bieten wir unseren Kunden robuste, langlebige Seecontainer, Lagercontainer und Schnellbaucontainer in verschiedenen Gr\u00f6\u00dfen und Ausf\u00fchrungen. Unser Service umfasst auch Transportl\u00f6sungen, ma\u00dfgeschneiderte Containeranforderungen und weltweiten Versand. Qualit\u00e4t, Kundenzufriedenheit und Zuverl\u00e4ssigkeit stehen bei uns an erster Stelle.","email":"info@kschmied.ch","telephone":"041 811 30 03","legalName":"K. SCHMIED internat. Transporte & Handels AG","foundingDate":"1979-01-01","vatID":"CHE-107.962.018 MWST","taxID":"CHE-107.962.018 MWST","numberOfEmployees":{"@type":"QuantitativeValue","minValue":"1","maxValue":"10"}}]},"product_price_currency":"CHF","og_availability":"backorder","product_availability":"available for order","product_retailer_item_id":"QSQHC10","product_condition":"new"},"_links":{"self":[{"href":"https:\/\/kschmied.ch\/en\/wp-json\/wp\/v2\/product\/21480","targetHints":{"allow":["GET"]}}],"collection":[{"href":"https:\/\/kschmied.ch\/en\/wp-json\/wp\/v2\/product"}],"about":[{"href":"https:\/\/kschmied.ch\/en\/wp-json\/wp\/v2\/types\/product"}],"wp:featuredmedia":[{"embeddable":true,"href":"https:\/\/kschmied.ch\/en\/wp-json\/wp\/v2\/media\/21485"}],"wp:attachment":[{"href":"https:\/\/kschmied.ch\/en\/wp-json\/wp\/v2\/media?parent=21480"}],"wp:term":[{"taxonomy":"product_brand","embeddable":true,"href":"https:\/\/kschmied.ch\/en\/wp-json\/wp\/v2\/product_brand?post=21480"},{"taxonomy":"product_cat","embeddable":true,"href":"https:\/\/kschmied.ch\/en\/wp-json\/wp\/v2\/product_cat?post=21480"},{"taxonomy":"product_tag","embeddable":true,"href":"https:\/\/kschmied.ch\/en\/wp-json\/wp\/v2\/product_tag?post=21480"}],"curies":[{"name":"wp","href":"https:\/\/api.w.org\/{rel}","templated":true}]}}