{"id":21288,"date":"2020-08-24T17:12:36","date_gmt":"2020-08-24T15:12:36","guid":{"rendered":"https:\/\/www.kschmied.ch\/?post_type=product&#038;p=21288"},"modified":"2026-03-09T17:08:32","modified_gmt":"2026-03-09T16:08:32","slug":"20-high-cube-box-seacontainer-steel-floor-new-one-trip","status":"publish","type":"product","link":"https:\/\/kschmied.ch\/en\/container\/preisanfrage\/20-high-cube-box-seacontainer-steel-floor-new-one-trip\/","title":{"rendered":"20&#8242; High Cube Box Shipping Container, STEEL FLOOR, NEW\/one-trip"},"content":{"rendered":"<p><strong>20 Feet HIGH CUBE Box Shipping Container with STEEL FLOOR<\/strong> are standardized steel containers which are by no means only used for overseas transports. It has a double wing door which can be closed using locking bars.<\/p>\n<p>This HIGH CUBE version is 30 cm higher than the standard high 20 foot sea container. This version also has a STEEL FLOOR.<\/p>\n<p>Thanks to the robust, durable and stackable properties of shipping containers, these popular containers can be used in a wide variety of ways.<\/p>\n<p>&nbsp;<\/p>\n<p><strong>AREAS OF APPLICATION:<\/strong><\/p>\n<ul>\n<li>Transport containers<\/li>\n<li>Material storage, tire storage, magazine on construction sites<\/li>\n<li>Mobile workshops<\/li>\n<li>Construction projects<\/li>\n<li>Art objects<\/li>\n<\/ul>\n<p>&nbsp;<\/p>\n<p><strong>CONDITION &#8211; NEW\/One-way:<\/strong><\/p>\n<p>&#8216;NEW\/One-way&#8217; shipping containers are <strong>NEW<\/strong> containers which are mainly manufactured in Asia and usually shipped to Europe with one load. For this reason the term &#8216;ONE-WAY Container&#8217; is often used.<\/p>\n<p>Loading and unloading the containers, as well as handling and transport, can result in slight abrasion and minor dents inside and out.<\/p>\n<p>&nbsp;<\/p>\n<p><strong>MODIFICATIONS:<\/strong><\/p>\n<p>Depending on the requirements and area of application, we also offer various Modifications.<\/p>\n","protected":false},"excerpt":{"rendered":"<p>High Cube Box &#8211; Sea container<\/p>\n<p><span style=\"color: #000000;\"><strong>COLOR(S): <\/strong><\/span><br \/>\n<span style=\"color: #000000;\">Gentian blue (RAL 5010)<\/span><br \/>\n<span style=\"color: #000000;\">(other colors on request)<\/span><\/p>\n<p><span style=\"color: #00ff00;\">\u2714<\/span> ISO standardized<br \/>\n<span style=\"color: #00ff00;\">\u2714<\/span> Wind- and watertight (WWT)<br \/>\n<span style=\"color: #00ff00;\">\u2714<\/span> Valid CSC plate (approx. 4-5 years)<br \/>\n<span style=\"color: #00ff00;\">\u2714<\/span> <strong>Duty paid<\/strong> in Switzerland<br \/>\n<span style=\"color: #00ff00;\">\u2714<\/span> Stackable<br \/>\n<span style=\"color: #00ff00;\">\u2714<\/span><strong>STEEL FLOOR<\/strong><\/p>\n<p><a href=\"\/en\/enquiry\/\" class=\"btn-back\">Back to overview<\/a><\/p>\n<p>&nbsp;<\/p>\n","protected":false},"featured_media":21290,"template":"","meta":{"_acf_changed":false},"product_brand":[],"product_cat":[350,348],"product_tag":[],"class_list":{"0":"post-21288","1":"product","2":"type-product","3":"status-publish","4":"has-post-thumbnail","6":"product_cat-seacontainer","7":"product_cat-storage-container-en","8":"pa_ausfuehrung-high-cube-en","9":"pa_ausfuehrung-steel-floor","10":"pa_aussenmasse-20-high-cube-sea-container","11":"pa_boden-steel-floor","12":"pa_containertyp-sea-container","13":"pa_containertyp-special-container","14":"pa_containertyp-storage-container","15":"pa_eigengewicht-20-high-cube-sea-container","16":"pa_groesse-20-foot-l-6m","17":"pa_haftungsausschluss-subject-to-errors-and-technical-changes","18":"pa_innenmasse-20-high-cube-sea-container","19":"pa_option-buy","20":"pa_tueroeffnung-40-high-cube-hard-top-sea-container","21":"pa_volumen-20-high-cube-sea-container","22":"pa_zuladung-20-box-sea-container","23":"pa_zustand-neu-en","25":"first","26":"onbackorder","27":"taxable","28":"shipping-taxable","29":"product-type-simple"},"acf":[],"yoast_head":"<!-- This site is optimized with the Yoast SEO Premium plugin v27.4 (Yoast SEO v27.4) - https:\/\/yoast.com\/product\/yoast-seo-premium-wordpress\/ -->\n<title>20&#039; High Cube Box Shipping Container, STEEL FLOOR, NEW\/one-trip - K. Schmied AG \u2013 Containers &amp; Shipping Switzerland<\/title>\n<meta name=\"robots\" content=\"index, follow, max-snippet:-1, max-image-preview:large, max-video-preview:-1\" \/>\n<link rel=\"canonical\" href=\"https:\/\/kschmied.ch\/en\/container\/preisanfrage\/20-high-cube-box-seacontainer-steel-floor-new-one-trip\/\" \/>\n<meta property=\"og:locale\" content=\"en_US\" \/>\n<meta property=\"og:type\" content=\"article\" \/>\n<meta property=\"og:title\" content=\"20&#039; High Cube Box Shipping Container, STEEL FLOOR, NEW\/one-trip\" \/>\n<meta property=\"og:description\" content=\"High Cube Box - Sea container COLOR(S): Gentian blue (RAL 5010) (other colors on request) \u2714 ISO standardized \u2714 Wind- and watertight (WWT) \u2714 Valid CSC plate (approx. 4-5 years) \u2714 Duty paid in Switzerland \u2714 Stackable \u2714STEEL FLOOR Back to overview &nbsp;\" \/>\n<meta property=\"og:url\" content=\"https:\/\/kschmied.ch\/en\/container\/preisanfrage\/20-high-cube-box-seacontainer-steel-floor-new-one-trip\/\" \/>\n<meta property=\"og:site_name\" content=\"K. Schmied AG \u2013 Containers &amp; Shipping Switzerland\" \/>\n<meta property=\"article:modified_time\" content=\"2026-03-09T16:08:32+00:00\" \/>\n<meta property=\"og:image\" content=\"https:\/\/kschmied.ch\/wp-content\/uploads\/2020\/08\/20HC_Container_Stahlboden.jpg\" \/>\n\t<meta property=\"og:image:width\" content=\"740\" \/>\n\t<meta property=\"og:image:height\" content=\"540\" \/>\n\t<meta property=\"og:image:type\" content=\"image\/jpeg\" \/>\n<meta name=\"twitter:card\" content=\"summary_large_image\" \/>\n<meta name=\"twitter:label1\" content=\"Price\" \/>\n\t<meta name=\"twitter:data1\" content=\"\" \/>\n\t<meta name=\"twitter:label2\" content=\"Availability\" \/>\n\t<meta name=\"twitter:data2\" content=\"On backorder\" \/>\n<meta property=\"product:price:currency\" content=\"CHF\" \/>\n<meta property=\"og:availability\" content=\"backorder\" \/>\n<meta property=\"product:availability\" content=\"available for order\" \/>\n<meta property=\"product:retailer_item_id\" content=\"HCSF20N\" \/>\n<meta property=\"product:condition\" content=\"new\" \/>\n<!-- \/ Yoast SEO Premium plugin. -->","yoast_head_json":{"title":"20' High Cube Box Shipping Container, STEEL FLOOR, NEW\/one-trip - K. Schmied AG \u2013 Containers &amp; Shipping Switzerland","robots":{"index":"index","follow":"follow","max-snippet":"max-snippet:-1","max-image-preview":"max-image-preview:large","max-video-preview":"max-video-preview:-1"},"canonical":"https:\/\/kschmied.ch\/en\/container\/preisanfrage\/20-high-cube-box-seacontainer-steel-floor-new-one-trip\/","og_locale":"en_US","og_type":"article","og_title":"20' High Cube Box Shipping Container, STEEL FLOOR, NEW\/one-trip","og_description":"High Cube Box - Sea container COLOR(S): Gentian blue (RAL 5010) (other colors on request) \u2714 ISO standardized \u2714 Wind- and watertight (WWT) \u2714 Valid CSC plate (approx. 4-5 years) \u2714 Duty paid in Switzerland \u2714 Stackable \u2714STEEL FLOOR Back to overview &nbsp;","og_url":"https:\/\/kschmied.ch\/en\/container\/preisanfrage\/20-high-cube-box-seacontainer-steel-floor-new-one-trip\/","og_site_name":"K. Schmied AG \u2013 Containers &amp; Shipping Switzerland","article_modified_time":"2026-03-09T16:08:32+00:00","og_image":[{"width":740,"height":540,"url":"https:\/\/kschmied.ch\/wp-content\/uploads\/2020\/08\/20HC_Container_Stahlboden.jpg","type":"image\/jpeg"}],"twitter_card":"summary_large_image","twitter_misc":{"Price":"","Availability":"On backorder"},"schema":{"@context":"https:\/\/schema.org","@graph":[{"@type":"WebPage","@id":"https:\/\/kschmied.ch\/en\/container\/preisanfrage\/20-high-cube-box-seacontainer-steel-floor-new-one-trip\/","url":"https:\/\/kschmied.ch\/en\/container\/preisanfrage\/20-high-cube-box-seacontainer-steel-floor-new-one-trip\/","name":"20' High Cube Box Shipping Container, STEEL FLOOR, NEW\/one-trip - K. Schmied AG \u2013 Containers &amp; Shipping Switzerland","isPartOf":{"@id":"https:\/\/kschmied.ch\/en\/#website"},"primaryImageOfPage":{"@id":"https:\/\/kschmied.ch\/en\/container\/preisanfrage\/20-high-cube-box-seacontainer-steel-floor-new-one-trip\/#primaryimage"},"image":{"@id":"https:\/\/kschmied.ch\/en\/container\/preisanfrage\/20-high-cube-box-seacontainer-steel-floor-new-one-trip\/#primaryimage"},"thumbnailUrl":"https:\/\/kschmied.ch\/wp-content\/uploads\/2020\/08\/20HC_Container_Stahlboden.jpg","datePublished":"2020-08-24T15:12:36+00:00","dateModified":"2026-03-09T16:08:32+00:00","breadcrumb":{"@id":"https:\/\/kschmied.ch\/en\/container\/preisanfrage\/20-high-cube-box-seacontainer-steel-floor-new-one-trip\/#breadcrumb"},"inLanguage":"en-US","potentialAction":[{"@type":"ReadAction","target":["https:\/\/kschmied.ch\/en\/container\/preisanfrage\/20-high-cube-box-seacontainer-steel-floor-new-one-trip\/"]}]},{"@type":"ImageObject","inLanguage":"en-US","@id":"https:\/\/kschmied.ch\/en\/container\/preisanfrage\/20-high-cube-box-seacontainer-steel-floor-new-one-trip\/#primaryimage","url":"https:\/\/kschmied.ch\/wp-content\/uploads\/2020\/08\/20HC_Container_Stahlboden.jpg","contentUrl":"https:\/\/kschmied.ch\/wp-content\/uploads\/2020\/08\/20HC_Container_Stahlboden.jpg","width":740,"height":540,"caption":"20' High Cube Shipping Container, STEEL FLOOR, NEW\/one-trip"},{"@type":"BreadcrumbList","@id":"https:\/\/kschmied.ch\/en\/container\/preisanfrage\/20-high-cube-box-seacontainer-steel-floor-new-one-trip\/#breadcrumb","itemListElement":[{"@type":"ListItem","position":1,"name":"Accueil","item":"https:\/\/kschmied.ch\/en\/"},{"@type":"ListItem","position":2,"name":"20&#8242; High Cube Box Shipping Container, STEEL FLOOR, NEW\/one-trip"}]},{"@type":"WebSite","@id":"https:\/\/kschmied.ch\/en\/#website","url":"https:\/\/kschmied.ch\/en\/","name":"K. SCHMIED AG","description":"Swiss container trading &amp; shipping since 1979","publisher":{"@id":"https:\/\/kschmied.ch\/en\/#organization"},"alternateName":"K. SCHMIED AG","potentialAction":[{"@type":"SearchAction","target":{"@type":"EntryPoint","urlTemplate":"https:\/\/kschmied.ch\/en\/?s={search_term_string}"},"query-input":{"@type":"PropertyValueSpecification","valueRequired":true,"valueName":"search_term_string"}}],"inLanguage":"en-US"},{"@type":"Organization","@id":"https:\/\/kschmied.ch\/en\/#organization","name":"K. SCHMIED AG","alternateName":"K. SCHMIED AG","url":"https:\/\/kschmied.ch\/en\/","logo":{"@type":"ImageObject","inLanguage":"en-US","@id":"https:\/\/kschmied.ch\/en\/#\/schema\/logo\/image\/","url":"https:\/\/kschmied.ch\/wp-content\/uploads\/2020\/07\/LOGO-gross.jpg","contentUrl":"https:\/\/kschmied.ch\/wp-content\/uploads\/2020\/07\/LOGO-gross.jpg","width":770,"height":240,"caption":"K. SCHMIED AG"},"image":{"@id":"https:\/\/kschmied.ch\/en\/#\/schema\/logo\/image\/"},"sameAs":["https:\/\/ch.linkedin.com\/company\/k-schmied-ag"],"description":"K. SCHMIED AG ist ein f\u00fchrendes Unternehmen im Bereich Containerverkauf und -vermietung in der Schweiz. Mit langj\u00e4hriger Erfahrung bieten wir unseren Kunden robuste, langlebige Seecontainer, Lagercontainer und Schnellbaucontainer in verschiedenen Gr\u00f6\u00dfen und Ausf\u00fchrungen. Unser Service umfasst auch Transportl\u00f6sungen, ma\u00dfgeschneiderte Containeranforderungen und weltweiten Versand. Qualit\u00e4t, Kundenzufriedenheit und Zuverl\u00e4ssigkeit stehen bei uns an erster Stelle.","email":"info@kschmied.ch","telephone":"041 811 30 03","legalName":"K. SCHMIED internat. Transporte & Handels AG","foundingDate":"1979-01-01","vatID":"CHE-107.962.018 MWST","taxID":"CHE-107.962.018 MWST","numberOfEmployees":{"@type":"QuantitativeValue","minValue":"1","maxValue":"10"}}]},"product_price_currency":"CHF","og_availability":"backorder","product_availability":"available for order","product_retailer_item_id":"HCSF20N","product_condition":"new"},"_links":{"self":[{"href":"https:\/\/kschmied.ch\/en\/wp-json\/wp\/v2\/product\/21288","targetHints":{"allow":["GET"]}}],"collection":[{"href":"https:\/\/kschmied.ch\/en\/wp-json\/wp\/v2\/product"}],"about":[{"href":"https:\/\/kschmied.ch\/en\/wp-json\/wp\/v2\/types\/product"}],"wp:featuredmedia":[{"embeddable":true,"href":"https:\/\/kschmied.ch\/en\/wp-json\/wp\/v2\/media\/21290"}],"wp:attachment":[{"href":"https:\/\/kschmied.ch\/en\/wp-json\/wp\/v2\/media?parent=21288"}],"wp:term":[{"taxonomy":"product_brand","embeddable":true,"href":"https:\/\/kschmied.ch\/en\/wp-json\/wp\/v2\/product_brand?post=21288"},{"taxonomy":"product_cat","embeddable":true,"href":"https:\/\/kschmied.ch\/en\/wp-json\/wp\/v2\/product_cat?post=21288"},{"taxonomy":"product_tag","embeddable":true,"href":"https:\/\/kschmied.ch\/en\/wp-json\/wp\/v2\/product_tag?post=21288"}],"curies":[{"name":"wp","href":"https:\/\/api.w.org\/{rel}","templated":true}]}}