{"id":20104,"date":"2019-12-09T15:48:26","date_gmt":"2019-12-09T14:48:26","guid":{"rendered":"https:\/\/www.kschmied.ch\/produkt\/quick-build-container-2x2m-1-leaf-door\/"},"modified":"2025-11-19T11:31:02","modified_gmt":"2025-11-19T10:31:02","slug":"quick-build-container-2x2-1-leaf-door","status":"publish","type":"product","link":"https:\/\/kschmied.ch\/en\/container\/preisanfrage\/quick-build-container-2x2-1-leaf-door\/","title":{"rendered":"Quick build container 2x2m, 1-leaf door"},"content":{"rendered":"<p>The <strong>quick-build containers<\/strong> are versatile. Be it on construction sites as well as for industry, trade or in the private sector &gt; <strong>flexible, mobile<\/strong> and yet stable and quick to assemble (tool-free assembly).<\/p>\n<p>This quick-build container is equipped with a spacer for transport with a forklift and for floor ventilation.<\/p>\n<p>On request, this quick-build container can also be delivered without a floor. This enables threshold-free access.<\/p>\n<p>&nbsp;<\/p>\n<p><strong>AREAS OF APPLICATION:<\/strong><\/p>\n<ul>\n<li>Material warehouse, magazine on construction sites<\/li>\n<li>Self Storage<\/li>\n<\/ul>\n<p>&nbsp;<\/p>\n<p><strong>DELIVERY:<\/strong><\/p>\n<ul>\n<li>Disassembled delivery (an illustrated assembly instruction is included)<\/li>\n<li>Delivery without unloading (= by customer) &gt; Unloading with crane (on request)<\/li>\n<\/ul>\n","protected":false},"excerpt":{"rendered":"<p>Quick build container &#8211; SC3000<\/p>\n<p><span style=\"color: #00ff00;\">\u2714<\/span> Setup without tools (simple &amp; fast)<br \/>\n<span style=\"color: #00ff00;\">\u2714<\/span> Galvanized sheet steel<br \/>\n\u2714 <span style=\"color: #00ff00;\">4<\/span> crane eyes for transportation (craneable up to 1.9t)<br \/>\n<span style=\"color: #00ff00;\">\u2714<\/span> Spacers for forklift transport and for floor ventilation<br \/>\n<span style=\"color: #00ff00;\">\u2714<\/span> Snow load security 210 kg\/m2<br \/>\n<span style=\"color: #00ff00;\">\u2714<\/span> Sturdy OSB wooden floor<br \/>\n<span style=\"color: #00ff00;\">\u2714<\/span> floor load allowance 500 kg\/m2<br \/>\n<span style=\"color: #00ff00;\">\u2714<\/span> T\u00dcV proofed<\/p>\n<p><a href=\"\/en\/enquiry\/\" class=\"btn-back\">Back to overview<\/a><\/p>\n<p>&nbsp;<\/p>\n","protected":false},"featured_media":9782,"template":"","meta":{"_acf_changed":false},"product_brand":[],"product_cat":[349,348],"product_tag":[],"class_list":{"0":"post-20104","1":"product","2":"type-product","3":"status-publish","4":"has-post-thumbnail","6":"product_cat-quick-build-container","7":"product_cat-storage-container-en","8":"pa_aussenmasse-quick-build-container-2x2","9":"pa_boden-quick-build-container","10":"pa_containertyp-quick-build-container","11":"pa_containertyp-storage-container","12":"pa_eigengewicht-quick-build-container-2x2","13":"pa_haftungsausschluss-subject-to-errors-and-technical-changes","14":"pa_innenmasse-quick-build-2x2m-inside","15":"pa_option-buy","16":"pa_tueroeffnung-quick-buld-containe-alongside-1-leaf-door","17":"pa_volumen-quick-build-contianer-2x2-volume","18":"pa_zuladung-quick-build-container-2x2","19":"pa_zustand-neu-en","21":"first","22":"onbackorder","23":"taxable","24":"shipping-taxable","25":"product-type-simple"},"acf":[],"yoast_head":"<!-- This site is optimized with the Yoast SEO Premium plugin v27.2 (Yoast SEO v27.2) - https:\/\/yoast.com\/product\/yoast-seo-premium-wordpress\/ -->\n<title>Quick build container 2x2m, 1-leaf door - K. Schmied AG \u2013 Containers &amp; Shipping Switzerland<\/title>\n<meta name=\"robots\" content=\"index, follow, max-snippet:-1, max-image-preview:large, max-video-preview:-1\" \/>\n<link rel=\"canonical\" href=\"https:\/\/kschmied.ch\/en\/container\/preisanfrage\/quick-build-container-2x2-1-leaf-door\/\" \/>\n<meta property=\"og:locale\" content=\"en_US\" \/>\n<meta property=\"og:type\" content=\"article\" \/>\n<meta property=\"og:title\" content=\"Quick build container 2x2m, 1-leaf door\" \/>\n<meta property=\"og:description\" content=\"Quick build container - SC3000 \u2714 Setup without tools (simple &amp; fast) \u2714 Galvanized sheet steel \u2714 4 crane eyes for transportation (craneable up to 1.9t) \u2714 Spacers for forklift transport and for floor ventilation \u2714 Snow load security 210 kg\/m2 \u2714 Sturdy OSB wooden floor \u2714 floor load allowance 500 kg\/m2 \u2714 T\u00dcV proofed Back to overview &nbsp;\" \/>\n<meta property=\"og:url\" content=\"https:\/\/kschmied.ch\/en\/container\/preisanfrage\/quick-build-container-2x2-1-leaf-door\/\" \/>\n<meta property=\"og:site_name\" content=\"K. Schmied AG \u2013 Containers &amp; Shipping Switzerland\" \/>\n<meta property=\"article:modified_time\" content=\"2025-11-19T10:31:02+00:00\" \/>\n<meta property=\"og:image\" content=\"https:\/\/kschmied.ch\/wp-content\/uploads\/2019\/12\/Schnellbaucontainer-2x2.jpg\" \/>\n\t<meta property=\"og:image:width\" content=\"740\" \/>\n\t<meta property=\"og:image:height\" content=\"540\" \/>\n\t<meta property=\"og:image:type\" content=\"image\/jpeg\" \/>\n<meta name=\"twitter:card\" content=\"summary_large_image\" \/>\n<meta name=\"twitter:label1\" content=\"Price\" \/>\n\t<meta name=\"twitter:data1\" content=\"\" \/>\n\t<meta name=\"twitter:label2\" content=\"Availability\" \/>\n\t<meta name=\"twitter:data2\" content=\"On backorder\" \/>\n<meta property=\"product:price:currency\" content=\"CHF\" \/>\n<meta property=\"og:availability\" content=\"backorder\" \/>\n<meta property=\"product:availability\" content=\"available for order\" \/>\n<meta property=\"product:retailer_item_id\" content=\"S2X2-1F\" \/>\n<meta property=\"product:condition\" content=\"new\" \/>\n<!-- \/ Yoast SEO Premium plugin. -->","yoast_head_json":{"title":"Quick build container 2x2m, 1-leaf door - K. Schmied AG \u2013 Containers &amp; Shipping Switzerland","robots":{"index":"index","follow":"follow","max-snippet":"max-snippet:-1","max-image-preview":"max-image-preview:large","max-video-preview":"max-video-preview:-1"},"canonical":"https:\/\/kschmied.ch\/en\/container\/preisanfrage\/quick-build-container-2x2-1-leaf-door\/","og_locale":"en_US","og_type":"article","og_title":"Quick build container 2x2m, 1-leaf door","og_description":"Quick build container - SC3000 \u2714 Setup without tools (simple &amp; fast) \u2714 Galvanized sheet steel \u2714 4 crane eyes for transportation (craneable up to 1.9t) \u2714 Spacers for forklift transport and for floor ventilation \u2714 Snow load security 210 kg\/m2 \u2714 Sturdy OSB wooden floor \u2714 floor load allowance 500 kg\/m2 \u2714 T\u00dcV proofed Back to overview &nbsp;","og_url":"https:\/\/kschmied.ch\/en\/container\/preisanfrage\/quick-build-container-2x2-1-leaf-door\/","og_site_name":"K. Schmied AG \u2013 Containers &amp; Shipping Switzerland","article_modified_time":"2025-11-19T10:31:02+00:00","og_image":[{"width":740,"height":540,"url":"https:\/\/kschmied.ch\/wp-content\/uploads\/2019\/12\/Schnellbaucontainer-2x2.jpg","type":"image\/jpeg"}],"twitter_card":"summary_large_image","twitter_misc":{"Price":"","Availability":"On backorder"},"schema":{"@context":"https:\/\/schema.org","@graph":[{"@type":"WebPage","@id":"https:\/\/kschmied.ch\/en\/container\/preisanfrage\/quick-build-container-2x2-1-leaf-door\/","url":"https:\/\/kschmied.ch\/en\/container\/preisanfrage\/quick-build-container-2x2-1-leaf-door\/","name":"Quick build container 2x2m, 1-leaf door - K. Schmied AG \u2013 Containers &amp; Shipping Switzerland","isPartOf":{"@id":"https:\/\/kschmied.ch\/en\/#website"},"primaryImageOfPage":{"@id":"https:\/\/kschmied.ch\/en\/container\/preisanfrage\/quick-build-container-2x2-1-leaf-door\/#primaryimage"},"image":{"@id":"https:\/\/kschmied.ch\/en\/container\/preisanfrage\/quick-build-container-2x2-1-leaf-door\/#primaryimage"},"thumbnailUrl":"https:\/\/kschmied.ch\/wp-content\/uploads\/2019\/12\/Schnellbaucontainer-2x2.jpg","datePublished":"2019-12-09T14:48:26+00:00","dateModified":"2025-11-19T10:31:02+00:00","breadcrumb":{"@id":"https:\/\/kschmied.ch\/en\/container\/preisanfrage\/quick-build-container-2x2-1-leaf-door\/#breadcrumb"},"inLanguage":"en-US","potentialAction":[{"@type":"ReadAction","target":["https:\/\/kschmied.ch\/en\/container\/preisanfrage\/quick-build-container-2x2-1-leaf-door\/"]}]},{"@type":"ImageObject","inLanguage":"en-US","@id":"https:\/\/kschmied.ch\/en\/container\/preisanfrage\/quick-build-container-2x2-1-leaf-door\/#primaryimage","url":"https:\/\/kschmied.ch\/wp-content\/uploads\/2019\/12\/Schnellbaucontainer-2x2.jpg","contentUrl":"https:\/\/kschmied.ch\/wp-content\/uploads\/2019\/12\/Schnellbaucontainer-2x2.jpg","width":740,"height":540,"caption":"Quick build container, 2x2m, 1-leaf door"},{"@type":"BreadcrumbList","@id":"https:\/\/kschmied.ch\/en\/container\/preisanfrage\/quick-build-container-2x2-1-leaf-door\/#breadcrumb","itemListElement":[{"@type":"ListItem","position":1,"name":"Accueil","item":"https:\/\/kschmied.ch\/en\/"},{"@type":"ListItem","position":2,"name":"Quick build container 2x2m, 1-leaf door"}]},{"@type":"WebSite","@id":"https:\/\/kschmied.ch\/en\/#website","url":"https:\/\/kschmied.ch\/en\/","name":"K. SCHMIED AG","description":"Swiss container trading &amp; shipping since 1979","publisher":{"@id":"https:\/\/kschmied.ch\/en\/#organization"},"alternateName":"K. SCHMIED AG","potentialAction":[{"@type":"SearchAction","target":{"@type":"EntryPoint","urlTemplate":"https:\/\/kschmied.ch\/en\/?s={search_term_string}"},"query-input":{"@type":"PropertyValueSpecification","valueRequired":true,"valueName":"search_term_string"}}],"inLanguage":"en-US"},{"@type":"Organization","@id":"https:\/\/kschmied.ch\/en\/#organization","name":"K. SCHMIED AG","alternateName":"K. SCHMIED AG","url":"https:\/\/kschmied.ch\/en\/","logo":{"@type":"ImageObject","inLanguage":"en-US","@id":"https:\/\/kschmied.ch\/en\/#\/schema\/logo\/image\/","url":"https:\/\/kschmied.ch\/wp-content\/uploads\/2020\/07\/LOGO-gross.jpg","contentUrl":"https:\/\/kschmied.ch\/wp-content\/uploads\/2020\/07\/LOGO-gross.jpg","width":770,"height":240,"caption":"K. SCHMIED AG"},"image":{"@id":"https:\/\/kschmied.ch\/en\/#\/schema\/logo\/image\/"},"sameAs":["https:\/\/ch.linkedin.com\/company\/k-schmied-ag"],"description":"K. SCHMIED AG ist ein f\u00fchrendes Unternehmen im Bereich Containerverkauf und -vermietung in der Schweiz. Mit langj\u00e4hriger Erfahrung bieten wir unseren Kunden robuste, langlebige Seecontainer, Lagercontainer und Schnellbaucontainer in verschiedenen Gr\u00f6\u00dfen und Ausf\u00fchrungen. Unser Service umfasst auch Transportl\u00f6sungen, ma\u00dfgeschneiderte Containeranforderungen und weltweiten Versand. Qualit\u00e4t, Kundenzufriedenheit und Zuverl\u00e4ssigkeit stehen bei uns an erster Stelle.","email":"info@kschmied.ch","telephone":"041 811 30 03","legalName":"K. SCHMIED internat. Transporte & Handels AG","foundingDate":"1979-01-01","vatID":"CHE-107.962.018 MWST","taxID":"CHE-107.962.018 MWST","numberOfEmployees":{"@type":"QuantitativeValue","minValue":"1","maxValue":"10"}}]},"product_price_currency":"CHF","og_availability":"backorder","product_availability":"available for order","product_retailer_item_id":"S2X2-1F","product_condition":"new"},"_links":{"self":[{"href":"https:\/\/kschmied.ch\/en\/wp-json\/wp\/v2\/product\/20104","targetHints":{"allow":["GET"]}}],"collection":[{"href":"https:\/\/kschmied.ch\/en\/wp-json\/wp\/v2\/product"}],"about":[{"href":"https:\/\/kschmied.ch\/en\/wp-json\/wp\/v2\/types\/product"}],"wp:featuredmedia":[{"embeddable":true,"href":"https:\/\/kschmied.ch\/en\/wp-json\/wp\/v2\/media\/9782"}],"wp:attachment":[{"href":"https:\/\/kschmied.ch\/en\/wp-json\/wp\/v2\/media?parent=20104"}],"wp:term":[{"taxonomy":"product_brand","embeddable":true,"href":"https:\/\/kschmied.ch\/en\/wp-json\/wp\/v2\/product_brand?post=20104"},{"taxonomy":"product_cat","embeddable":true,"href":"https:\/\/kschmied.ch\/en\/wp-json\/wp\/v2\/product_cat?post=20104"},{"taxonomy":"product_tag","embeddable":true,"href":"https:\/\/kschmied.ch\/en\/wp-json\/wp\/v2\/product_tag?post=20104"}],"curies":[{"name":"wp","href":"https:\/\/api.w.org\/{rel}","templated":true}]}}