{"id":20073,"date":"2020-03-10T16:48:45","date_gmt":"2020-03-10T15:48:45","guid":{"rendered":"https:\/\/www.kschmied.ch\/produkt\/20-platform-new-one-way-steel-floor\/"},"modified":"2025-11-19T11:31:33","modified_gmt":"2025-11-19T10:31:33","slug":"20-plattform-new-one-way-steel-floor","status":"publish","type":"product","link":"https:\/\/kschmied.ch\/en\/container\/preisanfrage\/20-plattform-new-one-way-steel-floor\/","title":{"rendered":"20&#8242; platform, STEEL FLOOR, NEW\/new"},"content":{"rendered":"<p><strong>20 container platforms<\/strong> <strong>with STEEL FLOORS<\/strong> only consist of a floor construction without walls.<\/p>\n<p>The platforms have lashing rings on the sides to which the load can be attached. The platforms are particularly suitable for transporting bulky and heavy goods.<\/p>\n<p>&nbsp;<\/p>\n<p><strong>AREAS OF APPLICATION:<\/strong><\/p>\n<ul>\n<li>Transport platform for oversized cargo<\/li>\n<\/ul>\n","protected":false},"excerpt":{"rendered":"<p>Plattform<\/p>\n<p><span style=\"color: #000000;\"><strong>COLOR(S): <\/strong><\/span><br \/>\n<span style=\"color: #000000;\">RAL 5010 (gentian blue)<br \/>\n(other colors on request)<\/span><\/p>\n<p><span style=\"color: #00ff00;\">\u2714<\/span> ISO standardized<br \/>\n<span style=\"color: #00ff00;\">\u2714<\/span> Wind- and watertight (WWT)<br \/>\n<span style=\"color: #00ff00;\">\u2714<\/span> Corten steel (hardened, weatherproof steel)<br \/>\n<span style=\"color: #00ff00;\">\u2714<\/span> Valid CSC plate (approx. 4-5 years)<br \/>\n<span style=\"color: #00ff00;\">\u2714<\/span> <strong>Duty paid<\/strong> in Switzerland<br \/>\n<span style=\"color: #00ff00;\">\u2714<\/span> Stackable, incl. Forklift pockets (side)<br \/>\n<span style=\"color: #00ff00;\">\u2714<\/span><strong>STEEL FLOOR<\/strong><\/p>\n<p><a href=\"\/en\/enquiry\/\" class=\"btn-back\">Back to overview<\/a><\/p>\n<p>&nbsp;<\/p>\n","protected":false},"featured_media":14513,"template":"","meta":{"_acf_changed":false},"product_brand":[],"product_cat":[350,348],"product_tag":[],"class_list":{"0":"post-20073","1":"product","2":"type-product","3":"status-publish","4":"has-post-thumbnail","6":"product_cat-seacontainer","7":"product_cat-storage-container-en","8":"pa_ausfuehrung-platform-en","9":"pa_ausfuehrung-steel-floor","10":"pa_aussenmasse-6058-x-2438-x-324-mm-10-mm-en","11":"pa_boden-steel-floor","12":"pa_containertyp-sea-container","13":"pa_eigengewicht-1800-kg-2000-kg-depending-on-year-of-manufacture-and-model-series","14":"pa_groesse-20-foot-l-6m","15":"pa_haftungsausschluss-subject-to-errors-and-technical-changes","16":"pa_option-buy","17":"pa_zuladung-20-box-sea-container","18":"pa_zustand-neu-en","20":"first","21":"onbackorder","22":"taxable","23":"shipping-taxable","24":"product-type-simple"},"acf":[],"yoast_head":"<!-- This site is optimized with the Yoast SEO Premium plugin v27.4 (Yoast SEO v27.4) - https:\/\/yoast.com\/product\/yoast-seo-premium-wordpress\/ -->\n<title>20&#039; platform, STEEL FLOOR, NEW\/new - K. Schmied AG \u2013 Containers &amp; Shipping Switzerland<\/title>\n<meta name=\"robots\" content=\"index, follow, max-snippet:-1, max-image-preview:large, max-video-preview:-1\" \/>\n<link rel=\"canonical\" href=\"https:\/\/kschmied.ch\/en\/container\/preisanfrage\/20-plattform-new-one-way-steel-floor\/\" \/>\n<meta property=\"og:locale\" content=\"en_US\" \/>\n<meta property=\"og:type\" content=\"article\" \/>\n<meta property=\"og:title\" content=\"20&#039; platform, STEEL FLOOR, NEW\/new\" \/>\n<meta property=\"og:description\" content=\"Plattform COLOR(S): RAL 5010 (gentian blue) (other colors on request) \u2714 ISO standardized \u2714 Wind- and watertight (WWT) \u2714 Corten steel (hardened, weatherproof steel) \u2714 Valid CSC plate (approx. 4-5 years) \u2714 Duty paid in Switzerland \u2714 Stackable, incl. Forklift pockets (side) \u2714STEEL FLOOR Back to overview &nbsp;\" \/>\n<meta property=\"og:url\" content=\"https:\/\/kschmied.ch\/en\/container\/preisanfrage\/20-plattform-new-one-way-steel-floor\/\" \/>\n<meta property=\"og:site_name\" content=\"K. Schmied AG \u2013 Containers &amp; Shipping Switzerland\" \/>\n<meta property=\"article:modified_time\" content=\"2025-11-19T10:31:33+00:00\" \/>\n<meta property=\"og:image\" content=\"https:\/\/kschmied.ch\/wp-content\/uploads\/2020\/03\/20-Plattform-NEU.jpg\" \/>\n\t<meta property=\"og:image:width\" content=\"740\" \/>\n\t<meta property=\"og:image:height\" content=\"540\" \/>\n\t<meta property=\"og:image:type\" content=\"image\/jpeg\" \/>\n<meta name=\"twitter:card\" content=\"summary_large_image\" \/>\n<meta name=\"twitter:label1\" content=\"Price\" \/>\n\t<meta name=\"twitter:data1\" content=\"\" \/>\n\t<meta name=\"twitter:label2\" content=\"Availability\" \/>\n\t<meta name=\"twitter:data2\" content=\"On backorder\" \/>\n<meta property=\"product:price:currency\" content=\"CHF\" \/>\n<meta property=\"og:availability\" content=\"backorder\" \/>\n<meta property=\"product:availability\" content=\"available for order\" \/>\n<meta property=\"product:retailer_item_id\" content=\"P20NSF\" \/>\n<meta property=\"product:condition\" content=\"new\" \/>\n<!-- \/ Yoast SEO Premium plugin. -->","yoast_head_json":{"title":"20' platform, STEEL FLOOR, NEW\/new - K. Schmied AG \u2013 Containers &amp; Shipping Switzerland","robots":{"index":"index","follow":"follow","max-snippet":"max-snippet:-1","max-image-preview":"max-image-preview:large","max-video-preview":"max-video-preview:-1"},"canonical":"https:\/\/kschmied.ch\/en\/container\/preisanfrage\/20-plattform-new-one-way-steel-floor\/","og_locale":"en_US","og_type":"article","og_title":"20' platform, STEEL FLOOR, NEW\/new","og_description":"Plattform COLOR(S): RAL 5010 (gentian blue) (other colors on request) \u2714 ISO standardized \u2714 Wind- and watertight (WWT) \u2714 Corten steel (hardened, weatherproof steel) \u2714 Valid CSC plate (approx. 4-5 years) \u2714 Duty paid in Switzerland \u2714 Stackable, incl. Forklift pockets (side) \u2714STEEL FLOOR Back to overview &nbsp;","og_url":"https:\/\/kschmied.ch\/en\/container\/preisanfrage\/20-plattform-new-one-way-steel-floor\/","og_site_name":"K. Schmied AG \u2013 Containers &amp; Shipping Switzerland","article_modified_time":"2025-11-19T10:31:33+00:00","og_image":[{"width":740,"height":540,"url":"https:\/\/kschmied.ch\/wp-content\/uploads\/2020\/03\/20-Plattform-NEU.jpg","type":"image\/jpeg"}],"twitter_card":"summary_large_image","twitter_misc":{"Price":"","Availability":"On backorder"},"schema":{"@context":"https:\/\/schema.org","@graph":[{"@type":"WebPage","@id":"https:\/\/kschmied.ch\/en\/container\/preisanfrage\/20-plattform-new-one-way-steel-floor\/","url":"https:\/\/kschmied.ch\/en\/container\/preisanfrage\/20-plattform-new-one-way-steel-floor\/","name":"20' platform, STEEL FLOOR, NEW\/new - K. Schmied AG \u2013 Containers &amp; Shipping Switzerland","isPartOf":{"@id":"https:\/\/kschmied.ch\/en\/#website"},"primaryImageOfPage":{"@id":"https:\/\/kschmied.ch\/en\/container\/preisanfrage\/20-plattform-new-one-way-steel-floor\/#primaryimage"},"image":{"@id":"https:\/\/kschmied.ch\/en\/container\/preisanfrage\/20-plattform-new-one-way-steel-floor\/#primaryimage"},"thumbnailUrl":"https:\/\/kschmied.ch\/wp-content\/uploads\/2020\/03\/20-Plattform-NEU.jpg","datePublished":"2020-03-10T15:48:45+00:00","dateModified":"2025-11-19T10:31:33+00:00","breadcrumb":{"@id":"https:\/\/kschmied.ch\/en\/container\/preisanfrage\/20-plattform-new-one-way-steel-floor\/#breadcrumb"},"inLanguage":"en-US","potentialAction":[{"@type":"ReadAction","target":["https:\/\/kschmied.ch\/en\/container\/preisanfrage\/20-plattform-new-one-way-steel-floor\/"]}]},{"@type":"ImageObject","inLanguage":"en-US","@id":"https:\/\/kschmied.ch\/en\/container\/preisanfrage\/20-plattform-new-one-way-steel-floor\/#primaryimage","url":"https:\/\/kschmied.ch\/wp-content\/uploads\/2020\/03\/20-Plattform-NEU.jpg","contentUrl":"https:\/\/kschmied.ch\/wp-content\/uploads\/2020\/03\/20-Plattform-NEU.jpg","width":740,"height":540,"caption":"20 Foot PLATFORM, STEEL FLOOR, new\/one-way"},{"@type":"BreadcrumbList","@id":"https:\/\/kschmied.ch\/en\/container\/preisanfrage\/20-plattform-new-one-way-steel-floor\/#breadcrumb","itemListElement":[{"@type":"ListItem","position":1,"name":"Accueil","item":"https:\/\/kschmied.ch\/en\/"},{"@type":"ListItem","position":2,"name":"20&#8242; platform, STEEL FLOOR, NEW\/new"}]},{"@type":"WebSite","@id":"https:\/\/kschmied.ch\/en\/#website","url":"https:\/\/kschmied.ch\/en\/","name":"K. SCHMIED AG","description":"Swiss container trading &amp; shipping since 1979","publisher":{"@id":"https:\/\/kschmied.ch\/en\/#organization"},"alternateName":"K. SCHMIED AG","potentialAction":[{"@type":"SearchAction","target":{"@type":"EntryPoint","urlTemplate":"https:\/\/kschmied.ch\/en\/?s={search_term_string}"},"query-input":{"@type":"PropertyValueSpecification","valueRequired":true,"valueName":"search_term_string"}}],"inLanguage":"en-US"},{"@type":"Organization","@id":"https:\/\/kschmied.ch\/en\/#organization","name":"K. SCHMIED AG","alternateName":"K. SCHMIED AG","url":"https:\/\/kschmied.ch\/en\/","logo":{"@type":"ImageObject","inLanguage":"en-US","@id":"https:\/\/kschmied.ch\/en\/#\/schema\/logo\/image\/","url":"https:\/\/kschmied.ch\/wp-content\/uploads\/2020\/07\/LOGO-gross.jpg","contentUrl":"https:\/\/kschmied.ch\/wp-content\/uploads\/2020\/07\/LOGO-gross.jpg","width":770,"height":240,"caption":"K. SCHMIED AG"},"image":{"@id":"https:\/\/kschmied.ch\/en\/#\/schema\/logo\/image\/"},"sameAs":["https:\/\/ch.linkedin.com\/company\/k-schmied-ag"],"description":"K. SCHMIED AG ist ein f\u00fchrendes Unternehmen im Bereich Containerverkauf und -vermietung in der Schweiz. Mit langj\u00e4hriger Erfahrung bieten wir unseren Kunden robuste, langlebige Seecontainer, Lagercontainer und Schnellbaucontainer in verschiedenen Gr\u00f6\u00dfen und Ausf\u00fchrungen. Unser Service umfasst auch Transportl\u00f6sungen, ma\u00dfgeschneiderte Containeranforderungen und weltweiten Versand. Qualit\u00e4t, Kundenzufriedenheit und Zuverl\u00e4ssigkeit stehen bei uns an erster Stelle.","email":"info@kschmied.ch","telephone":"041 811 30 03","legalName":"K. SCHMIED internat. Transporte & Handels AG","foundingDate":"1979-01-01","vatID":"CHE-107.962.018 MWST","taxID":"CHE-107.962.018 MWST","numberOfEmployees":{"@type":"QuantitativeValue","minValue":"1","maxValue":"10"}}]},"product_price_currency":"CHF","og_availability":"backorder","product_availability":"available for order","product_retailer_item_id":"P20NSF","product_condition":"new"},"_links":{"self":[{"href":"https:\/\/kschmied.ch\/en\/wp-json\/wp\/v2\/product\/20073","targetHints":{"allow":["GET"]}}],"collection":[{"href":"https:\/\/kschmied.ch\/en\/wp-json\/wp\/v2\/product"}],"about":[{"href":"https:\/\/kschmied.ch\/en\/wp-json\/wp\/v2\/types\/product"}],"wp:featuredmedia":[{"embeddable":true,"href":"https:\/\/kschmied.ch\/en\/wp-json\/wp\/v2\/media\/14513"}],"wp:attachment":[{"href":"https:\/\/kschmied.ch\/en\/wp-json\/wp\/v2\/media?parent=20073"}],"wp:term":[{"taxonomy":"product_brand","embeddable":true,"href":"https:\/\/kschmied.ch\/en\/wp-json\/wp\/v2\/product_brand?post=20073"},{"taxonomy":"product_cat","embeddable":true,"href":"https:\/\/kschmied.ch\/en\/wp-json\/wp\/v2\/product_cat?post=20073"},{"taxonomy":"product_tag","embeddable":true,"href":"https:\/\/kschmied.ch\/en\/wp-json\/wp\/v2\/product_tag?post=20073"}],"curies":[{"name":"wp","href":"https:\/\/api.w.org\/{rel}","templated":true}]}}