{"id":20069,"date":"2020-04-22T10:14:19","date_gmt":"2020-04-22T08:14:19","guid":{"rendered":"https:\/\/www.kschmied.ch\/produkt\/20-isolated-box-sea-container-new-one-way\/"},"modified":"2026-03-09T17:08:11","modified_gmt":"2026-03-09T16:08:11","slug":"20-box-sea-container-new-one-way-isolated","status":"publish","type":"product","link":"https:\/\/kschmied.ch\/en\/container\/preisanfrage\/20-box-sea-container-new-one-way-isolated\/","title":{"rendered":"20&#8242; ISOLATED Box Sea container, NEW\/One-Way"},"content":{"rendered":"<p><strong>20 foot box &#8211; sea containers, ISOLATED<\/strong><strong>,<\/strong>are standardised steel containers which are not only used for overseas transport. It has a double wing door which can be closed with locking bars.<\/p>\n<p>In this version, the side walls, roof and floor are <strong>thermally insulated<\/strong> so that the container is less sensitive to external temperature fluctuations. Because of the insulation, cold and heat have less influence on the internal temperatures.<\/p>\n<p>&nbsp;<\/p>\n<p><strong>INSULATION:<\/strong><\/p>\n<p><strong>Side walls and roof:<\/strong>60mm mineral wool &#8211; density 70 kg\/m3<br \/>\n<strong>Door:<\/strong> 50 mm mineral wool &#8211; density 70 kg\/m3<br \/>\n(subject to errors and technical changes)<\/p>\n<p>&nbsp;<\/p>\n<p><strong>AREAS OF APPLICATION:<\/strong><\/p>\n<ul>\n<li>Transport containers<\/li>\n<li>Storage for demanding products<\/li>\n<\/ul>\n<p>&nbsp;<\/p>\n<p>If containers should be additionally cooled or heated, you will find under the heading <a href=\"https:\/\/www.kschmied.ch\/container\/shop\/?swoof=1&amp;product_cat=kuehlcontainer\">&#8216;Reefer containers<\/a>&#8216; refrigerated sea containers which are equipped with an appropriate refrigeration unit.<\/p>\n<p>____________________________________________________________________________________<\/p>\n<p><strong>CONDITION &#8211; NEW\/One-way:<\/strong><\/p>\n<p>&#8216;NEW\/One-way&#8217; shipping containers are <strong>NEW<\/strong> containers which are mainly manufactured in Asia and usually shipped to Europe with one load. For this reason the term &#8216;ONE-WAY Container&#8217; is often used.<\/p>\n<p>Loading and unloading the containers, as well as handling and transport, can result in slight abrasion and minor dents inside and out.<\/p>\n<p>&nbsp;<\/p>\n<p><strong>MODIFICATIONS:<\/strong><\/p>\n<p>Depending on the requirements and area of application, we also offer various Modifications.<\/p>\n","protected":false},"excerpt":{"rendered":"<p>Box\/DV\/TEU &#8211; Sea Container, <strong>ISOLATED<\/strong><\/p>\n<p><span style=\"color: #000000;\"><strong>COLOR(S):<\/strong> <\/span><br \/>\n<span style=\"color: #000000;\">RAL 9010 (pure white)<br \/>\n(other colors on request)<\/span><\/p>\n<p><span style=\"color: #00ff00;\">\u2714<\/span> ISO standardized<br \/>\n<span style=\"color: #00ff00;\">\u2714<\/span> <strong>INSULATED!<\/strong><br \/>\n<span style=\"color: #00ff00;\">\u2714<\/span> Wind- and watertight (WWT)<br \/>\n<span style=\"color: #00ff00;\">\u2714<\/span> Corten steel (hardened, weatherproof steel)<br \/>\n<span style=\"color: #00ff00;\">\u2714<\/span> Valid CSC plate (approx. 4-5 years)<br \/>\n<strong><span style=\"color: #ff0000;\">&#8211; <\/span> <span style=\"color: #ff0000;\">WITH<\/span> <span style=\"color: #ff0000;\">OUT<\/span><\/strong> fork lift pocket<\/p>\n<p><a class=\"btn-back\" href=\"\/en\/enquiry\/\">Back to overview<\/a><\/p>\n<p>&nbsp;<\/p>\n","protected":false},"featured_media":16729,"template":"","meta":{"_acf_changed":false},"product_brand":[],"product_cat":[350,348],"product_tag":[],"class_list":{"0":"post-20069","1":"product","2":"type-product","3":"status-publish","4":"has-post-thumbnail","6":"product_cat-seacontainer","7":"product_cat-storage-container-en","8":"pa_ausfuehrung-isolated","9":"pa_aussenmasse-20-box-sea-container","10":"pa_boden-plywood-bamboo-steel-floor-on-request","11":"pa_containertyp-sea-container","12":"pa_containertyp-storage-container","13":"pa_eigengewicht-20-container-isolated","14":"pa_groesse-20-foot-l-6m","15":"pa_haftungsausschluss-subject-to-errors-and-technical-changes","16":"pa_innenmasse-20-container-isolated","17":"pa_option-buy","18":"pa_tueroeffnung-40-box-sea-container","19":"pa_volumen-20-all-side-access-container-en","20":"pa_zuladung-40-box-sea-container","21":"pa_zustand-neu-en","23":"first","24":"onbackorder","25":"taxable","26":"shipping-taxable","27":"product-type-simple"},"acf":[],"yoast_head":"<!-- This site is optimized with the Yoast SEO Premium plugin v27.4 (Yoast SEO v27.4) - https:\/\/yoast.com\/product\/yoast-seo-premium-wordpress\/ -->\n<title>20&#039; ISOLATED Box Sea container, NEW\/One-Way - K. Schmied AG \u2013 Containers &amp; Shipping Switzerland<\/title>\n<meta name=\"robots\" content=\"index, follow, max-snippet:-1, max-image-preview:large, max-video-preview:-1\" \/>\n<link rel=\"canonical\" href=\"https:\/\/kschmied.ch\/en\/container\/preisanfrage\/20-box-sea-container-new-one-way-isolated\/\" \/>\n<meta property=\"og:locale\" content=\"en_US\" \/>\n<meta property=\"og:type\" content=\"article\" \/>\n<meta property=\"og:title\" content=\"20&#039; ISOLATED Box Sea container, NEW\/One-Way\" \/>\n<meta property=\"og:description\" content=\"Box\/DV\/TEU - Sea Container, ISOLATED  COLOR(S):  RAL 9010 (pure white) (other colors on request)  \u2714 ISO standardized \u2714 INSULATED! \u2714 Wind- and watertight (WWT) \u2714 Corten steel (hardened, weatherproof steel) \u2714 Valid CSC plate (approx. 4-5 years) - WITH OUT fork lift pocket  Back to overview  &nbsp;\" \/>\n<meta property=\"og:url\" content=\"https:\/\/kschmied.ch\/en\/container\/preisanfrage\/20-box-sea-container-new-one-way-isolated\/\" \/>\n<meta property=\"og:site_name\" content=\"K. Schmied AG \u2013 Containers &amp; Shipping Switzerland\" \/>\n<meta property=\"article:modified_time\" content=\"2026-03-09T16:08:11+00:00\" \/>\n<meta property=\"og:image\" content=\"https:\/\/kschmied.ch\/wp-content\/uploads\/2020\/04\/20Fuss_isolierte_Container..jpg\" \/>\n\t<meta property=\"og:image:width\" content=\"740\" \/>\n\t<meta property=\"og:image:height\" content=\"540\" \/>\n\t<meta property=\"og:image:type\" content=\"image\/jpeg\" \/>\n<meta name=\"twitter:card\" content=\"summary_large_image\" \/>\n<meta name=\"twitter:label1\" content=\"Price\" \/>\n\t<meta name=\"twitter:data1\" content=\"\" \/>\n\t<meta name=\"twitter:label2\" content=\"Availability\" \/>\n\t<meta name=\"twitter:data2\" content=\"On backorder\" \/>\n<meta property=\"product:price:currency\" content=\"CHF\" \/>\n<meta property=\"og:availability\" content=\"backorder\" \/>\n<meta property=\"product:availability\" content=\"available for order\" \/>\n<meta property=\"product:retailer_item_id\" content=\"IDV20N\" \/>\n<meta property=\"product:condition\" content=\"new\" \/>\n<!-- \/ Yoast SEO Premium plugin. -->","yoast_head_json":{"title":"20' ISOLATED Box Sea container, NEW\/One-Way - K. Schmied AG \u2013 Containers &amp; Shipping Switzerland","robots":{"index":"index","follow":"follow","max-snippet":"max-snippet:-1","max-image-preview":"max-image-preview:large","max-video-preview":"max-video-preview:-1"},"canonical":"https:\/\/kschmied.ch\/en\/container\/preisanfrage\/20-box-sea-container-new-one-way-isolated\/","og_locale":"en_US","og_type":"article","og_title":"20' ISOLATED Box Sea container, NEW\/One-Way","og_description":"Box\/DV\/TEU - Sea Container, ISOLATED  COLOR(S):  RAL 9010 (pure white) (other colors on request)  \u2714 ISO standardized \u2714 INSULATED! \u2714 Wind- and watertight (WWT) \u2714 Corten steel (hardened, weatherproof steel) \u2714 Valid CSC plate (approx. 4-5 years) - WITH OUT fork lift pocket  Back to overview  &nbsp;","og_url":"https:\/\/kschmied.ch\/en\/container\/preisanfrage\/20-box-sea-container-new-one-way-isolated\/","og_site_name":"K. Schmied AG \u2013 Containers &amp; Shipping Switzerland","article_modified_time":"2026-03-09T16:08:11+00:00","og_image":[{"width":740,"height":540,"url":"https:\/\/kschmied.ch\/wp-content\/uploads\/2020\/04\/20Fuss_isolierte_Container..jpg","type":"image\/jpeg"}],"twitter_card":"summary_large_image","twitter_misc":{"Price":"","Availability":"On backorder"},"schema":{"@context":"https:\/\/schema.org","@graph":[{"@type":"WebPage","@id":"https:\/\/kschmied.ch\/en\/container\/preisanfrage\/20-box-sea-container-new-one-way-isolated\/","url":"https:\/\/kschmied.ch\/en\/container\/preisanfrage\/20-box-sea-container-new-one-way-isolated\/","name":"20' ISOLATED Box Sea container, NEW\/One-Way - K. Schmied AG \u2013 Containers &amp; Shipping Switzerland","isPartOf":{"@id":"https:\/\/kschmied.ch\/en\/#website"},"primaryImageOfPage":{"@id":"https:\/\/kschmied.ch\/en\/container\/preisanfrage\/20-box-sea-container-new-one-way-isolated\/#primaryimage"},"image":{"@id":"https:\/\/kschmied.ch\/en\/container\/preisanfrage\/20-box-sea-container-new-one-way-isolated\/#primaryimage"},"thumbnailUrl":"https:\/\/kschmied.ch\/wp-content\/uploads\/2020\/04\/20Fuss_isolierte_Container..jpg","datePublished":"2020-04-22T08:14:19+00:00","dateModified":"2026-03-09T16:08:11+00:00","breadcrumb":{"@id":"https:\/\/kschmied.ch\/en\/container\/preisanfrage\/20-box-sea-container-new-one-way-isolated\/#breadcrumb"},"inLanguage":"en-US","potentialAction":[{"@type":"ReadAction","target":["https:\/\/kschmied.ch\/en\/container\/preisanfrage\/20-box-sea-container-new-one-way-isolated\/"]}]},{"@type":"ImageObject","inLanguage":"en-US","@id":"https:\/\/kschmied.ch\/en\/container\/preisanfrage\/20-box-sea-container-new-one-way-isolated\/#primaryimage","url":"https:\/\/kschmied.ch\/wp-content\/uploads\/2020\/04\/20Fuss_isolierte_Container..jpg","contentUrl":"https:\/\/kschmied.ch\/wp-content\/uploads\/2020\/04\/20Fuss_isolierte_Container..jpg","width":740,"height":540,"caption":"20 foot box sea container, new, INSULATED"},{"@type":"BreadcrumbList","@id":"https:\/\/kschmied.ch\/en\/container\/preisanfrage\/20-box-sea-container-new-one-way-isolated\/#breadcrumb","itemListElement":[{"@type":"ListItem","position":1,"name":"Accueil","item":"https:\/\/kschmied.ch\/en\/"},{"@type":"ListItem","position":2,"name":"20&#8242; ISOLATED Box Sea container, NEW\/One-Way"}]},{"@type":"WebSite","@id":"https:\/\/kschmied.ch\/en\/#website","url":"https:\/\/kschmied.ch\/en\/","name":"K. SCHMIED AG","description":"Swiss container trading &amp; shipping since 1979","publisher":{"@id":"https:\/\/kschmied.ch\/en\/#organization"},"alternateName":"K. SCHMIED AG","potentialAction":[{"@type":"SearchAction","target":{"@type":"EntryPoint","urlTemplate":"https:\/\/kschmied.ch\/en\/?s={search_term_string}"},"query-input":{"@type":"PropertyValueSpecification","valueRequired":true,"valueName":"search_term_string"}}],"inLanguage":"en-US"},{"@type":"Organization","@id":"https:\/\/kschmied.ch\/en\/#organization","name":"K. SCHMIED AG","alternateName":"K. SCHMIED AG","url":"https:\/\/kschmied.ch\/en\/","logo":{"@type":"ImageObject","inLanguage":"en-US","@id":"https:\/\/kschmied.ch\/en\/#\/schema\/logo\/image\/","url":"https:\/\/kschmied.ch\/wp-content\/uploads\/2020\/07\/LOGO-gross.jpg","contentUrl":"https:\/\/kschmied.ch\/wp-content\/uploads\/2020\/07\/LOGO-gross.jpg","width":770,"height":240,"caption":"K. SCHMIED AG"},"image":{"@id":"https:\/\/kschmied.ch\/en\/#\/schema\/logo\/image\/"},"sameAs":["https:\/\/ch.linkedin.com\/company\/k-schmied-ag"],"description":"K. SCHMIED AG ist ein f\u00fchrendes Unternehmen im Bereich Containerverkauf und -vermietung in der Schweiz. Mit langj\u00e4hriger Erfahrung bieten wir unseren Kunden robuste, langlebige Seecontainer, Lagercontainer und Schnellbaucontainer in verschiedenen Gr\u00f6\u00dfen und Ausf\u00fchrungen. Unser Service umfasst auch Transportl\u00f6sungen, ma\u00dfgeschneiderte Containeranforderungen und weltweiten Versand. Qualit\u00e4t, Kundenzufriedenheit und Zuverl\u00e4ssigkeit stehen bei uns an erster Stelle.","email":"info@kschmied.ch","telephone":"041 811 30 03","legalName":"K. SCHMIED internat. Transporte & Handels AG","foundingDate":"1979-01-01","vatID":"CHE-107.962.018 MWST","taxID":"CHE-107.962.018 MWST","numberOfEmployees":{"@type":"QuantitativeValue","minValue":"1","maxValue":"10"}}]},"product_price_currency":"CHF","og_availability":"backorder","product_availability":"available for order","product_retailer_item_id":"IDV20N","product_condition":"new"},"_links":{"self":[{"href":"https:\/\/kschmied.ch\/en\/wp-json\/wp\/v2\/product\/20069","targetHints":{"allow":["GET"]}}],"collection":[{"href":"https:\/\/kschmied.ch\/en\/wp-json\/wp\/v2\/product"}],"about":[{"href":"https:\/\/kschmied.ch\/en\/wp-json\/wp\/v2\/types\/product"}],"wp:featuredmedia":[{"embeddable":true,"href":"https:\/\/kschmied.ch\/en\/wp-json\/wp\/v2\/media\/16729"}],"wp:attachment":[{"href":"https:\/\/kschmied.ch\/en\/wp-json\/wp\/v2\/media?parent=20069"}],"wp:term":[{"taxonomy":"product_brand","embeddable":true,"href":"https:\/\/kschmied.ch\/en\/wp-json\/wp\/v2\/product_brand?post=20069"},{"taxonomy":"product_cat","embeddable":true,"href":"https:\/\/kschmied.ch\/en\/wp-json\/wp\/v2\/product_cat?post=20069"},{"taxonomy":"product_tag","embeddable":true,"href":"https:\/\/kschmied.ch\/en\/wp-json\/wp\/v2\/product_tag?post=20069"}],"curies":[{"name":"wp","href":"https:\/\/api.w.org\/{rel}","templated":true}]}}