{"id":5976,"date":"2019-09-18T18:30:45","date_gmt":"2019-09-18T16:30:45","guid":{"rendered":"https:\/\/www2.kschmied.ch\/csc-plate\/"},"modified":"2025-11-10T11:35:51","modified_gmt":"2025-11-10T10:35:51","slug":"csc-plate","status":"publish","type":"page","link":"https:\/\/kschmied.ch\/en\/container\/services\/csc-plate\/","title":{"rendered":"CSC badge"},"content":{"rendered":"<div id=\"pl-5976\"  class=\"panel-layout\" ><div id=\"pg-5976-0\"  class=\"panel-grid panel-no-style\" ><div id=\"pgc-5976-0-0\"  class=\"panel-grid-cell\" ><div id=\"panel-5976-0-0-0\" class=\"so-panel widget widget_black-studio-tinymce widget_black_studio_tinymce panel-first-child panel-last-child\" data-index=\"0\" ><h3 class=\"widget-title\"><span class=\"widget-title__inline\">CSC Plakette &#8211; Seecontainer<\/span><\/h3><div class=\"textwidget\"><p>Die Verladef\u00e4higkeit des Seecontainer wird \u00fcber die sogenannte CSC-Abnahme, beziehungsweise dessen Plakette am Container dokumentiert. Die G\u00fcltigkeit der Plakette ist zeitlich befristet. Sie kann aber je nach Zustand des Containers und allf\u00e4lligen Reparaturen verl\u00e4ngert werden.<\/p>\n<p>Ein neuer Seecontainer wird nach Fabrikation mit einer 5 Jahre g\u00fcltigen CSC Plakette versehen. D.h. je nachdem wie lange die Container bis zum Verkauf oder Lieferung in den Depots lagern, ist sie bei Auslieferung noch ca. 4-5 Jahre g\u00fcltig. Sollten die Container vor Ablauf der G\u00fcltigkeit Sch\u00e4den erleiden, diese \u00e4usserlich oder in derem Struktur modifiziert werden, verlieren sie wom\u00f6glich die CSC G\u00fcltigkeit.<\/p>\n<\/div><\/div><\/div><div id=\"pgc-5976-0-1\"  class=\"panel-grid-cell\" ><div id=\"panel-5976-0-1-0\" class=\"so-panel widget widget_black-studio-tinymce widget_black_studio_tinymce panel-first-child panel-last-child\" data-index=\"1\" ><div class=\"textwidget\"><p>&nbsp;<\/p>\n<p><img loading=\"lazy\" decoding=\"async\" class=\"aligncenter wp-image-5303 size-medium\" src=\"https:\/\/www.kschmied.ch\/wp-content\/uploads\/2019\/09\/CSC_plakette-1-300x200.jpg\" alt=\"CSC Plakette\" width=\"300\" height=\"200\" srcset=\"https:\/\/kschmied.ch\/wp-content\/uploads\/2019\/09\/CSC_plakette-1-300x200.jpg 300w, https:\/\/kschmied.ch\/wp-content\/uploads\/2019\/09\/CSC_plakette-1-360x240.jpg 360w, https:\/\/kschmied.ch\/wp-content\/uploads\/2019\/09\/CSC_plakette-1-500x333.jpg 500w, https:\/\/kschmied.ch\/wp-content\/uploads\/2019\/09\/CSC_plakette-1-272x182.jpg 272w, https:\/\/kschmied.ch\/wp-content\/uploads\/2019\/09\/CSC_plakette-1-400x267.jpg 400w, https:\/\/kschmied.ch\/wp-content\/uploads\/2019\/09\/CSC_plakette-1.jpg 600w\" sizes=\"auto, (max-width: 300px) 100vw, 300px\" \/><\/p>\n<\/div><\/div><\/div><\/div><div id=\"pg-5976-1\"  class=\"panel-grid panel-no-style\" ><div id=\"pgc-5976-1-0\"  class=\"panel-grid-cell\" ><div id=\"panel-5976-1-0-0\" class=\"so-panel widget widget_black-studio-tinymce widget_black_studio_tinymce panel-first-child panel-last-child\" data-index=\"2\" ><div class=\"textwidget\"><h4>CSC - Inspektion<\/h4>\n<p>Um eine CSC Plakette verl\u00e4ngern zu k\u00f6nnen, bedarf es einer Inspektion von zugelassenen Pr\u00fcfstellen\/Pr\u00fcfern. Eine Inspektion kann vor Ort vorgenommen werden. Daf\u00fcr muss der Inspektor freien Zugang in den Container (= leerer Container), sowie die M\u00f6glichkeit haben, ihn von unten anzuschauen (= Anhebung des Containers durch den Kunden mit geeigneten Mitteln). Sollte eine CSC-Verl\u00e4ngerung jedoch nicht mehr ohne Reparatur m\u00f6glich sein, muss dieser im Containerterminal BASEL repariert und neu gepr\u00fcft werden.<\/p>\n<p>Bei einer erfolgreichen Pr\u00fcfung wird die CSC Plakette je nach Alter und Zustand des Containers in der Regel f\u00fcr 1-2 Jahre verl\u00e4ngert.<\/p>\n<\/div><\/div><\/div><div id=\"pgc-5976-1-1\"  class=\"panel-grid-cell\" ><div id=\"panel-5976-1-1-0\" class=\"so-panel widget widget_black-studio-tinymce widget_black_studio_tinymce panel-first-child panel-last-child\" data-index=\"3\" ><div class=\"textwidget\"><p>&nbsp;<\/p>\n<p><img loading=\"lazy\" decoding=\"async\" class=\"aligncenter wp-image-5299 size-medium\" src=\"https:\/\/www.kschmied.ch\/wp-content\/uploads\/2019\/09\/CSC_inspection-300x200.jpg\" alt=\"CSC Inspektion\" width=\"300\" height=\"200\" srcset=\"https:\/\/kschmied.ch\/wp-content\/uploads\/2019\/09\/CSC_inspection-300x200.jpg 300w, https:\/\/kschmied.ch\/wp-content\/uploads\/2019\/09\/CSC_inspection-360x240.jpg 360w, https:\/\/kschmied.ch\/wp-content\/uploads\/2019\/09\/CSC_inspection-500x333.jpg 500w, https:\/\/kschmied.ch\/wp-content\/uploads\/2019\/09\/CSC_inspection-272x182.jpg 272w, https:\/\/kschmied.ch\/wp-content\/uploads\/2019\/09\/CSC_inspection-400x267.jpg 400w, https:\/\/kschmied.ch\/wp-content\/uploads\/2019\/09\/CSC_inspection.jpg 600w\" sizes=\"auto, (max-width: 300px) 100vw, 300px\" \/><\/p>\n<\/div><\/div><\/div><\/div><div id=\"pg-5976-2\"  class=\"panel-grid panel-no-style\" ><div id=\"pgc-5976-2-0\"  class=\"panel-grid-cell\" ><div id=\"panel-5976-2-0-0\" class=\"so-panel widget widget_text panel-first-child panel-last-child\" data-index=\"4\" >\t\t\t<div class=\"textwidget\"><p>At the container depots, we can have the condition of your container checked, make any repairs, and depending on the condition of the container, we can also have the CSC sticker renewed.<\/p>\n<\/div>\n\t\t<\/div><\/div><\/div><div id=\"pg-5976-3\"  class=\"panel-grid panel-no-style\" ><div id=\"pgc-5976-3-0\"  class=\"panel-grid-cell\" ><div id=\"panel-5976-3-0-0\" class=\"widget_text so-panel widget widget_custom_html panel-first-child panel-last-child\" data-index=\"5\" ><div class=\"widget_text panel-widget-style panel-widget-style-for-5976-3-0-0\" ><div class=\"textwidget custom-html-widget\"><\/div><\/div><\/div><\/div><\/div><div id=\"pg-5976-4\"  class=\"panel-grid panel-no-style\" ><div id=\"pgc-5976-4-0\"  class=\"panel-grid-cell\" ><div id=\"panel-5976-4-0-0\" class=\"so-panel widget widget_black-studio-tinymce widget_black_studio_tinymce panel-first-child panel-last-child\" data-index=\"6\" ><div class=\"textwidget\"><p><span style=\"color: #000000;\"><strong>CONTAINERTYPEN<br \/>\n<\/strong><\/span><\/p>\n<p>- Seecontainer<\/p>\n<p><span style=\"color: #000000;\"><strong>VOLUMEN<\/strong><\/span><\/p>\n<p>- 20' Container<br \/>\n- 40' Container<br \/>\n- 45' Container<\/p>\n<\/div><\/div><\/div><div id=\"pgc-5976-4-1\"  class=\"panel-grid-cell\" ><div id=\"panel-5976-4-1-0\" class=\"so-panel widget widget_black-studio-tinymce widget_black_studio_tinymce panel-first-child panel-last-child\" data-index=\"7\" ><div class=\"textwidget\"><p><span style=\"color: #000000;\"><strong>SERVICE<\/strong><\/span><\/p>\n<p>- Abholung vor Ort<br \/>\n- Kranauflad<br \/>\n- Transport zum Inspektions Depot\/Terminal<br \/>\n- Reparaturvorschlag<br \/>\n- CSC Pr\u00fcfung\/Verl\u00e4ngerung (falls noch m\u00f6glich)<\/p>\n<\/div><\/div><\/div><div id=\"pgc-5976-4-2\"  class=\"panel-grid-cell\" ><div id=\"panel-5976-4-2-0\" class=\"so-panel widget widget_black-studio-tinymce widget_black_studio_tinymce panel-first-child panel-last-child\" data-index=\"8\" ><div class=\"textwidget\"><p><strong>N\u00dcTZLICHE LINKS:\u00a0<\/strong><\/p>\n<p><a href=\"https:\/\/www.tis-gdv.de\/tis\/containe\/kontroll\/kontroll.htm\" target=\"_blank\" rel=\"noopener\">Kontrolle der Container (CSC)<\/a><\/p>\n<p><a href=\"https:\/\/www.imo.org\/en\/About\/Conventions\/Pages\/International-Convention-for-Safe-Containers-(CSC).aspx\" target=\"_blank\" rel=\"noopener\">Den internationalen Vorschriften der Container Safety Convention (CSC)<\/a><\/p>\n<\/div><\/div><\/div><\/div><\/div>","protected":false},"excerpt":{"rendered":"<p>CSC inspections and renewals (if possible) at Container Terminal Basel by approved inspection bodies\/inspectors.  <\/p>\n","protected":false},"author":1,"featured_media":5300,"parent":19893,"menu_order":2,"comment_status":"closed","ping_status":"closed","template":"","meta":{"_acf_changed":false,"footnotes":""},"class_list":["post-5976","page","type-page","status-publish","has-post-thumbnail","hentry"],"acf":[],"yoast_head":"<!-- This site is optimized with the Yoast SEO Premium plugin v27.4 (Yoast SEO v27.4) - https:\/\/yoast.com\/product\/yoast-seo-premium-wordpress\/ -->\n<title>CSC badge - K. Schmied AG \u2013 Containers &amp; Shipping Switzerland<\/title>\n<meta name=\"description\" content=\"Entdecken Sie hochwertige Seecontainer, Lagercontainer und Schnellbaucontainer zum Kauf oder zur Miete in der Schweiz. Erfahren Sie mehr \u00fcber die verf\u00fcgbaren Gr\u00f6\u00dfen, Ausf\u00fchrungen und Preise. Kontaktieren Sie uns f\u00fcr eine kostenlose Anfrage!\" \/>\n<meta name=\"robots\" content=\"index, follow, max-snippet:-1, max-image-preview:large, max-video-preview:-1\" \/>\n<link rel=\"canonical\" href=\"https:\/\/kschmied.ch\/en\/container\/services\/csc-plate\/\" \/>\n<meta property=\"og:locale\" content=\"en_US\" \/>\n<meta property=\"og:type\" content=\"article\" \/>\n<meta property=\"og:title\" content=\"K. SCHMIED AG \u2013 Containerverkauf Schweiz\" \/>\n<meta property=\"og:description\" content=\"Ihr Partner f\u00fcr Seecontainer und Lagercontainer in der Schweiz \u2013 zum Kauf oder zur Miete, mit optionalem Kranablade-Service.\" \/>\n<meta property=\"og:url\" content=\"https:\/\/kschmied.ch\/en\/container\/services\/csc-plate\/\" \/>\n<meta property=\"og:site_name\" content=\"K. Schmied AG \u2013 Containers &amp; Shipping Switzerland\" \/>\n<meta property=\"article:modified_time\" content=\"2025-11-10T10:35:51+00:00\" \/>\n<meta property=\"og:image\" content=\"https:\/\/kschmied.ch\/wp-content\/uploads\/2019\/09\/CSC_inspection.jpg\" \/>\n\t<meta property=\"og:image:width\" content=\"600\" \/>\n\t<meta property=\"og:image:height\" content=\"400\" \/>\n\t<meta property=\"og:image:type\" content=\"image\/jpeg\" \/>\n<meta name=\"twitter:card\" content=\"summary_large_image\" \/>\n<meta name=\"twitter:label1\" content=\"Est. reading time\" \/>\n\t<meta name=\"twitter:data1\" content=\"2 minutes\" \/>\n<!-- \/ Yoast SEO Premium plugin. -->","yoast_head_json":{"title":"CSC badge - K. Schmied AG \u2013 Containers &amp; Shipping Switzerland","description":"Entdecken Sie hochwertige Seecontainer, Lagercontainer und Schnellbaucontainer zum Kauf oder zur Miete in der Schweiz. Erfahren Sie mehr \u00fcber die verf\u00fcgbaren Gr\u00f6\u00dfen, Ausf\u00fchrungen und Preise. Kontaktieren Sie uns f\u00fcr eine kostenlose Anfrage!","robots":{"index":"index","follow":"follow","max-snippet":"max-snippet:-1","max-image-preview":"max-image-preview:large","max-video-preview":"max-video-preview:-1"},"canonical":"https:\/\/kschmied.ch\/en\/container\/services\/csc-plate\/","og_locale":"en_US","og_type":"article","og_title":"K. SCHMIED AG \u2013 Containerverkauf Schweiz","og_description":"Ihr Partner f\u00fcr Seecontainer und Lagercontainer in der Schweiz \u2013 zum Kauf oder zur Miete, mit optionalem Kranablade-Service.","og_url":"https:\/\/kschmied.ch\/en\/container\/services\/csc-plate\/","og_site_name":"K. Schmied AG \u2013 Containers &amp; Shipping Switzerland","article_modified_time":"2025-11-10T10:35:51+00:00","og_image":[{"width":600,"height":400,"url":"https:\/\/kschmied.ch\/wp-content\/uploads\/2019\/09\/CSC_inspection.jpg","type":"image\/jpeg"}],"twitter_card":"summary_large_image","twitter_misc":{"Est. reading time":"2 minutes"},"schema":{"@context":"https:\/\/schema.org","@graph":[{"@type":"WebPage","@id":"https:\/\/kschmied.ch\/en\/container\/services\/csc-plate\/","url":"https:\/\/kschmied.ch\/en\/container\/services\/csc-plate\/","name":"CSC badge - K. Schmied AG \u2013 Containers &amp; Shipping Switzerland","isPartOf":{"@id":"https:\/\/kschmied.ch\/en\/#website"},"primaryImageOfPage":{"@id":"https:\/\/kschmied.ch\/en\/container\/services\/csc-plate\/#primaryimage"},"image":{"@id":"https:\/\/kschmied.ch\/en\/container\/services\/csc-plate\/#primaryimage"},"thumbnailUrl":"https:\/\/kschmied.ch\/wp-content\/uploads\/2019\/09\/CSC_inspection.jpg","datePublished":"2019-09-18T16:30:45+00:00","dateModified":"2025-11-10T10:35:51+00:00","description":"Entdecken Sie hochwertige Seecontainer, Lagercontainer und Schnellbaucontainer zum Kauf oder zur Miete in der Schweiz. Erfahren Sie mehr \u00fcber die verf\u00fcgbaren Gr\u00f6\u00dfen, Ausf\u00fchrungen und Preise. Kontaktieren Sie uns f\u00fcr eine kostenlose Anfrage!","breadcrumb":{"@id":"https:\/\/kschmied.ch\/en\/container\/services\/csc-plate\/#breadcrumb"},"inLanguage":"en-US","potentialAction":[{"@type":"ReadAction","target":["https:\/\/kschmied.ch\/en\/container\/services\/csc-plate\/"]}]},{"@type":"ImageObject","inLanguage":"en-US","@id":"https:\/\/kschmied.ch\/en\/container\/services\/csc-plate\/#primaryimage","url":"https:\/\/kschmied.ch\/wp-content\/uploads\/2019\/09\/CSC_inspection.jpg","contentUrl":"https:\/\/kschmied.ch\/wp-content\/uploads\/2019\/09\/CSC_inspection.jpg","width":600,"height":400,"caption":"CSC Inspection"},{"@type":"BreadcrumbList","@id":"https:\/\/kschmied.ch\/en\/container\/services\/csc-plate\/#breadcrumb","itemListElement":[{"@type":"ListItem","position":1,"name":"Accueil","item":"https:\/\/kschmied.ch\/en\/"},{"@type":"ListItem","position":2,"name":"Container","item":"https:\/\/kschmied.ch\/en\/container\/"},{"@type":"ListItem","position":3,"name":"Container Services","item":"https:\/\/kschmied.ch\/en\/container\/services\/"},{"@type":"ListItem","position":4,"name":"CSC badge"}]},{"@type":"WebSite","@id":"https:\/\/kschmied.ch\/en\/#website","url":"https:\/\/kschmied.ch\/en\/","name":"K. SCHMIED AG","description":"Swiss container trading &amp; shipping since 1979","publisher":{"@id":"https:\/\/kschmied.ch\/en\/#organization"},"alternateName":"K. SCHMIED AG","potentialAction":[{"@type":"SearchAction","target":{"@type":"EntryPoint","urlTemplate":"https:\/\/kschmied.ch\/en\/?s={search_term_string}"},"query-input":{"@type":"PropertyValueSpecification","valueRequired":true,"valueName":"search_term_string"}}],"inLanguage":"en-US"},{"@type":"Organization","@id":"https:\/\/kschmied.ch\/en\/#organization","name":"K. SCHMIED AG","alternateName":"K. SCHMIED AG","url":"https:\/\/kschmied.ch\/en\/","logo":{"@type":"ImageObject","inLanguage":"en-US","@id":"https:\/\/kschmied.ch\/en\/#\/schema\/logo\/image\/","url":"https:\/\/kschmied.ch\/wp-content\/uploads\/2020\/07\/LOGO-gross.jpg","contentUrl":"https:\/\/kschmied.ch\/wp-content\/uploads\/2020\/07\/LOGO-gross.jpg","width":770,"height":240,"caption":"K. SCHMIED AG"},"image":{"@id":"https:\/\/kschmied.ch\/en\/#\/schema\/logo\/image\/"},"sameAs":["https:\/\/ch.linkedin.com\/company\/k-schmied-ag"],"description":"K. SCHMIED AG ist ein f\u00fchrendes Unternehmen im Bereich Containerverkauf und -vermietung in der Schweiz. Mit langj\u00e4hriger Erfahrung bieten wir unseren Kunden robuste, langlebige Seecontainer, Lagercontainer und Schnellbaucontainer in verschiedenen Gr\u00f6\u00dfen und Ausf\u00fchrungen. Unser Service umfasst auch Transportl\u00f6sungen, ma\u00dfgeschneiderte Containeranforderungen und weltweiten Versand. Qualit\u00e4t, Kundenzufriedenheit und Zuverl\u00e4ssigkeit stehen bei uns an erster Stelle.","email":"info@kschmied.ch","telephone":"041 811 30 03","legalName":"K. SCHMIED internat. Transporte & Handels AG","foundingDate":"1979-01-01","vatID":"CHE-107.962.018 MWST","taxID":"CHE-107.962.018 MWST","numberOfEmployees":{"@type":"QuantitativeValue","minValue":"1","maxValue":"10"}}]}},"_links":{"self":[{"href":"https:\/\/kschmied.ch\/en\/wp-json\/wp\/v2\/pages\/5976","targetHints":{"allow":["GET"]}}],"collection":[{"href":"https:\/\/kschmied.ch\/en\/wp-json\/wp\/v2\/pages"}],"about":[{"href":"https:\/\/kschmied.ch\/en\/wp-json\/wp\/v2\/types\/page"}],"author":[{"embeddable":true,"href":"https:\/\/kschmied.ch\/en\/wp-json\/wp\/v2\/users\/1"}],"replies":[{"embeddable":true,"href":"https:\/\/kschmied.ch\/en\/wp-json\/wp\/v2\/comments?post=5976"}],"version-history":[{"count":0,"href":"https:\/\/kschmied.ch\/en\/wp-json\/wp\/v2\/pages\/5976\/revisions"}],"up":[{"embeddable":true,"href":"https:\/\/kschmied.ch\/en\/wp-json\/wp\/v2\/pages\/19893"}],"wp:featuredmedia":[{"embeddable":true,"href":"https:\/\/kschmied.ch\/en\/wp-json\/wp\/v2\/media\/5300"}],"wp:attachment":[{"href":"https:\/\/kschmied.ch\/en\/wp-json\/wp\/v2\/media?parent=5976"}],"curies":[{"name":"wp","href":"https:\/\/api.w.org\/{rel}","templated":true}]}}