{"id":21507,"date":"2020-09-04T13:40:00","date_gmt":"2020-09-04T11:40:00","guid":{"rendered":"https:\/\/www.kschmied.ch\/?page_id=21507"},"modified":"2025-11-03T08:35:00","modified_gmt":"2025-11-03T07:35:00","slug":"buy-or-rent-container","status":"publish","type":"page","link":"https:\/\/kschmied.ch\/en\/buy-or-rent-container\/","title":{"rendered":"BUY CONTAINERS"},"content":{"rendered":"<div id=\"pl-21507\"  class=\"panel-layout\" ><div id=\"pg-21507-0\"  class=\"panel-grid panel-no-style\" ><div id=\"pgc-21507-0-0\"  class=\"panel-grid-cell\" ><div id=\"panel-21507-0-0-0\" class=\"so-panel widget widget_text panel-first-child panel-last-child widgetopts-SO\" data-index=\"0\" ><h3 class=\"widget-title\"><span class=\"widget-title__inline\">Buy or rent containers<\/span><\/h3>\t\t\t<div class=\"textwidget\"><p data-start=\"150\" data-end=\"550\">At K. Schmied AG we offer a variety of <strong data-start=\"197\" data-end=\"211\">containers<\/strong> for <strong data-start=\"216\" data-end=\"226\">sale<\/strong> or <strong data-start=\"232\" data-end=\"242\">rent<\/strong> in different sizes, types and colors. Whether <strong data-start=\"296\" data-end=\"314\">storage containers<\/strong>, <strong data-start=\"316\" data-end=\"336\">shipping containers<\/strong> or <strong data-start=\"342\" data-end=\"365\">fast-build containers<\/strong>, our main competence lies in robust <strong data-start=\"407\" data-end=\"424\">sea containers<\/strong>, which are particularly durable and can be shipped worldwide (provided they have a valid <strong data-start=\"523\" data-end=\"539\">CSC sticker<\/strong> ). <\/p>\n<p data-start=\"552\" data-end=\"919\">We offer a wide range of <strong data-start=\"585\" data-end=\"599\">containers<\/strong> for various applications. Whether for construction sites, as storage space or for temporary use, our <strong data-start=\"699\" data-end=\"712\">containers<\/strong> offer a flexible and reliable solution. In addition to our <strong data-start=\"781\" data-end=\"798\">sea containers<\/strong>, we also <strong data-start=\"815\" data-end=\"833\">stock storage containers<\/strong> and <strong data-start=\"838\" data-end=\"861\">fast-build containers<\/strong>, which are perfect for a variety of projects.  <\/p>\n<p data-start=\"921\" data-end=\"1208\"><strong data-start=\"921\" data-end=\"937\">Sea containers<\/strong> are one of the most popular options nowadays, as they are not only stable and weather-resistant, but can also be used for many different purposes. They are perfect for storing materials, tools or other uses. <\/p>\n<p data-start=\"1210\" data-end=\"1520\">We offer various <strong data-start=\"1278\" data-end=\"1301\">unloading options<\/strong> for <strong data-start=\"1218\" data-end=\"1227\">unloading<\/strong> within Switzerland. A <g id=\"gid_2\">truck with its own crane<\/g> is used in particular for unloading <g id=\"gid_3\">empty shipping containers<\/g>. Depending on your requirements, we can also provide other special solutions for container transportation and unloading.  <\/p>\n<\/div>\n\t\t<\/div><\/div><\/div><div id=\"pg-21507-1\"  class=\"panel-grid panel-has-style\" ><div class=\"panel-row-style panel-row-style-for-21507-1\" ><div id=\"pgc-21507-1-0\"  class=\"panel-grid-cell\" ><div id=\"panel-21507-1-0-0\" class=\"so-panel widget widget_black-studio-tinymce widget_black_studio_tinymce panel-first-child panel-last-child\" data-index=\"1\" ><div class=\"panel-widget-style panel-widget-style-for-21507-1-0-0\" ><div class=\"textwidget\"><\/div><\/div><\/div><\/div><\/div><\/div><div id=\"pg-21507-2\"  class=\"panel-grid panel-no-style\" ><div id=\"pgc-21507-2-0\"  class=\"panel-grid-cell\" ><div id=\"panel-21507-2-0-0\" class=\"so-panel widget widget_black-studio-tinymce widget_black_studio_tinymce panel-first-child panel-last-child widgetopts-SO\" data-index=\"2\" ><h3 class=\"widget-title\"><span class=\"widget-title__inline\">Container KAUF<\/span><\/h3><div class=\"textwidget\"><p>Hier geht es zur <a href=\"https:\/\/www.kschmied.ch\/container\/shop\/\"><strong>kostenlosen Anfrage<\/strong><\/a> f\u00fcr den Kauf von Containern in verschiedenen Typen und Gr\u00f6\u00dfen. W\u00e4hlen Sie aus einer breiten Auswahl an robusten und langlebigen Containern:<\/p>\n<ul>\n<li>Schiffscontainer<\/li>\n<li>Lagercontainer<\/li>\n<li>Schnellbaucontainer<\/li>\n<\/ul>\n<\/div><\/div><\/div><div id=\"pgc-21507-2-1\"  class=\"panel-grid-cell\" ><div id=\"panel-21507-2-1-0\" class=\"so-panel widget widget_media_image panel-first-child panel-last-child\" data-index=\"3\" ><figure style=\"width: 300px\" class=\"wp-caption alignnone\"><a href=\"https:\/\/www.kschmied.ch\/container\/shop\/\"><img loading=\"lazy\" decoding=\"async\" width=\"300\" height=\"200\" src=\"https:\/\/kschmied.ch\/wp-content\/uploads\/2019\/11\/Anfrage-Container-Kauf-300x200.jpg\" class=\"image wp-image-9224  attachment-medium size-medium\" alt=\"BUY container (free request)\" style=\"max-width: 100%; height: auto;\" srcset=\"https:\/\/kschmied.ch\/wp-content\/uploads\/2019\/11\/Anfrage-Container-Kauf-300x200.jpg 300w, https:\/\/kschmied.ch\/wp-content\/uploads\/2019\/11\/Anfrage-Container-Kauf-272x182.jpg 272w, https:\/\/kschmied.ch\/wp-content\/uploads\/2019\/11\/Anfrage-Container-Kauf.jpg 360w\" sizes=\"auto, (max-width: 300px) 100vw, 300px\" \/><\/a><figcaption class=\"wp-caption-text\">Container PURCHASE (request)<\/figcaption><\/figure><\/div><\/div><\/div><div id=\"pg-21507-3\"  class=\"panel-grid panel-has-style\" ><div class=\"panel-row-style panel-row-style-for-21507-3\" ><div id=\"pgc-21507-3-0\"  class=\"panel-grid-cell\" ><div id=\"panel-21507-3-0-0\" class=\"so-panel widget widget_black-studio-tinymce widget_black_studio_tinymce panel-first-child panel-last-child\" data-index=\"4\" ><div class=\"panel-widget-style panel-widget-style-for-21507-3-0-0\" ><div class=\"textwidget\"><\/div><\/div><\/div><\/div><\/div><\/div><div id=\"pg-21507-4\"  class=\"panel-grid panel-no-style\" ><div id=\"pgc-21507-4-0\"  class=\"panel-grid-cell\" ><div id=\"panel-21507-4-0-0\" class=\"so-panel widget widget_black-studio-tinymce widget_black_studio_tinymce panel-first-child panel-last-child widgetopts-SO\" data-index=\"5\" ><h3 class=\"widget-title\"><span class=\"widget-title__inline\">Container MIETE<\/span><\/h3><div class=\"textwidget\"><p>Falls Sie sich hingegen f\u00fcr die Miete von Container interessieren, dann finden Sie Details \u00fcber unsere <strong>MIET-CONTAINER<\/strong> unter <a href=\"https:\/\/www.kschmied.ch\/container\/mietcontainer\/\">https:\/\/www.kschmied.ch\/container\/mietcontainer\/<\/a>.<\/p>\n<p>Ihre Mietanfrage k\u00f6nnen Sie jedoch auch gerne direkt unter <a href=\"https:\/\/www.kschmied.ch\/kontakt\/mietanfrage\/\">https:\/\/www.kschmied.ch\/kontakt\/mietanfrage\/<\/a> oder auch per Tel. (041 811 30 03) an uns stellen.<\/p>\n<ul>\n<li>20' Schiffscontainer \/ Lagercontainer<\/li>\n<li>40' Box Schiffscontainer<\/li>\n<li>40' HIGH CUBE Box Schiffscontainer<\/li>\n<\/ul>\n<\/div><\/div><\/div><div id=\"pgc-21507-4-1\"  class=\"panel-grid-cell\" ><div id=\"panel-21507-4-1-0\" class=\"so-panel widget widget_media_image panel-first-child panel-last-child\" data-index=\"6\" ><figure style=\"width: 300px\" class=\"wp-caption alignnone\"><a href=\"https:\/\/www.kschmied.ch\/container\/mietcontainer\/\"><img loading=\"lazy\" decoding=\"async\" width=\"300\" height=\"200\" src=\"https:\/\/kschmied.ch\/wp-content\/uploads\/2019\/09\/Miete_Container-300x200.jpg\" class=\"image wp-image-5352  attachment-medium size-medium\" alt=\"Container RENT (free request)\" style=\"max-width: 100%; height: auto;\" srcset=\"https:\/\/kschmied.ch\/wp-content\/uploads\/2019\/09\/Miete_Container-300x200.jpg 300w, https:\/\/kschmied.ch\/wp-content\/uploads\/2019\/09\/Miete_Container-360x240.jpg 360w, https:\/\/kschmied.ch\/wp-content\/uploads\/2019\/09\/Miete_Container-500x333.jpg 500w, https:\/\/kschmied.ch\/wp-content\/uploads\/2019\/09\/Miete_Container-272x182.jpg 272w, https:\/\/kschmied.ch\/wp-content\/uploads\/2019\/09\/Miete_Container-400x267.jpg 400w, https:\/\/kschmied.ch\/wp-content\/uploads\/2019\/09\/Miete_Container.jpg 600w\" sizes=\"auto, (max-width: 300px) 100vw, 300px\" \/><\/a><figcaption class=\"wp-caption-text\">Container RENT (request)<\/figcaption><\/figure><\/div><\/div><\/div><div id=\"pg-21507-5\"  class=\"panel-grid panel-has-style\" ><div class=\"panel-row-style panel-row-style-for-21507-5\" ><div id=\"pgc-21507-5-0\"  class=\"panel-grid-cell\" ><div id=\"panel-21507-5-0-0\" class=\"so-panel widget widget_black-studio-tinymce widget_black_studio_tinymce panel-first-child panel-last-child\" data-index=\"7\" ><div class=\"panel-widget-style panel-widget-style-for-21507-5-0-0\" ><div class=\"textwidget\"><\/div><\/div><\/div><\/div><\/div><\/div><div id=\"pg-21507-6\"  class=\"panel-grid panel-no-style\" ><div id=\"pgc-21507-6-0\"  class=\"panel-grid-cell\" ><div id=\"panel-21507-6-0-0\" class=\"so-panel widget widget_text panel-first-child panel-last-child\" data-index=\"8\" >\t\t\t<div class=\"textwidget\"><p>We look forward to your inquiry.<\/p>\n<\/div>\n\t\t<\/div><\/div><div id=\"pgc-21507-6-1\"  class=\"panel-grid-cell\" ><div id=\"panel-21507-6-1-0\" class=\"so-panel widget widget_text panel-first-child panel-last-child\" data-index=\"9\" >\t\t\t<div class=\"textwidget\"><div>\n<p><strong>Useful links:<\/strong><\/p>\n<p><a href=\"http:\/\/www.tis-gdv.de\/tis\/containe\/kontroll\/kontroll.htm\" target=\"_blank\" rel=\"noopener\">Control of containers (CSC)<\/a><\/p>\n<p><a href=\"https:\/\/www.imo.org\/en\/About\/Conventions\/Pages\/International-Convention-for-Safe-Containers-(CSC).aspx\" target=\"_blank\" rel=\"noopener\">International regulations of the Container Safety Convention (CSC)<\/a><\/p>\n<p>&nbsp;<\/p>\n<\/div>\n<\/div>\n\t\t<\/div><\/div><\/div><\/div>","protected":false},"excerpt":{"rendered":"<p>Storage containers, as well as refrigerated containers in sizes 10 &#8216;, 20&#8242; and 40&#8217; for rent within Switzerland.<\/p>\n","protected":false},"author":1,"featured_media":20733,"parent":0,"menu_order":17,"comment_status":"closed","ping_status":"closed","template":"","meta":{"_acf_changed":false,"footnotes":""},"class_list":["post-21507","page","type-page","status-publish","has-post-thumbnail","hentry"],"acf":[],"yoast_head":"<!-- This site is optimized with the Yoast SEO Premium plugin v27.4 (Yoast SEO v27.4) - https:\/\/yoast.com\/product\/yoast-seo-premium-wordpress\/ -->\n<title>BUY CONTAINERS - K. Schmied AG \u2013 Containers &amp; Shipping Switzerland<\/title>\n<meta name=\"description\" content=\"Buy containers - storage containers, shipping containers, double door or side door, new or used. Containers in various sizes.\" \/>\n<meta name=\"robots\" content=\"index, follow, max-snippet:-1, max-image-preview:large, max-video-preview:-1\" \/>\n<link rel=\"canonical\" href=\"https:\/\/kschmied.ch\/en\/buy-or-rent-container\/\" \/>\n<meta property=\"og:locale\" content=\"en_US\" \/>\n<meta property=\"og:type\" content=\"article\" \/>\n<meta property=\"og:title\" content=\"K. SCHMIED AG \u2013 Containerverkauf Schweiz\" \/>\n<meta property=\"og:description\" content=\"Ihr Partner f\u00fcr Seecontainer und Lagercontainer in der Schweiz \u2013 zum Kauf oder zur Miete, mit optionalem Kranablade-Service.\" \/>\n<meta property=\"og:url\" content=\"https:\/\/kschmied.ch\/en\/buy-or-rent-container\/\" \/>\n<meta property=\"og:site_name\" content=\"K. Schmied AG \u2013 Containers &amp; Shipping Switzerland\" \/>\n<meta property=\"article:modified_time\" content=\"2025-11-03T07:35:00+00:00\" \/>\n<meta property=\"og:image\" content=\"https:\/\/kschmied.ch\/wp-content\/uploads\/2020\/07\/rent_f.jpg\" \/>\n\t<meta property=\"og:image:width\" content=\"360\" \/>\n\t<meta property=\"og:image:height\" content=\"240\" \/>\n\t<meta property=\"og:image:type\" content=\"image\/jpeg\" \/>\n<meta name=\"twitter:card\" content=\"summary_large_image\" \/>\n<meta name=\"twitter:label1\" content=\"Est. reading time\" \/>\n\t<meta name=\"twitter:data1\" content=\"2 minutes\" \/>\n<!-- \/ Yoast SEO Premium plugin. -->","yoast_head_json":{"title":"BUY CONTAINERS - K. Schmied AG \u2013 Containers &amp; Shipping Switzerland","description":"Buy containers - storage containers, shipping containers, double door or side door, new or used. Containers in various sizes.","robots":{"index":"index","follow":"follow","max-snippet":"max-snippet:-1","max-image-preview":"max-image-preview:large","max-video-preview":"max-video-preview:-1"},"canonical":"https:\/\/kschmied.ch\/en\/buy-or-rent-container\/","og_locale":"en_US","og_type":"article","og_title":"K. SCHMIED AG \u2013 Containerverkauf Schweiz","og_description":"Ihr Partner f\u00fcr Seecontainer und Lagercontainer in der Schweiz \u2013 zum Kauf oder zur Miete, mit optionalem Kranablade-Service.","og_url":"https:\/\/kschmied.ch\/en\/buy-or-rent-container\/","og_site_name":"K. Schmied AG \u2013 Containers &amp; Shipping Switzerland","article_modified_time":"2025-11-03T07:35:00+00:00","og_image":[{"width":360,"height":240,"url":"https:\/\/kschmied.ch\/wp-content\/uploads\/2020\/07\/rent_f.jpg","type":"image\/jpeg"}],"twitter_card":"summary_large_image","twitter_misc":{"Est. reading time":"2 minutes"},"schema":{"@context":"https:\/\/schema.org","@graph":[{"@type":"WebPage","@id":"https:\/\/kschmied.ch\/en\/buy-or-rent-container\/","url":"https:\/\/kschmied.ch\/en\/buy-or-rent-container\/","name":"BUY CONTAINERS - K. Schmied AG \u2013 Containers &amp; Shipping Switzerland","isPartOf":{"@id":"https:\/\/kschmied.ch\/en\/#website"},"primaryImageOfPage":{"@id":"https:\/\/kschmied.ch\/en\/buy-or-rent-container\/#primaryimage"},"image":{"@id":"https:\/\/kschmied.ch\/en\/buy-or-rent-container\/#primaryimage"},"thumbnailUrl":"https:\/\/kschmied.ch\/wp-content\/uploads\/2020\/07\/rent_f.jpg","datePublished":"2020-09-04T11:40:00+00:00","dateModified":"2025-11-03T07:35:00+00:00","description":"Buy containers - storage containers, shipping containers, double door or side door, new or used. Containers in various sizes.","breadcrumb":{"@id":"https:\/\/kschmied.ch\/en\/buy-or-rent-container\/#breadcrumb"},"inLanguage":"en-US","potentialAction":[{"@type":"ReadAction","target":["https:\/\/kschmied.ch\/en\/buy-or-rent-container\/"]}]},{"@type":"ImageObject","inLanguage":"en-US","@id":"https:\/\/kschmied.ch\/en\/buy-or-rent-container\/#primaryimage","url":"https:\/\/kschmied.ch\/wp-content\/uploads\/2020\/07\/rent_f.jpg","contentUrl":"https:\/\/kschmied.ch\/wp-content\/uploads\/2020\/07\/rent_f.jpg","width":360,"height":240},{"@type":"BreadcrumbList","@id":"https:\/\/kschmied.ch\/en\/buy-or-rent-container\/#breadcrumb","itemListElement":[{"@type":"ListItem","position":1,"name":"Accueil","item":"https:\/\/kschmied.ch\/en\/"},{"@type":"ListItem","position":2,"name":"BUY CONTAINERS"}]},{"@type":"WebSite","@id":"https:\/\/kschmied.ch\/en\/#website","url":"https:\/\/kschmied.ch\/en\/","name":"K. SCHMIED AG","description":"Swiss container trading &amp; shipping since 1979","publisher":{"@id":"https:\/\/kschmied.ch\/en\/#organization"},"alternateName":"K. SCHMIED AG","potentialAction":[{"@type":"SearchAction","target":{"@type":"EntryPoint","urlTemplate":"https:\/\/kschmied.ch\/en\/?s={search_term_string}"},"query-input":{"@type":"PropertyValueSpecification","valueRequired":true,"valueName":"search_term_string"}}],"inLanguage":"en-US"},{"@type":"Organization","@id":"https:\/\/kschmied.ch\/en\/#organization","name":"K. SCHMIED AG","alternateName":"K. SCHMIED AG","url":"https:\/\/kschmied.ch\/en\/","logo":{"@type":"ImageObject","inLanguage":"en-US","@id":"https:\/\/kschmied.ch\/en\/#\/schema\/logo\/image\/","url":"https:\/\/kschmied.ch\/wp-content\/uploads\/2020\/07\/LOGO-gross.jpg","contentUrl":"https:\/\/kschmied.ch\/wp-content\/uploads\/2020\/07\/LOGO-gross.jpg","width":770,"height":240,"caption":"K. SCHMIED AG"},"image":{"@id":"https:\/\/kschmied.ch\/en\/#\/schema\/logo\/image\/"},"sameAs":["https:\/\/ch.linkedin.com\/company\/k-schmied-ag"],"description":"K. SCHMIED AG ist ein f\u00fchrendes Unternehmen im Bereich Containerverkauf und -vermietung in der Schweiz. Mit langj\u00e4hriger Erfahrung bieten wir unseren Kunden robuste, langlebige Seecontainer, Lagercontainer und Schnellbaucontainer in verschiedenen Gr\u00f6\u00dfen und Ausf\u00fchrungen. Unser Service umfasst auch Transportl\u00f6sungen, ma\u00dfgeschneiderte Containeranforderungen und weltweiten Versand. Qualit\u00e4t, Kundenzufriedenheit und Zuverl\u00e4ssigkeit stehen bei uns an erster Stelle.","email":"info@kschmied.ch","telephone":"041 811 30 03","legalName":"K. SCHMIED internat. Transporte & Handels AG","foundingDate":"1979-01-01","vatID":"CHE-107.962.018 MWST","taxID":"CHE-107.962.018 MWST","numberOfEmployees":{"@type":"QuantitativeValue","minValue":"1","maxValue":"10"}}]}},"_links":{"self":[{"href":"https:\/\/kschmied.ch\/en\/wp-json\/wp\/v2\/pages\/21507","targetHints":{"allow":["GET"]}}],"collection":[{"href":"https:\/\/kschmied.ch\/en\/wp-json\/wp\/v2\/pages"}],"about":[{"href":"https:\/\/kschmied.ch\/en\/wp-json\/wp\/v2\/types\/page"}],"author":[{"embeddable":true,"href":"https:\/\/kschmied.ch\/en\/wp-json\/wp\/v2\/users\/1"}],"replies":[{"embeddable":true,"href":"https:\/\/kschmied.ch\/en\/wp-json\/wp\/v2\/comments?post=21507"}],"version-history":[{"count":0,"href":"https:\/\/kschmied.ch\/en\/wp-json\/wp\/v2\/pages\/21507\/revisions"}],"wp:featuredmedia":[{"embeddable":true,"href":"https:\/\/kschmied.ch\/en\/wp-json\/wp\/v2\/media\/20733"}],"wp:attachment":[{"href":"https:\/\/kschmied.ch\/en\/wp-json\/wp\/v2\/media?parent=21507"}],"curies":[{"name":"wp","href":"https:\/\/api.w.org\/{rel}","templated":true}]}}