{"id":20581,"date":"2020-07-14T16:44:50","date_gmt":"2020-07-14T14:44:50","guid":{"rendered":"https:\/\/www.kschmied.ch\/about-us\/references\/"},"modified":"2025-10-14T20:42:44","modified_gmt":"2025-10-14T18:42:44","slug":"references","status":"publish","type":"page","link":"https:\/\/kschmied.ch\/en\/references\/","title":{"rendered":"References"},"content":{"rendered":"<div id=\"pl-20581\"  class=\"panel-layout\" ><div id=\"pg-20581-0\"  class=\"panel-grid panel-no-style\" ><div id=\"pgc-20581-0-0\"  class=\"panel-grid-cell\" ><div id=\"panel-20581-0-0-0\" class=\"so-panel widget widget_black-studio-tinymce widget_black_studio_tinymce panel-first-child panel-last-child\" data-index=\"0\" ><div class=\"textwidget\"><p><a href=\"https:\/\/iml-robotix.com\" target=\"_blank\" rel=\"https:\/\/iml-robotix.com noopener\"><img loading=\"lazy\" decoding=\"async\" class=\"aligncenter wp-image-849 size-full\" src=\"https:\/\/www.kschmied.ch\/wp-content\/uploads\/2016\/03\/IML-Robotix.jpg\" alt=\"\" width=\"208\" height=\"58\" \/><\/a><\/p>\n<\/div><\/div><\/div><div id=\"pgc-20581-0-1\"  class=\"panel-grid-cell\" ><div id=\"panel-20581-0-1-0\" class=\"so-panel widget widget_black-studio-tinymce widget_black_studio_tinymce panel-first-child panel-last-child\" data-index=\"1\" ><div class=\"textwidget\"><div class=\"ce_text g8 box block\">\n<p>Die IML Robotix AG bietet Engineering, Prozessmanagement, Services und Aftersales rund um die IML Automation. Unser Ziel: Ihnen, als unser Kunde, Wege aufzeigen, wie Sie mehr aus Ihren Produktionsprozessen herausholen k\u00f6nnen. Kurz- und mittelfristig mit Roboter-Upgrades, zeitnahen Service-Eins\u00e4tzen oder Software-Updates. Langfristig und nachhaltig mit modularen, platz-\/energiesparenden und kosteneffizienten Roboterkonzepten.<\/p>\n<\/div>\n<\/div><\/div><\/div><div id=\"pgc-20581-0-2\"  class=\"panel-grid-cell\" ><div id=\"panel-20581-0-2-0\" class=\"so-panel widget widget_black-studio-tinymce widget_black_studio_tinymce panel-first-child panel-last-child\" data-index=\"2\" ><div class=\"textwidget\"><p><a href=\"https:\/\/iml-robotix.com\" target=\"_blank\" rel=\"https:\/\/www.iml-robotix.com noopener\"><img loading=\"lazy\" decoding=\"async\" class=\"alignright wp-image-854 size-medium\" src=\"https:\/\/www.kschmied.ch\/wp-content\/uploads\/2016\/03\/IML-Robotix-Roboter-300x227.jpg\" alt=\"IML-Robotix-Roboter\" width=\"300\" height=\"227\" srcset=\"https:\/\/kschmied.ch\/wp-content\/uploads\/2016\/03\/IML-Robotix-Roboter-300x227.jpg 300w, https:\/\/kschmied.ch\/wp-content\/uploads\/2016\/03\/IML-Robotix-Roboter.jpg 500w\" sizes=\"auto, (max-width: 300px) 100vw, 300px\" \/><\/a><\/p>\n<\/div><\/div><\/div><\/div><div id=\"pg-20581-1\"  class=\"panel-grid panel-no-style\" ><div id=\"pgc-20581-1-0\"  class=\"panel-grid-cell\" ><div id=\"panel-20581-1-0-0\" class=\"so-panel widget widget_black-studio-tinymce widget_black_studio_tinymce panel-first-child panel-last-child\" data-index=\"3\" ><div class=\"textwidget\"><hr \/>\n<p>\u00a0<\/p>\n<\/div><\/div><\/div><\/div><div id=\"pg-20581-2\"  class=\"panel-grid panel-no-style\" ><div id=\"pgc-20581-2-0\"  class=\"panel-grid-cell\" ><div id=\"panel-20581-2-0-0\" class=\"so-panel widget widget_black-studio-tinymce widget_black_studio_tinymce panel-first-child panel-last-child\" data-index=\"4\" ><div class=\"textwidget\"><p><a href=\"http:\/\/www.iconindustries.ch\" target=\"_blank\" rel=\"noopener\"><img loading=\"lazy\" decoding=\"async\" class=\"aligncenter wp-image-848 size-full\" src=\"https:\/\/www.kschmied.ch\/wp-content\/uploads\/2016\/03\/Icon-Industries.jpg\" alt=\"Icon-Industries\" width=\"208\" height=\"37\" \/><\/a><\/p>\n<\/div><\/div><\/div><div id=\"pgc-20581-2-1\"  class=\"panel-grid-cell\" ><div id=\"panel-20581-2-1-0\" class=\"so-panel widget widget_black-studio-tinymce widget_black_studio_tinymce panel-first-child panel-last-child\" data-index=\"5\" ><div class=\"textwidget\"><div class=\"ce_text g8 box block\">\n<p><strong>ICON Industries AG<\/strong> ist spezialisiert auf die Entwicklung und Implementierung von innovativen, flexiblen Maschinenzentren, Maschinen und Konzepten. Sie bietet die komplette mass-geschneiderte Umsetzung der innovativen Systeml\u00f6sungen.<\/p>\n<p>Die Firma ICON Industries AG ist aus der seit \u00fcber 30 Jahren bestehenden Firma Hydromat Inc. in St. Louis USA entstanden.<\/p>\n<\/div>\n<\/div><\/div><\/div><div id=\"pgc-20581-2-2\"  class=\"panel-grid-cell\" ><div id=\"panel-20581-2-2-0\" class=\"so-panel widget widget_black-studio-tinymce widget_black_studio_tinymce panel-first-child panel-last-child\" data-index=\"6\" ><div class=\"textwidget\"><p><a href=\"http:\/\/www.iconindustries.ch\" target=\"_blank\" rel=\"http:\/\/www.iconindustries.ch noopener\"><img loading=\"lazy\" decoding=\"async\" class=\"alignright wp-image-867 size-medium\" src=\"https:\/\/www.kschmied.ch\/wp-content\/uploads\/2016\/03\/ICON-6-250-300x150.jpg\" alt=\"ICON-6-250\" width=\"300\" height=\"150\" srcset=\"https:\/\/kschmied.ch\/wp-content\/uploads\/2016\/03\/ICON-6-250-300x150.jpg 300w, https:\/\/kschmied.ch\/wp-content\/uploads\/2016\/03\/ICON-6-250.jpg 500w\" sizes=\"auto, (max-width: 300px) 100vw, 300px\" \/><\/a><\/p>\n<\/div><\/div><\/div><\/div><div id=\"pg-20581-3\"  class=\"panel-grid panel-no-style\" ><div id=\"pgc-20581-3-0\"  class=\"panel-grid-cell\" ><div id=\"panel-20581-3-0-0\" class=\"so-panel widget widget_black-studio-tinymce widget_black_studio_tinymce panel-first-child panel-last-child\" data-index=\"7\" ><div class=\"textwidget\"><hr \/>\n<p>\u00a0<\/p>\n<\/div><\/div><\/div><\/div><div id=\"pg-20581-4\"  class=\"panel-grid panel-no-style\" ><div id=\"pgc-20581-4-0\"  class=\"panel-grid-cell\" ><div id=\"panel-20581-4-0-0\" class=\"so-panel widget widget_black-studio-tinymce widget_black_studio_tinymce panel-first-child panel-last-child\" data-index=\"8\" ><div class=\"textwidget\"><p><a href=\"https:\/\/www.tecnozug.ch\" target=\"_blank\" rel=\"noopener\"><img loading=\"lazy\" decoding=\"async\" class=\"aligncenter wp-image-852 size-full\" src=\"https:\/\/www.kschmied.ch\/wp-content\/uploads\/2016\/03\/Tecno-Zug-AG.jpg\" alt=\"Tecno-Zug-AG\" width=\"208\" height=\"72\" \/><\/a><\/p>\n<\/div><\/div><\/div><div id=\"pgc-20581-4-1\"  class=\"panel-grid-cell\" ><div id=\"panel-20581-4-1-0\" class=\"so-panel widget widget_black-studio-tinymce widget_black_studio_tinymce panel-first-child panel-last-child\" data-index=\"9\" ><div class=\"textwidget\"><div class=\"ce_text g8 box block\">\n<p>Die <strong>Tecno Zug AG<\/strong> lanciert seit mehr als 30 Jahren Produkte mit hohem Qualit\u00e4ts- und Innovationsgehalt. Sie ist massgeblich an Maschinen- und Werkzeugfabriken in Europa und in den USA beteiligt.<\/p>\n<\/div>\n<\/div><\/div><\/div><div id=\"pgc-20581-4-2\"  class=\"panel-grid-cell\" ><div id=\"panel-20581-4-2-0\" class=\"so-panel widget widget_black-studio-tinymce widget_black_studio_tinymce panel-first-child panel-last-child\" data-index=\"10\" ><div class=\"textwidget\"><p><a href=\"https:\/\/www.tecnozug.ch\" target=\"_blank\" rel=\"http:\/\/tecnozug.ch noopener\"><img loading=\"lazy\" decoding=\"async\" class=\"alignright wp-image-869 size-medium\" src=\"https:\/\/www.kschmied.ch\/wp-content\/uploads\/2016\/03\/Epic-300x220.jpg\" alt=\"Epic\" width=\"300\" height=\"220\" srcset=\"https:\/\/kschmied.ch\/wp-content\/uploads\/2016\/03\/Epic-300x220.jpg 300w, https:\/\/kschmied.ch\/wp-content\/uploads\/2016\/03\/Epic.jpg 500w\" sizes=\"auto, (max-width: 300px) 100vw, 300px\" \/><\/a><\/p>\n<\/div><\/div><\/div><\/div><div id=\"pg-20581-5\"  class=\"panel-grid panel-no-style\" ><div id=\"pgc-20581-5-0\"  class=\"panel-grid-cell\" ><div id=\"panel-20581-5-0-0\" class=\"so-panel widget widget_black-studio-tinymce widget_black_studio_tinymce panel-first-child panel-last-child\" data-index=\"11\" ><div class=\"textwidget\"><hr \/>\n<p>\u00a0<\/p>\n<\/div><\/div><\/div><\/div><\/div>","protected":false},"excerpt":{"rendered":"<p>Die IML Robotix AG bietet Engineering, Prozessmanagement, Services und Aftersales rund um die IML Automation. Unser Ziel: Ihnen, als unser Kunde, Wege aufzeigen, wie Sie mehr aus Ihren Produktionsprozessen herausholen k\u00f6nnen. Kurz- und mittelfristig mit Roboter-Upgrades, zeitnahen Service-Eins\u00e4tzen oder Software-Updates. Langfristig und nachhaltig mit modularen, platz-\/energiesparenden und kosteneffizienten Roboterkonzepten. \u00a0<\/p>\n","protected":false},"author":1,"featured_media":1913,"parent":0,"menu_order":9,"comment_status":"closed","ping_status":"closed","template":"","meta":{"_acf_changed":false,"footnotes":""},"class_list":["post-20581","page","type-page","status-publish","has-post-thumbnail","hentry"],"acf":[],"yoast_head":"<!-- This site is optimized with the Yoast SEO Premium plugin v27.4 (Yoast SEO v27.4) - https:\/\/yoast.com\/product\/yoast-seo-premium-wordpress\/ -->\n<title>References - K. Schmied AG \u2013 Containers &amp; Shipping Switzerland<\/title>\n<meta name=\"description\" content=\"Entdecken Sie hochwertige Seecontainer, Lagercontainer und Schnellbaucontainer zum Kauf oder zur Miete in der Schweiz. Erfahren Sie mehr \u00fcber die verf\u00fcgbaren Gr\u00f6\u00dfen, Ausf\u00fchrungen und Preise. Kontaktieren Sie uns f\u00fcr eine kostenlose Anfrage!\" \/>\n<meta name=\"robots\" content=\"index, follow, max-snippet:-1, max-image-preview:large, max-video-preview:-1\" \/>\n<link rel=\"canonical\" href=\"https:\/\/kschmied.ch\/en\/references\/\" \/>\n<meta property=\"og:locale\" content=\"en_US\" \/>\n<meta property=\"og:type\" content=\"article\" \/>\n<meta property=\"og:title\" content=\"K. SCHMIED AG \u2013 Containerverkauf Schweiz\" \/>\n<meta property=\"og:description\" content=\"Ihr Partner f\u00fcr Seecontainer und Lagercontainer in der Schweiz \u2013 zum Kauf oder zur Miete, mit optionalem Kranablade-Service.\" \/>\n<meta property=\"og:url\" content=\"https:\/\/kschmied.ch\/en\/references\/\" \/>\n<meta property=\"og:site_name\" content=\"K. Schmied AG \u2013 Containers &amp; Shipping Switzerland\" \/>\n<meta property=\"article:modified_time\" content=\"2025-10-14T18:42:44+00:00\" \/>\n<meta property=\"og:image\" content=\"https:\/\/kschmied.ch\/wp-content\/uploads\/2015\/05\/Depositphotos_8135928_m.jpg\" \/>\n\t<meta property=\"og:image:width\" content=\"1210\" \/>\n\t<meta property=\"og:image:height\" content=\"1653\" \/>\n\t<meta property=\"og:image:type\" content=\"image\/jpeg\" \/>\n<meta name=\"twitter:card\" content=\"summary_large_image\" \/>\n<meta name=\"twitter:label1\" content=\"Est. reading time\" \/>\n\t<meta name=\"twitter:data1\" content=\"1 minute\" \/>\n<!-- \/ Yoast SEO Premium plugin. -->","yoast_head_json":{"title":"References - K. Schmied AG \u2013 Containers &amp; Shipping Switzerland","description":"Entdecken Sie hochwertige Seecontainer, Lagercontainer und Schnellbaucontainer zum Kauf oder zur Miete in der Schweiz. Erfahren Sie mehr \u00fcber die verf\u00fcgbaren Gr\u00f6\u00dfen, Ausf\u00fchrungen und Preise. Kontaktieren Sie uns f\u00fcr eine kostenlose Anfrage!","robots":{"index":"index","follow":"follow","max-snippet":"max-snippet:-1","max-image-preview":"max-image-preview:large","max-video-preview":"max-video-preview:-1"},"canonical":"https:\/\/kschmied.ch\/en\/references\/","og_locale":"en_US","og_type":"article","og_title":"K. SCHMIED AG \u2013 Containerverkauf Schweiz","og_description":"Ihr Partner f\u00fcr Seecontainer und Lagercontainer in der Schweiz \u2013 zum Kauf oder zur Miete, mit optionalem Kranablade-Service.","og_url":"https:\/\/kschmied.ch\/en\/references\/","og_site_name":"K. Schmied AG \u2013 Containers &amp; Shipping Switzerland","article_modified_time":"2025-10-14T18:42:44+00:00","og_image":[{"width":1210,"height":1653,"url":"https:\/\/kschmied.ch\/wp-content\/uploads\/2015\/05\/Depositphotos_8135928_m.jpg","type":"image\/jpeg"}],"twitter_card":"summary_large_image","twitter_misc":{"Est. reading time":"1 minute"},"schema":{"@context":"https:\/\/schema.org","@graph":[{"@type":"WebPage","@id":"https:\/\/kschmied.ch\/en\/references\/","url":"https:\/\/kschmied.ch\/en\/references\/","name":"References - K. Schmied AG \u2013 Containers &amp; Shipping Switzerland","isPartOf":{"@id":"https:\/\/kschmied.ch\/en\/#website"},"primaryImageOfPage":{"@id":"https:\/\/kschmied.ch\/en\/references\/#primaryimage"},"image":{"@id":"https:\/\/kschmied.ch\/en\/references\/#primaryimage"},"thumbnailUrl":"https:\/\/kschmied.ch\/wp-content\/uploads\/2015\/05\/Depositphotos_8135928_m.jpg","datePublished":"2020-07-14T14:44:50+00:00","dateModified":"2025-10-14T18:42:44+00:00","description":"Entdecken Sie hochwertige Seecontainer, Lagercontainer und Schnellbaucontainer zum Kauf oder zur Miete in der Schweiz. Erfahren Sie mehr \u00fcber die verf\u00fcgbaren Gr\u00f6\u00dfen, Ausf\u00fchrungen und Preise. Kontaktieren Sie uns f\u00fcr eine kostenlose Anfrage!","breadcrumb":{"@id":"https:\/\/kschmied.ch\/en\/references\/#breadcrumb"},"inLanguage":"en-US","potentialAction":[{"@type":"ReadAction","target":["https:\/\/kschmied.ch\/en\/references\/"]}]},{"@type":"ImageObject","inLanguage":"en-US","@id":"https:\/\/kschmied.ch\/en\/references\/#primaryimage","url":"https:\/\/kschmied.ch\/wp-content\/uploads\/2015\/05\/Depositphotos_8135928_m.jpg","contentUrl":"https:\/\/kschmied.ch\/wp-content\/uploads\/2015\/05\/Depositphotos_8135928_m.jpg","width":1210,"height":1653},{"@type":"BreadcrumbList","@id":"https:\/\/kschmied.ch\/en\/references\/#breadcrumb","itemListElement":[{"@type":"ListItem","position":1,"name":"Accueil","item":"https:\/\/kschmied.ch\/en\/"},{"@type":"ListItem","position":2,"name":"References"}]},{"@type":"WebSite","@id":"https:\/\/kschmied.ch\/en\/#website","url":"https:\/\/kschmied.ch\/en\/","name":"K. SCHMIED AG","description":"Swiss container trading &amp; shipping since 1979","publisher":{"@id":"https:\/\/kschmied.ch\/en\/#organization"},"alternateName":"K. SCHMIED AG","potentialAction":[{"@type":"SearchAction","target":{"@type":"EntryPoint","urlTemplate":"https:\/\/kschmied.ch\/en\/?s={search_term_string}"},"query-input":{"@type":"PropertyValueSpecification","valueRequired":true,"valueName":"search_term_string"}}],"inLanguage":"en-US"},{"@type":"Organization","@id":"https:\/\/kschmied.ch\/en\/#organization","name":"K. SCHMIED AG","alternateName":"K. SCHMIED AG","url":"https:\/\/kschmied.ch\/en\/","logo":{"@type":"ImageObject","inLanguage":"en-US","@id":"https:\/\/kschmied.ch\/en\/#\/schema\/logo\/image\/","url":"https:\/\/kschmied.ch\/wp-content\/uploads\/2020\/07\/LOGO-gross.jpg","contentUrl":"https:\/\/kschmied.ch\/wp-content\/uploads\/2020\/07\/LOGO-gross.jpg","width":770,"height":240,"caption":"K. SCHMIED AG"},"image":{"@id":"https:\/\/kschmied.ch\/en\/#\/schema\/logo\/image\/"},"sameAs":["https:\/\/ch.linkedin.com\/company\/k-schmied-ag"],"description":"K. SCHMIED AG ist ein f\u00fchrendes Unternehmen im Bereich Containerverkauf und -vermietung in der Schweiz. Mit langj\u00e4hriger Erfahrung bieten wir unseren Kunden robuste, langlebige Seecontainer, Lagercontainer und Schnellbaucontainer in verschiedenen Gr\u00f6\u00dfen und Ausf\u00fchrungen. Unser Service umfasst auch Transportl\u00f6sungen, ma\u00dfgeschneiderte Containeranforderungen und weltweiten Versand. Qualit\u00e4t, Kundenzufriedenheit und Zuverl\u00e4ssigkeit stehen bei uns an erster Stelle.","email":"info@kschmied.ch","telephone":"041 811 30 03","legalName":"K. SCHMIED internat. Transporte & Handels AG","foundingDate":"1979-01-01","vatID":"CHE-107.962.018 MWST","taxID":"CHE-107.962.018 MWST","numberOfEmployees":{"@type":"QuantitativeValue","minValue":"1","maxValue":"10"}}]}},"_links":{"self":[{"href":"https:\/\/kschmied.ch\/en\/wp-json\/wp\/v2\/pages\/20581","targetHints":{"allow":["GET"]}}],"collection":[{"href":"https:\/\/kschmied.ch\/en\/wp-json\/wp\/v2\/pages"}],"about":[{"href":"https:\/\/kschmied.ch\/en\/wp-json\/wp\/v2\/types\/page"}],"author":[{"embeddable":true,"href":"https:\/\/kschmied.ch\/en\/wp-json\/wp\/v2\/users\/1"}],"replies":[{"embeddable":true,"href":"https:\/\/kschmied.ch\/en\/wp-json\/wp\/v2\/comments?post=20581"}],"version-history":[{"count":0,"href":"https:\/\/kschmied.ch\/en\/wp-json\/wp\/v2\/pages\/20581\/revisions"}],"wp:featuredmedia":[{"embeddable":true,"href":"https:\/\/kschmied.ch\/en\/wp-json\/wp\/v2\/media\/1913"}],"wp:attachment":[{"href":"https:\/\/kschmied.ch\/en\/wp-json\/wp\/v2\/media?parent=20581"}],"curies":[{"name":"wp","href":"https:\/\/api.w.org\/{rel}","templated":true}]}}