{"id":20580,"date":"2020-07-14T16:31:29","date_gmt":"2020-07-14T14:31:29","guid":{"rendered":"https:\/\/www.kschmied.ch\/about-us\/our-customers\/"},"modified":"2025-10-14T20:42:14","modified_gmt":"2025-10-14T18:42:14","slug":"our-customers","status":"publish","type":"page","link":"https:\/\/kschmied.ch\/en\/our-customers\/","title":{"rendered":"Our customers"},"content":{"rendered":"<div id=\"pl-20580\"  class=\"panel-layout\" ><div id=\"pg-20580-0\"  class=\"panel-grid panel-no-style\" ><div id=\"pgc-20580-0-0\"  class=\"panel-grid-cell\" ><div id=\"panel-20580-0-0-0\" class=\"so-panel widget widget_black-studio-tinymce widget_black_studio_tinymce panel-first-child panel-last-child widgetopts-SO\" data-index=\"0\" ><div class=\"textwidget\"><p>Die <strong>K. Schmied AG<\/strong> bedient eine breite nationale und internationale Kundschaft mit flexiblen und massgeschneiderten L\u00f6sungen im <strong>Containerhandel<\/strong> sowie in <strong>Transport und Logistik<\/strong>.<\/p>\n<p>Zu unserem Kundenstamm geh\u00f6ren international t\u00e4tige Bauunternehmen, Maschinenhersteller, Unternehmen aus dem Pharmabereich sowie KMUs aus allen Wirtschaftszweigen der Schweiz.<\/p>\n<p>Dank mehr als 40 Jahren Erfahrung und unserem globalen Partnernetzwerk stehen uns vielf\u00e4ltige M\u00f6glichkeiten im Containerhandel und in der Logistik offen. So bieten wir Ihnen aus einer Vielzahl von Optionen die f\u00fcr Sie beste Auswahl und sichern dadurch Ihre Liefervereinbarungen.<\/p>\n<p><strong>\"Einen zuverl\u00e4ssigen Service zu fairen Preisen anzubieten, ist unsere Aufgabe. Kunden zufrieden zu stellen und dadurch langfristig zu binden, ist unser Ziel!\"<\/strong><\/p>\n<p>Unser Leistungsprofil w\u00e4chst mit den sich stetig \u00e4ndernden Anforderungen mit. So haben wir auch f\u00fcr den Markt von morgen die besten L\u00f6sungen zur Hand.<\/p>\n<\/div><\/div><\/div><div id=\"pgc-20580-0-1\"  class=\"panel-grid-cell\" ><div id=\"panel-20580-0-1-0\" class=\"so-panel widget widget_black-studio-tinymce widget_black_studio_tinymce panel-first-child panel-last-child\" data-index=\"1\" ><div class=\"textwidget\"><p><a href=\"https:\/\/www.kschmied.ch\/wp-content\/uploads\/2016\/03\/Kreis-flexibel-zuverl\u00e4ssig-termingerecht-...jpg\" rel=\"https:\/\/www.kschmied.ch\/leitbild\/\"><img loading=\"lazy\" decoding=\"async\" class=\"aligncenter wp-image-697\" src=\"https:\/\/www.kschmied.ch\/wp-content\/uploads\/2016\/03\/Kreis-flexibel-zuverl\u00e4ssig-termingerecht-...jpg\" alt=\"\" width=\"200\" height=\"200\" srcset=\"https:\/\/kschmied.ch\/wp-content\/uploads\/2016\/03\/Kreis-flexibel-zuverl\u00e4ssig-termingerecht-...jpg 378w, https:\/\/kschmied.ch\/wp-content\/uploads\/2016\/03\/Kreis-flexibel-zuverl\u00e4ssig-termingerecht-..-300x300.jpg 300w, https:\/\/kschmied.ch\/wp-content\/uploads\/2016\/03\/Kreis-flexibel-zuverl\u00e4ssig-termingerecht-..-150x150.jpg 150w, https:\/\/kschmied.ch\/wp-content\/uploads\/2016\/03\/Kreis-flexibel-zuverl\u00e4ssig-termingerecht-..-100x100.jpg 100w\" sizes=\"auto, (max-width: 200px) 100vw, 200px\" \/><\/a><\/p>\n<\/div><\/div><\/div><\/div><\/div>","protected":false},"excerpt":{"rendered":"<p>Die K. Schmied AG bedient eine breite nationale und internationale Kundschaft mit flexiblen und massgeschneiderten L\u00f6sungen im Containerhandel sowie in Transport und Logistik. Zu unserem Kundenstamm geh\u00f6ren international t\u00e4tige Bauunternehmen, Maschinenhersteller, Unternehmen aus dem Pharmabereich sowie KMUs aus allen Wirtschaftszweigen der Schweiz. Dank mehr als 40 Jahren Erfahrung und unserem globalen Partnernetzwerk stehen uns vielf\u00e4ltige &hellip;<\/p>\n","protected":false},"author":1,"featured_media":1913,"parent":0,"menu_order":9,"comment_status":"closed","ping_status":"closed","template":"","meta":{"_acf_changed":false,"footnotes":""},"class_list":["post-20580","page","type-page","status-publish","has-post-thumbnail","hentry"],"acf":[],"yoast_head":"<!-- This site is optimized with the Yoast SEO Premium plugin v27.2 (Yoast SEO v27.2) - https:\/\/yoast.com\/product\/yoast-seo-premium-wordpress\/ -->\n<title>Our customers - K. Schmied AG \u2013 Containers &amp; Shipping Switzerland<\/title>\n<meta name=\"description\" content=\"Entdecken Sie hochwertige Seecontainer, Lagercontainer und Schnellbaucontainer zum Kauf oder zur Miete in der Schweiz. Erfahren Sie mehr \u00fcber die verf\u00fcgbaren Gr\u00f6\u00dfen, Ausf\u00fchrungen und Preise. Kontaktieren Sie uns f\u00fcr eine kostenlose Anfrage!\" \/>\n<meta name=\"robots\" content=\"index, follow, max-snippet:-1, max-image-preview:large, max-video-preview:-1\" \/>\n<link rel=\"canonical\" href=\"https:\/\/kschmied.ch\/en\/our-customers\/\" \/>\n<meta property=\"og:locale\" content=\"en_US\" \/>\n<meta property=\"og:type\" content=\"article\" \/>\n<meta property=\"og:title\" content=\"K. SCHMIED AG \u2013 Containerverkauf Schweiz\" \/>\n<meta property=\"og:description\" content=\"Ihr Partner f\u00fcr Seecontainer und Lagercontainer in der Schweiz \u2013 zum Kauf oder zur Miete, mit optionalem Kranablade-Service.\" \/>\n<meta property=\"og:url\" content=\"https:\/\/kschmied.ch\/en\/our-customers\/\" \/>\n<meta property=\"og:site_name\" content=\"K. Schmied AG \u2013 Containers &amp; Shipping Switzerland\" \/>\n<meta property=\"article:modified_time\" content=\"2025-10-14T18:42:14+00:00\" \/>\n<meta property=\"og:image\" content=\"https:\/\/kschmied.ch\/wp-content\/uploads\/2015\/05\/Depositphotos_8135928_m.jpg\" \/>\n\t<meta property=\"og:image:width\" content=\"1210\" \/>\n\t<meta property=\"og:image:height\" content=\"1653\" \/>\n\t<meta property=\"og:image:type\" content=\"image\/jpeg\" \/>\n<meta name=\"twitter:card\" content=\"summary_large_image\" \/>\n<meta name=\"twitter:label1\" content=\"Est. reading time\" \/>\n\t<meta name=\"twitter:data1\" content=\"1 minute\" \/>\n<!-- \/ Yoast SEO Premium plugin. -->","yoast_head_json":{"title":"Our customers - K. Schmied AG \u2013 Containers &amp; Shipping Switzerland","description":"Entdecken Sie hochwertige Seecontainer, Lagercontainer und Schnellbaucontainer zum Kauf oder zur Miete in der Schweiz. Erfahren Sie mehr \u00fcber die verf\u00fcgbaren Gr\u00f6\u00dfen, Ausf\u00fchrungen und Preise. Kontaktieren Sie uns f\u00fcr eine kostenlose Anfrage!","robots":{"index":"index","follow":"follow","max-snippet":"max-snippet:-1","max-image-preview":"max-image-preview:large","max-video-preview":"max-video-preview:-1"},"canonical":"https:\/\/kschmied.ch\/en\/our-customers\/","og_locale":"en_US","og_type":"article","og_title":"K. SCHMIED AG \u2013 Containerverkauf Schweiz","og_description":"Ihr Partner f\u00fcr Seecontainer und Lagercontainer in der Schweiz \u2013 zum Kauf oder zur Miete, mit optionalem Kranablade-Service.","og_url":"https:\/\/kschmied.ch\/en\/our-customers\/","og_site_name":"K. Schmied AG \u2013 Containers &amp; Shipping Switzerland","article_modified_time":"2025-10-14T18:42:14+00:00","og_image":[{"width":1210,"height":1653,"url":"https:\/\/kschmied.ch\/wp-content\/uploads\/2015\/05\/Depositphotos_8135928_m.jpg","type":"image\/jpeg"}],"twitter_card":"summary_large_image","twitter_misc":{"Est. reading time":"1 minute"},"schema":{"@context":"https:\/\/schema.org","@graph":[{"@type":"WebPage","@id":"https:\/\/kschmied.ch\/en\/our-customers\/","url":"https:\/\/kschmied.ch\/en\/our-customers\/","name":"Our customers - K. Schmied AG \u2013 Containers &amp; Shipping Switzerland","isPartOf":{"@id":"https:\/\/kschmied.ch\/en\/#website"},"primaryImageOfPage":{"@id":"https:\/\/kschmied.ch\/en\/our-customers\/#primaryimage"},"image":{"@id":"https:\/\/kschmied.ch\/en\/our-customers\/#primaryimage"},"thumbnailUrl":"https:\/\/kschmied.ch\/wp-content\/uploads\/2015\/05\/Depositphotos_8135928_m.jpg","datePublished":"2020-07-14T14:31:29+00:00","dateModified":"2025-10-14T18:42:14+00:00","description":"Entdecken Sie hochwertige Seecontainer, Lagercontainer und Schnellbaucontainer zum Kauf oder zur Miete in der Schweiz. Erfahren Sie mehr \u00fcber die verf\u00fcgbaren Gr\u00f6\u00dfen, Ausf\u00fchrungen und Preise. Kontaktieren Sie uns f\u00fcr eine kostenlose Anfrage!","breadcrumb":{"@id":"https:\/\/kschmied.ch\/en\/our-customers\/#breadcrumb"},"inLanguage":"en-US","potentialAction":[{"@type":"ReadAction","target":["https:\/\/kschmied.ch\/en\/our-customers\/"]}]},{"@type":"ImageObject","inLanguage":"en-US","@id":"https:\/\/kschmied.ch\/en\/our-customers\/#primaryimage","url":"https:\/\/kschmied.ch\/wp-content\/uploads\/2015\/05\/Depositphotos_8135928_m.jpg","contentUrl":"https:\/\/kschmied.ch\/wp-content\/uploads\/2015\/05\/Depositphotos_8135928_m.jpg","width":1210,"height":1653},{"@type":"BreadcrumbList","@id":"https:\/\/kschmied.ch\/en\/our-customers\/#breadcrumb","itemListElement":[{"@type":"ListItem","position":1,"name":"Accueil","item":"https:\/\/kschmied.ch\/en\/"},{"@type":"ListItem","position":2,"name":"Our customers"}]},{"@type":"WebSite","@id":"https:\/\/kschmied.ch\/en\/#website","url":"https:\/\/kschmied.ch\/en\/","name":"K. SCHMIED AG","description":"Swiss container trading &amp; shipping since 1979","publisher":{"@id":"https:\/\/kschmied.ch\/en\/#organization"},"alternateName":"K. SCHMIED AG","potentialAction":[{"@type":"SearchAction","target":{"@type":"EntryPoint","urlTemplate":"https:\/\/kschmied.ch\/en\/?s={search_term_string}"},"query-input":{"@type":"PropertyValueSpecification","valueRequired":true,"valueName":"search_term_string"}}],"inLanguage":"en-US"},{"@type":"Organization","@id":"https:\/\/kschmied.ch\/en\/#organization","name":"K. SCHMIED AG","alternateName":"K. SCHMIED AG","url":"https:\/\/kschmied.ch\/en\/","logo":{"@type":"ImageObject","inLanguage":"en-US","@id":"https:\/\/kschmied.ch\/en\/#\/schema\/logo\/image\/","url":"https:\/\/kschmied.ch\/wp-content\/uploads\/2020\/07\/LOGO-gross.jpg","contentUrl":"https:\/\/kschmied.ch\/wp-content\/uploads\/2020\/07\/LOGO-gross.jpg","width":770,"height":240,"caption":"K. SCHMIED AG"},"image":{"@id":"https:\/\/kschmied.ch\/en\/#\/schema\/logo\/image\/"},"sameAs":["https:\/\/ch.linkedin.com\/company\/k-schmied-ag"],"description":"K. SCHMIED AG ist ein f\u00fchrendes Unternehmen im Bereich Containerverkauf und -vermietung in der Schweiz. Mit langj\u00e4hriger Erfahrung bieten wir unseren Kunden robuste, langlebige Seecontainer, Lagercontainer und Schnellbaucontainer in verschiedenen Gr\u00f6\u00dfen und Ausf\u00fchrungen. Unser Service umfasst auch Transportl\u00f6sungen, ma\u00dfgeschneiderte Containeranforderungen und weltweiten Versand. Qualit\u00e4t, Kundenzufriedenheit und Zuverl\u00e4ssigkeit stehen bei uns an erster Stelle.","email":"info@kschmied.ch","telephone":"041 811 30 03","legalName":"K. SCHMIED internat. Transporte & Handels AG","foundingDate":"1979-01-01","vatID":"CHE-107.962.018 MWST","taxID":"CHE-107.962.018 MWST","numberOfEmployees":{"@type":"QuantitativeValue","minValue":"1","maxValue":"10"}}]}},"_links":{"self":[{"href":"https:\/\/kschmied.ch\/en\/wp-json\/wp\/v2\/pages\/20580","targetHints":{"allow":["GET"]}}],"collection":[{"href":"https:\/\/kschmied.ch\/en\/wp-json\/wp\/v2\/pages"}],"about":[{"href":"https:\/\/kschmied.ch\/en\/wp-json\/wp\/v2\/types\/page"}],"author":[{"embeddable":true,"href":"https:\/\/kschmied.ch\/en\/wp-json\/wp\/v2\/users\/1"}],"replies":[{"embeddable":true,"href":"https:\/\/kschmied.ch\/en\/wp-json\/wp\/v2\/comments?post=20580"}],"version-history":[{"count":0,"href":"https:\/\/kschmied.ch\/en\/wp-json\/wp\/v2\/pages\/20580\/revisions"}],"wp:featuredmedia":[{"embeddable":true,"href":"https:\/\/kschmied.ch\/en\/wp-json\/wp\/v2\/media\/1913"}],"wp:attachment":[{"href":"https:\/\/kschmied.ch\/en\/wp-json\/wp\/v2\/media?parent=20580"}],"curies":[{"name":"wp","href":"https:\/\/api.w.org\/{rel}","templated":true}]}}