{"id":20556,"date":"2020-07-13T15:31:05","date_gmt":"2020-07-13T13:31:05","guid":{"rendered":"https:\/\/www.kschmied.ch\/imprint\/"},"modified":"2020-07-24T10:51:39","modified_gmt":"2020-07-24T08:51:39","slug":"imprint","status":"publish","type":"page","link":"https:\/\/kschmied.ch\/en\/imprint\/","title":{"rendered":"Imprint"},"content":{"rendered":"<div class=\"wpb-content-wrapper\"><p>[vc_row][vc_column width=&#8221;1\/2&#8243;][vc_column_text]<strong>Contact details<\/strong><\/p>\n<p>K. SCHMIED AG<br \/>\nRickenbachstrasse 45<br \/>\n6430 Schwyz<br \/>\nSwitzerland<\/p>\n<p>Tel.: +41 \/ (0)41 &#8211; 811 30 03<br \/>\nE-Mail: &#x69;n&#x66;&#111;&#x40;&#x6b;s&#x63;&#104;&#x6d;&#x69;e&#x64;&#46;&#x63;&#x68;<\/p>\n<p><strong>Persons authorized to represent the company<\/strong><br \/>\nPeter Schmied, Managing Director[\/vc_column_text][\/vc_column][vc_column width=&#8221;1\/2&#8243;][vc_column_text]<strong>Company name entered in the commercial register:<\/strong><\/p>\n<p>K. Schmied internat. Transporte &amp; Handels AG<\/p>\n<p>Nummer: CH-130.0.000.605-2<br \/>\nCommercial Registry Office: Schwyz<\/p>\n<p><strong>VAT number: <\/strong>CHE-107.962.018 MWST[\/vc_column_text][\/vc_column][\/vc_row][vc_row][vc_column][vc_column_text]<strong>Disclaimer<\/strong><br \/>\nThe author reserves the right not to be responsible for the correctness, accuracy, topicality, reliability or completeness of the information provided.<\/p>\n<p>Liability claims against the author for damages of a material or immaterial nature arising from access to or use or non-use of the published information, misuse of the connection or technical faults are excluded.<\/p>\n<p>All offers are not binding. Parts of the pages or the complete publication including all offers and information might be extended, changed or partly or completely deleted by the author without separate announcement.<\/p>\n<p><strong>Liability for links<\/strong><br \/>\nReferences and links to third party websites are outside our area of responsibility. We reject any responsibility for such websites. Access and use of such websites is at the user&#8217;s own risk.<\/p>\n<p><strong>Copyrights<\/strong><br \/>\nThe copyrights and all other rights to contents, pictures, photos or other files on the website belong exclusively to the company K. SCHMIED AG or the specifically named holders of rights. For the reproduction of any elements, the written consent of the copyright holders must be obtained in advance.<\/p>\n<p><strong>Privacy policy<\/strong><br \/>\nBased on Article 13 of the Swiss Federal Constitution and the data protection provisions of the Confederation (Data Protection Act, DSG ), every person has the right to protection of their privacy and protection against misuse of their personal data. We comply with these provisions. Personal data will be treated strictly confidential and will not be sold or passed on to third parties.<\/p>\n<p>In close cooperation with our hosting providers, we make every effort to protect the databases as much as possible against unauthorized access, loss, misuse or forgery.<\/p>\n<p>When you access our websites, the following data is stored in log files: IP address, date, time, browser request and general information about your computer. transmitted information about the operating system or Browser. This usage data forms the basis for statistical, anonymous evaluations, so that trends can be identified and used to improve our offers accordingly.<\/p>\n<p><strong>Privacy policy for the use of Google Analytics<\/strong><br \/>\nThis website uses Google Analytics, a web analysis service of Google Inc. (&#8220;Google&#8221;). Google Analytics uses &#8220;cookies&#8221;, which are text files placed on your computer, to help the website analyze how users use the site. The information generated by the cookie about your use of this website is usually transferred to a Google server in the USA and stored there. However, in the event that IP anonymisation is activated on this website, your IP address will be shortened by Google within member states of the European Union or in other states which are party to the Agreement on the European Economic Area.<\/p>\n<p>Only in exceptional cases will the full IP address be transferred to a Google server in the USA and shortened there. Google will use this information for the purpose of evaluating your use of the website, compiling reports on website activity for website operators and providing other services relating to website activity and internet usage. Google may also transfer this information to third parties where required to do so by law, or where such third parties process the information on Google&#8217;s behalf. The IP address transmitted by your browser as part of Google Analytics is not merged with other data from Google.<\/p>\n<p>You may refuse the use of cookies by selecting the appropriate settings on your browser, however please note that if you do this you may not be able to use the full functionality of this website. By using this website, you consent to the processing of data about you by Google in the manner and for the purposes set out above.<\/p>\n<p>&nbsp;<\/p>\n<h6><span style=\"color: #999999;\">Source<\/span><br \/>\n<span style=\"color: #999999;\">This imprint was created on 02.08.2012 with the imprint generator http:\/\/www.bag.ch\/impressum-generator of the company Brunner AG, Druck und Medien, in Kriens. Brunner AG, Druck und Medien, in Kriens assumes no liability.<\/span><\/h6>\n<p>[\/vc_column_text][\/vc_column][\/vc_row]<\/p>\n<\/div>","protected":false},"excerpt":{"rendered":"<p>[vc_row][vc_column width=&#8221;1\/2&#8243;][vc_column_text]Contact details K. SCHMIED AG Rickenbachstrasse 45 6430 Schwyz Switzerland Tel.: +41 \/ (0)41 &#8211; 811 30 03 E-Mail: &#105;&#x6e;f&#x6f;&#x40;&#107;&#x73;c&#x68;&#x6d;&#105;&#x65;d&#x2e;&#x63;&#104; Persons authorized to represent the company Peter Schmied, Managing Director[\/vc_column_text][\/vc_column][vc_column width=&#8221;1\/2&#8243;][vc_column_text]Company name entered in the commercial register: K. Schmied internat. Transporte &amp; Handels AG Nummer: CH-130.0.000.605-2 Commercial Registry Office: Schwyz VAT number: CHE-107.962.018 MWST[\/vc_column_text][\/vc_column][\/vc_row][vc_row][vc_column][vc_column_text]Disclaimer &hellip;<\/p>\n","protected":false},"author":1,"featured_media":0,"parent":0,"menu_order":12,"comment_status":"closed","ping_status":"closed","template":"","meta":{"_acf_changed":false,"footnotes":""},"class_list":["post-20556","page","type-page","status-publish","hentry"],"acf":[],"yoast_head":"<!-- This site is optimized with the Yoast SEO Premium plugin v27.4 (Yoast SEO v27.4) - https:\/\/yoast.com\/product\/yoast-seo-premium-wordpress\/ -->\n<title>Imprint - K. Schmied AG \u2013 Containers &amp; Shipping Switzerland<\/title>\n<meta name=\"description\" content=\"Entdecken Sie hochwertige Seecontainer, Lagercontainer und Schnellbaucontainer zum Kauf oder zur Miete in der Schweiz. Erfahren Sie mehr \u00fcber die verf\u00fcgbaren Gr\u00f6\u00dfen, Ausf\u00fchrungen und Preise. Kontaktieren Sie uns f\u00fcr eine kostenlose Anfrage!\" \/>\n<meta name=\"robots\" content=\"noindex, nofollow\" \/>\n<meta property=\"og:locale\" content=\"en_US\" \/>\n<meta property=\"og:type\" content=\"article\" \/>\n<meta property=\"og:title\" content=\"K. SCHMIED AG \u2013 Containerverkauf Schweiz\" \/>\n<meta property=\"og:description\" content=\"Ihr Partner f\u00fcr Seecontainer und Lagercontainer in der Schweiz \u2013 zum Kauf oder zur Miete, mit optionalem Kranablade-Service.\" \/>\n<meta property=\"og:url\" content=\"https:\/\/kschmied.ch\/en\/imprint\/\" \/>\n<meta property=\"og:site_name\" content=\"K. Schmied AG \u2013 Containers &amp; Shipping Switzerland\" \/>\n<meta property=\"article:modified_time\" content=\"2020-07-24T08:51:39+00:00\" \/>\n<meta property=\"og:image\" content=\"https:\/\/kschmied.ch\/wp-content\/uploads\/2020\/07\/LOGO-gross.jpg\" \/>\n\t<meta property=\"og:image:width\" content=\"770\" \/>\n\t<meta property=\"og:image:height\" content=\"240\" \/>\n\t<meta property=\"og:image:type\" content=\"image\/jpeg\" \/>\n<meta name=\"twitter:card\" content=\"summary_large_image\" \/>\n<meta name=\"twitter:label1\" content=\"Est. reading time\" \/>\n\t<meta name=\"twitter:data1\" content=\"4 minutes\" \/>\n<!-- \/ Yoast SEO Premium plugin. -->","yoast_head_json":{"title":"Imprint - K. Schmied AG \u2013 Containers &amp; Shipping Switzerland","description":"Entdecken Sie hochwertige Seecontainer, Lagercontainer und Schnellbaucontainer zum Kauf oder zur Miete in der Schweiz. Erfahren Sie mehr \u00fcber die verf\u00fcgbaren Gr\u00f6\u00dfen, Ausf\u00fchrungen und Preise. Kontaktieren Sie uns f\u00fcr eine kostenlose Anfrage!","robots":{"index":"noindex","follow":"nofollow"},"og_locale":"en_US","og_type":"article","og_title":"K. SCHMIED AG \u2013 Containerverkauf Schweiz","og_description":"Ihr Partner f\u00fcr Seecontainer und Lagercontainer in der Schweiz \u2013 zum Kauf oder zur Miete, mit optionalem Kranablade-Service.","og_url":"https:\/\/kschmied.ch\/en\/imprint\/","og_site_name":"K. Schmied AG \u2013 Containers &amp; Shipping Switzerland","article_modified_time":"2020-07-24T08:51:39+00:00","og_image":[{"width":770,"height":240,"url":"https:\/\/kschmied.ch\/wp-content\/uploads\/2020\/07\/LOGO-gross.jpg","type":"image\/jpeg"}],"twitter_card":"summary_large_image","twitter_misc":{"Est. reading time":"4 minutes"},"schema":{"@context":"https:\/\/schema.org","@graph":[{"@type":"WebPage","@id":"https:\/\/kschmied.ch\/en\/imprint\/","url":"https:\/\/kschmied.ch\/en\/imprint\/","name":"Imprint - K. Schmied AG \u2013 Containers &amp; Shipping Switzerland","isPartOf":{"@id":"https:\/\/kschmied.ch\/en\/#website"},"datePublished":"2020-07-13T13:31:05+00:00","dateModified":"2020-07-24T08:51:39+00:00","description":"Entdecken Sie hochwertige Seecontainer, Lagercontainer und Schnellbaucontainer zum Kauf oder zur Miete in der Schweiz. Erfahren Sie mehr \u00fcber die verf\u00fcgbaren Gr\u00f6\u00dfen, Ausf\u00fchrungen und Preise. Kontaktieren Sie uns f\u00fcr eine kostenlose Anfrage!","breadcrumb":{"@id":"https:\/\/kschmied.ch\/en\/imprint\/#breadcrumb"},"inLanguage":"en-US","potentialAction":[{"@type":"ReadAction","target":["https:\/\/kschmied.ch\/en\/imprint\/"]}]},{"@type":"BreadcrumbList","@id":"https:\/\/kschmied.ch\/en\/imprint\/#breadcrumb","itemListElement":[{"@type":"ListItem","position":1,"name":"Accueil","item":"https:\/\/kschmied.ch\/en\/"},{"@type":"ListItem","position":2,"name":"Imprint"}]},{"@type":"WebSite","@id":"https:\/\/kschmied.ch\/en\/#website","url":"https:\/\/kschmied.ch\/en\/","name":"K. SCHMIED AG","description":"Swiss container trading &amp; shipping since 1979","publisher":{"@id":"https:\/\/kschmied.ch\/en\/#organization"},"alternateName":"K. SCHMIED AG","potentialAction":[{"@type":"SearchAction","target":{"@type":"EntryPoint","urlTemplate":"https:\/\/kschmied.ch\/en\/?s={search_term_string}"},"query-input":{"@type":"PropertyValueSpecification","valueRequired":true,"valueName":"search_term_string"}}],"inLanguage":"en-US"},{"@type":"Organization","@id":"https:\/\/kschmied.ch\/en\/#organization","name":"K. SCHMIED AG","alternateName":"K. SCHMIED AG","url":"https:\/\/kschmied.ch\/en\/","logo":{"@type":"ImageObject","inLanguage":"en-US","@id":"https:\/\/kschmied.ch\/en\/#\/schema\/logo\/image\/","url":"https:\/\/kschmied.ch\/wp-content\/uploads\/2020\/07\/LOGO-gross.jpg","contentUrl":"https:\/\/kschmied.ch\/wp-content\/uploads\/2020\/07\/LOGO-gross.jpg","width":770,"height":240,"caption":"K. SCHMIED AG"},"image":{"@id":"https:\/\/kschmied.ch\/en\/#\/schema\/logo\/image\/"},"sameAs":["https:\/\/ch.linkedin.com\/company\/k-schmied-ag"],"description":"K. SCHMIED AG ist ein f\u00fchrendes Unternehmen im Bereich Containerverkauf und -vermietung in der Schweiz. Mit langj\u00e4hriger Erfahrung bieten wir unseren Kunden robuste, langlebige Seecontainer, Lagercontainer und Schnellbaucontainer in verschiedenen Gr\u00f6\u00dfen und Ausf\u00fchrungen. Unser Service umfasst auch Transportl\u00f6sungen, ma\u00dfgeschneiderte Containeranforderungen und weltweiten Versand. Qualit\u00e4t, Kundenzufriedenheit und Zuverl\u00e4ssigkeit stehen bei uns an erster Stelle.","email":"info@kschmied.ch","telephone":"041 811 30 03","legalName":"K. SCHMIED internat. Transporte & Handels AG","foundingDate":"1979-01-01","vatID":"CHE-107.962.018 MWST","taxID":"CHE-107.962.018 MWST","numberOfEmployees":{"@type":"QuantitativeValue","minValue":"1","maxValue":"10"}}]}},"_links":{"self":[{"href":"https:\/\/kschmied.ch\/en\/wp-json\/wp\/v2\/pages\/20556","targetHints":{"allow":["GET"]}}],"collection":[{"href":"https:\/\/kschmied.ch\/en\/wp-json\/wp\/v2\/pages"}],"about":[{"href":"https:\/\/kschmied.ch\/en\/wp-json\/wp\/v2\/types\/page"}],"author":[{"embeddable":true,"href":"https:\/\/kschmied.ch\/en\/wp-json\/wp\/v2\/users\/1"}],"replies":[{"embeddable":true,"href":"https:\/\/kschmied.ch\/en\/wp-json\/wp\/v2\/comments?post=20556"}],"version-history":[{"count":0,"href":"https:\/\/kschmied.ch\/en\/wp-json\/wp\/v2\/pages\/20556\/revisions"}],"wp:attachment":[{"href":"https:\/\/kschmied.ch\/en\/wp-json\/wp\/v2\/media?parent=20556"}],"curies":[{"name":"wp","href":"https:\/\/api.w.org\/{rel}","templated":true}]}}