{"id":20186,"date":"2020-07-03T16:59:34","date_gmt":"2020-07-03T14:59:34","guid":{"rendered":"https:\/\/www.kschmied.ch\/company\/"},"modified":"2025-10-30T21:41:18","modified_gmt":"2025-10-30T20:41:18","slug":"company","status":"publish","type":"page","link":"https:\/\/kschmied.ch\/en\/company\/","title":{"rendered":"CONTAINER &amp; FORWARDING &#8211; SINCE 1979"},"content":{"rendered":"<div id=\"pl-20186\"  class=\"panel-layout\" ><div id=\"pg-20186-0\"  class=\"panel-grid panel-no-style\" ><div id=\"pgc-20186-0-0\"  class=\"panel-grid-cell\" ><div id=\"panel-20186-0-0-0\" class=\"so-panel widget widget_black-studio-tinymce widget_black_studio_tinymce panel-first-child panel-last-child widgetopts-SO\" data-index=\"0\" ><h3 class=\"widget-title\"><span class=\"widget-title__inline\">Our history<\/span><\/h3><div class=\"textwidget\"><p data-start=\"242\" data-end=\"743\">Since its foundation in <strong>1979<\/strong>, <strong>K. SCHMIED AG<\/strong> has developed from a traditional freight forwarder into an established<strong> Swiss family business<\/strong> in the container trade. Even in the early years, individual containers were sold in connection with transport operations. However, this area has grown steadily for more than 10 years and is now the central focus of our company.<\/p>\n<p data-start=\"745\" data-end=\"1086\">We have continuously developed our business with great passion and commitment, without losing sight of our roots in freight forwarding and logistics. Kurt Schmied had a significant influence on the company until the ripe old age of 80. His legacy and values live on in our daily activities.<\/p>\n<\/div><\/div><\/div><div id=\"pgc-20186-0-1\"  class=\"panel-grid-cell\" ><div id=\"panel-20186-0-1-0\" class=\"so-panel widget widget_black-studio-tinymce widget_black_studio_tinymce panel-first-child panel-last-child widgetopts-SO\" data-index=\"1\" ><div class=\"textwidget\"><p><img loading=\"lazy\" decoding=\"async\" class=\"aligncenter size-medium wp-image-3656\" src=\"https:\/\/www.kschmied.ch\/wp-content\/uploads\/2019\/08\/Kurt-300x202.jpg\" alt=\"\" width=\"300\" height=\"202\" srcset=\"https:\/\/kschmied.ch\/wp-content\/uploads\/2019\/08\/Kurt-300x202.jpg 300w, https:\/\/kschmied.ch\/wp-content\/uploads\/2019\/08\/Kurt-768x517.jpg 768w, https:\/\/kschmied.ch\/wp-content\/uploads\/2019\/08\/Kurt-500x337.jpg 500w, https:\/\/kschmied.ch\/wp-content\/uploads\/2019\/08\/Kurt-272x182.jpg 272w, https:\/\/kschmied.ch\/wp-content\/uploads\/2019\/08\/Kurt-400x269.jpg 400w, https:\/\/kschmied.ch\/wp-content\/uploads\/2019\/08\/Kurt.jpg 993w\" sizes=\"auto, (max-width: 300px) 100vw, 300px\" \/><\/p>\n<p><img loading=\"lazy\" decoding=\"async\" class=\"aligncenter size-medium wp-image-3666\" src=\"https:\/\/www.kschmied.ch\/wp-content\/uploads\/2019\/08\/KSchmiedAG_1982-300x175.jpg\" alt=\"\" width=\"300\" height=\"175\" srcset=\"https:\/\/kschmied.ch\/wp-content\/uploads\/2019\/08\/KSchmiedAG_1982-300x175.jpg 300w, https:\/\/kschmied.ch\/wp-content\/uploads\/2019\/08\/KSchmiedAG_1982-768x448.jpg 768w, https:\/\/kschmied.ch\/wp-content\/uploads\/2019\/08\/KSchmiedAG_1982-500x292.jpg 500w, https:\/\/kschmied.ch\/wp-content\/uploads\/2019\/08\/KSchmiedAG_1982-400x233.jpg 400w, https:\/\/kschmied.ch\/wp-content\/uploads\/2019\/08\/KSchmiedAG_1982.jpg 1011w\" sizes=\"auto, (max-width: 300px) 100vw, 300px\" \/><\/p>\n<p>&nbsp;<\/p>\n<\/div><\/div><\/div><\/div><div id=\"pg-20186-1\"  class=\"panel-grid panel-has-style\" ><div class=\"panel-row-style panel-row-style-for-20186-1\" ><div id=\"pgc-20186-1-0\"  class=\"panel-grid-cell\" ><div id=\"panel-20186-1-0-0\" class=\"so-panel widget widget_black-studio-tinymce widget_black_studio_tinymce panel-first-child panel-last-child widgetopts-SO\" data-index=\"2\" ><h3 class=\"widget-title\"><span class=\"widget-title__inline\">Our corporate governance<\/span><\/h3><div class=\"textwidget\"><p data-start=\"\u20181490\u2019\" data-end=\"\u20181833\u2019\"><strong>Peter Schmied<\/strong> has been managing the company since 2018. With over 30 years of experience in freight forwarding and logistics, he has successfully initiated and expanded the transition to container trading. He is supported by <strong data-start=\"\u20181699\u2019\" data-end=\"\u20181714\u2019\">Urs Schmied<\/strong>, member of the management board, who is responsible for container trading, supply chain management and finance.<\/p>\n<p data-start=\"\u20181835\u2019\" data-end=\"\u20181991\u2019\">The combination of <strong data-start=\"\u201c1855\u201d\" data-end=\"\u20181897\u2019\">container trading and transport expertise<\/strong> makes us a reliable partner for companies and private customers throughout Switzerland.<\/p>\n<hr data-start=\"1993\" data-end=\"1996\" \/>\n<\/div><\/div><\/div><\/div><\/div><div id=\"pg-20186-2\"  class=\"panel-grid panel-no-style\" ><div id=\"pgc-20186-2-0\"  class=\"panel-grid-cell\" ><div id=\"panel-20186-2-0-0\" class=\"so-panel widget widget_black-studio-tinymce widget_black_studio_tinymce panel-first-child panel-last-child widgetopts-SO\" data-index=\"3\" ><div class=\"textwidget\"><p><span style=\"color: #333333;\"><strong><span style=\"font-size: 14pt; font-family: 'times new roman', times, serif;\"><em>\"The Schmied family \u2013 serving you for over 45 years.\"<\/em><\/span><\/strong><\/span><\/p>\n<\/div><\/div><\/div><\/div><div id=\"pg-20186-3\"  class=\"panel-grid panel-no-style\" ><div id=\"pgc-20186-3-0\"  class=\"panel-grid-cell\" ><div id=\"panel-20186-3-0-0\" class=\"so-panel widget widget_media_image panel-first-child panel-last-child widgetopts-SO\" data-index=\"4\" ><img loading=\"lazy\" decoding=\"async\" width=\"250\" height=\"250\" src=\"https:\/\/kschmied.ch\/wp-content\/uploads\/2024\/10\/Peter.jpg\" class=\"image wp-image-34765  attachment-full size-full\" alt=\"\" style=\"max-width: 100%; height: auto;\" srcset=\"https:\/\/kschmied.ch\/wp-content\/uploads\/2024\/10\/Peter.jpg 250w, https:\/\/kschmied.ch\/wp-content\/uploads\/2024\/10\/Peter-150x150.jpg 150w, https:\/\/kschmied.ch\/wp-content\/uploads\/2024\/10\/Peter-100x100.jpg 100w\" sizes=\"auto, (max-width: 250px) 100vw, 250px\" \/><\/div><\/div><div id=\"pgc-20186-3-1\"  class=\"panel-grid-cell\" ><div id=\"panel-20186-3-1-0\" class=\"so-panel widget widget_text panel-first-child panel-last-child widgetopts-SO\" data-index=\"5\" ><h3 class=\"widget-title\"><span class=\"widget-title__inline\">Peter Schmied<\/span><\/h3>\t\t\t<div class=\"textwidget\"><p>Managing Director<\/p>\n<p>Container Trading, Forwarding, Logistics<\/p>\n<\/div>\n\t\t<\/div><\/div><div id=\"pgc-20186-3-2\"  class=\"panel-grid-cell panel-grid-cell-empty\" ><\/div><div id=\"pgc-20186-3-3\"  class=\"panel-grid-cell\" ><div id=\"panel-20186-3-3-0\" class=\"so-panel widget widget_media_image panel-first-child panel-last-child widgetopts-SO\" data-index=\"6\" ><img loading=\"lazy\" decoding=\"async\" width=\"250\" height=\"245\" src=\"https:\/\/kschmied.ch\/wp-content\/uploads\/2024\/10\/Urs.jpg\" class=\"image wp-image-34777  attachment-full size-full\" alt=\"\" style=\"max-width: 100%; height: auto;\" \/><\/div><\/div><div id=\"pgc-20186-3-4\"  class=\"panel-grid-cell\" ><div id=\"panel-20186-3-4-0\" class=\"so-panel widget widget_text panel-first-child panel-last-child widgetopts-SO\" data-index=\"7\" ><h3 class=\"widget-title\"><span class=\"widget-title__inline\">Urs Schmied<\/span><\/h3>\t\t\t<div class=\"textwidget\"><p>Member of the Executive Board<\/p>\n<p>Container Trading, SCM, Finance<\/p>\n<\/div>\n\t\t<\/div><\/div><\/div><div id=\"pg-20186-4\"  class=\"panel-grid panel-no-style\" ><div id=\"pgc-20186-4-0\"  class=\"panel-grid-cell\" ><div id=\"panel-20186-4-0-0\" class=\"so-panel widget widget_black-studio-tinymce widget_black_studio_tinymce panel-first-child panel-last-child widgetopts-SO\" data-index=\"8\" ><div class=\"textwidget\"><hr data-start=\"1993\" data-end=\"1996\" \/>\n<\/div><\/div><\/div><\/div><div id=\"pg-20186-5\"  class=\"panel-grid panel-no-style\" ><div id=\"pgc-20186-5-0\"  class=\"panel-grid-cell\" ><div id=\"panel-20186-5-0-0\" class=\"so-panel widget widget_text panel-first-child panel-last-child widgetopts-SO\" data-index=\"9\" ><h3 class=\"widget-title\"><span class=\"widget-title__inline\">Our philosophy<\/span><\/h3>\t\t\t<div class=\"textwidget\"><p data-start=\"2023\" data-end=\"2217\">Our aim is to offer <strong data-start=\"2046\" data-end=\"2080\">reliable container solutions<\/strong> with a comprehensive service &#8211; from advice on sales or rental through to delivery and optional unloading.<\/p>\n<p data-start=\"2219\" data-end=\"2540\">Thanks to long-standing partnerships, we can supply almost all types of containers &#8211; from standard sea containers and storage containers to individually modified special containers. We also remain active in logistics and also offer international transportation, customs clearance, insurance and packaging. <\/p>\n<p data-start=\"2542\" data-end=\"2786\">What sets us apart is our combination of <strong data-start=\"2587\" data-end=\"2629\">tradition, expertise and flexibility<\/strong>. We consistently adapt our services to the needs of our customers &#8211; whether it&#8217;s the purchase of a single container or complex projects. <\/p>\n<hr data-start=\"1993\" data-end=\"1996\">\n<\/div>\n\t\t<\/div><\/div><\/div><div id=\"pg-20186-6\"  class=\"panel-grid panel-no-style\" ><div id=\"pgc-20186-6-0\"  class=\"panel-grid-cell\" ><div id=\"panel-20186-6-0-0\" class=\"so-panel widget widget_text panel-first-child panel-last-child widgetopts-SO\" data-index=\"10\" ><h3 class=\"widget-title\"><span class=\"widget-title__inline\">Our core competencies<\/span><\/h3>\t\t\t<div class=\"textwidget\"><\/div>\n\t\t<\/div><\/div><\/div><div id=\"pg-20186-7\"  class=\"panel-grid panel-has-style\" ><div class=\"panel-row-style panel-row-style-for-20186-7\" ><div id=\"pgc-20186-7-0\"  class=\"panel-grid-cell\" ><div id=\"panel-20186-7-0-0\" class=\"so-panel widget widget_black-studio-tinymce widget_black_studio_tinymce panel-first-child panel-last-child widgetopts-SO\" data-index=\"11\" ><div class=\"textwidget\"><p><strong>CONTAINERS:<\/strong><\/p>\n<p>We offer a wide range of sea containers for sale or rental \u2013 reliable, transparent and deliverable throughout Switzerland:<\/p>\n<ul>\n<li>\n<p><strong>New containers in all sizes<\/strong> (10\u2019, 20\u2019, 40\u2019, 45\u2019) \u2013 directly from a Swiss terminal or imported on request.<\/p>\n<\/li>\n<li>\n<p><strong>Used containers in the common sizes<\/strong> 20\u2019 and 40\u2019 \u2013 in inspected quality, available in two condition grades.<\/p>\n<\/li>\n<li>\n<p><strong>Wide variety of container types<\/strong>: Standard, High Cube, Double Door, Open Top, Side Door, Flat Rack and more.<\/p>\n<\/li>\n<li>\n<p><strong>Storage containers &amp; special solutions<\/strong>: quickly available, also suitable for private use.<\/p>\n<\/li>\n<li>\n<p><strong>Custom modifications<\/strong>: repainting, lettering, cut-outs, ramps, doors or special conversions.<\/p>\n<\/li>\n<li>\n<p><strong>Flexible delivery<\/strong> throughout Switzerland &amp; Liechtenstein \u2013 optionally incl. crane unloading (small or large crane, depending on the site).<\/p>\n<\/li>\n<\/ul>\n<\/div><\/div><\/div><div id=\"pgc-20186-7-1\"  class=\"panel-grid-cell\" ><div id=\"panel-20186-7-1-0\" class=\"so-panel widget widget_black-studio-tinymce widget_black_studio_tinymce panel-first-child panel-last-child widgetopts-SO\" data-index=\"12\" ><div class=\"textwidget\"><p><strong>TRANSPORT &amp; LOGISTICS:<\/strong><\/p>\n<p>In addition to our core business of container trading, we offer proven transport and logistics solutions for business customers. With decades of forwarding experience, we organise international shipments of commercial goods \u2013 reliable, efficient and customer-focused.<\/p>\n<ul>\n<li>\n<p>International transport of commercial goods (B2B) by sea, air and road<\/p>\n<\/li>\n<li>\n<p>Less-than-container load (LCL), full-container load (FCL), project cargo (oversized)<\/p>\n<\/li>\n<li>\n<p>Supply chain management for SMEs<\/p>\n<\/li>\n<li>\n<p>Additional services: customs clearance, insurance, packaging<\/p>\n<\/li>\n<\/ul>\n<p>\n  <a href=\"https:\/\/kschmied.ch\/wp-content\/uploads\/2016\/03\/Kreis-flexibel-zuverl\u00e4ssig-termingerecht-...jpg\"><br \/>\n    <img loading=\"lazy\" decoding=\"async\" class=\"wp-image-697 aligncenter\" src=\"https:\/\/kschmied.ch\/wp-content\/uploads\/2016\/03\/Kreis-flexibel-zuverl\u00e4ssig-termingerecht-..-300x300.jpg\" alt=\"flexible \u2013 reliable \u2013 on time\" width=\"162\" height=\"162\" srcset=\"https:\/\/kschmied.ch\/wp-content\/uploads\/2016\/03\/Kreis-flexibel-zuverl\u00e4ssig-termingerecht-..-300x300.jpg 300w, https:\/\/kschmied.ch\/wp-content\/uploads\/2016\/03\/Kreis-flexibel-zuverl\u00e4ssig-termingerecht-..-150x150.jpg 150w, https:\/\/kschmied.ch\/wp-content\/uploads\/2016\/03\/Kreis-flexibel-zuverl\u00e4ssig-termingerecht-..-100x100.jpg 100w, https:\/\/kschmied.ch\/wp-content\/uploads\/2016\/03\/Kreis-flexibel-zuverl\u00e4ssig-termingerecht-...jpg 378w\" sizes=\"auto, (max-width: 162px) 100vw, 162px\" \/><br \/>\n  <\/a><\/p>\n<\/div><\/div><\/div><\/div><\/div><\/div>","protected":false},"excerpt":{"rendered":"<p>K. Schmied AG has been a Swiss family business for container trading and international B2B forwarding for over 45 years. With experience, fair prices and worldwide logistics expertise, we offer reliable solutions for containers and transportation. <\/p>\n","protected":false},"author":1,"featured_media":1913,"parent":0,"menu_order":10,"comment_status":"closed","ping_status":"closed","template":"","meta":{"_acf_changed":false,"footnotes":""},"class_list":["post-20186","page","type-page","status-publish","has-post-thumbnail","hentry"],"acf":[],"yoast_head":"<!-- This site is optimized with the Yoast SEO Premium plugin v27.4 (Yoast SEO v27.4) - https:\/\/yoast.com\/product\/yoast-seo-premium-wordpress\/ -->\n<title>CONTAINER &amp; FORWARDING - SINCE 1979 - K. Schmied AG \u2013 Containers &amp; Shipping Switzerland<\/title>\n<meta name=\"description\" content=\"K. SCHMIED AG - Container Trading and Forwarding Switzerland since 1979, your family business for new and used containers, modifications and international transportation of commercial goods (B2B).\" \/>\n<meta name=\"robots\" content=\"index, follow, max-snippet:-1, max-image-preview:large, max-video-preview:-1\" \/>\n<link rel=\"canonical\" href=\"https:\/\/kschmied.ch\/en\/company\/\" \/>\n<meta property=\"og:locale\" content=\"en_US\" \/>\n<meta property=\"og:type\" content=\"article\" \/>\n<meta property=\"og:title\" content=\"K. SCHMIED AG \u2013 Containerverkauf Schweiz\" \/>\n<meta property=\"og:description\" content=\"Ihr Partner f\u00fcr Seecontainer und Lagercontainer in der Schweiz \u2013 zum Kauf oder zur Miete, mit optionalem Kranablade-Service.\" \/>\n<meta property=\"og:url\" content=\"https:\/\/kschmied.ch\/en\/company\/\" \/>\n<meta property=\"og:site_name\" content=\"K. Schmied AG \u2013 Containers &amp; Shipping Switzerland\" \/>\n<meta property=\"article:modified_time\" content=\"2025-10-30T20:41:18+00:00\" \/>\n<meta property=\"og:image\" content=\"https:\/\/kschmied.ch\/wp-content\/uploads\/2015\/05\/Depositphotos_8135928_m.jpg\" \/>\n\t<meta property=\"og:image:width\" content=\"1210\" \/>\n\t<meta property=\"og:image:height\" content=\"1653\" \/>\n\t<meta property=\"og:image:type\" content=\"image\/jpeg\" \/>\n<meta name=\"twitter:card\" content=\"summary_large_image\" \/>\n<meta name=\"twitter:label1\" content=\"Est. reading time\" \/>\n\t<meta name=\"twitter:data1\" content=\"4 minutes\" \/>\n<!-- \/ Yoast SEO Premium plugin. -->","yoast_head_json":{"title":"CONTAINER &amp; FORWARDING - SINCE 1979 - K. Schmied AG \u2013 Containers &amp; Shipping Switzerland","description":"K. SCHMIED AG - Container Trading and Forwarding Switzerland since 1979, your family business for new and used containers, modifications and international transportation of commercial goods (B2B).","robots":{"index":"index","follow":"follow","max-snippet":"max-snippet:-1","max-image-preview":"max-image-preview:large","max-video-preview":"max-video-preview:-1"},"canonical":"https:\/\/kschmied.ch\/en\/company\/","og_locale":"en_US","og_type":"article","og_title":"K. SCHMIED AG \u2013 Containerverkauf Schweiz","og_description":"Ihr Partner f\u00fcr Seecontainer und Lagercontainer in der Schweiz \u2013 zum Kauf oder zur Miete, mit optionalem Kranablade-Service.","og_url":"https:\/\/kschmied.ch\/en\/company\/","og_site_name":"K. Schmied AG \u2013 Containers &amp; Shipping Switzerland","article_modified_time":"2025-10-30T20:41:18+00:00","og_image":[{"width":1210,"height":1653,"url":"https:\/\/kschmied.ch\/wp-content\/uploads\/2015\/05\/Depositphotos_8135928_m.jpg","type":"image\/jpeg"}],"twitter_card":"summary_large_image","twitter_misc":{"Est. reading time":"4 minutes"},"schema":{"@context":"https:\/\/schema.org","@graph":[{"@type":"WebPage","@id":"https:\/\/kschmied.ch\/en\/company\/","url":"https:\/\/kschmied.ch\/en\/company\/","name":"CONTAINER &amp; FORWARDING - SINCE 1979 - K. Schmied AG \u2013 Containers &amp; Shipping Switzerland","isPartOf":{"@id":"https:\/\/kschmied.ch\/en\/#website"},"primaryImageOfPage":{"@id":"https:\/\/kschmied.ch\/en\/company\/#primaryimage"},"image":{"@id":"https:\/\/kschmied.ch\/en\/company\/#primaryimage"},"thumbnailUrl":"https:\/\/kschmied.ch\/wp-content\/uploads\/2015\/05\/Depositphotos_8135928_m.jpg","datePublished":"2020-07-03T14:59:34+00:00","dateModified":"2025-10-30T20:41:18+00:00","description":"K. SCHMIED AG - Container Trading and Forwarding Switzerland since 1979, your family business for new and used containers, modifications and international transportation of commercial goods (B2B).","breadcrumb":{"@id":"https:\/\/kschmied.ch\/en\/company\/#breadcrumb"},"inLanguage":"en-US","potentialAction":[{"@type":"ReadAction","target":["https:\/\/kschmied.ch\/en\/company\/"]}]},{"@type":"ImageObject","inLanguage":"en-US","@id":"https:\/\/kschmied.ch\/en\/company\/#primaryimage","url":"https:\/\/kschmied.ch\/wp-content\/uploads\/2015\/05\/Depositphotos_8135928_m.jpg","contentUrl":"https:\/\/kschmied.ch\/wp-content\/uploads\/2015\/05\/Depositphotos_8135928_m.jpg","width":1210,"height":1653},{"@type":"BreadcrumbList","@id":"https:\/\/kschmied.ch\/en\/company\/#breadcrumb","itemListElement":[{"@type":"ListItem","position":1,"name":"Accueil","item":"https:\/\/kschmied.ch\/en\/"},{"@type":"ListItem","position":2,"name":"CONTAINER &amp; FORWARDING &#8211; SINCE 1979"}]},{"@type":"WebSite","@id":"https:\/\/kschmied.ch\/en\/#website","url":"https:\/\/kschmied.ch\/en\/","name":"K. SCHMIED AG","description":"Swiss container trading &amp; shipping since 1979","publisher":{"@id":"https:\/\/kschmied.ch\/en\/#organization"},"alternateName":"K. SCHMIED AG","potentialAction":[{"@type":"SearchAction","target":{"@type":"EntryPoint","urlTemplate":"https:\/\/kschmied.ch\/en\/?s={search_term_string}"},"query-input":{"@type":"PropertyValueSpecification","valueRequired":true,"valueName":"search_term_string"}}],"inLanguage":"en-US"},{"@type":"Organization","@id":"https:\/\/kschmied.ch\/en\/#organization","name":"K. SCHMIED AG","alternateName":"K. SCHMIED AG","url":"https:\/\/kschmied.ch\/en\/","logo":{"@type":"ImageObject","inLanguage":"en-US","@id":"https:\/\/kschmied.ch\/en\/#\/schema\/logo\/image\/","url":"https:\/\/kschmied.ch\/wp-content\/uploads\/2020\/07\/LOGO-gross.jpg","contentUrl":"https:\/\/kschmied.ch\/wp-content\/uploads\/2020\/07\/LOGO-gross.jpg","width":770,"height":240,"caption":"K. SCHMIED AG"},"image":{"@id":"https:\/\/kschmied.ch\/en\/#\/schema\/logo\/image\/"},"sameAs":["https:\/\/ch.linkedin.com\/company\/k-schmied-ag"],"description":"K. SCHMIED AG ist ein f\u00fchrendes Unternehmen im Bereich Containerverkauf und -vermietung in der Schweiz. Mit langj\u00e4hriger Erfahrung bieten wir unseren Kunden robuste, langlebige Seecontainer, Lagercontainer und Schnellbaucontainer in verschiedenen Gr\u00f6\u00dfen und Ausf\u00fchrungen. Unser Service umfasst auch Transportl\u00f6sungen, ma\u00dfgeschneiderte Containeranforderungen und weltweiten Versand. Qualit\u00e4t, Kundenzufriedenheit und Zuverl\u00e4ssigkeit stehen bei uns an erster Stelle.","email":"info@kschmied.ch","telephone":"041 811 30 03","legalName":"K. SCHMIED internat. Transporte & Handels AG","foundingDate":"1979-01-01","vatID":"CHE-107.962.018 MWST","taxID":"CHE-107.962.018 MWST","numberOfEmployees":{"@type":"QuantitativeValue","minValue":"1","maxValue":"10"}}]}},"_links":{"self":[{"href":"https:\/\/kschmied.ch\/en\/wp-json\/wp\/v2\/pages\/20186","targetHints":{"allow":["GET"]}}],"collection":[{"href":"https:\/\/kschmied.ch\/en\/wp-json\/wp\/v2\/pages"}],"about":[{"href":"https:\/\/kschmied.ch\/en\/wp-json\/wp\/v2\/types\/page"}],"author":[{"embeddable":true,"href":"https:\/\/kschmied.ch\/en\/wp-json\/wp\/v2\/users\/1"}],"replies":[{"embeddable":true,"href":"https:\/\/kschmied.ch\/en\/wp-json\/wp\/v2\/comments?post=20186"}],"version-history":[{"count":0,"href":"https:\/\/kschmied.ch\/en\/wp-json\/wp\/v2\/pages\/20186\/revisions"}],"wp:featuredmedia":[{"embeddable":true,"href":"https:\/\/kschmied.ch\/en\/wp-json\/wp\/v2\/media\/1913"}],"wp:attachment":[{"href":"https:\/\/kschmied.ch\/en\/wp-json\/wp\/v2\/media?parent=20186"}],"curies":[{"name":"wp","href":"https:\/\/api.w.org\/{rel}","templated":true}]}}