{"id":20185,"date":"2020-07-03T16:51:47","date_gmt":"2020-07-03T14:51:47","guid":{"rendered":"https:\/\/www.kschmied.ch\/our-mission\/"},"modified":"2025-10-14T20:42:41","modified_gmt":"2025-10-14T18:42:41","slug":"our-mission","status":"publish","type":"page","link":"https:\/\/kschmied.ch\/en\/our-mission\/","title":{"rendered":"Our mission"},"content":{"rendered":"<div id=\"pl-20185\"  class=\"panel-layout\" ><div id=\"pg-20185-0\"  class=\"panel-grid panel-no-style\" ><div id=\"pgc-20185-0-0\"  class=\"panel-grid-cell\" ><div id=\"panel-20185-0-0-0\" class=\"so-panel widget widget_black-studio-tinymce widget_black_studio_tinymce panel-first-child panel-last-child widgetopts-SO\" data-index=\"0\" ><h3 class=\"widget-title\"><span class=\"widget-title__inline\">UNSERE WERTE<\/span><\/h3><div class=\"textwidget\"><p><strong>Schnell und unkompliziert<\/strong> auf neue Anforderungen und Kundenw\u00fcnsche mit marktgerechten Preisen zu reagieren, ist heute mehr denn je ein Muss. Mit einem eingespielten Team sowie einem verl\u00e4sslichen Partnernetzwerk minimieren wir Lauf- und Reaktionszeiten. Wir bieten <strong>massgeschneiderte L\u00f6sungen<\/strong> im <strong>Containerhandel<\/strong> sowie in <strong>Transport und Logistik<\/strong> f\u00fcr Ihren weltweiten Markterfolg.<\/p>\n<\/div><\/div><\/div><div id=\"pgc-20185-0-1\"  class=\"panel-grid-cell\" ><div id=\"panel-20185-0-1-0\" class=\"so-panel widget widget_black-studio-tinymce widget_black_studio_tinymce panel-first-child panel-last-child\" data-index=\"1\" ><div class=\"textwidget\"><p><a href=\"https:\/\/www.kschmied.ch\/wp-content\/uploads\/2016\/03\/Kreis-flexibel-zuverl\u00e4ssig-termingerecht-...jpg\"><img loading=\"lazy\" decoding=\"async\" class=\"aligncenter wp-image-697\" src=\"https:\/\/www.kschmied.ch\/wp-content\/uploads\/2016\/03\/Kreis-flexibel-zuverl\u00e4ssig-termingerecht-..-300x300.jpg\" alt=\"\" width=\"227\" height=\"227\" srcset=\"https:\/\/kschmied.ch\/wp-content\/uploads\/2016\/03\/Kreis-flexibel-zuverl\u00e4ssig-termingerecht-..-300x300.jpg 300w, https:\/\/kschmied.ch\/wp-content\/uploads\/2016\/03\/Kreis-flexibel-zuverl\u00e4ssig-termingerecht-..-150x150.jpg 150w, https:\/\/kschmied.ch\/wp-content\/uploads\/2016\/03\/Kreis-flexibel-zuverl\u00e4ssig-termingerecht-..-100x100.jpg 100w, https:\/\/kschmied.ch\/wp-content\/uploads\/2016\/03\/Kreis-flexibel-zuverl\u00e4ssig-termingerecht-...jpg 378w\" sizes=\"auto, (max-width: 227px) 100vw, 227px\" \/><\/a><\/p>\n<\/div><\/div><\/div><\/div><div id=\"pg-20185-1\"  class=\"panel-grid panel-has-style\" ><div class=\"panel-row-style panel-row-style-for-20185-1\" ><div id=\"pgc-20185-1-0\"  class=\"panel-grid-cell\" ><div id=\"panel-20185-1-0-0\" class=\"so-panel widget widget_black-studio-tinymce widget_black_studio_tinymce panel-first-child panel-last-child\" data-index=\"2\" ><div class=\"panel-widget-style panel-widget-style-for-20185-1-0-0\" ><div class=\"textwidget\"><\/div><\/div><\/div><\/div><\/div><\/div><div id=\"pg-20185-2\"  class=\"panel-grid panel-no-style\" ><div id=\"pgc-20185-2-0\"  class=\"panel-grid-cell\" ><div id=\"panel-20185-2-0-0\" class=\"so-panel widget widget_black-studio-tinymce widget_black_studio_tinymce panel-first-child panel-last-child widgetopts-SO\" data-index=\"3\" ><div class=\"textwidget\"><h4>Zuverl\u00e4ssig \u2013 weil jeder Auftrag wichtig ist<\/h4>\nZuverl\u00e4ssigkeit steht bei uns an erster Stelle. Ihre Projekte sind bei uns in besten H\u00e4nden und werden von uns \u00fcberwacht, damit sie ihr Ziel wie gew\u00fcnscht erreichen. Wir b\u00fcndeln die St\u00e4rken der Besten und ersetzen falls n\u00f6tig leistungsschw\u00e4chere durch leistungsst\u00e4rkere Partner, um Ihnen den bestm\u00f6glichen Service im Containerhandel und in der Logistik zu bieten.<\/div><\/div><\/div><div id=\"pgc-20185-2-1\"  class=\"panel-grid-cell\" ><div id=\"panel-20185-2-1-0\" class=\"so-panel widget widget_black-studio-tinymce widget_black_studio_tinymce panel-first-child panel-last-child\" data-index=\"4\" ><div class=\"textwidget\"><p><a href=\"https:\/\/www.kschmied.ch\/wp-content\/uploads\/2019\/09\/Zuverlaessig.jpg\"><img loading=\"lazy\" decoding=\"async\" class=\"aligncenter  wp-image-4984\" src=\"https:\/\/www.kschmied.ch\/wp-content\/uploads\/2019\/09\/Zuverlaessig-300x200.jpg\" alt=\"\" width=\"266\" height=\"177\" srcset=\"https:\/\/kschmied.ch\/wp-content\/uploads\/2019\/09\/Zuverlaessig.jpg 300w, https:\/\/kschmied.ch\/wp-content\/uploads\/2019\/09\/Zuverlaessig-272x182.jpg 272w\" sizes=\"auto, (max-width: 266px) 100vw, 266px\" \/><\/a><\/p>\n<\/div><\/div><\/div><\/div><div id=\"pg-20185-3\"  class=\"panel-grid panel-has-style\" ><div class=\"panel-row-style panel-row-style-for-20185-3\" ><div id=\"pgc-20185-3-0\"  class=\"panel-grid-cell\" ><div id=\"panel-20185-3-0-0\" class=\"so-panel widget widget_black-studio-tinymce widget_black_studio_tinymce panel-first-child panel-last-child\" data-index=\"5\" ><div class=\"panel-widget-style panel-widget-style-for-20185-3-0-0\" ><div class=\"textwidget\"><\/div><\/div><\/div><\/div><\/div><\/div><div id=\"pg-20185-4\"  class=\"panel-grid panel-no-style\" ><div id=\"pgc-20185-4-0\"  class=\"panel-grid-cell\" ><div id=\"panel-20185-4-0-0\" class=\"so-panel widget widget_black-studio-tinymce widget_black_studio_tinymce panel-first-child panel-last-child widgetopts-SO\" data-index=\"6\" ><div class=\"textwidget\"><h4>PREISBEWUSST - weil auch Sie konkurrenzf\u00e4hig bleiben m\u00fcssen<\/h4>\nDurch unsere Partnerschaften und Beziehungen zu verschiedenen Anbietern im Containerhandel und in der Logistik sind wir in der Lage, unseren Kunden attraktive Konditionen und die f\u00fcr sie idealsten L\u00f6sungen anzubieten.\n\n&nbsp;<\/div><\/div><\/div><div id=\"pgc-20185-4-1\"  class=\"panel-grid-cell\" ><div id=\"panel-20185-4-1-0\" class=\"so-panel widget widget_black-studio-tinymce widget_black_studio_tinymce panel-first-child panel-last-child\" data-index=\"7\" ><div class=\"textwidget\"><p><a href=\"https:\/\/www.kschmied.ch\/wp-content\/uploads\/2019\/09\/Preisbewusst.jpg\"><img loading=\"lazy\" decoding=\"async\" class=\"aligncenter wp-image-4980\" src=\"https:\/\/www.kschmied.ch\/wp-content\/uploads\/2019\/09\/Preisbewusst-300x200.jpg\" alt=\"\" width=\"266\" height=\"177\" srcset=\"https:\/\/kschmied.ch\/wp-content\/uploads\/2019\/09\/Preisbewusst.jpg 300w, https:\/\/kschmied.ch\/wp-content\/uploads\/2019\/09\/Preisbewusst-272x182.jpg 272w\" sizes=\"auto, (max-width: 266px) 100vw, 266px\" \/><\/a><\/p>\n<\/div><\/div><\/div><\/div><div id=\"pg-20185-5\"  class=\"panel-grid panel-has-style\" ><div class=\"panel-row-style panel-row-style-for-20185-5\" ><div id=\"pgc-20185-5-0\"  class=\"panel-grid-cell\" ><div id=\"panel-20185-5-0-0\" class=\"so-panel widget widget_black-studio-tinymce widget_black_studio_tinymce panel-first-child panel-last-child\" data-index=\"8\" ><div class=\"panel-widget-style panel-widget-style-for-20185-5-0-0\" ><div class=\"textwidget\"><\/div><\/div><\/div><\/div><\/div><\/div><div id=\"pg-20185-6\"  class=\"panel-grid panel-no-style\" ><div id=\"pgc-20185-6-0\"  class=\"panel-grid-cell\" ><div id=\"panel-20185-6-0-0\" class=\"so-panel widget widget_black-studio-tinymce widget_black_studio_tinymce panel-first-child panel-last-child widgetopts-SO\" data-index=\"9\" ><div class=\"textwidget\"><h4>TERMINGERECHT - weil Zeitpl\u00e4ne immer enger sind<\/h4>\nP\u00fcnktliche Lieferungen werden immer wichtiger. Sie erm\u00f6glichen die Reduktion von Lagerbest\u00e4nden und minimieren Lagerkosten. Ob im Containerhandel oder bei Transporten \u2013 wir helfen Ihnen dabei, Ihre Waren zur richtigen Zeit, in der richtigen Menge und am richtigen Ort zu haben.<\/div><\/div><\/div><div id=\"pgc-20185-6-1\"  class=\"panel-grid-cell\" ><div id=\"panel-20185-6-1-0\" class=\"so-panel widget widget_black-studio-tinymce widget_black_studio_tinymce panel-first-child panel-last-child\" data-index=\"10\" ><div class=\"textwidget\"><p><a href=\"https:\/\/www.kschmied.ch\/wp-content\/uploads\/2019\/09\/Termingerecht.jpg\"><img loading=\"lazy\" decoding=\"async\" class=\"aligncenter  wp-image-4982\" src=\"https:\/\/www.kschmied.ch\/wp-content\/uploads\/2019\/09\/Termingerecht-300x200.jpg\" alt=\"\" width=\"266\" height=\"177\" srcset=\"https:\/\/kschmied.ch\/wp-content\/uploads\/2019\/09\/Termingerecht.jpg 300w, https:\/\/kschmied.ch\/wp-content\/uploads\/2019\/09\/Termingerecht-272x182.jpg 272w\" sizes=\"auto, (max-width: 266px) 100vw, 266px\" \/><\/a><\/p>\n<\/div><\/div><\/div><\/div><div id=\"pg-20185-7\"  class=\"panel-grid panel-has-style\" ><div class=\"panel-row-style panel-row-style-for-20185-7\" ><div id=\"pgc-20185-7-0\"  class=\"panel-grid-cell\" ><div id=\"panel-20185-7-0-0\" class=\"so-panel widget widget_black-studio-tinymce widget_black_studio_tinymce panel-first-child panel-last-child\" data-index=\"11\" ><div class=\"panel-widget-style panel-widget-style-for-20185-7-0-0\" ><div class=\"textwidget\"><\/div><\/div><\/div><\/div><\/div><\/div><div id=\"pg-20185-8\"  class=\"panel-grid panel-no-style\" ><div id=\"pgc-20185-8-0\"  class=\"panel-grid-cell\" ><div id=\"panel-20185-8-0-0\" class=\"so-panel widget widget_black-studio-tinymce widget_black_studio_tinymce panel-first-child panel-last-child widgetopts-SO\" data-index=\"12\" ><div class=\"textwidget\"><h4>FLEXIBEL - weil Pl\u00e4ne auch schnell \u00e4ndern k\u00f6nnen<\/h4>\nEin langj\u00e4hrig etabliertes und erfahrenes Netzwerk erm\u00f6glicht es uns, schnell und flexibel auf unerwartete \u00c4nderungen zu reagieren. Selbst Grossprojekte mit zahlreichen Containern, komplette Luftfrachtcharter oder eine gro\u00dfe Anzahl an LKWs sind trotz unserer geringen Gr\u00f6sse keine Herausforderung mehr.<\/div><\/div><\/div><div id=\"pgc-20185-8-1\"  class=\"panel-grid-cell\" ><div id=\"panel-20185-8-1-0\" class=\"so-panel widget widget_black-studio-tinymce widget_black_studio_tinymce panel-first-child panel-last-child\" data-index=\"13\" ><div class=\"textwidget\"><p><a href=\"https:\/\/www.kschmied.ch\/wp-content\/uploads\/2019\/09\/Flexibel.jpg\"><img loading=\"lazy\" decoding=\"async\" class=\"aligncenter  wp-image-4976\" src=\"https:\/\/www.kschmied.ch\/wp-content\/uploads\/2019\/09\/Flexibel-300x200.jpg\" alt=\"\" width=\"266\" height=\"177\" srcset=\"https:\/\/kschmied.ch\/wp-content\/uploads\/2019\/09\/Flexibel.jpg 300w, https:\/\/kschmied.ch\/wp-content\/uploads\/2019\/09\/Flexibel-272x182.jpg 272w\" sizes=\"auto, (max-width: 266px) 100vw, 266px\" \/><\/a><\/p>\n<\/div><\/div><\/div><\/div><\/div>","protected":false},"excerpt":{"rendered":"<p>Schnell und unkompliziert auf neue Anforderungen und Kundenw\u00fcnsche mit marktgerechten Preisen zu reagieren, ist heute mehr denn je ein Muss. Mit einem eingespielten Team sowie einem verl\u00e4sslichen Partnernetzwerk minimieren wir Lauf- und Reaktionszeiten. Wir bieten massgeschneiderte L\u00f6sungen im Containerhandel sowie in Transport und Logistik f\u00fcr Ihren weltweiten Markterfolg.<\/p>\n","protected":false},"author":1,"featured_media":0,"parent":0,"menu_order":9,"comment_status":"closed","ping_status":"closed","template":"","meta":{"_acf_changed":false,"footnotes":""},"class_list":["post-20185","page","type-page","status-publish","hentry"],"acf":[],"yoast_head":"<!-- This site is optimized with the Yoast SEO Premium plugin v27.4 (Yoast SEO v27.4) - https:\/\/yoast.com\/product\/yoast-seo-premium-wordpress\/ -->\n<title>Our mission - K. Schmied AG \u2013 Containers &amp; Shipping Switzerland<\/title>\n<meta name=\"description\" content=\"Entdecken Sie hochwertige Seecontainer, Lagercontainer und Schnellbaucontainer zum Kauf oder zur Miete in der Schweiz. Erfahren Sie mehr \u00fcber die verf\u00fcgbaren Gr\u00f6\u00dfen, Ausf\u00fchrungen und Preise. Kontaktieren Sie uns f\u00fcr eine kostenlose Anfrage!\" \/>\n<meta name=\"robots\" content=\"index, follow, max-snippet:-1, max-image-preview:large, max-video-preview:-1\" \/>\n<link rel=\"canonical\" href=\"https:\/\/kschmied.ch\/en\/our-mission\/\" \/>\n<meta property=\"og:locale\" content=\"en_US\" \/>\n<meta property=\"og:type\" content=\"article\" \/>\n<meta property=\"og:title\" content=\"K. SCHMIED AG \u2013 Containerverkauf Schweiz\" \/>\n<meta property=\"og:description\" content=\"Ihr Partner f\u00fcr Seecontainer und Lagercontainer in der Schweiz \u2013 zum Kauf oder zur Miete, mit optionalem Kranablade-Service.\" \/>\n<meta property=\"og:url\" content=\"https:\/\/kschmied.ch\/en\/our-mission\/\" \/>\n<meta property=\"og:site_name\" content=\"K. Schmied AG \u2013 Containers &amp; Shipping Switzerland\" \/>\n<meta property=\"article:modified_time\" content=\"2025-10-14T18:42:41+00:00\" \/>\n<meta property=\"og:image\" content=\"https:\/\/kschmied.ch\/wp-content\/uploads\/2016\/03\/Kreis-flexibel-zuverl\u00e4ssig-termingerecht-...jpg\" \/>\n\t<meta property=\"og:image:width\" content=\"378\" \/>\n\t<meta property=\"og:image:height\" content=\"378\" \/>\n\t<meta property=\"og:image:type\" content=\"image\/jpeg\" \/>\n<meta name=\"twitter:card\" content=\"summary_large_image\" \/>\n<meta name=\"twitter:label1\" content=\"Est. reading time\" \/>\n\t<meta name=\"twitter:data1\" content=\"1 minute\" \/>\n<!-- \/ Yoast SEO Premium plugin. -->","yoast_head_json":{"title":"Our mission - K. Schmied AG \u2013 Containers &amp; Shipping Switzerland","description":"Entdecken Sie hochwertige Seecontainer, Lagercontainer und Schnellbaucontainer zum Kauf oder zur Miete in der Schweiz. Erfahren Sie mehr \u00fcber die verf\u00fcgbaren Gr\u00f6\u00dfen, Ausf\u00fchrungen und Preise. Kontaktieren Sie uns f\u00fcr eine kostenlose Anfrage!","robots":{"index":"index","follow":"follow","max-snippet":"max-snippet:-1","max-image-preview":"max-image-preview:large","max-video-preview":"max-video-preview:-1"},"canonical":"https:\/\/kschmied.ch\/en\/our-mission\/","og_locale":"en_US","og_type":"article","og_title":"K. SCHMIED AG \u2013 Containerverkauf Schweiz","og_description":"Ihr Partner f\u00fcr Seecontainer und Lagercontainer in der Schweiz \u2013 zum Kauf oder zur Miete, mit optionalem Kranablade-Service.","og_url":"https:\/\/kschmied.ch\/en\/our-mission\/","og_site_name":"K. Schmied AG \u2013 Containers &amp; Shipping Switzerland","article_modified_time":"2025-10-14T18:42:41+00:00","og_image":[{"width":378,"height":378,"url":"https:\/\/kschmied.ch\/wp-content\/uploads\/2016\/03\/Kreis-flexibel-zuverl\u00e4ssig-termingerecht-...jpg","type":"image\/jpeg"}],"twitter_card":"summary_large_image","twitter_misc":{"Est. reading time":"1 minute"},"schema":{"@context":"https:\/\/schema.org","@graph":[{"@type":"WebPage","@id":"https:\/\/kschmied.ch\/en\/our-mission\/","url":"https:\/\/kschmied.ch\/en\/our-mission\/","name":"Our mission - K. Schmied AG \u2013 Containers &amp; Shipping Switzerland","isPartOf":{"@id":"https:\/\/kschmied.ch\/en\/#website"},"primaryImageOfPage":{"@id":"https:\/\/kschmied.ch\/en\/our-mission\/#primaryimage"},"image":{"@id":"https:\/\/kschmied.ch\/en\/our-mission\/#primaryimage"},"thumbnailUrl":"https:\/\/www.kschmied.ch\/wp-content\/uploads\/2019\/09\/Zuverlaessig-300x200.jpg","datePublished":"2020-07-03T14:51:47+00:00","dateModified":"2025-10-14T18:42:41+00:00","description":"Entdecken Sie hochwertige Seecontainer, Lagercontainer und Schnellbaucontainer zum Kauf oder zur Miete in der Schweiz. Erfahren Sie mehr \u00fcber die verf\u00fcgbaren Gr\u00f6\u00dfen, Ausf\u00fchrungen und Preise. Kontaktieren Sie uns f\u00fcr eine kostenlose Anfrage!","breadcrumb":{"@id":"https:\/\/kschmied.ch\/en\/our-mission\/#breadcrumb"},"inLanguage":"en-US","potentialAction":[{"@type":"ReadAction","target":["https:\/\/kschmied.ch\/en\/our-mission\/"]}]},{"@type":"ImageObject","inLanguage":"en-US","@id":"https:\/\/kschmied.ch\/en\/our-mission\/#primaryimage","url":"https:\/\/www.kschmied.ch\/wp-content\/uploads\/2019\/09\/Zuverlaessig-300x200.jpg","contentUrl":"https:\/\/www.kschmied.ch\/wp-content\/uploads\/2019\/09\/Zuverlaessig-300x200.jpg"},{"@type":"BreadcrumbList","@id":"https:\/\/kschmied.ch\/en\/our-mission\/#breadcrumb","itemListElement":[{"@type":"ListItem","position":1,"name":"Accueil","item":"https:\/\/kschmied.ch\/en\/"},{"@type":"ListItem","position":2,"name":"Our mission"}]},{"@type":"WebSite","@id":"https:\/\/kschmied.ch\/en\/#website","url":"https:\/\/kschmied.ch\/en\/","name":"K. SCHMIED AG","description":"Swiss container trading &amp; shipping since 1979","publisher":{"@id":"https:\/\/kschmied.ch\/en\/#organization"},"alternateName":"K. SCHMIED AG","potentialAction":[{"@type":"SearchAction","target":{"@type":"EntryPoint","urlTemplate":"https:\/\/kschmied.ch\/en\/?s={search_term_string}"},"query-input":{"@type":"PropertyValueSpecification","valueRequired":true,"valueName":"search_term_string"}}],"inLanguage":"en-US"},{"@type":"Organization","@id":"https:\/\/kschmied.ch\/en\/#organization","name":"K. SCHMIED AG","alternateName":"K. SCHMIED AG","url":"https:\/\/kschmied.ch\/en\/","logo":{"@type":"ImageObject","inLanguage":"en-US","@id":"https:\/\/kschmied.ch\/en\/#\/schema\/logo\/image\/","url":"https:\/\/kschmied.ch\/wp-content\/uploads\/2020\/07\/LOGO-gross.jpg","contentUrl":"https:\/\/kschmied.ch\/wp-content\/uploads\/2020\/07\/LOGO-gross.jpg","width":770,"height":240,"caption":"K. SCHMIED AG"},"image":{"@id":"https:\/\/kschmied.ch\/en\/#\/schema\/logo\/image\/"},"sameAs":["https:\/\/ch.linkedin.com\/company\/k-schmied-ag"],"description":"K. SCHMIED AG ist ein f\u00fchrendes Unternehmen im Bereich Containerverkauf und -vermietung in der Schweiz. Mit langj\u00e4hriger Erfahrung bieten wir unseren Kunden robuste, langlebige Seecontainer, Lagercontainer und Schnellbaucontainer in verschiedenen Gr\u00f6\u00dfen und Ausf\u00fchrungen. Unser Service umfasst auch Transportl\u00f6sungen, ma\u00dfgeschneiderte Containeranforderungen und weltweiten Versand. Qualit\u00e4t, Kundenzufriedenheit und Zuverl\u00e4ssigkeit stehen bei uns an erster Stelle.","email":"info@kschmied.ch","telephone":"041 811 30 03","legalName":"K. SCHMIED internat. Transporte & Handels AG","foundingDate":"1979-01-01","vatID":"CHE-107.962.018 MWST","taxID":"CHE-107.962.018 MWST","numberOfEmployees":{"@type":"QuantitativeValue","minValue":"1","maxValue":"10"}}]}},"_links":{"self":[{"href":"https:\/\/kschmied.ch\/en\/wp-json\/wp\/v2\/pages\/20185","targetHints":{"allow":["GET"]}}],"collection":[{"href":"https:\/\/kschmied.ch\/en\/wp-json\/wp\/v2\/pages"}],"about":[{"href":"https:\/\/kschmied.ch\/en\/wp-json\/wp\/v2\/types\/page"}],"author":[{"embeddable":true,"href":"https:\/\/kschmied.ch\/en\/wp-json\/wp\/v2\/users\/1"}],"replies":[{"embeddable":true,"href":"https:\/\/kschmied.ch\/en\/wp-json\/wp\/v2\/comments?post=20185"}],"version-history":[{"count":0,"href":"https:\/\/kschmied.ch\/en\/wp-json\/wp\/v2\/pages\/20185\/revisions"}],"wp:attachment":[{"href":"https:\/\/kschmied.ch\/en\/wp-json\/wp\/v2\/media?parent=20185"}],"curies":[{"name":"wp","href":"https:\/\/api.w.org\/{rel}","templated":true}]}}