{"id":20172,"date":"2020-07-03T13:33:15","date_gmt":"2020-07-03T11:33:15","guid":{"rendered":"https:\/\/www.kschmied.ch\/transports\/"},"modified":"2025-07-16T13:22:30","modified_gmt":"2025-07-16T11:22:30","slug":"transports","status":"publish","type":"page","link":"https:\/\/kschmied.ch\/en\/transports\/","title":{"rendered":"Transports"},"content":{"rendered":"<div id=\"pl-20172\"  class=\"panel-layout\" ><div id=\"pg-20172-0\"  class=\"panel-grid panel-has-style\" ><div class=\"jumbotron-overlap panel-row-style panel-row-style-for-20172-0\" ><div id=\"pgc-20172-0-0\"  class=\"panel-grid-cell\" ><div id=\"panel-20172-0-0-0\" class=\"so-panel widget widget_black-studio-tinymce widget_black_studio_tinymce panel-first-child panel-last-child\" data-index=\"0\" ><div class=\"featured-widget panel-widget-style panel-widget-style-for-20172-0-0-0\" ><h3 class=\"widget-title\"><span class=\"widget-title__inline\">Flexible &#8211; reliable &#8211; price-conscious &#8211; on time<\/span><\/h3><div class=\"textwidget\"><p align=\"left\">K. Schmied AG has been active in the forwarding industry for more than 40 years. Through team spirit, expanding customer-specific services, market-oriented prices and her know-how in <strong><span style=\"color: #000000;\">worldwide transport of<\/span> <span style=\"color: #000000;\">industrial and commercial goods,<\/span><\/strong> she has made a name for herself.<\/p>\n<p>          <a class=\"read-more\" href=\"https:\/\/www.kschmied.ch\/unternehmen\/\">MORE ABOUT US<\/a><\/p>\n<\/div><\/div><\/div><\/div><div id=\"pgc-20172-0-1\"  class=\"panel-grid-cell\" ><div id=\"panel-20172-0-1-0\" class=\"so-panel widget widget_pw_featured_page widget-featured-page panel-first-child panel-last-child\" data-index=\"1\" >\n\t<div class=\"page-box  page-box--block\">\n\t\t\t\t\t\t\t\t\t<a class=\"page-box__picture\" href=\"https:\/\/kschmied.ch\/en\/transports\/road-transport\/\">\n\t\t\t\t\t<img loading=\"lazy\" decoding=\"async\" src=\"https:\/\/kschmied.ch\/wp-content\/uploads\/2019\/11\/landtransport_f.jpg\" width=\"300\" height=\"200\" srcset=\"https:\/\/kschmied.ch\/wp-content\/uploads\/2019\/11\/landtransport_f.jpg 300w, https:\/\/kschmied.ch\/wp-content\/uploads\/2019\/11\/landtransport_f.jpg 300w\" sizes=\"auto, (min-width: 992px) 360px, calc(100vw - 30px)\" class=\"wp-post-image\" alt=\"Road transport\">\n\t\t\t\t<\/a>\n\t\t\t\t\t\t\t<div class=\"page-box__content\">\n\t\t\t<h5 class=\"page-box__title text-uppercase\"><a href=\"https:\/\/kschmied.ch\/en\/transports\/road-transport\/\">Road transport<\/a><\/h5>\n\t\t\t<p>Region: Switzerland, EU, CIS &amp; Russia\r\n\r\nRoad and rail transport is the backbone of transport in Europe.\r\n\r\nFrom block trains to group transport by truck, container or general cargo delivery, we integrate every order into its own shipping &hellip;<\/p>\n\t\t\t\t\t\t\t<p><a href=\"https:\/\/kschmied.ch\/en\/transports\/road-transport\/\" class=\"read-more  read-more--page-box\">learn more<\/a><\/p>\n\t\t\t\t\t<\/div>\n\t<\/div>\n\n<\/div><\/div><div id=\"pgc-20172-0-2\"  class=\"panel-grid-cell\" ><div id=\"panel-20172-0-2-0\" class=\"so-panel widget widget_pw_featured_page widget-featured-page panel-first-child panel-last-child\" data-index=\"2\" >\n\t<div class=\"page-box  page-box--block\">\n\t\t\t\t\t\t\t\t\t<a class=\"page-box__picture\" href=\"https:\/\/kschmied.ch\/en\/transports\/airfreight\/\">\n\t\t\t\t\t<img loading=\"lazy\" decoding=\"async\" src=\"https:\/\/kschmied.ch\/wp-content\/uploads\/2019\/11\/Luftfracht_f.jpg\" width=\"300\" height=\"200\" srcset=\"https:\/\/kschmied.ch\/wp-content\/uploads\/2019\/11\/Luftfracht_f.jpg 300w, https:\/\/kschmied.ch\/wp-content\/uploads\/2019\/11\/Luftfracht_f.jpg 300w\" sizes=\"auto, (min-width: 992px) 360px, calc(100vw - 30px)\" class=\"wp-post-image\" alt=\"Airfreight\">\n\t\t\t\t<\/a>\n\t\t\t\t\t\t\t<div class=\"page-box__content\">\n\t\t\t<h5 class=\"page-box__title text-uppercase\"><a href=\"https:\/\/kschmied.ch\/en\/transports\/airfreight\/\">Airfreight<\/a><\/h5>\n\t\t\t<p>Fast &amp; reliable: The air freight network is one of the most reliable and fastest means of transportation. Direct connections and a large number of connecting flights enable deliveries to the world's major cities within 1-3 days. 3-5 days &hellip;<\/p>\n\t\t\t\t\t\t\t<p><a href=\"https:\/\/kschmied.ch\/en\/transports\/airfreight\/\" class=\"read-more  read-more--page-box\">learn more<\/a><\/p>\n\t\t\t\t\t<\/div>\n\t<\/div>\n\n<\/div><\/div><div id=\"pgc-20172-0-3\"  class=\"panel-grid-cell\" ><div id=\"panel-20172-0-3-0\" class=\"so-panel widget widget_pw_featured_page widget-featured-page panel-first-child panel-last-child widgetopts-SO\" data-index=\"3\" >\n\t<div class=\"page-box  page-box--block\">\n\t\t\t\t\t\t\t\t\t<a class=\"page-box__picture\" href=\"https:\/\/kschmied.ch\/en\/transports\/seafreight\/\">\n\t\t\t\t\t<img loading=\"lazy\" decoding=\"async\" src=\"https:\/\/kschmied.ch\/wp-content\/uploads\/2019\/09\/Seefracht_f.jpg\" width=\"300\" height=\"200\" srcset=\"https:\/\/kschmied.ch\/wp-content\/uploads\/2019\/09\/Seefracht_f.jpg 300w, https:\/\/kschmied.ch\/wp-content\/uploads\/2019\/09\/Seefracht_f.jpg 300w\" sizes=\"auto, (min-width: 992px) 360px, calc(100vw - 30px)\" class=\"wp-post-image\" alt=\"Seafreight\">\n\t\t\t\t<\/a>\n\t\t\t\t\t\t\t<div class=\"page-box__content\">\n\t\t\t<h5 class=\"page-box__title text-uppercase\"><a href=\"https:\/\/kschmied.ch\/en\/transports\/seafreight\/\">Seafreight<\/a><\/h5>\n\t\t\t<p>FCL - full container loads (Commercial goods &amp; Moving goods) and for LCL - general cargo (commercial goods) we ship by ocean freight to all 5 oceans.<\/p>\n\t\t\t\t\t\t\t<p><a href=\"https:\/\/kschmied.ch\/en\/transports\/seafreight\/\" class=\"read-more  read-more--page-box\">learn more<\/a><\/p>\n\t\t\t\t\t<\/div>\n\t<\/div>\n\n<\/div><\/div><\/div><\/div><div id=\"pg-20172-1\"  class=\"panel-grid panel-no-style\" ><div id=\"pgc-20172-1-0\"  class=\"panel-grid-cell\" ><div id=\"panel-20172-1-0-0\" class=\"so-panel widget widget_black-studio-tinymce widget_black_studio_tinymce panel-first-child panel-last-child\" data-index=\"4\" ><div class=\"widget-title--big panel-widget-style panel-widget-style-for-20172-1-0-0\" ><h3 class=\"widget-title\"><span class=\"widget-title__inline\">OUR OFFER<\/span><\/h3><div class=\"textwidget\"><\/div><\/div><\/div><\/div><\/div><div id=\"pg-20172-2\"  class=\"panel-grid panel-no-style\" ><div id=\"pgc-20172-2-0\"  class=\"panel-grid-cell\" ><div id=\"panel-20172-2-0-0\" class=\"so-panel widget widget_pw_icon_box widget-icon-box panel-first-child\" data-index=\"5\" >\n\t\t\t<a class=\"icon-box\" href=\"https:\/\/www.kschmied.ch\/transporte\/landtransport\/\" target=\"_blank\">\n\t\n\t\t<i class=\"fa  fa-truck  fa-3x\"><\/i>\n\t\t<div class=\"icon-box__text\">\n\t\t\t<h4 class=\"icon-box__title\">LAND TRANSPORT<\/h4>\n\t\t\t<span class=\"icon-box__subtitle\">Switzerland - EU - Eastern Europe - Central Asia - Middle East<\/span>\n\t\t<\/div>\n\n\t\t\t<\/a>\n\t\n<\/div><div id=\"panel-20172-2-0-1\" class=\"so-panel widget widget_pw_icon_box widget-icon-box panel-last-child\" data-index=\"6\" >\n\t\t\t<a class=\"icon-box\" href=\"https:\/\/www.kschmied.ch\/supply-chain-management\/\" target=\"_blank\">\n\t\n\t\t<i class=\"fa  fa-cogs  fa-3x\"><\/i>\n\t\t<div class=\"icon-box__text\">\n\t\t\t<h4 class=\"icon-box__title\">SUPPLY CHAIN MANAGEMENT<\/h4>\n\t\t\t<span class=\"icon-box__subtitle\">Storage, procurement, transport, distribution and data flow<\/span>\n\t\t<\/div>\n\n\t\t\t<\/a>\n\t\n<\/div><\/div><div id=\"pgc-20172-2-1\"  class=\"panel-grid-cell\" ><div id=\"panel-20172-2-1-0\" class=\"so-panel widget widget_pw_icon_box widget-icon-box panel-first-child\" data-index=\"7\" >\n\t\t\t<a class=\"icon-box\" href=\"https:\/\/www.kschmied.ch\/transporte\/seefracht\/\" target=\"_blank\">\n\t\n\t\t<i class=\"fa  fa-ship  fa-3x\"><\/i>\n\t\t<div class=\"icon-box__text\">\n\t\t\t<h4 class=\"icon-box__title\">SEA FREIGHT<\/h4>\n\t\t\t<span class=\"icon-box__subtitle\">Groupage, complete containers, oversize - in all 5 oceans<\/span>\n\t\t<\/div>\n\n\t\t\t<\/a>\n\t\n<\/div><div id=\"panel-20172-2-1-1\" class=\"so-panel widget widget_pw_icon_box widget-icon-box panel-last-child\" data-index=\"8\" >\n\t\t\t<a class=\"icon-box\" href=\"https:\/\/www.kschmied.ch\/transporte\/messetransporte\/\" target=\"_blank\">\n\t\n\t\t<i class=\"fa  fa-globe  fa-3x\"><\/i>\n\t\t<div class=\"icon-box__text\">\n\t\t\t<h4 class=\"icon-box__title\">EXHIBITION LOGISTICS<\/h4>\n\t\t\t<span class=\"icon-box__subtitle\">Trade fair transports, intermediate storage, empties handling - worldwide<\/span>\n\t\t<\/div>\n\n\t\t\t<\/a>\n\t\n<\/div><\/div><div id=\"pgc-20172-2-2\"  class=\"panel-grid-cell\" ><div id=\"panel-20172-2-2-0\" class=\"so-panel widget widget_pw_icon_box widget-icon-box panel-first-child\" data-index=\"9\" >\n\t\t\t<a class=\"icon-box\" href=\"https:\/\/www.kschmied.ch\/transporte\/luftfracht\/\" target=\"_blank\">\n\t\n\t\t<i class=\"fa  fa-plane  fa-3x\"><\/i>\n\t\t<div class=\"icon-box__text\">\n\t\t\t<h4 class=\"icon-box__title\">AIRFREIGHT<\/h4>\n\t\t\t<span class=\"icon-box__subtitle\">Single and collective air freight, full and partial charters - worldwide<\/span>\n\t\t<\/div>\n\n\t\t\t<\/a>\n\t\n<\/div><div id=\"panel-20172-2-2-1\" class=\"so-panel widget widget_pw_icon_box widget-icon-box panel-last-child\" data-index=\"10\" >\n\t\t\t<a class=\"icon-box\" href=\"https:\/\/www.kschmied.ch\/transporte\/express-verkehr\/\" target=\"_blank\">\n\t\n\t\t<i class=\"fa  fa-tachometer  fa-3x\"><\/i>\n\t\t<div class=\"icon-box__text\">\n\t\t\t<h4 class=\"icon-box__title\">EXPRESS TRANSPORT<\/h4>\n\t\t\t<span class=\"icon-box__subtitle\">General cargo from 30 kg or complete trucks <\/span>\n\t\t<\/div>\n\n\t\t\t<\/a>\n\t\n<\/div><\/div><\/div><div id=\"pg-20172-3\"  class=\"panel-grid panel-has-style\" ><div class=\"siteorigin-panels-stretch panel-row-style panel-row-style-for-20172-3\" data-stretch-type=\"full\" ><div id=\"pgc-20172-3-0\"  class=\"panel-grid-cell\" ><div id=\"panel-20172-3-0-0\" class=\"so-panel widget widget_pw_call_to_action widget-call-to-action panel-first-child panel-last-child widgetopts-SO\" data-index=\"11\" >\t\t\t\t<div class=\"call-to-action\">\n\t\t\t\t\t<div class=\"call-to-action__text\">\n\t\t\t\t\t\tWe would be happy to advise you in a personal conversation about our transport and logistics solutions.\t\t\t\t\t<\/div>\n\t\t\t\t\t<div class=\"call-to-action__button\">\n\t\t\t\t\t\t          <a class=\"btn    btn-primary\" href=\"https:\/\/www.kschmied.ch\/en\/kontakt\/\" target=\"_blank\">GET IN CONTACT<\/a>        \t\t\t\t\t<\/div>\n\t\t\t\t<\/div>\n\t\t\t<\/div><\/div><\/div><\/div><\/div>","protected":false},"excerpt":{"rendered":"<p>K. Schmied AG has been active in the forwarding industry for more than 40 years. Through team spirit, expanding customer-specific services, market-oriented prices and her know-how in worldwide transport of industrial and commercial goods, she has made a name for herself. MORE ABOUT US<\/p>\n","protected":false},"author":1,"featured_media":7714,"parent":0,"menu_order":12,"comment_status":"closed","ping_status":"closed","template":"template-front-page-slider.php","meta":{"_acf_changed":false,"footnotes":""},"class_list":["post-20172","page","type-page","status-publish","has-post-thumbnail","hentry"],"acf":[],"yoast_head":"<!-- This site is optimized with the Yoast SEO Premium plugin v27.4 (Yoast SEO v27.4) - https:\/\/yoast.com\/product\/yoast-seo-premium-wordpress\/ -->\n<title>Transports - K. Schmied AG \u2013 Containers &amp; Shipping Switzerland<\/title>\n<meta name=\"description\" content=\"Entdecken Sie hochwertige Seecontainer, Lagercontainer und Schnellbaucontainer zum Kauf oder zur Miete in der Schweiz. Erfahren Sie mehr \u00fcber die verf\u00fcgbaren Gr\u00f6\u00dfen, Ausf\u00fchrungen und Preise. Kontaktieren Sie uns f\u00fcr eine kostenlose Anfrage!\" \/>\n<meta name=\"robots\" content=\"index, follow, max-snippet:-1, max-image-preview:large, max-video-preview:-1\" \/>\n<link rel=\"canonical\" href=\"https:\/\/kschmied.ch\/en\/transports\/\" \/>\n<meta property=\"og:locale\" content=\"en_US\" \/>\n<meta property=\"og:type\" content=\"article\" \/>\n<meta property=\"og:title\" content=\"K. SCHMIED AG \u2013 Containerverkauf Schweiz\" \/>\n<meta property=\"og:description\" content=\"Ihr Partner f\u00fcr Seecontainer und Lagercontainer in der Schweiz \u2013 zum Kauf oder zur Miete, mit optionalem Kranablade-Service.\" \/>\n<meta property=\"og:url\" content=\"https:\/\/kschmied.ch\/en\/transports\/\" \/>\n<meta property=\"og:site_name\" content=\"K. Schmied AG \u2013 Containers &amp; Shipping Switzerland\" \/>\n<meta property=\"article:modified_time\" content=\"2025-07-16T11:22:30+00:00\" \/>\n<meta property=\"og:image\" content=\"https:\/\/kschmied.ch\/wp-content\/uploads\/2019\/11\/Logistics_f.jpg\" \/>\n\t<meta property=\"og:image:width\" content=\"300\" \/>\n\t<meta property=\"og:image:height\" content=\"200\" \/>\n\t<meta property=\"og:image:type\" content=\"image\/jpeg\" \/>\n<meta name=\"twitter:card\" content=\"summary_large_image\" \/>\n<meta name=\"twitter:label1\" content=\"Est. reading time\" \/>\n\t<meta name=\"twitter:data1\" content=\"2 minutes\" \/>\n<!-- \/ Yoast SEO Premium plugin. -->","yoast_head_json":{"title":"Transports - K. Schmied AG \u2013 Containers &amp; Shipping Switzerland","description":"Entdecken Sie hochwertige Seecontainer, Lagercontainer und Schnellbaucontainer zum Kauf oder zur Miete in der Schweiz. Erfahren Sie mehr \u00fcber die verf\u00fcgbaren Gr\u00f6\u00dfen, Ausf\u00fchrungen und Preise. Kontaktieren Sie uns f\u00fcr eine kostenlose Anfrage!","robots":{"index":"index","follow":"follow","max-snippet":"max-snippet:-1","max-image-preview":"max-image-preview:large","max-video-preview":"max-video-preview:-1"},"canonical":"https:\/\/kschmied.ch\/en\/transports\/","og_locale":"en_US","og_type":"article","og_title":"K. SCHMIED AG \u2013 Containerverkauf Schweiz","og_description":"Ihr Partner f\u00fcr Seecontainer und Lagercontainer in der Schweiz \u2013 zum Kauf oder zur Miete, mit optionalem Kranablade-Service.","og_url":"https:\/\/kschmied.ch\/en\/transports\/","og_site_name":"K. Schmied AG \u2013 Containers &amp; Shipping Switzerland","article_modified_time":"2025-07-16T11:22:30+00:00","og_image":[{"width":300,"height":200,"url":"https:\/\/kschmied.ch\/wp-content\/uploads\/2019\/11\/Logistics_f.jpg","type":"image\/jpeg"}],"twitter_card":"summary_large_image","twitter_misc":{"Est. reading time":"2 minutes"},"schema":{"@context":"https:\/\/schema.org","@graph":[{"@type":"WebPage","@id":"https:\/\/kschmied.ch\/en\/transports\/","url":"https:\/\/kschmied.ch\/en\/transports\/","name":"Transports - K. Schmied AG \u2013 Containers &amp; Shipping Switzerland","isPartOf":{"@id":"https:\/\/kschmied.ch\/en\/#website"},"primaryImageOfPage":{"@id":"https:\/\/kschmied.ch\/en\/transports\/#primaryimage"},"image":{"@id":"https:\/\/kschmied.ch\/en\/transports\/#primaryimage"},"thumbnailUrl":"https:\/\/kschmied.ch\/wp-content\/uploads\/2019\/11\/Logistics_f.jpg","datePublished":"2020-07-03T11:33:15+00:00","dateModified":"2025-07-16T11:22:30+00:00","description":"Entdecken Sie hochwertige Seecontainer, Lagercontainer und Schnellbaucontainer zum Kauf oder zur Miete in der Schweiz. Erfahren Sie mehr \u00fcber die verf\u00fcgbaren Gr\u00f6\u00dfen, Ausf\u00fchrungen und Preise. Kontaktieren Sie uns f\u00fcr eine kostenlose Anfrage!","breadcrumb":{"@id":"https:\/\/kschmied.ch\/en\/transports\/#breadcrumb"},"inLanguage":"en-US","potentialAction":[{"@type":"ReadAction","target":["https:\/\/kschmied.ch\/en\/transports\/"]}]},{"@type":"ImageObject","inLanguage":"en-US","@id":"https:\/\/kschmied.ch\/en\/transports\/#primaryimage","url":"https:\/\/kschmied.ch\/wp-content\/uploads\/2019\/11\/Logistics_f.jpg","contentUrl":"https:\/\/kschmied.ch\/wp-content\/uploads\/2019\/11\/Logistics_f.jpg","width":300,"height":200,"caption":"K. SCHMIED AG"},{"@type":"BreadcrumbList","@id":"https:\/\/kschmied.ch\/en\/transports\/#breadcrumb","itemListElement":[{"@type":"ListItem","position":1,"name":"Accueil","item":"https:\/\/kschmied.ch\/en\/"},{"@type":"ListItem","position":2,"name":"Transports"}]},{"@type":"WebSite","@id":"https:\/\/kschmied.ch\/en\/#website","url":"https:\/\/kschmied.ch\/en\/","name":"K. SCHMIED AG","description":"Swiss container trading &amp; shipping since 1979","publisher":{"@id":"https:\/\/kschmied.ch\/en\/#organization"},"alternateName":"K. SCHMIED AG","potentialAction":[{"@type":"SearchAction","target":{"@type":"EntryPoint","urlTemplate":"https:\/\/kschmied.ch\/en\/?s={search_term_string}"},"query-input":{"@type":"PropertyValueSpecification","valueRequired":true,"valueName":"search_term_string"}}],"inLanguage":"en-US"},{"@type":"Organization","@id":"https:\/\/kschmied.ch\/en\/#organization","name":"K. SCHMIED AG","alternateName":"K. SCHMIED AG","url":"https:\/\/kschmied.ch\/en\/","logo":{"@type":"ImageObject","inLanguage":"en-US","@id":"https:\/\/kschmied.ch\/en\/#\/schema\/logo\/image\/","url":"https:\/\/kschmied.ch\/wp-content\/uploads\/2020\/07\/LOGO-gross.jpg","contentUrl":"https:\/\/kschmied.ch\/wp-content\/uploads\/2020\/07\/LOGO-gross.jpg","width":770,"height":240,"caption":"K. SCHMIED AG"},"image":{"@id":"https:\/\/kschmied.ch\/en\/#\/schema\/logo\/image\/"},"sameAs":["https:\/\/ch.linkedin.com\/company\/k-schmied-ag"],"description":"K. SCHMIED AG ist ein f\u00fchrendes Unternehmen im Bereich Containerverkauf und -vermietung in der Schweiz. Mit langj\u00e4hriger Erfahrung bieten wir unseren Kunden robuste, langlebige Seecontainer, Lagercontainer und Schnellbaucontainer in verschiedenen Gr\u00f6\u00dfen und Ausf\u00fchrungen. Unser Service umfasst auch Transportl\u00f6sungen, ma\u00dfgeschneiderte Containeranforderungen und weltweiten Versand. Qualit\u00e4t, Kundenzufriedenheit und Zuverl\u00e4ssigkeit stehen bei uns an erster Stelle.","email":"info@kschmied.ch","telephone":"041 811 30 03","legalName":"K. SCHMIED internat. Transporte & Handels AG","foundingDate":"1979-01-01","vatID":"CHE-107.962.018 MWST","taxID":"CHE-107.962.018 MWST","numberOfEmployees":{"@type":"QuantitativeValue","minValue":"1","maxValue":"10"}}]}},"_links":{"self":[{"href":"https:\/\/kschmied.ch\/en\/wp-json\/wp\/v2\/pages\/20172","targetHints":{"allow":["GET"]}}],"collection":[{"href":"https:\/\/kschmied.ch\/en\/wp-json\/wp\/v2\/pages"}],"about":[{"href":"https:\/\/kschmied.ch\/en\/wp-json\/wp\/v2\/types\/page"}],"author":[{"embeddable":true,"href":"https:\/\/kschmied.ch\/en\/wp-json\/wp\/v2\/users\/1"}],"replies":[{"embeddable":true,"href":"https:\/\/kschmied.ch\/en\/wp-json\/wp\/v2\/comments?post=20172"}],"version-history":[{"count":0,"href":"https:\/\/kschmied.ch\/en\/wp-json\/wp\/v2\/pages\/20172\/revisions"}],"wp:featuredmedia":[{"embeddable":true,"href":"https:\/\/kschmied.ch\/en\/wp-json\/wp\/v2\/media\/7714"}],"wp:attachment":[{"href":"https:\/\/kschmied.ch\/en\/wp-json\/wp\/v2\/media?parent=20172"}],"curies":[{"name":"wp","href":"https:\/\/api.w.org\/{rel}","templated":true}]}}