{"id":20170,"date":"2020-07-03T13:25:43","date_gmt":"2020-07-03T11:25:43","guid":{"rendered":"https:\/\/www.kschmied.ch\/road-transport\/"},"modified":"2020-07-24T08:52:04","modified_gmt":"2020-07-24T06:52:04","slug":"road-transport","status":"publish","type":"page","link":"https:\/\/kschmied.ch\/en\/transports\/road-transport\/","title":{"rendered":"Road transport"},"content":{"rendered":"<div id=\"pl-20170\"  class=\"panel-layout\" ><div id=\"pg-20170-0\"  class=\"panel-grid panel-no-style\" ><div id=\"pgc-20170-0-0\"  class=\"panel-grid-cell\" ><div id=\"panel-20170-0-0-0\" class=\"so-panel widget widget_black-studio-tinymce widget_black_studio_tinymce panel-first-child panel-last-child\" data-index=\"0\" ><h3 class=\"widget-title\"><span class=\"widget-title__inline\">SWITZERLAND &#8211; EU &#8211; EASTERN EUROPE &#8211; CENTRAL ASIA &#8211; MIDDLE EAST<\/span><\/h3><div class=\"textwidget\"><p>Whether speed, a reduction in freight costs or a combination tailored to your requirements is the best for you - we are sure to find the right solution.<\/p>\n<p>Thanks to our Europe-wide network and strong partners in the field of Russian transport, we have the possibility for partial loads, individual or project shipments quickly and reliably to your needs.<\/p>\n<p>There are hardly any limits to the size or volume of the shipment. We compensate for delivery bottlenecks with direct journeys and large loading capacity.<\/p>\n<p>We are very familiar with the cost and delivery time optimization of partial loads or individual shipments and we are happy to take on the seemingly impossible requirements.<\/p>\n<p>Project solutions are part of our daily business.<\/p>\n<\/div><\/div><\/div><div id=\"pgc-20170-0-1\"  class=\"panel-grid-cell\" ><div id=\"panel-20170-0-1-0\" class=\"so-panel widget widget_black-studio-tinymce widget_black_studio_tinymce panel-first-child panel-last-child\" data-index=\"1\" ><div class=\"textwidget\"><p><img loading=\"lazy\" decoding=\"async\" class=\"aligncenter wp-image-688 size-medium\" src=\"https:\/\/www.kschmied.ch\/wp-content\/uploads\/2016\/03\/Depositphotos_8135928_m-220x300.jpg\" alt=\"\" width=\"220\" height=\"300\" srcset=\"https:\/\/kschmied.ch\/wp-content\/uploads\/2016\/03\/Depositphotos_8135928_m-220x300.jpg 220w, https:\/\/kschmied.ch\/wp-content\/uploads\/2016\/03\/Depositphotos_8135928_m-750x1024.jpg 750w, https:\/\/kschmied.ch\/wp-content\/uploads\/2016\/03\/Depositphotos_8135928_m-768x1049.jpg 768w, https:\/\/kschmied.ch\/wp-content\/uploads\/2016\/03\/Depositphotos_8135928_m-1124x1536.jpg 1124w, https:\/\/kschmied.ch\/wp-content\/uploads\/2016\/03\/Depositphotos_8135928_m-500x683.jpg 500w, https:\/\/kschmied.ch\/wp-content\/uploads\/2016\/03\/Depositphotos_8135928_m.jpg 1210w\" sizes=\"auto, (max-width: 220px) 100vw, 220px\" \/><\/p>\n<p style=\"text-align: center;\"><span class='maxbutton-7-container mb-container'><a class=\"maxbutton-7 maxbutton maxbutton-trsp-anfrage-en-desktop\" title=\"TRANSPORT QUOTE\" href=\"https:\/\/www.kschmied.ch\/en\/kontakt\/transport-inquiry\/\"><span class='mb-text'>TRANSPORT QUOTE<\/span><\/a><\/span><\/p>\n<\/div><\/div><\/div><\/div><div id=\"pg-20170-1\"  class=\"panel-grid panel-no-style\" ><div id=\"pgc-20170-1-0\"  class=\"panel-grid-cell\" ><div id=\"panel-20170-1-0-0\" class=\"so-panel widget widget_black-studio-tinymce widget_black_studio_tinymce panel-first-child panel-last-child\" data-index=\"2\" ><div class=\"textwidget\"><p><span style=\"color: #000000;\"><strong>GOODS<\/strong><br \/>\n<\/span><\/p>\n<p>- General cargo<br \/>\n- Dangerous goods ADR<br \/>\n- Refrigerated products<br \/>\n- Heavy- \/ Oversize goods<\/p>\n<p><span style=\"color: #000000;\"><br \/>\n<strong>VOLUMES<\/strong><br \/>\n<\/span><\/p>\n<p>- General cargo<br \/>\n- Full loads<br \/>\n- Project goods<\/p>\n<\/div><\/div><\/div><div id=\"pgc-20170-1-1\"  class=\"panel-grid-cell\" ><div id=\"panel-20170-1-1-0\" class=\"so-panel widget widget_black-studio-tinymce widget_black_studio_tinymce panel-first-child panel-last-child\" data-index=\"3\" ><div class=\"textwidget\"><p><span style=\"color: #000000;\"><strong>SERVICE<\/strong><\/span><\/p>\n<p>- Door-to-Door<br \/>\n- Customs clearance<br \/>\n- Insurance<br \/>\n- Packaging<br \/>\n- 24 hour service all over Switzerland<br \/>\n- Combined transport<br \/>\n- Express Service<\/p>\n<\/div><\/div><\/div><div id=\"pgc-20170-1-2\"  class=\"panel-grid-cell\" ><div id=\"panel-20170-1-2-0\" class=\"so-panel widget widget_black-studio-tinymce widget_black_studio_tinymce panel-first-child panel-last-child\" data-index=\"4\" ><div class=\"textwidget\"><p>          <a href=\"https:\/\/www.kschmied.ch\/wp-content\/uploads\/2019\/07\/STRASSENTRANSPORT.pdf\" target=\"_blank\" rel=\"noopener\"><br \/>\n            <img loading=\"lazy\" decoding=\"async\" class=\"aligncenter wp-image-737 size-full\" src=\"https:\/\/www.kschmied.ch\/wp-content\/uploads\/2015\/04\/pdf-icon.png\" alt=\"Roadtransport.PDF\" width=\"96\" height=\"96\"><br \/>\n          <\/a><\/p>\n<p style=\"text-align: left;\">\n<\/div><\/div><\/div><\/div><\/div>","protected":false},"excerpt":{"rendered":"<p>Region: Switzerland, EU, CIS &amp; Russia<\/p>\n<p>Road and rail transport is the backbone of transport in Europe.<\/p>\n<p>From block trains to group transport by truck, container or general cargo delivery, we integrate every order into its own shipping network and monitor it until arrival \/ delivery. <\/p>\n","protected":false},"author":1,"featured_media":20171,"parent":20172,"menu_order":7,"comment_status":"closed","ping_status":"closed","template":"","meta":{"_acf_changed":false,"footnotes":""},"class_list":["post-20170","page","type-page","status-publish","has-post-thumbnail","hentry"],"acf":[],"yoast_head":"<!-- This site is optimized with the Yoast SEO Premium plugin v27.4 (Yoast SEO v27.4) - https:\/\/yoast.com\/product\/yoast-seo-premium-wordpress\/ -->\n<title>Road transport - K. Schmied AG \u2013 Containers &amp; Shipping Switzerland<\/title>\n<meta name=\"description\" content=\"Entdecken Sie hochwertige Seecontainer, Lagercontainer und Schnellbaucontainer zum Kauf oder zur Miete in der Schweiz. Erfahren Sie mehr \u00fcber die verf\u00fcgbaren Gr\u00f6\u00dfen, Ausf\u00fchrungen und Preise. Kontaktieren Sie uns f\u00fcr eine kostenlose Anfrage!\" \/>\n<meta name=\"robots\" content=\"index, follow, max-snippet:-1, max-image-preview:large, max-video-preview:-1\" \/>\n<link rel=\"canonical\" href=\"https:\/\/kschmied.ch\/en\/transports\/road-transport\/\" \/>\n<meta property=\"og:locale\" content=\"en_US\" \/>\n<meta property=\"og:type\" content=\"article\" \/>\n<meta property=\"og:title\" content=\"K. SCHMIED AG \u2013 Containerverkauf Schweiz\" \/>\n<meta property=\"og:description\" content=\"Ihr Partner f\u00fcr Seecontainer und Lagercontainer in der Schweiz \u2013 zum Kauf oder zur Miete, mit optionalem Kranablade-Service.\" \/>\n<meta property=\"og:url\" content=\"https:\/\/kschmied.ch\/en\/transports\/road-transport\/\" \/>\n<meta property=\"og:site_name\" content=\"K. Schmied AG \u2013 Containers &amp; Shipping Switzerland\" \/>\n<meta property=\"article:modified_time\" content=\"2020-07-24T06:52:04+00:00\" \/>\n<meta property=\"og:image\" content=\"https:\/\/kschmied.ch\/wp-content\/uploads\/2019\/11\/landtransport_f.jpg\" \/>\n\t<meta property=\"og:image:width\" content=\"300\" \/>\n\t<meta property=\"og:image:height\" content=\"200\" \/>\n\t<meta property=\"og:image:type\" content=\"image\/jpeg\" \/>\n<meta name=\"twitter:card\" content=\"summary_large_image\" \/>\n<meta name=\"twitter:label1\" content=\"Est. reading time\" \/>\n\t<meta name=\"twitter:data1\" content=\"1 minute\" \/>\n<!-- \/ Yoast SEO Premium plugin. -->","yoast_head_json":{"title":"Road transport - K. Schmied AG \u2013 Containers &amp; Shipping Switzerland","description":"Entdecken Sie hochwertige Seecontainer, Lagercontainer und Schnellbaucontainer zum Kauf oder zur Miete in der Schweiz. Erfahren Sie mehr \u00fcber die verf\u00fcgbaren Gr\u00f6\u00dfen, Ausf\u00fchrungen und Preise. Kontaktieren Sie uns f\u00fcr eine kostenlose Anfrage!","robots":{"index":"index","follow":"follow","max-snippet":"max-snippet:-1","max-image-preview":"max-image-preview:large","max-video-preview":"max-video-preview:-1"},"canonical":"https:\/\/kschmied.ch\/en\/transports\/road-transport\/","og_locale":"en_US","og_type":"article","og_title":"K. SCHMIED AG \u2013 Containerverkauf Schweiz","og_description":"Ihr Partner f\u00fcr Seecontainer und Lagercontainer in der Schweiz \u2013 zum Kauf oder zur Miete, mit optionalem Kranablade-Service.","og_url":"https:\/\/kschmied.ch\/en\/transports\/road-transport\/","og_site_name":"K. Schmied AG \u2013 Containers &amp; Shipping Switzerland","article_modified_time":"2020-07-24T06:52:04+00:00","og_image":[{"width":300,"height":200,"url":"https:\/\/kschmied.ch\/wp-content\/uploads\/2019\/11\/landtransport_f.jpg","type":"image\/jpeg"}],"twitter_card":"summary_large_image","twitter_misc":{"Est. reading time":"1 minute"},"schema":{"@context":"https:\/\/schema.org","@graph":[{"@type":"WebPage","@id":"https:\/\/kschmied.ch\/en\/transports\/road-transport\/","url":"https:\/\/kschmied.ch\/en\/transports\/road-transport\/","name":"Road transport - K. Schmied AG \u2013 Containers &amp; Shipping Switzerland","isPartOf":{"@id":"https:\/\/kschmied.ch\/en\/#website"},"primaryImageOfPage":{"@id":"https:\/\/kschmied.ch\/en\/transports\/road-transport\/#primaryimage"},"image":{"@id":"https:\/\/kschmied.ch\/en\/transports\/road-transport\/#primaryimage"},"thumbnailUrl":"https:\/\/kschmied.ch\/wp-content\/uploads\/2019\/11\/landtransport_f.jpg","datePublished":"2020-07-03T11:25:43+00:00","dateModified":"2020-07-24T06:52:04+00:00","description":"Entdecken Sie hochwertige Seecontainer, Lagercontainer und Schnellbaucontainer zum Kauf oder zur Miete in der Schweiz. Erfahren Sie mehr \u00fcber die verf\u00fcgbaren Gr\u00f6\u00dfen, Ausf\u00fchrungen und Preise. Kontaktieren Sie uns f\u00fcr eine kostenlose Anfrage!","breadcrumb":{"@id":"https:\/\/kschmied.ch\/en\/transports\/road-transport\/#breadcrumb"},"inLanguage":"en-US","potentialAction":[{"@type":"ReadAction","target":["https:\/\/kschmied.ch\/en\/transports\/road-transport\/"]}]},{"@type":"ImageObject","inLanguage":"en-US","@id":"https:\/\/kschmied.ch\/en\/transports\/road-transport\/#primaryimage","url":"https:\/\/kschmied.ch\/wp-content\/uploads\/2019\/11\/landtransport_f.jpg","contentUrl":"https:\/\/kschmied.ch\/wp-content\/uploads\/2019\/11\/landtransport_f.jpg","width":300,"height":200,"caption":"LKW Transporte, EU & GUS"},{"@type":"BreadcrumbList","@id":"https:\/\/kschmied.ch\/en\/transports\/road-transport\/#breadcrumb","itemListElement":[{"@type":"ListItem","position":1,"name":"Accueil","item":"https:\/\/kschmied.ch\/en\/"},{"@type":"ListItem","position":2,"name":"Transports","item":"https:\/\/kschmied.ch\/en\/transports\/"},{"@type":"ListItem","position":3,"name":"Road transport"}]},{"@type":"WebSite","@id":"https:\/\/kschmied.ch\/en\/#website","url":"https:\/\/kschmied.ch\/en\/","name":"K. SCHMIED AG","description":"Swiss container trading &amp; shipping since 1979","publisher":{"@id":"https:\/\/kschmied.ch\/en\/#organization"},"alternateName":"K. SCHMIED AG","potentialAction":[{"@type":"SearchAction","target":{"@type":"EntryPoint","urlTemplate":"https:\/\/kschmied.ch\/en\/?s={search_term_string}"},"query-input":{"@type":"PropertyValueSpecification","valueRequired":true,"valueName":"search_term_string"}}],"inLanguage":"en-US"},{"@type":"Organization","@id":"https:\/\/kschmied.ch\/en\/#organization","name":"K. SCHMIED AG","alternateName":"K. SCHMIED AG","url":"https:\/\/kschmied.ch\/en\/","logo":{"@type":"ImageObject","inLanguage":"en-US","@id":"https:\/\/kschmied.ch\/en\/#\/schema\/logo\/image\/","url":"https:\/\/kschmied.ch\/wp-content\/uploads\/2020\/07\/LOGO-gross.jpg","contentUrl":"https:\/\/kschmied.ch\/wp-content\/uploads\/2020\/07\/LOGO-gross.jpg","width":770,"height":240,"caption":"K. SCHMIED AG"},"image":{"@id":"https:\/\/kschmied.ch\/en\/#\/schema\/logo\/image\/"},"sameAs":["https:\/\/ch.linkedin.com\/company\/k-schmied-ag"],"description":"K. SCHMIED AG ist ein f\u00fchrendes Unternehmen im Bereich Containerverkauf und -vermietung in der Schweiz. Mit langj\u00e4hriger Erfahrung bieten wir unseren Kunden robuste, langlebige Seecontainer, Lagercontainer und Schnellbaucontainer in verschiedenen Gr\u00f6\u00dfen und Ausf\u00fchrungen. Unser Service umfasst auch Transportl\u00f6sungen, ma\u00dfgeschneiderte Containeranforderungen und weltweiten Versand. Qualit\u00e4t, Kundenzufriedenheit und Zuverl\u00e4ssigkeit stehen bei uns an erster Stelle.","email":"info@kschmied.ch","telephone":"041 811 30 03","legalName":"K. SCHMIED internat. Transporte & Handels AG","foundingDate":"1979-01-01","vatID":"CHE-107.962.018 MWST","taxID":"CHE-107.962.018 MWST","numberOfEmployees":{"@type":"QuantitativeValue","minValue":"1","maxValue":"10"}}]}},"_links":{"self":[{"href":"https:\/\/kschmied.ch\/en\/wp-json\/wp\/v2\/pages\/20170","targetHints":{"allow":["GET"]}}],"collection":[{"href":"https:\/\/kschmied.ch\/en\/wp-json\/wp\/v2\/pages"}],"about":[{"href":"https:\/\/kschmied.ch\/en\/wp-json\/wp\/v2\/types\/page"}],"author":[{"embeddable":true,"href":"https:\/\/kschmied.ch\/en\/wp-json\/wp\/v2\/users\/1"}],"replies":[{"embeddable":true,"href":"https:\/\/kschmied.ch\/en\/wp-json\/wp\/v2\/comments?post=20170"}],"version-history":[{"count":0,"href":"https:\/\/kschmied.ch\/en\/wp-json\/wp\/v2\/pages\/20170\/revisions"}],"up":[{"embeddable":true,"href":"https:\/\/kschmied.ch\/en\/wp-json\/wp\/v2\/pages\/20172"}],"wp:featuredmedia":[{"embeddable":true,"href":"https:\/\/kschmied.ch\/en\/wp-json\/wp\/v2\/media\/20171"}],"wp:attachment":[{"href":"https:\/\/kschmied.ch\/en\/wp-json\/wp\/v2\/media?parent=20170"}],"curies":[{"name":"wp","href":"https:\/\/api.w.org\/{rel}","templated":true}]}}