{"id":20065,"date":"2020-06-29T18:36:43","date_gmt":"2020-06-29T16:36:43","guid":{"rendered":"https:\/\/www.kschmied.ch\/transport-inquiry\/"},"modified":"2025-10-14T20:42:11","modified_gmt":"2025-10-14T18:42:11","slug":"transport-inquiry","status":"publish","type":"page","link":"https:\/\/kschmied.ch\/en\/kontakt\/transport-inquiry\/","title":{"rendered":"TRANSPORT INQUIRY"},"content":{"rendered":"<div id=\"pl-20065\"  class=\"panel-layout\" ><div id=\"pg-20065-0\"  class=\"panel-grid panel-no-style\" ><div id=\"pgc-20065-0-0\"  class=\"panel-grid-cell\" ><div id=\"panel-20065-0-0-0\" class=\"so-panel widget widget_black-studio-tinymce widget_black_studio_tinymce panel-first-child\" data-index=\"0\" ><div class=\"featured-widget panel-widget-style panel-widget-style-for-20065-0-0-0\" ><h3 class=\"widget-title\"><span class=\"widget-title__inline\">Kontakt<\/span><\/h3><div class=\"textwidget\"><p><strong>K. SCHMIED AG<\/strong><br \/>\nRickenbachstrasse 45<br \/>\nCH-6430 Schwyz, SZ<\/p>\n<p>Tel. +41 41 811 30 03<\/p>\n<p><a href=\"&#x6d;&#97;&#105;&#x6c;&#x74;&#111;&#58;&#x69;&#x6e;&#102;&#111;&#x40;&#x6b;&#115;&#99;&#x68;&#x6d;&#105;&#101;&#x64;&#x2e;&#99;&#104;\">i&#110;&#102;&#x6f;&#x40;k&#115;&#99;&#x68;&#x6d;&#x69;e&#100;&#46;&#x63;&#x68;<\/a><\/p>\n<\/div><\/div><\/div><div id=\"panel-20065-0-0-1\" class=\"so-panel widget widget_pw_opening_time opening-time panel-last-child widgetopts-SO\" data-index=\"1\" ><div class=\"featured-widget panel-widget-style panel-widget-style-for-20065-0-0-1\" >\n\t<div class=\"time-table\">\n\n\t\t\t\t\t<h3><span class=\"icon icons-ornament-left\"><\/span>\u00d6ffnungszeiten<span class=\"icon icons-ornament-right\"><\/span><\/h3>\n\t\t\n\t\t<div class=\"inner-bg\">\n\t\t\t\t\t\t\t<dl class=\"week-day \">\n\t\t\t\t\t<dt>Monday<\/dt>\n\t\t\t\t\t<dd>8:00 - 17:30<\/dd>\n\t\t\t\t<\/dl>\n\t\t\t\t\t\t\t<dl class=\"week-day  light-bg\">\n\t\t\t\t\t<dt>Tuesday<\/dt>\n\t\t\t\t\t<dd>8:00 - 17:30<\/dd>\n\t\t\t\t<\/dl>\n\t\t\t\t\t\t\t<dl class=\"week-day \">\n\t\t\t\t\t<dt>Wednesday<\/dt>\n\t\t\t\t\t<dd>8:00 - 17:30<\/dd>\n\t\t\t\t<\/dl>\n\t\t\t\t\t\t\t<dl class=\"week-day  light-bg today\">\n\t\t\t\t\t<dt>Thursday<\/dt>\n\t\t\t\t\t<dd>8:00 - 17:30<\/dd>\n\t\t\t\t<\/dl>\n\t\t\t\t\t\t\t<dl class=\"week-day \">\n\t\t\t\t\t<dt>Friday<\/dt>\n\t\t\t\t\t<dd>8:00 - 17:00<\/dd>\n\t\t\t\t<\/dl>\n\t\t\t\t\t\t\t<dl class=\"week-day  light-bg closed\">\n\t\t\t\t\t<dt>Saturday<\/dt>\n\t\t\t\t\t<dd>GESCHLOSSEN<\/dd>\n\t\t\t\t<\/dl>\n\t\t\t\t\t\t\t<dl class=\"week-day  closed\">\n\t\t\t\t\t<dt>Sunday<\/dt>\n\t\t\t\t\t<dd>GESCHLOSSEN<\/dd>\n\t\t\t\t<\/dl>\n\t\t\t\t\t<\/div>\n\n\t\t\n\t<\/div>\n\n<\/div><\/div><\/div><div id=\"pgc-20065-0-1\"  class=\"panel-grid-cell\" ><div id=\"panel-20065-0-1-0\" class=\"so-panel widget widget_black-studio-tinymce widget_black_studio_tinymce panel-first-child panel-last-child widgetopts-SO\" data-index=\"2\" ><h3 class=\"widget-title\"><span class=\"widget-title__inline\">PREISANFRAGE &#8211; Transport von Handelsgut<\/span><\/h3><div class=\"textwidget\"><p>Ob St\u00fcckgut, komplette Container oder \u00dcbermasstransporte - wir senden Ihnen gerne ein Transportangebot.<\/p>\n<div style=\"background-color: #e9ecef; padding: 10px; border-left: 3px solid #6c757d; display: flex; align-items: center; margin-top: 0px; margin-bottom: 15px;\"><span style=\"font-size: 2em; color: #6c757d; margin-right: 18px;\">\u2139\ufe0f<\/span><br \/>\n<span style=\"font-size: 0.9em; color: #495057;\"> <strong>Unsere Expertise liegt im Transport von Handelsg\u00fctern.<\/strong> F\u00fcr Privat- oder Umzugsgut empfehlen wir Ihnen die Zusammenarbeit mit einem auf Umz\u00fcge spezialisierten Unternehmen, das Sie beispielsweise unter <a style=\"color: #007bff; text-decoration: none;\" href=\"http:\/\/www.umzug.ch\" target=\"_blank\" rel=\"noopener\">umzug.ch<\/a> finden k\u00f6nnen. Sollten Sie weitere Unterst\u00fctzung ben\u00f6tigen, stehen wir Ihnen gerne beratend zur Seite.<br \/>\n<\/span><\/div>\n<div class=\"wpcf7 no-js\" id=\"wpcf7-f38899-o1\" lang=\"en-US\" dir=\"ltr\" data-wpcf7-id=\"38899\">\n<div class=\"screen-reader-response\"><p role=\"status\" aria-live=\"polite\" aria-atomic=\"true\"><\/p> <ul><\/ul><\/div>\n<form action=\"\/en\/wp-json\/wp\/v2\/pages\/20065#wpcf7-f38899-o1\" method=\"post\" class=\"wpcf7-form init\" aria-label=\"Contact form\" novalidate=\"novalidate\" data-status=\"init\">\n<fieldset class=\"hidden-fields-container\"><input type=\"hidden\" name=\"_wpcf7\" value=\"38899\" \/><input type=\"hidden\" name=\"_wpcf7_version\" value=\"6.1.5\" \/><input type=\"hidden\" name=\"_wpcf7_locale\" value=\"en_US\" \/><input type=\"hidden\" name=\"_wpcf7_unit_tag\" value=\"wpcf7-f38899-o1\" \/><input type=\"hidden\" name=\"_wpcf7_container_post\" value=\"0\" \/><input type=\"hidden\" name=\"_wpcf7_posted_data_hash\" value=\"\" \/>\n<\/fieldset>\n<!-- Ihre Kontaktdaten -->\n<h3>YOUR CONTACT DETAILS\n<\/h3>\n<div class=\"row\">\n\t<div class=\"col-xs-12 col-md-4\">\n\t\t<div class=\"form-group\">\n\t\t\t<p><span class=\"wpcf7-form-control-wrap\" data-name=\"text-340\"><input size=\"40\" maxlength=\"400\" class=\"wpcf7-form-control wpcf7-text\" aria-invalid=\"false\" placeholder=\"First name*\" value=\"\" type=\"text\" name=\"text-340\" \/><\/span>\n\t\t\t<\/p>\n\t\t<\/div>\n\t<\/div>\n\t<div class=\"col-xs-12 col-md-4\">\n\t\t<div class=\"form-group\">\n\t\t\t<p><span class=\"wpcf7-form-control-wrap\" data-name=\"text-341\"><input size=\"40\" maxlength=\"400\" class=\"wpcf7-form-control wpcf7-text\" aria-invalid=\"false\" placeholder=\"Surname*\" value=\"\" type=\"text\" name=\"text-341\" \/><\/span>\n\t\t\t<\/p>\n\t\t<\/div>\n\t<\/div>\n\t<div class=\"col-xs-12 col-md-4\">\n\t\t<div class=\"form-group\">\n\t\t\t<p><span class=\"wpcf7-form-control-wrap\" data-name=\"text-342\"><input size=\"40\" maxlength=\"400\" class=\"wpcf7-form-control wpcf7-text\" aria-invalid=\"false\" placeholder=\"COMPANY*\" value=\"\" type=\"text\" name=\"text-342\" \/><\/span>\n\t\t\t<\/p>\n\t\t<\/div>\n\t<\/div>\n<\/div>\n<div class=\"row\">\n\t<div class=\"col-xs-12 col-md-4\">\n\t\t<div class=\"form-group\">\n\t\t\t<p><span class=\"wpcf7-form-control-wrap\" data-name=\"text-343\"><input size=\"40\" maxlength=\"400\" class=\"wpcf7-form-control wpcf7-text\" aria-invalid=\"false\" placeholder=\"Post code\" value=\"\" type=\"text\" name=\"text-343\" \/><\/span>\n\t\t\t<\/p>\n\t\t<\/div>\n\t<\/div>\n\t<div class=\"col-xs-12 col-md-4\">\n\t\t<div class=\"form-group\">\n\t\t\t<p><span class=\"wpcf7-form-control-wrap\" data-name=\"text-344\"><input size=\"40\" maxlength=\"400\" class=\"wpcf7-form-control wpcf7-text\" aria-invalid=\"false\" placeholder=\"LOCATION\" value=\"\" type=\"text\" name=\"text-344\" \/><\/span>\n\t\t\t<\/p>\n\t\t<\/div>\n\t<\/div>\n\t<div class=\"col-xs-12 col-md-4\">\n <!-- Optional: F\u00fcgen Sie hier ein weiteres Feld hinzu, falls ben\u00f6tigt -->\n\t<\/div>\n<\/div>\n<div class=\"row\">\n\t<div class=\"col-xs-12 col-md-4\">\n\t\t<div class=\"form-group\">\n\t\t\t<p><span class=\"wpcf7-form-control-wrap\" data-name=\"your-email\"><input size=\"40\" maxlength=\"400\" class=\"wpcf7-form-control wpcf7-email wpcf7-validates-as-required wpcf7-text wpcf7-validates-as-email\" aria-required=\"true\" aria-invalid=\"false\" placeholder=\"E-mail*\" value=\"\" type=\"email\" name=\"your-email\" \/><\/span>\n\t\t\t<\/p>\n\t\t<\/div>\n\t<\/div>\n\t<div class=\"col-xs-12 col-md-4\">\n\t\t<div class=\"form-group\">\n\t\t\t<p><span class=\"wpcf7-form-control-wrap\" data-name=\"your-phone\"><input size=\"40\" maxlength=\"400\" class=\"wpcf7-form-control wpcf7-tel wpcf7-validates-as-required wpcf7-text wpcf7-validates-as-tel\" aria-required=\"true\" aria-invalid=\"false\" placeholder=\"Phone no.*\" value=\"\" type=\"tel\" name=\"your-phone\" \/><\/span>\n\t\t\t<\/p>\n\t\t<\/div>\n\t<\/div>\n\t<div class=\"col-xs-12 col-md-4\">\n <!-- Optional: F\u00fcgen Sie hier ein weiteres Feld hinzu, falls ben\u00f6tigt -->\n\t<\/div>\n<\/div>\n\n<!-- Transportart -->\n<h3>TRANSPORT TYPE:\n<\/h3>\n<div class=\"row\">\n\t<div class=\"col-xs-12\">\n <!-- Nutzung von Bootstrap's radio-inline Klassen -->\n\t\t<p><label class=\"radio-inline\"><br \/>\n<span class=\"wpcf7-form-control-wrap\" data-name=\"radio-649\"><span class=\"wpcf7-form-control wpcf7-radio\"><span class=\"wpcf7-list-item first last\"><input type=\"radio\" name=\"radio-649\" value=\"Airfreight\" checked=\"checked\" \/><span class=\"wpcf7-list-item-label\">Airfreight<\/span><\/span><\/span><\/span><br \/>\n<\/label><br \/>\n<label class=\"radio-inline\"><br \/>\n<span class=\"wpcf7-form-control-wrap\" data-name=\"radio-649\"><span class=\"wpcf7-form-control wpcf7-radio\"><span class=\"wpcf7-list-item first last\"><input type=\"radio\" name=\"radio-649\" value=\"Seafreight\" \/><span class=\"wpcf7-list-item-label\">Seafreight<\/span><\/span><\/span><\/span><br \/>\n<\/label><br \/>\n<label class=\"radio-inline\"><br \/>\n<span class=\"wpcf7-form-control-wrap\" data-name=\"radio-649\"><span class=\"wpcf7-form-control wpcf7-radio\"><span class=\"wpcf7-list-item first last\"><input type=\"radio\" name=\"radio-649\" value=\"Overland transport\" \/><span class=\"wpcf7-list-item-label\">Overland transport<\/span><\/span><\/span><\/span><br \/>\n<\/label>\n\t\t<\/p>\n\t<\/div>\n<\/div>\n\n<!-- Produktbeschreibung -->\n<h3>PRODUCT DESCRIPTION*:\n<\/h3>\n<div class=\"row\">\n\t<div class=\"col-xs-12\">\n\t\t<p><span class=\"wpcf7-form-control-wrap\" data-name=\"textarea-50\"><textarea cols=\"40\" rows=\"10\" maxlength=\"2000\" class=\"wpcf7-form-control wpcf7-textarea wpcf7-validates-as-required\" aria-required=\"true\" aria-invalid=\"false\" placeholder=\"Please describe your goods. If the goods are refrigerated or insulated, please specify the desired temperature.\" name=\"textarea-50\"><\/textarea><\/span>\n\t\t<\/p>\n\t<\/div>\n<\/div>\n\n<!-- Gefahrengut -->\n<div class=\"row\">\n\t<div class=\"col-xs-12 col-md-3\">\n\t\t<p><b>IF dangerous goods:<\/b>\n\t\t<\/p>\n\t<\/div>\n\t<div class=\"col-xs-12 col-md-4\">\n\t\t<div class=\"form-group\">\n\t\t\t<p><span class=\"wpcf7-form-control-wrap\" data-name=\"text-261\"><input size=\"40\" maxlength=\"400\" class=\"wpcf7-form-control wpcf7-text\" aria-invalid=\"false\" placeholder=\"IMO\/UN NR.\" value=\"\" type=\"text\" name=\"text-261\" \/><\/span>\n\t\t\t<\/p>\n\t\t<\/div>\n\t<\/div>\n<\/div>\n\n<!-- Volumen -->\n<h3>VOLUME*:\n<\/h3>\n<div class=\"row\">\n\t<div class=\"col-xs-12\">\n\t\t<p><span class=\"wpcf7-form-control-wrap\" data-name=\"textarea-100\"><textarea cols=\"40\" rows=\"10\" maxlength=\"2000\" class=\"wpcf7-form-control wpcf7-textarea wpcf7-validates-as-required\" aria-required=\"true\" aria-invalid=\"false\" placeholder=\"Number of colis\/packages, dimensions, gross weight, packaging details\" name=\"textarea-100\"><\/textarea><\/span>\n\t\t<\/p>\n\t<\/div>\n<\/div>\n\n<!-- Stapelbar -->\n<div class=\"row\" style=\"margin-bottom:5px;\">\n\t<div class=\"col-xs-12 col-md-6\">\n\t\t<p><strong>STAPELABLE:<\/strong><br \/>\n<label class=\"checkbox-inline\"><br \/>\n<span class=\"wpcf7-form-control-wrap\" data-name=\"checkbox-30\"><span class=\"wpcf7-form-control wpcf7-checkbox\"><span class=\"wpcf7-list-item first last\"><input type=\"checkbox\" name=\"checkbox-30[]\" value=\"Yes\" \/><span class=\"wpcf7-list-item-label\">Yes<\/span><\/span><\/span><\/span><br \/>\n<\/label><br \/>\n<label class=\"checkbox-inline\"><br \/>\n<span class=\"wpcf7-form-control-wrap\" data-name=\"checkbox-30\"><span class=\"wpcf7-form-control wpcf7-checkbox\"><span class=\"wpcf7-list-item first last\"><input type=\"checkbox\" name=\"checkbox-30[]\" value=\"No\" \/><span class=\"wpcf7-list-item-label\">No<\/span><\/span><\/span><\/span><br \/>\n<\/label>\n\t\t<\/p>\n\t<\/div>\n<\/div>\n\n<!-- Transportversicherung -->\n<div class=\"row\" style=\"margin-bottom:5px;\">\n\t<div class=\"col-xs-12 col-md-6\">\n\t\t<p><strong>INSURANCE (DESIRED):<\/strong><br \/>\n<label class=\"checkbox-inline\"><br \/>\n<span class=\"wpcf7-form-control-wrap\" data-name=\"checkbox-32\"><span class=\"wpcf7-form-control wpcf7-checkbox\"><span class=\"wpcf7-list-item first last\"><input type=\"checkbox\" name=\"checkbox-32[]\" value=\"Yes\" \/><span class=\"wpcf7-list-item-label\">Yes<\/span><\/span><\/span><\/span><br \/>\n<\/label><br \/>\n<label class=\"checkbox-inline\"><br \/>\n<span class=\"wpcf7-form-control-wrap\" data-name=\"checkbox-32\"><span class=\"wpcf7-form-control wpcf7-checkbox\"><span class=\"wpcf7-list-item first last\"><input type=\"checkbox\" name=\"checkbox-32[]\" value=\"No\" \/><span class=\"wpcf7-list-item-label\">No<\/span><\/span><\/span><\/span><br \/>\n<\/label>\n\t\t<\/p>\n\t<\/div>\n<\/div>\n\n<!-- Ungef\u00e4hrer Transporttermin -->\n<div class=\"row\" style=\"margin-bottom:5px;\">\n\t<div class=\"col-xs-12 col-md-6\">\n\t\t<p><strong>APPROX. TIME OF DELIVERY:<\/strong>\n\t\t<\/p>\n\t<\/div>\n<\/div>\n<div class=\"row\" style=\"margin-bottom:5px;\">\n\t<div class=\"col-xs-12 col-md-6\">\n\t\t<div class=\"form-group\">\n\t\t\t<p><span class=\"wpcf7-form-control-wrap\" data-name=\"text-802\"><input size=\"40\" maxlength=\"400\" class=\"wpcf7-form-control wpcf7-text\" aria-invalid=\"false\" value=\"\" type=\"text\" name=\"text-802\" \/><\/span>\n\t\t\t<\/p>\n\t\t<\/div>\n\t<\/div>\n<\/div>\n\n<!-- Von -->\n<h3>FROM*:\n<\/h3>\n<div class=\"row\">\n\t<div class=\"col-xs-12 col-md-4\">\n\t\t<div class=\"form-group\">\n\t\t\t<p><span class=\"wpcf7-form-control-wrap\" data-name=\"text-694\"><input size=\"40\" maxlength=\"400\" class=\"wpcf7-form-control wpcf7-text wpcf7-validates-as-required\" aria-required=\"true\" aria-invalid=\"false\" placeholder=\"Country\" value=\"\" type=\"text\" name=\"text-694\" \/><\/span>\n\t\t\t<\/p>\n\t\t<\/div>\n\t<\/div>\n\t<div class=\"col-xs-12 col-md-4\">\n\t\t<div class=\"form-group\">\n\t\t\t<p><span class=\"wpcf7-form-control-wrap\" data-name=\"text-695\"><input size=\"40\" maxlength=\"400\" class=\"wpcf7-form-control wpcf7-text\" aria-invalid=\"false\" placeholder=\"Post code\" value=\"\" type=\"text\" name=\"text-695\" \/><\/span>\n\t\t\t<\/p>\n\t\t<\/div>\n\t<\/div>\n\t<div class=\"col-xs-12 col-md-4\">\n\t\t<div class=\"form-group\">\n\t\t\t<p><span class=\"wpcf7-form-control-wrap\" data-name=\"text-696\"><input size=\"40\" maxlength=\"400\" class=\"wpcf7-form-control wpcf7-text wpcf7-validates-as-required\" aria-required=\"true\" aria-invalid=\"false\" placeholder=\"Place\" value=\"\" type=\"text\" name=\"text-696\" \/><\/span>\n\t\t\t<\/p>\n\t\t<\/div>\n\t<\/div>\n<\/div>\n\n<!-- Nach -->\n<h3>TO*:\n<\/h3>\n<div class=\"row\">\n\t<div class=\"col-xs-12 col-md-4\">\n\t\t<div class=\"form-group\">\n\t\t\t<p><span class=\"wpcf7-form-control-wrap\" data-name=\"text-871\"><input size=\"40\" maxlength=\"400\" class=\"wpcf7-form-control wpcf7-text wpcf7-validates-as-required\" aria-required=\"true\" aria-invalid=\"false\" placeholder=\"Country\" value=\"\" type=\"text\" name=\"text-871\" \/><\/span>\n\t\t\t<\/p>\n\t\t<\/div>\n\t<\/div>\n\t<div class=\"col-xs-12 col-md-4\">\n\t\t<div class=\"form-group\">\n\t\t\t<p><span class=\"wpcf7-form-control-wrap\" data-name=\"text-872\"><input size=\"40\" maxlength=\"400\" class=\"wpcf7-form-control wpcf7-text wpcf7-validates-as-required\" aria-required=\"true\" aria-invalid=\"false\" placeholder=\"ZIP code\" value=\"\" type=\"text\" name=\"text-872\" \/><\/span>\n\t\t\t<\/p>\n\t\t<\/div>\n\t<\/div>\n\t<div class=\"col-xs-12 col-md-4\">\n\t\t<div class=\"form-group\">\n\t\t\t<p><span class=\"wpcf7-form-control-wrap\" data-name=\"text-873\"><input size=\"40\" maxlength=\"400\" class=\"wpcf7-form-control wpcf7-text wpcf7-validates-as-required\" aria-required=\"true\" aria-invalid=\"false\" placeholder=\"Place\" value=\"\" type=\"text\" name=\"text-873\" \/><\/span>\n\t\t\t<\/p>\n\t\t<\/div>\n\t<\/div>\n<\/div>\n\n<!-- Bemerkung -->\n<h3>REMARK:\n<\/h3>\n<div class=\"row\">\n\t<div class=\"col-xs-12\">\n\t\t<p><span class=\"wpcf7-form-control-wrap\" data-name=\"your-message\"><textarea cols=\"40\" rows=\"10\" maxlength=\"2000\" class=\"wpcf7-form-control wpcf7-textarea\" aria-invalid=\"false\" placeholder=\"Your message \/ Incoterms \/ etc.\" name=\"your-message\"><\/textarea><\/span>\n\t\t<\/p>\n\t<\/div>\n<\/div>\n\n<!-- Datenschutz -->\n<p class=\"datenschutz\"><br \/>\n<span class=\"wpcf7-form-control-wrap\" data-name=\"DSGVO\"><span class=\"wpcf7-form-control wpcf7-acceptance\"><span class=\"wpcf7-list-item\"><label><input type=\"checkbox\" name=\"DSGVO\" value=\"1\" aria-invalid=\"false\" \/><span class=\"wpcf7-list-item-label\">Yes, I have read the <a href=\"https:\/\/www.kschmied.ch\/datenschutzerklaerung\/\" target=\"_blank\">privacy policy<\/a> and accept it.<\/span><\/label><\/span><\/span><\/span>\n<\/p>\n\n\n<!-- Submit-Button -->\n<div class=\"row\">\n\t<div class=\"col-xs-12\">\n\t\t<p><input class=\"wpcf7-form-control wpcf7-submit has-spinner btn btn-primary\" type=\"submit\" value=\"SEND REQUEST\" \/>\n\t\t<\/p>\n\t<\/div>\n<\/div><div class=\"wpcf7-response-output\" aria-hidden=\"true\"><\/div>\n<\/form>\n<\/div>\n<\/div><\/div><\/div><\/div><\/div>","protected":false},"excerpt":{"rendered":"<p>K. SCHMIED AG Rickenbachstrasse 45 CH-6430 Schwyz, SZ Tel. +41 41 811 30 03 &#x69;n&#x66;&#111;&#x40;&#107;&#x73;&#x63;h&#x6d;&#105;&#x65;&#100;&#x2e;&#99;h Ob St\u00fcckgut, komplette Container oder \u00dcbermasstransporte &#8211; wir senden Ihnen gerne ein Transportangebot. \u2139\ufe0f Unsere Expertise liegt im Transport von Handelsg\u00fctern. F\u00fcr Privat- oder Umzugsgut empfehlen wir Ihnen die Zusammenarbeit mit einem auf Umz\u00fcge spezialisierten Unternehmen, das Sie beispielsweise unter &hellip;<\/p>\n","protected":false},"author":1,"featured_media":5535,"parent":20679,"menu_order":12,"comment_status":"closed","ping_status":"closed","template":"","meta":{"_acf_changed":false,"footnotes":""},"class_list":["post-20065","page","type-page","status-publish","has-post-thumbnail","hentry"],"acf":[],"yoast_head":"<!-- This site is optimized with the Yoast SEO Premium plugin v27.4 (Yoast SEO v27.4) - https:\/\/yoast.com\/product\/yoast-seo-premium-wordpress\/ -->\n<title>TRANSPORT INQUIRY - K. Schmied AG \u2013 Containers &amp; Shipping Switzerland<\/title>\n<meta name=\"description\" content=\"Entdecken Sie hochwertige Seecontainer, Lagercontainer und Schnellbaucontainer zum Kauf oder zur Miete in der Schweiz. Erfahren Sie mehr \u00fcber die verf\u00fcgbaren Gr\u00f6\u00dfen, Ausf\u00fchrungen und Preise. Kontaktieren Sie uns f\u00fcr eine kostenlose Anfrage!\" \/>\n<meta name=\"robots\" content=\"index, follow, max-snippet:-1, max-image-preview:large, max-video-preview:-1\" \/>\n<link rel=\"canonical\" href=\"https:\/\/kschmied.ch\/en\/kontakt\/transport-inquiry\/\" \/>\n<meta property=\"og:locale\" content=\"en_US\" \/>\n<meta property=\"og:type\" content=\"article\" \/>\n<meta property=\"og:title\" content=\"K. SCHMIED AG \u2013 Containerverkauf Schweiz\" \/>\n<meta property=\"og:description\" content=\"Ihr Partner f\u00fcr Seecontainer und Lagercontainer in der Schweiz \u2013 zum Kauf oder zur Miete, mit optionalem Kranablade-Service.\" \/>\n<meta property=\"og:url\" content=\"https:\/\/kschmied.ch\/en\/kontakt\/transport-inquiry\/\" \/>\n<meta property=\"og:site_name\" content=\"K. Schmied AG \u2013 Containers &amp; Shipping Switzerland\" \/>\n<meta property=\"article:modified_time\" content=\"2025-10-14T18:42:11+00:00\" \/>\n<meta property=\"og:image\" content=\"https:\/\/kschmied.ch\/wp-content\/uploads\/2019\/09\/Kontakt.jpg\" \/>\n\t<meta property=\"og:image:width\" content=\"2000\" \/>\n\t<meta property=\"og:image:height\" content=\"620\" \/>\n\t<meta property=\"og:image:type\" content=\"image\/jpeg\" \/>\n<meta name=\"twitter:card\" content=\"summary_large_image\" \/>\n<meta name=\"twitter:label1\" content=\"Est. reading time\" \/>\n\t<meta name=\"twitter:data1\" content=\"1 minute\" \/>\n<!-- \/ Yoast SEO Premium plugin. -->","yoast_head_json":{"title":"TRANSPORT INQUIRY - K. Schmied AG \u2013 Containers &amp; Shipping Switzerland","description":"Entdecken Sie hochwertige Seecontainer, Lagercontainer und Schnellbaucontainer zum Kauf oder zur Miete in der Schweiz. Erfahren Sie mehr \u00fcber die verf\u00fcgbaren Gr\u00f6\u00dfen, Ausf\u00fchrungen und Preise. Kontaktieren Sie uns f\u00fcr eine kostenlose Anfrage!","robots":{"index":"index","follow":"follow","max-snippet":"max-snippet:-1","max-image-preview":"max-image-preview:large","max-video-preview":"max-video-preview:-1"},"canonical":"https:\/\/kschmied.ch\/en\/kontakt\/transport-inquiry\/","og_locale":"en_US","og_type":"article","og_title":"K. SCHMIED AG \u2013 Containerverkauf Schweiz","og_description":"Ihr Partner f\u00fcr Seecontainer und Lagercontainer in der Schweiz \u2013 zum Kauf oder zur Miete, mit optionalem Kranablade-Service.","og_url":"https:\/\/kschmied.ch\/en\/kontakt\/transport-inquiry\/","og_site_name":"K. Schmied AG \u2013 Containers &amp; Shipping Switzerland","article_modified_time":"2025-10-14T18:42:11+00:00","og_image":[{"width":2000,"height":620,"url":"https:\/\/kschmied.ch\/wp-content\/uploads\/2019\/09\/Kontakt.jpg","type":"image\/jpeg"}],"twitter_card":"summary_large_image","twitter_misc":{"Est. reading time":"1 minute"},"schema":{"@context":"https:\/\/schema.org","@graph":[{"@type":"WebPage","@id":"https:\/\/kschmied.ch\/en\/kontakt\/transport-inquiry\/","url":"https:\/\/kschmied.ch\/en\/kontakt\/transport-inquiry\/","name":"TRANSPORT INQUIRY - K. Schmied AG \u2013 Containers &amp; Shipping Switzerland","isPartOf":{"@id":"https:\/\/kschmied.ch\/en\/#website"},"primaryImageOfPage":{"@id":"https:\/\/kschmied.ch\/en\/kontakt\/transport-inquiry\/#primaryimage"},"image":{"@id":"https:\/\/kschmied.ch\/en\/kontakt\/transport-inquiry\/#primaryimage"},"thumbnailUrl":"https:\/\/kschmied.ch\/wp-content\/uploads\/2019\/09\/Kontakt.jpg","datePublished":"2020-06-29T16:36:43+00:00","dateModified":"2025-10-14T18:42:11+00:00","description":"Entdecken Sie hochwertige Seecontainer, Lagercontainer und Schnellbaucontainer zum Kauf oder zur Miete in der Schweiz. Erfahren Sie mehr \u00fcber die verf\u00fcgbaren Gr\u00f6\u00dfen, Ausf\u00fchrungen und Preise. Kontaktieren Sie uns f\u00fcr eine kostenlose Anfrage!","breadcrumb":{"@id":"https:\/\/kschmied.ch\/en\/kontakt\/transport-inquiry\/#breadcrumb"},"inLanguage":"en-US","potentialAction":[{"@type":"ReadAction","target":["https:\/\/kschmied.ch\/en\/kontakt\/transport-inquiry\/"]}]},{"@type":"ImageObject","inLanguage":"en-US","@id":"https:\/\/kschmied.ch\/en\/kontakt\/transport-inquiry\/#primaryimage","url":"https:\/\/kschmied.ch\/wp-content\/uploads\/2019\/09\/Kontakt.jpg","contentUrl":"https:\/\/kschmied.ch\/wp-content\/uploads\/2019\/09\/Kontakt.jpg","width":2000,"height":620,"caption":"Contact details"},{"@type":"BreadcrumbList","@id":"https:\/\/kschmied.ch\/en\/kontakt\/transport-inquiry\/#breadcrumb","itemListElement":[{"@type":"ListItem","position":1,"name":"Accueil","item":"https:\/\/kschmied.ch\/en\/"},{"@type":"ListItem","position":2,"name":"Contact details","item":"https:\/\/kschmied.ch\/en\/kontakt\/"},{"@type":"ListItem","position":3,"name":"TRANSPORT INQUIRY"}]},{"@type":"WebSite","@id":"https:\/\/kschmied.ch\/en\/#website","url":"https:\/\/kschmied.ch\/en\/","name":"K. SCHMIED AG","description":"Swiss container trading &amp; shipping since 1979","publisher":{"@id":"https:\/\/kschmied.ch\/en\/#organization"},"alternateName":"K. SCHMIED AG","potentialAction":[{"@type":"SearchAction","target":{"@type":"EntryPoint","urlTemplate":"https:\/\/kschmied.ch\/en\/?s={search_term_string}"},"query-input":{"@type":"PropertyValueSpecification","valueRequired":true,"valueName":"search_term_string"}}],"inLanguage":"en-US"},{"@type":"Organization","@id":"https:\/\/kschmied.ch\/en\/#organization","name":"K. SCHMIED AG","alternateName":"K. SCHMIED AG","url":"https:\/\/kschmied.ch\/en\/","logo":{"@type":"ImageObject","inLanguage":"en-US","@id":"https:\/\/kschmied.ch\/en\/#\/schema\/logo\/image\/","url":"https:\/\/kschmied.ch\/wp-content\/uploads\/2020\/07\/LOGO-gross.jpg","contentUrl":"https:\/\/kschmied.ch\/wp-content\/uploads\/2020\/07\/LOGO-gross.jpg","width":770,"height":240,"caption":"K. SCHMIED AG"},"image":{"@id":"https:\/\/kschmied.ch\/en\/#\/schema\/logo\/image\/"},"sameAs":["https:\/\/ch.linkedin.com\/company\/k-schmied-ag"],"description":"K. SCHMIED AG ist ein f\u00fchrendes Unternehmen im Bereich Containerverkauf und -vermietung in der Schweiz. Mit langj\u00e4hriger Erfahrung bieten wir unseren Kunden robuste, langlebige Seecontainer, Lagercontainer und Schnellbaucontainer in verschiedenen Gr\u00f6\u00dfen und Ausf\u00fchrungen. Unser Service umfasst auch Transportl\u00f6sungen, ma\u00dfgeschneiderte Containeranforderungen und weltweiten Versand. Qualit\u00e4t, Kundenzufriedenheit und Zuverl\u00e4ssigkeit stehen bei uns an erster Stelle.","email":"info@kschmied.ch","telephone":"041 811 30 03","legalName":"K. SCHMIED internat. Transporte & Handels AG","foundingDate":"1979-01-01","vatID":"CHE-107.962.018 MWST","taxID":"CHE-107.962.018 MWST","numberOfEmployees":{"@type":"QuantitativeValue","minValue":"1","maxValue":"10"}}]}},"_links":{"self":[{"href":"https:\/\/kschmied.ch\/en\/wp-json\/wp\/v2\/pages\/20065","targetHints":{"allow":["GET"]}}],"collection":[{"href":"https:\/\/kschmied.ch\/en\/wp-json\/wp\/v2\/pages"}],"about":[{"href":"https:\/\/kschmied.ch\/en\/wp-json\/wp\/v2\/types\/page"}],"author":[{"embeddable":true,"href":"https:\/\/kschmied.ch\/en\/wp-json\/wp\/v2\/users\/1"}],"replies":[{"embeddable":true,"href":"https:\/\/kschmied.ch\/en\/wp-json\/wp\/v2\/comments?post=20065"}],"version-history":[{"count":0,"href":"https:\/\/kschmied.ch\/en\/wp-json\/wp\/v2\/pages\/20065\/revisions"}],"up":[{"embeddable":true,"href":"https:\/\/kschmied.ch\/en\/wp-json\/wp\/v2\/pages\/20679"}],"wp:featuredmedia":[{"embeddable":true,"href":"https:\/\/kschmied.ch\/en\/wp-json\/wp\/v2\/media\/5535"}],"wp:attachment":[{"href":"https:\/\/kschmied.ch\/en\/wp-json\/wp\/v2\/media?parent=20065"}],"curies":[{"name":"wp","href":"https:\/\/api.w.org\/{rel}","templated":true}]}}