{"id":20056,"date":"2020-06-29T16:51:24","date_gmt":"2020-06-29T14:51:24","guid":{"rendered":"https:\/\/www.kschmied.ch\/airfreight\/"},"modified":"2020-07-24T09:27:44","modified_gmt":"2020-07-24T07:27:44","slug":"airfreight","status":"publish","type":"page","link":"https:\/\/kschmied.ch\/en\/transports\/airfreight\/","title":{"rendered":"Airfreight"},"content":{"rendered":"<div id=\"pl-20056\"  class=\"panel-layout\" ><div id=\"pg-20056-0\"  class=\"panel-grid panel-no-style\" ><div id=\"pgc-20056-0-0\"  class=\"panel-grid-cell\" ><div id=\"panel-20056-0-0-0\" class=\"so-panel widget widget_black-studio-tinymce widget_black_studio_tinymce panel-first-child panel-last-child\" data-index=\"0\" ><h3 class=\"widget-title\"><span class=\"widget-title__inline\">AIRFREIGHT \u2013 WORLDWIDE<\/span><\/h3><div class=\"textwidget\"><p>Air freight - when fixed costs have to be reduced and delivery times have to be shortened.<\/p>\n<p>Our access to all airlines and our global agent network enables speed and a high degree of flexibility help us to achieve these goals. Many years of experience in the area of<strong> single-, collective- and charter air freight<\/strong> ensures reliability - which is often crucial.<\/p>\n<p>As a small, dynamic team, we offer you uncomplicated solutions and direct contacts to meet the highest logistical requirements. The advantages of short response times through tailor-made solutions are obvious.<\/p>\n<p>We would be happy to optimize your transit times too and thus increase your efficiency.<\/p>\n<\/div><\/div><\/div><div id=\"pgc-20056-0-1\"  class=\"panel-grid-cell\" ><div id=\"panel-20056-0-1-0\" class=\"so-panel widget widget_black-studio-tinymce widget_black_studio_tinymce panel-first-child panel-last-child\" data-index=\"1\" ><div class=\"textwidget\"><p><img loading=\"lazy\" decoding=\"async\" class=\"aligncenter wp-image-682 size-medium\" title=\"Airfreight\" src=\"https:\/\/www.kschmied.ch\/wp-content\/uploads\/2016\/03\/Air_kl-Kopie-200x300.jpg\" alt=\"Airfreight\" width=\"200\" height=\"300\" srcset=\"https:\/\/kschmied.ch\/wp-content\/uploads\/2016\/03\/Air_kl-Kopie-200x300.jpg 200w, https:\/\/kschmied.ch\/wp-content\/uploads\/2016\/03\/Air_kl-Kopie.jpg 283w\" sizes=\"auto, (max-width: 200px) 100vw, 200px\" \/><\/p>\n<p style=\"text-align: center;\"><span class='maxbutton-7-container mb-container'><a class=\"maxbutton-7 maxbutton maxbutton-trsp-anfrage-en-desktop\" title=\"TRANSPORT QUOTE\" href=\"https:\/\/www.kschmied.ch\/en\/kontakt\/transport-inquiry\/\"><span class='mb-text'>TRANSPORT QUOTE<\/span><\/a><\/span><\/p>\n<\/div><\/div><\/div><\/div><div id=\"pg-20056-1\"  class=\"panel-grid panel-no-style\" ><div id=\"pgc-20056-1-0\"  class=\"panel-grid-cell\" ><div id=\"panel-20056-1-0-0\" class=\"so-panel widget widget_black-studio-tinymce widget_black_studio_tinymce panel-first-child panel-last-child\" data-index=\"2\" ><div class=\"textwidget\"><p><span style=\"color: #000000;\"><strong>TRANSPORT GOODS<\/strong><\/span><\/p>\n<p>- Commercial goods<br \/>\n- Dangerous goods (DGR)<br \/>\n- Refrigerated goods<br \/>\n- Heavy- \/ oversize goods<\/p>\n<p><span style=\"color: #000000;\"><strong>VOLUMES<\/strong><\/span><\/p>\n<p>- Single &amp; collective air freight<br \/>\n- Full &amp; partial charter<\/p>\n<\/div><\/div><\/div><div id=\"pgc-20056-1-1\"  class=\"panel-grid-cell\" ><div id=\"panel-20056-1-1-0\" class=\"so-panel widget widget_black-studio-tinymce widget_black_studio_tinymce panel-first-child panel-last-child\" data-index=\"3\" ><div class=\"textwidget\"><p><span style=\"color: #000000;\"><strong>SERVICE<\/strong><\/span><\/p>\n<p>- Door-to-Door<br \/>\n- Customs clearance<br \/>\n- Versicherung<br \/>\n- Verpackung<br \/>\n- neutralization<br \/>\n- labeling<br \/>\n- Storage<\/p>\n<\/div><\/div><\/div><div id=\"pgc-20056-1-2\"  class=\"panel-grid-cell\" ><div id=\"panel-20056-1-2-0\" class=\"so-panel widget widget_black-studio-tinymce widget_black_studio_tinymce panel-first-child panel-last-child\" data-index=\"4\" ><div class=\"textwidget\"><p><span style=\"color: #000000;\"><strong>USEFUL LINKS<\/strong><\/span><\/p>\n<p>- <a href=\"https:\/\/www.track-trace.com\/aircargo\" target=\"_blank\" rel=\"noopener\">AIR Tracking<\/a><br \/>\n- <a href=\"https:\/\/www.iata.org\/publications\/pages\/code-search.aspx\" target=\"_blank\" rel=\"noopener\">Airline & Airport Codes<\/a><\/p>\n<\/div><\/div><\/div><div id=\"pgc-20056-1-3\"  class=\"panel-grid-cell\" ><div id=\"panel-20056-1-3-0\" class=\"so-panel widget widget_black-studio-tinymce widget_black_studio_tinymce panel-first-child panel-last-child\" data-index=\"5\" ><div class=\"textwidget\"><p style=\"text-align: left;\">\n            <a href=\"http:\/\/www.kschmied.ch\/wp-content\/uploads\/2015\/04\/LUFTFRACHT.pdf\" target=\"_blank\" rel=\"noopener\"><br \/>\n              <img loading=\"lazy\" decoding=\"async\" class=\"aligncenter wp-image-737 size-full\" src=\"https:\/\/www.kschmied.ch\/wp-content\/uploads\/2015\/04\/pdf-icon.png\" alt=\"AIRFREIGHT.PDF\" width=\"96\" height=\"96\"><br \/>\n            <\/a>\n          <\/p>\n<\/div><\/div><\/div><\/div><\/div>","protected":false},"excerpt":{"rendered":"<p>Fast &amp; reliable: The air freight network is one of the most reliable and fastest means of transportation. Direct connections and a large number of connecting flights enable deliveries to the world&#8217;s major cities within 1-3 days. 3-5 days or more only required for hard-to-reach destinations..<\/p>\n","protected":false},"author":1,"featured_media":7678,"parent":20172,"menu_order":2,"comment_status":"closed","ping_status":"closed","template":"","meta":{"_acf_changed":false,"footnotes":""},"class_list":["post-20056","page","type-page","status-publish","has-post-thumbnail","hentry"],"acf":[],"yoast_head":"<!-- This site is optimized with the Yoast SEO Premium plugin v27.4 (Yoast SEO v27.4) - https:\/\/yoast.com\/product\/yoast-seo-premium-wordpress\/ -->\n<title>Airfreight - AIR CARGO \/ Individual air freight \/ Collective air freight<\/title>\n<meta name=\"description\" content=\"Air freight - fast &amp; reliable - worldwide, individual air and collective air freight, full and partial charter, door-to-door (commercial goods), customs clearance\" \/>\n<meta name=\"robots\" content=\"index, follow, max-snippet:-1, max-image-preview:large, max-video-preview:-1\" \/>\n<link rel=\"canonical\" href=\"https:\/\/kschmied.ch\/en\/transports\/airfreight\/\" \/>\n<meta property=\"og:locale\" content=\"en_US\" \/>\n<meta property=\"og:type\" content=\"article\" \/>\n<meta property=\"og:title\" content=\"K. SCHMIED AG \u2013 Containerverkauf Schweiz\" \/>\n<meta property=\"og:description\" content=\"Ihr Partner f\u00fcr Seecontainer und Lagercontainer in der Schweiz \u2013 zum Kauf oder zur Miete, mit optionalem Kranablade-Service.\" \/>\n<meta property=\"og:url\" content=\"https:\/\/kschmied.ch\/en\/transports\/airfreight\/\" \/>\n<meta property=\"og:site_name\" content=\"K. Schmied AG \u2013 Containers &amp; Shipping Switzerland\" \/>\n<meta property=\"article:modified_time\" content=\"2020-07-24T07:27:44+00:00\" \/>\n<meta property=\"og:image\" content=\"https:\/\/kschmied.ch\/wp-content\/uploads\/2019\/11\/Luftfracht_f.jpg\" \/>\n\t<meta property=\"og:image:width\" content=\"300\" \/>\n\t<meta property=\"og:image:height\" content=\"200\" \/>\n\t<meta property=\"og:image:type\" content=\"image\/jpeg\" \/>\n<meta name=\"twitter:card\" content=\"summary_large_image\" \/>\n<meta name=\"twitter:label1\" content=\"Est. reading time\" \/>\n\t<meta name=\"twitter:data1\" content=\"1 minute\" \/>\n<!-- \/ Yoast SEO Premium plugin. -->","yoast_head_json":{"title":"Airfreight - AIR CARGO \/ Individual air freight \/ Collective air freight","description":"Air freight - fast & reliable - worldwide, individual air and collective air freight, full and partial charter, door-to-door (commercial goods), customs clearance","robots":{"index":"index","follow":"follow","max-snippet":"max-snippet:-1","max-image-preview":"max-image-preview:large","max-video-preview":"max-video-preview:-1"},"canonical":"https:\/\/kschmied.ch\/en\/transports\/airfreight\/","og_locale":"en_US","og_type":"article","og_title":"K. SCHMIED AG \u2013 Containerverkauf Schweiz","og_description":"Ihr Partner f\u00fcr Seecontainer und Lagercontainer in der Schweiz \u2013 zum Kauf oder zur Miete, mit optionalem Kranablade-Service.","og_url":"https:\/\/kschmied.ch\/en\/transports\/airfreight\/","og_site_name":"K. Schmied AG \u2013 Containers &amp; Shipping Switzerland","article_modified_time":"2020-07-24T07:27:44+00:00","og_image":[{"width":300,"height":200,"url":"https:\/\/kschmied.ch\/wp-content\/uploads\/2019\/11\/Luftfracht_f.jpg","type":"image\/jpeg"}],"twitter_card":"summary_large_image","twitter_misc":{"Est. reading time":"1 minute"},"schema":{"@context":"https:\/\/schema.org","@graph":[{"@type":"WebPage","@id":"https:\/\/kschmied.ch\/en\/transports\/airfreight\/","url":"https:\/\/kschmied.ch\/en\/transports\/airfreight\/","name":"Airfreight - AIR CARGO \/ Individual air freight \/ Collective air freight","isPartOf":{"@id":"https:\/\/kschmied.ch\/en\/#website"},"primaryImageOfPage":{"@id":"https:\/\/kschmied.ch\/en\/transports\/airfreight\/#primaryimage"},"image":{"@id":"https:\/\/kschmied.ch\/en\/transports\/airfreight\/#primaryimage"},"thumbnailUrl":"https:\/\/kschmied.ch\/wp-content\/uploads\/2019\/11\/Luftfracht_f.jpg","datePublished":"2020-06-29T14:51:24+00:00","dateModified":"2020-07-24T07:27:44+00:00","description":"Air freight - fast & reliable - worldwide, individual air and collective air freight, full and partial charter, door-to-door (commercial goods), customs clearance","breadcrumb":{"@id":"https:\/\/kschmied.ch\/en\/transports\/airfreight\/#breadcrumb"},"inLanguage":"en-US","potentialAction":[{"@type":"ReadAction","target":["https:\/\/kschmied.ch\/en\/transports\/airfreight\/"]}]},{"@type":"ImageObject","inLanguage":"en-US","@id":"https:\/\/kschmied.ch\/en\/transports\/airfreight\/#primaryimage","url":"https:\/\/kschmied.ch\/wp-content\/uploads\/2019\/11\/Luftfracht_f.jpg","contentUrl":"https:\/\/kschmied.ch\/wp-content\/uploads\/2019\/11\/Luftfracht_f.jpg","width":300,"height":200,"caption":"Luftfracht"},{"@type":"BreadcrumbList","@id":"https:\/\/kschmied.ch\/en\/transports\/airfreight\/#breadcrumb","itemListElement":[{"@type":"ListItem","position":1,"name":"Accueil","item":"https:\/\/kschmied.ch\/en\/"},{"@type":"ListItem","position":2,"name":"Transports","item":"https:\/\/kschmied.ch\/en\/transports\/"},{"@type":"ListItem","position":3,"name":"Airfreight"}]},{"@type":"WebSite","@id":"https:\/\/kschmied.ch\/en\/#website","url":"https:\/\/kschmied.ch\/en\/","name":"K. SCHMIED AG","description":"Swiss container trading &amp; shipping since 1979","publisher":{"@id":"https:\/\/kschmied.ch\/en\/#organization"},"alternateName":"K. SCHMIED AG","potentialAction":[{"@type":"SearchAction","target":{"@type":"EntryPoint","urlTemplate":"https:\/\/kschmied.ch\/en\/?s={search_term_string}"},"query-input":{"@type":"PropertyValueSpecification","valueRequired":true,"valueName":"search_term_string"}}],"inLanguage":"en-US"},{"@type":"Organization","@id":"https:\/\/kschmied.ch\/en\/#organization","name":"K. SCHMIED AG","alternateName":"K. SCHMIED AG","url":"https:\/\/kschmied.ch\/en\/","logo":{"@type":"ImageObject","inLanguage":"en-US","@id":"https:\/\/kschmied.ch\/en\/#\/schema\/logo\/image\/","url":"https:\/\/kschmied.ch\/wp-content\/uploads\/2020\/07\/LOGO-gross.jpg","contentUrl":"https:\/\/kschmied.ch\/wp-content\/uploads\/2020\/07\/LOGO-gross.jpg","width":770,"height":240,"caption":"K. SCHMIED AG"},"image":{"@id":"https:\/\/kschmied.ch\/en\/#\/schema\/logo\/image\/"},"sameAs":["https:\/\/ch.linkedin.com\/company\/k-schmied-ag"],"description":"K. SCHMIED AG ist ein f\u00fchrendes Unternehmen im Bereich Containerverkauf und -vermietung in der Schweiz. Mit langj\u00e4hriger Erfahrung bieten wir unseren Kunden robuste, langlebige Seecontainer, Lagercontainer und Schnellbaucontainer in verschiedenen Gr\u00f6\u00dfen und Ausf\u00fchrungen. Unser Service umfasst auch Transportl\u00f6sungen, ma\u00dfgeschneiderte Containeranforderungen und weltweiten Versand. Qualit\u00e4t, Kundenzufriedenheit und Zuverl\u00e4ssigkeit stehen bei uns an erster Stelle.","email":"info@kschmied.ch","telephone":"041 811 30 03","legalName":"K. SCHMIED internat. Transporte & Handels AG","foundingDate":"1979-01-01","vatID":"CHE-107.962.018 MWST","taxID":"CHE-107.962.018 MWST","numberOfEmployees":{"@type":"QuantitativeValue","minValue":"1","maxValue":"10"}}]}},"_links":{"self":[{"href":"https:\/\/kschmied.ch\/en\/wp-json\/wp\/v2\/pages\/20056","targetHints":{"allow":["GET"]}}],"collection":[{"href":"https:\/\/kschmied.ch\/en\/wp-json\/wp\/v2\/pages"}],"about":[{"href":"https:\/\/kschmied.ch\/en\/wp-json\/wp\/v2\/types\/page"}],"author":[{"embeddable":true,"href":"https:\/\/kschmied.ch\/en\/wp-json\/wp\/v2\/users\/1"}],"replies":[{"embeddable":true,"href":"https:\/\/kschmied.ch\/en\/wp-json\/wp\/v2\/comments?post=20056"}],"version-history":[{"count":0,"href":"https:\/\/kschmied.ch\/en\/wp-json\/wp\/v2\/pages\/20056\/revisions"}],"up":[{"embeddable":true,"href":"https:\/\/kschmied.ch\/en\/wp-json\/wp\/v2\/pages\/20172"}],"wp:featuredmedia":[{"embeddable":true,"href":"https:\/\/kschmied.ch\/en\/wp-json\/wp\/v2\/media\/7678"}],"wp:attachment":[{"href":"https:\/\/kschmied.ch\/en\/wp-json\/wp\/v2\/media?parent=20056"}],"curies":[{"name":"wp","href":"https:\/\/api.w.org\/{rel}","templated":true}]}}