{"id":20022,"date":"2020-06-25T14:07:53","date_gmt":"2020-06-25T12:07:53","guid":{"rendered":"https:\/\/www.kschmied.ch\/timetable-europe-cis\/"},"modified":"2020-06-25T14:07:53","modified_gmt":"2020-06-25T12:07:53","slug":"timetable-europe-cis","status":"publish","type":"page","link":"https:\/\/kschmied.ch\/en\/transports\/road-transport\/timetable-europe-cis\/","title":{"rendered":"TIMETABLE EUROPE &amp; CIS"},"content":{"rendered":"<div id=\"pl-20022\"  class=\"panel-layout\" ><div id=\"pg-20022-0\"  class=\"panel-grid panel-no-style\" ><div id=\"pgc-20022-0-0\"  class=\"panel-grid-cell\" ><div id=\"panel-20022-0-0-0\" class=\"so-panel widget widget_black-studio-tinymce widget_black_studio_tinymce panel-first-child panel-last-child\" data-index=\"0\" ><h3 class=\"widget-title\"><span class=\"widget-title__inline\">TIMETABLE &#8211; GENERAL CARGO \/ EXPORT<\/span><\/h3><div class=\"textwidget\"><p>We offer you optimized logistics solutions for general cargo \/ groupage and complete goods, in direct and combined transport in <strong>Switzerland, Europe and from and to the CIS countries<\/strong>.<\/p>\n<\/div><\/div><\/div><div id=\"pgc-20022-0-1\"  class=\"panel-grid-cell\" ><div id=\"panel-20022-0-1-0\" class=\"so-panel widget widget_black-studio-tinymce widget_black_studio_tinymce panel-first-child panel-last-child\" data-index=\"1\" ><div class=\"textwidget\"><p>          <a href=\"https:\/\/www.kschmied.ch\/wp-content\/uploads\/2019\/09\/FAHRPLAN_Sammelgut.pdf\" target=\"_blank\" rel=\"noopener\"><br \/>\n            <img loading=\"lazy\" decoding=\"async\" class=\"aligncenter wp-image-737 size-full\" src=\"https:\/\/www.kschmied.ch\/wp-content\/uploads\/2015\/04\/pdf-icon.png\" alt=\"Timetable.PDF\" width=\"96\" height=\"96\"><br \/>\n          <\/a><\/p>\n<\/div><\/div><\/div><\/div><div id=\"pg-20022-1\"  class=\"panel-grid panel-no-style\" ><div id=\"pgc-20022-1-0\"  class=\"panel-grid-cell\" ><div id=\"panel-20022-1-0-0\" class=\"so-panel widget widget_black-studio-tinymce widget_black_studio_tinymce panel-first-child panel-last-child\" data-index=\"2\" ><h3 class=\"widget-title\"><span class=\"widget-title__inline\">Europe &#038; CIS<\/span><\/h3><div class=\"textwidget\"><p><\/p>\n<p>*The specified terms are based on <strong>working days<\/strong> and serve as guidelines from the export terminal to the target region terminal.<\/p>\n<p>For the lead from your domicile to the departure terminal, +1 day is to be expected and for delivery in the target country to the domicile + approx. 1-2 day (s). *In the event of unforeseen delays such as Customs revision etc. it can also be longer.<\/p>\n<p>Changes in departure frequencies are provisioned depending on the volume of transport and the different modes of transport.<\/p>\n<p>By arrangement, full truck loads (FCL) are also possible daily and to other regions as well.<\/p>\n<p>We would be happy to advise you in a personal conversation to help you to optimize your delivery times and costs.<\/p>\n<\/div><\/div><\/div><div id=\"pgc-20022-1-1\"  class=\"panel-grid-cell\" ><div id=\"panel-20022-1-1-0\" class=\"so-panel widget widget_black-studio-tinymce widget_black_studio_tinymce panel-first-child panel-last-child\" data-index=\"3\" ><div class=\"textwidget\"><p style=\"text-align: center;\">\n            <span class='maxbutton-6-container mb-container'><a class=\"maxbutton-6 maxbutton maxbutton-anfrage-transport\" href=\"https:\/\/www.kschmied.ch\/kontakt\/transportanfrage\/\"><span class='mb-text'>TRANSPORTKOSTEN ANFRAGEN<\/span><\/a><\/span>\n          <\/p>\n<\/div><\/div><\/div><\/div><div id=\"pg-20022-2\"  class=\"panel-grid panel-no-style\" ><div id=\"pgc-20022-2-0\"  class=\"panel-grid-cell\" ><div id=\"panel-20022-2-0-0\" class=\"so-panel widget widget_black-studio-tinymce widget_black_studio_tinymce panel-first-child panel-last-child\" data-index=\"4\" ><div class=\"textwidget\"><p><span style=\"color: #000000;\"><strong>TRANSPORTG\u00dcTER<\/strong><\/span><\/p>\n<p>- Commercial goods<br \/>\n- Dangerous goods (ADR)<\/p>\n<p><span style=\"color: #000000;\"><strong>VOLUMES<\/strong><\/span><\/p>\n<p>- General cargo \/ groupage<br \/>\n- Complete goods (FCL)<\/p>\n<\/div><\/div><\/div><div id=\"pgc-20022-2-1\"  class=\"panel-grid-cell\" ><div id=\"panel-20022-2-1-0\" class=\"so-panel widget widget_black-studio-tinymce widget_black_studio_tinymce panel-first-child panel-last-child\" data-index=\"5\" ><div class=\"textwidget\"><p><span style=\"color: #000000;\"><strong>SERVICE<\/strong><\/span><\/p>\n<p>- Door-to-Door<br \/>\n- Direct trips, EXPRESS<br \/>\n- Customs clearance<br \/>\n- Transport insurance<br \/>\n- Verpackung<br \/>\n- Neutralization<br \/>\n- Labeling<br \/>\n- Storage<\/p>\n<\/div><\/div><\/div><div id=\"pgc-20022-2-2\"  class=\"panel-grid-cell\" ><div id=\"panel-20022-2-2-0\" class=\"so-panel widget widget_black-studio-tinymce widget_black_studio_tinymce panel-first-child panel-last-child\" data-index=\"6\" ><div class=\"textwidget\"><\/div><\/div><\/div><\/div><\/div>","protected":false},"excerpt":{"rendered":"<p>Daily departures for groupage and general goods within Switzerland, from and to Europe and CIS. <\/p>\n","protected":false},"author":1,"featured_media":4825,"parent":20170,"menu_order":2,"comment_status":"closed","ping_status":"closed","template":"","meta":{"_acf_changed":false,"footnotes":""},"class_list":["post-20022","page","type-page","status-publish","has-post-thumbnail","hentry"],"acf":[],"yoast_head":"<!-- This site is optimized with the Yoast SEO Premium plugin v27.4 (Yoast SEO v27.4) - https:\/\/yoast.com\/product\/yoast-seo-premium-wordpress\/ -->\n<title>TIMETABLE EUROPE &amp; CIS - K. Schmied AG \u2013 Containers &amp; Shipping Switzerland<\/title>\n<meta name=\"description\" content=\"Entdecken Sie hochwertige Seecontainer, Lagercontainer und Schnellbaucontainer zum Kauf oder zur Miete in der Schweiz. Erfahren Sie mehr \u00fcber die verf\u00fcgbaren Gr\u00f6\u00dfen, Ausf\u00fchrungen und Preise. Kontaktieren Sie uns f\u00fcr eine kostenlose Anfrage!\" \/>\n<meta name=\"robots\" content=\"index, follow, max-snippet:-1, max-image-preview:large, max-video-preview:-1\" \/>\n<link rel=\"canonical\" href=\"https:\/\/kschmied.ch\/en\/transports\/road-transport\/timetable-europe-cis\/\" \/>\n<meta property=\"og:locale\" content=\"en_US\" \/>\n<meta property=\"og:type\" content=\"article\" \/>\n<meta property=\"og:title\" content=\"K. SCHMIED AG \u2013 Containerverkauf Schweiz\" \/>\n<meta property=\"og:description\" content=\"Ihr Partner f\u00fcr Seecontainer und Lagercontainer in der Schweiz \u2013 zum Kauf oder zur Miete, mit optionalem Kranablade-Service.\" \/>\n<meta property=\"og:url\" content=\"https:\/\/kschmied.ch\/en\/transports\/road-transport\/timetable-europe-cis\/\" \/>\n<meta property=\"og:site_name\" content=\"K. Schmied AG \u2013 Containers &amp; Shipping Switzerland\" \/>\n<meta property=\"og:image\" content=\"https:\/\/kschmied.ch\/wp-content\/uploads\/2019\/09\/Fahrplan_f.jpg\" \/>\n\t<meta property=\"og:image:width\" content=\"300\" \/>\n\t<meta property=\"og:image:height\" content=\"200\" \/>\n\t<meta property=\"og:image:type\" content=\"image\/jpeg\" \/>\n<meta name=\"twitter:card\" content=\"summary_large_image\" \/>\n<meta name=\"twitter:label1\" content=\"Est. reading time\" \/>\n\t<meta name=\"twitter:data1\" content=\"1 minute\" \/>\n<!-- \/ Yoast SEO Premium plugin. -->","yoast_head_json":{"title":"TIMETABLE EUROPE &amp; CIS - K. Schmied AG \u2013 Containers &amp; Shipping Switzerland","description":"Entdecken Sie hochwertige Seecontainer, Lagercontainer und Schnellbaucontainer zum Kauf oder zur Miete in der Schweiz. Erfahren Sie mehr \u00fcber die verf\u00fcgbaren Gr\u00f6\u00dfen, Ausf\u00fchrungen und Preise. Kontaktieren Sie uns f\u00fcr eine kostenlose Anfrage!","robots":{"index":"index","follow":"follow","max-snippet":"max-snippet:-1","max-image-preview":"max-image-preview:large","max-video-preview":"max-video-preview:-1"},"canonical":"https:\/\/kschmied.ch\/en\/transports\/road-transport\/timetable-europe-cis\/","og_locale":"en_US","og_type":"article","og_title":"K. SCHMIED AG \u2013 Containerverkauf Schweiz","og_description":"Ihr Partner f\u00fcr Seecontainer und Lagercontainer in der Schweiz \u2013 zum Kauf oder zur Miete, mit optionalem Kranablade-Service.","og_url":"https:\/\/kschmied.ch\/en\/transports\/road-transport\/timetable-europe-cis\/","og_site_name":"K. Schmied AG \u2013 Containers &amp; Shipping Switzerland","og_image":[{"width":300,"height":200,"url":"https:\/\/kschmied.ch\/wp-content\/uploads\/2019\/09\/Fahrplan_f.jpg","type":"image\/jpeg"}],"twitter_card":"summary_large_image","twitter_misc":{"Est. reading time":"1 minute"},"schema":{"@context":"https:\/\/schema.org","@graph":[{"@type":"WebPage","@id":"https:\/\/kschmied.ch\/en\/transports\/road-transport\/timetable-europe-cis\/","url":"https:\/\/kschmied.ch\/en\/transports\/road-transport\/timetable-europe-cis\/","name":"TIMETABLE EUROPE &amp; CIS - K. Schmied AG \u2013 Containers &amp; Shipping Switzerland","isPartOf":{"@id":"https:\/\/kschmied.ch\/en\/#website"},"primaryImageOfPage":{"@id":"https:\/\/kschmied.ch\/en\/transports\/road-transport\/timetable-europe-cis\/#primaryimage"},"image":{"@id":"https:\/\/kschmied.ch\/en\/transports\/road-transport\/timetable-europe-cis\/#primaryimage"},"thumbnailUrl":"https:\/\/kschmied.ch\/wp-content\/uploads\/2019\/09\/Fahrplan_f.jpg","datePublished":"2020-06-25T12:07:53+00:00","description":"Entdecken Sie hochwertige Seecontainer, Lagercontainer und Schnellbaucontainer zum Kauf oder zur Miete in der Schweiz. Erfahren Sie mehr \u00fcber die verf\u00fcgbaren Gr\u00f6\u00dfen, Ausf\u00fchrungen und Preise. Kontaktieren Sie uns f\u00fcr eine kostenlose Anfrage!","breadcrumb":{"@id":"https:\/\/kschmied.ch\/en\/transports\/road-transport\/timetable-europe-cis\/#breadcrumb"},"inLanguage":"en-US","potentialAction":[{"@type":"ReadAction","target":["https:\/\/kschmied.ch\/en\/transports\/road-transport\/timetable-europe-cis\/"]}]},{"@type":"ImageObject","inLanguage":"en-US","@id":"https:\/\/kschmied.ch\/en\/transports\/road-transport\/timetable-europe-cis\/#primaryimage","url":"https:\/\/kschmied.ch\/wp-content\/uploads\/2019\/09\/Fahrplan_f.jpg","contentUrl":"https:\/\/kschmied.ch\/wp-content\/uploads\/2019\/09\/Fahrplan_f.jpg","width":300,"height":200,"caption":"Fahrplan Sammelgut"},{"@type":"BreadcrumbList","@id":"https:\/\/kschmied.ch\/en\/transports\/road-transport\/timetable-europe-cis\/#breadcrumb","itemListElement":[{"@type":"ListItem","position":1,"name":"Accueil","item":"https:\/\/kschmied.ch\/en\/"},{"@type":"ListItem","position":2,"name":"Transports","item":"https:\/\/kschmied.ch\/en\/transports\/"},{"@type":"ListItem","position":3,"name":"Road transport","item":"https:\/\/kschmied.ch\/en\/transports\/road-transport\/"},{"@type":"ListItem","position":4,"name":"TIMETABLE EUROPE &amp; CIS"}]},{"@type":"WebSite","@id":"https:\/\/kschmied.ch\/en\/#website","url":"https:\/\/kschmied.ch\/en\/","name":"K. SCHMIED AG","description":"Swiss container trading &amp; shipping since 1979","publisher":{"@id":"https:\/\/kschmied.ch\/en\/#organization"},"alternateName":"K. SCHMIED AG","potentialAction":[{"@type":"SearchAction","target":{"@type":"EntryPoint","urlTemplate":"https:\/\/kschmied.ch\/en\/?s={search_term_string}"},"query-input":{"@type":"PropertyValueSpecification","valueRequired":true,"valueName":"search_term_string"}}],"inLanguage":"en-US"},{"@type":"Organization","@id":"https:\/\/kschmied.ch\/en\/#organization","name":"K. SCHMIED AG","alternateName":"K. SCHMIED AG","url":"https:\/\/kschmied.ch\/en\/","logo":{"@type":"ImageObject","inLanguage":"en-US","@id":"https:\/\/kschmied.ch\/en\/#\/schema\/logo\/image\/","url":"https:\/\/kschmied.ch\/wp-content\/uploads\/2020\/07\/LOGO-gross.jpg","contentUrl":"https:\/\/kschmied.ch\/wp-content\/uploads\/2020\/07\/LOGO-gross.jpg","width":770,"height":240,"caption":"K. SCHMIED AG"},"image":{"@id":"https:\/\/kschmied.ch\/en\/#\/schema\/logo\/image\/"},"sameAs":["https:\/\/ch.linkedin.com\/company\/k-schmied-ag"],"description":"K. SCHMIED AG ist ein f\u00fchrendes Unternehmen im Bereich Containerverkauf und -vermietung in der Schweiz. Mit langj\u00e4hriger Erfahrung bieten wir unseren Kunden robuste, langlebige Seecontainer, Lagercontainer und Schnellbaucontainer in verschiedenen Gr\u00f6\u00dfen und Ausf\u00fchrungen. Unser Service umfasst auch Transportl\u00f6sungen, ma\u00dfgeschneiderte Containeranforderungen und weltweiten Versand. Qualit\u00e4t, Kundenzufriedenheit und Zuverl\u00e4ssigkeit stehen bei uns an erster Stelle.","email":"info@kschmied.ch","telephone":"041 811 30 03","legalName":"K. SCHMIED internat. Transporte & Handels AG","foundingDate":"1979-01-01","vatID":"CHE-107.962.018 MWST","taxID":"CHE-107.962.018 MWST","numberOfEmployees":{"@type":"QuantitativeValue","minValue":"1","maxValue":"10"}}]}},"_links":{"self":[{"href":"https:\/\/kschmied.ch\/en\/wp-json\/wp\/v2\/pages\/20022","targetHints":{"allow":["GET"]}}],"collection":[{"href":"https:\/\/kschmied.ch\/en\/wp-json\/wp\/v2\/pages"}],"about":[{"href":"https:\/\/kschmied.ch\/en\/wp-json\/wp\/v2\/types\/page"}],"author":[{"embeddable":true,"href":"https:\/\/kschmied.ch\/en\/wp-json\/wp\/v2\/users\/1"}],"replies":[{"embeddable":true,"href":"https:\/\/kschmied.ch\/en\/wp-json\/wp\/v2\/comments?post=20022"}],"version-history":[{"count":0,"href":"https:\/\/kschmied.ch\/en\/wp-json\/wp\/v2\/pages\/20022\/revisions"}],"up":[{"embeddable":true,"href":"https:\/\/kschmied.ch\/en\/wp-json\/wp\/v2\/pages\/20170"}],"wp:featuredmedia":[{"embeddable":true,"href":"https:\/\/kschmied.ch\/en\/wp-json\/wp\/v2\/media\/4825"}],"wp:attachment":[{"href":"https:\/\/kschmied.ch\/en\/wp-json\/wp\/v2\/media?parent=20022"}],"curies":[{"name":"wp","href":"https:\/\/api.w.org\/{rel}","templated":true}]}}