{"id":20021,"date":"2020-06-25T13:41:12","date_gmt":"2020-06-25T11:41:12","guid":{"rendered":"https:\/\/www.kschmied.ch\/transports-to-germany\/"},"modified":"2020-07-24T09:00:43","modified_gmt":"2020-07-24T07:00:43","slug":"transports-to-germany","status":"publish","type":"page","link":"https:\/\/kschmied.ch\/en\/transports\/road-transport\/transports-to-germany\/","title":{"rendered":"Transports to Germany"},"content":{"rendered":"<div id=\"pl-20021\"  class=\"panel-layout\" ><div id=\"pg-20021-0\"  class=\"panel-grid panel-no-style\" ><div id=\"pgc-20021-0-0\"  class=\"panel-grid-cell\" ><div id=\"panel-20021-0-0-0\" class=\"so-panel widget widget_black-studio-tinymce widget_black_studio_tinymce panel-first-child panel-last-child\" data-index=\"0\" ><h3 class=\"widget-title\"><span class=\"widget-title__inline\">GERMANY \u2013 SWITZERLAND<\/span><\/h3><div class=\"textwidget\"><p>We have a powerful and competitive network for truck transports from or to Germany. Our customs specialists will be happy to take care of the Swiss export or German import customs clearance for you.<\/p>\n<p>We offer daily departures for individual shipments, special trips (express) or regular shipments.<\/p>\n<p>We would be happy to make you an interesting offer.<\/p>\n<\/div><\/div><\/div><div id=\"pgc-20021-0-1\"  class=\"panel-grid-cell\" ><div id=\"panel-20021-0-1-0\" class=\"so-panel widget widget_black-studio-tinymce widget_black_studio_tinymce panel-first-child panel-last-child\" data-index=\"1\" ><div class=\"textwidget\"><p><img loading=\"lazy\" decoding=\"async\" class=\"aligncenter size-medium wp-image-4773\" src=\"https:\/\/www.kschmied.ch\/wp-content\/uploads\/2019\/09\/Deutschland_Verkehr_h-300x200.jpg\" alt=\"Shipments to Germany\" width=\"300\" height=\"200\" srcset=\"https:\/\/kschmied.ch\/wp-content\/uploads\/2019\/09\/Deutschland_Verkehr_h.jpg 300w, https:\/\/kschmied.ch\/wp-content\/uploads\/2019\/09\/Deutschland_Verkehr_h-272x182.jpg 272w\" sizes=\"auto, (max-width: 300px) 100vw, 300px\" \/><\/p>\n<p style=\"text-align: center;\"><span class='maxbutton-7-container mb-container'><a class=\"maxbutton-7 maxbutton maxbutton-trsp-anfrage-en-desktop\" title=\"TRANSPORT QUOTE\" href=\"https:\/\/www.kschmied.ch\/en\/kontakt\/transport-inquiry\/\"><span class='mb-text'>TRANSPORT QUOTE<\/span><\/a><\/span><\/p>\n<\/div><\/div><\/div><\/div><div id=\"pg-20021-1\"  class=\"panel-grid panel-no-style\" ><div id=\"pgc-20021-1-0\"  class=\"panel-grid-cell\" ><div id=\"panel-20021-1-0-0\" class=\"so-panel widget widget_black-studio-tinymce widget_black_studio_tinymce panel-first-child panel-last-child\" data-index=\"2\" ><div class=\"textwidget\"><p><span style=\"color: #000000;\"><strong>TRANSPORTG\u00dcTER<\/strong><\/span><\/p>\n<p>- commercial goods<br \/>\n- dangerous goods (ADR)<br \/>\n- refrigerated goods<\/p>\n<p><span style=\"color: #000000;\"><strong>VOLUMES<\/strong><\/span><\/p>\n<p>- General cargo \/ groupage<br \/>\n- Complete goods (FCL)<br \/>\n- Excess- & heavy cargo<\/p>\n<\/div><\/div><\/div><div id=\"pgc-20021-1-1\"  class=\"panel-grid-cell\" ><div id=\"panel-20021-1-1-0\" class=\"so-panel widget widget_black-studio-tinymce widget_black_studio_tinymce panel-first-child panel-last-child\" data-index=\"3\" ><div class=\"textwidget\"><p><span style=\"color: #000000;\"><strong>SERVICE<\/strong><\/span><\/p>\n<p>- Door-to-Door<br \/>\n- daily departures<br \/>\n- Direct trips, EXPRESS<br \/>\n- Customs clearance<br \/>\n- Insurance<br \/>\n- Packaging<br \/>\n- Neutralization<br \/>\n- Labeling<br \/>\n- Storage<\/p>\n<\/div><\/div><\/div><div id=\"pgc-20021-1-2\"  class=\"panel-grid-cell\" ><div id=\"panel-20021-1-2-0\" class=\"so-panel widget widget_black-studio-tinymce widget_black_studio_tinymce panel-first-child panel-last-child\" data-index=\"4\" ><div class=\"textwidget\"><p>          <img loading=\"lazy\" decoding=\"async\" class=\"aligncenter size-medium wp-image-5961\" src=\"https:\/\/www.kschmied.ch\/wp-content\/uploads\/2019\/10\/Deutschland_Schweiz-281x300.jpg\" alt=\"Germany - Switzerland shipments\" width=\"281\" height=\"300\" srcset=\"https:\/\/kschmied.ch\/wp-content\/uploads\/2019\/10\/Deutschland_Schweiz-281x300.jpg 281w, https:\/\/kschmied.ch\/wp-content\/uploads\/2019\/10\/Deutschland_Schweiz.jpg 300w\" sizes=\"auto, (max-width: 281px) 100vw, 281px\" \/><\/p>\n<\/div><\/div><\/div><\/div><\/div>","protected":false},"excerpt":{"rendered":"<p>Daily departures for individual shipments, special trips (express) or regular shipments at attractive conditions.<\/p>\n<p>We would be happy to make you an interesting offer.<\/p>\n","protected":false},"author":1,"featured_media":1928,"parent":20170,"menu_order":2,"comment_status":"closed","ping_status":"closed","template":"","meta":{"_acf_changed":false,"footnotes":""},"class_list":["post-20021","page","type-page","status-publish","has-post-thumbnail","hentry"],"acf":[],"yoast_head":"<!-- This site is optimized with the Yoast SEO Premium plugin v27.4 (Yoast SEO v27.4) - https:\/\/yoast.com\/product\/yoast-seo-premium-wordpress\/ -->\n<title>Transports to Germany - K. Schmied AG \u2013 Containers &amp; Shipping Switzerland<\/title>\n<meta name=\"description\" content=\"Entdecken Sie hochwertige Seecontainer, Lagercontainer und Schnellbaucontainer zum Kauf oder zur Miete in der Schweiz. Erfahren Sie mehr \u00fcber die verf\u00fcgbaren Gr\u00f6\u00dfen, Ausf\u00fchrungen und Preise. Kontaktieren Sie uns f\u00fcr eine kostenlose Anfrage!\" \/>\n<meta name=\"robots\" content=\"index, follow, max-snippet:-1, max-image-preview:large, max-video-preview:-1\" \/>\n<link rel=\"canonical\" href=\"https:\/\/kschmied.ch\/en\/transports\/road-transport\/transports-to-germany\/\" \/>\n<meta property=\"og:locale\" content=\"en_US\" \/>\n<meta property=\"og:type\" content=\"article\" \/>\n<meta property=\"og:title\" content=\"K. SCHMIED AG \u2013 Containerverkauf Schweiz\" \/>\n<meta property=\"og:description\" content=\"Ihr Partner f\u00fcr Seecontainer und Lagercontainer in der Schweiz \u2013 zum Kauf oder zur Miete, mit optionalem Kranablade-Service.\" \/>\n<meta property=\"og:url\" content=\"https:\/\/kschmied.ch\/en\/transports\/road-transport\/transports-to-germany\/\" \/>\n<meta property=\"og:site_name\" content=\"K. Schmied AG \u2013 Containers &amp; Shipping Switzerland\" \/>\n<meta property=\"article:modified_time\" content=\"2020-07-24T07:00:43+00:00\" \/>\n<meta property=\"og:image\" content=\"https:\/\/kschmied.ch\/wp-content\/uploads\/2016\/03\/Depositphotos_39307789_m.jpg\" \/>\n\t<meta property=\"og:image:width\" content=\"1732\" \/>\n\t<meta property=\"og:image:height\" content=\"1155\" \/>\n\t<meta property=\"og:image:type\" content=\"image\/jpeg\" \/>\n<meta name=\"twitter:card\" content=\"summary_large_image\" \/>\n<meta name=\"twitter:label1\" content=\"Est. reading time\" \/>\n\t<meta name=\"twitter:data1\" content=\"1 minute\" \/>\n<!-- \/ Yoast SEO Premium plugin. -->","yoast_head_json":{"title":"Transports to Germany - K. Schmied AG \u2013 Containers &amp; Shipping Switzerland","description":"Entdecken Sie hochwertige Seecontainer, Lagercontainer und Schnellbaucontainer zum Kauf oder zur Miete in der Schweiz. Erfahren Sie mehr \u00fcber die verf\u00fcgbaren Gr\u00f6\u00dfen, Ausf\u00fchrungen und Preise. Kontaktieren Sie uns f\u00fcr eine kostenlose Anfrage!","robots":{"index":"index","follow":"follow","max-snippet":"max-snippet:-1","max-image-preview":"max-image-preview:large","max-video-preview":"max-video-preview:-1"},"canonical":"https:\/\/kschmied.ch\/en\/transports\/road-transport\/transports-to-germany\/","og_locale":"en_US","og_type":"article","og_title":"K. SCHMIED AG \u2013 Containerverkauf Schweiz","og_description":"Ihr Partner f\u00fcr Seecontainer und Lagercontainer in der Schweiz \u2013 zum Kauf oder zur Miete, mit optionalem Kranablade-Service.","og_url":"https:\/\/kschmied.ch\/en\/transports\/road-transport\/transports-to-germany\/","og_site_name":"K. Schmied AG \u2013 Containers &amp; Shipping Switzerland","article_modified_time":"2020-07-24T07:00:43+00:00","og_image":[{"width":1732,"height":1155,"url":"https:\/\/kschmied.ch\/wp-content\/uploads\/2016\/03\/Depositphotos_39307789_m.jpg","type":"image\/jpeg"}],"twitter_card":"summary_large_image","twitter_misc":{"Est. reading time":"1 minute"},"schema":{"@context":"https:\/\/schema.org","@graph":[{"@type":"WebPage","@id":"https:\/\/kschmied.ch\/en\/transports\/road-transport\/transports-to-germany\/","url":"https:\/\/kschmied.ch\/en\/transports\/road-transport\/transports-to-germany\/","name":"Transports to Germany - K. Schmied AG \u2013 Containers &amp; Shipping Switzerland","isPartOf":{"@id":"https:\/\/kschmied.ch\/en\/#website"},"primaryImageOfPage":{"@id":"https:\/\/kschmied.ch\/en\/transports\/road-transport\/transports-to-germany\/#primaryimage"},"image":{"@id":"https:\/\/kschmied.ch\/en\/transports\/road-transport\/transports-to-germany\/#primaryimage"},"thumbnailUrl":"https:\/\/kschmied.ch\/wp-content\/uploads\/2016\/03\/Depositphotos_39307789_m.jpg","datePublished":"2020-06-25T11:41:12+00:00","dateModified":"2020-07-24T07:00:43+00:00","description":"Entdecken Sie hochwertige Seecontainer, Lagercontainer und Schnellbaucontainer zum Kauf oder zur Miete in der Schweiz. Erfahren Sie mehr \u00fcber die verf\u00fcgbaren Gr\u00f6\u00dfen, Ausf\u00fchrungen und Preise. Kontaktieren Sie uns f\u00fcr eine kostenlose Anfrage!","breadcrumb":{"@id":"https:\/\/kschmied.ch\/en\/transports\/road-transport\/transports-to-germany\/#breadcrumb"},"inLanguage":"en-US","potentialAction":[{"@type":"ReadAction","target":["https:\/\/kschmied.ch\/en\/transports\/road-transport\/transports-to-germany\/"]}]},{"@type":"ImageObject","inLanguage":"en-US","@id":"https:\/\/kschmied.ch\/en\/transports\/road-transport\/transports-to-germany\/#primaryimage","url":"https:\/\/kschmied.ch\/wp-content\/uploads\/2016\/03\/Depositphotos_39307789_m.jpg","contentUrl":"https:\/\/kschmied.ch\/wp-content\/uploads\/2016\/03\/Depositphotos_39307789_m.jpg","width":1732,"height":1155},{"@type":"BreadcrumbList","@id":"https:\/\/kschmied.ch\/en\/transports\/road-transport\/transports-to-germany\/#breadcrumb","itemListElement":[{"@type":"ListItem","position":1,"name":"Accueil","item":"https:\/\/kschmied.ch\/en\/"},{"@type":"ListItem","position":2,"name":"Transports","item":"https:\/\/kschmied.ch\/en\/transports\/"},{"@type":"ListItem","position":3,"name":"Road transport","item":"https:\/\/kschmied.ch\/en\/transports\/road-transport\/"},{"@type":"ListItem","position":4,"name":"Transports to Germany"}]},{"@type":"WebSite","@id":"https:\/\/kschmied.ch\/en\/#website","url":"https:\/\/kschmied.ch\/en\/","name":"K. SCHMIED AG","description":"Swiss container trading &amp; shipping since 1979","publisher":{"@id":"https:\/\/kschmied.ch\/en\/#organization"},"alternateName":"K. SCHMIED AG","potentialAction":[{"@type":"SearchAction","target":{"@type":"EntryPoint","urlTemplate":"https:\/\/kschmied.ch\/en\/?s={search_term_string}"},"query-input":{"@type":"PropertyValueSpecification","valueRequired":true,"valueName":"search_term_string"}}],"inLanguage":"en-US"},{"@type":"Organization","@id":"https:\/\/kschmied.ch\/en\/#organization","name":"K. SCHMIED AG","alternateName":"K. SCHMIED AG","url":"https:\/\/kschmied.ch\/en\/","logo":{"@type":"ImageObject","inLanguage":"en-US","@id":"https:\/\/kschmied.ch\/en\/#\/schema\/logo\/image\/","url":"https:\/\/kschmied.ch\/wp-content\/uploads\/2020\/07\/LOGO-gross.jpg","contentUrl":"https:\/\/kschmied.ch\/wp-content\/uploads\/2020\/07\/LOGO-gross.jpg","width":770,"height":240,"caption":"K. SCHMIED AG"},"image":{"@id":"https:\/\/kschmied.ch\/en\/#\/schema\/logo\/image\/"},"sameAs":["https:\/\/ch.linkedin.com\/company\/k-schmied-ag"],"description":"K. SCHMIED AG ist ein f\u00fchrendes Unternehmen im Bereich Containerverkauf und -vermietung in der Schweiz. Mit langj\u00e4hriger Erfahrung bieten wir unseren Kunden robuste, langlebige Seecontainer, Lagercontainer und Schnellbaucontainer in verschiedenen Gr\u00f6\u00dfen und Ausf\u00fchrungen. Unser Service umfasst auch Transportl\u00f6sungen, ma\u00dfgeschneiderte Containeranforderungen und weltweiten Versand. Qualit\u00e4t, Kundenzufriedenheit und Zuverl\u00e4ssigkeit stehen bei uns an erster Stelle.","email":"info@kschmied.ch","telephone":"041 811 30 03","legalName":"K. SCHMIED internat. Transporte & Handels AG","foundingDate":"1979-01-01","vatID":"CHE-107.962.018 MWST","taxID":"CHE-107.962.018 MWST","numberOfEmployees":{"@type":"QuantitativeValue","minValue":"1","maxValue":"10"}}]}},"_links":{"self":[{"href":"https:\/\/kschmied.ch\/en\/wp-json\/wp\/v2\/pages\/20021","targetHints":{"allow":["GET"]}}],"collection":[{"href":"https:\/\/kschmied.ch\/en\/wp-json\/wp\/v2\/pages"}],"about":[{"href":"https:\/\/kschmied.ch\/en\/wp-json\/wp\/v2\/types\/page"}],"author":[{"embeddable":true,"href":"https:\/\/kschmied.ch\/en\/wp-json\/wp\/v2\/users\/1"}],"replies":[{"embeddable":true,"href":"https:\/\/kschmied.ch\/en\/wp-json\/wp\/v2\/comments?post=20021"}],"version-history":[{"count":0,"href":"https:\/\/kschmied.ch\/en\/wp-json\/wp\/v2\/pages\/20021\/revisions"}],"up":[{"embeddable":true,"href":"https:\/\/kschmied.ch\/en\/wp-json\/wp\/v2\/pages\/20170"}],"wp:featuredmedia":[{"embeddable":true,"href":"https:\/\/kschmied.ch\/en\/wp-json\/wp\/v2\/media\/1928"}],"wp:attachment":[{"href":"https:\/\/kschmied.ch\/en\/wp-json\/wp\/v2\/media?parent=20021"}],"curies":[{"name":"wp","href":"https:\/\/api.w.org\/{rel}","templated":true}]}}